{"id":3955,"date":"2023-04-18T14:38:20","date_gmt":"2023-04-18T14:38:20","guid":{"rendered":"https:\/\/ave-eta-canada.com\/hvad-er-vildt-canada\/"},"modified":"2023-05-09T08:15:18","modified_gmt":"2023-05-09T08:15:18","slug":"hvad-er-eta-canada","status":"publish","type":"page","link":"https:\/\/ave-eta-canada.com\/da\/hvad-er-eta-canada\/","title":{"rendered":"Hvad er eTA Canada?"},"content":{"rendered":"\n<h1 class=\"wp-block-heading\">eTA Canada Autorisasjonsoversikt<\/h1>\n\n<p>eTA Canada er en elektronisk rejsetilladelse, der giver statsborgere fra visse lande mulighed for at rejse til Canada med fly uden at skulle ans\u00f8ge om visum p\u00e5 den canadiske ambassade. En eTA Canada er gyldig i fem \u00e5r og giver mulighed for flere turistrejser p\u00e5 op til seks m\u00e5neder i denne periode. Den skal ogs\u00e5 anvendes ved transit p\u00e5 canadisk territorium. <\/p>\n\n<p><strong>Du kan udfylde formaliteterne for indrejse i Canada<\/strong> direkte via internettet ved at klikke p\u00e5 <a href=\"https:\/\/ave-eta-canada.com\/da\/eta-canada-formular-online\/\">onlineformularen<\/a>. Det er ikke n\u00f8dvendigt at lave en aftale p\u00e5 den canadiske ambassade eller det canadiske konsulat.<\/p>\n\n<p>Det skal ogs\u00e5 bem\u00e6rkes, at Canada eTA er et dokument, der er knyttet til ans\u00f8gerens pas, og at det derfor ikke l\u00e6ngere er gyldigt, n\u00e5r passet er udl\u00f8bet. Hvis du f\u00e5r et nyt pas inden for de 5 \u00e5r, som eTA&#8217;en er gyldig, skal du ans\u00f8ge om en ny tilladelse.<\/p>\n\n<h2 class=\"wp-block-heading\">Hvem kan ans\u00f8ge om et eTA Canada?<\/h2>\n\n<p>Statsborgere fra lande, der er berettiget til visumfritagelse, og som \u00f8nsker at rejse til Canada med fly, kan <a href=\"https:\/\/ave-eta-canada.com\/da\/\">ans\u00f8ge om et eTA<\/a> Canada.<\/p>\n\n<h3 class=\"wp-block-heading\">Liste over lande, der kan ans\u00f8ge om en eTA Canada<\/h3>\n\n<figure class=\"wp-block-table\"><table><tbody><tr><td class=\"has-text-align-center\" data-align=\"center\">Tyskland<\/td><td class=\"has-text-align-center\" data-align=\"center\">Spanien<\/td><td class=\"has-text-align-center\" data-align=\"center\">Island<\/td><td class=\"has-text-align-center\" data-align=\"center\">Polen<\/td><td class=\"has-text-align-center\" data-align=\"center\">Vatikanet<\/td><\/tr><tr><td class=\"has-text-align-center\" data-align=\"center\">Andorra<\/td><td class=\"has-text-align-center\" data-align=\"center\">Estland<\/td><td class=\"has-text-align-center\" data-align=\"center\">Italien<\/td><td class=\"has-text-align-center\" data-align=\"center\">Portugal<\/td><td class=\"has-text-align-center\" data-align=\"center\"><strong>Siden 2023 :<\/strong><\/td><\/tr><tr><td class=\"has-text-align-center\" data-align=\"center\">Anguilla<\/td><td class=\"has-text-align-center\" data-align=\"center\">Finland<\/td><td class=\"has-text-align-center\" data-align=\"center\">Japan<\/td><td class=\"has-text-align-center\" data-align=\"center\">Tjekkiet<\/td><td class=\"has-text-align-center\" data-align=\"center\"><strong>Antigua og Barbuda<\/strong><\/td><\/tr><tr><td class=\"has-text-align-center\" data-align=\"center\">Australien<\/td><td class=\"has-text-align-center\" data-align=\"center\">Frankrig<\/td><td class=\"has-text-align-center\" data-align=\"center\">Letland<\/td><td class=\"has-text-align-center\" data-align=\"center\">Republikken Korea<\/td><td class=\"has-text-align-center\" data-align=\"center\"><strong>Argentina<\/strong><\/td><\/tr><tr><td class=\"has-text-align-center\" data-align=\"center\">\u00d8strig<\/td><td class=\"has-text-align-center\" data-align=\"center\">Gibraltar<\/td><td class=\"has-text-align-center\" data-align=\"center\">Liechtenstein<\/td><td class=\"has-text-align-center\" data-align=\"center\">Rum\u00e6nien<\/td><td class=\"has-text-align-center\" data-align=\"center\"><strong>Costa Rica<\/strong><\/td><\/tr><tr><td class=\"has-text-align-center\" data-align=\"center\">bahamansk<\/td><td class=\"has-text-align-center\" data-align=\"center\">Gr\u00e6kenland<\/td><td class=\"has-text-align-center\" data-align=\"center\">Litauen<\/td><td class=\"has-text-align-center\" data-align=\"center\">Storbritannien<\/td><td class=\"has-text-align-center\" data-align=\"center\"><strong>Marokko<\/strong><\/td><\/tr><tr><td class=\"has-text-align-center\" data-align=\"center\">Barbados<\/td><td class=\"has-text-align-center\" data-align=\"center\">hong kong<\/td><td class=\"has-text-align-center\" data-align=\"center\">Luxembourg<\/td><td class=\"has-text-align-center\" data-align=\"center\">Sainte-H\u00e9l\u00e8ne<\/td><td class=\"has-text-align-center\" data-align=\"center\"><strong>Panama<\/strong><\/td><\/tr><tr><td class=\"has-text-align-center\" data-align=\"center\">Belgien<\/td><td class=\"has-text-align-center\" data-align=\"center\">Ungarn<\/td><td class=\"has-text-align-center\" data-align=\"center\">Malta<\/td><td class=\"has-text-align-center\" data-align=\"center\">San Marino<\/td><td class=\"has-text-align-center\" data-align=\"center\"><strong>Filippinerne<\/strong><\/td><\/tr><tr><td class=\"has-text-align-center\" data-align=\"center\">Bermuda<\/td><td class=\"has-text-align-center\" data-align=\"center\">Cayman\u00f8erne<\/td><td class=\"has-text-align-center\" data-align=\"center\">Mexico<\/td><td class=\"has-text-align-center\" data-align=\"center\">Samoa<\/td><td class=\"has-text-align-center\" data-align=\"center\"><strong>Saint Kitts og Nevis<\/strong><\/td><\/tr><tr><td class=\"has-text-align-center\" data-align=\"center\">Brunei<\/td><td class=\"has-text-align-center\" data-align=\"center\">Falklands\u00f8erne<\/td><td class=\"has-text-align-center\" data-align=\"center\">Monaco<\/td><td class=\"has-text-align-center\" data-align=\"center\">Singapore<\/td><td class=\"has-text-align-center\" data-align=\"center\"><strong>St. LUCIA<\/strong><\/td><\/tr><tr><td class=\"has-text-align-center\" data-align=\"center\">Bulgarien<\/td><td class=\"has-text-align-center\" data-align=\"center\">Pitcairn-\u00f8erne<\/td><td class=\"has-text-align-center\" data-align=\"center\">Montserrat<\/td><td class=\"has-text-align-center\" data-align=\"center\">Slovakiet<\/td><td class=\"has-text-align-center\" data-align=\"center\"><strong>Saint Vincent og Grenadinerne<\/strong><\/td><\/tr><tr><td class=\"has-text-align-center\" data-align=\"center\">Chile<\/td><td class=\"has-text-align-center\" data-align=\"center\">Salomon\u00f8erne<\/td><td class=\"has-text-align-center\" data-align=\"center\">Norge<\/td><td class=\"has-text-align-center\" data-align=\"center\">Slovenien<\/td><td class=\"has-text-align-center\" data-align=\"center\"><strong>Seychellerne<\/strong><\/td><\/tr><tr><td class=\"has-text-align-center\" data-align=\"center\">Cypern<\/td><td class=\"has-text-align-center\" data-align=\"center\">Turks- og Caicos\u00f8erne<\/td><td class=\"has-text-align-center\" data-align=\"center\">New Zealand<\/td><td class=\"has-text-align-center\" data-align=\"center\">Sverige<\/td><td class=\"has-text-align-center\" data-align=\"center\"><strong>Thailand<\/strong><\/td><\/tr><tr><td class=\"has-text-align-center\" data-align=\"center\">Kroatien<\/td><td class=\"has-text-align-center\" data-align=\"center\">Britiske Jomfru\u00f8er<\/td><td class=\"has-text-align-center\" data-align=\"center\">Papua Ny Guinea<\/td><td class=\"has-text-align-center\" data-align=\"center\">schweizisk<\/td><td class=\"has-text-align-center\" data-align=\"center\"><strong>Trinidad og Tobago<\/strong><\/td><\/tr><tr><td class=\"has-text-align-center\" data-align=\"center\">Danmark<\/td><td class=\"has-text-align-center\" data-align=\"center\">Irland<\/td><td class=\"has-text-align-center\" data-align=\"center\">Nederlandene<\/td><td class=\"has-text-align-center\" data-align=\"center\">Taiwan<\/td><td class=\"has-text-align-center\" data-align=\"center\"><strong>Uruguay<\/strong><\/td><\/tr><\/tbody><\/table><figcaption class=\"wp-element-caption\">Liste over lande, der er omfattet af det canadiske visumfritagelsesprogram<\/figcaption><\/figure>\n\n<p><strong>*under visse betingelser<\/strong><\/p>\n\n<p>Borgere fra disse lande kan ans\u00f8ge om en eTA for deres turistophold p\u00e5 op til 6 m\u00e5neder. I alle andre tilf\u00e6lde er det n\u00f8dvendigt at <a href=\"https:\/\/www.canada.ca\/en\/immigration-refugees-citizenship\/services\/visit-canada\/apply-visitor-visa.html\">ans\u00f8ge om et canadisk visum<\/a> (f.eks. for at arbejde, studere eller tage et praktikophold i Canada).<\/p>\n\n<h2 class=\"wp-block-heading\">Hvor kan man s\u00f8ge om en eTA i Canada?<\/h2>\n\n<p>For at ans\u00f8ge om en EVP Canada skal du blot bes\u00f8ge den canadiske regerings officielle websted eller bruge et uafh\u00e6ngigt websted, som f.eks. vores partner, der vil lave ans\u00f8gningen for dig. Ans\u00f8gningen om et eTA kan kun foretages online. Du beh\u00f8ver ikke at g\u00e5 til den canadiske ambassade for at f\u00e5 den.<\/p>\n\n<p>P\u00e5 det officielle statslige websted skal du udfylde forskellige oplysninger om dig selv, f.eks. dit fulde navn, nationalitet, f\u00f8dested, kontaktoplysninger osv. Der vil ogs\u00e5 blive anmodet om oplysninger om dit pas: pasnummer, udstedelsesdato og udstedelsesland, udl\u00f8bsdato osv.<\/p>\n\n<p>Du skal ogs\u00e5 besvare en r\u00e6kke sp\u00f8rgsm\u00e5l om din baggrund, f.eks. om du tidligere har f\u00e5et afslag p\u00e5 visum eller arbejdstilladelse fra den canadiske regering, om du har f\u00e5et ordre til at forlade landet, om du har f\u00e5et konstateret tuberkulose, eller om du lider af alkoholisme.<\/p>\n\n<p>Bem\u00e6rk: Hvis du har <a href=\"https:\/\/ave-eta-canada.com\/da\/hvis-du-mister-dit-eta-canada-nummer\/\">mistet din eTA<\/a> Canada, kan du hente den p\u00e5 den canadiske regerings officielle websted. Du kan finde flere oplysninger i artiklen om dette emne. <\/p>\n\n<p>P\u00e5 et privat websted er ans\u00f8gningsskemaet forenklet og kontrolleres af et team af fagfolk inden validering. Du kan v\u00e6re sikker p\u00e5, at den eTA, du modtager, er lige s\u00e5 officiel som en tilladelse, der anmodes om p\u00e5 det officielle websted. Forskellen er blot, at du f\u00e5r tilbudt hj\u00e6lp til at komme igennem processen og mindske risikoen for at blive afvist. De fleste afslag p\u00e5 rejsetilladelse skyldes nemlig en skrivefejl, en sl\u00e5fejl eller en fejl i pasnummeret.<\/p>\n","protected":false},"excerpt":{"rendered":"<p>eTA Canada Autorisasjonsoversikt eTA Canada er en elektronisk rejsetilladelse, der giver statsborgere fra visse lande mulighed for at rejse til Canada med fly uden at skulle ans\u00f8ge om visum p\u00e5 den canadiske ambassade. En eTA Canada er gyldig i fem \u00e5r og giver mulighed for flere turistrejser p\u00e5 op til seks m\u00e5neder i denne periode. [&hellip;]<\/p>\n","protected":false},"author":1,"featured_media":0,"parent":0,"menu_order":0,"comment_status":"closed","ping_status":"closed","template":"","meta":{"footnotes":""},"class_list":["post-3955","page","type-page","status-publish","hentry"],"yoast_head":"<!-- This site is optimized with the Yoast SEO plugin v26.9 - https:\/\/yoast.com\/product\/yoast-seo-wordpress\/ -->\n<title>Hvad er eTA Canada?<\/title>\n<meta name=\"description\" content=\"eTA Canada er en elektronisk rejsetilladelse, der giver visse rejsende mulighed for at bes\u00f8ge Canada uden visum. L\u00e6s vores artikel.\" \/>\n<meta name=\"robots\" content=\"index, follow, max-snippet:-1, max-image-preview:large, max-video-preview:-1\" \/>\n<link rel=\"canonical\" href=\"https:\/\/ave-eta-canada.com\/da\/hvad-er-eta-canada\/\" \/>\n<meta property=\"og:locale\" content=\"da_DK\" \/>\n<meta property=\"og:type\" content=\"article\" \/>\n<meta property=\"og:title\" content=\"Hvad er eTA Canada?\" \/>\n<meta property=\"og:description\" content=\"eTA Canada er en elektronisk rejsetilladelse, der giver visse rejsende mulighed for at bes\u00f8ge Canada uden visum. L\u00e6s vores artikel.\" \/>\n<meta property=\"og:url\" content=\"https:\/\/ave-eta-canada.com\/da\/hvad-er-eta-canada\/\" \/>\n<meta property=\"og:site_name\" content=\"VISA CANADA\" \/>\n<meta property=\"article:modified_time\" content=\"2023-05-09T08:15:18+00:00\" \/>\n<meta name=\"twitter:card\" content=\"summary_large_image\" \/>\n<meta name=\"twitter:label1\" content=\"Estimeret l\u00e6setid\" \/>\n\t<meta name=\"twitter:data1\" content=\"3 minutter\" \/>\n<script type=\"application\/ld+json\" class=\"yoast-schema-graph\">{\"@context\":\"https:\/\/schema.org\",\"@graph\":[{\"@type\":\"WebPage\",\"@id\":\"https:\/\/ave-eta-canada.com\/da\/hvad-er-eta-canada\/\",\"url\":\"https:\/\/ave-eta-canada.com\/da\/hvad-er-eta-canada\/\",\"name\":\"Hvad er eTA Canada?\",\"isPartOf\":{\"@id\":\"https:\/\/ave-eta-canada.com\/da\/#website\"},\"datePublished\":\"2023-04-18T14:38:20+00:00\",\"dateModified\":\"2023-05-09T08:15:18+00:00\",\"description\":\"eTA Canada er en elektronisk rejsetilladelse, der giver visse rejsende mulighed for at bes\u00f8ge Canada uden visum. L\u00e6s vores artikel.\",\"breadcrumb\":{\"@id\":\"https:\/\/ave-eta-canada.com\/da\/hvad-er-eta-canada\/#breadcrumb\"},\"inLanguage\":\"da-DK\",\"potentialAction\":[{\"@type\":\"ReadAction\",\"target\":[\"https:\/\/ave-eta-canada.com\/da\/hvad-er-eta-canada\/\"]}]},{\"@type\":\"BreadcrumbList\",\"@id\":\"https:\/\/ave-eta-canada.com\/da\/hvad-er-eta-canada\/#breadcrumb\",\"itemListElement\":[{\"@type\":\"ListItem\",\"position\":1,\"name\":\"Home\",\"item\":\"https:\/\/ave-eta-canada.com\/da\/\"},{\"@type\":\"ListItem\",\"position\":2,\"name\":\"Hvad er eTA Canada?\"}]},{\"@type\":\"WebSite\",\"@id\":\"https:\/\/ave-eta-canada.com\/da\/#website\",\"url\":\"https:\/\/ave-eta-canada.com\/da\/\",\"name\":\"VISA CANADA\",\"description\":\"Autorisation Voyage Electronique\",\"potentialAction\":[{\"@type\":\"SearchAction\",\"target\":{\"@type\":\"EntryPoint\",\"urlTemplate\":\"https:\/\/ave-eta-canada.com\/da\/?s={search_term_string}\"},\"query-input\":{\"@type\":\"PropertyValueSpecification\",\"valueRequired\":true,\"valueName\":\"search_term_string\"}}],\"inLanguage\":\"da-DK\"}]}<\/script>\n<!-- \/ Yoast SEO plugin. -->","yoast_head_json":{"title":"Hvad er eTA Canada?","description":"eTA Canada er en elektronisk rejsetilladelse, der giver visse rejsende mulighed for at bes\u00f8ge Canada uden visum. L\u00e6s vores artikel.","robots":{"index":"index","follow":"follow","max-snippet":"max-snippet:-1","max-image-preview":"max-image-preview:large","max-video-preview":"max-video-preview:-1"},"canonical":"https:\/\/ave-eta-canada.com\/da\/hvad-er-eta-canada\/","og_locale":"da_DK","og_type":"article","og_title":"Hvad er eTA Canada?","og_description":"eTA Canada er en elektronisk rejsetilladelse, der giver visse rejsende mulighed for at bes\u00f8ge Canada uden visum. L\u00e6s vores artikel.","og_url":"https:\/\/ave-eta-canada.com\/da\/hvad-er-eta-canada\/","og_site_name":"VISA CANADA","article_modified_time":"2023-05-09T08:15:18+00:00","twitter_card":"summary_large_image","twitter_misc":{"Estimeret l\u00e6setid":"3 minutter"},"schema":{"@context":"https:\/\/schema.org","@graph":[{"@type":"WebPage","@id":"https:\/\/ave-eta-canada.com\/da\/hvad-er-eta-canada\/","url":"https:\/\/ave-eta-canada.com\/da\/hvad-er-eta-canada\/","name":"Hvad er eTA Canada?","isPartOf":{"@id":"https:\/\/ave-eta-canada.com\/da\/#website"},"datePublished":"2023-04-18T14:38:20+00:00","dateModified":"2023-05-09T08:15:18+00:00","description":"eTA Canada er en elektronisk rejsetilladelse, der giver visse rejsende mulighed for at bes\u00f8ge Canada uden visum. L\u00e6s vores artikel.","breadcrumb":{"@id":"https:\/\/ave-eta-canada.com\/da\/hvad-er-eta-canada\/#breadcrumb"},"inLanguage":"da-DK","potentialAction":[{"@type":"ReadAction","target":["https:\/\/ave-eta-canada.com\/da\/hvad-er-eta-canada\/"]}]},{"@type":"BreadcrumbList","@id":"https:\/\/ave-eta-canada.com\/da\/hvad-er-eta-canada\/#breadcrumb","itemListElement":[{"@type":"ListItem","position":1,"name":"Home","item":"https:\/\/ave-eta-canada.com\/da\/"},{"@type":"ListItem","position":2,"name":"Hvad er eTA Canada?"}]},{"@type":"WebSite","@id":"https:\/\/ave-eta-canada.com\/da\/#website","url":"https:\/\/ave-eta-canada.com\/da\/","name":"VISA CANADA","description":"Autorisation Voyage Electronique","potentialAction":[{"@type":"SearchAction","target":{"@type":"EntryPoint","urlTemplate":"https:\/\/ave-eta-canada.com\/da\/?s={search_term_string}"},"query-input":{"@type":"PropertyValueSpecification","valueRequired":true,"valueName":"search_term_string"}}],"inLanguage":"da-DK"}]}},"_links":{"self":[{"href":"https:\/\/ave-eta-canada.com\/da\/wp-json\/wp\/v2\/pages\/3955","targetHints":{"allow":["GET"]}}],"collection":[{"href":"https:\/\/ave-eta-canada.com\/da\/wp-json\/wp\/v2\/pages"}],"about":[{"href":"https:\/\/ave-eta-canada.com\/da\/wp-json\/wp\/v2\/types\/page"}],"author":[{"embeddable":true,"href":"https:\/\/ave-eta-canada.com\/da\/wp-json\/wp\/v2\/users\/1"}],"replies":[{"embeddable":true,"href":"https:\/\/ave-eta-canada.com\/da\/wp-json\/wp\/v2\/comments?post=3955"}],"version-history":[{"count":0,"href":"https:\/\/ave-eta-canada.com\/da\/wp-json\/wp\/v2\/pages\/3955\/revisions"}],"wp:attachment":[{"href":"https:\/\/ave-eta-canada.com\/da\/wp-json\/wp\/v2\/media?parent=3955"}],"curies":[{"name":"wp","href":"https:\/\/api.w.org\/{rel}","templated":true}]}}