{"id":3966,"date":"2023-04-18T14:38:22","date_gmt":"2023-04-18T14:38:22","guid":{"rendered":"https:\/\/ave-eta-canada.com\/paa\/"},"modified":"2025-06-06T08:59:57","modified_gmt":"2025-06-06T08:59:57","slug":"da","status":"publish","type":"page","link":"https:\/\/ave-eta-canada.com\/da\/","title":{"rendered":"CANADA: Elektronisk rejsetilladelse"},"content":{"rendered":"\n<h1 class=\"wp-block-heading\">Indrejseformaliteter i Canada<\/h1>\n\n<p>Electronic Travel Authorization Canada (eTA Canada) er et automatiseret system til godkendelse af rejser til Canada. Denne elektroniske enhed blev introduceret i september 2016. Der er et gebyr for denne obligatoriske attest, som skal indhentes inden dit ophold i Canada. Det giver dig mulighed for at rejse ind i Canada uden at ans\u00f8ge om et canadisk visum. Ans\u00f8gningen om en AVE skal foretages online, og f\u00f8r boardingkortet til Canada udstedes.<\/p>\n\n<p><strong>For et ophold p\u00e5 under 6 m\u00e5neder i Canada<\/strong>: Du kan udfylde formaliteterne for indrejse i Canada direkte via internettet ved at klikke p\u00e5 <a href=\"https:\/\/ave-eta-canada.com\/da\/eta-canada-formular-online\/\">onlineformularen<\/a>. Det er ikke n\u00f8dvendigt at lave en aftale p\u00e5 den canadiske ambassade eller det canadiske konsulat.<\/p>\n\n<div style=\"height:30px\" aria-hidden=\"true\" class=\"wp-block-spacer\"><\/div>\n\n<h2 class=\"wp-block-heading\">Hvad er form\u00e5let med eTA Canada?<\/h2>\n\n<p>Dette elektroniske dokument forud for rejsen forbedrer den indenlandske sikkerhed ved flyvninger og forsendelser til Canada. Som en del af din <a href=\"https:\/\/ave-eta-canada.com\/da\/hvad-er-eta-canada\/\">ETA-ans\u00f8gning til Canada<\/a> kan systemet tjekke, at du opfylder kriterierne for at blive accepteret p\u00e5 canadisk jord, f\u00f8r du overhovedet ankommer, ved at angive dine oplysninger f\u00f8r flyrejsen. Tidligere blev denne kontrol udf\u00f8rt direkte p\u00e5 gr\u00e6nsekontrolstedet.<\/p>\n\n<p>Det er et sp\u00f8rgeskema, der skal udfyldes p\u00e5 internettet, og hvis svar er afg\u00f8rende for, om du bliver optaget i eTA eller ej. Sp\u00f8rgsm\u00e5lene er enkle og til tider overraskende; de har til form\u00e5l at forsikre de canadiske myndigheder om, at du ikke er tilknyttet en terrororganisation, at du ikke er kriminel osv. Dette sp\u00f8rgeskema erstatter det gr\u00f8nne ark, som du fik udleveret p\u00e5 tidspunktet for flyvningen.<\/p>\n\n<h2 class=\"wp-block-heading\">eTA lettere at opn\u00e5 end visum<\/h2>\n\n<p><a href=\"https:\/\/ave-eta-canada.com\/da\/praesentation-af-eta-canada\/\">eTA er nyttig<\/a> til specifikke rejser: turisme, transit eller en forretningsrejse. N\u00e5r du rejser til Canada af en af disse grunde, og rejsen er begr\u00e6nset til h\u00f8jst 6 m\u00e5neder, kan du benytte dig af et enklere system end det <a href=\"https:\/\/usa-esta.net\/da\/turist-visum-canada\/\">canadiske turistvisum<\/a> takket v\u00e6re eTA. Ikke alene kr\u00e6ver processen med rejsetilladelse kun et par klik p\u00e5 internettet, men du skal heller ikke betale flere hundrede dollars, som det normalt er tilf\u00e6ldet med et visum til Canada. eTA er l\u00f8sningen til at rejse nemt og billigt til Canada.<\/p>\n\n<p>Nedenfor er en illustration af et canadisk indrejsevisum.<\/p>\n\n<figure class=\"wp-block-image size-large\"><img decoding=\"async\" src=\"https:\/\/ave-eta-canada.com\/wp-content\/uploads\/2020\/04\/visa-canada-1-1024x734.png\" alt=\"\" class=\"wp-image-832\"\/><figcaption class=\"wp-element-caption\">Foto visum Canada<\/figcaption><\/figure>\n\n<h2 class=\"wp-block-heading\">Hvordan f\u00e5r man adgang til ans\u00f8gningsskemaet?<\/h2>\n\n<p>Det er nemt at f\u00e5 adgang til formularen. Du udfylder din <a href=\"https:\/\/ave-eta-canada.com\/da\/foretag-en-officiel-canada-eta-anmodning\/\">eTA-ans\u00f8gning<\/a> direkte p\u00e5 internettet, og den bliver behandlet automatisk. Svaret (accept eller afslag) kommer n\u00e6sten omg\u00e5ende, men det anbefales at ans\u00f8ge s\u00e5 snart din rejse er planlagt.<\/p>\n\n<p>Tilmeldingssiden er p\u00e5 dansk, og du vil f\u00e5 st\u00f8tte og hj\u00e6lp hele tiden. Desuden vil dine kontaktoplysninger og kvittering blive gemt p\u00e5 webstedet, hvilket kan v\u00e6re nyttigt i tilf\u00e6lde af tab.<\/p>\n\n<h2 class=\"wp-block-heading\">eTA-tilladelsen i korte tr\u00e6k<\/h2>\n\n<p>eTA er ikke et h\u00e5ndgribeligt dokument som f.eks. et pas. Svaret kan du finde p\u00e5 internettet via den konto, du har oprettet, da du s\u00f8gte om en eTA. N\u00e5r du indsender onlineformularen, behandler edb-systemerne dine oplysninger og svarene p\u00e5 sp\u00f8rgsm\u00e5lene for at afg\u00f8re, om din fil opfylder betingelserne for godkendelse. Derfor b\u00f8r du v\u00e6re p\u00e5 udkig og tage initiativ til selv at bes\u00f8ge hjemmesiden for at se resultatet af din foresp\u00f8rgsel. Hvis du f\u00e5r en bekr\u00e6ftelse p\u00e5 din rejse til Canada via en eTA, er der intet til hinder for, at du udskriver meddelelsen, men det er ikke obligatorisk. De canadiske myndigheder vil kunne se din fil direkte p\u00e5 deres computerv\u00e6rkt\u00f8jer.<\/p>\n\n<h2 class=\"wp-block-heading\">Er der nogen fordele for rejsende?<\/h2>\n\n<p>Ja, det er ogs\u00e5 en fordel for de rejsende, for n\u00e5r de rejser med en <a href=\"https:\/\/ave-eta-canada.com\/da\/visum-eller-eta-canada\/\">eTA, beh\u00f8ver de ikke at ans\u00f8ge om visum<\/a>. Visse betingelser skal dog v\u00e6re opfyldt. Du skal nemlig v\u00e6re fra et af de lande, der har underskrevet visumfritagelsesaftalen (hvoraf Europa er et af disse lande). Du m\u00e5 h\u00f8jst opholde dig i 6 m\u00e5neder i Canada, og form\u00e5let med rejsen er begr\u00e6nset: transit, turist- eller forretningsophold. Som mange andre lande kr\u00e6ver Canada desuden, at bes\u00f8gende skal have et gyldigt elektronisk eller biometrisk pas. Hvis du opfylder alle disse krav, b\u00f8r din rejse til Canada g\u00e5 gnidningsl\u00f8st med eTA&#8217;en. Prisen p\u00e5 eTA&#8217;en og den forenklede onlineproces er en reel fordel for rejsende, der \u00f8nsker at rejse ind i Canada.<\/p>\n\n<h2 class=\"wp-block-heading\">Hvor l\u00e6nge er denne ans\u00f8gning gyldig?<\/h2>\n\n<p>N\u00e5r du har ans\u00f8gt, <a href=\"https:\/\/ave-eta-canada.com\/da\/eta-canada-gyldighedsperiode\/\">kan din opholdstilladelse bruges i fem \u00e5r<\/a>, eller indtil dit pas udl\u00f8ber. Dit ophold i Canada m\u00e5 dog ikke overstige 6 m\u00e5neder. Du kan komme og g\u00e5 til Canada flere gange, indtil de 6 m\u00e5neder udl\u00f8ber.<\/p>\n\n<h2 class=\"wp-block-heading\">Er der en risiko for at blive afvist ved en eTA?<\/h2>\n\n<p>Du kan v\u00e6re sikker p\u00e5, at n\u00e6sten alle anmodninger bliver besvaret positivt. Afvisninger af eTA-rejsetilladelser skyldes fejl i indtastningen af data og naturligvis manglende overholdelse af betingelserne for tilladelsen (overskridelse af opholdstiden, udl\u00f8bet pas osv.). Hvis du opfylder programmets f\u00e5 krav, vil dit ophold i Canada utvivlsomt v\u00e6re muligt via en eTA. Tag dig tid til at tjekke dine data, inden du sender formularen, da der let kan snige sig en tastefejl ind. Hvis du f\u00e5r afslag, skal du vente 10 dage, f\u00f8r du kan indsende en ny ans\u00f8gning.<\/p>\n\n<h2 class=\"wp-block-heading\">S\u00e5dan f\u00e5r du et turistvisum til Canada<\/h2>\n\n<p>Ans\u00f8gningen om et canadisk turistvisum indgives til det canadiske konsulat i dit hjemland. Processen for at f\u00e5 et turistvisum til Canada omfatter flere trin. I mods\u00e6tning til den <a href=\"https:\/\/usa-esta.net\/da\/visum-til-usa\/\">amerikanske visumproces<\/a> kan man f\u00e5 et canadisk visum uden et fysisk interview p\u00e5 den canadiske ambassade. De vigtigste trin i det canadiske turistvisum er som f\u00f8lger:<\/p>\n\n<ol class=\"wp-block-list\">\n<li>F\u00f8rst og fremmest skal du kontrollere, at du er berettiget til et canadisk turistvisum;<\/li>\n\n\n\n<li>Derefter skal du oprette en bes\u00f8gsadgang p\u00e5 den canadiske administrative internetportal: <a href=\"https:\/\/www.canada.ca\/en\/immigration-refugees-citizenship\/services\/visit-canada\/visitor-visa-application-start.html\">IRCC<\/a>;<\/li>\n\n\n\n<li>N\u00e5r du er logget ind, skal du udfylde alle de n\u00f8dvendige dokumenter til det canadiske turistvisum;<\/li>\n\n\n\n<li>N\u00e5r du er f\u00e6rdig, kan du validere din ans\u00f8gning om et canadisk visum;<\/li>\n\n\n\n<li>Du skal ogs\u00e5 vedl\u00e6gge alle de dokumenter, som de canadiske myndigheder kr\u00e6ver for at f\u00e6rdigg\u00f8re din ans\u00f8gning om et turistvisum;<\/li>\n\n\n\n<li>N\u00e5r du har indsendt ans\u00f8gningsdokumenterne, skal du vente p\u00e5, at afdelingen for behandling af turistvisum vender tilbage. Visumafdelingen kan kontakte dig for at f\u00e5 yderligere oplysninger.<\/li>\n\n\n\n<li>N\u00e5r din ans\u00f8gning er blevet godkendt, skal du sende dit pas til den officielle canadiske visumtjeneste for at f\u00e5 det stemplet.<\/li>\n<\/ol>\n\n<div style=\"height:20px\" aria-hidden=\"true\" class=\"wp-block-spacer\"><\/div>\n\n<h2 class=\"wp-block-heading\">Kan jeg forl\u00e6nge mit ophold med en eTA Canada-tilladelse?<\/h2>\n\n<p>Selvom en eTA Canada giver tilladelse til et f\u00f8rste ophold p\u00e5 op til 6 m\u00e5neder p\u00e5 canadisk jord, er det nogle gange muligt at f\u00e5 en forl\u00e6ngelse. For at g\u00f8re dette skal du indsende en specifik ans\u00f8gning til de canadiske myndigheder, f\u00f8r dit f\u00f8rste ophold udl\u00f8ber. Denne proces udf\u00f8res direkte online p\u00e5 <a href=\"https:\/\/www.canada.ca\/en\/immigration-refugees-citizenship\/services\/application\/account.html\">IRCC-portalen<\/a> og kr\u00e6ver, at du angiver gyldige grunde og beviser for at retf\u00e6rdigg\u00f8re din anmodning (familiem\u00e6ssige, professionelle, medicinske grunde osv.). Det er derfor vigtigt at planl\u00e6gge denne proces i god tid.   <\/p>\n\n<h2 class=\"wp-block-heading\">Hvad skal du g\u00f8re, hvis dit pas udl\u00f8ber, f\u00f8r du har tilladelse til at rejse?<\/h2>\n\n<p>Hvis dit pas udl\u00f8ber inden udl\u00f8bet af gyldighedsperioden for din rejsetilladelse (5 \u00e5r), skal du ans\u00f8ge om en ny tilladelse online, s\u00e5 snart du modtager dit nye pas. Det skyldes, at den elektroniske tilladelse er direkte knyttet til det pasnummer, der blev brugt til den oprindelige ans\u00f8gning. Enhver \u00e6ndring eller udskiftning af pas kr\u00e6ver derfor en ny tilladelse for at undg\u00e5 boardingafvisning eller gr\u00e6nseproblemer.  <\/p>\n\n<h2 class=\"wp-block-heading\">ETA Canada for mindre\u00e5rige<\/h2>\n\n<p>Hvis du rejser med mindre\u00e5rige b\u00f8rn, er det vigtigt at vide, at hvert barn skal have sin egen rejsetilladelse. Der skal udfyldes en individuel tilladelse online for hvert barn, ogs\u00e5 selvom de er ledsaget af begge for\u00e6ldre eller v\u00e6rger. Desuden anbefaler de canadiske myndigheder kraftigt, at voksne, der rejser alene med et mindre\u00e5rigt barn, har et brev med for\u00e6ldretilladelse underskrevet af den anden for\u00e6lder eller den frav\u00e6rende v\u00e6rge for at undg\u00e5 eventuelle blokeringer ved gr\u00e6nseovergangene.  <\/p>\n\n<h2 class=\"wp-block-heading\">Glem ikke formaliteterne for at rejse til Storbritannien<\/h2>\n\n<p>Hvis du ogs\u00e5 planl\u00e6gger at <a href=\"https:\/\/uk-gb.net\/en\/\">bes\u00f8ge Storbritannien,<\/a> b\u00f8r du vide, at landet for nylig har indf\u00f8rt sit eget elektroniske rejsetilladelsessystem. Ligesom den canadiske elektroniske rejsetilladelse er den britiske ETA en elektronisk tilladelse f\u00f8r rejsen. Det er blevet indf\u00f8rt for at forenkle <a href=\"https:\/\/uk-gb.net\/en\/visa-united-kingdom\/\">formaliteterne<\/a> ved indrejse i Storbritannien og for at styrke sikkerhedskontrollen. Dette certifikat vil v\u00e6re obligatorisk for visumfri bes\u00f8gende, der \u00f8nsker at opholde sig kortvarigt i Storbritannien. S\u00e5 husk at udfylde dine britiske formaliteter online, f\u00f8r du rejser, s\u00e5 du undg\u00e5r ubehagelige overraskelser, n\u00e5r du ankommer til Storbritannien.    <\/p>\n","protected":false},"excerpt":{"rendered":"<p>Indrejseformaliteter i Canada Electronic Travel Authorization Canada (eTA Canada) er et automatiseret system til godkendelse af rejser til Canada. Denne elektroniske enhed blev introduceret i september 2016. Der er et gebyr for denne obligatoriske attest, som skal indhentes inden dit ophold i Canada. Det giver dig mulighed for at rejse ind i Canada uden at [&hellip;]<\/p>\n","protected":false},"author":1,"featured_media":0,"parent":0,"menu_order":0,"comment_status":"closed","ping_status":"closed","template":"","meta":{"footnotes":""},"class_list":["post-3966","page","type-page","status-publish","hentry"],"yoast_head":"<!-- This site is optimized with the Yoast SEO plugin v26.9 - https:\/\/yoast.com\/product\/yoast-seo-wordpress\/ -->\n<title>CANADA: Elektronisk rejsetilladelse<\/title>\n<meta name=\"description\" content=\"Alle oplysninger om eTA Canada, det elektroniske certifikat for indrejse i Canada\" \/>\n<meta name=\"robots\" content=\"index, follow, max-snippet:-1, max-image-preview:large, max-video-preview:-1\" \/>\n<link rel=\"canonical\" href=\"https:\/\/ave-eta-canada.com\/da\/\" \/>\n<meta property=\"og:locale\" content=\"da_DK\" \/>\n<meta property=\"og:type\" content=\"article\" \/>\n<meta property=\"og:title\" content=\"CANADA: Elektronisk rejsetilladelse\" \/>\n<meta property=\"og:description\" content=\"Alle oplysninger om eTA Canada, det elektroniske certifikat for indrejse i Canada\" \/>\n<meta property=\"og:url\" content=\"https:\/\/ave-eta-canada.com\/da\/\" \/>\n<meta property=\"og:site_name\" content=\"VISA CANADA\" \/>\n<meta property=\"article:modified_time\" content=\"2025-06-06T08:59:57+00:00\" \/>\n<meta property=\"og:image\" content=\"https:\/\/ave-eta-canada.com\/wp-content\/uploads\/2020\/04\/visa-canada-1.webp\" \/>\n\t<meta property=\"og:image:width\" content=\"1920\" \/>\n\t<meta property=\"og:image:height\" content=\"1376\" \/>\n\t<meta property=\"og:image:type\" content=\"image\/webp\" \/>\n<meta name=\"twitter:card\" content=\"summary_large_image\" \/>\n<meta name=\"twitter:label1\" content=\"Estimeret l\u00e6setid\" \/>\n\t<meta name=\"twitter:data1\" content=\"7 minutter\" \/>\n<script type=\"application\/ld+json\" class=\"yoast-schema-graph\">{\"@context\":\"https:\/\/schema.org\",\"@graph\":[{\"@type\":\"WebPage\",\"@id\":\"https:\/\/ave-eta-canada.com\/da\/\",\"url\":\"https:\/\/ave-eta-canada.com\/da\/\",\"name\":\"CANADA: Elektronisk rejsetilladelse\",\"isPartOf\":{\"@id\":\"https:\/\/ave-eta-canada.com\/da\/#website\"},\"primaryImageOfPage\":{\"@id\":\"https:\/\/ave-eta-canada.com\/da\/#primaryimage\"},\"image\":{\"@id\":\"https:\/\/ave-eta-canada.com\/da\/#primaryimage\"},\"thumbnailUrl\":\"https:\/\/ave-eta-canada.com\/wp-content\/uploads\/2020\/04\/visa-canada-1-1024x734.png\",\"datePublished\":\"2023-04-18T14:38:22+00:00\",\"dateModified\":\"2025-06-06T08:59:57+00:00\",\"description\":\"Alle oplysninger om eTA Canada, det elektroniske certifikat for indrejse i Canada\",\"breadcrumb\":{\"@id\":\"https:\/\/ave-eta-canada.com\/da\/#breadcrumb\"},\"inLanguage\":\"da-DK\",\"potentialAction\":[{\"@type\":\"ReadAction\",\"target\":[\"https:\/\/ave-eta-canada.com\/da\/\"]}]},{\"@type\":\"ImageObject\",\"inLanguage\":\"da-DK\",\"@id\":\"https:\/\/ave-eta-canada.com\/da\/#primaryimage\",\"url\":\"https:\/\/ave-eta-canada.com\/wp-content\/uploads\/2020\/04\/visa-canada-1-1024x734.png\",\"contentUrl\":\"https:\/\/ave-eta-canada.com\/wp-content\/uploads\/2020\/04\/visa-canada-1-1024x734.png\"},{\"@type\":\"BreadcrumbList\",\"@id\":\"https:\/\/ave-eta-canada.com\/da\/#breadcrumb\",\"itemListElement\":[{\"@type\":\"ListItem\",\"position\":1,\"name\":\"Home\",\"item\":\"https:\/\/ave-eta-canada.com\/da\/\"},{\"@type\":\"ListItem\",\"position\":2,\"name\":\"CANADA: Elektronisk rejsetilladelse\"}]},{\"@type\":\"WebSite\",\"@id\":\"https:\/\/ave-eta-canada.com\/da\/#website\",\"url\":\"https:\/\/ave-eta-canada.com\/da\/\",\"name\":\"VISA CANADA\",\"description\":\"Autorisation Voyage Electronique\",\"potentialAction\":[{\"@type\":\"SearchAction\",\"target\":{\"@type\":\"EntryPoint\",\"urlTemplate\":\"https:\/\/ave-eta-canada.com\/da\/?s={search_term_string}\"},\"query-input\":{\"@type\":\"PropertyValueSpecification\",\"valueRequired\":true,\"valueName\":\"search_term_string\"}}],\"inLanguage\":\"da-DK\"}]}<\/script>\n<!-- \/ Yoast SEO plugin. -->","yoast_head_json":{"title":"CANADA: Elektronisk rejsetilladelse","description":"Alle oplysninger om eTA Canada, det elektroniske certifikat for indrejse i Canada","robots":{"index":"index","follow":"follow","max-snippet":"max-snippet:-1","max-image-preview":"max-image-preview:large","max-video-preview":"max-video-preview:-1"},"canonical":"https:\/\/ave-eta-canada.com\/da\/","og_locale":"da_DK","og_type":"article","og_title":"CANADA: Elektronisk rejsetilladelse","og_description":"Alle oplysninger om eTA Canada, det elektroniske certifikat for indrejse i Canada","og_url":"https:\/\/ave-eta-canada.com\/da\/","og_site_name":"VISA CANADA","article_modified_time":"2025-06-06T08:59:57+00:00","og_image":[{"width":1920,"height":1376,"url":"https:\/\/ave-eta-canada.com\/wp-content\/uploads\/2020\/04\/visa-canada-1.webp","type":"image\/webp"}],"twitter_card":"summary_large_image","twitter_misc":{"Estimeret l\u00e6setid":"7 minutter"},"schema":{"@context":"https:\/\/schema.org","@graph":[{"@type":"WebPage","@id":"https:\/\/ave-eta-canada.com\/da\/","url":"https:\/\/ave-eta-canada.com\/da\/","name":"CANADA: Elektronisk rejsetilladelse","isPartOf":{"@id":"https:\/\/ave-eta-canada.com\/da\/#website"},"primaryImageOfPage":{"@id":"https:\/\/ave-eta-canada.com\/da\/#primaryimage"},"image":{"@id":"https:\/\/ave-eta-canada.com\/da\/#primaryimage"},"thumbnailUrl":"https:\/\/ave-eta-canada.com\/wp-content\/uploads\/2020\/04\/visa-canada-1-1024x734.png","datePublished":"2023-04-18T14:38:22+00:00","dateModified":"2025-06-06T08:59:57+00:00","description":"Alle oplysninger om eTA Canada, det elektroniske certifikat for indrejse i Canada","breadcrumb":{"@id":"https:\/\/ave-eta-canada.com\/da\/#breadcrumb"},"inLanguage":"da-DK","potentialAction":[{"@type":"ReadAction","target":["https:\/\/ave-eta-canada.com\/da\/"]}]},{"@type":"ImageObject","inLanguage":"da-DK","@id":"https:\/\/ave-eta-canada.com\/da\/#primaryimage","url":"https:\/\/ave-eta-canada.com\/wp-content\/uploads\/2020\/04\/visa-canada-1-1024x734.png","contentUrl":"https:\/\/ave-eta-canada.com\/wp-content\/uploads\/2020\/04\/visa-canada-1-1024x734.png"},{"@type":"BreadcrumbList","@id":"https:\/\/ave-eta-canada.com\/da\/#breadcrumb","itemListElement":[{"@type":"ListItem","position":1,"name":"Home","item":"https:\/\/ave-eta-canada.com\/da\/"},{"@type":"ListItem","position":2,"name":"CANADA: Elektronisk rejsetilladelse"}]},{"@type":"WebSite","@id":"https:\/\/ave-eta-canada.com\/da\/#website","url":"https:\/\/ave-eta-canada.com\/da\/","name":"VISA CANADA","description":"Autorisation Voyage Electronique","potentialAction":[{"@type":"SearchAction","target":{"@type":"EntryPoint","urlTemplate":"https:\/\/ave-eta-canada.com\/da\/?s={search_term_string}"},"query-input":{"@type":"PropertyValueSpecification","valueRequired":true,"valueName":"search_term_string"}}],"inLanguage":"da-DK"}]}},"_links":{"self":[{"href":"https:\/\/ave-eta-canada.com\/da\/wp-json\/wp\/v2\/pages\/3966","targetHints":{"allow":["GET"]}}],"collection":[{"href":"https:\/\/ave-eta-canada.com\/da\/wp-json\/wp\/v2\/pages"}],"about":[{"href":"https:\/\/ave-eta-canada.com\/da\/wp-json\/wp\/v2\/types\/page"}],"author":[{"embeddable":true,"href":"https:\/\/ave-eta-canada.com\/da\/wp-json\/wp\/v2\/users\/1"}],"replies":[{"embeddable":true,"href":"https:\/\/ave-eta-canada.com\/da\/wp-json\/wp\/v2\/comments?post=3966"}],"version-history":[{"count":7,"href":"https:\/\/ave-eta-canada.com\/da\/wp-json\/wp\/v2\/pages\/3966\/revisions"}],"predecessor-version":[{"id":6126,"href":"https:\/\/ave-eta-canada.com\/da\/wp-json\/wp\/v2\/pages\/3966\/revisions\/6126"}],"wp:attachment":[{"href":"https:\/\/ave-eta-canada.com\/da\/wp-json\/wp\/v2\/media?parent=3966"}],"curies":[{"name":"wp","href":"https:\/\/api.w.org\/{rel}","templated":true}]}}