{"id":3971,"date":"2023-04-18T14:38:23","date_gmt":"2023-04-18T14:38:23","guid":{"rendered":"https:\/\/ave-eta-canada.com\/al-viden-om-efterspoergslen-efter-canada\/"},"modified":"2023-04-23T20:31:10","modified_gmt":"2023-04-23T20:31:10","slug":"alt-om-eta-canada","status":"publish","type":"page","link":"https:\/\/ave-eta-canada.com\/da\/alt-om-eta-canada\/","title":{"rendered":"Alt om at ans\u00f8ge om et eTA til Canada"},"content":{"rendered":"\n<h1 class=\"wp-block-heading\">Ans\u00f8gning om et eTA Canada<\/h1>\n\n<p>Den elektroniske rejsetilladelse (eTA) er ikke ulig den amerikanske ESTA. Alle ophold i Canada er underlagt en rejsetilladelse (eTA) eller et canadisk visum. <\/p>\n\n<p><strong>For et ophold p\u00e5 under 6 m\u00e5neder i Canada<\/strong>: Du kan udfylde formaliteterne for indrejse i Canada direkte via internettet ved at klikke p\u00e5 <a href=\"https:\/\/ave-eta-canada.com\/da\/eta-canada-formular-online\/\">onlineformularen<\/a>. Det er ikke n\u00f8dvendigt at lave en aftale p\u00e5 den canadiske ambassade eller det canadiske konsulat.<\/p>\n\n<p>Nedenfor forklarer vi, hvem der har ret til at ans\u00f8ge om en eTA Canada, og hvordan du f\u00e5r en s\u00e5dan.<br\/><\/p>\n\n<h2 class=\"wp-block-heading\">Hvem kan ans\u00f8ge om et eTA Canada?<\/h2>\n\n<p>For at kunne <a href=\"https:\/\/ave-eta-canada.com\/da\/\">ans\u00f8ge om et Canada eTA<\/a> skal den rejsende v\u00e6re statsborger i et af de visumfritagne lande. De lande, der er omfattet af denne fritagelse, er :<\/p>\n\n<p>Andorra, Australien, Australien, Bahamas, Barbados, Belgien, Belgien, Brasilien*, Brunei Darussalam, Bulgarien*, Chile, Cypern, Danmark, Estland, Finland, Frankrig, Frankrig, Gr\u00e6kenland, Hongkong, Island, Irland, Israel, Italien, Kroatien, Salomon\u00f8erne, Spanien, Storbritannien, Tyskland, Gr\u00e6kenland, Ungarn, Island, Irland, Israel, Italien, Salomon\u00f8erne og \u00d8strig, Japan, Letland, Liechtenstein, Litauen, Luxembourg, Malta, Mexico, Monaco, Nederlandene, New Zealand, Norge, Papua Ny Guinea, Polen, Portugal, Republikken Korea, Rum\u00e6nien, Samoa, Salomon\u00f8erne, Singapore, Slovakiet, Slovenien, Spanien, Sverige, Schweiz, Taiwan og Vatikanstaten. (*p\u00e5 visse betingelser)<\/p>\n\n<p>Kun rejser til Canada med fly er underlagt et <a href=\"https:\/\/ave-eta-canada.com\/da\/eta-canada-obligatorisk\/\">EVA-krav<\/a>, hvilket omfatter transit. eTA Canada er ikke anerkendt for rejser til lands og til vands. <\/p>\n\n<p>Canadiske visumindehavere beh\u00f8ver heller ikke at ans\u00f8ge om et canadisk visum. Dette g\u00e6lder ogs\u00e5 for franske statsborgere, der bor i Saint-Pierre-et-Miquelon, hvis de rejser ind i Canada med fly direkte fra Saint-Pierre-et-Miquelon.<\/p>\n\n<p>For at kunne ans\u00f8ge om en eTA Canada skal den rejsende have et gyldigt pas. Canada kr\u00e6ver ikke et biometrisk pas til en Canada eTA-ans\u00f8gning (i hvert fald ikke for franske statsborgere), men det anbefales at have mindst 6 m\u00e5neders gyldighed tilbage.<\/p>\n\n<p>For at v\u00e6re berettiget til et eTA Canada-ophold skal opholdet v\u00e6re p\u00e5 under 6 m\u00e5neder og m\u00e5 kun v\u00e6re af turist- eller forretningsm\u00e6ssig karakter. Der kan blive kr\u00e6vet en billet ved toldbehandlingen. For et mindre\u00e5rigt barn skal der freml\u00e6gges en f\u00f8dselsattest og ethvert andet dokument, der forklarer barnets familiem\u00e6ssige situation (samtykke fra den for\u00e6lder, der ikke rejser med barnet, en fotokopi af for\u00e6ldremyndighedskendelsen i tilf\u00e6lde af skilsmisse osv.<br\/><br\/><\/p>\n\n<h2 class=\"wp-block-heading\">Hvordan ans\u00f8ger jeg om en eTA Canada?<\/h2>\n\n<p>Ans\u00f8gningen om en eTA Canada sker ved hj\u00e6lp af en online-formular, der findes p\u00e5 den officielle canadiske regerings hjemmeside eller p\u00e5 en privat hjemmeside. Det er i \u00f8jeblikket ikke muligt at indgive gruppeans\u00f8gninger.<\/p>\n\n<p><a href=\"https:\/\/ave-eta-canada.com\/da\/hvornar-man-skal-ansoge-om-en-eta-canada\/\">Hvorn\u00e5r skal man s\u00f8ge om en eTA <\/a>? Det er vigtigt, at du ans\u00f8ger om tilladelse flere dage f\u00f8r afrejse (vi anbefaler, at du l\u00e6ser vores side om, hvor lang tid det tager at f\u00e5 en eTA i Canada). Det anbefales dog, at dette g\u00f8res s\u00e5 hurtigt som muligt for at undg\u00e5 skuffelser. Det nytter ikke noget at ankomme til lufthavnen uden denne rejsetilladelse, da selskaberne er forpligtet til at n\u00e6gte ombordstigning. Selv hvis du har tilladelse til at flyve, vil immigrationsmyndighederne ved den canadiske gr\u00e6nse ikke tillade dig at rejse ind i Canada uden en gyldig tilladelse (eTA eller visum).<\/p>\n\n<p>Du skal bruge dit pas og et betalingskort for at <a href=\"https:\/\/ave-eta-canada.com\/da\/udfylde-eta-formular-for-canada\/\">udfylde ans\u00f8gningsskemaet til eTA Canada<\/a>. eTA koster 7 CAN$. Formularen starter med at fastsl\u00e5, om ans\u00f8gningen er indgivet af den rejsende selv eller p\u00e5 vegne af en anden person.<\/p>\n\n<p>De oplysninger, der skal udfyldes, vedr\u00f8rer f\u00f8rst og fremmest passet: pasnummer, efternavn og fornavn som skrevet p\u00e5 dokumentet, f\u00f8dselsdato, k\u00f8n, f\u00f8dested, udstedelsesdato og udl\u00f8bsdato. Formularens anden del vedr\u00f8rer personlige oplysninger: dobbelt statsborgerskab, familiesituation, tidligere ans\u00f8gning om rejsetilladelse til Canada, erhvervsm\u00e6ssig situation, postadresse, gyldig e-mailadresse. Herefter f\u00f8lger oplysninger om dit ophold i Canada, herunder datoer. Den sidste del af formularen omhandler din baggrund: indrejseforbud, strafbare handlinger, medicinsk historie med v\u00e6gt p\u00e5 tuberkulose osv.<\/p>\n\n<p>Din online-formular godkendes ved at acceptere vilk\u00e5rene og betingelserne og betale ans\u00f8gningsgebyret.<\/p>\n\n<p>Efter en eTA Canada-ans\u00f8gning sender IRCC (Immigration, Refugees and Citizenship Canada) en elektronisk kvittering for modtagelsen. I langt de fleste tilf\u00e6lde sendes godkendelsen (eller afvisningen) n\u00e6sten samtidig. Det er dog muligt, at en ans\u00f8gning kan tage l\u00e6ngere tid, og at de canadiske myndigheder kan kr\u00e6ve yderligere dokumentation. Hvis ans\u00f8gningen afvises, skal du ans\u00f8ge om visum p\u00e5 den canadiske ambassade. Procedurerne for at f\u00e5 et visum er mere komplicerede, l\u00e6ngere og dyrere.<\/p>\n\n<p>eTA er gyldigt i 5 \u00e5r fra udstedelsesdatoen eller indtil pasets udl\u00f8b, hvis det udl\u00f8ber tidligere. eTA er s\u00e5ledes ul\u00f8seligt forbundet med passet; enhver \u00e6ndring (nyt pas eller \u00e6ndring af de oplysninger, der er indeholdt i passet) kr\u00e6ver en ny ans\u00f8gning. Det er muligt at <a href=\"https:\/\/ave-eta-canada.com\/da\/kontrollere-status-for-en-canada-eta\/\">tjekke status for ens tilladelse<\/a> direkte p\u00e5 den canadiske regerings websted.<\/p>\n","protected":false},"excerpt":{"rendered":"<p>Ans\u00f8gning om et eTA Canada Den elektroniske rejsetilladelse (eTA) er ikke ulig den amerikanske ESTA. Alle ophold i Canada er underlagt en rejsetilladelse (eTA) eller et canadisk visum. For et ophold p\u00e5 under 6 m\u00e5neder i Canada: Du kan udfylde formaliteterne for indrejse i Canada direkte via internettet ved at klikke p\u00e5 onlineformularen. Det er [&hellip;]<\/p>\n","protected":false},"author":1,"featured_media":0,"parent":0,"menu_order":0,"comment_status":"closed","ping_status":"closed","template":"","meta":{"footnotes":""},"class_list":["post-3971","page","type-page","status-publish","hentry"],"yoast_head":"<!-- This site is optimized with the Yoast SEO plugin v26.9 - https:\/\/yoast.com\/product\/yoast-seo-wordpress\/ -->\n<title>Alt om at ans\u00f8ge om et eTA til Canada<\/title>\n<meta name=\"description\" content=\"Her kan du finde alle oplysninger om at ans\u00f8ge om en eTA Canada: hvem har ret til at ans\u00f8ge om en eTA, hvorn\u00e5r du skal ans\u00f8ge, og hvordan du skal g\u00e5 frem.\" \/>\n<meta name=\"robots\" content=\"index, follow, max-snippet:-1, max-image-preview:large, max-video-preview:-1\" \/>\n<link rel=\"canonical\" href=\"https:\/\/ave-eta-canada.com\/da\/alt-om-eta-canada\/\" \/>\n<meta property=\"og:locale\" content=\"da_DK\" \/>\n<meta property=\"og:type\" content=\"article\" \/>\n<meta property=\"og:title\" content=\"Alt om at ans\u00f8ge om et eTA til Canada\" \/>\n<meta property=\"og:description\" content=\"Her kan du finde alle oplysninger om at ans\u00f8ge om en eTA Canada: hvem har ret til at ans\u00f8ge om en eTA, hvorn\u00e5r du skal ans\u00f8ge, og hvordan du skal g\u00e5 frem.\" \/>\n<meta property=\"og:url\" content=\"https:\/\/ave-eta-canada.com\/da\/alt-om-eta-canada\/\" \/>\n<meta property=\"og:site_name\" content=\"VISA CANADA\" \/>\n<meta property=\"article:modified_time\" content=\"2023-04-23T20:31:10+00:00\" \/>\n<meta name=\"twitter:card\" content=\"summary_large_image\" \/>\n<meta name=\"twitter:label1\" content=\"Estimeret l\u00e6setid\" \/>\n\t<meta name=\"twitter:data1\" content=\"4 minutter\" \/>\n<script type=\"application\/ld+json\" class=\"yoast-schema-graph\">{\"@context\":\"https:\/\/schema.org\",\"@graph\":[{\"@type\":\"WebPage\",\"@id\":\"https:\/\/ave-eta-canada.com\/da\/alt-om-eta-canada\/\",\"url\":\"https:\/\/ave-eta-canada.com\/da\/alt-om-eta-canada\/\",\"name\":\"Alt om at ans\u00f8ge om et eTA til Canada\",\"isPartOf\":{\"@id\":\"https:\/\/ave-eta-canada.com\/da\/#website\"},\"datePublished\":\"2023-04-18T14:38:23+00:00\",\"dateModified\":\"2023-04-23T20:31:10+00:00\",\"description\":\"Her kan du finde alle oplysninger om at ans\u00f8ge om en eTA Canada: hvem har ret til at ans\u00f8ge om en eTA, hvorn\u00e5r du skal ans\u00f8ge, og hvordan du skal g\u00e5 frem.\",\"breadcrumb\":{\"@id\":\"https:\/\/ave-eta-canada.com\/da\/alt-om-eta-canada\/#breadcrumb\"},\"inLanguage\":\"da-DK\",\"potentialAction\":[{\"@type\":\"ReadAction\",\"target\":[\"https:\/\/ave-eta-canada.com\/da\/alt-om-eta-canada\/\"]}]},{\"@type\":\"BreadcrumbList\",\"@id\":\"https:\/\/ave-eta-canada.com\/da\/alt-om-eta-canada\/#breadcrumb\",\"itemListElement\":[{\"@type\":\"ListItem\",\"position\":1,\"name\":\"Home\",\"item\":\"https:\/\/ave-eta-canada.com\/da\/\"},{\"@type\":\"ListItem\",\"position\":2,\"name\":\"Alt om at ans\u00f8ge om et eTA til Canada\"}]},{\"@type\":\"WebSite\",\"@id\":\"https:\/\/ave-eta-canada.com\/da\/#website\",\"url\":\"https:\/\/ave-eta-canada.com\/da\/\",\"name\":\"VISA CANADA\",\"description\":\"Autorisation Voyage Electronique\",\"potentialAction\":[{\"@type\":\"SearchAction\",\"target\":{\"@type\":\"EntryPoint\",\"urlTemplate\":\"https:\/\/ave-eta-canada.com\/da\/?s={search_term_string}\"},\"query-input\":{\"@type\":\"PropertyValueSpecification\",\"valueRequired\":true,\"valueName\":\"search_term_string\"}}],\"inLanguage\":\"da-DK\"}]}<\/script>\n<!-- \/ Yoast SEO plugin. -->","yoast_head_json":{"title":"Alt om at ans\u00f8ge om et eTA til Canada","description":"Her kan du finde alle oplysninger om at ans\u00f8ge om en eTA Canada: hvem har ret til at ans\u00f8ge om en eTA, hvorn\u00e5r du skal ans\u00f8ge, og hvordan du skal g\u00e5 frem.","robots":{"index":"index","follow":"follow","max-snippet":"max-snippet:-1","max-image-preview":"max-image-preview:large","max-video-preview":"max-video-preview:-1"},"canonical":"https:\/\/ave-eta-canada.com\/da\/alt-om-eta-canada\/","og_locale":"da_DK","og_type":"article","og_title":"Alt om at ans\u00f8ge om et eTA til Canada","og_description":"Her kan du finde alle oplysninger om at ans\u00f8ge om en eTA Canada: hvem har ret til at ans\u00f8ge om en eTA, hvorn\u00e5r du skal ans\u00f8ge, og hvordan du skal g\u00e5 frem.","og_url":"https:\/\/ave-eta-canada.com\/da\/alt-om-eta-canada\/","og_site_name":"VISA CANADA","article_modified_time":"2023-04-23T20:31:10+00:00","twitter_card":"summary_large_image","twitter_misc":{"Estimeret l\u00e6setid":"4 minutter"},"schema":{"@context":"https:\/\/schema.org","@graph":[{"@type":"WebPage","@id":"https:\/\/ave-eta-canada.com\/da\/alt-om-eta-canada\/","url":"https:\/\/ave-eta-canada.com\/da\/alt-om-eta-canada\/","name":"Alt om at ans\u00f8ge om et eTA til Canada","isPartOf":{"@id":"https:\/\/ave-eta-canada.com\/da\/#website"},"datePublished":"2023-04-18T14:38:23+00:00","dateModified":"2023-04-23T20:31:10+00:00","description":"Her kan du finde alle oplysninger om at ans\u00f8ge om en eTA Canada: hvem har ret til at ans\u00f8ge om en eTA, hvorn\u00e5r du skal ans\u00f8ge, og hvordan du skal g\u00e5 frem.","breadcrumb":{"@id":"https:\/\/ave-eta-canada.com\/da\/alt-om-eta-canada\/#breadcrumb"},"inLanguage":"da-DK","potentialAction":[{"@type":"ReadAction","target":["https:\/\/ave-eta-canada.com\/da\/alt-om-eta-canada\/"]}]},{"@type":"BreadcrumbList","@id":"https:\/\/ave-eta-canada.com\/da\/alt-om-eta-canada\/#breadcrumb","itemListElement":[{"@type":"ListItem","position":1,"name":"Home","item":"https:\/\/ave-eta-canada.com\/da\/"},{"@type":"ListItem","position":2,"name":"Alt om at ans\u00f8ge om et eTA til Canada"}]},{"@type":"WebSite","@id":"https:\/\/ave-eta-canada.com\/da\/#website","url":"https:\/\/ave-eta-canada.com\/da\/","name":"VISA CANADA","description":"Autorisation Voyage Electronique","potentialAction":[{"@type":"SearchAction","target":{"@type":"EntryPoint","urlTemplate":"https:\/\/ave-eta-canada.com\/da\/?s={search_term_string}"},"query-input":{"@type":"PropertyValueSpecification","valueRequired":true,"valueName":"search_term_string"}}],"inLanguage":"da-DK"}]}},"_links":{"self":[{"href":"https:\/\/ave-eta-canada.com\/da\/wp-json\/wp\/v2\/pages\/3971","targetHints":{"allow":["GET"]}}],"collection":[{"href":"https:\/\/ave-eta-canada.com\/da\/wp-json\/wp\/v2\/pages"}],"about":[{"href":"https:\/\/ave-eta-canada.com\/da\/wp-json\/wp\/v2\/types\/page"}],"author":[{"embeddable":true,"href":"https:\/\/ave-eta-canada.com\/da\/wp-json\/wp\/v2\/users\/1"}],"replies":[{"embeddable":true,"href":"https:\/\/ave-eta-canada.com\/da\/wp-json\/wp\/v2\/comments?post=3971"}],"version-history":[{"count":0,"href":"https:\/\/ave-eta-canada.com\/da\/wp-json\/wp\/v2\/pages\/3971\/revisions"}],"wp:attachment":[{"href":"https:\/\/ave-eta-canada.com\/da\/wp-json\/wp\/v2\/media?parent=3971"}],"curies":[{"name":"wp","href":"https:\/\/api.w.org\/{rel}","templated":true}]}}