{"id":3975,"date":"2023-04-18T14:38:23","date_gmt":"2023-04-18T14:38:23","guid":{"rendered":"https:\/\/ave-eta-canada.com\/official-site-ave-canada\/"},"modified":"2023-04-23T20:27:13","modified_gmt":"2023-04-23T20:27:13","slug":"eta-canada-officielle-hjemmeside","status":"publish","type":"page","link":"https:\/\/ave-eta-canada.com\/da\/eta-canada-officielle-hjemmeside\/","title":{"rendered":"Officielt websted for eTA Canada"},"content":{"rendered":"\n<h1 class=\"wp-block-heading\">Pr\u00e6sentation af det officielle websted for eTA Canada<\/h1>\n\n<p>For at rejse til Canada skal du have en opholdstilladelse. Afh\u00e6ngigt af opholdets art og oprindelseslandet skal der ans\u00f8ges om et canadisk visum eller en elektronisk rejsetilladelse (eTA). <\/p>\n\n<p><strong>For et ophold p\u00e5 under 6 m\u00e5neder i Canada<\/strong>: Du kan udfylde formaliteterne for indrejse i Canada direkte via internettet ved at klikke p\u00e5 <a href=\"https:\/\/ave-eta-canada.com\/da\/eta-canada-formular-online\/\">onlineformularen<\/a>. Det er ikke n\u00f8dvendigt at lave en aftale p\u00e5 den canadiske ambassade eller det canadiske konsulat. <\/p>\n\n<p>Ans\u00f8gningen om en elektronisk rejsetilladelse kan kun foretages p\u00e5 internettet p\u00e5 eTA Canadas officielle websted. Vi pr\u00e6senterer dig for eTA Canada-webstedet, der er oprettet af den canadiske regering.<\/p>\n\n<h2 class=\"wp-block-heading\">Oplysningerne p\u00e5 det officielle websted for eTA Canada<\/h2>\n\n<p>Det officielle websted for eTA Canada er designet til at v\u00e6re let at bruge og overskueligt. Desv\u00e6rre er ikke alle oplysninger lette at finde.<\/p>\n\n<p>Du finder <a href=\"https:\/\/ave-eta-canada.com\/da\/\">eTA Canada-ans\u00f8gningssiden<\/a> ved at g\u00e5 ind p\u00e5 den canadiske regerings websted og v\u00e6lge afsnittet om indvandring og statsborgerskab; eTA-ans\u00f8gningen er IRCC&#8217;s (Immigration, Refugees and Citizenship Canada) ansvarsomr\u00e5de. P\u00e5 webstedet kan du tjekke, om du har brug for et visum eller en eTA ved at besvare et enkelt sp\u00f8rgsm\u00e5l om din nationalitet.<\/p>\n\n<p>F\u00f8r du f\u00e5r adgang til <a href=\"https:\/\/ave-eta-canada.com\/da\/foretag-en-officiel-canada-eta-anmodning\/\">eTA-ans\u00f8gningsskema<\/a> Canada, en oversigt over processen pr\u00e6senteres i 5 trin: de dokumenter, der skal forberedes, f\u00f8r du udfylder formularen, den formular, der skal udfyldes, betalingen af ans\u00f8gningsgebyret p\u00e5 7 $ CAN, svaret pr. e-mail og til sidst de yderligere bilag. Hj\u00e6lp er ogs\u00e5 tilg\u00e6ngelig som PDF-fil p\u00e5 18 sprog. Denne hj\u00e6lp beskriver, hvordan onlineformularen skal udfyldes. Hvis du har sp\u00f8rgsm\u00e5l, kan du klikke p\u00e5 <a href=\"https:\/\/ave-eta-canada.com\/da\/eta-canada-svar-pa-dine-sporgsmal\/\">FAQ-linket<\/a><\/p>\n\n<p>Det officielle websted eTA Canada giver en kort introduktion til eTA p\u00e5 siden &#8220;What is an Electronic Travel Authorisation&#8221; (Hvad er en elektronisk rejsetilladelse). Det fremg\u00e5r, at eTA er et indrejsekrav for statsborgere fra visumfritagne lande (listen over visumfritagne lande findes p\u00e5 siden &#8220;indrejsekrav efter land eller omr\u00e5de&#8221;, der er et link p\u00e5 siden). Det skal bem\u00e6rkes, at franske statsborgere er st\u00f8tteberettigede. eTA er kun p\u00e5kr\u00e6vet ved ankomster p\u00e5 internationale flyvninger, herunder transit gennem Canada. Det er elektronisk forbundet med passet (s\u00e5 pas p\u00e5 med nye pas eller \u00e6ndringer i oplysningerne i passet) og har en maksimal gyldighed p\u00e5 5 \u00e5r. I den fem\u00e5rige gyldighedsperiode er der ingen begr\u00e6nsning p\u00e5 antallet af ophold, men de m\u00e5 ikke overstige 6 m\u00e5neder. eTA garanterer ikke indrejse i Canada, den beslutning er op til gr\u00e6nsetjenestemanden. Tjenestemanden unders\u00f8ger rejsedokumenterne (pas, eTA, udrejsebillet, aldersbevis osv.) for at tr\u00e6ffe en afg\u00f8relse. Du kan ogs\u00e5 blive stillet nogle f\u00e5 sp\u00f8rgsm\u00e5l.<br\/><\/p>\n\n<h2 class=\"wp-block-heading\">Ans\u00f8g p\u00e5 eTA Canadas websted<\/h2>\n\n<p>eTA-ans\u00f8gningen kan kun indgives p\u00e5 regeringens websted eTA Canada. Du kan dog frit ans\u00f8ge selv eller g\u00e5 gennem en privat platform og f\u00e5 et team af professionelle til at ans\u00f8ge p\u00e5 dine vegne. Det er ikke n\u00f8dvendigt at henvende sig til den canadiske ambassade, som ikke kan hj\u00e6lpe dig med denne proces.<\/p>\n\n<p>Ans\u00f8gningsskemaet p\u00e5 eTA Canadas websted kan udfyldes af den rejsende selv eller af en tredjepart, hvilket er det f\u00f8rste sp\u00f8rgsm\u00e5l, der stilles. Det er ikke muligt at indgive en gruppeans\u00f8gning, s\u00e5 hver ans\u00f8gning skal indgives og betales individuelt.<\/p>\n\n<p>Hvis en person udfylder formularen p\u00e5 vegne af en tredjepart, skal han eller hun pr\u00e6sentere sig selv ved at angive forholdet til den rejsende og indtaste personlige oplysninger.<\/p>\n\n<p>For at udfylde formularen er det vigtigt at medbringe dit pas (eller ans\u00f8gerens pas) og et betalingskort. Der kr\u00e6ves et gyldigt pas, og det anbefales at have en <a href=\"https:\/\/ave-eta-canada.com\/da\/eta-canada-gyldighedsperiode\/\">gyldighed p\u00e5 6 m\u00e5neder<\/a>. Formularen er opdelt i 3 dele:<\/p>\n\n<ul class=\"wp-block-list\"><li>oplysningerne i passet: pasnummer (skal indtastes to gange for at undg\u00e5 tastefejl), indehaverens efternavn og fornavn, f\u00f8dselsdato og -sted, k\u00f8n, udstedelsesdato og udl\u00f8bsdato;<\/li><li>Personlige oplysninger: eventuel dobbelt statsborgerskab, civilstand, tidligere ans\u00f8gninger om visum eller eTA, besk\u00e6ftigelse (erhverv, arbejdsgiverens navn og adresse), postadresse og e-mail-adresse (skal angives to gange);<\/li><li>Baggrund: Eventuelle forbud mod indrejse i Canada (eller et andet land), kriminelle og medicinske forhold.<\/li><\/ul>\n\n<p>En del af formularen er reserveret til din ankomstdato til Canada. Dette sp\u00f8rgsm\u00e5l er dog valgfrit, da det er muligt at bestille et eTA uden et specifikt projekt.<\/p>\n\n<p>For at validere eTA-ans\u00f8gningsskemaet skal ans\u00f8geren underskrive en samtykkeerkl\u00e6ring og betale <a href=\"https:\/\/ave-eta-canada.com\/da\/eta-canada-dens-pris\/\">eTA-gebyret<\/a>.<br\/><\/p>\n\n<h2 class=\"wp-block-heading\">Behandling af eTA Canada-ans\u00f8gningen<\/h2>\n\n<p>N\u00e5r ans\u00f8gningen er indsendt p\u00e5 det officielle eTA Canada-websted, modtager du en e-mail med kvittering for modtagelsen. Det er meget muligt, at du f\u00e5r dit endelige svar p\u00e5 samme tid. Svaret kan v\u00e6re positivt (godkendelse af eTA-ans\u00f8gningen) eller negativt. Hvis du f\u00e5r afslag, kan du stadig s\u00f8ge om et visum eller en <a href=\"https:\/\/pvtistes.net\/le-pvt\/canada\/\">WHP<\/a> p\u00e5 den canadiske ambassade. S\u00f8rg for at have et biometrisk (eller elektronisk) pas med til denne anmodning.<\/p>\n\n<p>Det kan ske, at ans\u00f8gningen bliver sat i venteposition, dvs. at der kommer et endeligt svar inden for f\u00e5 dage, eller at de canadiske myndigheder kontakter dig pr. e-mail for at f\u00e5 flere oplysninger. Hvis det er tilf\u00e6ldet, er den procedure, der skal f\u00f8lges, beskrevet i kontakt-e-mailen.<\/p>\n\n<p>Rejsetilladelsen skal indhentes p\u00e5 det officielle eTA Canada-websted eller et privat websted, inden du rejser, for uden den er du ikke berettiget til at rejse ind i Canada. Du kan ikke engang g\u00e5 om bord p\u00e5 et fly til Canada, da flyselskaberne er forpligtet til at kontrollere dine oplysninger.<\/p>\n","protected":false},"excerpt":{"rendered":"<p>Pr\u00e6sentation af det officielle websted for eTA Canada For at rejse til Canada skal du have en opholdstilladelse. Afh\u00e6ngigt af opholdets art og oprindelseslandet skal der ans\u00f8ges om et canadisk visum eller en elektronisk rejsetilladelse (eTA). For et ophold p\u00e5 under 6 m\u00e5neder i Canada: Du kan udfylde formaliteterne for indrejse i Canada direkte via [&hellip;]<\/p>\n","protected":false},"author":1,"featured_media":0,"parent":0,"menu_order":0,"comment_status":"closed","ping_status":"closed","template":"","meta":{"footnotes":""},"class_list":["post-3975","page","type-page","status-publish","hentry"],"yoast_head":"<!-- This site is optimized with the Yoast SEO plugin v26.9 - https:\/\/yoast.com\/product\/yoast-seo-wordpress\/ -->\n<title>Officielt websted for eTA Canada<\/title>\n<meta name=\"description\" content=\"Pr\u00e6sentation af den canadiske regerings officielle websted for indhentning af den elektroniske rejsetilladelse, der er n\u00f8dvendig for at rejse til Canada.\" \/>\n<meta name=\"robots\" content=\"index, follow, max-snippet:-1, max-image-preview:large, max-video-preview:-1\" \/>\n<link rel=\"canonical\" href=\"https:\/\/ave-eta-canada.com\/da\/eta-canada-officielle-hjemmeside\/\" \/>\n<meta property=\"og:locale\" content=\"da_DK\" \/>\n<meta property=\"og:type\" content=\"article\" \/>\n<meta property=\"og:title\" content=\"Officielt websted for eTA Canada\" \/>\n<meta property=\"og:description\" content=\"Pr\u00e6sentation af den canadiske regerings officielle websted for indhentning af den elektroniske rejsetilladelse, der er n\u00f8dvendig for at rejse til Canada.\" \/>\n<meta property=\"og:url\" content=\"https:\/\/ave-eta-canada.com\/da\/eta-canada-officielle-hjemmeside\/\" \/>\n<meta property=\"og:site_name\" content=\"VISA CANADA\" \/>\n<meta property=\"article:modified_time\" content=\"2023-04-23T20:27:13+00:00\" \/>\n<meta name=\"twitter:card\" content=\"summary_large_image\" \/>\n<meta name=\"twitter:label1\" content=\"Estimeret l\u00e6setid\" \/>\n\t<meta name=\"twitter:data1\" content=\"5 minutter\" \/>\n<script type=\"application\/ld+json\" class=\"yoast-schema-graph\">{\"@context\":\"https:\/\/schema.org\",\"@graph\":[{\"@type\":\"WebPage\",\"@id\":\"https:\/\/ave-eta-canada.com\/da\/eta-canada-officielle-hjemmeside\/\",\"url\":\"https:\/\/ave-eta-canada.com\/da\/eta-canada-officielle-hjemmeside\/\",\"name\":\"Officielt websted for eTA Canada\",\"isPartOf\":{\"@id\":\"https:\/\/ave-eta-canada.com\/da\/#website\"},\"datePublished\":\"2023-04-18T14:38:23+00:00\",\"dateModified\":\"2023-04-23T20:27:13+00:00\",\"description\":\"Pr\u00e6sentation af den canadiske regerings officielle websted for indhentning af den elektroniske rejsetilladelse, der er n\u00f8dvendig for at rejse til Canada.\",\"breadcrumb\":{\"@id\":\"https:\/\/ave-eta-canada.com\/da\/eta-canada-officielle-hjemmeside\/#breadcrumb\"},\"inLanguage\":\"da-DK\",\"potentialAction\":[{\"@type\":\"ReadAction\",\"target\":[\"https:\/\/ave-eta-canada.com\/da\/eta-canada-officielle-hjemmeside\/\"]}]},{\"@type\":\"BreadcrumbList\",\"@id\":\"https:\/\/ave-eta-canada.com\/da\/eta-canada-officielle-hjemmeside\/#breadcrumb\",\"itemListElement\":[{\"@type\":\"ListItem\",\"position\":1,\"name\":\"Home\",\"item\":\"https:\/\/ave-eta-canada.com\/da\/\"},{\"@type\":\"ListItem\",\"position\":2,\"name\":\"Officielt websted for eTA Canada\"}]},{\"@type\":\"WebSite\",\"@id\":\"https:\/\/ave-eta-canada.com\/da\/#website\",\"url\":\"https:\/\/ave-eta-canada.com\/da\/\",\"name\":\"VISA CANADA\",\"description\":\"Autorisation Voyage Electronique\",\"potentialAction\":[{\"@type\":\"SearchAction\",\"target\":{\"@type\":\"EntryPoint\",\"urlTemplate\":\"https:\/\/ave-eta-canada.com\/da\/?s={search_term_string}\"},\"query-input\":{\"@type\":\"PropertyValueSpecification\",\"valueRequired\":true,\"valueName\":\"search_term_string\"}}],\"inLanguage\":\"da-DK\"}]}<\/script>\n<!-- \/ Yoast SEO plugin. -->","yoast_head_json":{"title":"Officielt websted for eTA Canada","description":"Pr\u00e6sentation af den canadiske regerings officielle websted for indhentning af den elektroniske rejsetilladelse, der er n\u00f8dvendig for at rejse til Canada.","robots":{"index":"index","follow":"follow","max-snippet":"max-snippet:-1","max-image-preview":"max-image-preview:large","max-video-preview":"max-video-preview:-1"},"canonical":"https:\/\/ave-eta-canada.com\/da\/eta-canada-officielle-hjemmeside\/","og_locale":"da_DK","og_type":"article","og_title":"Officielt websted for eTA Canada","og_description":"Pr\u00e6sentation af den canadiske regerings officielle websted for indhentning af den elektroniske rejsetilladelse, der er n\u00f8dvendig for at rejse til Canada.","og_url":"https:\/\/ave-eta-canada.com\/da\/eta-canada-officielle-hjemmeside\/","og_site_name":"VISA CANADA","article_modified_time":"2023-04-23T20:27:13+00:00","twitter_card":"summary_large_image","twitter_misc":{"Estimeret l\u00e6setid":"5 minutter"},"schema":{"@context":"https:\/\/schema.org","@graph":[{"@type":"WebPage","@id":"https:\/\/ave-eta-canada.com\/da\/eta-canada-officielle-hjemmeside\/","url":"https:\/\/ave-eta-canada.com\/da\/eta-canada-officielle-hjemmeside\/","name":"Officielt websted for eTA Canada","isPartOf":{"@id":"https:\/\/ave-eta-canada.com\/da\/#website"},"datePublished":"2023-04-18T14:38:23+00:00","dateModified":"2023-04-23T20:27:13+00:00","description":"Pr\u00e6sentation af den canadiske regerings officielle websted for indhentning af den elektroniske rejsetilladelse, der er n\u00f8dvendig for at rejse til Canada.","breadcrumb":{"@id":"https:\/\/ave-eta-canada.com\/da\/eta-canada-officielle-hjemmeside\/#breadcrumb"},"inLanguage":"da-DK","potentialAction":[{"@type":"ReadAction","target":["https:\/\/ave-eta-canada.com\/da\/eta-canada-officielle-hjemmeside\/"]}]},{"@type":"BreadcrumbList","@id":"https:\/\/ave-eta-canada.com\/da\/eta-canada-officielle-hjemmeside\/#breadcrumb","itemListElement":[{"@type":"ListItem","position":1,"name":"Home","item":"https:\/\/ave-eta-canada.com\/da\/"},{"@type":"ListItem","position":2,"name":"Officielt websted for eTA Canada"}]},{"@type":"WebSite","@id":"https:\/\/ave-eta-canada.com\/da\/#website","url":"https:\/\/ave-eta-canada.com\/da\/","name":"VISA CANADA","description":"Autorisation Voyage Electronique","potentialAction":[{"@type":"SearchAction","target":{"@type":"EntryPoint","urlTemplate":"https:\/\/ave-eta-canada.com\/da\/?s={search_term_string}"},"query-input":{"@type":"PropertyValueSpecification","valueRequired":true,"valueName":"search_term_string"}}],"inLanguage":"da-DK"}]}},"_links":{"self":[{"href":"https:\/\/ave-eta-canada.com\/da\/wp-json\/wp\/v2\/pages\/3975","targetHints":{"allow":["GET"]}}],"collection":[{"href":"https:\/\/ave-eta-canada.com\/da\/wp-json\/wp\/v2\/pages"}],"about":[{"href":"https:\/\/ave-eta-canada.com\/da\/wp-json\/wp\/v2\/types\/page"}],"author":[{"embeddable":true,"href":"https:\/\/ave-eta-canada.com\/da\/wp-json\/wp\/v2\/users\/1"}],"replies":[{"embeddable":true,"href":"https:\/\/ave-eta-canada.com\/da\/wp-json\/wp\/v2\/comments?post=3975"}],"version-history":[{"count":0,"href":"https:\/\/ave-eta-canada.com\/da\/wp-json\/wp\/v2\/pages\/3975\/revisions"}],"wp:attachment":[{"href":"https:\/\/ave-eta-canada.com\/da\/wp-json\/wp\/v2\/media?parent=3975"}],"curies":[{"name":"wp","href":"https:\/\/api.w.org\/{rel}","templated":true}]}}