{"id":3994,"date":"2023-04-18T14:38:28","date_gmt":"2023-04-18T14:38:28","guid":{"rendered":"https:\/\/ave-eta-canada.com\/udfylde-blanket-formular-for-canada\/"},"modified":"2023-04-23T20:23:27","modified_gmt":"2023-04-23T20:23:27","slug":"udfylde-eta-formular-for-canada","status":"publish","type":"page","link":"https:\/\/ave-eta-canada.com\/da\/udfylde-eta-formular-for-canada\/","title":{"rendered":"Udfyldelse af eTA-formularen for Canada"},"content":{"rendered":"\n<h1 class=\"wp-block-heading\">Hvordan udfylder jeg eTA-formularen for Canada?<\/h1>\n\n<p>For at rejse til Canada er det ikke l\u00e6ngere n\u00f8dvendigt at f\u00e5 et canadisk visum. Det eneste, du skal g\u00f8re, er at f\u00e5 en elektronisk rejsetilladelse eTA via internettet. <\/p>\n\n<p><strong>For et ophold p\u00e5 under 6 m\u00e5neder i Canada<\/strong>: Du kan udfylde formaliteterne for indrejse i Canada direkte via internettet ved at klikke p\u00e5 <a href=\"https:\/\/ave-eta-canada.com\/da\/eta-canada-formular-online\/\">onlineformularen<\/a>. Det er ikke n\u00f8dvendigt at lave en aftale p\u00e5 den canadiske ambassade eller det canadiske konsulat.<\/p>\n\n<p>For at ans\u00f8ge skal eTA-formularen til Canada udfyldes korrekt. Det er vigtigt for det f\u00f8rste at f\u00e5 afklaret, om du er berettiget til denne ordning, og for det andet at vide, hvordan du udfylder eTA-ans\u00f8gningsskemaet for din rejse til Canada.<br\/><\/p>\n\n<h2 class=\"wp-block-heading\">Kan du udfylde den elektroniske rejsetilladelsesformular for Canada?<\/h2>\n\n<p>Den canadiske regering har indf\u00f8rt et <a href=\"https:\/\/ave-eta-canada.com\/da\/har-du-brug-for-et-visum-for-at-rejse-til-canada\/\">visumfritagelsesprogram<\/a>. Dette er en elektronisk rejsetilladelsesformular, der har til form\u00e5l at lette den administrative proces for rejsende, der \u00f8nsker at bes\u00f8ge Canada. Dette pas giver dig ikke mulighed for at udvandre til Canada eller for at studere eller arbejde i Canada, men giver dig blot mulighed for at opholde dig i Canada uden at skulle ans\u00f8ge om et visum til en turist- eller forretningsrejse. For at opleve livet i Canada med en eTA skal du opfylde visse kriterier:<\/p>\n\n<ul class=\"wp-block-list\"><li>Kun statsborgere fra lande, der er medlemmer af denne ordning, kan f\u00e5 st\u00f8tte (du kan nemt finde listen over de p\u00e5g\u00e6ldende lande p\u00e5 internettet);<\/li><li>opholdet skal v\u00e6re midlertidigt, dvs. under 6 m\u00e5neder;<\/li><li>ankomst til Canada skal ske med fly;<\/li><li>dit pas skal v\u00e6re gyldigt, med en anbefalet restgyldighed p\u00e5 6 m\u00e5neder.<br\/><br\/><\/li><\/ul>\n\n<h2 class=\"wp-block-heading\">Udfyldelse af eTA-ans\u00f8gningsskemaet til Canada<\/h2>\n\n<p><a href=\"https:\/\/ave-eta-canada.com\/da\/eta-canada-nyheder\/\"> eTA-ans\u00f8gningsskemaet til Canada<\/a> f\u00e5s ikke i papirformat. Rejsende skal s\u00e5ledes udfylde online-formularen, som er opdelt i flere dele.<\/p>\n\n<p>Du bliver bedt om en masse personlige oplysninger om dit job, din bop\u00e6l, rejsedatoer (valgfrie oplysninger), dit helbred og din straffeattest. S\u00f8rg for at besvare sp\u00f8rgsm\u00e5lene i <a href=\"https:\/\/ave-eta-canada.com\/da\/foretag-en-officiel-canada-eta-anmodning\/\">eTA Canada-ans\u00f8gningsskemaet<\/a> \u00e6rligt, korrekt og frem for alt meget omhyggeligt, for hvis du beg\u00e5r fejl, kan det v\u00e6re, at du ikke f\u00e5r tilladelse.<\/p>\n\n<p>Du bliver bedt om at underskrive formularen elektronisk ved at skrive dit navn. For at f\u00e6rdigg\u00f8re din eTA-ans\u00f8gningsformular til Canada skal du betale 7 canadiske dollars.<\/p>\n\n<p>Ans\u00f8gningen kan indgives p\u00e5 den canadiske regerings officielle websted eller p\u00e5 et af de private websteder, der tilbyder at g\u00f8re det for dig. Ans\u00f8gningen er forenklet og derfor hurtigere.<br\/><br\/><\/p>\n\n<h2 class=\"wp-block-heading\">Modtagelse af din eTA Canada efter at have udfyldt formularen<\/h2>\n\n<p>Med hensyn til <a href=\"https:\/\/ave-eta-canada.com\/da\/tid-til-at-fa-eta-canada\/\">opn\u00e5else af eTA<\/a>, vil du modtage en retur direkte elektronisk til den e-mailadresse, der er angivet under anmodningen. De canadiske myndigheder sender dig to e-mails: den f\u00f8rste er en kvittering for modtagelsen af din ans\u00f8gning, den anden er et svar p\u00e5 din ans\u00f8gning.<\/p>\n\n<p>V\u00e6r opm\u00e6rksom p\u00e5, at den elektroniske rejsetilladelse til Canada er gyldig i fem \u00e5r (medmindre du \u00e6ndrer dit pas i mellemtiden), hvilket giver dig mulighed for at forny din rejse for at opleve andre regioner eller genopdage steder, du har nydt.<\/p>\n\n<p>Vi h\u00e5ber, at vores tips til at udfylde <a href=\"https:\/\/ave-eta-canada.com\/da\/\">eTA-ans\u00f8gningsskemaet<\/a> for Canada har hjulpet dig.<\/p>\n","protected":false},"excerpt":{"rendered":"<p>Hvordan udfylder jeg eTA-formularen for Canada? For at rejse til Canada er det ikke l\u00e6ngere n\u00f8dvendigt at f\u00e5 et canadisk visum. Det eneste, du skal g\u00f8re, er at f\u00e5 en elektronisk rejsetilladelse eTA via internettet. For et ophold p\u00e5 under 6 m\u00e5neder i Canada: Du kan udfylde formaliteterne for indrejse i Canada direkte via internettet [&hellip;]<\/p>\n","protected":false},"author":1,"featured_media":0,"parent":0,"menu_order":0,"comment_status":"closed","ping_status":"closed","template":"","meta":{"footnotes":""},"class_list":["post-3994","page","type-page","status-publish","hentry"],"yoast_head":"<!-- This site is optimized with the Yoast SEO plugin v26.9 - https:\/\/yoast.com\/product\/yoast-seo-wordpress\/ -->\n<title>Udfyldelse af eTA-formularen for Canada<\/title>\n<meta name=\"description\" content=\"Vil du tage til Canada? Vores eksperthold forklarer, hvordan du ans\u00f8ger og udfylder eTA Canada-formularen korrekt!\" \/>\n<meta name=\"robots\" content=\"index, follow, max-snippet:-1, max-image-preview:large, max-video-preview:-1\" \/>\n<link rel=\"canonical\" href=\"https:\/\/ave-eta-canada.com\/da\/udfylde-eta-formular-for-canada\/\" \/>\n<meta property=\"og:locale\" content=\"da_DK\" \/>\n<meta property=\"og:type\" content=\"article\" \/>\n<meta property=\"og:title\" content=\"Udfyldelse af eTA-formularen for Canada\" \/>\n<meta property=\"og:description\" content=\"Vil du tage til Canada? Vores eksperthold forklarer, hvordan du ans\u00f8ger og udfylder eTA Canada-formularen korrekt!\" \/>\n<meta property=\"og:url\" content=\"https:\/\/ave-eta-canada.com\/da\/udfylde-eta-formular-for-canada\/\" \/>\n<meta property=\"og:site_name\" content=\"VISA CANADA\" \/>\n<meta property=\"article:modified_time\" content=\"2023-04-23T20:23:27+00:00\" \/>\n<meta name=\"twitter:card\" content=\"summary_large_image\" \/>\n<meta name=\"twitter:label1\" content=\"Estimeret l\u00e6setid\" \/>\n\t<meta name=\"twitter:data1\" content=\"3 minutter\" \/>\n<script type=\"application\/ld+json\" class=\"yoast-schema-graph\">{\"@context\":\"https:\/\/schema.org\",\"@graph\":[{\"@type\":\"WebPage\",\"@id\":\"https:\/\/ave-eta-canada.com\/da\/udfylde-eta-formular-for-canada\/\",\"url\":\"https:\/\/ave-eta-canada.com\/da\/udfylde-eta-formular-for-canada\/\",\"name\":\"Udfyldelse af eTA-formularen for Canada\",\"isPartOf\":{\"@id\":\"https:\/\/ave-eta-canada.com\/da\/#website\"},\"datePublished\":\"2023-04-18T14:38:28+00:00\",\"dateModified\":\"2023-04-23T20:23:27+00:00\",\"description\":\"Vil du tage til Canada? Vores eksperthold forklarer, hvordan du ans\u00f8ger og udfylder eTA Canada-formularen korrekt!\",\"breadcrumb\":{\"@id\":\"https:\/\/ave-eta-canada.com\/da\/udfylde-eta-formular-for-canada\/#breadcrumb\"},\"inLanguage\":\"da-DK\",\"potentialAction\":[{\"@type\":\"ReadAction\",\"target\":[\"https:\/\/ave-eta-canada.com\/da\/udfylde-eta-formular-for-canada\/\"]}]},{\"@type\":\"BreadcrumbList\",\"@id\":\"https:\/\/ave-eta-canada.com\/da\/udfylde-eta-formular-for-canada\/#breadcrumb\",\"itemListElement\":[{\"@type\":\"ListItem\",\"position\":1,\"name\":\"Home\",\"item\":\"https:\/\/ave-eta-canada.com\/da\/\"},{\"@type\":\"ListItem\",\"position\":2,\"name\":\"Udfyldelse af eTA-formularen for Canada\"}]},{\"@type\":\"WebSite\",\"@id\":\"https:\/\/ave-eta-canada.com\/da\/#website\",\"url\":\"https:\/\/ave-eta-canada.com\/da\/\",\"name\":\"VISA CANADA\",\"description\":\"Autorisation Voyage Electronique\",\"potentialAction\":[{\"@type\":\"SearchAction\",\"target\":{\"@type\":\"EntryPoint\",\"urlTemplate\":\"https:\/\/ave-eta-canada.com\/da\/?s={search_term_string}\"},\"query-input\":{\"@type\":\"PropertyValueSpecification\",\"valueRequired\":true,\"valueName\":\"search_term_string\"}}],\"inLanguage\":\"da-DK\"}]}<\/script>\n<!-- \/ Yoast SEO plugin. -->","yoast_head_json":{"title":"Udfyldelse af eTA-formularen for Canada","description":"Vil du tage til Canada? Vores eksperthold forklarer, hvordan du ans\u00f8ger og udfylder eTA Canada-formularen korrekt!","robots":{"index":"index","follow":"follow","max-snippet":"max-snippet:-1","max-image-preview":"max-image-preview:large","max-video-preview":"max-video-preview:-1"},"canonical":"https:\/\/ave-eta-canada.com\/da\/udfylde-eta-formular-for-canada\/","og_locale":"da_DK","og_type":"article","og_title":"Udfyldelse af eTA-formularen for Canada","og_description":"Vil du tage til Canada? Vores eksperthold forklarer, hvordan du ans\u00f8ger og udfylder eTA Canada-formularen korrekt!","og_url":"https:\/\/ave-eta-canada.com\/da\/udfylde-eta-formular-for-canada\/","og_site_name":"VISA CANADA","article_modified_time":"2023-04-23T20:23:27+00:00","twitter_card":"summary_large_image","twitter_misc":{"Estimeret l\u00e6setid":"3 minutter"},"schema":{"@context":"https:\/\/schema.org","@graph":[{"@type":"WebPage","@id":"https:\/\/ave-eta-canada.com\/da\/udfylde-eta-formular-for-canada\/","url":"https:\/\/ave-eta-canada.com\/da\/udfylde-eta-formular-for-canada\/","name":"Udfyldelse af eTA-formularen for Canada","isPartOf":{"@id":"https:\/\/ave-eta-canada.com\/da\/#website"},"datePublished":"2023-04-18T14:38:28+00:00","dateModified":"2023-04-23T20:23:27+00:00","description":"Vil du tage til Canada? Vores eksperthold forklarer, hvordan du ans\u00f8ger og udfylder eTA Canada-formularen korrekt!","breadcrumb":{"@id":"https:\/\/ave-eta-canada.com\/da\/udfylde-eta-formular-for-canada\/#breadcrumb"},"inLanguage":"da-DK","potentialAction":[{"@type":"ReadAction","target":["https:\/\/ave-eta-canada.com\/da\/udfylde-eta-formular-for-canada\/"]}]},{"@type":"BreadcrumbList","@id":"https:\/\/ave-eta-canada.com\/da\/udfylde-eta-formular-for-canada\/#breadcrumb","itemListElement":[{"@type":"ListItem","position":1,"name":"Home","item":"https:\/\/ave-eta-canada.com\/da\/"},{"@type":"ListItem","position":2,"name":"Udfyldelse af eTA-formularen for Canada"}]},{"@type":"WebSite","@id":"https:\/\/ave-eta-canada.com\/da\/#website","url":"https:\/\/ave-eta-canada.com\/da\/","name":"VISA CANADA","description":"Autorisation Voyage Electronique","potentialAction":[{"@type":"SearchAction","target":{"@type":"EntryPoint","urlTemplate":"https:\/\/ave-eta-canada.com\/da\/?s={search_term_string}"},"query-input":{"@type":"PropertyValueSpecification","valueRequired":true,"valueName":"search_term_string"}}],"inLanguage":"da-DK"}]}},"_links":{"self":[{"href":"https:\/\/ave-eta-canada.com\/da\/wp-json\/wp\/v2\/pages\/3994","targetHints":{"allow":["GET"]}}],"collection":[{"href":"https:\/\/ave-eta-canada.com\/da\/wp-json\/wp\/v2\/pages"}],"about":[{"href":"https:\/\/ave-eta-canada.com\/da\/wp-json\/wp\/v2\/types\/page"}],"author":[{"embeddable":true,"href":"https:\/\/ave-eta-canada.com\/da\/wp-json\/wp\/v2\/users\/1"}],"replies":[{"embeddable":true,"href":"https:\/\/ave-eta-canada.com\/da\/wp-json\/wp\/v2\/comments?post=3994"}],"version-history":[{"count":0,"href":"https:\/\/ave-eta-canada.com\/da\/wp-json\/wp\/v2\/pages\/3994\/revisions"}],"wp:attachment":[{"href":"https:\/\/ave-eta-canada.com\/da\/wp-json\/wp\/v2\/media?parent=3994"}],"curies":[{"name":"wp","href":"https:\/\/api.w.org\/{rel}","templated":true}]}}