{"id":4007,"date":"2023-04-18T14:41:22","date_gmt":"2023-04-18T14:41:22","guid":{"rendered":"https:\/\/ave-eta-canada.com\/visa-ou-ave-canada\/"},"modified":"2023-04-23T20:42:52","modified_gmt":"2023-04-23T20:42:52","slug":"visum-eller-eta-canada","status":"publish","type":"page","link":"https:\/\/ave-eta-canada.com\/da\/visum-eller-eta-canada\/","title":{"rendered":"Visum eller eTA Canada?"},"content":{"rendered":"\n<h1 class=\"wp-block-heading\">Skal jeg ans\u00f8ge om et visum til Canada eller et eTA?<\/h1>\n\n<p>Skal jeg ans\u00f8ge om et Canadavisum eller et eTA, n\u00e5r jeg rejser til Canada? At v\u00e6lge den rigtige rejsetilladelse er et vigtigt skridt i forberedelserne til din rejse til Canada, da det er afg\u00f8rende for, om du kan rejse ind i Canada eller ej.<\/p>\n\n<p><strong>For et ophold p\u00e5 under 6 m\u00e5neder i Canada<\/strong>: Du kan udfylde formaliteterne for indrejse i Canada direkte via internettet ved at klikke p\u00e5 <a href=\"https:\/\/ave-eta-canada.com\/da\/eta-canada-formular-online\/\">onlineformularen<\/a>. Det er ikke n\u00f8dvendigt at lave en aftale p\u00e5 den canadiske ambassade eller det canadiske konsulat.<\/p>\n\n<p>Der er en del administrative skridt at tage inden afrejse, fra det gyldige pas, der skal anskaffes, til den rejseforsikring, der skal bestilles, til indkvartering og transport. I denne artikel vil vi skelne mellem kravene til et canadisk visum og eTA Canada for at afg\u00f8re, hvilket dokument der er mest hensigtsm\u00e6ssigt for dit ophold.<br\/><\/p>\n\n<h2 class=\"wp-block-heading\">eTA-ans\u00f8gning eller visumans\u00f8gning?<\/h2>\n\n<p>F\u00f8r du <a href=\"https:\/\/ave-eta-canada.com\/da\/har-du-brug-for-et-visum-for-at-rejse-til-canada\/\">ans\u00f8ger om et visum eller en eTA<\/a> Canada, er det bedst at finde ud af mere om emnet.<\/p>\n\n<h3 class=\"wp-block-heading\">Pr\u00e6sentation af eTA<\/h3>\n\n<p>Canadavisummet er en elektronisk rejsetilladelse, som kan f\u00e5s af berettigede personer, der \u00f8nsker at bes\u00f8ge Canada med henblik p\u00e5 turisme, forretning (uden vederlag) eller transit i h\u00f8jst seks m\u00e5neder. Canada eTA er kun p\u00e5kr\u00e6vet ved flyrejser og er <a href=\"https:\/\/ave-eta-canada.com\/da\/eta-canada-gyldighedsperiode\/\">gyldigt i h\u00f8jst<\/a> 5 \u00e5r.<\/p>\n\n<p><a href=\"https:\/\/ave-eta-canada.com\/da\/\">eTA Canada <\/a>er et dokument, der kun er online. For at ans\u00f8ge skal du udfylde formularen enten p\u00e5 det offentlige websted eller gennem et privat firma, som klarer papirarbejdet for dig og kontrollerer alle de data, du indtaster, for at mindske risikoen for, at din ans\u00f8gning bliver afvist. eTA er direkte knyttet til dit pas, dvs. at hvis du f\u00e5r et nyt pas, skal du ans\u00f8ge om en ny eTA Canada.<\/p>\n\n<h3 class=\"wp-block-heading\">Udstedelse af Canada-visum<\/h3>\n\n<p>For dem, der \u00f8nsker at studere i Canada, arbejde eller tage et praktikophold, er det n\u00f8dvendigt at ans\u00f8ge om et canadisk visum. Ans\u00f8gningen om visum indgives til den canadiske ambassade og afh\u00e6nger af opholdets art:<\/p>\n\n<ul class=\"wp-block-list\"><li>visum til bes\u00f8gende (eller turister) ;<\/li><li>visum til studerende ;<\/li><li>arbejdstilladelse ;<\/li><li>midlertidig opholdstilladelse ;<\/li><li><a href=\"https:\/\/ave-eta-canada.com\/da\/pvt-canada-hvordan-man-far-sin-arbejdstilladelse-til-ferie\/\">tilladelse til at holde arbejdsferie eller WHP<\/a><\/li><\/ul>\n\n<p>Det er derfor muligt at arbejde eller studere i Canada med et visum. Det er dog ikke let at f\u00e5 disse typer visa, og ans\u00f8gningen skal v\u00e6re velforberedt (jobtilbud om arbejde i Canada, brev om indskrivning og accept af skoleophold osv.).<\/p>\n\n<p>Et bes\u00f8gsvisum erstatter eTA-visum for statsborgere fra lande, der ikke har ret til dette visum. men ogs\u00e5 for visse borgere, der \u00f8nsker at rejse til Canada ad land- eller s\u00f8vej. Bem\u00e6rk, at hvis du \u00f8nsker at rejse til Canada ad landvejen, beh\u00f8ver du ikke at ans\u00f8ge om et bes\u00f8gsvisum eller en eTA-ans\u00f8gning, hvis du er statsborger i et EU-land.<\/p>\n\n<p>Der findes ogs\u00e5 et visum til permanent ophold, men det er sv\u00e6rt at f\u00e5, da den canadiske regering filtrerer og kun accepterer profiler, som den finder interessante.<br\/><br\/><\/p>\n\n<h2 class=\"wp-block-heading\">Betaling for en eTA Canada eller en visumans\u00f8gning<\/h2>\n\n<p>Det er ikke gratis at ans\u00f8ge om et visum eller en eTA Canada. <a href=\"https:\/\/ave-eta-canada.com\/da\/eta-canada-dens-pris\/\">Prisen for en eTA Canada<\/a> er fastsat til 7 $ CAN, og et visum koster mellem 100 og 150 $ CAN.<\/p>\n\n<p>Du har nu alle de oplysninger, du har brug for at vide om, hvorvidt du skal ans\u00f8ge om et visum eller en eTA Canada. Tror du, at du har brug for et canadisk visum eller et eTA? Er du klar til at bes\u00f8ge landet med karibous og ahornsirup?<\/p>\n","protected":false},"excerpt":{"rendered":"<p>Skal jeg ans\u00f8ge om et visum til Canada eller et eTA? Skal jeg ans\u00f8ge om et Canadavisum eller et eTA, n\u00e5r jeg rejser til Canada? At v\u00e6lge den rigtige rejsetilladelse er et vigtigt skridt i forberedelserne til din rejse til Canada, da det er afg\u00f8rende for, om du kan rejse ind i Canada eller ej. [&hellip;]<\/p>\n","protected":false},"author":1,"featured_media":0,"parent":0,"menu_order":0,"comment_status":"closed","ping_status":"closed","template":"","meta":{"footnotes":""},"class_list":["post-4007","page","type-page","status-publish","hentry"],"yoast_head":"<!-- This site is optimized with the Yoast SEO plugin v26.9 - https:\/\/yoast.com\/product\/yoast-seo-wordpress\/ -->\n<title>Visum eller eTA Canada?<\/title>\n<meta name=\"description\" content=\"Hvis du planl\u00e6gger at bes\u00f8ge Canada i den n\u00e6rmeste fremtid, skal du have en indrejsetilladelse. S\u00e5, visum eller eTA Canada?\" \/>\n<meta name=\"robots\" content=\"index, follow, max-snippet:-1, max-image-preview:large, max-video-preview:-1\" \/>\n<link rel=\"canonical\" href=\"https:\/\/ave-eta-canada.com\/da\/visum-eller-eta-canada\/\" \/>\n<meta property=\"og:locale\" content=\"da_DK\" \/>\n<meta property=\"og:type\" content=\"article\" \/>\n<meta property=\"og:title\" content=\"Visum eller eTA Canada?\" \/>\n<meta property=\"og:description\" content=\"Hvis du planl\u00e6gger at bes\u00f8ge Canada i den n\u00e6rmeste fremtid, skal du have en indrejsetilladelse. S\u00e5, visum eller eTA Canada?\" \/>\n<meta property=\"og:url\" content=\"https:\/\/ave-eta-canada.com\/da\/visum-eller-eta-canada\/\" \/>\n<meta property=\"og:site_name\" content=\"VISA CANADA\" \/>\n<meta property=\"article:modified_time\" content=\"2023-04-23T20:42:52+00:00\" \/>\n<meta name=\"twitter:card\" content=\"summary_large_image\" \/>\n<meta name=\"twitter:label1\" content=\"Estimeret l\u00e6setid\" \/>\n\t<meta name=\"twitter:data1\" content=\"3 minutter\" \/>\n<script type=\"application\/ld+json\" class=\"yoast-schema-graph\">{\"@context\":\"https:\/\/schema.org\",\"@graph\":[{\"@type\":\"WebPage\",\"@id\":\"https:\/\/ave-eta-canada.com\/da\/visum-eller-eta-canada\/\",\"url\":\"https:\/\/ave-eta-canada.com\/da\/visum-eller-eta-canada\/\",\"name\":\"Visum eller eTA Canada?\",\"isPartOf\":{\"@id\":\"https:\/\/ave-eta-canada.com\/da\/#website\"},\"datePublished\":\"2023-04-18T14:41:22+00:00\",\"dateModified\":\"2023-04-23T20:42:52+00:00\",\"description\":\"Hvis du planl\u00e6gger at bes\u00f8ge Canada i den n\u00e6rmeste fremtid, skal du have en indrejsetilladelse. S\u00e5, visum eller eTA Canada?\",\"breadcrumb\":{\"@id\":\"https:\/\/ave-eta-canada.com\/da\/visum-eller-eta-canada\/#breadcrumb\"},\"inLanguage\":\"da-DK\",\"potentialAction\":[{\"@type\":\"ReadAction\",\"target\":[\"https:\/\/ave-eta-canada.com\/da\/visum-eller-eta-canada\/\"]}]},{\"@type\":\"BreadcrumbList\",\"@id\":\"https:\/\/ave-eta-canada.com\/da\/visum-eller-eta-canada\/#breadcrumb\",\"itemListElement\":[{\"@type\":\"ListItem\",\"position\":1,\"name\":\"Home\",\"item\":\"https:\/\/ave-eta-canada.com\/da\/\"},{\"@type\":\"ListItem\",\"position\":2,\"name\":\"Visum eller eTA Canada?\"}]},{\"@type\":\"WebSite\",\"@id\":\"https:\/\/ave-eta-canada.com\/da\/#website\",\"url\":\"https:\/\/ave-eta-canada.com\/da\/\",\"name\":\"VISA CANADA\",\"description\":\"Autorisation Voyage Electronique\",\"potentialAction\":[{\"@type\":\"SearchAction\",\"target\":{\"@type\":\"EntryPoint\",\"urlTemplate\":\"https:\/\/ave-eta-canada.com\/da\/?s={search_term_string}\"},\"query-input\":{\"@type\":\"PropertyValueSpecification\",\"valueRequired\":true,\"valueName\":\"search_term_string\"}}],\"inLanguage\":\"da-DK\"}]}<\/script>\n<!-- \/ Yoast SEO plugin. -->","yoast_head_json":{"title":"Visum eller eTA Canada?","description":"Hvis du planl\u00e6gger at bes\u00f8ge Canada i den n\u00e6rmeste fremtid, skal du have en indrejsetilladelse. S\u00e5, visum eller eTA Canada?","robots":{"index":"index","follow":"follow","max-snippet":"max-snippet:-1","max-image-preview":"max-image-preview:large","max-video-preview":"max-video-preview:-1"},"canonical":"https:\/\/ave-eta-canada.com\/da\/visum-eller-eta-canada\/","og_locale":"da_DK","og_type":"article","og_title":"Visum eller eTA Canada?","og_description":"Hvis du planl\u00e6gger at bes\u00f8ge Canada i den n\u00e6rmeste fremtid, skal du have en indrejsetilladelse. S\u00e5, visum eller eTA Canada?","og_url":"https:\/\/ave-eta-canada.com\/da\/visum-eller-eta-canada\/","og_site_name":"VISA CANADA","article_modified_time":"2023-04-23T20:42:52+00:00","twitter_card":"summary_large_image","twitter_misc":{"Estimeret l\u00e6setid":"3 minutter"},"schema":{"@context":"https:\/\/schema.org","@graph":[{"@type":"WebPage","@id":"https:\/\/ave-eta-canada.com\/da\/visum-eller-eta-canada\/","url":"https:\/\/ave-eta-canada.com\/da\/visum-eller-eta-canada\/","name":"Visum eller eTA Canada?","isPartOf":{"@id":"https:\/\/ave-eta-canada.com\/da\/#website"},"datePublished":"2023-04-18T14:41:22+00:00","dateModified":"2023-04-23T20:42:52+00:00","description":"Hvis du planl\u00e6gger at bes\u00f8ge Canada i den n\u00e6rmeste fremtid, skal du have en indrejsetilladelse. S\u00e5, visum eller eTA Canada?","breadcrumb":{"@id":"https:\/\/ave-eta-canada.com\/da\/visum-eller-eta-canada\/#breadcrumb"},"inLanguage":"da-DK","potentialAction":[{"@type":"ReadAction","target":["https:\/\/ave-eta-canada.com\/da\/visum-eller-eta-canada\/"]}]},{"@type":"BreadcrumbList","@id":"https:\/\/ave-eta-canada.com\/da\/visum-eller-eta-canada\/#breadcrumb","itemListElement":[{"@type":"ListItem","position":1,"name":"Home","item":"https:\/\/ave-eta-canada.com\/da\/"},{"@type":"ListItem","position":2,"name":"Visum eller eTA Canada?"}]},{"@type":"WebSite","@id":"https:\/\/ave-eta-canada.com\/da\/#website","url":"https:\/\/ave-eta-canada.com\/da\/","name":"VISA CANADA","description":"Autorisation Voyage Electronique","potentialAction":[{"@type":"SearchAction","target":{"@type":"EntryPoint","urlTemplate":"https:\/\/ave-eta-canada.com\/da\/?s={search_term_string}"},"query-input":{"@type":"PropertyValueSpecification","valueRequired":true,"valueName":"search_term_string"}}],"inLanguage":"da-DK"}]}},"_links":{"self":[{"href":"https:\/\/ave-eta-canada.com\/da\/wp-json\/wp\/v2\/pages\/4007","targetHints":{"allow":["GET"]}}],"collection":[{"href":"https:\/\/ave-eta-canada.com\/da\/wp-json\/wp\/v2\/pages"}],"about":[{"href":"https:\/\/ave-eta-canada.com\/da\/wp-json\/wp\/v2\/types\/page"}],"author":[{"embeddable":true,"href":"https:\/\/ave-eta-canada.com\/da\/wp-json\/wp\/v2\/users\/1"}],"replies":[{"embeddable":true,"href":"https:\/\/ave-eta-canada.com\/da\/wp-json\/wp\/v2\/comments?post=4007"}],"version-history":[{"count":0,"href":"https:\/\/ave-eta-canada.com\/da\/wp-json\/wp\/v2\/pages\/4007\/revisions"}],"wp:attachment":[{"href":"https:\/\/ave-eta-canada.com\/da\/wp-json\/wp\/v2\/media?parent=4007"}],"curies":[{"name":"wp","href":"https:\/\/api.w.org\/{rel}","templated":true}]}}