{"id":4008,"date":"2023-04-18T14:41:22","date_gmt":"2023-04-18T14:41:22","guid":{"rendered":"https:\/\/ave-eta-canada.com\/the-wash-validity-canada-2\/"},"modified":"2023-04-23T17:25:20","modified_gmt":"2023-04-23T17:25:20","slug":"gyldigheden-af-eta-canada","status":"publish","type":"page","link":"https:\/\/ave-eta-canada.com\/da\/gyldigheden-af-eta-canada\/","title":{"rendered":"Gyldigheden af eTA Canada"},"content":{"rendered":"\n<h1 class=\"wp-block-heading\">Hvad er gyldigheden af eTA Canada?<\/h1>\n\n<p>For at kunne rejse til Canada skal du have en elektronisk rejsetilladelse. Denne tilladelse udstedes via internettet p\u00e5 samme m\u00e5de som en ESTA-ans\u00f8gning til USA.<\/p>\n\n<p><strong>For et ophold p\u00e5 under 6 m\u00e5neder i Canada<\/strong>: Du kan udfylde formaliteterne for indrejse i Canada direkte via internettet ved at klikke p\u00e5 <a href=\"https:\/\/ave-eta-canada.com\/da\/eta-canada-formular-online\/\">onlineformularen<\/a>. Det er ikke n\u00f8dvendigt at lave en aftale p\u00e5 den canadiske ambassade eller det canadiske konsulat.<\/p>\n\n<p>Nedenfor giver vi dig oplysninger om eTA&#8217;s gyldighed.<br\/><\/p>\n\n<h2 class=\"wp-block-heading\">Hvordan kan jeg kontrollere gyldigheden af en eTA Canada?<\/h2>\n\n<p>eTA Canada, for Electronic Travel Authorization, er et officielt elektronisk dokument, der f\u00e5s ved hj\u00e6lp af en online-ans\u00f8gning p\u00e5 den canadiske regerings websted. Det er med andre ord ikke n\u00f8dvendigt at henvende sig til den canadiske ambassade eller eventuelt konsulat for at f\u00e5 denne tilladelse. Kun IRCC (Immigration, Refugees, Citizenship Canada) har tilladelse til at udstede en EVP til statsborgere fra canadiske lande, der er fritaget for visumpligt (herunder franske statsborgere), som opfylder <a href=\"https:\/\/ave-eta-canada.com\/da\/eta-krav-for-at-rejse-til-canada\/\">betingelserne for at komme i betragtning<\/a>.<\/p>\n\n<p>Da det kun er den canadiske regering, der kan udstede en rejsetilladelse, er det ikke n\u00f8dvendigt at ans\u00f8ge p\u00e5 det officielle websted. Det er helt muligt at anvende en privat organisation, som f.eks. vores partner, til at ans\u00f8ge om en eTA. I mods\u00e6tning til ministeriets websted tilbyder en privat organisation dig personlig hj\u00e6lp i tilf\u00e6lde af behov. Gyldigheden af eTA Canada p\u00e5virkes p\u00e5 ingen m\u00e5de, hvis den er opn\u00e5et via et privat websted.<\/p>\n\n<p>Gyldigheden af eTA Canada afh\u00e6nger af det pas, som det er knyttet til. Det er naturligvis kun gyldigt pas, der anerkendes (rejsetips: det anbefales at have seks m\u00e5neders gyldighed tilbage). I tilf\u00e6lde af et nyt pas eller en \u00e6ndring af pasoplysningerne skal der indgives en ny ans\u00f8gning til de canadiske myndigheder. Vi minder dig om, at for at udfylde eTA Canada-formularen skal pasnummer, indehaverens navn og efternavn, f\u00f8dselsdato og -sted, k\u00f8n, udstedelsesdato og udl\u00f8bsdato udfyldes. En \u00e6ndring af disse data g\u00f8r eTA&#8217;en ugyldig.<\/p>\n\n<p>Da ans\u00f8gningen om tilladelse ogs\u00e5 er baseret p\u00e5 4 sp\u00f8rgsm\u00e5l vedr\u00f8rende den rejsendes situation, afh\u00e6nger gyldigheden af eTA Canada af udviklingen i situationen. I tilf\u00e6lde af f.eks. en ny ubehandlet sygdom eller en ny kriminel handling er eTA&#8217;en s\u00e5ledes ikke l\u00e6ngere gyldig. Disse oplysninger er imidlertid vanskelige at kontrollere og afh\u00e6nger derfor af den rejsendes \u00e6rlighed.<\/p>\n\n<p>Det er ikke n\u00f8dvendigt at udskrive tilladelsen, da den er elektronisk. Det er dog obligatorisk at indhente tilladelse, f\u00f8r man rejser. eTA Canadas validitet er ikke kompromitteret af, at der ikke findes en papirudgave. Gr\u00e6nsetjenestemanden beder ikke om at se eTA, men vil sandsynligvis bede om udrejsebilletten og andre n\u00f8dvendige dokumenter, der er relevante for situationen, is\u00e6r hvis der er et mindre\u00e5rigt barn, der rejser med dig (f.eks. en f\u00f8dselsattest, en fotokopi af skilsmisseattesten osv.).<br\/><br\/><\/p>\n\n<h2 class=\"wp-block-heading\">Hvor l\u00e6nge er eTA Canada gyldigt?<\/h2>\n\n<p>Det er ikke n\u00f8dvendigt at udfylde <a href=\"https:\/\/ave-eta-canada.com\/da\/udfylde-eta-formular-for-canada\/\">online-formularen<\/a> for alle rejser til Canada: eTA Canada er gyldigt i 5 \u00e5r fra udstedelsesdatoen. Godkendelse eller afslag meddeles meget hurtigt pr. e-mail, n\u00e5r <a href=\"https:\/\/ave-eta-canada.com\/da\/eta-canada-dens-pris\/\">betalingen p\u00e5 7 $ CAN<\/a> er foretaget. I undtagelsestilf\u00e6lde kan Canada Immigration Services vente med at behandle en ans\u00f8gning, hvis der er behov for yderligere dokumentation. Under alle omst\u00e6ndigheder vil den canadiske immigrationsmyndighed kontakte ans\u00f8geren inden for f\u00e5 dage. Du f\u00e5r en kvittering for modtagelsen inden for 72 timer. I tilf\u00e6lde af afslag kan ans\u00f8geren indgive en ny ans\u00f8gning, hvis han\/hun mener, at det negative svar skyldes en indtastningsfejl. Hvis der ikke er beg\u00e5et fejl, kan visumans\u00f8gningen sendes til den canadiske ambassade. Det er ikke en hindring for at f\u00e5 et canadisk visum, at man ikke er berettiget til eTA.<\/p>\n\n<p>Det skal bem\u00e6rkes, at <a href=\"https:\/\/ave-eta-canada.com\/da\/eta-canada-gyldighedsperiode\/\">gyldigheden af Canada eTA<\/a> &#8216;et afh\u00e6nger af gyldigheden af det pas, der anvendes p\u00e5 ans\u00f8gningstidspunktet. Den canadiske regering udsteder et eTA i h\u00f8jst 5 \u00e5r, forudsat at passet ikke udl\u00f8ber inden da. Hvis et e-pas eller biometrisk pas f.eks. udl\u00f8ber inden for tre \u00e5r efter ans\u00f8gningen, er eTA&#8217;et gyldigt i tre \u00e5r. Det er ikke muligt at overf\u00f8re de resterende to \u00e5r til et nyt pas.<\/p>\n\n<p>Den rejsende kan foretage s\u00e5 mange bes\u00f8g, som han eller hun \u00f8nsker, i l\u00f8bet af Canada eTA&#8217;ens 5-\u00e5rige gyldighedsperiode, forudsat at hvert bes\u00f8g ikke overstiger 6 m\u00e5neder. Der er ikke tale om permanent ophold med en eTA-tilladelse, men blot om et turistophold. Det skal ogs\u00e5 bem\u00e6rkes, at et eTA kun er p\u00e5kr\u00e6vet ved indrejse i Canada med fly, herunder transit.<\/p>\n","protected":false},"excerpt":{"rendered":"<p>Hvad er gyldigheden af eTA Canada? For at kunne rejse til Canada skal du have en elektronisk rejsetilladelse. Denne tilladelse udstedes via internettet p\u00e5 samme m\u00e5de som en ESTA-ans\u00f8gning til USA. For et ophold p\u00e5 under 6 m\u00e5neder i Canada: Du kan udfylde formaliteterne for indrejse i Canada direkte via internettet ved at klikke p\u00e5 [&hellip;]<\/p>\n","protected":false},"author":1,"featured_media":0,"parent":0,"menu_order":0,"comment_status":"closed","ping_status":"closed","template":"","meta":{"footnotes":""},"class_list":["post-4008","page","type-page","status-publish","hentry"],"yoast_head":"<!-- This site is optimized with the Yoast SEO plugin v26.9 - https:\/\/yoast.com\/product\/yoast-seo-wordpress\/ -->\n<title>Gyldigheden af eTA Canada<\/title>\n<meta name=\"description\" content=\"Canada har indf\u00f8rt en elektronisk rejsetilladelse (eTA), som skal indhentes f\u00f8r afrejse. Hvor l\u00e6nge er denne tilladelse gyldig?\" \/>\n<meta name=\"robots\" content=\"index, follow, max-snippet:-1, max-image-preview:large, max-video-preview:-1\" \/>\n<link rel=\"canonical\" href=\"https:\/\/ave-eta-canada.com\/da\/gyldigheden-af-eta-canada\/\" \/>\n<meta property=\"og:locale\" content=\"da_DK\" \/>\n<meta property=\"og:type\" content=\"article\" \/>\n<meta property=\"og:title\" content=\"Gyldigheden af eTA Canada\" \/>\n<meta property=\"og:description\" content=\"Canada har indf\u00f8rt en elektronisk rejsetilladelse (eTA), som skal indhentes f\u00f8r afrejse. Hvor l\u00e6nge er denne tilladelse gyldig?\" \/>\n<meta property=\"og:url\" content=\"https:\/\/ave-eta-canada.com\/da\/gyldigheden-af-eta-canada\/\" \/>\n<meta property=\"og:site_name\" content=\"VISA CANADA\" \/>\n<meta property=\"article:modified_time\" content=\"2023-04-23T17:25:20+00:00\" \/>\n<meta name=\"twitter:card\" content=\"summary_large_image\" \/>\n<meta name=\"twitter:label1\" content=\"Estimeret l\u00e6setid\" \/>\n\t<meta name=\"twitter:data1\" content=\"4 minutter\" \/>\n<script type=\"application\/ld+json\" class=\"yoast-schema-graph\">{\"@context\":\"https:\/\/schema.org\",\"@graph\":[{\"@type\":\"WebPage\",\"@id\":\"https:\/\/ave-eta-canada.com\/da\/gyldigheden-af-eta-canada\/\",\"url\":\"https:\/\/ave-eta-canada.com\/da\/gyldigheden-af-eta-canada\/\",\"name\":\"Gyldigheden af eTA Canada\",\"isPartOf\":{\"@id\":\"https:\/\/ave-eta-canada.com\/da\/#website\"},\"datePublished\":\"2023-04-18T14:41:22+00:00\",\"dateModified\":\"2023-04-23T17:25:20+00:00\",\"description\":\"Canada har indf\u00f8rt en elektronisk rejsetilladelse (eTA), som skal indhentes f\u00f8r afrejse. Hvor l\u00e6nge er denne tilladelse gyldig?\",\"breadcrumb\":{\"@id\":\"https:\/\/ave-eta-canada.com\/da\/gyldigheden-af-eta-canada\/#breadcrumb\"},\"inLanguage\":\"da-DK\",\"potentialAction\":[{\"@type\":\"ReadAction\",\"target\":[\"https:\/\/ave-eta-canada.com\/da\/gyldigheden-af-eta-canada\/\"]}]},{\"@type\":\"BreadcrumbList\",\"@id\":\"https:\/\/ave-eta-canada.com\/da\/gyldigheden-af-eta-canada\/#breadcrumb\",\"itemListElement\":[{\"@type\":\"ListItem\",\"position\":1,\"name\":\"Home\",\"item\":\"https:\/\/ave-eta-canada.com\/da\/\"},{\"@type\":\"ListItem\",\"position\":2,\"name\":\"Gyldigheden af eTA Canada\"}]},{\"@type\":\"WebSite\",\"@id\":\"https:\/\/ave-eta-canada.com\/da\/#website\",\"url\":\"https:\/\/ave-eta-canada.com\/da\/\",\"name\":\"VISA CANADA\",\"description\":\"Autorisation Voyage Electronique\",\"potentialAction\":[{\"@type\":\"SearchAction\",\"target\":{\"@type\":\"EntryPoint\",\"urlTemplate\":\"https:\/\/ave-eta-canada.com\/da\/?s={search_term_string}\"},\"query-input\":{\"@type\":\"PropertyValueSpecification\",\"valueRequired\":true,\"valueName\":\"search_term_string\"}}],\"inLanguage\":\"da-DK\"}]}<\/script>\n<!-- \/ Yoast SEO plugin. -->","yoast_head_json":{"title":"Gyldigheden af eTA Canada","description":"Canada har indf\u00f8rt en elektronisk rejsetilladelse (eTA), som skal indhentes f\u00f8r afrejse. Hvor l\u00e6nge er denne tilladelse gyldig?","robots":{"index":"index","follow":"follow","max-snippet":"max-snippet:-1","max-image-preview":"max-image-preview:large","max-video-preview":"max-video-preview:-1"},"canonical":"https:\/\/ave-eta-canada.com\/da\/gyldigheden-af-eta-canada\/","og_locale":"da_DK","og_type":"article","og_title":"Gyldigheden af eTA Canada","og_description":"Canada har indf\u00f8rt en elektronisk rejsetilladelse (eTA), som skal indhentes f\u00f8r afrejse. Hvor l\u00e6nge er denne tilladelse gyldig?","og_url":"https:\/\/ave-eta-canada.com\/da\/gyldigheden-af-eta-canada\/","og_site_name":"VISA CANADA","article_modified_time":"2023-04-23T17:25:20+00:00","twitter_card":"summary_large_image","twitter_misc":{"Estimeret l\u00e6setid":"4 minutter"},"schema":{"@context":"https:\/\/schema.org","@graph":[{"@type":"WebPage","@id":"https:\/\/ave-eta-canada.com\/da\/gyldigheden-af-eta-canada\/","url":"https:\/\/ave-eta-canada.com\/da\/gyldigheden-af-eta-canada\/","name":"Gyldigheden af eTA Canada","isPartOf":{"@id":"https:\/\/ave-eta-canada.com\/da\/#website"},"datePublished":"2023-04-18T14:41:22+00:00","dateModified":"2023-04-23T17:25:20+00:00","description":"Canada har indf\u00f8rt en elektronisk rejsetilladelse (eTA), som skal indhentes f\u00f8r afrejse. Hvor l\u00e6nge er denne tilladelse gyldig?","breadcrumb":{"@id":"https:\/\/ave-eta-canada.com\/da\/gyldigheden-af-eta-canada\/#breadcrumb"},"inLanguage":"da-DK","potentialAction":[{"@type":"ReadAction","target":["https:\/\/ave-eta-canada.com\/da\/gyldigheden-af-eta-canada\/"]}]},{"@type":"BreadcrumbList","@id":"https:\/\/ave-eta-canada.com\/da\/gyldigheden-af-eta-canada\/#breadcrumb","itemListElement":[{"@type":"ListItem","position":1,"name":"Home","item":"https:\/\/ave-eta-canada.com\/da\/"},{"@type":"ListItem","position":2,"name":"Gyldigheden af eTA Canada"}]},{"@type":"WebSite","@id":"https:\/\/ave-eta-canada.com\/da\/#website","url":"https:\/\/ave-eta-canada.com\/da\/","name":"VISA CANADA","description":"Autorisation Voyage Electronique","potentialAction":[{"@type":"SearchAction","target":{"@type":"EntryPoint","urlTemplate":"https:\/\/ave-eta-canada.com\/da\/?s={search_term_string}"},"query-input":{"@type":"PropertyValueSpecification","valueRequired":true,"valueName":"search_term_string"}}],"inLanguage":"da-DK"}]}},"_links":{"self":[{"href":"https:\/\/ave-eta-canada.com\/da\/wp-json\/wp\/v2\/pages\/4008","targetHints":{"allow":["GET"]}}],"collection":[{"href":"https:\/\/ave-eta-canada.com\/da\/wp-json\/wp\/v2\/pages"}],"about":[{"href":"https:\/\/ave-eta-canada.com\/da\/wp-json\/wp\/v2\/types\/page"}],"author":[{"embeddable":true,"href":"https:\/\/ave-eta-canada.com\/da\/wp-json\/wp\/v2\/users\/1"}],"replies":[{"embeddable":true,"href":"https:\/\/ave-eta-canada.com\/da\/wp-json\/wp\/v2\/comments?post=4008"}],"version-history":[{"count":0,"href":"https:\/\/ave-eta-canada.com\/da\/wp-json\/wp\/v2\/pages\/4008\/revisions"}],"wp:attachment":[{"href":"https:\/\/ave-eta-canada.com\/da\/wp-json\/wp\/v2\/media?parent=4008"}],"curies":[{"name":"wp","href":"https:\/\/api.w.org\/{rel}","templated":true}]}}