{"id":4027,"date":"2023-04-18T14:41:23","date_gmt":"2023-04-18T14:41:23","guid":{"rendered":"https:\/\/ave-eta-canada.com\/hvad-er-leta-canada\/"},"modified":"2023-05-09T08:55:13","modified_gmt":"2023-05-09T08:55:13","slug":"praesentation-af-eta-canada","status":"publish","type":"page","link":"https:\/\/ave-eta-canada.com\/da\/praesentation-af-eta-canada\/","title":{"rendered":"eTA Canada-autorisationsoversigt"},"content":{"rendered":"\n<h1 class=\"wp-block-heading\">Pr\u00e6sentation af eTA Canada<\/h1>\n\n<p>Ligesom USA har Canada indf\u00f8rt en elektronisk rejsetilladelse, der p\u00e5 engelsk hedder eTA Canada (eTA p\u00e5 fransk).<\/p>\n\n<p><strong>For et ophold p\u00e5 under 6 m\u00e5neder i Canada<\/strong>: Du kan udfylde formaliteterne for indrejse i Canada direkte via internettet ved at klikke p\u00e5 <a href=\"https:\/\/ave-eta-canada.com\/da\/eta-canada-formular-online\/\">onlineformularen<\/a>. Det er ikke n\u00f8dvendigt at lave en aftale p\u00e5 den canadiske ambassade eller det canadiske konsulat.<br\/><\/p>\n\n<h2 class=\"wp-block-heading\">eTA Canada, en obligatorisk rejsetilladelse<\/h2>\n\n<p>eller <a href=\"https:\/\/ave-eta-canada.com\/da\/\">eTA Canada<\/a>, er et elektronisk dokument, der giver statsborgere fra flere lande mulighed for at bes\u00f8ge Canada uden visum. Da Frankrig er et canadisk visumfrit land, kan franske statsborgere rejse til Canada uden f\u00f8rst at konsultere den canadiske ambassade.<\/p>\n\n<p>Betingelserne for at opn\u00e5 <a href=\"https:\/\/ave-eta-canada.com\/da\/praesentation-af-eta-canada\/\">eTA Canada<\/a> er ikke s\u00e6rlig restriktive, men det er stadig obligatorisk. De canadiske immigrationsmyndigheder tillader ikke indrejse i Canada uden en gyldig tilladelse. For at ans\u00f8ge om en eTA Canada-tilladelse skal den rejsende :<\/p>\n\n<ul class=\"wp-block-list\"><li>v\u00e6re statsborger i et land, der kan komme i betragtning;<\/li><li>have et gyldigt pas med mindst 6 m\u00e5neders restgyldighed;<\/li><li>rejse til Canada med fly ;<\/li><li>opholde sig i Canada i h\u00f8jst 6 m\u00e5neder;<\/li><li>ikke kan afvises til Canada (eller andre steder);<\/li><li>ikke at have beg\u00e5et en strafbar handling;<\/li><li>ikke have ubehandlede helbredsproblemer, herunder alkohol- og stofmisbrug;<\/li><li>ikke have haft tuberkulose eller v\u00e6ret i kontakt med en tuberkulosepatient inden for de sidste to \u00e5r. <\/li><\/ul>\n\n<p>Den canadiske rejsetilladelse eTA Canada er gyldig i 5 \u00e5r fra udstedelsesdatoen. Denne periode kan v\u00e6re kortere, hvis det pas, der blev brugt til at ans\u00f8ge, udl\u00f8ber tidligere. Da tilladelsen er knyttet til passet, er det vigtigt at ans\u00f8ge igen, hvis du f\u00e5r et nyt pas eller \u00e6ndrer oplysningerne i passet. Det skal bem\u00e6rkes, at der ikke er nogen begr\u00e6nsning p\u00e5 antallet af ophold i Canada i l\u00f8bet af <a href=\"https:\/\/ave-eta-canada.com\/da\/eta-canada-gyldighedsperiode\/\">tilladelsens gyldighedsperiode<\/a>, men at der skal overholdes en maksimal varighed p\u00e5 6 m\u00e5neder pr. ophold.<\/p>\n\n<p>Den canadiske eTA er en rejsetilladelse, ikke en indrejsetilladelse. Det er op til gr\u00e6nsetjenestemanden at give tilladelse til indrejse i Canada. Beslutningen er baseret p\u00e5 tilstedev\u00e6relsen af de kr\u00e6vede rejsedokumenter (gyldigt pas, eTA, udrejsebillet osv.) og p\u00e5 svarene p\u00e5 sp\u00f8rgsm\u00e5lene.<br\/><br\/><\/p>\n\n<h2 class=\"wp-block-heading\">eTA Canada skal indhentes f\u00f8r afrejse<\/h2>\n\n<p>eTA Canada er en rejsetilladelse og skal indhentes f\u00f8r afrejse til Canada. Uden den er det ikke tilladt at stige om bord. <\/p>\n\n<p>Ans\u00f8gningen om en eTA Canada foreg\u00e5r kun p\u00e5 internettet, hvilket betyder, at du ikke beh\u00f8ver at g\u00e5 til den canadiske ambassade. Ans\u00f8gningsskemaet er tilg\u00e6ngeligt p\u00e5 den canadiske regerings officielle websted. Hvis du \u00f8nsker en forenklet formular og adgang til personlig assistance, er det ogs\u00e5 muligt at bruge en privat organisation som f.eks. vores partner.<\/p>\n\n<p>For at <a href=\"https:\/\/ave-eta-canada.com\/da\/udfylde-eta-formular-for-canada\/\">udfylde formularen<\/a> skal du bruge dit pas og et bankkort. De felter, der skal udfyldes, vedr\u00f8rer pasoplysninger og personlige oplysninger. Der stilles ogs\u00e5 fire sp\u00f8rgsm\u00e5l, og svarene skal v\u00e6lges fra en drop-down-menu. Det er vigtigt, at du angiver en gyldig e-mailadresse, da det er den m\u00e5de, svaret sendes p\u00e5.<\/p>\n\n<p>eTA Canada-ans\u00f8gningen er godkendt, n\u00e5r samtykket er underskrevet og betalingen er foretaget. Der sendes automatisk en kvittering for modtagelsen med ans\u00f8gningsnummeret. Det endelige svar f\u00f8lger n\u00e6sten med det samme. I sj\u00e6ldne tilf\u00e6lde bliver en ans\u00f8gning sat i bero. Der sendes derefter en e-mail inden for et par dage med enten det endelige svar eller en liste over yderligere dokumenter, der skal indsendes.<\/p>\n\n<p>Hvis svaret er nej, er det tilr\u00e5deligt at kontrollere, at de angivne oplysninger er korrekte. I tilf\u00e6lde af indtastningsfejl eller forkerte oplysninger er det muligt at <a href=\"https:\/\/ave-eta-canada.com\/da\/hvad-skalman-gore-i-tilfaelde-af-fejl-pa-canada-eta\/\">lave en ny ans\u00f8gning<\/a>. Hvis ikke, skal der ans\u00f8ges om et visum eller en WHP hos den canadiske ambassade.<\/p>\n","protected":false},"excerpt":{"rendered":"<p>Pr\u00e6sentation af eTA Canada Ligesom USA har Canada indf\u00f8rt en elektronisk rejsetilladelse, der p\u00e5 engelsk hedder eTA Canada (eTA p\u00e5 fransk). For et ophold p\u00e5 under 6 m\u00e5neder i Canada: Du kan udfylde formaliteterne for indrejse i Canada direkte via internettet ved at klikke p\u00e5 onlineformularen. Det er ikke n\u00f8dvendigt at lave en aftale p\u00e5 [&hellip;]<\/p>\n","protected":false},"author":1,"featured_media":0,"parent":0,"menu_order":0,"comment_status":"closed","ping_status":"closed","template":"","meta":{"footnotes":""},"class_list":["post-4027","page","type-page","status-publish","hentry"],"yoast_head":"<!-- This site is optimized with the Yoast SEO plugin v26.9 - https:\/\/yoast.com\/product\/yoast-seo-wordpress\/ -->\n<title>eTA Canada-autorisationsoversigt<\/title>\n<meta name=\"description\" content=\"eTACanada, som ikke m\u00e5 forveksles med ESTA, er en elektronisk rejsetilladelse til rejser til Canada. Vores forklaring her.\" \/>\n<meta name=\"robots\" content=\"index, follow, max-snippet:-1, max-image-preview:large, max-video-preview:-1\" \/>\n<link rel=\"canonical\" href=\"https:\/\/ave-eta-canada.com\/da\/praesentation-af-eta-canada\/\" \/>\n<meta property=\"og:locale\" content=\"da_DK\" \/>\n<meta property=\"og:type\" content=\"article\" \/>\n<meta property=\"og:title\" content=\"eTA Canada-autorisationsoversigt\" \/>\n<meta property=\"og:description\" content=\"eTACanada, som ikke m\u00e5 forveksles med ESTA, er en elektronisk rejsetilladelse til rejser til Canada. Vores forklaring her.\" \/>\n<meta property=\"og:url\" content=\"https:\/\/ave-eta-canada.com\/da\/praesentation-af-eta-canada\/\" \/>\n<meta property=\"og:site_name\" content=\"VISA CANADA\" \/>\n<meta property=\"article:modified_time\" content=\"2023-05-09T08:55:13+00:00\" \/>\n<meta name=\"twitter:card\" content=\"summary_large_image\" \/>\n<meta name=\"twitter:label1\" content=\"Estimeret l\u00e6setid\" \/>\n\t<meta name=\"twitter:data1\" content=\"3 minutter\" \/>\n<script type=\"application\/ld+json\" class=\"yoast-schema-graph\">{\"@context\":\"https:\/\/schema.org\",\"@graph\":[{\"@type\":\"WebPage\",\"@id\":\"https:\/\/ave-eta-canada.com\/da\/praesentation-af-eta-canada\/\",\"url\":\"https:\/\/ave-eta-canada.com\/da\/praesentation-af-eta-canada\/\",\"name\":\"eTA Canada-autorisationsoversigt\",\"isPartOf\":{\"@id\":\"https:\/\/ave-eta-canada.com\/da\/#website\"},\"datePublished\":\"2023-04-18T14:41:23+00:00\",\"dateModified\":\"2023-05-09T08:55:13+00:00\",\"description\":\"eTACanada, som ikke m\u00e5 forveksles med ESTA, er en elektronisk rejsetilladelse til rejser til Canada. Vores forklaring her.\",\"breadcrumb\":{\"@id\":\"https:\/\/ave-eta-canada.com\/da\/praesentation-af-eta-canada\/#breadcrumb\"},\"inLanguage\":\"da-DK\",\"potentialAction\":[{\"@type\":\"ReadAction\",\"target\":[\"https:\/\/ave-eta-canada.com\/da\/praesentation-af-eta-canada\/\"]}]},{\"@type\":\"BreadcrumbList\",\"@id\":\"https:\/\/ave-eta-canada.com\/da\/praesentation-af-eta-canada\/#breadcrumb\",\"itemListElement\":[{\"@type\":\"ListItem\",\"position\":1,\"name\":\"Home\",\"item\":\"https:\/\/ave-eta-canada.com\/da\/\"},{\"@type\":\"ListItem\",\"position\":2,\"name\":\"eTA Canada-autorisationsoversigt\"}]},{\"@type\":\"WebSite\",\"@id\":\"https:\/\/ave-eta-canada.com\/da\/#website\",\"url\":\"https:\/\/ave-eta-canada.com\/da\/\",\"name\":\"VISA CANADA\",\"description\":\"Autorisation Voyage Electronique\",\"potentialAction\":[{\"@type\":\"SearchAction\",\"target\":{\"@type\":\"EntryPoint\",\"urlTemplate\":\"https:\/\/ave-eta-canada.com\/da\/?s={search_term_string}\"},\"query-input\":{\"@type\":\"PropertyValueSpecification\",\"valueRequired\":true,\"valueName\":\"search_term_string\"}}],\"inLanguage\":\"da-DK\"}]}<\/script>\n<!-- \/ Yoast SEO plugin. -->","yoast_head_json":{"title":"eTA Canada-autorisationsoversigt","description":"eTACanada, som ikke m\u00e5 forveksles med ESTA, er en elektronisk rejsetilladelse til rejser til Canada. Vores forklaring her.","robots":{"index":"index","follow":"follow","max-snippet":"max-snippet:-1","max-image-preview":"max-image-preview:large","max-video-preview":"max-video-preview:-1"},"canonical":"https:\/\/ave-eta-canada.com\/da\/praesentation-af-eta-canada\/","og_locale":"da_DK","og_type":"article","og_title":"eTA Canada-autorisationsoversigt","og_description":"eTACanada, som ikke m\u00e5 forveksles med ESTA, er en elektronisk rejsetilladelse til rejser til Canada. Vores forklaring her.","og_url":"https:\/\/ave-eta-canada.com\/da\/praesentation-af-eta-canada\/","og_site_name":"VISA CANADA","article_modified_time":"2023-05-09T08:55:13+00:00","twitter_card":"summary_large_image","twitter_misc":{"Estimeret l\u00e6setid":"3 minutter"},"schema":{"@context":"https:\/\/schema.org","@graph":[{"@type":"WebPage","@id":"https:\/\/ave-eta-canada.com\/da\/praesentation-af-eta-canada\/","url":"https:\/\/ave-eta-canada.com\/da\/praesentation-af-eta-canada\/","name":"eTA Canada-autorisationsoversigt","isPartOf":{"@id":"https:\/\/ave-eta-canada.com\/da\/#website"},"datePublished":"2023-04-18T14:41:23+00:00","dateModified":"2023-05-09T08:55:13+00:00","description":"eTACanada, som ikke m\u00e5 forveksles med ESTA, er en elektronisk rejsetilladelse til rejser til Canada. Vores forklaring her.","breadcrumb":{"@id":"https:\/\/ave-eta-canada.com\/da\/praesentation-af-eta-canada\/#breadcrumb"},"inLanguage":"da-DK","potentialAction":[{"@type":"ReadAction","target":["https:\/\/ave-eta-canada.com\/da\/praesentation-af-eta-canada\/"]}]},{"@type":"BreadcrumbList","@id":"https:\/\/ave-eta-canada.com\/da\/praesentation-af-eta-canada\/#breadcrumb","itemListElement":[{"@type":"ListItem","position":1,"name":"Home","item":"https:\/\/ave-eta-canada.com\/da\/"},{"@type":"ListItem","position":2,"name":"eTA Canada-autorisationsoversigt"}]},{"@type":"WebSite","@id":"https:\/\/ave-eta-canada.com\/da\/#website","url":"https:\/\/ave-eta-canada.com\/da\/","name":"VISA CANADA","description":"Autorisation Voyage Electronique","potentialAction":[{"@type":"SearchAction","target":{"@type":"EntryPoint","urlTemplate":"https:\/\/ave-eta-canada.com\/da\/?s={search_term_string}"},"query-input":{"@type":"PropertyValueSpecification","valueRequired":true,"valueName":"search_term_string"}}],"inLanguage":"da-DK"}]}},"_links":{"self":[{"href":"https:\/\/ave-eta-canada.com\/da\/wp-json\/wp\/v2\/pages\/4027","targetHints":{"allow":["GET"]}}],"collection":[{"href":"https:\/\/ave-eta-canada.com\/da\/wp-json\/wp\/v2\/pages"}],"about":[{"href":"https:\/\/ave-eta-canada.com\/da\/wp-json\/wp\/v2\/types\/page"}],"author":[{"embeddable":true,"href":"https:\/\/ave-eta-canada.com\/da\/wp-json\/wp\/v2\/users\/1"}],"replies":[{"embeddable":true,"href":"https:\/\/ave-eta-canada.com\/da\/wp-json\/wp\/v2\/comments?post=4027"}],"version-history":[{"count":0,"href":"https:\/\/ave-eta-canada.com\/da\/wp-json\/wp\/v2\/pages\/4027\/revisions"}],"wp:attachment":[{"href":"https:\/\/ave-eta-canada.com\/da\/wp-json\/wp\/v2\/media?parent=4027"}],"curies":[{"name":"wp","href":"https:\/\/api.w.org\/{rel}","templated":true}]}}