{"id":4028,"date":"2023-04-18T14:41:23","date_gmt":"2023-04-18T14:41:23","guid":{"rendered":"https:\/\/ave-eta-canada.com\/hvad-er-vaskedagen-i-canada\/"},"modified":"2023-04-23T20:20:01","modified_gmt":"2023-04-23T20:20:01","slug":"tid-til-at-fa-eta-canada","status":"publish","type":"page","link":"https:\/\/ave-eta-canada.com\/da\/tid-til-at-fa-eta-canada\/","title":{"rendered":"Hvor lang tid tager det at f\u00e5 en eTA i Canada?"},"content":{"rendered":"\n<h1 class=\"wp-block-heading\">Hvor lang tid tager det at f\u00e5 en eTA Canada?<\/h1>\n\n<p>I flere \u00e5r har borgere fra visse lande f\u00e5et visumfri rejse til Canada. Visumfritagelse fritager ikke rejsende for at indhente en elektronisk rejsetilladelse. <\/p>\n\n<p><strong>For et ophold p\u00e5 under 6 m\u00e5neder i Canada<\/strong>: Du kan udfylde formaliteterne for indrejse i Canada direkte via internettet ved at klikke p\u00e5 <a href=\"https:\/\/ave-eta-canada.com\/da\/eta-canada-formular-online\/\">onlineformularen<\/a>. Det er ikke n\u00f8dvendigt at lave en aftale p\u00e5 den canadiske ambassade eller det canadiske konsulat. Denne rejsetilladelse kaldes en AVE (Autorisation de Voyage \u00c9lectronique p\u00e5 fransk), ogs\u00e5 kendt som en eTA (Electronic Travel Authorization p\u00e5 engelsk), som er de officielle sprog i Canada.<\/p>\n\n<p>Hvor lang tid tager det at f\u00e5 en rejsetilladelse, og hvor l\u00e6nge f\u00f8r opholdet i Canada skal jeg s\u00f8ge om den? Hvor l\u00e6nge er det gyldigt? Vi besvarer disse sp\u00f8rgsm\u00e5l nedenfor.<br\/><\/p>\n\n<h2 class=\"wp-block-heading\">Principperne for eTA<\/h2>\n\n<p>eTA Canada giver statsborgere fra visse lande mulighed for at bes\u00f8ge Canada uden at skulle ans\u00f8ge om et canadisk visum. Det er en betydelig tidsbesparelse og ikke mindst en betydelig omkostningsbesparelse, at du ikke beh\u00f8ver at g\u00e5 til den canadiske ambassade for at ans\u00f8ge om et visum. Den canadiske regering har indf\u00f8rt en rejsetilladelse i lighed med ESTA, der er indf\u00f8rt i USA, til de mest popul\u00e6re midlertidige ophold, der kun kr\u00e6ver en hurtig identitetskontrol: transit gennem en canadisk lufthavn, turistophold og forretningsrejser (uden betaling p\u00e5 stedet).<\/p>\n\n<p>For at f\u00e5 lov til at rejse til Canada med et eTA skal den rejsende opfylde visse <a href=\"https:\/\/ave-eta-canada.com\/da\/eta-krav-for-at-rejse-til-canada\/\">krav for at komme i betragtning<\/a>. Som n\u00e6vnt ovenfor er det f\u00f8rste kriterium, der stilles, medlemskab af Visa Waiver-programmet. Det skal ogs\u00e5 angives, hvilken type rejse til Canada det drejer sig om (mellemlanding, turisme og forretning). Det p\u00e5g\u00e6ldende ophold m\u00e5 ikke overstige 6 m\u00e5neder og skal foreg\u00e5 med fly. Det siger sig selv, at man ikke kan rejse uden et gyldigt pas udstedt af et af de lande, der har underskrevet aftalen. Den canadiske regering kr\u00e6ver ikke, at franske statsborgere skal have et biometrisk pas, men det elektroniske pas accepteres. Rejsetips: Det er at foretr\u00e6kke, at passet har en gyldighed p\u00e5 mere end 6 m\u00e5neder. <br\/><br\/><\/p>\n\n<h2 class=\"wp-block-heading\">Hvor lang tid tager det at f\u00e5 eTA Canada?<\/h2>\n\n<p>Hvis du er berettiget, skal du <a href=\"https:\/\/ave-eta-canada.com\/da\/hvordan-man-udfylder-eta-for-at-rejse-i-canada\/\">udfylde eTA<\/a> med dine personlige oplysninger. N\u00e5r din sag er blevet sendt til de canadiske myndigheder, har du ikke lang tid at vente. Du vil normalt modtage et svar pr. e-mail inden for f\u00e5 minutter. Det kan tage et par dage, hvis den canadiske immigrationsmyndighed har brug for flere oplysninger fra dig.<\/p>\n\n<p>S\u00f8rg for at oplyse en gyldig e-mailadresse, da det er s\u00e5dan, du f\u00e5r besked om din <a href=\"https:\/\/ave-eta-canada.com\/da\/kontrollere-status-for-en-canada-eta\/\">eTA-status<\/a>.<br\/><br\/><\/p>\n\n<h2 class=\"wp-block-heading\">Hvorn\u00e5r skal man ans\u00f8ge om en eTA for at f\u00e5 hurtig levering?<\/h2>\n\n<p>Selv om det stadig g\u00e5r meget hurtigt at udfylde formularen og f\u00e5<a href=\"https:\/\/ave-eta-canada.com\/da\/praesentation-af-eta-canada\/\">eTA Canada<\/a>, anbefales det kraftigt at bestille tilladelsen, s\u00e5 snart du planl\u00e6gger at holde ferie i Canada, for at besvare sp\u00f8rgsm\u00e5let &#8220;hvorn\u00e5r skal du ans\u00f8ge om en eTA?&#8221;. Hvis du beg\u00e5r en fejl, har du s\u00e5ledes tid til at komme tilbage.<\/p>\n\n<p>Afh\u00e6ngigt af \u00e5rsagen til afslaget kan du enten pr\u00f8ve lykken igen (indrejsefejl) eller ans\u00f8ge om et visum ved den canadiske ambassades konsul\u00e6re tjeneste (afvisning). Den tid, der er n\u00f8dvendig, varierer meget, da ans\u00f8gningen om et canadisk visum er meget l\u00e6ngere end en online eTA-ans\u00f8gning.<\/p>\n\n<p>Du m\u00e5 ikke fors\u00f8ge at f\u00e5 eTA p\u00e5 stedet, hverken i den franske eller canadiske lufthavn. Denne tilladelse skal indhentes, inden man g\u00e5r om bord p\u00e5 internationale fly.<\/p>\n\n<p>Det skal bem\u00e6rkes, at eTA-ans\u00f8gningen kan foretages fra den canadiske regerings officielle websted eller via en specialiseret mellemmand, som f.eks. vores partner. Fordelen ved en privat platform er, at du f\u00e5r hj\u00e6lp til denne proces. Den tid, det tager at modtage eTA&#8217;en, er den samme fra det ene sted til det andet. P\u00e5 samme m\u00e5de er det ikke muligt at lave gruppeans\u00f8gninger, f.eks. for alle familiemedlemmer p\u00e5 \u00e9n gang, p\u00e5 nuv\u00e6rende tidspunkt. Hver ans\u00f8gning om eTA skal indgives individuelt.<br\/><br\/><\/p>\n\n<h2 class=\"wp-block-heading\">Hvor l\u00e6nge er eTA&#8217;s gyldighedsperiode?<\/h2>\n\n<p>Dette elektroniske dokument er <a href=\"https:\/\/ave-eta-canada.com\/da\/eta-canada-gyldighedsperiode\/\">gyldigt i fem \u00e5r<\/a>, hvilket giver dig mulighed for at foretage mange dejlige rejser til Canada: Vancouver, Toronto, Ottawa, Quebec osv. Du vil kunne rejse til de forskellige provinser og udf\u00f8re et v\u00e6ld af aktiviteter, som landet tilbyder, inden for den tidsfrist, som eTA Canada har givet dig.<\/p>\n\n<p>Bem\u00e6rk venligst, at din eTA-tilladelse er knyttet til dit pas. Det betyder, at eTA&#8217;en mister sin gyldighed, hvis dit identitetskort udl\u00f8ber, eller hvis dit pas bliver v\u00e6k, og at den mister sin gyldighed. Du skal ans\u00f8ge om en ny eTA for at bes\u00f8ge Canada, hvilket giver dig yderligere fem \u00e5r. P\u00e5 samme m\u00e5de er gyldigheden af det franske pas afg\u00f8rende for gyldigheden af eTA: hvis det pas, der anvendes til ans\u00f8gningen, udl\u00f8ber om mindre end 5 \u00e5r, svarer udl\u00f8bsdatoen for eTA til pasets udl\u00f8bsdato.<br\/><br\/><\/p>\n\n<h2 class=\"wp-block-heading\">Hvor l\u00e6nge kan du v\u00e6re v\u00e6k med en eTA?<\/h2>\n\n<p>Hvis du har f\u00e5et din eTA-tilladelse, har du ret til at opholde dig i Canada i 6 m\u00e5neder. I hele eTA-dokumentets gyldighedsperiode har du ret til at rejse til Canada flere gange, men du skal overholde en maksimal periode p\u00e5 6 m\u00e5neder for hver rejse.<\/p>\n\n<p>Men tag ikke chancer, og overskrid ikke den tidsfrist, som eTA Canada har fastsat, da det kan give dig problemer. Det samme g\u00e6lder for arten af rejsen til Canada: eTA giver dig ikke mulighed for at <a href=\"https:\/\/ave-eta-canada.com\/da\/canada-regeringen-onsker-flere-udenlandske-studerende\/\">studere p\u00e5 et canadisk universitet<\/a>, tage et praktikophold eller arbejde i Canada. Udstationering og indvandring til Canada er naturligvis heller ikke muligt. Af disse \u00e5rsager skal du s\u00f8ge om et turistvisum, en arbejdstilladelse eller en permanent opholdstilladelse. Vi opfordrer dig til at bes\u00f8ge regeringens websted for at f\u00e5 flere oplysninger om dette emne og en liste over de n\u00f8dvendige dokumenter. <\/p>\n\n<p>Endelig er eTA&#8217;en ikke det eneste rejsedokument, der skal freml\u00e6gges. Embedsm\u00e6nd fra Immigration Canada vil bede om at se dit pas, en billet til at forlade landet i form af en returbillet eller en billet til den endelige destination, n\u00e5r du g\u00e5r gennem tolden. Der kan v\u00e6re behov for andre dokumenter afh\u00e6ngigt af situationen, is\u00e6r hvis du rejser med mindre\u00e5rige b\u00f8rn. Bem\u00e6rk, at immigrationsmedarbejderen ikke vil bede dig om eTA-nummeret, da det er elektronisk knyttet til dit pasnummer. <\/p>\n","protected":false},"excerpt":{"rendered":"<p>Hvor lang tid tager det at f\u00e5 en eTA Canada? I flere \u00e5r har borgere fra visse lande f\u00e5et visumfri rejse til Canada. Visumfritagelse fritager ikke rejsende for at indhente en elektronisk rejsetilladelse. For et ophold p\u00e5 under 6 m\u00e5neder i Canada: Du kan udfylde formaliteterne for indrejse i Canada direkte via internettet ved at [&hellip;]<\/p>\n","protected":false},"author":1,"featured_media":0,"parent":0,"menu_order":0,"comment_status":"closed","ping_status":"closed","template":"","meta":{"footnotes":""},"class_list":["post-4028","page","type-page","status-publish","hentry"],"yoast_head":"<!-- This site is optimized with the Yoast SEO plugin v26.9 - https:\/\/yoast.com\/product\/yoast-seo-wordpress\/ -->\n<title>Hvor lang tid tager det at f\u00e5 en eTA i Canada?<\/title>\n<meta name=\"description\" content=\"Du vil gerne bes\u00f8ge Canada og vil gerne vide, hvor lang tid det tager at modtage eTA for at organisere dit ophold? Vores svar her!\" \/>\n<meta name=\"robots\" content=\"index, follow, max-snippet:-1, max-image-preview:large, max-video-preview:-1\" \/>\n<link rel=\"canonical\" href=\"https:\/\/ave-eta-canada.com\/da\/tid-til-at-fa-eta-canada\/\" \/>\n<meta property=\"og:locale\" content=\"da_DK\" \/>\n<meta property=\"og:type\" content=\"article\" \/>\n<meta property=\"og:title\" content=\"Hvor lang tid tager det at f\u00e5 en eTA i Canada?\" \/>\n<meta property=\"og:description\" content=\"Du vil gerne bes\u00f8ge Canada og vil gerne vide, hvor lang tid det tager at modtage eTA for at organisere dit ophold? Vores svar her!\" \/>\n<meta property=\"og:url\" content=\"https:\/\/ave-eta-canada.com\/da\/tid-til-at-fa-eta-canada\/\" \/>\n<meta property=\"og:site_name\" content=\"VISA CANADA\" \/>\n<meta property=\"article:modified_time\" content=\"2023-04-23T20:20:01+00:00\" \/>\n<meta name=\"twitter:card\" content=\"summary_large_image\" \/>\n<meta name=\"twitter:label1\" content=\"Estimeret l\u00e6setid\" \/>\n\t<meta name=\"twitter:data1\" content=\"6 minutter\" \/>\n<script type=\"application\/ld+json\" class=\"yoast-schema-graph\">{\"@context\":\"https:\/\/schema.org\",\"@graph\":[{\"@type\":\"WebPage\",\"@id\":\"https:\/\/ave-eta-canada.com\/da\/tid-til-at-fa-eta-canada\/\",\"url\":\"https:\/\/ave-eta-canada.com\/da\/tid-til-at-fa-eta-canada\/\",\"name\":\"Hvor lang tid tager det at f\u00e5 en eTA i Canada?\",\"isPartOf\":{\"@id\":\"https:\/\/ave-eta-canada.com\/da\/#website\"},\"datePublished\":\"2023-04-18T14:41:23+00:00\",\"dateModified\":\"2023-04-23T20:20:01+00:00\",\"description\":\"Du vil gerne bes\u00f8ge Canada og vil gerne vide, hvor lang tid det tager at modtage eTA for at organisere dit ophold? Vores svar her!\",\"breadcrumb\":{\"@id\":\"https:\/\/ave-eta-canada.com\/da\/tid-til-at-fa-eta-canada\/#breadcrumb\"},\"inLanguage\":\"da-DK\",\"potentialAction\":[{\"@type\":\"ReadAction\",\"target\":[\"https:\/\/ave-eta-canada.com\/da\/tid-til-at-fa-eta-canada\/\"]}]},{\"@type\":\"BreadcrumbList\",\"@id\":\"https:\/\/ave-eta-canada.com\/da\/tid-til-at-fa-eta-canada\/#breadcrumb\",\"itemListElement\":[{\"@type\":\"ListItem\",\"position\":1,\"name\":\"Home\",\"item\":\"https:\/\/ave-eta-canada.com\/da\/\"},{\"@type\":\"ListItem\",\"position\":2,\"name\":\"Hvor lang tid tager det at f\u00e5 en eTA i Canada?\"}]},{\"@type\":\"WebSite\",\"@id\":\"https:\/\/ave-eta-canada.com\/da\/#website\",\"url\":\"https:\/\/ave-eta-canada.com\/da\/\",\"name\":\"VISA CANADA\",\"description\":\"Autorisation Voyage Electronique\",\"potentialAction\":[{\"@type\":\"SearchAction\",\"target\":{\"@type\":\"EntryPoint\",\"urlTemplate\":\"https:\/\/ave-eta-canada.com\/da\/?s={search_term_string}\"},\"query-input\":{\"@type\":\"PropertyValueSpecification\",\"valueRequired\":true,\"valueName\":\"search_term_string\"}}],\"inLanguage\":\"da-DK\"}]}<\/script>\n<!-- \/ Yoast SEO plugin. -->","yoast_head_json":{"title":"Hvor lang tid tager det at f\u00e5 en eTA i Canada?","description":"Du vil gerne bes\u00f8ge Canada og vil gerne vide, hvor lang tid det tager at modtage eTA for at organisere dit ophold? Vores svar her!","robots":{"index":"index","follow":"follow","max-snippet":"max-snippet:-1","max-image-preview":"max-image-preview:large","max-video-preview":"max-video-preview:-1"},"canonical":"https:\/\/ave-eta-canada.com\/da\/tid-til-at-fa-eta-canada\/","og_locale":"da_DK","og_type":"article","og_title":"Hvor lang tid tager det at f\u00e5 en eTA i Canada?","og_description":"Du vil gerne bes\u00f8ge Canada og vil gerne vide, hvor lang tid det tager at modtage eTA for at organisere dit ophold? Vores svar her!","og_url":"https:\/\/ave-eta-canada.com\/da\/tid-til-at-fa-eta-canada\/","og_site_name":"VISA CANADA","article_modified_time":"2023-04-23T20:20:01+00:00","twitter_card":"summary_large_image","twitter_misc":{"Estimeret l\u00e6setid":"6 minutter"},"schema":{"@context":"https:\/\/schema.org","@graph":[{"@type":"WebPage","@id":"https:\/\/ave-eta-canada.com\/da\/tid-til-at-fa-eta-canada\/","url":"https:\/\/ave-eta-canada.com\/da\/tid-til-at-fa-eta-canada\/","name":"Hvor lang tid tager det at f\u00e5 en eTA i Canada?","isPartOf":{"@id":"https:\/\/ave-eta-canada.com\/da\/#website"},"datePublished":"2023-04-18T14:41:23+00:00","dateModified":"2023-04-23T20:20:01+00:00","description":"Du vil gerne bes\u00f8ge Canada og vil gerne vide, hvor lang tid det tager at modtage eTA for at organisere dit ophold? Vores svar her!","breadcrumb":{"@id":"https:\/\/ave-eta-canada.com\/da\/tid-til-at-fa-eta-canada\/#breadcrumb"},"inLanguage":"da-DK","potentialAction":[{"@type":"ReadAction","target":["https:\/\/ave-eta-canada.com\/da\/tid-til-at-fa-eta-canada\/"]}]},{"@type":"BreadcrumbList","@id":"https:\/\/ave-eta-canada.com\/da\/tid-til-at-fa-eta-canada\/#breadcrumb","itemListElement":[{"@type":"ListItem","position":1,"name":"Home","item":"https:\/\/ave-eta-canada.com\/da\/"},{"@type":"ListItem","position":2,"name":"Hvor lang tid tager det at f\u00e5 en eTA i Canada?"}]},{"@type":"WebSite","@id":"https:\/\/ave-eta-canada.com\/da\/#website","url":"https:\/\/ave-eta-canada.com\/da\/","name":"VISA CANADA","description":"Autorisation Voyage Electronique","potentialAction":[{"@type":"SearchAction","target":{"@type":"EntryPoint","urlTemplate":"https:\/\/ave-eta-canada.com\/da\/?s={search_term_string}"},"query-input":{"@type":"PropertyValueSpecification","valueRequired":true,"valueName":"search_term_string"}}],"inLanguage":"da-DK"}]}},"_links":{"self":[{"href":"https:\/\/ave-eta-canada.com\/da\/wp-json\/wp\/v2\/pages\/4028","targetHints":{"allow":["GET"]}}],"collection":[{"href":"https:\/\/ave-eta-canada.com\/da\/wp-json\/wp\/v2\/pages"}],"about":[{"href":"https:\/\/ave-eta-canada.com\/da\/wp-json\/wp\/v2\/types\/page"}],"author":[{"embeddable":true,"href":"https:\/\/ave-eta-canada.com\/da\/wp-json\/wp\/v2\/users\/1"}],"replies":[{"embeddable":true,"href":"https:\/\/ave-eta-canada.com\/da\/wp-json\/wp\/v2\/comments?post=4028"}],"version-history":[{"count":0,"href":"https:\/\/ave-eta-canada.com\/da\/wp-json\/wp\/v2\/pages\/4028\/revisions"}],"wp:attachment":[{"href":"https:\/\/ave-eta-canada.com\/da\/wp-json\/wp\/v2\/media?parent=4028"}],"curies":[{"name":"wp","href":"https:\/\/api.w.org\/{rel}","templated":true}]}}