{"id":4043,"date":"2023-04-18T14:41:24","date_gmt":"2023-04-18T14:41:24","guid":{"rendered":"https:\/\/ave-eta-canada.com\/hvordan-man-kontrollerer-en-orm\/"},"modified":"2023-04-23T17:05:54","modified_gmt":"2023-04-23T17:05:54","slug":"hvordan-man-kontrollerer-en-eta","status":"publish","type":"page","link":"https:\/\/ave-eta-canada.com\/da\/hvordan-man-kontrollerer-en-eta\/","title":{"rendered":"Hvordan kontrollerer man en eTA?"},"content":{"rendered":"\n<h1 class=\"wp-block-heading\">Hvordan tjekker du din eTA for Canada?<\/h1>\n\n<p>Hvis du planl\u00e6gger at rejse til Canada i den n\u00e6rmeste fremtid, b\u00f8r du inden afrejse kontrollere, at du har din elektroniske rejsetilladelse (eTA) til Canada, og at den stadig er gyldig.<\/p>\n\n<p><strong>For et ophold p\u00e5 under 6 m\u00e5neder i Canada<\/strong>: Du kan udfylde formaliteterne for indrejse i Canada direkte via internettet ved at klikke p\u00e5 <a href=\"https:\/\/ave-eta-canada.com\/da\/eta-canada-formular-online\/\">onlineformularen<\/a>. Det er ikke n\u00f8dvendigt at lave en aftale p\u00e5 den canadiske ambassade eller det canadiske konsulat.<\/p>\n\n<p>Du har to muligheder for at <a href=\"https:\/\/ave-eta-canada.com\/da\/kontrollere-status-for-en-canada-eta\/\">kontrollere din eTA<\/a>: <\/p>\n\n<ul class=\"wp-block-list\"><li>Kontroller de indtastede data for at sikre, at tilladelsen er opn\u00e5et<\/li><li>Tjek eTA-status, n\u00e5r ans\u00f8gningen er sendt.<\/li><\/ul>\n\n<p>For at hj\u00e6lpe dig i denne proces beskriver vi i detaljer, hvordan du skal g\u00e5 frem i begge tilf\u00e6lde.<\/p>\n\n<h2 class=\"wp-block-heading\">Hvad er eTA Canada?<\/h2>\n\n<p>F\u00f8r vi beskriver, hvordan man kontrollerer en eTA, skal vi f\u00f8rst minde om definitionen og betingelserne for udstedelse af en eTA.<\/p>\n\n<p>eTA, ogs\u00e5 kaldet eTA (Electronic Travel Authorization), er en tilladelse til at rejse eller transit gennem Canada. Ligesom ESTA&#8217;en til USA har eTA Canada form af et elektronisk dokument, der via et computersystem er knyttet direkte til dit pas. N\u00e5r eTA&#8217;en er udstedt, er den gyldig i 5 \u00e5r fra udstedelsesdatoen. Men hvis dit pas udl\u00f8ber inden denne frist eller bliver udskiftet, er eTA-certifikatet ikke l\u00e6ngere gyldigt. I gyldighedsperioden giver den dig ogs\u00e5 mulighed for at bes\u00f8ge Canada s\u00e5 mange gange, du \u00f8nsker, forudsat at du overholder den lovlige varighed af opholdet (h\u00f8jst 6 p\u00e5 hinanden f\u00f8lgende m\u00e5neder).<\/p>\n\n<h3 class=\"wp-block-heading\">Hvem g\u00e6lder eTA Canada for?<\/h3>\n\n<p>eTA Canada g\u00e6lder for alle visumfritagne statsborgere, herunder franske statsborgere, der rejser til Canada med fly eller i transit gennem en canadisk lufthavn. I dag er borgere fra omkring 50 lande fritaget for visumpligt ved rejser til Canada, herunder EU-lande og Australien.<\/p>\n\n<p>Bem\u00e6rk venligst, at rejsende med et visum, uanset om det er et turistvisum, et studievisum eller en arbejdstilladelse udstedt af de konsul\u00e6re myndigheder, ikke beh\u00f8ver at ans\u00f8ge om et eTA.<\/p>\n\n<h3 class=\"wp-block-heading\">Krav for at opn\u00e5 en eTA<\/h3>\n\n<p>F\u00f8r du bestiller en eTA Canada, skal du v\u00e6re opm\u00e6rksom p\u00e5, at der g\u00e6lder visse betingelser, bl.a.<\/p>\n\n<ul class=\"wp-block-list\"><li>v\u00e6re i besiddelse af et gyldigt biometrisk pas (fortrinsvis);<\/li><li>\u00c5rsagen til rejsen skal v\u00e6re en turistrejse eller en erhvervsrejse (forretningsrejse);<\/li><li>rejse med fly ;<\/li><li>ikke opholde sig i mere end seks p\u00e5 hinanden f\u00f8lgende m\u00e5neder.<\/li><\/ul>\n\n<h3 class=\"wp-block-heading\">Hvordan ans\u00f8ger man om en eTA?<\/h3>\n\n<p>Canada eTA-applikationen er en relativt enkel proces, hvis den g\u00f8res korrekt, du har to hovedm\u00e5der at forts\u00e6tte<\/p>\n\n<ul class=\"wp-block-list\"><li>Canada eTA-applikationen er en relativt enkel proces, hvis den g\u00f8res korrekt, du har to hovedm\u00e5der at forts\u00e6tte<\/li><li>bruge private websteder, som f.eks. vores partner, til at yde support i hele eTA&#8217;s bestillingsproces.<\/li><\/ul>\n\n<p>Nu hvor du ved mere om tilladelse til at opholde dig i Canada, skal vi se p\u00e5 de vigtigste oplysninger, der skal kontrolleres p\u00e5 en eTA for at sikre, at den er gyldig.<br\/><br\/><\/p>\n\n<h2 class=\"wp-block-heading\">Vigtige oplysninger, der skal kontrolleres p\u00e5 en eTA<\/h2>\n\n<p>En af de f\u00f8rste ting, man skal g\u00f8re, n\u00e5r man kontrollerer et eTA, er at sikre sig, at de personlige oplysninger p\u00e5 dokumentet (efternavn, fornavn osv.) i enhver henseende svarer til dem, der er anf\u00f8rt i passet. En simpel skrivefejl i <a href=\"https:\/\/ave-eta-canada.com\/da\/udfylde-eta-formular-for-canada\/\">onlineformularen<\/a> er nemlig nok til, at din eTA bliver afvist.<\/p>\n\n<p>Samtidig er det n\u00f8dvendigt at kontrollere, at pasnummeret p\u00e5 eTA er det samme som i dit eget pas. Igen, hvis der er den mindste fejl, vil du h\u00f8jst sandsynligt blive n\u00e6gtet tilladelse.<\/p>\n\n<p>Bem\u00e6rk: Kontroll\u00e9r din e-mailadresse, da det er s\u00e5dan, du modtager dit svar.<\/p>\n\n<h2 class=\"wp-block-heading\">Kontrol af status for en eTA<\/h2>\n\n<p>Efter en online eTA ans\u00f8gning sender den canadiske regering flere e-mails til den e-mailadresse, der er n\u00e6vnt p\u00e5 formularen, til :<\/p>\n\n<ul class=\"wp-block-list\"><li>for at bekr\u00e6fte modtagelsen af ans\u00f8gningen;<\/li><li>at anmode om opdatering af oplysninger eller om n\u00f8dvendigt give yderligere oplysninger;<\/li><li>underrette om afg\u00f8relsen om ans\u00f8gningen.<\/li><\/ul>\n\n<p>Desuden tilbyder de canadiske myndigheder et online-verifikationsv\u00e6rkt\u00f8j til at kontrollere status for en eTA. Sidstn\u00e6vnte er beregnet til to typer af situationer:<\/p>\n\n<ul class=\"wp-block-list\"><li>den rejsende har indgivet en ny ans\u00f8gning og \u00f8nsker at kontrollere tilladelsens status;<\/li><li>den rejsende har allerede et eTA, men \u00f8nsker at sikre sig, at det stadig er gyldigt, eller blot at finde det.<\/li><\/ul>\n\n<p>For at tjekke status for din eTA via dette v\u00e6rkt\u00f8j skal du blot bruge dit pas og ans\u00f8gningsnummeret p\u00e5 e-mailen med bekr\u00e6ftelsen. De pasoplysninger, der anmodes om, er pasnummer, udstedelsesland, udstedelsesdato og udl\u00f8bsdato.<\/p>\n\n<p>Hvis det viser sig, efter at have <a href=\"https:\/\/ave-eta-canada.com\/da\/kontrollere-status-for-en-canada-eta\/\">kontrollere status for din eTA,<\/a> ans\u00f8gningen afvises, er det n\u00f8dvendigt at ans\u00f8ge om visum p\u00e5 den canadiske ambassade, hvis betingelserne for at komme i betragtning ikke kan opfyldes, eller at indgive en ny ans\u00f8gning, hvis afslaget skyldes en indtastningsfejl.<\/p>\n\n<p>N\u00e5r du har gennemf\u00f8rt alle kontroller og sikret dig, at <a href=\"https:\/\/ave-eta-canada.com\/da\/hvordan-man-kontrollerer-en-eta\/\">din eTA er gyldig<\/a>, er du officielt berettiget til at rejse til Ahornlandet.<\/p>\n\n<p>Bem\u00e6rk: Selv om du har kontrolleret, at din eTA er korrekt, er det ikke en garanti for, at du f\u00e5r adgang til omr\u00e5det. N\u00e5r du ankommer til lufthavnen, vil du blive kontrolleret af toldv\u00e6senet via en gr\u00e6nsebetjent, som er den eneste person, der har ret til at vurdere, om du har ret til at opholde dig i eller rejse gennem Canada.<\/p>\n\n<p>Bem\u00e6rk: Hvis du har <a href=\"https:\/\/ave-eta-canada.com\/da\/hvordan-finder-man-et-tabt-eta-canada\/\">mistet din eTA Canada<\/a>, kan du ogs\u00e5 s\u00f8ge p\u00e5 den officielle canadiske regerings hjemmeside. <\/p>\n","protected":false},"excerpt":{"rendered":"<p>Hvordan tjekker du din eTA for Canada? Hvis du planl\u00e6gger at rejse til Canada i den n\u00e6rmeste fremtid, b\u00f8r du inden afrejse kontrollere, at du har din elektroniske rejsetilladelse (eTA) til Canada, og at den stadig er gyldig. For et ophold p\u00e5 under 6 m\u00e5neder i Canada: Du kan udfylde formaliteterne for indrejse i Canada [&hellip;]<\/p>\n","protected":false},"author":1,"featured_media":0,"parent":0,"menu_order":0,"comment_status":"closed","ping_status":"closed","template":"","meta":{"footnotes":""},"class_list":["post-4043","page","type-page","status-publish","hentry"],"yoast_head":"<!-- This site is optimized with the Yoast SEO plugin v26.9 - https:\/\/yoast.com\/product\/yoast-seo-wordpress\/ -->\n<title>Hvordan kontrollerer man en eTA?<\/title>\n<meta name=\"description\" content=\"F\u00f8r du rejser til Canada, er det vigtigt at kontrollere, at din eTA er gyldig. Find ud af, hvordan du nemt kan g\u00f8re dette.\" \/>\n<meta name=\"robots\" content=\"index, follow, max-snippet:-1, max-image-preview:large, max-video-preview:-1\" \/>\n<link rel=\"canonical\" href=\"https:\/\/ave-eta-canada.com\/da\/hvordan-man-kontrollerer-en-eta\/\" \/>\n<meta property=\"og:locale\" content=\"da_DK\" \/>\n<meta property=\"og:type\" content=\"article\" \/>\n<meta property=\"og:title\" content=\"Hvordan kontrollerer man en eTA?\" \/>\n<meta property=\"og:description\" content=\"F\u00f8r du rejser til Canada, er det vigtigt at kontrollere, at din eTA er gyldig. Find ud af, hvordan du nemt kan g\u00f8re dette.\" \/>\n<meta property=\"og:url\" content=\"https:\/\/ave-eta-canada.com\/da\/hvordan-man-kontrollerer-en-eta\/\" \/>\n<meta property=\"og:site_name\" content=\"VISA CANADA\" \/>\n<meta property=\"article:modified_time\" content=\"2023-04-23T17:05:54+00:00\" \/>\n<meta name=\"twitter:card\" content=\"summary_large_image\" \/>\n<meta name=\"twitter:label1\" content=\"Estimeret l\u00e6setid\" \/>\n\t<meta name=\"twitter:data1\" content=\"5 minutter\" \/>\n<script type=\"application\/ld+json\" class=\"yoast-schema-graph\">{\"@context\":\"https:\/\/schema.org\",\"@graph\":[{\"@type\":\"WebPage\",\"@id\":\"https:\/\/ave-eta-canada.com\/da\/hvordan-man-kontrollerer-en-eta\/\",\"url\":\"https:\/\/ave-eta-canada.com\/da\/hvordan-man-kontrollerer-en-eta\/\",\"name\":\"Hvordan kontrollerer man en eTA?\",\"isPartOf\":{\"@id\":\"https:\/\/ave-eta-canada.com\/da\/#website\"},\"datePublished\":\"2023-04-18T14:41:24+00:00\",\"dateModified\":\"2023-04-23T17:05:54+00:00\",\"description\":\"F\u00f8r du rejser til Canada, er det vigtigt at kontrollere, at din eTA er gyldig. Find ud af, hvordan du nemt kan g\u00f8re dette.\",\"breadcrumb\":{\"@id\":\"https:\/\/ave-eta-canada.com\/da\/hvordan-man-kontrollerer-en-eta\/#breadcrumb\"},\"inLanguage\":\"da-DK\",\"potentialAction\":[{\"@type\":\"ReadAction\",\"target\":[\"https:\/\/ave-eta-canada.com\/da\/hvordan-man-kontrollerer-en-eta\/\"]}]},{\"@type\":\"BreadcrumbList\",\"@id\":\"https:\/\/ave-eta-canada.com\/da\/hvordan-man-kontrollerer-en-eta\/#breadcrumb\",\"itemListElement\":[{\"@type\":\"ListItem\",\"position\":1,\"name\":\"Home\",\"item\":\"https:\/\/ave-eta-canada.com\/da\/\"},{\"@type\":\"ListItem\",\"position\":2,\"name\":\"Hvordan kontrollerer man en eTA?\"}]},{\"@type\":\"WebSite\",\"@id\":\"https:\/\/ave-eta-canada.com\/da\/#website\",\"url\":\"https:\/\/ave-eta-canada.com\/da\/\",\"name\":\"VISA CANADA\",\"description\":\"Autorisation Voyage Electronique\",\"potentialAction\":[{\"@type\":\"SearchAction\",\"target\":{\"@type\":\"EntryPoint\",\"urlTemplate\":\"https:\/\/ave-eta-canada.com\/da\/?s={search_term_string}\"},\"query-input\":{\"@type\":\"PropertyValueSpecification\",\"valueRequired\":true,\"valueName\":\"search_term_string\"}}],\"inLanguage\":\"da-DK\"}]}<\/script>\n<!-- \/ Yoast SEO plugin. -->","yoast_head_json":{"title":"Hvordan kontrollerer man en eTA?","description":"F\u00f8r du rejser til Canada, er det vigtigt at kontrollere, at din eTA er gyldig. Find ud af, hvordan du nemt kan g\u00f8re dette.","robots":{"index":"index","follow":"follow","max-snippet":"max-snippet:-1","max-image-preview":"max-image-preview:large","max-video-preview":"max-video-preview:-1"},"canonical":"https:\/\/ave-eta-canada.com\/da\/hvordan-man-kontrollerer-en-eta\/","og_locale":"da_DK","og_type":"article","og_title":"Hvordan kontrollerer man en eTA?","og_description":"F\u00f8r du rejser til Canada, er det vigtigt at kontrollere, at din eTA er gyldig. Find ud af, hvordan du nemt kan g\u00f8re dette.","og_url":"https:\/\/ave-eta-canada.com\/da\/hvordan-man-kontrollerer-en-eta\/","og_site_name":"VISA CANADA","article_modified_time":"2023-04-23T17:05:54+00:00","twitter_card":"summary_large_image","twitter_misc":{"Estimeret l\u00e6setid":"5 minutter"},"schema":{"@context":"https:\/\/schema.org","@graph":[{"@type":"WebPage","@id":"https:\/\/ave-eta-canada.com\/da\/hvordan-man-kontrollerer-en-eta\/","url":"https:\/\/ave-eta-canada.com\/da\/hvordan-man-kontrollerer-en-eta\/","name":"Hvordan kontrollerer man en eTA?","isPartOf":{"@id":"https:\/\/ave-eta-canada.com\/da\/#website"},"datePublished":"2023-04-18T14:41:24+00:00","dateModified":"2023-04-23T17:05:54+00:00","description":"F\u00f8r du rejser til Canada, er det vigtigt at kontrollere, at din eTA er gyldig. Find ud af, hvordan du nemt kan g\u00f8re dette.","breadcrumb":{"@id":"https:\/\/ave-eta-canada.com\/da\/hvordan-man-kontrollerer-en-eta\/#breadcrumb"},"inLanguage":"da-DK","potentialAction":[{"@type":"ReadAction","target":["https:\/\/ave-eta-canada.com\/da\/hvordan-man-kontrollerer-en-eta\/"]}]},{"@type":"BreadcrumbList","@id":"https:\/\/ave-eta-canada.com\/da\/hvordan-man-kontrollerer-en-eta\/#breadcrumb","itemListElement":[{"@type":"ListItem","position":1,"name":"Home","item":"https:\/\/ave-eta-canada.com\/da\/"},{"@type":"ListItem","position":2,"name":"Hvordan kontrollerer man en eTA?"}]},{"@type":"WebSite","@id":"https:\/\/ave-eta-canada.com\/da\/#website","url":"https:\/\/ave-eta-canada.com\/da\/","name":"VISA CANADA","description":"Autorisation Voyage Electronique","potentialAction":[{"@type":"SearchAction","target":{"@type":"EntryPoint","urlTemplate":"https:\/\/ave-eta-canada.com\/da\/?s={search_term_string}"},"query-input":{"@type":"PropertyValueSpecification","valueRequired":true,"valueName":"search_term_string"}}],"inLanguage":"da-DK"}]}},"_links":{"self":[{"href":"https:\/\/ave-eta-canada.com\/da\/wp-json\/wp\/v2\/pages\/4043","targetHints":{"allow":["GET"]}}],"collection":[{"href":"https:\/\/ave-eta-canada.com\/da\/wp-json\/wp\/v2\/pages"}],"about":[{"href":"https:\/\/ave-eta-canada.com\/da\/wp-json\/wp\/v2\/types\/page"}],"author":[{"embeddable":true,"href":"https:\/\/ave-eta-canada.com\/da\/wp-json\/wp\/v2\/users\/1"}],"replies":[{"embeddable":true,"href":"https:\/\/ave-eta-canada.com\/da\/wp-json\/wp\/v2\/comments?post=4043"}],"version-history":[{"count":0,"href":"https:\/\/ave-eta-canada.com\/da\/wp-json\/wp\/v2\/pages\/4043\/revisions"}],"wp:attachment":[{"href":"https:\/\/ave-eta-canada.com\/da\/wp-json\/wp\/v2\/media?parent=4043"}],"curies":[{"name":"wp","href":"https:\/\/api.w.org\/{rel}","templated":true}]}}