{"id":4054,"date":"2023-04-18T14:41:25","date_gmt":"2023-04-18T14:41:25","guid":{"rendered":"https:\/\/ave-eta-canada.com\/lav-en-ansoegning-hos-canada-official\/"},"modified":"2023-04-27T22:00:30","modified_gmt":"2023-04-27T22:00:30","slug":"foretag-en-officiel-canada-eta-anmodning","status":"publish","type":"page","link":"https:\/\/ave-eta-canada.com\/da\/foretag-en-officiel-canada-eta-anmodning\/","title":{"rendered":"Udarbejdelse af en officiel eTA Canada-ans\u00f8gning"},"content":{"rendered":"\n<h1 class=\"wp-block-heading\">Hvordan ans\u00f8ger man om en officiel eTA Canada?<\/h1>\n\n<p>Hvis du planl\u00e6gger en rejse til Canada, skal du sikre dig, at du har de rigtige dokumenter i h\u00e5nden: pas, forsikring, returbillet, men ogs\u00e5 din officielle rejsetilladelse. Det officielle Canada eTA er et meget vigtigt dokument for alle, der \u00f8nsker at rejse til Canada med fly uden at skulle ans\u00f8ge om et dyrt visum p\u00e5 den canadiske ambassade.<\/p>\n\n<p><strong>For et ophold p\u00e5 under 6 m\u00e5neder i Canada<\/strong>: Du kan udfylde formaliteterne for indrejse i Canada direkte via internettet ved at klikke p\u00e5 <a href=\"https:\/\/ave-eta-canada.com\/da\/eta-canada-formular-online\/\">onlineformularen<\/a>. Det er ikke n\u00f8dvendigt at lave en aftale p\u00e5 den canadiske ambassade eller det canadiske konsulat.<\/p>\n\n<p>Det er muligt for millioner af statsborgere fra hele verden at rejse til Canada med en elektronisk <a href=\"https:\/\/ave-eta-canada.com\/da\/vaelg-eta-eller-esta-til-dit-ophold\/\">eTA rejsetilladelse<\/a>, som f\u00e5s direkte online. Ved at indgive en officiel Canada eTA-ans\u00f8gning kan du blive i Canada i h\u00f8jst seks m\u00e5neder i l\u00f8bet af de f\u00f8lgende fem \u00e5r.<\/p>\n\n<h3 class=\"wp-block-heading\">Liste over 61 territorier, der er berettiget til den officielle eTA Canada (opdateret maj 2023)<\/h3>\n\n<figure class=\"wp-block-table\"><table><tbody><tr><td class=\"has-text-align-center\" data-align=\"center\">Tyskland<\/td><td class=\"has-text-align-center\" data-align=\"center\">Spanien<\/td><td class=\"has-text-align-center\" data-align=\"center\">Island<\/td><td class=\"has-text-align-center\" data-align=\"center\">Polen<\/td><td class=\"has-text-align-center\" data-align=\"center\">Vatikanet<\/td><\/tr><tr><td class=\"has-text-align-center\" data-align=\"center\">Andorra<\/td><td class=\"has-text-align-center\" data-align=\"center\">Estland<\/td><td class=\"has-text-align-center\" data-align=\"center\">Italien<\/td><td class=\"has-text-align-center\" data-align=\"center\">Portugal<\/td><td class=\"has-text-align-center\" data-align=\"center\"><strong>Siden 2023 :<\/strong><\/td><\/tr><tr><td class=\"has-text-align-center\" data-align=\"center\">Anguilla<\/td><td class=\"has-text-align-center\" data-align=\"center\">Finland<\/td><td class=\"has-text-align-center\" data-align=\"center\">Japan<\/td><td class=\"has-text-align-center\" data-align=\"center\">Tjekkiet<\/td><td class=\"has-text-align-center\" data-align=\"center\"><strong>Antigua og Barbuda<\/strong><\/td><\/tr><tr><td class=\"has-text-align-center\" data-align=\"center\">Australien<\/td><td class=\"has-text-align-center\" data-align=\"center\">Frankrig<\/td><td class=\"has-text-align-center\" data-align=\"center\">Letland<\/td><td class=\"has-text-align-center\" data-align=\"center\">Republikken Korea<\/td><td class=\"has-text-align-center\" data-align=\"center\"><strong>Argentina<\/strong><\/td><\/tr><tr><td class=\"has-text-align-center\" data-align=\"center\">\u00d8strig<\/td><td class=\"has-text-align-center\" data-align=\"center\">Gibraltar<\/td><td class=\"has-text-align-center\" data-align=\"center\">Liechtenstein<\/td><td class=\"has-text-align-center\" data-align=\"center\">Rum\u00e6nien<\/td><td class=\"has-text-align-center\" data-align=\"center\"><strong>Costa Rica<\/strong><\/td><\/tr><tr><td class=\"has-text-align-center\" data-align=\"center\">bahamansk<\/td><td class=\"has-text-align-center\" data-align=\"center\">Gr\u00e6kenland<\/td><td class=\"has-text-align-center\" data-align=\"center\">Litauen<\/td><td class=\"has-text-align-center\" data-align=\"center\">Storbritannien<\/td><td class=\"has-text-align-center\" data-align=\"center\"><strong>Marokko<\/strong><\/td><\/tr><tr><td class=\"has-text-align-center\" data-align=\"center\">Barbados<\/td><td class=\"has-text-align-center\" data-align=\"center\">hong kong<\/td><td class=\"has-text-align-center\" data-align=\"center\">Luxembourg<\/td><td class=\"has-text-align-center\" data-align=\"center\">Sainte-H\u00e9l\u00e8ne<\/td><td class=\"has-text-align-center\" data-align=\"center\"><strong>Panama<\/strong><\/td><\/tr><tr><td class=\"has-text-align-center\" data-align=\"center\">Belgien<\/td><td class=\"has-text-align-center\" data-align=\"center\">Ungarn<\/td><td class=\"has-text-align-center\" data-align=\"center\">Malta<\/td><td class=\"has-text-align-center\" data-align=\"center\">San Marino<\/td><td class=\"has-text-align-center\" data-align=\"center\"><strong>Filippinerne<\/strong><\/td><\/tr><tr><td class=\"has-text-align-center\" data-align=\"center\">Bermuda<\/td><td class=\"has-text-align-center\" data-align=\"center\">Cayman\u00f8erne<\/td><td class=\"has-text-align-center\" data-align=\"center\">Mexico<\/td><td class=\"has-text-align-center\" data-align=\"center\">Samoa<\/td><td class=\"has-text-align-center\" data-align=\"center\"><strong>Saint Kitts og Nevis<\/strong><\/td><\/tr><tr><td class=\"has-text-align-center\" data-align=\"center\">Brunei<\/td><td class=\"has-text-align-center\" data-align=\"center\">Falklands\u00f8erne<\/td><td class=\"has-text-align-center\" data-align=\"center\">Monaco<\/td><td class=\"has-text-align-center\" data-align=\"center\">Singapore<\/td><td class=\"has-text-align-center\" data-align=\"center\"><strong>St. LUCIA<\/strong><\/td><\/tr><tr><td class=\"has-text-align-center\" data-align=\"center\">Bulgarien<\/td><td class=\"has-text-align-center\" data-align=\"center\">Pitcairn-\u00f8erne<\/td><td class=\"has-text-align-center\" data-align=\"center\">Montserrat<\/td><td class=\"has-text-align-center\" data-align=\"center\">Slovakiet<\/td><td class=\"has-text-align-center\" data-align=\"center\"><strong>Saint Vincent og Grenadinerne<\/strong><\/td><\/tr><tr><td class=\"has-text-align-center\" data-align=\"center\">Chile<\/td><td class=\"has-text-align-center\" data-align=\"center\">Salomon\u00f8erne<\/td><td class=\"has-text-align-center\" data-align=\"center\">Norge<\/td><td class=\"has-text-align-center\" data-align=\"center\">Slovenien<\/td><td class=\"has-text-align-center\" data-align=\"center\"><strong>Seychellerne<\/strong><\/td><\/tr><tr><td class=\"has-text-align-center\" data-align=\"center\">Cypern<\/td><td class=\"has-text-align-center\" data-align=\"center\">Turks- og Caicos\u00f8erne<\/td><td class=\"has-text-align-center\" data-align=\"center\">New Zealand<\/td><td class=\"has-text-align-center\" data-align=\"center\">Sverige<\/td><td class=\"has-text-align-center\" data-align=\"center\"><strong>Thailand<\/strong><\/td><\/tr><tr><td class=\"has-text-align-center\" data-align=\"center\">Kroatien<\/td><td class=\"has-text-align-center\" data-align=\"center\">Britiske Jomfru\u00f8er<\/td><td class=\"has-text-align-center\" data-align=\"center\">Papua Ny Guinea<\/td><td class=\"has-text-align-center\" data-align=\"center\">schweizisk<\/td><td class=\"has-text-align-center\" data-align=\"center\"><strong>Trinidad og Tobago<\/strong><\/td><\/tr><tr><td class=\"has-text-align-center\" data-align=\"center\">Danmark<\/td><td class=\"has-text-align-center\" data-align=\"center\">Irland<\/td><td class=\"has-text-align-center\" data-align=\"center\">Nederlandene<\/td><td class=\"has-text-align-center\" data-align=\"center\">Taiwan<\/td><td class=\"has-text-align-center\" data-align=\"center\"><strong>Uruguay<\/strong><\/td><\/tr><\/tbody><\/table><figcaption class=\"wp-element-caption\">Liste over lande, der er omfattet af det canadiske visumfritagelsesprogram<\/figcaption><\/figure>\n\n<h2 class=\"wp-block-heading\">Udarbejdelse af en officiel eTA Canada-ans\u00f8gning<\/h2>\n\n<p>Den officielle eTA Canada blev oprettet af den canadiske regering for at lette canadiske statsborgeres ans\u00f8gninger om visum og ans\u00f8gninger om l\u00e6ngere eller kortere ophold i Canada. Ans\u00f8gningen om en eTA Canada foreg\u00e5r kun online, s\u00e5 der er ingen grund til at g\u00e5 til den canadiske ambassade eller det canadiske konsulat for at f\u00e5 den, da det ikke er det samme som for en visumans\u00f8gning.<\/p>\n\n<p>Den canadiske regering har faktisk indf\u00f8rt et system til ans\u00f8gning og behandling af ans\u00f8gninger udelukkende online. Det er muligt at ans\u00f8ge om en officiel eTA Canada via den<a href=\"https:\/\/www.canada.ca\/\"> Canadas regering<\/a> eller via uafh\u00e6ngige websteder, som guider dig gennem den administrative proces og kontrollerer de indtastede oplysninger for at sikre, at der ikke er beg\u00e5et fejl, som kan f\u00f8re til, at din officielle eTA Canada bliver afvist.<\/p>\n\n<p>N\u00e5r du ans\u00f8ger om en officiel eTA Canada, bliver du bedt om at udfylde eTA-formularen.<\/p>\n\n<p>Du vil blive bedt om at udfylde forskellige personlige oplysninger om dig selv, f.eks. dit fornavn, efternavn, adresse, f\u00f8dested og -dato, erhverv osv.<\/p>\n\n<p>I denne <a href=\"https:\/\/ave-eta-canada.com\/da\/udfylde-eta-formular-for-canada\/\">onlineformular<\/a> skal du ogs\u00e5 besvare sp\u00f8rgsm\u00e5l om din baggrund: din helbredstilstand, dine tidligere problemer med loven, om du nogensinde er blevet n\u00e6gtet indrejse i Canada eller et andet land osv.<\/p>\n\n<p>Det er meget vigtigt at have et gyldigt pas for at ans\u00f8ge om et officielt Canada eTA, da eTA&#8217;et er knyttet til dit biometriske eller elektroniske pasnummer. Hvis du skal have et nyt pas, skal du <a href=\"https:\/\/ave-eta-canada.com\/da\/foretag-en-officiel-canada-eta-anmodning\/\">ans\u00f8ge om et nyt eTA<\/a>.<\/p>\n","protected":false},"excerpt":{"rendered":"<p>Hvordan ans\u00f8ger man om en officiel eTA Canada? Hvis du planl\u00e6gger en rejse til Canada, skal du sikre dig, at du har de rigtige dokumenter i h\u00e5nden: pas, forsikring, returbillet, men ogs\u00e5 din officielle rejsetilladelse. Det officielle Canada eTA er et meget vigtigt dokument for alle, der \u00f8nsker at rejse til Canada med fly uden [&hellip;]<\/p>\n","protected":false},"author":1,"featured_media":0,"parent":0,"menu_order":0,"comment_status":"closed","ping_status":"closed","template":"","meta":{"footnotes":""},"class_list":["post-4054","page","type-page","status-publish","hentry"],"yoast_head":"<!-- This site is optimized with the Yoast SEO plugin v26.9 - https:\/\/yoast.com\/product\/yoast-seo-wordpress\/ -->\n<title>Udarbejdelse af en officiel eTA Canada-ans\u00f8gning<\/title>\n<meta name=\"description\" content=\"Ans\u00f8g om en officiel eTA Canada p\u00e5 den canadiske regerings websted eller p\u00e5 et sikkert uafh\u00e6ngigt websted.\" \/>\n<meta name=\"robots\" content=\"index, follow, max-snippet:-1, max-image-preview:large, max-video-preview:-1\" \/>\n<link rel=\"canonical\" href=\"https:\/\/ave-eta-canada.com\/da\/foretag-en-officiel-canada-eta-anmodning\/\" \/>\n<meta property=\"og:locale\" content=\"da_DK\" \/>\n<meta property=\"og:type\" content=\"article\" \/>\n<meta property=\"og:title\" content=\"Udarbejdelse af en officiel eTA Canada-ans\u00f8gning\" \/>\n<meta property=\"og:description\" content=\"Ans\u00f8g om en officiel eTA Canada p\u00e5 den canadiske regerings websted eller p\u00e5 et sikkert uafh\u00e6ngigt websted.\" \/>\n<meta property=\"og:url\" content=\"https:\/\/ave-eta-canada.com\/da\/foretag-en-officiel-canada-eta-anmodning\/\" \/>\n<meta property=\"og:site_name\" content=\"VISA CANADA\" \/>\n<meta property=\"article:modified_time\" content=\"2023-04-27T22:00:30+00:00\" \/>\n<meta name=\"twitter:card\" content=\"summary_large_image\" \/>\n<meta name=\"twitter:label1\" content=\"Estimeret l\u00e6setid\" \/>\n\t<meta name=\"twitter:data1\" content=\"2 minutter\" \/>\n<script type=\"application\/ld+json\" class=\"yoast-schema-graph\">{\"@context\":\"https:\/\/schema.org\",\"@graph\":[{\"@type\":\"WebPage\",\"@id\":\"https:\/\/ave-eta-canada.com\/da\/foretag-en-officiel-canada-eta-anmodning\/\",\"url\":\"https:\/\/ave-eta-canada.com\/da\/foretag-en-officiel-canada-eta-anmodning\/\",\"name\":\"Udarbejdelse af en officiel eTA Canada-ans\u00f8gning\",\"isPartOf\":{\"@id\":\"https:\/\/ave-eta-canada.com\/da\/#website\"},\"datePublished\":\"2023-04-18T14:41:25+00:00\",\"dateModified\":\"2023-04-27T22:00:30+00:00\",\"description\":\"Ans\u00f8g om en officiel eTA Canada p\u00e5 den canadiske regerings websted eller p\u00e5 et sikkert uafh\u00e6ngigt websted.\",\"breadcrumb\":{\"@id\":\"https:\/\/ave-eta-canada.com\/da\/foretag-en-officiel-canada-eta-anmodning\/#breadcrumb\"},\"inLanguage\":\"da-DK\",\"potentialAction\":[{\"@type\":\"ReadAction\",\"target\":[\"https:\/\/ave-eta-canada.com\/da\/foretag-en-officiel-canada-eta-anmodning\/\"]}]},{\"@type\":\"BreadcrumbList\",\"@id\":\"https:\/\/ave-eta-canada.com\/da\/foretag-en-officiel-canada-eta-anmodning\/#breadcrumb\",\"itemListElement\":[{\"@type\":\"ListItem\",\"position\":1,\"name\":\"Home\",\"item\":\"https:\/\/ave-eta-canada.com\/da\/\"},{\"@type\":\"ListItem\",\"position\":2,\"name\":\"Udarbejdelse af en officiel eTA Canada-ans\u00f8gning\"}]},{\"@type\":\"WebSite\",\"@id\":\"https:\/\/ave-eta-canada.com\/da\/#website\",\"url\":\"https:\/\/ave-eta-canada.com\/da\/\",\"name\":\"VISA CANADA\",\"description\":\"Autorisation Voyage Electronique\",\"potentialAction\":[{\"@type\":\"SearchAction\",\"target\":{\"@type\":\"EntryPoint\",\"urlTemplate\":\"https:\/\/ave-eta-canada.com\/da\/?s={search_term_string}\"},\"query-input\":{\"@type\":\"PropertyValueSpecification\",\"valueRequired\":true,\"valueName\":\"search_term_string\"}}],\"inLanguage\":\"da-DK\"}]}<\/script>\n<!-- \/ Yoast SEO plugin. -->","yoast_head_json":{"title":"Udarbejdelse af en officiel eTA Canada-ans\u00f8gning","description":"Ans\u00f8g om en officiel eTA Canada p\u00e5 den canadiske regerings websted eller p\u00e5 et sikkert uafh\u00e6ngigt websted.","robots":{"index":"index","follow":"follow","max-snippet":"max-snippet:-1","max-image-preview":"max-image-preview:large","max-video-preview":"max-video-preview:-1"},"canonical":"https:\/\/ave-eta-canada.com\/da\/foretag-en-officiel-canada-eta-anmodning\/","og_locale":"da_DK","og_type":"article","og_title":"Udarbejdelse af en officiel eTA Canada-ans\u00f8gning","og_description":"Ans\u00f8g om en officiel eTA Canada p\u00e5 den canadiske regerings websted eller p\u00e5 et sikkert uafh\u00e6ngigt websted.","og_url":"https:\/\/ave-eta-canada.com\/da\/foretag-en-officiel-canada-eta-anmodning\/","og_site_name":"VISA CANADA","article_modified_time":"2023-04-27T22:00:30+00:00","twitter_card":"summary_large_image","twitter_misc":{"Estimeret l\u00e6setid":"2 minutter"},"schema":{"@context":"https:\/\/schema.org","@graph":[{"@type":"WebPage","@id":"https:\/\/ave-eta-canada.com\/da\/foretag-en-officiel-canada-eta-anmodning\/","url":"https:\/\/ave-eta-canada.com\/da\/foretag-en-officiel-canada-eta-anmodning\/","name":"Udarbejdelse af en officiel eTA Canada-ans\u00f8gning","isPartOf":{"@id":"https:\/\/ave-eta-canada.com\/da\/#website"},"datePublished":"2023-04-18T14:41:25+00:00","dateModified":"2023-04-27T22:00:30+00:00","description":"Ans\u00f8g om en officiel eTA Canada p\u00e5 den canadiske regerings websted eller p\u00e5 et sikkert uafh\u00e6ngigt websted.","breadcrumb":{"@id":"https:\/\/ave-eta-canada.com\/da\/foretag-en-officiel-canada-eta-anmodning\/#breadcrumb"},"inLanguage":"da-DK","potentialAction":[{"@type":"ReadAction","target":["https:\/\/ave-eta-canada.com\/da\/foretag-en-officiel-canada-eta-anmodning\/"]}]},{"@type":"BreadcrumbList","@id":"https:\/\/ave-eta-canada.com\/da\/foretag-en-officiel-canada-eta-anmodning\/#breadcrumb","itemListElement":[{"@type":"ListItem","position":1,"name":"Home","item":"https:\/\/ave-eta-canada.com\/da\/"},{"@type":"ListItem","position":2,"name":"Udarbejdelse af en officiel eTA Canada-ans\u00f8gning"}]},{"@type":"WebSite","@id":"https:\/\/ave-eta-canada.com\/da\/#website","url":"https:\/\/ave-eta-canada.com\/da\/","name":"VISA CANADA","description":"Autorisation Voyage Electronique","potentialAction":[{"@type":"SearchAction","target":{"@type":"EntryPoint","urlTemplate":"https:\/\/ave-eta-canada.com\/da\/?s={search_term_string}"},"query-input":{"@type":"PropertyValueSpecification","valueRequired":true,"valueName":"search_term_string"}}],"inLanguage":"da-DK"}]}},"_links":{"self":[{"href":"https:\/\/ave-eta-canada.com\/da\/wp-json\/wp\/v2\/pages\/4054","targetHints":{"allow":["GET"]}}],"collection":[{"href":"https:\/\/ave-eta-canada.com\/da\/wp-json\/wp\/v2\/pages"}],"about":[{"href":"https:\/\/ave-eta-canada.com\/da\/wp-json\/wp\/v2\/types\/page"}],"author":[{"embeddable":true,"href":"https:\/\/ave-eta-canada.com\/da\/wp-json\/wp\/v2\/users\/1"}],"replies":[{"embeddable":true,"href":"https:\/\/ave-eta-canada.com\/da\/wp-json\/wp\/v2\/comments?post=4054"}],"version-history":[{"count":0,"href":"https:\/\/ave-eta-canada.com\/da\/wp-json\/wp\/v2\/pages\/4054\/revisions"}],"wp:attachment":[{"href":"https:\/\/ave-eta-canada.com\/da\/wp-json\/wp\/v2\/media?parent=4054"}],"curies":[{"name":"wp","href":"https:\/\/api.w.org\/{rel}","templated":true}]}}