{"id":4061,"date":"2023-04-18T14:41:25","date_gmt":"2023-04-18T14:41:25","guid":{"rendered":"https:\/\/ave-eta-canada.com\/wash-canada-is-it-mandatory\/"},"modified":"2023-04-23T17:17:56","modified_gmt":"2023-04-23T17:17:56","slug":"eta-canada-obligatorisk","status":"publish","type":"page","link":"https:\/\/ave-eta-canada.com\/da\/eta-canada-obligatorisk\/","title":{"rendered":"Er en eTA Canada obligatorisk?"},"content":{"rendered":"\n<h1 class=\"wp-block-heading\">Er eTA Canada et krav?<\/h1>\n\n<p>eTA Canada er en elektronisk rejsetilladelse, der er indf\u00f8rt af den canadiske regering. Den skal indhentes inden rejsen til Canada ved hj\u00e6lp af en online-formular, der findes p\u00e5 regeringens websted. <\/p>\n\n<p><strong>For et ophold p\u00e5 under 6 m\u00e5neder i Canada<\/strong>: Du kan udfylde formaliteterne for indrejse i Canada direkte via internettet ved at klikke p\u00e5 <a href=\"https:\/\/ave-eta-canada.com\/da\/eta-canada-formular-online\/\">onlineformularen<\/a>. Det er ikke n\u00f8dvendigt at lave en aftale p\u00e5 den canadiske ambassade eller det canadiske konsulat.<\/p>\n\n<p>Til sp\u00f8rgsm\u00e5let: Er eTA Canada obligatorisk? Svaret er ja. Den canadiske elektroniske rejsetilladelse er obligatorisk for visse rejsende under visse betingelser. Her forklarer vi, hvilke forpligtelser eTA Canada har.<br\/><br\/><\/p>\n\n<h2 class=\"wp-block-heading\">Hvorn\u00e5r er det n\u00f8dvendigt med en eTA Canada?<\/h2>\n\n<p>eTA Canada blev gjort obligatorisk i november 2016 af de canadiske myndigheder. Princippet er simpelt: man skal have en rejsetilladelse, f\u00f8r man rejser til Canada, hvilket mindsker overbelastningen af de canadiske ambassader og gr\u00e6nseovergange og samtidig sikrer landets indre sikkerhed.<\/p>\n\n<p><a href=\"https:\/\/ave-eta-canada.com\/da\/alt-om-eta-canada\/\">eTA Canadaer kun p\u00e5kr\u00e6vet<\/a> ved indrejse i Canada med fly. Du beh\u00f8ver ikke at ans\u00f8ge om et eTA Canada for at rejse til Canada til lands eller til vands. Det skal bem\u00e6rkes, at kravet fra eTA Canada ogs\u00e5 g\u00e6lder for flyrejser.<\/p>\n\n<p>Det nytter ikke noget at ankomme til lufthavnen uden den obligatoriske Canada eTA, da flyselskaberne er forpligtet til at n\u00e6gte alle, der ikke opfylder den canadiske regerings immigrationskrav, adgang til flyet. Det er derfor vigtigt at indhente rejsetilladelse, inden man rejser.<br\/><br\/><\/p>\n\n<h2 class=\"wp-block-heading\">Hvem er eTA Canada-kravet for?<\/h2>\n\n<p>Kravet om eTA Canada g\u00e6lder kun for statsborgere fra lande, der er fritaget for visum. Da Frankrig er en af dem, skal franske statsborgere opfylde kravene i eTA Canada for at rejse til Canada.<\/p>\n\n<p>Kravet om eTA Canada g\u00e6lder dog ikke for franske statsborgere med bop\u00e6l i Saint-Pierre-et-Miquelon, hvis de rejser til Canada direkte fra Saint-Pierre-et-Miquelon. Rejsende med dobbelt canadisk eller amerikansk statsborgerskab (forudsat at de har et gyldigt pas &#8211; et canadisk eller amerikansk pas), fastboende canadiere og under visse betingelser indehavere af et gyldigt canadisk visum (visum til midlertidig ophold, WHP, arbejdstilladelse, studietilladelse osv.) er ogs\u00e5 undtaget fra kravet om eTA Canada.<\/p>\n\n<p>Rejsetilladelsen giver dig ikke ret til at <a href=\"https:\/\/ave-eta-canada.com\/da\/pvt-canada-hvordan-man-far-sin-arbejdstilladelse-til-ferie\/\">arbejde eller studere i Canada<\/a>. Det er heller ikke en indrejsetilladelse: det er gr\u00e6nsebetjenten, der er ansvarlig for at acceptere eller afvise passagerer, der m\u00f8der op ved gr\u00e6nsen. Beslutningen er baseret p\u00e5 forel\u00e6ggelse af de kr\u00e6vede rejsedokumenter (pas, eTA, udrejsebillet osv.).<br\/><br\/><\/p>\n\n<h2 class=\"wp-block-heading\">Hvilke andre forpligtelser har eTA Canada?<\/h2>\n\n<p>eTA Canada er knyttet til den rejsendes pas. Enhver \u00e6ndring af passet vil s\u00e5ledes g\u00f8re eTA&#8217;en ugyldig, herunder fornyelse af passet. Den obligatoriske eTA Canada skal v\u00e6re opdateret, ellers vil du f\u00e5 indrejseforbud i Canada.<\/p>\n\n<p>Indehaveren af en eTA Canada er forpligtet til at forlade landet senest 6 m\u00e5neder efter ankomsten. Han\/hun kan dog foretage s\u00e5 mange rejser til Canada, som han\/hun \u00f8nsker, i l\u00f8bet af <a href=\"https:\/\/ave-eta-canada.com\/da\/eta-canada-gyldighedsperiode\/\">eTA&#8217;ens gyldighedsperiode<\/a>. Det skal bem\u00e6rkes, at tilladelsen udstedes for en periode p\u00e5 5 \u00e5r eller indtil passet udl\u00f8ber, hvis det udl\u00f8ber inden udl\u00f8bet af den officielle gyldighedsperiode for eTA-tilladelsen.<br\/><br\/><\/p>\n\n<h2 class=\"wp-block-heading\">Hvordan f\u00e5r jeg den obligatoriske Canada eTA?<\/h2>\n\n<p>Den obligatoriske Canada eTA kan kun f\u00e5s online via den canadiske regerings officielle websted eller gennem en privat organisation, som f.eks. vores partner, for at f\u00e5 personlig hj\u00e6lp. Det er ikke n\u00f8dvendigt at kontakte den canadiske ambassade eller det canadiske konsulat, da kun online-ans\u00f8gninger behandles.<\/p>\n\n<p>eTA Canada-ans\u00f8gningen best\u00e5r af en formular med felter, der henviser til pasdata og indehaverens personlige oplysninger. <a href=\"https:\/\/ave-eta-canada.com\/da\/udfylde-eta-formular-for-canada\/\">Onlineformularen<\/a> suppleres med 4 sp\u00f8rgsm\u00e5l om ubehandlede sygdomme, strafbare handlinger og den rejsendes tidligere ophold.<\/p>\n\n<p>Den formular, der skal udfyldes, er valideret, n\u00e5r der er betalt et godkendelsesgebyr p\u00e5 7 canadiske dollars. Der sendes automatisk en kvittering for modtagelsen til den e-mailadresse, der er angivet i formularen. Det endelige svar f\u00f8lger som regel inden for f\u00e5 minutter. Hvis en ans\u00f8gning ikke er f\u00e6rdigbehandlet, hvilket er sj\u00e6ldent, sendes der inden for f\u00e5 dage en e-mail med en liste over yderligere dokumenter, der skal indsendes. Bem\u00e6rk venligst, at du kan <a href=\"https:\/\/ave-eta-canada.com\/da\/hvordan-man-finder-en-eta\/\">hente din eTA-ans\u00f8gning<\/a> ved at bruge det nummer, du har modtaget pr. e-mail.<\/p>\n\n<p>Det skal bem\u00e6rkes, at et afslag p\u00e5 en eTA Canada ikke er et definitivt forbud mod indrejse i Canada. Den rejsende kan enten genans\u00f8ge, hvis han\/hun opdager en indtastningsfejl, eller ans\u00f8ge om et visum p\u00e5 ambassaden.<\/p>\n","protected":false},"excerpt":{"rendered":"<p>Er eTA Canada et krav? eTA Canada er en elektronisk rejsetilladelse, der er indf\u00f8rt af den canadiske regering. Den skal indhentes inden rejsen til Canada ved hj\u00e6lp af en online-formular, der findes p\u00e5 regeringens websted. For et ophold p\u00e5 under 6 m\u00e5neder i Canada: Du kan udfylde formaliteterne for indrejse i Canada direkte via internettet [&hellip;]<\/p>\n","protected":false},"author":1,"featured_media":0,"parent":0,"menu_order":0,"comment_status":"closed","ping_status":"closed","template":"","meta":{"footnotes":""},"class_list":["post-4061","page","type-page","status-publish","hentry"],"yoast_head":"<!-- This site is optimized with the Yoast SEO plugin v26.9 - https:\/\/yoast.com\/product\/yoast-seo-wordpress\/ -->\n<title>Er en eTA Canada obligatorisk?<\/title>\n<meta name=\"description\" content=\"I november 2016 indf\u00f8rte den canadiske regering en elektronisk rejsetilladelse (eTA). Er det obligatorisk? Det fulde svar her.\" \/>\n<meta name=\"robots\" content=\"index, follow, max-snippet:-1, max-image-preview:large, max-video-preview:-1\" \/>\n<link rel=\"canonical\" href=\"https:\/\/ave-eta-canada.com\/da\/eta-canada-obligatorisk\/\" \/>\n<meta property=\"og:locale\" content=\"da_DK\" \/>\n<meta property=\"og:type\" content=\"article\" \/>\n<meta property=\"og:title\" content=\"Er en eTA Canada obligatorisk?\" \/>\n<meta property=\"og:description\" content=\"I november 2016 indf\u00f8rte den canadiske regering en elektronisk rejsetilladelse (eTA). Er det obligatorisk? Det fulde svar her.\" \/>\n<meta property=\"og:url\" content=\"https:\/\/ave-eta-canada.com\/da\/eta-canada-obligatorisk\/\" \/>\n<meta property=\"og:site_name\" content=\"VISA CANADA\" \/>\n<meta property=\"article:modified_time\" content=\"2023-04-23T17:17:56+00:00\" \/>\n<meta name=\"twitter:card\" content=\"summary_large_image\" \/>\n<meta name=\"twitter:label1\" content=\"Estimeret l\u00e6setid\" \/>\n\t<meta name=\"twitter:data1\" content=\"4 minutter\" \/>\n<script type=\"application\/ld+json\" class=\"yoast-schema-graph\">{\"@context\":\"https:\/\/schema.org\",\"@graph\":[{\"@type\":\"WebPage\",\"@id\":\"https:\/\/ave-eta-canada.com\/da\/eta-canada-obligatorisk\/\",\"url\":\"https:\/\/ave-eta-canada.com\/da\/eta-canada-obligatorisk\/\",\"name\":\"Er en eTA Canada obligatorisk?\",\"isPartOf\":{\"@id\":\"https:\/\/ave-eta-canada.com\/da\/#website\"},\"datePublished\":\"2023-04-18T14:41:25+00:00\",\"dateModified\":\"2023-04-23T17:17:56+00:00\",\"description\":\"I november 2016 indf\u00f8rte den canadiske regering en elektronisk rejsetilladelse (eTA). Er det obligatorisk? Det fulde svar her.\",\"breadcrumb\":{\"@id\":\"https:\/\/ave-eta-canada.com\/da\/eta-canada-obligatorisk\/#breadcrumb\"},\"inLanguage\":\"da-DK\",\"potentialAction\":[{\"@type\":\"ReadAction\",\"target\":[\"https:\/\/ave-eta-canada.com\/da\/eta-canada-obligatorisk\/\"]}]},{\"@type\":\"BreadcrumbList\",\"@id\":\"https:\/\/ave-eta-canada.com\/da\/eta-canada-obligatorisk\/#breadcrumb\",\"itemListElement\":[{\"@type\":\"ListItem\",\"position\":1,\"name\":\"Home\",\"item\":\"https:\/\/ave-eta-canada.com\/da\/\"},{\"@type\":\"ListItem\",\"position\":2,\"name\":\"Er en eTA Canada obligatorisk?\"}]},{\"@type\":\"WebSite\",\"@id\":\"https:\/\/ave-eta-canada.com\/da\/#website\",\"url\":\"https:\/\/ave-eta-canada.com\/da\/\",\"name\":\"VISA CANADA\",\"description\":\"Autorisation Voyage Electronique\",\"potentialAction\":[{\"@type\":\"SearchAction\",\"target\":{\"@type\":\"EntryPoint\",\"urlTemplate\":\"https:\/\/ave-eta-canada.com\/da\/?s={search_term_string}\"},\"query-input\":{\"@type\":\"PropertyValueSpecification\",\"valueRequired\":true,\"valueName\":\"search_term_string\"}}],\"inLanguage\":\"da-DK\"}]}<\/script>\n<!-- \/ Yoast SEO plugin. -->","yoast_head_json":{"title":"Er en eTA Canada obligatorisk?","description":"I november 2016 indf\u00f8rte den canadiske regering en elektronisk rejsetilladelse (eTA). Er det obligatorisk? Det fulde svar her.","robots":{"index":"index","follow":"follow","max-snippet":"max-snippet:-1","max-image-preview":"max-image-preview:large","max-video-preview":"max-video-preview:-1"},"canonical":"https:\/\/ave-eta-canada.com\/da\/eta-canada-obligatorisk\/","og_locale":"da_DK","og_type":"article","og_title":"Er en eTA Canada obligatorisk?","og_description":"I november 2016 indf\u00f8rte den canadiske regering en elektronisk rejsetilladelse (eTA). Er det obligatorisk? Det fulde svar her.","og_url":"https:\/\/ave-eta-canada.com\/da\/eta-canada-obligatorisk\/","og_site_name":"VISA CANADA","article_modified_time":"2023-04-23T17:17:56+00:00","twitter_card":"summary_large_image","twitter_misc":{"Estimeret l\u00e6setid":"4 minutter"},"schema":{"@context":"https:\/\/schema.org","@graph":[{"@type":"WebPage","@id":"https:\/\/ave-eta-canada.com\/da\/eta-canada-obligatorisk\/","url":"https:\/\/ave-eta-canada.com\/da\/eta-canada-obligatorisk\/","name":"Er en eTA Canada obligatorisk?","isPartOf":{"@id":"https:\/\/ave-eta-canada.com\/da\/#website"},"datePublished":"2023-04-18T14:41:25+00:00","dateModified":"2023-04-23T17:17:56+00:00","description":"I november 2016 indf\u00f8rte den canadiske regering en elektronisk rejsetilladelse (eTA). Er det obligatorisk? Det fulde svar her.","breadcrumb":{"@id":"https:\/\/ave-eta-canada.com\/da\/eta-canada-obligatorisk\/#breadcrumb"},"inLanguage":"da-DK","potentialAction":[{"@type":"ReadAction","target":["https:\/\/ave-eta-canada.com\/da\/eta-canada-obligatorisk\/"]}]},{"@type":"BreadcrumbList","@id":"https:\/\/ave-eta-canada.com\/da\/eta-canada-obligatorisk\/#breadcrumb","itemListElement":[{"@type":"ListItem","position":1,"name":"Home","item":"https:\/\/ave-eta-canada.com\/da\/"},{"@type":"ListItem","position":2,"name":"Er en eTA Canada obligatorisk?"}]},{"@type":"WebSite","@id":"https:\/\/ave-eta-canada.com\/da\/#website","url":"https:\/\/ave-eta-canada.com\/da\/","name":"VISA CANADA","description":"Autorisation Voyage Electronique","potentialAction":[{"@type":"SearchAction","target":{"@type":"EntryPoint","urlTemplate":"https:\/\/ave-eta-canada.com\/da\/?s={search_term_string}"},"query-input":{"@type":"PropertyValueSpecification","valueRequired":true,"valueName":"search_term_string"}}],"inLanguage":"da-DK"}]}},"_links":{"self":[{"href":"https:\/\/ave-eta-canada.com\/da\/wp-json\/wp\/v2\/pages\/4061","targetHints":{"allow":["GET"]}}],"collection":[{"href":"https:\/\/ave-eta-canada.com\/da\/wp-json\/wp\/v2\/pages"}],"about":[{"href":"https:\/\/ave-eta-canada.com\/da\/wp-json\/wp\/v2\/types\/page"}],"author":[{"embeddable":true,"href":"https:\/\/ave-eta-canada.com\/da\/wp-json\/wp\/v2\/users\/1"}],"replies":[{"embeddable":true,"href":"https:\/\/ave-eta-canada.com\/da\/wp-json\/wp\/v2\/comments?post=4061"}],"version-history":[{"count":0,"href":"https:\/\/ave-eta-canada.com\/da\/wp-json\/wp\/v2\/pages\/4061\/revisions"}],"wp:attachment":[{"href":"https:\/\/ave-eta-canada.com\/da\/wp-json\/wp\/v2\/media?parent=4061"}],"curies":[{"name":"wp","href":"https:\/\/api.w.org\/{rel}","templated":true}]}}