{"id":4064,"date":"2023-04-18T14:41:26","date_gmt":"2023-04-18T14:41:26","guid":{"rendered":"https:\/\/ave-eta-canada.com\/med-canada-awards\/"},"modified":"2023-04-22T16:39:10","modified_gmt":"2023-04-22T16:39:10","slug":"eta-canada-dens-pris","status":"publish","type":"page","link":"https:\/\/ave-eta-canada.com\/da\/eta-canada-dens-pris\/","title":{"rendered":"eTA Canada: dens pris"},"content":{"rendered":"\n<h1 class=\"wp-block-heading\">Hvor meget koster en eTA Canada?<\/h1>\n\n<p>Canada er en dr\u00f8mmedestination for millioner af mennesker hvert \u00e5r. Det er perfekt til ferier med familien, venner, par eller endda alene, og det er nu muligt at rejse dertil nemt takket v\u00e6re eTA Canada (Electronic Travel Authorisation). Den elektroniske rejsetilladelse til Canada giver dig mulighed for at nyde de mange aktiviteter i Canada uden at skulle ans\u00f8ge om et visum. <\/p>\n\n<p><strong>For et ophold p\u00e5 under 6 m\u00e5neder i Canada<\/strong>: Du kan udfylde formaliteterne for indrejse i Canada direkte via internettet ved at klikke p\u00e5 <a href=\"https:\/\/ave-eta-canada.com\/da\/eta-canada-formular-online\/\">onlineformularen<\/a>. Det er ikke n\u00f8dvendigt at lave en aftale p\u00e5 den canadiske ambassade eller det canadiske konsulat.<\/p>\n\n<br\/>\n\n<h2 class=\"wp-block-heading\">Sammenligning af prisen p\u00e5 eTA Canada og visum<\/h2>\n\n<p>ETA, eller <a href=\"https:\/\/ave-eta-canada.com\/da\/hvornar-man-skal-ansoge-om-en-eta-canada\/\">Electronic Travel Authorization<\/a>, giver udenlandske statsborgere mulighed for at blive fritaget for visumkrav til Canada med fly eller i transit, inden de flyver til en anden destination. Kun statsborgere i de lande, der er omfattet af denne ordning, kan benytte sig af dette pas. Den rejsende skal ogs\u00e5 v\u00e6re i besiddelse af et gyldigt pas og skal opholde sig i Canada i h\u00f8jst 6 m\u00e5neder. Fordelen ved eTA er, at den er gyldig i fem \u00e5r, hvilket giver dig mulighed for at vende tilbage til Canada s\u00e5 mange gange, du \u00f8nsker, inden for den tid, der er tilladt for hvert bes\u00f8g (h\u00f8jst 6 m\u00e5neder). Du skal dog ikke forvente at kunne arbejde i Canada, bo i Canada, tage et praktikophold eller studere p\u00e5 et canadisk universitet med en eTA. Hvis det er dit m\u00e5l, skal du ans\u00f8ge om en WHP (Working Holiday Permit) eller et visum.<\/p>\n\n<p>Det kan v\u00e6re kompliceret at f\u00e5 et visum til en ferie i Canada. Den canadiske regering skal nemlig overholde kvoter for udstedelse. Derfor er betingelserne vanskelige at opfylde (herunder bevis for store finansielle ressourcer). Trinene (ans\u00f8gningen og oprettelsen af filen med de n\u00f8dvendige dokumenter) og svartiden er lange, og prisen er h\u00f8jere end for en eTA Canada. Prisen for et midlertidigt visum til Canada er $100-$150 CAD, hvilket er et rigtig godt budget i forhold til gebyret for <a>eTA Canada<\/a>, is\u00e6r hvis du rejser med mere end \u00e9n person! Du kan f\u00e5 flere oplysninger om det canadiske visum p\u00e5 den canadiske ambassades websted.<\/p>\n\n<p>Som du kan se, anbefaler vi dig kraftigt at ans\u00f8ge om et eTA Canada for at opleve Canada og smage specialiteter som poutine eller shepherd&#8217;s pie (som ligner vores shepherd&#8217;s pie, men med majs), da prisen er meget lavere end et visum. Toronto (den mest kosmopolitiske by!), Quebec City, Ottawa og Vancouver venter p\u00e5 dig!<br\/><br\/><\/p>\n\n<h2 class=\"wp-block-heading\">Bestilling af en eTA Canada og oplysning om gebyret<\/h2>\n\n<p>Hvis du rejser til Canada sammen med mere end \u00e9n person, er det endnu ikke muligt at ans\u00f8ge som en gruppe og betale eTA Canada-gebyret for flere personer p\u00e5 \u00e9n gang. Ans\u00f8gningerne indgives enkeltvis, og <a href=\"https:\/\/ave-eta-canada.com\/da\/eta-canada-dens-pris\/\">eTA-gebyret<\/a> skal betales separat.<\/p>\n\n<p>De dokumenter, der kr\u00e6ves for at ans\u00f8ge, er: alle de pas, du har brug for (tjek deres gyldighed), og et betalingskort. Der er to m\u00e5der at ans\u00f8ge om din eTA online p\u00e5:<\/p>\n\n<ul class=\"wp-block-list\"><li>lave anmodningen via et privat websted, og et team vil derefter tage sig af ordren for dig for at undg\u00e5 fejl ved udfyldelsen af onlineformularen;<\/li><li>ans\u00f8ge p\u00e5 den canadiske regerings officielle websted. Alle felter p\u00e5 formularen skal udfyldes omhyggeligt, og sp\u00f8rgsm\u00e5lene skal besvares \u00e6rligt. Bem\u00e6rk venligst, at en enkelt fejl kan medf\u00f8re, at din ans\u00f8gning afvises med det samme.<\/li><\/ul>\n\n<p>N\u00e5r du har udfyldt din ans\u00f8gning s\u00e5 grundigt som muligt, skal du betale et gebyr for at f\u00e5 din ans\u00f8gning godkendt.<\/p>\n\n<p>Via den canadiske regerings websted bliver du bedt om at betale et gebyr p\u00e5 7 CAD$ (canadiske dollars). Hvis du anmoder om tjenester fra en privat platform, skal du betale ekstra gebyrer, men prisen er stadig attraktiv!<\/p>\n\n<p>Du f\u00e5r normalt et svar p\u00e5 din e-mail inden for f\u00e5 minutter. Men du skal ikke v\u00e6re bekymret, hvis du ikke har modtaget et svar med det samme, kan det tage et par dage.<\/p>\n\n<p>N\u00e5r <a href=\"https:\/\/ave-eta-canada.com\/da\/tid-til-at-fa-eta-canada\/\">din eTA Canada<\/a> er blevet bekr\u00e6ftet, kan du flyve til Canada. Du skal dog v\u00e6re opm\u00e6rksom p\u00e5, at det kun er tolderen p\u00e5 stedet, der afg\u00f8r, om du kan rejse ind i Canada eller ej.<\/p>\n\n<p>Her er vores sidste r\u00e5d til rejsende, nu hvor du ved, hvor meget eTA Canada koster: Inden du rejser til Canada, skal du huske at t\u00e6nke p\u00e5 en rejseforsikring i tilf\u00e6lde af problemer og en chapka, hvis du flyver om vinteren.<\/p>\n\n<p>S\u00e5 er det nu, god forn\u00f8jelse med dit ophold i Canada!<\/p>\n","protected":false},"excerpt":{"rendered":"<p>Hvor meget koster en eTA Canada? Canada er en dr\u00f8mmedestination for millioner af mennesker hvert \u00e5r. Det er perfekt til ferier med familien, venner, par eller endda alene, og det er nu muligt at rejse dertil nemt takket v\u00e6re eTA Canada (Electronic Travel Authorisation). Den elektroniske rejsetilladelse til Canada giver dig mulighed for at nyde [&hellip;]<\/p>\n","protected":false},"author":1,"featured_media":0,"parent":0,"menu_order":0,"comment_status":"closed","ping_status":"closed","template":"","meta":{"footnotes":""},"class_list":["post-4064","page","type-page","status-publish","hentry"],"yoast_head":"<!-- This site is optimized with the Yoast SEO plugin v26.9 - https:\/\/yoast.com\/product\/yoast-seo-wordpress\/ -->\n<title>eTA Canada: dens pris<\/title>\n<meta name=\"description\" content=\"\u00d8nsker du at ans\u00f8ge om en eTA Canada, men ved ikke, hvor meget det vil koste? Vores eksperthold fort\u00e6ller dig alt om det i denne artikel!\" \/>\n<meta name=\"robots\" content=\"index, follow, max-snippet:-1, max-image-preview:large, max-video-preview:-1\" \/>\n<link rel=\"canonical\" href=\"https:\/\/ave-eta-canada.com\/da\/eta-canada-dens-pris\/\" \/>\n<meta property=\"og:locale\" content=\"da_DK\" \/>\n<meta property=\"og:type\" content=\"article\" \/>\n<meta property=\"og:title\" content=\"eTA Canada: dens pris\" \/>\n<meta property=\"og:description\" content=\"\u00d8nsker du at ans\u00f8ge om en eTA Canada, men ved ikke, hvor meget det vil koste? Vores eksperthold fort\u00e6ller dig alt om det i denne artikel!\" \/>\n<meta property=\"og:url\" content=\"https:\/\/ave-eta-canada.com\/da\/eta-canada-dens-pris\/\" \/>\n<meta property=\"og:site_name\" content=\"VISA CANADA\" \/>\n<meta property=\"article:modified_time\" content=\"2023-04-22T16:39:10+00:00\" \/>\n<meta name=\"twitter:card\" content=\"summary_large_image\" \/>\n<meta name=\"twitter:label1\" content=\"Estimeret l\u00e6setid\" \/>\n\t<meta name=\"twitter:data1\" content=\"4 minutter\" \/>\n<script type=\"application\/ld+json\" class=\"yoast-schema-graph\">{\"@context\":\"https:\/\/schema.org\",\"@graph\":[{\"@type\":\"WebPage\",\"@id\":\"https:\/\/ave-eta-canada.com\/da\/eta-canada-dens-pris\/\",\"url\":\"https:\/\/ave-eta-canada.com\/da\/eta-canada-dens-pris\/\",\"name\":\"eTA Canada: dens pris\",\"isPartOf\":{\"@id\":\"https:\/\/ave-eta-canada.com\/da\/#website\"},\"datePublished\":\"2023-04-18T14:41:26+00:00\",\"dateModified\":\"2023-04-22T16:39:10+00:00\",\"description\":\"\u00d8nsker du at ans\u00f8ge om en eTA Canada, men ved ikke, hvor meget det vil koste? Vores eksperthold fort\u00e6ller dig alt om det i denne artikel!\",\"breadcrumb\":{\"@id\":\"https:\/\/ave-eta-canada.com\/da\/eta-canada-dens-pris\/#breadcrumb\"},\"inLanguage\":\"da-DK\",\"potentialAction\":[{\"@type\":\"ReadAction\",\"target\":[\"https:\/\/ave-eta-canada.com\/da\/eta-canada-dens-pris\/\"]}]},{\"@type\":\"BreadcrumbList\",\"@id\":\"https:\/\/ave-eta-canada.com\/da\/eta-canada-dens-pris\/#breadcrumb\",\"itemListElement\":[{\"@type\":\"ListItem\",\"position\":1,\"name\":\"Home\",\"item\":\"https:\/\/ave-eta-canada.com\/da\/\"},{\"@type\":\"ListItem\",\"position\":2,\"name\":\"eTA Canada: dens pris\"}]},{\"@type\":\"WebSite\",\"@id\":\"https:\/\/ave-eta-canada.com\/da\/#website\",\"url\":\"https:\/\/ave-eta-canada.com\/da\/\",\"name\":\"VISA CANADA\",\"description\":\"Autorisation Voyage Electronique\",\"potentialAction\":[{\"@type\":\"SearchAction\",\"target\":{\"@type\":\"EntryPoint\",\"urlTemplate\":\"https:\/\/ave-eta-canada.com\/da\/?s={search_term_string}\"},\"query-input\":{\"@type\":\"PropertyValueSpecification\",\"valueRequired\":true,\"valueName\":\"search_term_string\"}}],\"inLanguage\":\"da-DK\"}]}<\/script>\n<!-- \/ Yoast SEO plugin. -->","yoast_head_json":{"title":"eTA Canada: dens pris","description":"\u00d8nsker du at ans\u00f8ge om en eTA Canada, men ved ikke, hvor meget det vil koste? Vores eksperthold fort\u00e6ller dig alt om det i denne artikel!","robots":{"index":"index","follow":"follow","max-snippet":"max-snippet:-1","max-image-preview":"max-image-preview:large","max-video-preview":"max-video-preview:-1"},"canonical":"https:\/\/ave-eta-canada.com\/da\/eta-canada-dens-pris\/","og_locale":"da_DK","og_type":"article","og_title":"eTA Canada: dens pris","og_description":"\u00d8nsker du at ans\u00f8ge om en eTA Canada, men ved ikke, hvor meget det vil koste? Vores eksperthold fort\u00e6ller dig alt om det i denne artikel!","og_url":"https:\/\/ave-eta-canada.com\/da\/eta-canada-dens-pris\/","og_site_name":"VISA CANADA","article_modified_time":"2023-04-22T16:39:10+00:00","twitter_card":"summary_large_image","twitter_misc":{"Estimeret l\u00e6setid":"4 minutter"},"schema":{"@context":"https:\/\/schema.org","@graph":[{"@type":"WebPage","@id":"https:\/\/ave-eta-canada.com\/da\/eta-canada-dens-pris\/","url":"https:\/\/ave-eta-canada.com\/da\/eta-canada-dens-pris\/","name":"eTA Canada: dens pris","isPartOf":{"@id":"https:\/\/ave-eta-canada.com\/da\/#website"},"datePublished":"2023-04-18T14:41:26+00:00","dateModified":"2023-04-22T16:39:10+00:00","description":"\u00d8nsker du at ans\u00f8ge om en eTA Canada, men ved ikke, hvor meget det vil koste? Vores eksperthold fort\u00e6ller dig alt om det i denne artikel!","breadcrumb":{"@id":"https:\/\/ave-eta-canada.com\/da\/eta-canada-dens-pris\/#breadcrumb"},"inLanguage":"da-DK","potentialAction":[{"@type":"ReadAction","target":["https:\/\/ave-eta-canada.com\/da\/eta-canada-dens-pris\/"]}]},{"@type":"BreadcrumbList","@id":"https:\/\/ave-eta-canada.com\/da\/eta-canada-dens-pris\/#breadcrumb","itemListElement":[{"@type":"ListItem","position":1,"name":"Home","item":"https:\/\/ave-eta-canada.com\/da\/"},{"@type":"ListItem","position":2,"name":"eTA Canada: dens pris"}]},{"@type":"WebSite","@id":"https:\/\/ave-eta-canada.com\/da\/#website","url":"https:\/\/ave-eta-canada.com\/da\/","name":"VISA CANADA","description":"Autorisation Voyage Electronique","potentialAction":[{"@type":"SearchAction","target":{"@type":"EntryPoint","urlTemplate":"https:\/\/ave-eta-canada.com\/da\/?s={search_term_string}"},"query-input":{"@type":"PropertyValueSpecification","valueRequired":true,"valueName":"search_term_string"}}],"inLanguage":"da-DK"}]}},"_links":{"self":[{"href":"https:\/\/ave-eta-canada.com\/da\/wp-json\/wp\/v2\/pages\/4064","targetHints":{"allow":["GET"]}}],"collection":[{"href":"https:\/\/ave-eta-canada.com\/da\/wp-json\/wp\/v2\/pages"}],"about":[{"href":"https:\/\/ave-eta-canada.com\/da\/wp-json\/wp\/v2\/types\/page"}],"author":[{"embeddable":true,"href":"https:\/\/ave-eta-canada.com\/da\/wp-json\/wp\/v2\/users\/1"}],"replies":[{"embeddable":true,"href":"https:\/\/ave-eta-canada.com\/da\/wp-json\/wp\/v2\/comments?post=4064"}],"version-history":[{"count":0,"href":"https:\/\/ave-eta-canada.com\/da\/wp-json\/wp\/v2\/pages\/4064\/revisions"}],"wp:attachment":[{"href":"https:\/\/ave-eta-canada.com\/da\/wp-json\/wp\/v2\/media?parent=4064"}],"curies":[{"name":"wp","href":"https:\/\/api.w.org\/{rel}","templated":true}]}}