{"id":4086,"date":"2023-04-18T14:41:32","date_gmt":"2023-04-18T14:41:32","guid":{"rendered":"https:\/\/ave-eta-canada.com\/hvordan-man-finder-en-tabt-boelge\/"},"modified":"2023-04-23T16:56:14","modified_gmt":"2023-04-23T16:56:14","slug":"hvordan-finder-man-et-tabt-eta-canada","status":"publish","type":"page","link":"https:\/\/ave-eta-canada.com\/da\/hvordan-finder-man-et-tabt-eta-canada\/","title":{"rendered":"Hvordan finder jeg en tabt eTA Canada?"},"content":{"rendered":"\n<h1 class=\"wp-block-heading\">Genopretning af en tabt eTA Canada<\/h1>\n\n<p>Natur, store vidder og en varm velkomst &#8211; Canada er et land med mange ressourcer. Ligesom ESTA&#8217;en til rejser til USA kr\u00e6ver en rejsetilladelse til Canada en rejsetilladelse, der giver dig mulighed for at rejse til landet i det h\u00f8je nord.<\/p>\n\n<p><strong>For et ophold p\u00e5 under 6 m\u00e5neder i Canada<\/strong>: Du kan udfylde formaliteterne for indrejse i Canada direkte via internettet ved at klikke p\u00e5 <a href=\"https:\/\/ave-eta-canada.com\/da\/eta-canada-formular-online\/\">onlineformularen<\/a>. Det er ikke n\u00f8dvendigt at lave en aftale p\u00e5 den canadiske ambassade eller det canadiske konsulat.<\/p>\n\n<p>Hvis du har f\u00e5et din elektroniske rejsetilladelse fra eTA Canada, men ikke l\u00e6ngere har bevis for den, skal du ikke g\u00e5 i panik. Vi viser dig, hvordan du kan f\u00e5 din mistede eTA Canada tilbage.<\/p>\n\n<h2 class=\"wp-block-heading\">S\u00e5dan genvinder du den tabte elektroniske rejsetilladelse<\/h2>\n\n<p>eTA Canada, eller Electronic Travel Authorization (eTA), er et officielt dokument, der giver mulighed for at rejse til Canada uden et canadisk visum. Sammenlignet med ESTA USA har eTA en l\u00e6ngere gyldighedsdato og en l\u00e6ngere periode med opholdstilladelse. eTA Canada er nemlig gyldigt i 5 \u00e5r fra udstedelsesdatoen og giver mulighed for at <a href=\"https:\/\/ave-eta-canada.com\/da\/eta-canada-gyldighedsperiode\/\">rejse i h\u00f8jst 6 m\u00e5neder<\/a> p\u00e5 canadisk jord. <\/p>\n\n<p>N\u00e5r din ans\u00f8gning om en eTA er godkendt, modtager du en kvittering for modtagelse fra IRCC (Immigration, Refugees and Citizenship Canada) p\u00e5 den adresse, du har oplyst, senest 72 timer efter at du har indsendt onlineformularen. I denne e-mail f\u00e5r du et ans\u00f8gningsnummer, som du kan bruge til at f\u00e5 din mistede elektroniske rejsetilladelse tilbage. Det kan tage et par minutter eller et par dage at besvare din anmodning.<\/p>\n\n<p>Takket v\u00e6re elektroniske systemer er dit pasnummer direkte forbundet med nummeret p\u00e5 dit mistede eTA Canada, som du modtager i kvitteringen for modtagelsen. Som f\u00f8lge heraf har du ikke brug for den trykte version af din rejsetilladelse til Canada, og du beh\u00f8ver heller ikke at finde din <a href=\"https:\/\/ave-eta-canada.com\/da\/hvordan-finder-man-et-tabt-eta-canada\/\">mistede eTA Canada<\/a>, for den er aldrig tabt! Din eTA-tilladelse gemmes altid p\u00e5 den canadiske regerings websted.<\/p>\n\n<p>Under identitetskontrollen i tolden vil immigrationsmedarbejderen bede dig om at fremvise dit gyldige pas (som d\u00e6kker hele din rejse). Ud fra dit pas finder den dit eTA, da det er elektronisk knyttet til det. Agenten kan bede dig om andre dokumenter, f.eks. din billet (returbillet eller billet til din endelige destination). Hvis et mindre\u00e5rigt barn rejser alene, skal barnet fremvise sit pas, en kopi af sin f\u00f8dselsattest og et brev med for\u00e6ldrenes tilladelse (adresse og telefonnummer p\u00e5 for\u00e6ldrene og den person, der er ansvarlig for barnet i Canada).<\/p>\n\n<p>Her er nogle tips til rejsende, inden du tager af sted:<\/p>\n\n<ul class=\"wp-block-list\"><li>Kontroller gyldigheden af dit elektroniske eller biometriske pas (det m\u00e5 ikke udl\u00f8be i l\u00f8bet af rejsen);<\/li><li>Kontroller, at de personlige oplysninger i passet ikke er blevet \u00e6ndret, efter at eTA&#8217;en blev udstedt (adresse, efternavn, fornavn osv.).<\/li><\/ul>\n\n<p>Hvis et af disse to elementer ikke er opfyldt, skal du ikke tage nogen chancer, og du skal ans\u00f8ge om fornyelse af passet og derefter om et nyt eTA.<\/p>\n\n<h3 class=\"wp-block-heading\">Jeg har ikke modtaget en bekr\u00e6ftelsesmail<\/h3>\n\n<p>N\u00e5r du har indsendt din eTA-ans\u00f8gningsformular, skal du modtage to e-mails: en kvittering for modtagelse og et svar p\u00e5 din eTA-ans\u00f8gning.<\/p>\n\n<p>Hvis du ikke har modtaget din bekr\u00e6ftelsesmail, der bekr\u00e6fter modtagelsen af din ans\u00f8gning inden for 72 timer, skal du udfylde en formular p\u00e5 den canadiske regerings websted, IRCC-webformularen. Bem\u00e6rk venligst, at det vil tage flere dage at f\u00e5 svar p\u00e5 din anmodning.<\/p>\n\n<p>S\u00f8rg ogs\u00e5 for at tjekke din u\u00f8nsket post, da nogle filtre kan blokere IRCC-e-mails. Dette er is\u00e6r vigtigt, da du ogs\u00e5 vil modtage dit svar pr. e-mail. Tre scenarier er mulige:<\/p>\n\n<ul class=\"wp-block-list\"><li>godkendelse, er din ans\u00f8gning godkendt. E-mailen indeholder dit eTA-nummer, dets udl\u00f8bsdato og nummeret p\u00e5 det p\u00e5g\u00e6ldende pas.<\/li><li>anmodning om yderligere oplysninger. Alle instruktioner vil v\u00e6re indeholdt i e-mailen. Bem\u00e6rk, at du muligvis skal freml\u00e6gge din ans\u00f8gning p\u00e5 den canadiske ambassade under et interview med en konsul\u00e6r embedsmand;<\/li><li>afslag, har de canadiske myndigheder ikke kunnet behandle din ans\u00f8gning. Ans\u00f8gning om visum kan indgives til de konsul\u00e6re tjenester.<br\/><br\/><\/li><\/ul>\n\n<h2 class=\"wp-block-heading\">Hvordan tjekker jeg min eTA-ans\u00f8gning?<\/h2>\n\n<p>Hvis du \u00f8nsker at hente din tabte elektroniske rejsetilladelse for at<a href=\"https:\/\/ave-eta-canada.com\/da\/kontrollere-status-for-en-canada-eta\/\"> kontrollere eTA-status<\/a> eller dens gyldighed, skal du blot g\u00e5 ind p\u00e5 det private websted, du brugte (og g\u00e5 ind p\u00e5 dit personlige omr\u00e5de), eller p\u00e5 det canadiske regeringswebsted.<\/p>\n\n<p>For at finde en tabt eTA Canada p\u00e5 det officielle websted skal du :<\/p>\n\n<ul class=\"wp-block-list\"><li>angive, at du er eTA-indehaver og \u00f8nsker at se din mistede elektroniske rejsetilladelsesfil;<\/li><li>indtaste det eTA-nummer, som du tidligere har f\u00e5et tilsendt pr. e-mail;<\/li><li>Indtast dit pasnummer, udstedelsesdato og udl\u00f8bsdato;<\/li><li>dit udstedelsesland ;<\/li><li>klik p\u00e5 &#8220;Tjek status for din ans\u00f8gning&#8221; ;<\/li><li>og nu har du fundet din forsvundne eTA Canada!<\/li><\/ul>\n\n<p>Dette verificeringsv\u00e6rkt\u00f8j fungerer kun for personer, der har ans\u00f8gt om et eTA til turisme, forretningsrejser eller transit, samt for personer, der har v\u00e6ret n\u00f8dt til at forny deres pas efter at have modtaget et introduktionsbrev til en IEC (International Experience Canada). V\u00e6rkt\u00f8jet er dog ikke nyttigt for rejsende, der har f\u00e5et deres eTA automatisk sammen med deres introduktionsbrev til en arbejds-, praktik- eller studietilladelse.<br\/><br\/><\/p>\n\n<h2 class=\"wp-block-heading\">Skal jeg udskrive min eTA-ans\u00f8gning?<\/h2>\n\n<p>Det er ikke n\u00f8dvendigt at udskrive din eTA, da den er elektronisk knyttet til dit pas. Med andre ord skal du rejse med det pas, som du brugte ved ans\u00f8gningen, for at kunne fremvise din AVE-tilladelse. <\/p>\n\n<p>Endelig skal du huske, ateTA-tilladelsen ikke er en tilladelse til at rejse ind i Canada, men en rejsetilladelse. Det vil sige, at det giver dig mulighed for at ankomme med fly til Canada. N\u00e5r du er landet, er det kun den canadiske toldmyndighed, der kan vurdere, om du kan rejse ind i landet.<\/p>\n\n<p>Du kan finde flere oplysninger om eTA-tilladelsen i vores <a href=\"https:\/\/ave-eta-canada.com\/da\/eta-canada-svar-pa-dine-sporgsmal\/\">FAQ<\/a>.<\/p>\n","protected":false},"excerpt":{"rendered":"<p>Genopretning af en tabt eTA Canada Natur, store vidder og en varm velkomst &#8211; Canada er et land med mange ressourcer. Ligesom ESTA&#8217;en til rejser til USA kr\u00e6ver en rejsetilladelse til Canada en rejsetilladelse, der giver dig mulighed for at rejse til landet i det h\u00f8je nord. For et ophold p\u00e5 under 6 m\u00e5neder i [&hellip;]<\/p>\n","protected":false},"author":1,"featured_media":0,"parent":0,"menu_order":0,"comment_status":"closed","ping_status":"closed","template":"","meta":{"footnotes":""},"class_list":["post-4086","page","type-page","status-publish","hentry"],"yoast_head":"<!-- This site is optimized with the Yoast SEO plugin v26.9 - https:\/\/yoast.com\/product\/yoast-seo-wordpress\/ -->\n<title>Hvordan finder jeg en tabt eTA Canada?<\/title>\n<meta name=\"description\" content=\"Du har lavet og f\u00e5et din eTA Canada, men du kan ikke f\u00e5 fat i den igen? Se, hvordan du g\u00f8r det i denne artikel.\" \/>\n<meta name=\"robots\" content=\"index, follow, max-snippet:-1, max-image-preview:large, max-video-preview:-1\" \/>\n<link rel=\"canonical\" href=\"https:\/\/ave-eta-canada.com\/da\/hvordan-finder-man-et-tabt-eta-canada\/\" \/>\n<meta property=\"og:locale\" content=\"da_DK\" \/>\n<meta property=\"og:type\" content=\"article\" \/>\n<meta property=\"og:title\" content=\"Hvordan finder jeg en tabt eTA Canada?\" \/>\n<meta property=\"og:description\" content=\"Du har lavet og f\u00e5et din eTA Canada, men du kan ikke f\u00e5 fat i den igen? Se, hvordan du g\u00f8r det i denne artikel.\" \/>\n<meta property=\"og:url\" content=\"https:\/\/ave-eta-canada.com\/da\/hvordan-finder-man-et-tabt-eta-canada\/\" \/>\n<meta property=\"og:site_name\" content=\"VISA CANADA\" \/>\n<meta property=\"article:modified_time\" content=\"2023-04-23T16:56:14+00:00\" \/>\n<meta name=\"twitter:card\" content=\"summary_large_image\" \/>\n<meta name=\"twitter:label1\" content=\"Estimeret l\u00e6setid\" \/>\n\t<meta name=\"twitter:data1\" content=\"5 minutter\" \/>\n<script type=\"application\/ld+json\" class=\"yoast-schema-graph\">{\"@context\":\"https:\/\/schema.org\",\"@graph\":[{\"@type\":\"WebPage\",\"@id\":\"https:\/\/ave-eta-canada.com\/da\/hvordan-finder-man-et-tabt-eta-canada\/\",\"url\":\"https:\/\/ave-eta-canada.com\/da\/hvordan-finder-man-et-tabt-eta-canada\/\",\"name\":\"Hvordan finder jeg en tabt eTA Canada?\",\"isPartOf\":{\"@id\":\"https:\/\/ave-eta-canada.com\/da\/#website\"},\"datePublished\":\"2023-04-18T14:41:32+00:00\",\"dateModified\":\"2023-04-23T16:56:14+00:00\",\"description\":\"Du har lavet og f\u00e5et din eTA Canada, men du kan ikke f\u00e5 fat i den igen? Se, hvordan du g\u00f8r det i denne artikel.\",\"breadcrumb\":{\"@id\":\"https:\/\/ave-eta-canada.com\/da\/hvordan-finder-man-et-tabt-eta-canada\/#breadcrumb\"},\"inLanguage\":\"da-DK\",\"potentialAction\":[{\"@type\":\"ReadAction\",\"target\":[\"https:\/\/ave-eta-canada.com\/da\/hvordan-finder-man-et-tabt-eta-canada\/\"]}]},{\"@type\":\"BreadcrumbList\",\"@id\":\"https:\/\/ave-eta-canada.com\/da\/hvordan-finder-man-et-tabt-eta-canada\/#breadcrumb\",\"itemListElement\":[{\"@type\":\"ListItem\",\"position\":1,\"name\":\"Home\",\"item\":\"https:\/\/ave-eta-canada.com\/da\/\"},{\"@type\":\"ListItem\",\"position\":2,\"name\":\"Hvordan finder jeg en tabt eTA Canada?\"}]},{\"@type\":\"WebSite\",\"@id\":\"https:\/\/ave-eta-canada.com\/da\/#website\",\"url\":\"https:\/\/ave-eta-canada.com\/da\/\",\"name\":\"VISA CANADA\",\"description\":\"Autorisation Voyage Electronique\",\"potentialAction\":[{\"@type\":\"SearchAction\",\"target\":{\"@type\":\"EntryPoint\",\"urlTemplate\":\"https:\/\/ave-eta-canada.com\/da\/?s={search_term_string}\"},\"query-input\":{\"@type\":\"PropertyValueSpecification\",\"valueRequired\":true,\"valueName\":\"search_term_string\"}}],\"inLanguage\":\"da-DK\"}]}<\/script>\n<!-- \/ Yoast SEO plugin. -->","yoast_head_json":{"title":"Hvordan finder jeg en tabt eTA Canada?","description":"Du har lavet og f\u00e5et din eTA Canada, men du kan ikke f\u00e5 fat i den igen? Se, hvordan du g\u00f8r det i denne artikel.","robots":{"index":"index","follow":"follow","max-snippet":"max-snippet:-1","max-image-preview":"max-image-preview:large","max-video-preview":"max-video-preview:-1"},"canonical":"https:\/\/ave-eta-canada.com\/da\/hvordan-finder-man-et-tabt-eta-canada\/","og_locale":"da_DK","og_type":"article","og_title":"Hvordan finder jeg en tabt eTA Canada?","og_description":"Du har lavet og f\u00e5et din eTA Canada, men du kan ikke f\u00e5 fat i den igen? Se, hvordan du g\u00f8r det i denne artikel.","og_url":"https:\/\/ave-eta-canada.com\/da\/hvordan-finder-man-et-tabt-eta-canada\/","og_site_name":"VISA CANADA","article_modified_time":"2023-04-23T16:56:14+00:00","twitter_card":"summary_large_image","twitter_misc":{"Estimeret l\u00e6setid":"5 minutter"},"schema":{"@context":"https:\/\/schema.org","@graph":[{"@type":"WebPage","@id":"https:\/\/ave-eta-canada.com\/da\/hvordan-finder-man-et-tabt-eta-canada\/","url":"https:\/\/ave-eta-canada.com\/da\/hvordan-finder-man-et-tabt-eta-canada\/","name":"Hvordan finder jeg en tabt eTA Canada?","isPartOf":{"@id":"https:\/\/ave-eta-canada.com\/da\/#website"},"datePublished":"2023-04-18T14:41:32+00:00","dateModified":"2023-04-23T16:56:14+00:00","description":"Du har lavet og f\u00e5et din eTA Canada, men du kan ikke f\u00e5 fat i den igen? Se, hvordan du g\u00f8r det i denne artikel.","breadcrumb":{"@id":"https:\/\/ave-eta-canada.com\/da\/hvordan-finder-man-et-tabt-eta-canada\/#breadcrumb"},"inLanguage":"da-DK","potentialAction":[{"@type":"ReadAction","target":["https:\/\/ave-eta-canada.com\/da\/hvordan-finder-man-et-tabt-eta-canada\/"]}]},{"@type":"BreadcrumbList","@id":"https:\/\/ave-eta-canada.com\/da\/hvordan-finder-man-et-tabt-eta-canada\/#breadcrumb","itemListElement":[{"@type":"ListItem","position":1,"name":"Home","item":"https:\/\/ave-eta-canada.com\/da\/"},{"@type":"ListItem","position":2,"name":"Hvordan finder jeg en tabt eTA Canada?"}]},{"@type":"WebSite","@id":"https:\/\/ave-eta-canada.com\/da\/#website","url":"https:\/\/ave-eta-canada.com\/da\/","name":"VISA CANADA","description":"Autorisation Voyage Electronique","potentialAction":[{"@type":"SearchAction","target":{"@type":"EntryPoint","urlTemplate":"https:\/\/ave-eta-canada.com\/da\/?s={search_term_string}"},"query-input":{"@type":"PropertyValueSpecification","valueRequired":true,"valueName":"search_term_string"}}],"inLanguage":"da-DK"}]}},"_links":{"self":[{"href":"https:\/\/ave-eta-canada.com\/da\/wp-json\/wp\/v2\/pages\/4086","targetHints":{"allow":["GET"]}}],"collection":[{"href":"https:\/\/ave-eta-canada.com\/da\/wp-json\/wp\/v2\/pages"}],"about":[{"href":"https:\/\/ave-eta-canada.com\/da\/wp-json\/wp\/v2\/types\/page"}],"author":[{"embeddable":true,"href":"https:\/\/ave-eta-canada.com\/da\/wp-json\/wp\/v2\/users\/1"}],"replies":[{"embeddable":true,"href":"https:\/\/ave-eta-canada.com\/da\/wp-json\/wp\/v2\/comments?post=4086"}],"version-history":[{"count":0,"href":"https:\/\/ave-eta-canada.com\/da\/wp-json\/wp\/v2\/pages\/4086\/revisions"}],"wp:attachment":[{"href":"https:\/\/ave-eta-canada.com\/da\/wp-json\/wp\/v2\/media?parent=4086"}],"curies":[{"name":"wp","href":"https:\/\/api.w.org\/{rel}","templated":true}]}}