{"id":4088,"date":"2023-04-18T14:41:32","date_gmt":"2023-04-18T14:41:32","guid":{"rendered":"https:\/\/ave-eta-canada.com\/hvad-man-skal-goere-hvis-der-er-et-problem-i-landet\/"},"modified":"2023-04-23T20:07:52","modified_gmt":"2023-04-23T20:07:52","slug":"hvad-skalman-gore-i-tilfaelde-af-fejl-pa-canada-eta","status":"publish","type":"page","link":"https:\/\/ave-eta-canada.com\/da\/hvad-skalman-gore-i-tilfaelde-af-fejl-pa-canada-eta\/","title":{"rendered":"Hvad skal man g\u00f8re i tilf\u00e6lde af fejl p\u00e5 Canada eTA?"},"content":{"rendered":"\n<h1 class=\"wp-block-heading\">Fejl p\u00e5 eTA Canada: Hvad skal jeg g\u00f8re?<\/h1>\n\n<p>For at rejse til Canada kr\u00e6ver den canadiske regering, at udl\u00e6ndinge skal ans\u00f8ge om en eTA (Electronic Travel Authorization). For at f\u00e5 denne tilladelse til at opholde dig i Canada skal du blot udfylde <a href=\"https:\/\/ave-eta-canada.com\/da\/eta-canada-formular-online\/\">online-formularen<\/a>. <\/p>\n\n<p>Det er ikke n\u00f8dvendigt at g\u00e5 til den canadiske ambassade for at ans\u00f8ge om et canadisk visum. Selv om formaliteterne i forbindelse med eTA er meget enklere, kr\u00e6ver processen en vis strenghed. Hvis du beg\u00e5r en fejl, kan din eTA Canada blive afvist.<\/p>\n\n<p><a href=\"https:\/\/ave-eta-canada.com\/da\/\">eTA-formularen<\/a> f\u00f8lger samme princip som ESTA-formularen, der er udarbejdet af de amerikanske myndigheder for rejser til USA. Det har form af et online sp\u00f8rgeskema, hvor der sp\u00f8rges om flere typer oplysninger, herunder oplysninger om identitet og pas. De indtastede oplysninger skal svare n\u00f8jagtigt til oplysningerne i passet. En enkelt fejl i eTA Canada er nok til at annullere din ans\u00f8gning.<\/p>\n\n<p>Lad os se p\u00e5 den procedure, du skal f\u00f8lge, hvis du har beg\u00e5et en fejl, n\u00e5r du ans\u00f8ger om tilladelse til at opholde dig i Canada.<br\/><br\/><\/p>\n\n<h2 class=\"wp-block-heading\">Fejl p\u00e5 eTA Canada: f\u00f8r eller efter afsendelse af ans\u00f8gningen?<\/h2>\n\n<p>Som en p\u00e5mindelse skal du vide, at eTA Canada er beregnet til borgere fra lande, der er medlemmer af det canadiske visumfritagelsesprogram. Det udstedes i forbindelse med et turistophold, en transit- eller forretningsrejse p\u00e5 under seks m\u00e5neder med fly. I mods\u00e6tning til et visum kan du f\u00e5 en eTA p\u00e5 afstand og skal kun have et gyldigt pas.<\/p>\n\n<p>Det agentur, der st\u00e5r for udstedelsen af eTA Canada, IRCC (Immigration, Refugees and Citizenship Canada), s\u00f8rger for omhyggeligt at kontrollere de oplysninger, der er angivet i online-ans\u00f8gningen. Hvis computersystemerne opdager, at ans\u00f8geren har givet falske oplysninger eller beg\u00e5et en fejl i eTA Canada ved indtastningen af <a href=\"https:\/\/ave-eta-canada.com\/da\/udfylde-eta-formular-for-canada\/\">eTA-formularen<\/a>, vil ans\u00f8gningen sandsynligvis blive annulleret.<\/p>\n\n<h3 class=\"wp-block-heading\">Fejl f\u00f8r online betaling<\/h3>\n\n<p>Uanset om du ans\u00f8ger om en midlertidig opholdstilladelse p\u00e5 den canadiske regerings websted eller p\u00e5 et privat websted, har du altid mulighed for at \u00e6ndre dine oplysninger og rette eventuelle fejl p\u00e5 eTA Canada f\u00f8r betaling og validering af ans\u00f8gningen.<\/p>\n\n<p>Hvis du imidlertid opdager, at du har beg\u00e5et en fejl, efter at du har betalt din ans\u00f8gning, er formaliteterne anderledes.<\/p>\n\n<h3 class=\"wp-block-heading\">Fejl efter afsendelse af eTA-ans\u00f8gningen<\/h3>\n\n<p>Hvis du har opdaget en fejl i din eTA Canada, efter at du har indsendt din ans\u00f8gning, er det desv\u00e6rre for sent. Hvis tilsynet f.eks. vedr\u00f8rer dit pasnummer eller navn, kan du ikke <a href=\"https:\/\/ave-eta-canada.com\/da\/hvordan-man-aendrer-en-canada-eta\/\">\u00e6ndre eTA&#8217;en<\/a> efter betaling og indsendelse af ans\u00f8gningen.<\/p>\n\n<p>Den eneste mulige l\u00f8sning er at ans\u00f8ge om en ny rejsetilladelse til Canada, enten p\u00e5 den canadiske regerings officielle websted eller p\u00e5 vores partners websted.<\/p>\n\n<p>Der er et gebyr for at ans\u00f8ge p\u00e5 ny. N\u00e5r du har sendt den nye anmodning, skal du endnu en gang betale det administrative gebyr for at opn\u00e5 eTA.<\/p>\n\n<p>Bem\u00e6rk dog, at du har mulighed for at \u00e6ndre nogle af oplysningerne p\u00e5 din rejsetilladelse (e-mailadresse og telefonnummer), selv efter du har sendt den. For at <a href=\"https:\/\/ave-eta-canada.com\/da\/hvordan-finder-man-et-tabt-eta-canada\/\">hente din eTA<\/a> og \u00e6ndre den skal du blot bruge det filnummer, du fik, da du registrerede dig online.<br\/><br\/><\/p>\n\n<h2 class=\"wp-block-heading\">Undg\u00e5 fejl i din eTA Canada-ans\u00f8gning<\/h2>\n\n<p>N\u00e5r du udfylder online eTA-formularen, er det tilr\u00e5deligt at kontrollere de angivne oplysninger omhyggeligt. Bem\u00e6rk venligst, at de fleste fejl i eTA Canada-ans\u00f8gningen vedr\u00f8rer det biometriske nummer eller e-pasnummeret. Her er nogle tips til at indtaste dette nummer korrekt:<\/p>\n\n<ul class=\"wp-block-list\"><li>De fleste pasnumre er p\u00e5 9 tegn. S\u00f8rg derfor for, at det tal, du skriver, ikke er l\u00e6ngere eller kortere;<\/li><li>Pasnummeret er en alfanumerisk sekvens, s\u00e5 pas p\u00e5, at du ikke forveksler tallet 0 med bogstavet O og tallet 1 med bogstavet I;<\/li><li>S\u00f8rg for, at du ikke indtaster andre tegn som f.eks. bindestreger eller tegns\u00e6tningstegn.<\/li><\/ul>\n\n<p>Desuden skyldes nogle fejl i eTA Canada-ans\u00f8gningen et forkert valg af koden for det land, der udsteder passet. Hver stat har nemlig en identifikationskode. Hvis du er dansk statsborger, skal du s\u00f8rge for at v\u00e6lge koden &#8220;DAN&#8221;.<\/p>\n\n<p>Hvis du \u00f8nsker at maksimere dine chancer for at f\u00e5 en eTA, kan det v\u00e6re nyttigt at ans\u00f8ge om en eTA via et privat websted, f.eks. vores partners websted. Disse platforme best\u00e5r nemlig af eksperter, som vil s\u00f8rge for at kontrollere din fil og rette eventuelle fejl, hvis det er n\u00f8dvendigt.<\/p>\n\n<h3 class=\"wp-block-heading\">Afvisning efter korrektion af fejl i eTA Canada<\/h3>\n\n<p>Hvis regeringen n\u00e6gter at give dig tilladelse til at rejse til Canada, selv efter at du har rettet dine fejl i eTA Canada-ans\u00f8gningen, betyder det, at du sandsynligvis ikke opfylder en af de <a href=\"https:\/\/ave-eta-canada.com\/da\/eta-krav-for-at-rejse-til-canada\/\">betingelser, der kr\u00e6ves for at v\u00e6re berettiget til eTA<\/a>.<\/p>\n\n<p>F\u00f8rst og fremmest skal du kontrollere, at du har et gyldigt pas. Hvis det er tilf\u00e6ldet, skal du ans\u00f8ge om et nyt pas.<\/p>\n\n<p>Hvis du planl\u00e6gger at tage i praktik, studere eller arbejde i Canada, g\u00e6lder eTA ikke i disse tilf\u00e6lde. For at g\u00f8re dette skal du henvende dig til den canadiske ambassade (eller det canadiske konsulat) og ans\u00f8ge om et visum.<\/p>\n\n<p>Bem\u00e6rk, at hvis du allerede har et canadisk visum eller et permanent opholdskort, er eTA-dokumentet ikke nyttigt.<\/p>\n","protected":false},"excerpt":{"rendered":"<p>Fejl p\u00e5 eTA Canada: Hvad skal jeg g\u00f8re? For at rejse til Canada kr\u00e6ver den canadiske regering, at udl\u00e6ndinge skal ans\u00f8ge om en eTA (Electronic Travel Authorization). For at f\u00e5 denne tilladelse til at opholde dig i Canada skal du blot udfylde online-formularen. Det er ikke n\u00f8dvendigt at g\u00e5 til den canadiske ambassade for at [&hellip;]<\/p>\n","protected":false},"author":1,"featured_media":0,"parent":0,"menu_order":0,"comment_status":"closed","ping_status":"closed","template":"","meta":{"footnotes":""},"class_list":["post-4088","page","type-page","status-publish","hentry"],"yoast_head":"<!-- This site is optimized with the Yoast SEO plugin v26.9 - https:\/\/yoast.com\/product\/yoast-seo-wordpress\/ -->\n<title>Hvad skal man g\u00f8re i tilf\u00e6lde af fejl p\u00e5 Canada eTA?<\/title>\n<meta name=\"description\" content=\"Canada er et vigtigt dokument, n\u00e5r du rejser til Canada. Hvis der er fejl i online-ans\u00f8gningen, kan tilladelsen v\u00e6re ugyldig.\" \/>\n<meta name=\"robots\" content=\"index, follow, max-snippet:-1, max-image-preview:large, max-video-preview:-1\" \/>\n<link rel=\"canonical\" href=\"https:\/\/ave-eta-canada.com\/da\/hvad-skalman-gore-i-tilfaelde-af-fejl-pa-canada-eta\/\" \/>\n<meta property=\"og:locale\" content=\"da_DK\" \/>\n<meta property=\"og:type\" content=\"article\" \/>\n<meta property=\"og:title\" content=\"Hvad skal man g\u00f8re i tilf\u00e6lde af fejl p\u00e5 Canada eTA?\" \/>\n<meta property=\"og:description\" content=\"Canada er et vigtigt dokument, n\u00e5r du rejser til Canada. Hvis der er fejl i online-ans\u00f8gningen, kan tilladelsen v\u00e6re ugyldig.\" \/>\n<meta property=\"og:url\" content=\"https:\/\/ave-eta-canada.com\/da\/hvad-skalman-gore-i-tilfaelde-af-fejl-pa-canada-eta\/\" \/>\n<meta property=\"og:site_name\" content=\"VISA CANADA\" \/>\n<meta property=\"article:modified_time\" content=\"2023-04-23T20:07:52+00:00\" \/>\n<meta name=\"twitter:card\" content=\"summary_large_image\" \/>\n<meta name=\"twitter:label1\" content=\"Estimeret l\u00e6setid\" \/>\n\t<meta name=\"twitter:data1\" content=\"4 minutter\" \/>\n<script type=\"application\/ld+json\" class=\"yoast-schema-graph\">{\"@context\":\"https:\/\/schema.org\",\"@graph\":[{\"@type\":\"WebPage\",\"@id\":\"https:\/\/ave-eta-canada.com\/da\/hvad-skalman-gore-i-tilfaelde-af-fejl-pa-canada-eta\/\",\"url\":\"https:\/\/ave-eta-canada.com\/da\/hvad-skalman-gore-i-tilfaelde-af-fejl-pa-canada-eta\/\",\"name\":\"Hvad skal man g\u00f8re i tilf\u00e6lde af fejl p\u00e5 Canada eTA?\",\"isPartOf\":{\"@id\":\"https:\/\/ave-eta-canada.com\/da\/#website\"},\"datePublished\":\"2023-04-18T14:41:32+00:00\",\"dateModified\":\"2023-04-23T20:07:52+00:00\",\"description\":\"Canada er et vigtigt dokument, n\u00e5r du rejser til Canada. Hvis der er fejl i online-ans\u00f8gningen, kan tilladelsen v\u00e6re ugyldig.\",\"breadcrumb\":{\"@id\":\"https:\/\/ave-eta-canada.com\/da\/hvad-skalman-gore-i-tilfaelde-af-fejl-pa-canada-eta\/#breadcrumb\"},\"inLanguage\":\"da-DK\",\"potentialAction\":[{\"@type\":\"ReadAction\",\"target\":[\"https:\/\/ave-eta-canada.com\/da\/hvad-skalman-gore-i-tilfaelde-af-fejl-pa-canada-eta\/\"]}]},{\"@type\":\"BreadcrumbList\",\"@id\":\"https:\/\/ave-eta-canada.com\/da\/hvad-skalman-gore-i-tilfaelde-af-fejl-pa-canada-eta\/#breadcrumb\",\"itemListElement\":[{\"@type\":\"ListItem\",\"position\":1,\"name\":\"Home\",\"item\":\"https:\/\/ave-eta-canada.com\/da\/\"},{\"@type\":\"ListItem\",\"position\":2,\"name\":\"Hvad skal man g\u00f8re i tilf\u00e6lde af fejl p\u00e5 Canada eTA?\"}]},{\"@type\":\"WebSite\",\"@id\":\"https:\/\/ave-eta-canada.com\/da\/#website\",\"url\":\"https:\/\/ave-eta-canada.com\/da\/\",\"name\":\"VISA CANADA\",\"description\":\"Autorisation Voyage Electronique\",\"potentialAction\":[{\"@type\":\"SearchAction\",\"target\":{\"@type\":\"EntryPoint\",\"urlTemplate\":\"https:\/\/ave-eta-canada.com\/da\/?s={search_term_string}\"},\"query-input\":{\"@type\":\"PropertyValueSpecification\",\"valueRequired\":true,\"valueName\":\"search_term_string\"}}],\"inLanguage\":\"da-DK\"}]}<\/script>\n<!-- \/ Yoast SEO plugin. -->","yoast_head_json":{"title":"Hvad skal man g\u00f8re i tilf\u00e6lde af fejl p\u00e5 Canada eTA?","description":"Canada er et vigtigt dokument, n\u00e5r du rejser til Canada. Hvis der er fejl i online-ans\u00f8gningen, kan tilladelsen v\u00e6re ugyldig.","robots":{"index":"index","follow":"follow","max-snippet":"max-snippet:-1","max-image-preview":"max-image-preview:large","max-video-preview":"max-video-preview:-1"},"canonical":"https:\/\/ave-eta-canada.com\/da\/hvad-skalman-gore-i-tilfaelde-af-fejl-pa-canada-eta\/","og_locale":"da_DK","og_type":"article","og_title":"Hvad skal man g\u00f8re i tilf\u00e6lde af fejl p\u00e5 Canada eTA?","og_description":"Canada er et vigtigt dokument, n\u00e5r du rejser til Canada. Hvis der er fejl i online-ans\u00f8gningen, kan tilladelsen v\u00e6re ugyldig.","og_url":"https:\/\/ave-eta-canada.com\/da\/hvad-skalman-gore-i-tilfaelde-af-fejl-pa-canada-eta\/","og_site_name":"VISA CANADA","article_modified_time":"2023-04-23T20:07:52+00:00","twitter_card":"summary_large_image","twitter_misc":{"Estimeret l\u00e6setid":"4 minutter"},"schema":{"@context":"https:\/\/schema.org","@graph":[{"@type":"WebPage","@id":"https:\/\/ave-eta-canada.com\/da\/hvad-skalman-gore-i-tilfaelde-af-fejl-pa-canada-eta\/","url":"https:\/\/ave-eta-canada.com\/da\/hvad-skalman-gore-i-tilfaelde-af-fejl-pa-canada-eta\/","name":"Hvad skal man g\u00f8re i tilf\u00e6lde af fejl p\u00e5 Canada eTA?","isPartOf":{"@id":"https:\/\/ave-eta-canada.com\/da\/#website"},"datePublished":"2023-04-18T14:41:32+00:00","dateModified":"2023-04-23T20:07:52+00:00","description":"Canada er et vigtigt dokument, n\u00e5r du rejser til Canada. Hvis der er fejl i online-ans\u00f8gningen, kan tilladelsen v\u00e6re ugyldig.","breadcrumb":{"@id":"https:\/\/ave-eta-canada.com\/da\/hvad-skalman-gore-i-tilfaelde-af-fejl-pa-canada-eta\/#breadcrumb"},"inLanguage":"da-DK","potentialAction":[{"@type":"ReadAction","target":["https:\/\/ave-eta-canada.com\/da\/hvad-skalman-gore-i-tilfaelde-af-fejl-pa-canada-eta\/"]}]},{"@type":"BreadcrumbList","@id":"https:\/\/ave-eta-canada.com\/da\/hvad-skalman-gore-i-tilfaelde-af-fejl-pa-canada-eta\/#breadcrumb","itemListElement":[{"@type":"ListItem","position":1,"name":"Home","item":"https:\/\/ave-eta-canada.com\/da\/"},{"@type":"ListItem","position":2,"name":"Hvad skal man g\u00f8re i tilf\u00e6lde af fejl p\u00e5 Canada eTA?"}]},{"@type":"WebSite","@id":"https:\/\/ave-eta-canada.com\/da\/#website","url":"https:\/\/ave-eta-canada.com\/da\/","name":"VISA CANADA","description":"Autorisation Voyage Electronique","potentialAction":[{"@type":"SearchAction","target":{"@type":"EntryPoint","urlTemplate":"https:\/\/ave-eta-canada.com\/da\/?s={search_term_string}"},"query-input":{"@type":"PropertyValueSpecification","valueRequired":true,"valueName":"search_term_string"}}],"inLanguage":"da-DK"}]}},"_links":{"self":[{"href":"https:\/\/ave-eta-canada.com\/da\/wp-json\/wp\/v2\/pages\/4088","targetHints":{"allow":["GET"]}}],"collection":[{"href":"https:\/\/ave-eta-canada.com\/da\/wp-json\/wp\/v2\/pages"}],"about":[{"href":"https:\/\/ave-eta-canada.com\/da\/wp-json\/wp\/v2\/types\/page"}],"author":[{"embeddable":true,"href":"https:\/\/ave-eta-canada.com\/da\/wp-json\/wp\/v2\/users\/1"}],"replies":[{"embeddable":true,"href":"https:\/\/ave-eta-canada.com\/da\/wp-json\/wp\/v2\/comments?post=4088"}],"version-history":[{"count":0,"href":"https:\/\/ave-eta-canada.com\/da\/wp-json\/wp\/v2\/pages\/4088\/revisions"}],"wp:attachment":[{"href":"https:\/\/ave-eta-canada.com\/da\/wp-json\/wp\/v2\/media?parent=4088"}],"curies":[{"name":"wp","href":"https:\/\/api.w.org\/{rel}","templated":true}]}}