{"id":4090,"date":"2023-04-18T14:41:32","date_gmt":"2023-04-18T14:41:32","guid":{"rendered":"https:\/\/ave-eta-canada.com\/hvordan-man-finder-en-boelge\/"},"modified":"2023-04-23T16:52:09","modified_gmt":"2023-04-23T16:52:09","slug":"hvordan-man-finder-en-eta","status":"publish","type":"page","link":"https:\/\/ave-eta-canada.com\/da\/hvordan-man-finder-en-eta\/","title":{"rendered":"Hvordan finder man en eTA?"},"content":{"rendered":"\n<h1 class=\"wp-block-heading\">Procedure for at hente din eTA Canada<\/h1>\n\n<p>Canada tiltr\u00e6kker hvert \u00e5r mange turister med sine overd\u00e5dige landskaber, ahornsirup og charmerende byer. <\/p>\n\n<p><strong>For et ophold p\u00e5 under 6 m\u00e5neder i Canada<\/strong>: Du kan udfylde formaliteterne for indrejse i Canada direkte via internettet ved at klikke p\u00e5 <a href=\"https:\/\/ave-eta-canada.com\/da\/eta-canada-formular-online\/\">onlineformularen<\/a>. Det er ikke n\u00f8dvendigt at lave en aftale p\u00e5 den canadiske ambassade eller det canadiske konsulat.<\/p>\n\n<p>Hvis du planl\u00e6gger at rejse til Canada, forklarer vi, <a href=\"https:\/\/ave-eta-canada.com\/da\/foretag-en-officiel-canada-eta-anmodning\/\">hvordan du ans\u00f8ger om et eTA<\/a>. Hvis du har ans\u00f8gt om en eTA, men ikke ved, hvordan du finder den, giver vi dig et hurtigt overblik over denne elektroniske rejsetilladelse, f\u00f8r vi forklarer, hvordan du finder den.<\/p>\n\n<h2 class=\"wp-block-heading\">Hvad er en eTA-rejsetilladelse?<\/h2>\n\n<p>F\u00f8r du kan finde din eTA, er det vigtigt at vide, hvad det er, og f\u00f8rst og fremmest at forst\u00e5, hvordan det fungerer.<\/p>\n\n<p>Den <a href=\"https:\/\/ave-eta-canada.com\/da\/\">elektroniske rejsetilladelse (eTA)<\/a> er p\u00e5kr\u00e6vet for rejser til Canada i op til 6 m\u00e5neder eller for transit til en endelig destination. Borgere fra visse lande, herunder Frankrig, er fritaget for visumpligt og kan derfor ans\u00f8ge om en eTA, hvis de har et gyldigt pas. Bem\u00e6rk, at det er meget mere kompliceret at ans\u00f8ge om et visum end at ans\u00f8ge om en eTA.<\/p>\n\n<p><a href=\"https:\/\/ave-eta-canada.com\/da\/gyldigheden-af-eta-canada\/\">eTA gyldighedsperiode <\/a>er fem \u00e5r, hvilket giver rejsende mulighed for at opholde sig i Canada i flere rejser, medmindre det pas, der er knyttet til ans\u00f8gningen, ikke l\u00e6ngere er gyldigt. I s\u00e5 fald skal du forny dit pas og ans\u00f8ge om en ny eTA.<\/p>\n\n<p>Det er ikke n\u00f8dvendigt at g\u00e5 til konsulatet eller ambassaden for at ans\u00f8ge om en eTA. Det er muligt at <a href=\"https:\/\/ave-eta-canada.com\/da\/hvornar-man-skal-ansoge-om-en-eta-canada\/\">ans\u00f8ge om en eTA<\/a> p\u00e5 den canadiske regerings officielle websted, hvor du blot skal udfylde formularen. Men hvis du \u00f8nsker at f\u00e5 hj\u00e6lp til denne proces, tilbyder nogle private websteder, som f.eks. vores partner, at udf\u00f8re denne opgave for dig.<\/p>\n\n<p>Uanset hvordan du afgiver din ordre, vil du modtage en kvittering for modtagelse eller endda godkendelse inden for f\u00e5 minutter. Kontrollen kan dog tage l\u00e6ngere tid, men den tager normalt ikke mere end et par dage.<\/p>\n\n<p>Godt at vide: eTA giver dig mulighed for at rejse til Canada, men det er kun et pas, der giver dig adgang til canadisk jord, og du skal stadig igennem tolden, f\u00f8r du kan nyde dit ophold fuldt ud.<\/p>\n\n<p>Du har ans\u00f8gt om en eTA ved at <a href=\"https:\/\/ave-eta-canada.com\/da\/hvordan-man-udfylder-eta-for-at-rejse-i-canada\/\">udfylde onlineformularen<\/a> p\u00e5 det officielle websted eller en privat platform og kan ikke l\u00e6ngere finde den? Vi forklarer, hvordan du f\u00e5r din eTA i det n\u00e6ste afsnit!<br\/><br\/><\/p>\n\n<h2 class=\"wp-block-heading\">S\u00e5dan finder du din eTA<\/h2>\n\n<p>Lufthavnsbetjentene vil ikke bede dig om dit eTA-dokument. Din tilladelse er blot knyttet til dit pasnummer og registreres af de elektroniske systemer. Du skal blot fremvise dit gyldige pas ved check-in, inden du flyver til Canada, og i tolden.<\/p>\n\n<p>Men hvis du vil kontrollere, at du har modtaget tilladelsen, inden du rejser, kan du tjekke dens status online. Uanset om du har bestilt din eTA p\u00e5 vores partners platform eller p\u00e5 den canadiske regerings websted, er proceduren for at hente den den samme. Det skal du g\u00f8re p\u00e5 det officielle websted. Der er en side dedikeret til at kontrollere status for den elektroniske rejsetilladelse, hvor du kan hente eTA&#8217;en. Bem\u00e6rk, at du p\u00e5 denne side ogs\u00e5 kan <a href=\"https:\/\/ave-eta-canada.com\/da\/kontrollere-status-for-en-canada-eta\/\">se status for din eTA<\/a>, n\u00e5r den er under behandling.<\/p>\n\n<p>Du skal udfylde flere felter. F\u00f8rst skal du angive, at du er eTA-indehaver, og at du \u00f8nsker at konsultere din fil for at gendanne den. Du skal derefter bruge dit eTA-nummer, som du har f\u00e5et tilsendt pr. e-mail. Du vil ogs\u00e5 blive bedt om at oplyse dit pasnummer, udstedelsesland og udstedelses- og udl\u00f8bsdato. N\u00e5r du har givet alle oplysningerne, skal du klikke p\u00e5 &#8220;Tjek status for din ans\u00f8gning&#8221;.<\/p>\n\n<p>Nu har du din eTA tilbage!<\/p>\n\n<p>For en tabt eTA Canada skal s\u00f8geproceduren ogs\u00e5 foretages p\u00e5 den canadiske regerings officielle websted. Du kan finde flere oplysninger i denne artikel. <\/p>\n\n<p>Vi \u00f8nsker dig en god rejse til Canada!<\/p>\n","protected":false},"excerpt":{"rendered":"<p>Procedure for at hente din eTA Canada Canada tiltr\u00e6kker hvert \u00e5r mange turister med sine overd\u00e5dige landskaber, ahornsirup og charmerende byer. For et ophold p\u00e5 under 6 m\u00e5neder i Canada: Du kan udfylde formaliteterne for indrejse i Canada direkte via internettet ved at klikke p\u00e5 onlineformularen. Det er ikke n\u00f8dvendigt at lave en aftale p\u00e5 [&hellip;]<\/p>\n","protected":false},"author":1,"featured_media":0,"parent":0,"menu_order":0,"comment_status":"closed","ping_status":"closed","template":"","meta":{"footnotes":""},"class_list":["post-4090","page","type-page","status-publish","hentry"],"yoast_head":"<!-- This site is optimized with the Yoast SEO plugin v26.9 - https:\/\/yoast.com\/product\/yoast-seo-wordpress\/ -->\n<title>Hvordan finder man en eTA?<\/title>\n<meta name=\"description\" content=\"Du har ans\u00f8gt om en eTA og \u00f8nsker at f\u00e5 den tilbage? Vores eksperter forklarer, hvordan du hurtigt kan finde din eTA.\" \/>\n<meta name=\"robots\" content=\"index, follow, max-snippet:-1, max-image-preview:large, max-video-preview:-1\" \/>\n<link rel=\"canonical\" href=\"https:\/\/ave-eta-canada.com\/da\/hvordan-man-finder-en-eta\/\" \/>\n<meta property=\"og:locale\" content=\"da_DK\" \/>\n<meta property=\"og:type\" content=\"article\" \/>\n<meta property=\"og:title\" content=\"Hvordan finder man en eTA?\" \/>\n<meta property=\"og:description\" content=\"Du har ans\u00f8gt om en eTA og \u00f8nsker at f\u00e5 den tilbage? Vores eksperter forklarer, hvordan du hurtigt kan finde din eTA.\" \/>\n<meta property=\"og:url\" content=\"https:\/\/ave-eta-canada.com\/da\/hvordan-man-finder-en-eta\/\" \/>\n<meta property=\"og:site_name\" content=\"VISA CANADA\" \/>\n<meta property=\"article:modified_time\" content=\"2023-04-23T16:52:09+00:00\" \/>\n<meta name=\"twitter:card\" content=\"summary_large_image\" \/>\n<meta name=\"twitter:label1\" content=\"Estimeret l\u00e6setid\" \/>\n\t<meta name=\"twitter:data1\" content=\"3 minutter\" \/>\n<script type=\"application\/ld+json\" class=\"yoast-schema-graph\">{\"@context\":\"https:\/\/schema.org\",\"@graph\":[{\"@type\":\"WebPage\",\"@id\":\"https:\/\/ave-eta-canada.com\/da\/hvordan-man-finder-en-eta\/\",\"url\":\"https:\/\/ave-eta-canada.com\/da\/hvordan-man-finder-en-eta\/\",\"name\":\"Hvordan finder man en eTA?\",\"isPartOf\":{\"@id\":\"https:\/\/ave-eta-canada.com\/da\/#website\"},\"datePublished\":\"2023-04-18T14:41:32+00:00\",\"dateModified\":\"2023-04-23T16:52:09+00:00\",\"description\":\"Du har ans\u00f8gt om en eTA og \u00f8nsker at f\u00e5 den tilbage? Vores eksperter forklarer, hvordan du hurtigt kan finde din eTA.\",\"breadcrumb\":{\"@id\":\"https:\/\/ave-eta-canada.com\/da\/hvordan-man-finder-en-eta\/#breadcrumb\"},\"inLanguage\":\"da-DK\",\"potentialAction\":[{\"@type\":\"ReadAction\",\"target\":[\"https:\/\/ave-eta-canada.com\/da\/hvordan-man-finder-en-eta\/\"]}]},{\"@type\":\"BreadcrumbList\",\"@id\":\"https:\/\/ave-eta-canada.com\/da\/hvordan-man-finder-en-eta\/#breadcrumb\",\"itemListElement\":[{\"@type\":\"ListItem\",\"position\":1,\"name\":\"Home\",\"item\":\"https:\/\/ave-eta-canada.com\/da\/\"},{\"@type\":\"ListItem\",\"position\":2,\"name\":\"Hvordan finder man en eTA?\"}]},{\"@type\":\"WebSite\",\"@id\":\"https:\/\/ave-eta-canada.com\/da\/#website\",\"url\":\"https:\/\/ave-eta-canada.com\/da\/\",\"name\":\"VISA CANADA\",\"description\":\"Autorisation Voyage Electronique\",\"potentialAction\":[{\"@type\":\"SearchAction\",\"target\":{\"@type\":\"EntryPoint\",\"urlTemplate\":\"https:\/\/ave-eta-canada.com\/da\/?s={search_term_string}\"},\"query-input\":{\"@type\":\"PropertyValueSpecification\",\"valueRequired\":true,\"valueName\":\"search_term_string\"}}],\"inLanguage\":\"da-DK\"}]}<\/script>\n<!-- \/ Yoast SEO plugin. -->","yoast_head_json":{"title":"Hvordan finder man en eTA?","description":"Du har ans\u00f8gt om en eTA og \u00f8nsker at f\u00e5 den tilbage? Vores eksperter forklarer, hvordan du hurtigt kan finde din eTA.","robots":{"index":"index","follow":"follow","max-snippet":"max-snippet:-1","max-image-preview":"max-image-preview:large","max-video-preview":"max-video-preview:-1"},"canonical":"https:\/\/ave-eta-canada.com\/da\/hvordan-man-finder-en-eta\/","og_locale":"da_DK","og_type":"article","og_title":"Hvordan finder man en eTA?","og_description":"Du har ans\u00f8gt om en eTA og \u00f8nsker at f\u00e5 den tilbage? Vores eksperter forklarer, hvordan du hurtigt kan finde din eTA.","og_url":"https:\/\/ave-eta-canada.com\/da\/hvordan-man-finder-en-eta\/","og_site_name":"VISA CANADA","article_modified_time":"2023-04-23T16:52:09+00:00","twitter_card":"summary_large_image","twitter_misc":{"Estimeret l\u00e6setid":"3 minutter"},"schema":{"@context":"https:\/\/schema.org","@graph":[{"@type":"WebPage","@id":"https:\/\/ave-eta-canada.com\/da\/hvordan-man-finder-en-eta\/","url":"https:\/\/ave-eta-canada.com\/da\/hvordan-man-finder-en-eta\/","name":"Hvordan finder man en eTA?","isPartOf":{"@id":"https:\/\/ave-eta-canada.com\/da\/#website"},"datePublished":"2023-04-18T14:41:32+00:00","dateModified":"2023-04-23T16:52:09+00:00","description":"Du har ans\u00f8gt om en eTA og \u00f8nsker at f\u00e5 den tilbage? Vores eksperter forklarer, hvordan du hurtigt kan finde din eTA.","breadcrumb":{"@id":"https:\/\/ave-eta-canada.com\/da\/hvordan-man-finder-en-eta\/#breadcrumb"},"inLanguage":"da-DK","potentialAction":[{"@type":"ReadAction","target":["https:\/\/ave-eta-canada.com\/da\/hvordan-man-finder-en-eta\/"]}]},{"@type":"BreadcrumbList","@id":"https:\/\/ave-eta-canada.com\/da\/hvordan-man-finder-en-eta\/#breadcrumb","itemListElement":[{"@type":"ListItem","position":1,"name":"Home","item":"https:\/\/ave-eta-canada.com\/da\/"},{"@type":"ListItem","position":2,"name":"Hvordan finder man en eTA?"}]},{"@type":"WebSite","@id":"https:\/\/ave-eta-canada.com\/da\/#website","url":"https:\/\/ave-eta-canada.com\/da\/","name":"VISA CANADA","description":"Autorisation Voyage Electronique","potentialAction":[{"@type":"SearchAction","target":{"@type":"EntryPoint","urlTemplate":"https:\/\/ave-eta-canada.com\/da\/?s={search_term_string}"},"query-input":{"@type":"PropertyValueSpecification","valueRequired":true,"valueName":"search_term_string"}}],"inLanguage":"da-DK"}]}},"_links":{"self":[{"href":"https:\/\/ave-eta-canada.com\/da\/wp-json\/wp\/v2\/pages\/4090","targetHints":{"allow":["GET"]}}],"collection":[{"href":"https:\/\/ave-eta-canada.com\/da\/wp-json\/wp\/v2\/pages"}],"about":[{"href":"https:\/\/ave-eta-canada.com\/da\/wp-json\/wp\/v2\/types\/page"}],"author":[{"embeddable":true,"href":"https:\/\/ave-eta-canada.com\/da\/wp-json\/wp\/v2\/users\/1"}],"replies":[{"embeddable":true,"href":"https:\/\/ave-eta-canada.com\/da\/wp-json\/wp\/v2\/comments?post=4090"}],"version-history":[{"count":0,"href":"https:\/\/ave-eta-canada.com\/da\/wp-json\/wp\/v2\/pages\/4090\/revisions"}],"wp:attachment":[{"href":"https:\/\/ave-eta-canada.com\/da\/wp-json\/wp\/v2\/media?parent=4090"}],"curies":[{"name":"wp","href":"https:\/\/api.w.org\/{rel}","templated":true}]}}