{"id":4103,"date":"2023-04-18T14:41:33","date_gmt":"2023-04-18T14:41:33","guid":{"rendered":"https:\/\/ave-eta-canada.com\/the-x-games-for-den-foerste-gang-i-canada\/"},"modified":"2023-04-23T18:07:38","modified_gmt":"2023-04-23T18:07:38","slug":"the-x-games-for-den-forste-gang-i-canada","status":"publish","type":"page","link":"https:\/\/ave-eta-canada.com\/da\/the-x-games-for-den-forste-gang-i-canada\/","title":{"rendered":"X Games i Canada"},"content":{"rendered":"\n<h1 class=\"wp-block-heading\">Canada er v\u00e6rt for Winter X Games i 3 \u00e5r<\/h1>\n\n<p>Hvis du er fan af ekstremsport og kan lide festivalstemning, er X Games noget for dig! Lege, der blev organiseret og transmitteret i USA, kan nu afholdes i Canada, i byen Calgary. Dette er en fantastisk mulighed for rejsende, der \u00f8nsker at opleve ahornsiruppens land og samtidig drage fordel af X Games, som er en begivenhed, man ikke m\u00e5 g\u00e5 glip af.<\/p>\n\n<h2 class=\"wp-block-heading\">De vigtigste X Games-konkurrencer<\/h2>\n\n<p><a href=\"http:\/\/www.xgames.com\/\">X Games<\/a> er en \u00e5rlig konkurrence i flere ekstreme sportsgrene, der sendes i 140 lande. De blev f\u00f8rst indf\u00f8rt af USA som Summer X Games, men ESPN indf\u00f8rte senere Winter X Games p\u00e5 grund af deres voksende succes.<\/p>\n\n<p>Winter X Games er en begivenhed, som ingen snowboarder eller freestyle skil\u00f8ber med respekt for sig selv m\u00e5 g\u00e5 glip af! \u00c5rets bedste sportsud\u00f8vere f\u00e5r guld-, s\u00f8lv- og bronzemedaljer.<\/p>\n\n<p>Denne vinterbegivenhed er kendt over hele verden for sine mange sp\u00e6ndende konkurrencer og sin festlige atmosf\u00e6re.<\/p>\n\n<p>Siden 2010 er der blevet oprettet en X Games Europe-version (som ogs\u00e5 blev afholdt i Frankrig i flere \u00e5r).<\/p>\n\n<h2 class=\"wp-block-heading\">En st\u00e6rkere arv fra turismen<\/h2>\n\n<p>Provinsen Alberta har sikret sig de eksklusive rettigheder til at v\u00e6re v\u00e6rt for Canadas f\u00f8rste X Games, hvilket g\u00f8r Calgary til den f\u00f8rste canadiske by til at blive medlem af X Games-organisationen.<\/p>\n\n<p>If\u00f8lge provinsens embedsm\u00e6nd har byen tilladelse til at v\u00e6re v\u00e6rt for X Games i mindst tre \u00e5r i tr\u00e6k og h\u00e5ber at kunne v\u00e6re v\u00e6rt for begivenhederne i 2020, 2021 og 2022.<\/p>\n\n<p>Kultur- og turistminister Ricardo Miranda sagde: &#8220;Disse lege er en investering i vores fremtid, b\u00e5de inden for turisme, kultur, sport og udvikling og diversificering af vores \u00f8konomi&#8221;, og de vil styrke Calgary og Alberta som vintersportsdestination.<\/p>\n\n<h3 class=\"wp-block-heading\">Den \u00f8konomiske fordel<\/h3>\n\n<p>Legene anses for at v\u00e6re en vinterbegivenhed, der skal ses, og tiltr\u00e6kker tusindvis af tilskuere hvert \u00e5r og byder p\u00e5 verdens bedste atleter inden for ekstremsport.<\/p>\n\n<p>Canada ansl\u00e5r, at X Games kan tiltr\u00e6kke ca. 75.000 tilskuere og 75 millioner dollars om \u00e5ret! En betydelig \u00f8konomisk effekt, der &#8220;st\u00f8tter rejser og turisme, \u00f8konomisk udvikling, spin-off-virksomheder som restauranter og hoteller i hele samfundet&#8221;, siger borgmesteren i Calgary.<\/p>\n\n<p>Legene vil give Calgary et nyt publikum adgang til Calgary og inspirere den n\u00e6ste generation af atleter, som vil se legene.<\/p>\n\n<p>Selv om den<a href=\"https:\/\/www.canada.ca\/\"> canadiske regering<\/a> har afsat en betydelig sum penge til v\u00e6rtskabet for verdensbegivenheden (13,5 millioner dollars), siger turistembedsm\u00e6nd, at legene vil skabe omkring 540 job om \u00e5ret. Der vil blive bygget et 14 etagers t\u00e5rn i Stampede Park til at huse en del af begivenhederne, mens den anden del vil finde sted i WinSport Olympic Park.<\/p>\n\n<p>Hvis du er interesseret i denne sportsbegivenhed, skal du ikke vente l\u00e6ngere og arrangere din <a href=\"https:\/\/ave-eta-canada.com\/da\/hvordan-man-udfylder-eta-for-at-rejse-i-canada\/\">rejse til Canada<\/a> (husk at <a href=\"https:\/\/ave-eta-canada.com\/da\/foretag-en-officiel-canada-eta-anmodning\/\">ans\u00f8ge om en eTA)<\/a>.<\/p>\n","protected":false},"excerpt":{"rendered":"<p>Canada er v\u00e6rt for Winter X Games i 3 \u00e5r Hvis du er fan af ekstremsport og kan lide festivalstemning, er X Games noget for dig! Lege, der blev organiseret og transmitteret i USA, kan nu afholdes i Canada, i byen Calgary. Dette er en fantastisk mulighed for rejsende, der \u00f8nsker at opleve ahornsiruppens land [&hellip;]<\/p>\n","protected":false},"author":1,"featured_media":0,"parent":0,"menu_order":0,"comment_status":"closed","ping_status":"closed","template":"","meta":{"footnotes":""},"class_list":["post-4103","page","type-page","status-publish","hentry"],"yoast_head":"<!-- This site is optimized with the Yoast SEO plugin v26.9 - https:\/\/yoast.com\/product\/yoast-seo-wordpress\/ -->\n<title>X Games i Canada<\/title>\n<meta name=\"description\" content=\"For f\u00f8rste gang fik Canada tildelt de eksklusive rettigheder til at v\u00e6re v\u00e6rt for Winter X Games i byen Calgary. Er du interesseret? Den er her.\" \/>\n<meta name=\"robots\" content=\"index, follow, max-snippet:-1, max-image-preview:large, max-video-preview:-1\" \/>\n<link rel=\"canonical\" href=\"https:\/\/ave-eta-canada.com\/da\/the-x-games-for-den-forste-gang-i-canada\/\" \/>\n<meta property=\"og:locale\" content=\"da_DK\" \/>\n<meta property=\"og:type\" content=\"article\" \/>\n<meta property=\"og:title\" content=\"X Games i Canada\" \/>\n<meta property=\"og:description\" content=\"For f\u00f8rste gang fik Canada tildelt de eksklusive rettigheder til at v\u00e6re v\u00e6rt for Winter X Games i byen Calgary. Er du interesseret? Den er her.\" \/>\n<meta property=\"og:url\" content=\"https:\/\/ave-eta-canada.com\/da\/the-x-games-for-den-forste-gang-i-canada\/\" \/>\n<meta property=\"og:site_name\" content=\"VISA CANADA\" \/>\n<meta property=\"article:modified_time\" content=\"2023-04-23T18:07:38+00:00\" \/>\n<meta name=\"twitter:card\" content=\"summary_large_image\" \/>\n<meta name=\"twitter:label1\" content=\"Estimeret l\u00e6setid\" \/>\n\t<meta name=\"twitter:data1\" content=\"2 minutter\" \/>\n<script type=\"application\/ld+json\" class=\"yoast-schema-graph\">{\"@context\":\"https:\/\/schema.org\",\"@graph\":[{\"@type\":\"WebPage\",\"@id\":\"https:\/\/ave-eta-canada.com\/da\/the-x-games-for-den-forste-gang-i-canada\/\",\"url\":\"https:\/\/ave-eta-canada.com\/da\/the-x-games-for-den-forste-gang-i-canada\/\",\"name\":\"X Games i Canada\",\"isPartOf\":{\"@id\":\"https:\/\/ave-eta-canada.com\/da\/#website\"},\"datePublished\":\"2023-04-18T14:41:33+00:00\",\"dateModified\":\"2023-04-23T18:07:38+00:00\",\"description\":\"For f\u00f8rste gang fik Canada tildelt de eksklusive rettigheder til at v\u00e6re v\u00e6rt for Winter X Games i byen Calgary. Er du interesseret? Den er her.\",\"breadcrumb\":{\"@id\":\"https:\/\/ave-eta-canada.com\/da\/the-x-games-for-den-forste-gang-i-canada\/#breadcrumb\"},\"inLanguage\":\"da-DK\",\"potentialAction\":[{\"@type\":\"ReadAction\",\"target\":[\"https:\/\/ave-eta-canada.com\/da\/the-x-games-for-den-forste-gang-i-canada\/\"]}]},{\"@type\":\"BreadcrumbList\",\"@id\":\"https:\/\/ave-eta-canada.com\/da\/the-x-games-for-den-forste-gang-i-canada\/#breadcrumb\",\"itemListElement\":[{\"@type\":\"ListItem\",\"position\":1,\"name\":\"Home\",\"item\":\"https:\/\/ave-eta-canada.com\/da\/\"},{\"@type\":\"ListItem\",\"position\":2,\"name\":\"X Games i Canada\"}]},{\"@type\":\"WebSite\",\"@id\":\"https:\/\/ave-eta-canada.com\/da\/#website\",\"url\":\"https:\/\/ave-eta-canada.com\/da\/\",\"name\":\"VISA CANADA\",\"description\":\"Autorisation Voyage Electronique\",\"potentialAction\":[{\"@type\":\"SearchAction\",\"target\":{\"@type\":\"EntryPoint\",\"urlTemplate\":\"https:\/\/ave-eta-canada.com\/da\/?s={search_term_string}\"},\"query-input\":{\"@type\":\"PropertyValueSpecification\",\"valueRequired\":true,\"valueName\":\"search_term_string\"}}],\"inLanguage\":\"da-DK\"}]}<\/script>\n<!-- \/ Yoast SEO plugin. -->","yoast_head_json":{"title":"X Games i Canada","description":"For f\u00f8rste gang fik Canada tildelt de eksklusive rettigheder til at v\u00e6re v\u00e6rt for Winter X Games i byen Calgary. Er du interesseret? Den er her.","robots":{"index":"index","follow":"follow","max-snippet":"max-snippet:-1","max-image-preview":"max-image-preview:large","max-video-preview":"max-video-preview:-1"},"canonical":"https:\/\/ave-eta-canada.com\/da\/the-x-games-for-den-forste-gang-i-canada\/","og_locale":"da_DK","og_type":"article","og_title":"X Games i Canada","og_description":"For f\u00f8rste gang fik Canada tildelt de eksklusive rettigheder til at v\u00e6re v\u00e6rt for Winter X Games i byen Calgary. Er du interesseret? Den er her.","og_url":"https:\/\/ave-eta-canada.com\/da\/the-x-games-for-den-forste-gang-i-canada\/","og_site_name":"VISA CANADA","article_modified_time":"2023-04-23T18:07:38+00:00","twitter_card":"summary_large_image","twitter_misc":{"Estimeret l\u00e6setid":"2 minutter"},"schema":{"@context":"https:\/\/schema.org","@graph":[{"@type":"WebPage","@id":"https:\/\/ave-eta-canada.com\/da\/the-x-games-for-den-forste-gang-i-canada\/","url":"https:\/\/ave-eta-canada.com\/da\/the-x-games-for-den-forste-gang-i-canada\/","name":"X Games i Canada","isPartOf":{"@id":"https:\/\/ave-eta-canada.com\/da\/#website"},"datePublished":"2023-04-18T14:41:33+00:00","dateModified":"2023-04-23T18:07:38+00:00","description":"For f\u00f8rste gang fik Canada tildelt de eksklusive rettigheder til at v\u00e6re v\u00e6rt for Winter X Games i byen Calgary. Er du interesseret? Den er her.","breadcrumb":{"@id":"https:\/\/ave-eta-canada.com\/da\/the-x-games-for-den-forste-gang-i-canada\/#breadcrumb"},"inLanguage":"da-DK","potentialAction":[{"@type":"ReadAction","target":["https:\/\/ave-eta-canada.com\/da\/the-x-games-for-den-forste-gang-i-canada\/"]}]},{"@type":"BreadcrumbList","@id":"https:\/\/ave-eta-canada.com\/da\/the-x-games-for-den-forste-gang-i-canada\/#breadcrumb","itemListElement":[{"@type":"ListItem","position":1,"name":"Home","item":"https:\/\/ave-eta-canada.com\/da\/"},{"@type":"ListItem","position":2,"name":"X Games i Canada"}]},{"@type":"WebSite","@id":"https:\/\/ave-eta-canada.com\/da\/#website","url":"https:\/\/ave-eta-canada.com\/da\/","name":"VISA CANADA","description":"Autorisation Voyage Electronique","potentialAction":[{"@type":"SearchAction","target":{"@type":"EntryPoint","urlTemplate":"https:\/\/ave-eta-canada.com\/da\/?s={search_term_string}"},"query-input":{"@type":"PropertyValueSpecification","valueRequired":true,"valueName":"search_term_string"}}],"inLanguage":"da-DK"}]}},"_links":{"self":[{"href":"https:\/\/ave-eta-canada.com\/da\/wp-json\/wp\/v2\/pages\/4103","targetHints":{"allow":["GET"]}}],"collection":[{"href":"https:\/\/ave-eta-canada.com\/da\/wp-json\/wp\/v2\/pages"}],"about":[{"href":"https:\/\/ave-eta-canada.com\/da\/wp-json\/wp\/v2\/types\/page"}],"author":[{"embeddable":true,"href":"https:\/\/ave-eta-canada.com\/da\/wp-json\/wp\/v2\/users\/1"}],"replies":[{"embeddable":true,"href":"https:\/\/ave-eta-canada.com\/da\/wp-json\/wp\/v2\/comments?post=4103"}],"version-history":[{"count":0,"href":"https:\/\/ave-eta-canada.com\/da\/wp-json\/wp\/v2\/pages\/4103\/revisions"}],"wp:attachment":[{"href":"https:\/\/ave-eta-canada.com\/da\/wp-json\/wp\/v2\/media?parent=4103"}],"curies":[{"name":"wp","href":"https:\/\/api.w.org\/{rel}","templated":true}]}}