{"id":4114,"date":"2023-04-18T14:41:35","date_gmt":"2023-04-18T14:41:35","guid":{"rendered":"https:\/\/ave-eta-canada.com\/hvad-man-skal-goere-i-tilfaelde-af-tab-af-nummeret-med-canada\/"},"modified":"2023-04-23T20:13:11","modified_gmt":"2023-04-23T20:13:11","slug":"hvis-du-mister-dit-eta-canada-nummer","status":"publish","type":"page","link":"https:\/\/ave-eta-canada.com\/da\/hvis-du-mister-dit-eta-canada-nummer\/","title":{"rendered":"Hvad skal du g\u00f8re, hvis du mister dit eTA Canada-nummer?"},"content":{"rendered":"\n<h1 class=\"wp-block-heading\">Mistet eTA-nummer: Hvad skal jeg g\u00f8re?<\/h1>\n\n<p>Den elektroniske rejsetilladelse eTA er et dokument, der giver dig mulighed for at rejse til Canada i op til 6 m\u00e5neder i forbindelse med turisme eller forretning. <strong>For at f\u00e5 denne rejsetilladelse skal du udfyl<\/strong> de <a href=\"https:\/\/ave-eta-canada.com\/da\/eta-canada-formular-online\/\">online-formularen<\/a>. Dette vil derefter blive videresendt til de canadiske myndigheder for at afg\u00f8re, om din ans\u00f8gning er berettiget. Hvis din eTA-ans\u00f8gning godkendes, modtager du et eTA-nummer pr. e-mail. Men hvad er form\u00e5let med dette nummer, og hvad kan du g\u00f8re, hvis du ikke l\u00e6ngere kan finde det? Vi besvarer alle dine sp\u00f8rgsm\u00e5l i denne artikel.<br\/><\/p>\n\n<h2 class=\"wp-block-heading\">Hvorn\u00e5r overf\u00f8res eTA-nummeret?<\/h2>\n\n<p>Enhver ans\u00f8gning om et eTA til at rejse til Canada kr\u00e6ver en onlineans\u00f8gning. Dette rejsedokument er ikke tilg\u00e6ngeligt for alle. For at sikre, at du opfylder <a href=\"https:\/\/ave-eta-canada.com\/da\/eta-krav-for-at-rejse-til-canada\/\">kravene til <\/a>visumfritagelsesprogrammet, kr\u00e6ver Canadas regering, at du udfylder et online sp\u00f8rgeskema.<\/p>\n\n<p>Svarene p\u00e5 sp\u00f8rgsm\u00e5lene i formularen er derfor afg\u00f8rende for, hvilken <a href=\"https:\/\/ave-eta-canada.com\/da\/kontrollere-status-for-en-canada-eta\/\">status din eTA-ans\u00f8gning f\u00e5r<\/a>. Hvis den canadiske regering godkender din ans\u00f8gning om opholdstilladelse, vil du f\u00e5 besked via en e-mail med et eTA-nummer. Dette identifikationsnummer er unikt og er direkte forbundet med det pas, som ans\u00f8gningen blev indgivet med.<\/p>\n\n<p>eTA-nummeret giver dig mulighed for at se din sagsmappe for at kontrollere, om din opholdstilladelse i Canada stadig er gyldig. For at sikre, at du <a href=\"https:\/\/ave-eta-canada.com\/da\/gyldigheden-af-eta-canada\/\">stadig har engyldig eTA<\/a>, tilbyder den canadiske regering et v\u00e6rkt\u00f8j, som udenlandske statsborgere kan bruge til at kontrollere deres eTA&#8217;s status. Du skal blot bruge f\u00f8lgende for at bruge det:<\/p>\n\n<ul class=\"wp-block-list\"><li>eTA-ans\u00f8gningsnummer ;<\/li><li>pasnummer ;<\/li><li>det land, hvor identitetsdokumentet er udstedt ;<\/li><li>dato for udstedelse og udl\u00f8bsdato for passet.<\/li><\/ul>\n\n<p>Bem\u00e6rk, at hvis du allerede har et <a href=\"https:\/\/ave-eta-canada.com\/da\/pvt-canada-hvordan-man-far-sin-arbejdstilladelse-til-ferie\/\">WHP Canada<\/a> (Working Holiday Program), beh\u00f8ver du ikke at ans\u00f8ge om et eTA. Dette g\u00e6lder ogs\u00e5, hvis du har et permanent opholdskort.<br\/><br\/><\/p>\n\n<h2 class=\"wp-block-heading\">Hvordan finder du dit eTA-nummer?<\/h2>\n\n<p>Som n\u00e6vnt ovenfor resulterer en eTA-tilgang n\u00f8dvendigvis i et eTA-nummer. Du skal vide, at denne identifikator sendes via den e-mailadresse, som du opgav, da du udfyldte sp\u00f8rgeskemaet. Hvis du har mere end \u00e9n e-mail-adresse, skal du s\u00f8rge for at s\u00f8ge i den e-mailadresse, der svarer til din eTA-ans\u00f8gning. Desuden kan e-mailen med oplysningen om eTA-nummeret ende i spam-mappen, s\u00e5 det er tilr\u00e5deligt at kontrollere denne del ogs\u00e5.<\/p>\n\n<p>Hvis du ikke har modtaget en kvittering for modtagelse inden for 72 timer efter din ans\u00f8gning, skal du udfylde en formular p\u00e5 den canadiske regerings officielle websted. Din anmodning vil blive behandlet inden for f\u00e5 dage. Det siger sig selv, at du skal v\u00e6re sikker p\u00e5, at du har angivet den rigtige adresse, og at du har tjekket din spam.<br\/><br\/><\/p>\n\n<h2 class=\"wp-block-heading\">Tab af eTA Canada-nummeret: Er det alvorligt?<\/h2>\n\n<p>Hvis du efter en grundig s\u00f8gning stadig ikke kan finde e-mailen fra IRCC (Immigration, Refugees and Citizenship Canada), kan vi forsikre dig om, at dette ikke n\u00f8dvendigvis p\u00e5virker din rejse til Canada. eTA er nemlig en elektronisk tilladelse, der findes ingen officiel papirudgave. N\u00e5r din ans\u00f8gning er godkendt, bliver eTA&#8217;et elektronisk knyttet til dit e-pas eller biometriske pas. Som f\u00f8lge heraf vil flyselskabernes personale og det canadiske gr\u00e6nsekontrolorgan kunne f\u00e5 elektronisk adgang til dit eTA ved blot at scanne dit pas. Det er ikke n\u00f8dvendigt at give dem dit eTA Canada-nummer. <\/p>\n\n<p>Et eTA-nummer er gyldigt i 5 \u00e5r, s\u00e5 hvis du har ans\u00f8gt for nylig, men har <a href=\"https:\/\/ave-eta-canada.com\/da\/hvordan-finder-man-et-tabt-eta-canada\/\">mistet dit eTA Canada-nummer<\/a>, er det ikke noget problem. Du bedes sikre dig, at dit pas er gyldigt i hele opholdet. I s\u00e5 fald udl\u00f8ber din eTA den dag, hvor dit identitetsdokument udl\u00f8ber. Det n\u00e6ste skridt er at bestille et nyt biometrisk pas p\u00e5 dit lokale r\u00e5dhus og derefter ans\u00f8ge igen online.<\/p>\n\n<h3 class=\"wp-block-heading\">Ans\u00f8gning om et andet eTA-nummer p\u00e5 ny<\/h3>\n\n<p>Men hvis din ans\u00f8gning er flere \u00e5r gammel, men du ikke l\u00e6ngere kan huske den n\u00f8jagtige udstedelsesdato, anbefaler vi dig blot at ans\u00f8ge om en ny eTA-ans\u00f8gning. Det ville v\u00e6re en skam at planl\u00e6gge din rejse i detaljer og s\u00e5 blive n\u00e6gtet adgang til lufthavnen p\u00e5 grund af en for\u00e6ldet eTA.<\/p>\n\n<p>Hvis du vil ans\u00f8ge igen, kan du g\u00e5 til den canadiske regerings officielle websted eller til vores partnerwebsted. Hvis du v\u00e6lger denne anden mulighed, f\u00e5r du personlig st\u00f8tte til at opn\u00e5 din eTA. Hvis du mister dit eTA Canada-nummer efter at have bestilt din tilladelse via vores partnerwebsted, er bekr\u00e6ftelsesmailen gemt i dit kundeomr\u00e5de. Hvis du har brug for hj\u00e6lp, st\u00e5r vores kundeservice ogs\u00e5 til din r\u00e5dighed.<\/p>\n\n<p>Selv om en ny ans\u00f8gning vil medf\u00f8re eTA-gebyrer, er det stadig en god forretning sammenlignet med et Canadavisum eller et <a href=\"https:\/\/ave-eta-canada.com\/da\/pvt-canada-hvordan-man-far-sin-arbejdstilladelse-til-ferie\/\">WHP Working Holiday Program<\/a>, som koster omkring 100 canadiske dollars.<\/p>\n\n<p>Bem\u00e6rk, at hvis du efter dit ophold i Canada planl\u00e6gger at rejse til USA, skal du sandsynligvis have en ESTA-tilladelse, som fungerer efter n\u00f8jagtig samme princip som eTA.<\/p>\n","protected":false},"excerpt":{"rendered":"<p>Mistet eTA-nummer: Hvad skal jeg g\u00f8re? Den elektroniske rejsetilladelse eTA er et dokument, der giver dig mulighed for at rejse til Canada i op til 6 m\u00e5neder i forbindelse med turisme eller forretning. For at f\u00e5 denne rejsetilladelse skal du udfyl de online-formularen. Dette vil derefter blive videresendt til de canadiske myndigheder for at afg\u00f8re, [&hellip;]<\/p>\n","protected":false},"author":1,"featured_media":0,"parent":0,"menu_order":0,"comment_status":"closed","ping_status":"closed","template":"","meta":{"footnotes":""},"class_list":["post-4114","page","type-page","status-publish","hentry"],"yoast_head":"<!-- This site is optimized with the Yoast SEO plugin v26.9 - https:\/\/yoast.com\/product\/yoast-seo-wordpress\/ -->\n<title>Hvad skal du g\u00f8re, hvis du mister dit eTA Canada-nummer?<\/title>\n<meta name=\"description\" content=\"Hver midlertidig rejsetilladelse til Canada har et tilh\u00f8rende eTA-nummer. Find ud af, hvordan du gendanner et mistet eTA-applikationsnummer.\" \/>\n<meta name=\"robots\" content=\"index, follow, max-snippet:-1, max-image-preview:large, max-video-preview:-1\" \/>\n<link rel=\"canonical\" href=\"https:\/\/ave-eta-canada.com\/da\/hvis-du-mister-dit-eta-canada-nummer\/\" \/>\n<meta property=\"og:locale\" content=\"da_DK\" \/>\n<meta property=\"og:type\" content=\"article\" \/>\n<meta property=\"og:title\" content=\"Hvad skal du g\u00f8re, hvis du mister dit eTA Canada-nummer?\" \/>\n<meta property=\"og:description\" content=\"Hver midlertidig rejsetilladelse til Canada har et tilh\u00f8rende eTA-nummer. Find ud af, hvordan du gendanner et mistet eTA-applikationsnummer.\" \/>\n<meta property=\"og:url\" content=\"https:\/\/ave-eta-canada.com\/da\/hvis-du-mister-dit-eta-canada-nummer\/\" \/>\n<meta property=\"og:site_name\" content=\"VISA CANADA\" \/>\n<meta property=\"article:modified_time\" content=\"2023-04-23T20:13:11+00:00\" \/>\n<meta name=\"twitter:card\" content=\"summary_large_image\" \/>\n<meta name=\"twitter:label1\" content=\"Estimeret l\u00e6setid\" \/>\n\t<meta name=\"twitter:data1\" content=\"4 minutter\" \/>\n<script type=\"application\/ld+json\" class=\"yoast-schema-graph\">{\"@context\":\"https:\/\/schema.org\",\"@graph\":[{\"@type\":\"WebPage\",\"@id\":\"https:\/\/ave-eta-canada.com\/da\/hvis-du-mister-dit-eta-canada-nummer\/\",\"url\":\"https:\/\/ave-eta-canada.com\/da\/hvis-du-mister-dit-eta-canada-nummer\/\",\"name\":\"Hvad skal du g\u00f8re, hvis du mister dit eTA Canada-nummer?\",\"isPartOf\":{\"@id\":\"https:\/\/ave-eta-canada.com\/da\/#website\"},\"datePublished\":\"2023-04-18T14:41:35+00:00\",\"dateModified\":\"2023-04-23T20:13:11+00:00\",\"description\":\"Hver midlertidig rejsetilladelse til Canada har et tilh\u00f8rende eTA-nummer. Find ud af, hvordan du gendanner et mistet eTA-applikationsnummer.\",\"breadcrumb\":{\"@id\":\"https:\/\/ave-eta-canada.com\/da\/hvis-du-mister-dit-eta-canada-nummer\/#breadcrumb\"},\"inLanguage\":\"da-DK\",\"potentialAction\":[{\"@type\":\"ReadAction\",\"target\":[\"https:\/\/ave-eta-canada.com\/da\/hvis-du-mister-dit-eta-canada-nummer\/\"]}]},{\"@type\":\"BreadcrumbList\",\"@id\":\"https:\/\/ave-eta-canada.com\/da\/hvis-du-mister-dit-eta-canada-nummer\/#breadcrumb\",\"itemListElement\":[{\"@type\":\"ListItem\",\"position\":1,\"name\":\"Home\",\"item\":\"https:\/\/ave-eta-canada.com\/da\/\"},{\"@type\":\"ListItem\",\"position\":2,\"name\":\"Hvad skal du g\u00f8re, hvis du mister dit eTA Canada-nummer?\"}]},{\"@type\":\"WebSite\",\"@id\":\"https:\/\/ave-eta-canada.com\/da\/#website\",\"url\":\"https:\/\/ave-eta-canada.com\/da\/\",\"name\":\"VISA CANADA\",\"description\":\"Autorisation Voyage Electronique\",\"potentialAction\":[{\"@type\":\"SearchAction\",\"target\":{\"@type\":\"EntryPoint\",\"urlTemplate\":\"https:\/\/ave-eta-canada.com\/da\/?s={search_term_string}\"},\"query-input\":{\"@type\":\"PropertyValueSpecification\",\"valueRequired\":true,\"valueName\":\"search_term_string\"}}],\"inLanguage\":\"da-DK\"}]}<\/script>\n<!-- \/ Yoast SEO plugin. -->","yoast_head_json":{"title":"Hvad skal du g\u00f8re, hvis du mister dit eTA Canada-nummer?","description":"Hver midlertidig rejsetilladelse til Canada har et tilh\u00f8rende eTA-nummer. Find ud af, hvordan du gendanner et mistet eTA-applikationsnummer.","robots":{"index":"index","follow":"follow","max-snippet":"max-snippet:-1","max-image-preview":"max-image-preview:large","max-video-preview":"max-video-preview:-1"},"canonical":"https:\/\/ave-eta-canada.com\/da\/hvis-du-mister-dit-eta-canada-nummer\/","og_locale":"da_DK","og_type":"article","og_title":"Hvad skal du g\u00f8re, hvis du mister dit eTA Canada-nummer?","og_description":"Hver midlertidig rejsetilladelse til Canada har et tilh\u00f8rende eTA-nummer. Find ud af, hvordan du gendanner et mistet eTA-applikationsnummer.","og_url":"https:\/\/ave-eta-canada.com\/da\/hvis-du-mister-dit-eta-canada-nummer\/","og_site_name":"VISA CANADA","article_modified_time":"2023-04-23T20:13:11+00:00","twitter_card":"summary_large_image","twitter_misc":{"Estimeret l\u00e6setid":"4 minutter"},"schema":{"@context":"https:\/\/schema.org","@graph":[{"@type":"WebPage","@id":"https:\/\/ave-eta-canada.com\/da\/hvis-du-mister-dit-eta-canada-nummer\/","url":"https:\/\/ave-eta-canada.com\/da\/hvis-du-mister-dit-eta-canada-nummer\/","name":"Hvad skal du g\u00f8re, hvis du mister dit eTA Canada-nummer?","isPartOf":{"@id":"https:\/\/ave-eta-canada.com\/da\/#website"},"datePublished":"2023-04-18T14:41:35+00:00","dateModified":"2023-04-23T20:13:11+00:00","description":"Hver midlertidig rejsetilladelse til Canada har et tilh\u00f8rende eTA-nummer. Find ud af, hvordan du gendanner et mistet eTA-applikationsnummer.","breadcrumb":{"@id":"https:\/\/ave-eta-canada.com\/da\/hvis-du-mister-dit-eta-canada-nummer\/#breadcrumb"},"inLanguage":"da-DK","potentialAction":[{"@type":"ReadAction","target":["https:\/\/ave-eta-canada.com\/da\/hvis-du-mister-dit-eta-canada-nummer\/"]}]},{"@type":"BreadcrumbList","@id":"https:\/\/ave-eta-canada.com\/da\/hvis-du-mister-dit-eta-canada-nummer\/#breadcrumb","itemListElement":[{"@type":"ListItem","position":1,"name":"Home","item":"https:\/\/ave-eta-canada.com\/da\/"},{"@type":"ListItem","position":2,"name":"Hvad skal du g\u00f8re, hvis du mister dit eTA Canada-nummer?"}]},{"@type":"WebSite","@id":"https:\/\/ave-eta-canada.com\/da\/#website","url":"https:\/\/ave-eta-canada.com\/da\/","name":"VISA CANADA","description":"Autorisation Voyage Electronique","potentialAction":[{"@type":"SearchAction","target":{"@type":"EntryPoint","urlTemplate":"https:\/\/ave-eta-canada.com\/da\/?s={search_term_string}"},"query-input":{"@type":"PropertyValueSpecification","valueRequired":true,"valueName":"search_term_string"}}],"inLanguage":"da-DK"}]}},"_links":{"self":[{"href":"https:\/\/ave-eta-canada.com\/da\/wp-json\/wp\/v2\/pages\/4114","targetHints":{"allow":["GET"]}}],"collection":[{"href":"https:\/\/ave-eta-canada.com\/da\/wp-json\/wp\/v2\/pages"}],"about":[{"href":"https:\/\/ave-eta-canada.com\/da\/wp-json\/wp\/v2\/types\/page"}],"author":[{"embeddable":true,"href":"https:\/\/ave-eta-canada.com\/da\/wp-json\/wp\/v2\/users\/1"}],"replies":[{"embeddable":true,"href":"https:\/\/ave-eta-canada.com\/da\/wp-json\/wp\/v2\/comments?post=4114"}],"version-history":[{"count":0,"href":"https:\/\/ave-eta-canada.com\/da\/wp-json\/wp\/v2\/pages\/4114\/revisions"}],"wp:attachment":[{"href":"https:\/\/ave-eta-canada.com\/da\/wp-json\/wp\/v2\/media?parent=4114"}],"curies":[{"name":"wp","href":"https:\/\/api.w.org\/{rel}","templated":true}]}}