{"id":4123,"date":"2023-04-18T14:41:36","date_gmt":"2023-04-18T14:41:36","guid":{"rendered":"https:\/\/ave-eta-canada.com\/ave-canada-validity-duration\/"},"modified":"2023-04-22T17:27:14","modified_gmt":"2023-04-22T17:27:14","slug":"eta-canada-gyldighedsperiode","status":"publish","type":"page","link":"https:\/\/ave-eta-canada.com\/da\/eta-canada-gyldighedsperiode\/","title":{"rendered":"eTA Canada: gyldighedsperiode"},"content":{"rendered":"\n<h1 class=\"wp-block-heading\">Hvor l\u00e6nge er eTA Canada gyldigt?<\/h1>\n\n<p>Hvis du dr\u00f8mmer om at bes\u00f8ge Canada, er Vancouver, Quebec City, Rocky Mountains, Niagara Falls, Ottawa og Toronto kun et klik v\u00e6k. Hvis du \u00f8nsker at rejse til Canada som turist, skal du have en elektronisk rejsetilladelse p\u00e5 forh\u00e5nd.<\/p>\n\n<p><strong>For et ophold p\u00e5 under 6 m\u00e5neder i Canada<\/strong>: Du kan udfylde formaliteterne for indrejse i Canada direkte via internettet ved at klikke p\u00e5 <a href=\"https:\/\/ave-eta-canada.com\/da\/eta-canada-formular-online\/\">onlineformularen<\/a>. Det er ikke n\u00f8dvendigt at lave en aftale p\u00e5 den canadiske ambassade eller det canadiske konsulat.<\/p>\n\n<p>Den <a href=\"https:\/\/ave-eta-canada.com\/da\/\">elektroniske rejsetilladelse<\/a>, som den canadiske regering har indf\u00f8rt som led i et visumfritagelsesprogram. Gyldighedsperioden for eTA Canada er meget fordelagtig, og den giver indehaveren mulighed for at rejse til Canada med fly, s\u00e5 mange gange han vil, uden at skulle s\u00f8ge om visum p\u00e5 den canadiske ambassade. Mange lande rundt om i verden har indg\u00e5et en aftale med de canadiske myndigheder for at g\u00f8re det lettere for millioner af udenlandske rejsende at bes\u00f8ge Canada.<\/p>\n\n<p>eTA -tilladelsen giver dig ikke ret til at udstationere til Canada, studere, tage et praktikophold eller arbejde, og den giver dig heller ikke ret til canadisk statsborgerskab. Det er en del af en turist- eller transitrejse.<\/p>\n\n<p>Hvor l\u00e6nge er eTA Canada gyldigt? Hvor l\u00e6nge kan jeg opholde mig i Canada? Det er det, vi vil finde ud af i denne artikel.<br\/><br\/><\/p>\n\n<h2 class=\"wp-block-heading\">Hvordan f\u00e5r jeg en eTA Canada? Hvor l\u00e6nge er det gyldigt?<\/h2>\n\n<p><a href=\"https:\/\/ave-eta-canada.com\/da\/praesentation-af-eta-canada\/\">eTA Canada<\/a> er en elektronisk rejsetilladelse, der giver statsborgere fra visse lande mulighed for at rejse til Canada uden visum. Canada eTA er gyldig i en anden periode end visummet og skal ikke s\u00f8ges p\u00e5 den canadiske ambassade eller det canadiske generalkonsulat, men p\u00e5 den canadiske regerings officielle websted.<\/p>\n\n<p>For at ans\u00f8ge om en eTa Canada skal du udfylde <a href=\"https:\/\/ave-eta-canada.com\/da\/udfylde-eta-formular-for-canada\/\">eTA-formularen<\/a>. Sidstn\u00e6vnte best\u00e5r af forskellige sp\u00f8rgsm\u00e5l om dig, dit job, pasoplysninger eller din helbredstilstand (f.eks. sp\u00f8rgsm\u00e5l om tuberkulose). Husk at medbringe dit pas (du vil blive bedt om at oplyse nummeret) og dit kreditkort for at betale. En <a href=\"https:\/\/ave-eta-canada.com\/da\/eta-canada-dens-pris\/\">eTA koster 7$ CAN<\/a> (canadiske dollars), som skal betales direkte p\u00e5 ans\u00f8gningstidspunktet.<\/p>\n\n<p>Gyldighedsperioden for eTA Canada er direkte knyttet til gyldighedsperioden for dit rejsedokument (biometrisk pas eller elektronisk pas): det betyder, at hvis du skal forny det, skal du lave en ny anmodning om eTA Canada.<\/p>\n\n<p>Du skal vide, at der findes uafh\u00e6ngige websteder, som f.eks. vores partners websted, der tilbyder at kontrollere dine oplysninger, f\u00f8r du sender eTA-formularen. Ved at v\u00e6lge denne l\u00f8sning reducerer du risikoen for at f\u00e5 afslag (og for at skulle betale igen for en ny ans\u00f8gning), da et team af fagfolk sikrer, at de indtastede oplysninger er korrekte (korrekt pasnummer, ingen fejl eller sl\u00e5fejl osv.).<br\/><br\/><\/p>\n\n<h2 class=\"wp-block-heading\">Gyldighedsperioden for eTA Canada og opholdets varighed<\/h2>\n\n<p><a href=\"https:\/\/ave-eta-canada.com\/da\/eta-canada-gyldighedsperiode\/\">eTA Canada ergyldig<\/a> i en lang periode, s\u00e5 du kan nyde landet. N\u00e5r eTA Canada er opn\u00e5et, er den gyldighedsperiode p\u00e5 fem \u00e5r.<\/p>\n\n<p>I denne periode er det tilladt at foretage flere rejser til Canada. <a href=\"https:\/\/ave-eta-canada.com\/da\/\">eTA-tilladelsen<\/a> giver mulighed for ophold p\u00e5 et halvt \u00e5r, og opholdets varighed, der er godkendt af eTA Canada, er p\u00e5 h\u00f8jst seks m\u00e5neder pr. ophold.<\/p>\n\n<p>Bem\u00e6rk, at i mods\u00e6tning til et canadisk visum (arbejdstilladelse, studietilladelse) eller en WHP giver en eTA dig ikke ret til at arbejde, studere eller tage et praktikophold p\u00e5 canadisk territorium. Det giver dig ikke permanent opholdsstatus og m\u00e5 ikke forveksles med et opholdskort.<\/p>\n\n<p>Det er tilr\u00e5deligt at ans\u00f8ge om en eTA i god tid f\u00f8r rejsen for at undg\u00e5 et eventuelt afslag.<\/p>\n\n<p>T\u00f8v ikke med at kontakte vores team, hvis du har sp\u00f8rgsm\u00e5l om gyldigheden af eTA Canada, s\u00e5 du kan forberede din rejse til Canada. Hav en god tur !<\/p>\n","protected":false},"excerpt":{"rendered":"<p>Hvor l\u00e6nge er eTA Canada gyldigt? Hvis du dr\u00f8mmer om at bes\u00f8ge Canada, er Vancouver, Quebec City, Rocky Mountains, Niagara Falls, Ottawa og Toronto kun et klik v\u00e6k. Hvis du \u00f8nsker at rejse til Canada som turist, skal du have en elektronisk rejsetilladelse p\u00e5 forh\u00e5nd. For et ophold p\u00e5 under 6 m\u00e5neder i Canada: Du [&hellip;]<\/p>\n","protected":false},"author":1,"featured_media":0,"parent":0,"menu_order":0,"comment_status":"closed","ping_status":"closed","template":"","meta":{"footnotes":""},"class_list":["post-4123","page","type-page","status-publish","hentry"],"yoast_head":"<!-- This site is optimized with the Yoast SEO plugin v26.9 - https:\/\/yoast.com\/product\/yoast-seo-wordpress\/ -->\n<title>eTA Canada: gyldighedsperiode<\/title>\n<meta name=\"description\" content=\"eTA Canada er en elektronisk rejsetilladelse, der giver indehaveren mulighed for at rejse til Canada uden visum. Hvor l\u00e6nge er det gyldigt?\" \/>\n<meta name=\"robots\" content=\"index, follow, max-snippet:-1, max-image-preview:large, max-video-preview:-1\" \/>\n<link rel=\"canonical\" href=\"https:\/\/ave-eta-canada.com\/da\/eta-canada-gyldighedsperiode\/\" \/>\n<meta property=\"og:locale\" content=\"da_DK\" \/>\n<meta property=\"og:type\" content=\"article\" \/>\n<meta property=\"og:title\" content=\"eTA Canada: gyldighedsperiode\" \/>\n<meta property=\"og:description\" content=\"eTA Canada er en elektronisk rejsetilladelse, der giver indehaveren mulighed for at rejse til Canada uden visum. Hvor l\u00e6nge er det gyldigt?\" \/>\n<meta property=\"og:url\" content=\"https:\/\/ave-eta-canada.com\/da\/eta-canada-gyldighedsperiode\/\" \/>\n<meta property=\"og:site_name\" content=\"VISA CANADA\" \/>\n<meta property=\"article:modified_time\" content=\"2023-04-22T17:27:14+00:00\" \/>\n<meta name=\"twitter:card\" content=\"summary_large_image\" \/>\n<meta name=\"twitter:label1\" content=\"Estimeret l\u00e6setid\" \/>\n\t<meta name=\"twitter:data1\" content=\"3 minutter\" \/>\n<script type=\"application\/ld+json\" class=\"yoast-schema-graph\">{\"@context\":\"https:\/\/schema.org\",\"@graph\":[{\"@type\":\"WebPage\",\"@id\":\"https:\/\/ave-eta-canada.com\/da\/eta-canada-gyldighedsperiode\/\",\"url\":\"https:\/\/ave-eta-canada.com\/da\/eta-canada-gyldighedsperiode\/\",\"name\":\"eTA Canada: gyldighedsperiode\",\"isPartOf\":{\"@id\":\"https:\/\/ave-eta-canada.com\/da\/#website\"},\"datePublished\":\"2023-04-18T14:41:36+00:00\",\"dateModified\":\"2023-04-22T17:27:14+00:00\",\"description\":\"eTA Canada er en elektronisk rejsetilladelse, der giver indehaveren mulighed for at rejse til Canada uden visum. Hvor l\u00e6nge er det gyldigt?\",\"breadcrumb\":{\"@id\":\"https:\/\/ave-eta-canada.com\/da\/eta-canada-gyldighedsperiode\/#breadcrumb\"},\"inLanguage\":\"da-DK\",\"potentialAction\":[{\"@type\":\"ReadAction\",\"target\":[\"https:\/\/ave-eta-canada.com\/da\/eta-canada-gyldighedsperiode\/\"]}]},{\"@type\":\"BreadcrumbList\",\"@id\":\"https:\/\/ave-eta-canada.com\/da\/eta-canada-gyldighedsperiode\/#breadcrumb\",\"itemListElement\":[{\"@type\":\"ListItem\",\"position\":1,\"name\":\"Home\",\"item\":\"https:\/\/ave-eta-canada.com\/da\/\"},{\"@type\":\"ListItem\",\"position\":2,\"name\":\"eTA Canada: gyldighedsperiode\"}]},{\"@type\":\"WebSite\",\"@id\":\"https:\/\/ave-eta-canada.com\/da\/#website\",\"url\":\"https:\/\/ave-eta-canada.com\/da\/\",\"name\":\"VISA CANADA\",\"description\":\"Autorisation Voyage Electronique\",\"potentialAction\":[{\"@type\":\"SearchAction\",\"target\":{\"@type\":\"EntryPoint\",\"urlTemplate\":\"https:\/\/ave-eta-canada.com\/da\/?s={search_term_string}\"},\"query-input\":{\"@type\":\"PropertyValueSpecification\",\"valueRequired\":true,\"valueName\":\"search_term_string\"}}],\"inLanguage\":\"da-DK\"}]}<\/script>\n<!-- \/ Yoast SEO plugin. -->","yoast_head_json":{"title":"eTA Canada: gyldighedsperiode","description":"eTA Canada er en elektronisk rejsetilladelse, der giver indehaveren mulighed for at rejse til Canada uden visum. Hvor l\u00e6nge er det gyldigt?","robots":{"index":"index","follow":"follow","max-snippet":"max-snippet:-1","max-image-preview":"max-image-preview:large","max-video-preview":"max-video-preview:-1"},"canonical":"https:\/\/ave-eta-canada.com\/da\/eta-canada-gyldighedsperiode\/","og_locale":"da_DK","og_type":"article","og_title":"eTA Canada: gyldighedsperiode","og_description":"eTA Canada er en elektronisk rejsetilladelse, der giver indehaveren mulighed for at rejse til Canada uden visum. Hvor l\u00e6nge er det gyldigt?","og_url":"https:\/\/ave-eta-canada.com\/da\/eta-canada-gyldighedsperiode\/","og_site_name":"VISA CANADA","article_modified_time":"2023-04-22T17:27:14+00:00","twitter_card":"summary_large_image","twitter_misc":{"Estimeret l\u00e6setid":"3 minutter"},"schema":{"@context":"https:\/\/schema.org","@graph":[{"@type":"WebPage","@id":"https:\/\/ave-eta-canada.com\/da\/eta-canada-gyldighedsperiode\/","url":"https:\/\/ave-eta-canada.com\/da\/eta-canada-gyldighedsperiode\/","name":"eTA Canada: gyldighedsperiode","isPartOf":{"@id":"https:\/\/ave-eta-canada.com\/da\/#website"},"datePublished":"2023-04-18T14:41:36+00:00","dateModified":"2023-04-22T17:27:14+00:00","description":"eTA Canada er en elektronisk rejsetilladelse, der giver indehaveren mulighed for at rejse til Canada uden visum. Hvor l\u00e6nge er det gyldigt?","breadcrumb":{"@id":"https:\/\/ave-eta-canada.com\/da\/eta-canada-gyldighedsperiode\/#breadcrumb"},"inLanguage":"da-DK","potentialAction":[{"@type":"ReadAction","target":["https:\/\/ave-eta-canada.com\/da\/eta-canada-gyldighedsperiode\/"]}]},{"@type":"BreadcrumbList","@id":"https:\/\/ave-eta-canada.com\/da\/eta-canada-gyldighedsperiode\/#breadcrumb","itemListElement":[{"@type":"ListItem","position":1,"name":"Home","item":"https:\/\/ave-eta-canada.com\/da\/"},{"@type":"ListItem","position":2,"name":"eTA Canada: gyldighedsperiode"}]},{"@type":"WebSite","@id":"https:\/\/ave-eta-canada.com\/da\/#website","url":"https:\/\/ave-eta-canada.com\/da\/","name":"VISA CANADA","description":"Autorisation Voyage Electronique","potentialAction":[{"@type":"SearchAction","target":{"@type":"EntryPoint","urlTemplate":"https:\/\/ave-eta-canada.com\/da\/?s={search_term_string}"},"query-input":{"@type":"PropertyValueSpecification","valueRequired":true,"valueName":"search_term_string"}}],"inLanguage":"da-DK"}]}},"_links":{"self":[{"href":"https:\/\/ave-eta-canada.com\/da\/wp-json\/wp\/v2\/pages\/4123","targetHints":{"allow":["GET"]}}],"collection":[{"href":"https:\/\/ave-eta-canada.com\/da\/wp-json\/wp\/v2\/pages"}],"about":[{"href":"https:\/\/ave-eta-canada.com\/da\/wp-json\/wp\/v2\/types\/page"}],"author":[{"embeddable":true,"href":"https:\/\/ave-eta-canada.com\/da\/wp-json\/wp\/v2\/users\/1"}],"replies":[{"embeddable":true,"href":"https:\/\/ave-eta-canada.com\/da\/wp-json\/wp\/v2\/comments?post=4123"}],"version-history":[{"count":0,"href":"https:\/\/ave-eta-canada.com\/da\/wp-json\/wp\/v2\/pages\/4123\/revisions"}],"wp:attachment":[{"href":"https:\/\/ave-eta-canada.com\/da\/wp-json\/wp\/v2\/media?parent=4123"}],"curies":[{"name":"wp","href":"https:\/\/api.w.org\/{rel}","templated":true}]}}