{"id":4130,"date":"2023-04-18T14:41:36","date_gmt":"2023-04-18T14:41:36","guid":{"rendered":"https:\/\/ave-eta-canada.com\/med-eller-med-hvilken-rejsetilladelse-vaelg-for-dit-ophold\/"},"modified":"2023-04-22T16:42:21","modified_gmt":"2023-04-22T16:42:21","slug":"vaelg-eta-eller-esta-til-dit-ophold","status":"publish","type":"page","link":"https:\/\/ave-eta-canada.com\/da\/vaelg-eta-eller-esta-til-dit-ophold\/","title":{"rendered":"eTA eller ESTA: Hvilken rejsetilladelse skal jeg v\u00e6lge?"},"content":{"rendered":"\n<h1 class=\"wp-block-heading\">Hvilken rejsetilladelse (eTA eller ESTA) skal jeg v\u00e6lge?<\/h1>\n\n<p>Hvis du snart skal rejse til Nordamerika, skal du bruge rejsedokumenter. Med alle disse standarder og regler er det ikke let at se klart. Ans\u00f8gning om visum eller rejsetilladelse (eTA eller ESTA)? Vi forklarer alt i denne artikel.<\/p>\n\n<p><strong>For et ophold p\u00e5 under 6 m\u00e5neder i Canada<\/strong>: Du kan udfylde formaliteterne for indrejse i Canada direkte via internettet ved at klikke p\u00e5 <a href=\"https:\/\/ave-eta-canada.com\/da\/eta-canada-formular-online\/\">onlineformularen<\/a>. Det er ikke n\u00f8dvendigt at lave en aftale p\u00e5 den canadiske ambassade eller det canadiske konsulat.<\/p>\n\n<br\/>\n\n<h2 class=\"wp-block-heading\">eTA og ESTA, freml\u00e6ggelse af disse to rejsetilladelser<\/h2>\n\n<h3 class=\"wp-block-heading\">ESTA<\/h3>\n\n<p>ESTA st\u00e5r for Electronic System for Travel Authorization (elektronisk system for rejsetilladelse). Dette er en rejsetilladelse udstedt af den amerikanske regering til personer, der \u00f8nsker at rejse til USA med fly eller skib. Denne tilladelse erstatter et turistvisum for rejsende, der kommer fra et land, der er medlem af Visa Waiver-programmet.<\/p>\n\n<p>For at ans\u00f8ge skal du opfylde en r\u00e6kke kriterier:<\/p>\n\n<ul class=\"wp-block-list\"><li>v\u00e6re statsborger i et land, der er medlem af Visa Waiver-programmet;<\/li><li>v\u00e6re i besiddelse af et gyldigt biometrisk eller elektronisk pas;<\/li><li>der rejser til USA i forbindelse med turisme, forretning eller transit;<\/li><li>ankommer til amerikansk jord ad luft- eller s\u00f8vej;<\/li><li>opholdets varighed m\u00e5 ikke overstige 90 dage.<\/li><\/ul>\n\n<h4 class=\"wp-block-heading\">Hvordan f\u00e5r jeg en ESTA?<\/h4>\n\n<p>Processen med at opn\u00e5 ESTA-tilladelse foreg\u00e5r udelukkende online p\u00e5 den amerikanske regerings websted eller via en privat tjenesteudbyder.<\/p>\n\n<p>Du vil blive bedt om at udfylde en onlineformular til din ESTA-ans\u00f8gning. Denne ESTA-formular fokuserer p\u00e5 din identitet, dit liv og dit rejsedokument: navn (pigenavn eller gift navn afh\u00e6ngigt af dit pas), fornavn, f\u00f8dselsdato og f\u00f8dested, pasnummer, udstedelses- og udl\u00f8bsdato, kontaktoplysninger, kriminel og medicinsk historie, tidligere ophold i udlandet osv. N\u00e5r du har udfyldt din ESTA-formular, skal du indtaste et betalingskort for at betale ans\u00f8gningsgebyret for din ESTA-ans\u00f8gning.<\/p>\n\n<p>En ESTA er gyldig i 2 \u00e5r, med forbehold af gyldighedsdatoen for dit pas.<\/p>\n\n<p>S\u00e5 hvis du \u00f8nsker at bes\u00f8ge USA p\u00e5 disse betingelser, b\u00f8r du v\u00e6lge ESTA&#8217;en mellem eTA og ESTA&#8217;en, hvis du \u00f8nsker at bes\u00f8ge USA p\u00e5 disse betingelser.<\/p>\n\n<h3 class=\"wp-block-heading\">eTA<\/h3>\n\n<p>eTA st\u00e5r for Electronic Travel Authorisation (elektronisk rejsetilladelse). For engelsktalende er dette kendt som <a href=\"https:\/\/ave-eta-canada.com\/da\/praesentation-af-eta-canada\/\">eTA<\/a> for Electronic Travel Authorization (elektronisk rejsetilladelse). Du skal vide, at disse to navne henviser til n\u00f8jagtig det samme.<\/p>\n\n<p>eTA er en tilladelse, der er n\u00f8dvendig for at rejse ind i Canada, men kun med fly. Det er derfor ikke n\u00f8dvendigt med en eTA, n\u00e5r man ankommer med b\u00e5d, heller ikke p\u00e5 et krydstogtskib.<\/p>\n\n<p>eTA g\u00e6lder for statsborgere fra de 61 lande, der er med i det canadiske visumfritagelsesprogram. Det er obligatorisk at have et gyldigt biometrisk pas eller e-pas for at kunne ans\u00f8ge. Dit ophold m\u00e5 h\u00f8jst vare 6 m\u00e5neder.<\/p>\n\n<h4 class=\"wp-block-heading\">Hvordan f\u00e5r du din eTA?<\/h4>\n\n<p>For at <a href=\"https:\/\/ave-eta-canada.com\/da\/\">ans\u00f8ge om en eTA<\/a> skal du udfylde en online-formular og betale det kr\u00e6vede gebyr. Du kan enten g\u00e5 til den canadiske regerings officielle websted eller benytte dig af en privat udbyder. Hvis du v\u00e6lger et privat websted, kan du f\u00e5 personlig hj\u00e6lp og dermed mindske risikoen for at blive afvist. <\/p>\n\n<p>Et eTA er gyldigt i 5 \u00e5r, indtil udl\u00f8bsdatoen for dit pas. Hvis du \u00f8nsker at bes\u00f8ge Canada, b\u00f8r du v\u00e6lge mellem AVE og ESTA og v\u00e6lge eTA.<br\/><br\/><\/p>\n\n<h2 class=\"wp-block-heading\">ESTA og eTA, lighederne<\/h2>\n\n<p>Som du m\u00e5ske har bem\u00e6rket, er der mange ligheder mellem en eTA og en ESTA; den canadiske eTA blev kopieret fra den amerikanske ESTA.<\/p>\n\n<ul class=\"wp-block-list\"><li>ESTA og eTA er rejsetilladelser, der er knyttet til passet. Det er vigtigt, at det er det samme pas, der bruges til alle rejser. Tolderne kontrollerer, at du er i orden ved at scanne dit pas. <\/li><li>eTA-certifikatet skal ligesom ESTA-certifikatet indhentes inden afrejse. Personalet i flyselskabet kontrollerer din eTA eller ESTA, allerede inden du g\u00e5r om bord.<\/li><li>Begge disse rejsetilladelser kan kun f\u00e5s ved hj\u00e6lp af en onlineans\u00f8gning. Det er ikke n\u00f8dvendigt at lave en aftale p\u00e5 den n\u00e6rmeste amerikanske eller canadiske ambassade.<\/li><li>ESTA og eTA giver dig mulighed for at rejse til henholdsvis USA og Canada i forbindelse med turisme, forretning eller transit. Du m\u00e5 derfor ikke arbejde, studere eller rejse til USA eller Canada med ESTA og eTA. Hvis det er dit m\u00e5l, skal du ans\u00f8ge om et passende visum eller green card.<\/li><li>B\u00e5de eTA og ESTA er obligatoriske, men de garanterer ikke indrejse i USA eller Canada. Denne rettighed gives som f\u00f8lge af toldpersonalets kontrol ved ankomsten til gr\u00e6nseposten.<br\/><br\/><\/li><\/ul>\n\n<h2 class=\"wp-block-heading\">ESTA og eTA, forskellene<\/h2>\n\n<ul class=\"wp-block-list\"><li>Det giver mening, men lad os huske, at eTA er til rejser til Canada, og ESTA til rejser til USA. Selv om de to lande er t\u00e6t p\u00e5 hinanden, kan den ene tilladelse ikke erstatte den anden.<\/li><li>eTA er gyldig for statsborgere fra 61 forskellige territorier, mens ESTA kun er gyldig for 40 lande (tallene er opdateret i september 2022).<\/li><li>ESTA er for rejsende, der ankommer med fly og skib, mens eTA kun er p\u00e5kr\u00e6vet for rejsende, der ankommer til Canada med fly.<\/li><li>En ESTA koster 21 USD p\u00e5 regeringens websted fra maj 2022, mens <a href=\"https:\/\/ave-eta-canada.com\/da\/eta-canada-dens-pris\/\">prisen for en eTA er 7 CAD<\/a>. Prisen for ESTA og eTA vil v\u00e6re forskellig, hvis du bruger et uafh\u00e6ngigt websted. Denne forskel kan forklares med den personlige bistand, som den private udbyder yder.<\/li><li>Den maksimale varighed af dit ophold er ogs\u00e5 forskellig. Med en eTA kan du opholde dig i Canada i 6 sammenh\u00e6ngende m\u00e5neder, mens du med en ESTA ikke m\u00e5 opholde dig i mere end 90 sammenh\u00e6ngende dage.<\/li><li><a href=\"https:\/\/ave-eta-canada.com\/da\/gyldigheden-af-eta-canada\/\">eTA er gyldig i 5 \u00e5r<\/a>, mens en ESTA kun er gyldig i 2 \u00e5r. Teoretisk set er det muligt at foretage et ubegr\u00e6nset antal rejser i denne periode. I begge tilf\u00e6lde er det n\u00f8dvendigt med en ny ans\u00f8gning, hvis dine personlige oplysninger \u00e6ndres og\/eller du f\u00e5r et nyt pas.<\/li><\/ul>\n\n<p>Du kender nu det grundl\u00e6ggende om disse to rejsetilladelser. Det eneste, du skal g\u00f8re, er at v\u00e6lge din destination. Hav en god tur !<\/p>\n","protected":false},"excerpt":{"rendered":"<p>Hvilken rejsetilladelse (eTA eller ESTA) skal jeg v\u00e6lge? Hvis du snart skal rejse til Nordamerika, skal du bruge rejsedokumenter. Med alle disse standarder og regler er det ikke let at se klart. Ans\u00f8gning om visum eller rejsetilladelse (eTA eller ESTA)? Vi forklarer alt i denne artikel. For et ophold p\u00e5 under 6 m\u00e5neder i Canada: [&hellip;]<\/p>\n","protected":false},"author":1,"featured_media":0,"parent":0,"menu_order":0,"comment_status":"closed","ping_status":"closed","template":"","meta":{"footnotes":""},"class_list":["post-4130","page","type-page","status-publish","hentry"],"yoast_head":"<!-- This site is optimized with the Yoast SEO plugin v26.9 - https:\/\/yoast.com\/product\/yoast-seo-wordpress\/ -->\n<title>eTA eller ESTA: Hvilken rejsetilladelse skal jeg v\u00e6lge?<\/title>\n<meta name=\"description\" content=\"For at rejse til det amerikanske kontinent er der to vigtige elektroniske rejsetilladelser: eTA og ESTA.\" \/>\n<meta name=\"robots\" content=\"index, follow, max-snippet:-1, max-image-preview:large, max-video-preview:-1\" \/>\n<link rel=\"canonical\" href=\"https:\/\/ave-eta-canada.com\/da\/vaelg-eta-eller-esta-til-dit-ophold\/\" \/>\n<meta property=\"og:locale\" content=\"da_DK\" \/>\n<meta property=\"og:type\" content=\"article\" \/>\n<meta property=\"og:title\" content=\"eTA eller ESTA: Hvilken rejsetilladelse skal jeg v\u00e6lge?\" \/>\n<meta property=\"og:description\" content=\"For at rejse til det amerikanske kontinent er der to vigtige elektroniske rejsetilladelser: eTA og ESTA.\" \/>\n<meta property=\"og:url\" content=\"https:\/\/ave-eta-canada.com\/da\/vaelg-eta-eller-esta-til-dit-ophold\/\" \/>\n<meta property=\"og:site_name\" content=\"VISA CANADA\" \/>\n<meta property=\"article:modified_time\" content=\"2023-04-22T16:42:21+00:00\" \/>\n<meta name=\"twitter:card\" content=\"summary_large_image\" \/>\n<meta name=\"twitter:label1\" content=\"Estimeret l\u00e6setid\" \/>\n\t<meta name=\"twitter:data1\" content=\"5 minutter\" \/>\n<script type=\"application\/ld+json\" class=\"yoast-schema-graph\">{\"@context\":\"https:\/\/schema.org\",\"@graph\":[{\"@type\":\"WebPage\",\"@id\":\"https:\/\/ave-eta-canada.com\/da\/vaelg-eta-eller-esta-til-dit-ophold\/\",\"url\":\"https:\/\/ave-eta-canada.com\/da\/vaelg-eta-eller-esta-til-dit-ophold\/\",\"name\":\"eTA eller ESTA: Hvilken rejsetilladelse skal jeg v\u00e6lge?\",\"isPartOf\":{\"@id\":\"https:\/\/ave-eta-canada.com\/da\/#website\"},\"datePublished\":\"2023-04-18T14:41:36+00:00\",\"dateModified\":\"2023-04-22T16:42:21+00:00\",\"description\":\"For at rejse til det amerikanske kontinent er der to vigtige elektroniske rejsetilladelser: eTA og ESTA.\",\"breadcrumb\":{\"@id\":\"https:\/\/ave-eta-canada.com\/da\/vaelg-eta-eller-esta-til-dit-ophold\/#breadcrumb\"},\"inLanguage\":\"da-DK\",\"potentialAction\":[{\"@type\":\"ReadAction\",\"target\":[\"https:\/\/ave-eta-canada.com\/da\/vaelg-eta-eller-esta-til-dit-ophold\/\"]}]},{\"@type\":\"BreadcrumbList\",\"@id\":\"https:\/\/ave-eta-canada.com\/da\/vaelg-eta-eller-esta-til-dit-ophold\/#breadcrumb\",\"itemListElement\":[{\"@type\":\"ListItem\",\"position\":1,\"name\":\"Home\",\"item\":\"https:\/\/ave-eta-canada.com\/da\/\"},{\"@type\":\"ListItem\",\"position\":2,\"name\":\"eTA eller ESTA: Hvilken rejsetilladelse skal jeg v\u00e6lge?\"}]},{\"@type\":\"WebSite\",\"@id\":\"https:\/\/ave-eta-canada.com\/da\/#website\",\"url\":\"https:\/\/ave-eta-canada.com\/da\/\",\"name\":\"VISA CANADA\",\"description\":\"Autorisation Voyage Electronique\",\"potentialAction\":[{\"@type\":\"SearchAction\",\"target\":{\"@type\":\"EntryPoint\",\"urlTemplate\":\"https:\/\/ave-eta-canada.com\/da\/?s={search_term_string}\"},\"query-input\":{\"@type\":\"PropertyValueSpecification\",\"valueRequired\":true,\"valueName\":\"search_term_string\"}}],\"inLanguage\":\"da-DK\"}]}<\/script>\n<!-- \/ Yoast SEO plugin. -->","yoast_head_json":{"title":"eTA eller ESTA: Hvilken rejsetilladelse skal jeg v\u00e6lge?","description":"For at rejse til det amerikanske kontinent er der to vigtige elektroniske rejsetilladelser: eTA og ESTA.","robots":{"index":"index","follow":"follow","max-snippet":"max-snippet:-1","max-image-preview":"max-image-preview:large","max-video-preview":"max-video-preview:-1"},"canonical":"https:\/\/ave-eta-canada.com\/da\/vaelg-eta-eller-esta-til-dit-ophold\/","og_locale":"da_DK","og_type":"article","og_title":"eTA eller ESTA: Hvilken rejsetilladelse skal jeg v\u00e6lge?","og_description":"For at rejse til det amerikanske kontinent er der to vigtige elektroniske rejsetilladelser: eTA og ESTA.","og_url":"https:\/\/ave-eta-canada.com\/da\/vaelg-eta-eller-esta-til-dit-ophold\/","og_site_name":"VISA CANADA","article_modified_time":"2023-04-22T16:42:21+00:00","twitter_card":"summary_large_image","twitter_misc":{"Estimeret l\u00e6setid":"5 minutter"},"schema":{"@context":"https:\/\/schema.org","@graph":[{"@type":"WebPage","@id":"https:\/\/ave-eta-canada.com\/da\/vaelg-eta-eller-esta-til-dit-ophold\/","url":"https:\/\/ave-eta-canada.com\/da\/vaelg-eta-eller-esta-til-dit-ophold\/","name":"eTA eller ESTA: Hvilken rejsetilladelse skal jeg v\u00e6lge?","isPartOf":{"@id":"https:\/\/ave-eta-canada.com\/da\/#website"},"datePublished":"2023-04-18T14:41:36+00:00","dateModified":"2023-04-22T16:42:21+00:00","description":"For at rejse til det amerikanske kontinent er der to vigtige elektroniske rejsetilladelser: eTA og ESTA.","breadcrumb":{"@id":"https:\/\/ave-eta-canada.com\/da\/vaelg-eta-eller-esta-til-dit-ophold\/#breadcrumb"},"inLanguage":"da-DK","potentialAction":[{"@type":"ReadAction","target":["https:\/\/ave-eta-canada.com\/da\/vaelg-eta-eller-esta-til-dit-ophold\/"]}]},{"@type":"BreadcrumbList","@id":"https:\/\/ave-eta-canada.com\/da\/vaelg-eta-eller-esta-til-dit-ophold\/#breadcrumb","itemListElement":[{"@type":"ListItem","position":1,"name":"Home","item":"https:\/\/ave-eta-canada.com\/da\/"},{"@type":"ListItem","position":2,"name":"eTA eller ESTA: Hvilken rejsetilladelse skal jeg v\u00e6lge?"}]},{"@type":"WebSite","@id":"https:\/\/ave-eta-canada.com\/da\/#website","url":"https:\/\/ave-eta-canada.com\/da\/","name":"VISA CANADA","description":"Autorisation Voyage Electronique","potentialAction":[{"@type":"SearchAction","target":{"@type":"EntryPoint","urlTemplate":"https:\/\/ave-eta-canada.com\/da\/?s={search_term_string}"},"query-input":{"@type":"PropertyValueSpecification","valueRequired":true,"valueName":"search_term_string"}}],"inLanguage":"da-DK"}]}},"_links":{"self":[{"href":"https:\/\/ave-eta-canada.com\/da\/wp-json\/wp\/v2\/pages\/4130","targetHints":{"allow":["GET"]}}],"collection":[{"href":"https:\/\/ave-eta-canada.com\/da\/wp-json\/wp\/v2\/pages"}],"about":[{"href":"https:\/\/ave-eta-canada.com\/da\/wp-json\/wp\/v2\/types\/page"}],"author":[{"embeddable":true,"href":"https:\/\/ave-eta-canada.com\/da\/wp-json\/wp\/v2\/users\/1"}],"replies":[{"embeddable":true,"href":"https:\/\/ave-eta-canada.com\/da\/wp-json\/wp\/v2\/comments?post=4130"}],"version-history":[{"count":0,"href":"https:\/\/ave-eta-canada.com\/da\/wp-json\/wp\/v2\/pages\/4130\/revisions"}],"wp:attachment":[{"href":"https:\/\/ave-eta-canada.com\/da\/wp-json\/wp\/v2\/media?parent=4130"}],"curies":[{"name":"wp","href":"https:\/\/api.w.org\/{rel}","templated":true}]}}