{"id":4141,"date":"2023-04-18T14:41:38","date_gmt":"2023-04-18T14:41:38","guid":{"rendered":"https:\/\/ave-eta-canada.com\/hvordan-du-tjekker-status-for-din-ansoegning-i-canada\/"},"modified":"2023-04-23T17:01:15","modified_gmt":"2023-04-23T17:01:15","slug":"kontrollere-status-for-en-canada-eta","status":"publish","type":"page","link":"https:\/\/ave-eta-canada.com\/da\/kontrollere-status-for-en-canada-eta\/","title":{"rendered":"Hvordan tjekker du status for din eTA Canada-ans\u00f8gning?"},"content":{"rendered":"\n<h1 class=\"wp-block-heading\">Rejse til Canada: Tjek status for din eTA-ans\u00f8gning<\/h1>\n\n<p>Alle rejser til Canada kr\u00e6ver en rejsetilladelse. Hvis det er et l\u00e6ngerevarende ophold, skal du ans\u00f8ge om et visum. <\/p>\n\n<p><strong>For et ophold p\u00e5 under 6 m\u00e5neder i Canada<\/strong>: Du kan udfylde formaliteterne for indrejse i Canada direkte via internettet ved at klikke p\u00e5 <a href=\"https:\/\/ave-eta-canada.com\/da\/eta-canada-formular-online\/\">onlineformularen<\/a>. Det er ikke n\u00f8dvendigt at lave en aftale p\u00e5 den canadiske ambassade eller det canadiske konsulat.<\/p>\n\n<p>Nedenfor forklarer vi, hvordan du tjekker status for din rejsetilladelse, n\u00e5r du har ans\u00f8gt online.<br\/><\/p>\n\n<h2 class=\"wp-block-heading\">eTA-status: online-ans\u00f8gningsfasen<\/h2>\n\n<p>Den <a href=\"https:\/\/ave-eta-canada.com\/da\/\">elektroniske rejsetilladelse eTA<\/a>, giver dig ret til at opholde dig i Canada i 6 p\u00e5 hinanden f\u00f8lgende m\u00e5neder. I mods\u00e6tning til det canadiske visum kan denne rejsetilladelse kun f\u00e5s online. Det er relativt nemt at f\u00e5 den, idet den f\u00f8lger samme procedure som ans\u00f8gningen om en ESTA til USA, dvs. at man udfylder en online-formular.<\/p>\n\n<p><a href=\"https:\/\/ave-eta-canada.com\/da\/udfylde-eta-formular-for-canada\/\">eTA-formularen<\/a> er tilg\u00e6ngelig p\u00e5 mange websteder. Du kan enten udfylde det p\u00e5 den canadiske regerings officielle websted eller ans\u00f8ge via vores partnerwebsted.<\/p>\n\n<p>Hvis du allerede har et visum til Canada, en arbejdstilladelse eller endda et permanent opholdskort, beh\u00f8ver du ikke at ans\u00f8ge om et eTA.<\/p>\n\n<h3 class=\"wp-block-heading\">Udfyldelse af eTA Canada-formularen<\/h3>\n\n<p>N\u00e5r du udfylder <a href=\"https:\/\/ave-eta-canada.com\/da\/hvordan-man-udfylder-eta-for-at-rejse-i-canada\/\">onlineformularen<\/a>, bliver du bedt om at oplyse de vigtigste oplysninger i dit pas (navn, dato, f\u00f8dested, k\u00f8n, adresse, nationalitet, pasnummer osv.). N\u00e5r du har udfyldt dine personlige oplysninger, vises et kort sp\u00f8rgeskema. Derefter vil du blive stillet forskellige sp\u00f8rgsm\u00e5l om dit helbred, dit nuv\u00e6rende arbejde og din juridiske baggrund.<\/p>\n\n<p>Det sidste trin for at validere din eTA-fil er onlinebetalingen. Du skal blot medbringe dit kreditkort (Visa, MasterCard eller American Express) og indtaste dine bankoplysninger for at f\u00e5 denne formalitet.<br\/><br\/><\/p>\n\n<h2 class=\"wp-block-heading\">De forskellige eTA-ans\u00f8gningsstatusser<\/h2>\n\n<p>N\u00e5r du har betalt <a href=\"https:\/\/ave-eta-canada.com\/da\/eta-canada-dens-pris\/\">eTA-gebyret<\/a>, skal du modtage en e-mail fra de canadiske myndigheder med besked om, at din ans\u00f8gning er modtaget, og at din sag er ved at blive gennemg\u00e5et.<\/p>\n\n<p>De svar, der indtastes i onlineformularen, analyseres af IRCC (Immigration, Refugees and Citizenship Canada). Dette regeringsorgan vil derfor gennemg\u00e5 hver enkelt ans\u00f8gning om eTA for at sikre, at de enkelte statsborgere ikke udg\u00f8r en trussel mod landets indre sikkerhed. Efter denne analyse kan din eTA-ans\u00f8gning have tre tilstande: &#8220;ans\u00f8gning godkendt&#8221;, &#8220;ans\u00f8gning under behandling&#8221; eller &#8220;ans\u00f8gning afvist&#8221;.<\/p>\n\n<h3 class=\"wp-block-heading\">Status: eTA Canada afventer<\/h3>\n\n<p>De fleste anmodninger resulterer i en godkendelse af eTA-ans\u00f8gningen f\u00e5 minutter efter, at filen er blevet sendt. Det kan dog ske, at anmodningen kr\u00e6ver l\u00e6ngere tid. Hvis status for din eTA-ans\u00f8gning er afventende, vil du modtage en e-mail fra IRCC inden for f\u00e5 timer eller dage. Du kan f.eks. blive bedt om at freml\u00e6gge visse bilag eller yderligere oplysninger.<\/p>\n\n<p>Status for eTA-ans\u00f8gningen kan f\u00f8lges ved hj\u00e6lp af det verificeringsv\u00e6rkt\u00f8j, som Canadas regering har stillet til r\u00e5dighed. For at g\u00f8re dette skal du bruge :<\/p>\n\n<ul class=\"wp-block-list\"><li>dit eTA-ans\u00f8gningsnummer, som du f\u00e5r tilsendt pr. e-mail;<\/li><li>visse oplysninger fra det pas, som du ans\u00f8gte med (udstedelsesland, pasnummer, udstedelsesdato og udl\u00f8bsdato).<\/li><\/ul>\n\n<p>Bem\u00e6rk, at dette v\u00e6rkt\u00f8j ogs\u00e5 er nyttigt, hvis du allerede har en midlertidig rejsetilladelse, men \u00f8nsker at <a>hente din eTA<\/a> for at konsultere din fil.<\/p>\n\n<h3 class=\"wp-block-heading\">Status: eTA Canada godkendt<\/h3>\n\n<p>N\u00e5r din eTA Canada-ans\u00f8gning f\u00e5r status &#8220;godkendt&#8221;, modtager du dit eTA-nummer via e-mail sammen med udl\u00f8bsdatoen og det pasnummer, der er tildelt rejsetilladelsen.<\/p>\n\n<p>Med en eTA kan du rejse til Canada og opholde dig i mindre end seks m\u00e5neder i ahornlandet. eTA&#8217;s gyldighedsperiode er 5 \u00e5r, hvilket betyder, at du kan bes\u00f8ge Canada s\u00e5 mange gange du vil i denne periode, s\u00e5 l\u00e6nge du overholder den maksimale opholdsl\u00e6ngde (h\u00f8jst 6 m\u00e5neder) og har et gyldigt pas.<\/p>\n\n<p>Bem\u00e6rk venligst, at en &#8220;godkendt&#8221;eTA Canada-status ikke n\u00f8dvendigvis betyder, at du har lov til at rejse ind i Canada, men kun at du har tilladelse til at rejse til Canada med fly. N\u00e5r du ankommer til gr\u00e6nsen, vil du blive kontrolleret af en gr\u00e6nsebetjent, som er den eneste person, der kan bekr\u00e6fte din indrejse i Canada.<\/p>\n\n<h3 class=\"wp-block-heading\">Status : eTA Canada afvist<\/h3>\n\n<p>Det er sj\u00e6ldent, at den canadiske stat afviser ans\u00f8gninger om midlertidig opholdstilladelse. Hvis du efter at have kontrolleret status for din eTA Canada finder ud af, at din ans\u00f8gning er blevet afvist, skal du f\u00f8rst kontrollere, at det ikke skyldes en forglemmelse i forbindelse med udfyldelsen af onlineformularen. Da de fleste af oplysningerne ikke kan \u00e6ndres, efter at ans\u00f8gningen er indsendt, skal du ans\u00f8ge igen online og betale de n\u00f8dvendige gebyrer igen.<\/p>\n\n<p>For at s\u00e6tte alle chancer p\u00e5 din side for at opn\u00e5 eTA-status &#8220;godkendt&#8221; og rejse til Canada med ro i sindet, foresl\u00e5r vi, at du ans\u00f8ger via vores partnerwebsted. Deres teams af fagfolk vil kontrollere din fil i alle henseender og om n\u00f8dvendigt rette eventuelle fejl eller udeladelser.<\/p>\n\n<p>Hvis der ikke vises nogen fejl, er det sandsynligt, at du ikke opfylder et af <a href=\"https:\/\/ave-eta-canada.com\/da\/eta-krav-for-at-rejse-til-canada\/\">eTA&#8217;s betingelser for st\u00f8tteberettigelse<\/a>. Her er de forskellige punkter, der skal overholdes for at f\u00e5 status som &#8220;godkendt&#8221; eTA:<\/p>\n\n<ul class=\"wp-block-list\"><li>v\u00e6re statsborger i et land, der er omfattet af visumfritagelse (franske statsborgere er omfattet);<\/li><li>Rejser til Canada i forbindelse med turisme eller forretning;<\/li><li>ikke at blive i mere end seks m\u00e5neder; <\/li><li>have et gyldigt biometrisk eller elektronisk pas.<\/li><\/ul>\n\n<p>Som du kan se, kan eTA ikke g\u00e6lde for dig, hvis du \u00f8nsker at studere, tage en praktikplads eller arbejde i Canada. Du skal derefter g\u00e5 til den canadiske ambassade og <a href=\"https:\/\/ave-eta-canada.com\/da\/pvt-canada-hvordan-man-far-sin-arbejdstilladelse-til-ferie\/\">ans\u00f8ge om et visum eller PVT<\/a> (dette kan ogs\u00e5 g\u00f8res p\u00e5 konsulatet).<\/p>\n","protected":false},"excerpt":{"rendered":"<p>Rejse til Canada: Tjek status for din eTA-ans\u00f8gning Alle rejser til Canada kr\u00e6ver en rejsetilladelse. Hvis det er et l\u00e6ngerevarende ophold, skal du ans\u00f8ge om et visum. For et ophold p\u00e5 under 6 m\u00e5neder i Canada: Du kan udfylde formaliteterne for indrejse i Canada direkte via internettet ved at klikke p\u00e5 onlineformularen. Det er ikke [&hellip;]<\/p>\n","protected":false},"author":1,"featured_media":0,"parent":0,"menu_order":0,"comment_status":"closed","ping_status":"closed","template":"","meta":{"footnotes":""},"class_list":["post-4141","page","type-page","status-publish","hentry"],"yoast_head":"<!-- This site is optimized with the Yoast SEO plugin v26.9 - https:\/\/yoast.com\/product\/yoast-seo-wordpress\/ -->\n<title>Hvordan tjekker du status for din eTA Canada-ans\u00f8gning?<\/title>\n<meta name=\"description\" content=\"For at ans\u00f8ge om en eTA skal du udfylde en online-formular. N\u00e5r sp\u00f8rgeskemaet er indsendt, tildeler den canadiske regering en status til din eTA-ans\u00f8gning.\" \/>\n<meta name=\"robots\" content=\"index, follow, max-snippet:-1, max-image-preview:large, max-video-preview:-1\" \/>\n<link rel=\"canonical\" href=\"https:\/\/ave-eta-canada.com\/da\/kontrollere-status-for-en-canada-eta\/\" \/>\n<meta property=\"og:locale\" content=\"da_DK\" \/>\n<meta property=\"og:type\" content=\"article\" \/>\n<meta property=\"og:title\" content=\"Hvordan tjekker du status for din eTA Canada-ans\u00f8gning?\" \/>\n<meta property=\"og:description\" content=\"For at ans\u00f8ge om en eTA skal du udfylde en online-formular. N\u00e5r sp\u00f8rgeskemaet er indsendt, tildeler den canadiske regering en status til din eTA-ans\u00f8gning.\" \/>\n<meta property=\"og:url\" content=\"https:\/\/ave-eta-canada.com\/da\/kontrollere-status-for-en-canada-eta\/\" \/>\n<meta property=\"og:site_name\" content=\"VISA CANADA\" \/>\n<meta property=\"article:modified_time\" content=\"2023-04-23T17:01:15+00:00\" \/>\n<meta name=\"twitter:card\" content=\"summary_large_image\" \/>\n<meta name=\"twitter:label1\" content=\"Estimeret l\u00e6setid\" \/>\n\t<meta name=\"twitter:data1\" content=\"5 minutter\" \/>\n<script type=\"application\/ld+json\" class=\"yoast-schema-graph\">{\"@context\":\"https:\/\/schema.org\",\"@graph\":[{\"@type\":\"WebPage\",\"@id\":\"https:\/\/ave-eta-canada.com\/da\/kontrollere-status-for-en-canada-eta\/\",\"url\":\"https:\/\/ave-eta-canada.com\/da\/kontrollere-status-for-en-canada-eta\/\",\"name\":\"Hvordan tjekker du status for din eTA Canada-ans\u00f8gning?\",\"isPartOf\":{\"@id\":\"https:\/\/ave-eta-canada.com\/da\/#website\"},\"datePublished\":\"2023-04-18T14:41:38+00:00\",\"dateModified\":\"2023-04-23T17:01:15+00:00\",\"description\":\"For at ans\u00f8ge om en eTA skal du udfylde en online-formular. N\u00e5r sp\u00f8rgeskemaet er indsendt, tildeler den canadiske regering en status til din eTA-ans\u00f8gning.\",\"breadcrumb\":{\"@id\":\"https:\/\/ave-eta-canada.com\/da\/kontrollere-status-for-en-canada-eta\/#breadcrumb\"},\"inLanguage\":\"da-DK\",\"potentialAction\":[{\"@type\":\"ReadAction\",\"target\":[\"https:\/\/ave-eta-canada.com\/da\/kontrollere-status-for-en-canada-eta\/\"]}]},{\"@type\":\"BreadcrumbList\",\"@id\":\"https:\/\/ave-eta-canada.com\/da\/kontrollere-status-for-en-canada-eta\/#breadcrumb\",\"itemListElement\":[{\"@type\":\"ListItem\",\"position\":1,\"name\":\"Home\",\"item\":\"https:\/\/ave-eta-canada.com\/da\/\"},{\"@type\":\"ListItem\",\"position\":2,\"name\":\"Hvordan tjekker du status for din eTA Canada-ans\u00f8gning?\"}]},{\"@type\":\"WebSite\",\"@id\":\"https:\/\/ave-eta-canada.com\/da\/#website\",\"url\":\"https:\/\/ave-eta-canada.com\/da\/\",\"name\":\"VISA CANADA\",\"description\":\"Autorisation Voyage Electronique\",\"potentialAction\":[{\"@type\":\"SearchAction\",\"target\":{\"@type\":\"EntryPoint\",\"urlTemplate\":\"https:\/\/ave-eta-canada.com\/da\/?s={search_term_string}\"},\"query-input\":{\"@type\":\"PropertyValueSpecification\",\"valueRequired\":true,\"valueName\":\"search_term_string\"}}],\"inLanguage\":\"da-DK\"}]}<\/script>\n<!-- \/ Yoast SEO plugin. -->","yoast_head_json":{"title":"Hvordan tjekker du status for din eTA Canada-ans\u00f8gning?","description":"For at ans\u00f8ge om en eTA skal du udfylde en online-formular. N\u00e5r sp\u00f8rgeskemaet er indsendt, tildeler den canadiske regering en status til din eTA-ans\u00f8gning.","robots":{"index":"index","follow":"follow","max-snippet":"max-snippet:-1","max-image-preview":"max-image-preview:large","max-video-preview":"max-video-preview:-1"},"canonical":"https:\/\/ave-eta-canada.com\/da\/kontrollere-status-for-en-canada-eta\/","og_locale":"da_DK","og_type":"article","og_title":"Hvordan tjekker du status for din eTA Canada-ans\u00f8gning?","og_description":"For at ans\u00f8ge om en eTA skal du udfylde en online-formular. N\u00e5r sp\u00f8rgeskemaet er indsendt, tildeler den canadiske regering en status til din eTA-ans\u00f8gning.","og_url":"https:\/\/ave-eta-canada.com\/da\/kontrollere-status-for-en-canada-eta\/","og_site_name":"VISA CANADA","article_modified_time":"2023-04-23T17:01:15+00:00","twitter_card":"summary_large_image","twitter_misc":{"Estimeret l\u00e6setid":"5 minutter"},"schema":{"@context":"https:\/\/schema.org","@graph":[{"@type":"WebPage","@id":"https:\/\/ave-eta-canada.com\/da\/kontrollere-status-for-en-canada-eta\/","url":"https:\/\/ave-eta-canada.com\/da\/kontrollere-status-for-en-canada-eta\/","name":"Hvordan tjekker du status for din eTA Canada-ans\u00f8gning?","isPartOf":{"@id":"https:\/\/ave-eta-canada.com\/da\/#website"},"datePublished":"2023-04-18T14:41:38+00:00","dateModified":"2023-04-23T17:01:15+00:00","description":"For at ans\u00f8ge om en eTA skal du udfylde en online-formular. N\u00e5r sp\u00f8rgeskemaet er indsendt, tildeler den canadiske regering en status til din eTA-ans\u00f8gning.","breadcrumb":{"@id":"https:\/\/ave-eta-canada.com\/da\/kontrollere-status-for-en-canada-eta\/#breadcrumb"},"inLanguage":"da-DK","potentialAction":[{"@type":"ReadAction","target":["https:\/\/ave-eta-canada.com\/da\/kontrollere-status-for-en-canada-eta\/"]}]},{"@type":"BreadcrumbList","@id":"https:\/\/ave-eta-canada.com\/da\/kontrollere-status-for-en-canada-eta\/#breadcrumb","itemListElement":[{"@type":"ListItem","position":1,"name":"Home","item":"https:\/\/ave-eta-canada.com\/da\/"},{"@type":"ListItem","position":2,"name":"Hvordan tjekker du status for din eTA Canada-ans\u00f8gning?"}]},{"@type":"WebSite","@id":"https:\/\/ave-eta-canada.com\/da\/#website","url":"https:\/\/ave-eta-canada.com\/da\/","name":"VISA CANADA","description":"Autorisation Voyage Electronique","potentialAction":[{"@type":"SearchAction","target":{"@type":"EntryPoint","urlTemplate":"https:\/\/ave-eta-canada.com\/da\/?s={search_term_string}"},"query-input":{"@type":"PropertyValueSpecification","valueRequired":true,"valueName":"search_term_string"}}],"inLanguage":"da-DK"}]}},"_links":{"self":[{"href":"https:\/\/ave-eta-canada.com\/da\/wp-json\/wp\/v2\/pages\/4141","targetHints":{"allow":["GET"]}}],"collection":[{"href":"https:\/\/ave-eta-canada.com\/da\/wp-json\/wp\/v2\/pages"}],"about":[{"href":"https:\/\/ave-eta-canada.com\/da\/wp-json\/wp\/v2\/types\/page"}],"author":[{"embeddable":true,"href":"https:\/\/ave-eta-canada.com\/da\/wp-json\/wp\/v2\/users\/1"}],"replies":[{"embeddable":true,"href":"https:\/\/ave-eta-canada.com\/da\/wp-json\/wp\/v2\/comments?post=4141"}],"version-history":[{"count":0,"href":"https:\/\/ave-eta-canada.com\/da\/wp-json\/wp\/v2\/pages\/4141\/revisions"}],"wp:attachment":[{"href":"https:\/\/ave-eta-canada.com\/da\/wp-json\/wp\/v2\/media?parent=4141"}],"curies":[{"name":"wp","href":"https:\/\/api.w.org\/{rel}","templated":true}]}}