{"id":4145,"date":"2023-04-18T14:41:39","date_gmt":"2023-04-18T14:41:39","guid":{"rendered":"https:\/\/ave-eta-canada.com\/a-visa-er-det-essentielt-at-komme-til-kanada\/"},"modified":"2023-04-23T20:37:26","modified_gmt":"2023-04-23T20:37:26","slug":"har-du-brug-for-et-visum-for-at-rejse-til-canada","status":"publish","type":"page","link":"https:\/\/ave-eta-canada.com\/da\/har-du-brug-for-et-visum-for-at-rejse-til-canada\/","title":{"rendered":"Er det n\u00f8dvendigt med et visum for at rejse til Canada?"},"content":{"rendered":"\n<h1 class=\"wp-block-heading\">Er det n\u00f8dvendigt med et visum for at rejse ind i Canada?<\/h1>\n\n<p>Uanset om du bes\u00f8ger Canada i forbindelse med turisme, forretning eller endog p\u00e5 gennemrejse, kr\u00e6ver den canadiske regering systematisk en rejsetilladelse for at komme ind i landet. <\/p>\n\n<p><strong>For et ophold p\u00e5 under 6 m\u00e5neder i Canada<\/strong>: Du kan udfylde formaliteterne for indrejse i Canada direkte via internettet ved at klikke p\u00e5 <a href=\"https:\/\/ave-eta-canada.com\/da\/eta-canada-formular-online\/\">onlineformularen<\/a>. Det er ikke n\u00f8dvendigt at lave en aftale p\u00e5 den canadiske ambassade eller det canadiske konsulat.<\/p>\n\n<p>Det er derfor ikke n\u00f8dvendigt at ans\u00f8ge om et visum til Canada, det er tilstr\u00e6kkeligt med en rejsetilladelse: den elektroniske rejsetilladelse (eTA). I denne artikel kan du finde ud af, hvorn\u00e5r du slipper for de tidskr\u00e6vende og dyre formaliteter for at f\u00e5 et visum til Canada. <\/p>\n\n<h2 class=\"wp-block-heading\"><br\/>eTA Canada: et alternativ til et visum<\/h2>\n\n<p>Den <a href=\"https:\/\/ave-eta-canada.com\/da\/\">elektroniske rejsetilladelse<\/a> eller <a href=\"https:\/\/ave-eta-canada.com\/da\/praesentation-af-eta-canada\/\">eTA Canada<\/a>tr\u00e5dte i kraft i 2016. Det fungerer p\u00e5 samme m\u00e5de som ESTA til USA, dvs. at det kun kan f\u00e5s online og giver mulighed for visumfri rejse.<\/p>\n\n<h3 class=\"wp-block-heading\">Hvad er forskellene mellem Canada-visum og eTA?<\/h3>\n\n<p>eTA er ikke beregnet til at erstatte det canadiske visum, da de to rejsedokumenter ikke er beregnet til de samme personer og udstedes p\u00e5 forskellige opholdsbetingelser. I praksis g\u00e6lder eTA kun i tilf\u00e6lde af et kortvarigt ophold p\u00e5 canadisk jord. Den <a href=\"https:\/\/ave-eta-canada.com\/da\/vaelg-eta-eller-esta-til-dit-ophold\/\">maksimale varighed af en rejse til Canada<\/a> med en eTA er s\u00e5ledes 6 m\u00e5neder. Hvis opholdet varer mere end en dag, skal der ans\u00f8ges om visum p\u00e5 den canadiske ambassade.<\/p>\n\n<p>Ud over rejsens l\u00e6ngde er form\u00e5let med opholdet vigtigt for at afg\u00f8re, om du skal rejse med et eTA eller et Canadavisum. IRCC (Immigration, Refugees and Citizenship Canada), som er den canadiske myndighed, der er ansvarlig for udstedelse af eTA&#8217;er, har defineret meget specifikke tilf\u00e6lde for at opn\u00e5 denne rejsetilladelse. eTA finder s\u00e5ledes kun anvendelse i f\u00f8lgende tilf\u00e6lde:<\/p>\n\n<ul class=\"wp-block-list\"><li>turistrejse ;<\/li><li>forretningsrejser (deltagelse i en konference, bes\u00f8g hos en kunde, underskrivelse af en kontrakt osv.) Hvis dit m\u00e5l er at studere i Canada, arbejde eller endda tage et praktikophold, skal du have et visum;<\/li><li>transit til et andet land.<\/li><\/ul>\n\n<p>Det er ogs\u00e5 meget vigtigt, hvordan du kommer ind i Canada. eTA giver kun mulighed for at rejse til Canada med fly. I tilf\u00e6lde af ankomst ad land- eller s\u00f8vej er det kun visummet der er tilladt.<\/p>\n\n<p>Endelig er nationaliteten ogs\u00e5 afg\u00f8rende for valget af rejsetilladelse. Alle udl\u00e6ndinge, der kommer fra et land, der er fritaget for visumpligt, kan f\u00e5 en midlertidig opholdstilladelse. Canadas visumfritagelse g\u00e6lder for alle EU-borgere samt for Australien, New Zealand og Japan. Hvis du ikke er statsborger i et visumfritaget land, skal du ans\u00f8ge om et Canada TRV (midlertidigt visum til midlertidigt bosiddende) fra den canadiske ambassade.<\/p>\n\n<h3 class=\"wp-block-heading\">Ans\u00f8gning om en eTA<\/h3>\n\n<p>Hvis du er sikker p\u00e5, at du opfylder de ovenn\u00e6vnte krav, kan du g\u00e5 videre til n\u00e6ste trin: at udfylde online-formularen.<\/p>\n\n<p>Form\u00e5let med denne formular er at bekr\u00e6fte, at du ikke er en fare for landets indre sikkerhed, og at du ikke \u00f8nsker at indvandre til Canada.<\/p>\n\n<p>Ans\u00f8gningen om et eTA er udelukkende online. Du kan f\u00e5 adgang til formularen p\u00e5 den canadiske forbundsregerings officielle websted eller via vores partnerwebsted. Hvis du v\u00e6lger denne anden mulighed, vil du f\u00e5 personlig st\u00f8tte til at hj\u00e6lpe dig i denne proces.<\/p>\n\n<p>Der er altid et gebyr for at ans\u00f8ge om en eTA, men prisen er meget lavere end for et visum.<\/p>\n\n<h2 class=\"wp-block-heading\">Arbejde i Canada: umuligt uden arbejdstilladelse<\/h2>\n\n<p>Hvis du har planer om at arbejde midlertidigt i Canada, skal du ans\u00f8ge om en arbejdstilladelse.<\/p>\n\n<p>Bem\u00e6rk, at hvis du planl\u00e6gger at tage et praktikophold i Canada, skal du ogs\u00e5 ans\u00f8ge om en arbejdstilladelse. Canadas regering skelner faktisk ikke mellem traditionelle job og praktikophold. Sidstn\u00e6vnte betragtes som fuldgyldige job, uanset praktikperiodens varighed og afl\u00f8nning.<\/p>\n\n<p><a href=\"https:\/\/ave-eta-canada.com\/da\/pvt-canada-hvordan-man-far-sin-arbejdstilladelse-til-ferie\/\">Ans\u00f8gningen om arbejdstilladelse<\/a> kan indgives via en papirformular eller ganske enkelt online. Hvis du v\u00e6lger den anden mulighed, skal du blot g\u00e5 ind p\u00e5 den officielle canadiske regerings hjemmeside og give f\u00f8lgende oplysninger:<\/p>\n\n<ul class=\"wp-block-list\"><li>personlige oplysninger om civilstand ;<\/li><li>et jobtilbud fra din arbejdsgiver;<\/li><li>dokumentation, der viser, at dine kvalifikationer er tilstr\u00e6kkelige til at opfylde kravene til jobbet (eksamensbevis, certifikat fra din tidligere arbejdsgiver osv.).<\/li><\/ul>\n\n<p>Du vil ogs\u00e5 blive bedt om at oplyse dine biometriske data (fingeraftryk og pasfoto). Du skal medbringe dit kreditkort for at gennemf\u00f8re denne formalitet. Du skal betale nogle behandlingsgebyrer.<\/p>\n\n<p>Bem\u00e6rk, at hvis du ikke er fra et visumfritaget land, skal du samtidig ans\u00f8ge om et visum til midlertidigt ophold.<\/p>\n\n<h2 class=\"wp-block-heading\"><br\/>Canada visum: WHP<\/h2>\n\n<p>Working Holiday Permit (WHP) Canada, ogs\u00e5 kendt som et working holiday-visum, blev indf\u00f8rt som en del af International Experience Canada-programmet (IEC). Form\u00e5let er at fremme udvekslinger af unge mellem Canada og 32 partnerlande (franske statsborgere kan deltage i denne ordning).<\/p>\n\n<p>WHP Canada er en arbejdstilladelse, der giver dig mulighed for at blive i Canada i op til 24 m\u00e5neder. Dens st\u00f8rste fordel er den frihed og fleksibilitet, den giver. Det kr\u00e6ver nemlig ikke, at man skal finde en arbejdsgiver inden afrejse, og det er muligt at skifte virksomhed s\u00e5 mange gange som \u00f8nsket i l\u00f8bet af gyldighedsperioden og i hele landet (Toronto, Ottawa, Vancouver, Quebec&#8230;). Som navnet antyder, giver det dig desuden mulighed for at opholde dig i Canada ogs\u00e5 med henblik p\u00e5 turisme: Du kan frit arbejde og bes\u00f8ge Canada, som du vil.<\/p>\n\n<p>Som enhver rejsetilladelse er WHP underlagt nogle f\u00e5 krav. Her er de vigtigste punkter, der skal overholdes for at v\u00e6re berettiget til WHP Canada:<\/p>\n\n<ul class=\"wp-block-list\"><li>Have et gyldigt pas (biometrisk eller elektronisk pas);<\/li><li>v\u00e6re mellem 18 og 35 \u00e5r;<\/li><li>have mindst 2.500 C$ til at d\u00e6kke de indledende udgifter;<\/li><li>tegne en rejseforsikring;<\/li><li>v\u00e6re i besiddelse af en returbillet eller bevise, at du har tilstr\u00e6kkelige \u00f8konomiske midler til at k\u00f8be en returbillet ved opholdets afslutning;<\/li><li>v\u00e6re tilladt i Canada, dvs. ikke udg\u00f8re en risiko for den canadiske indre sikkerhed (eller sundhedssikkerhed).<\/li><\/ul>\n\n<p>Ligesom for eTA skal onlineans\u00f8gningen om en WHP Canada foretages p\u00e5 den canadiske regerings websted via Canada Immigration Service.<\/p>\n\n<p>Bem\u00e6rk venligst, at den <a href=\"https:\/\/www.canada.ca\/\">canadiske regering<\/a> p\u00e5 grund af den stigende popularitet af WHP har indf\u00f8rt et kvotesystem for hvert land. Din WHP-ans\u00f8gning vil derfor blive genstand for en tilf\u00e6ldig lodtr\u00e6kning. Det afh\u00e6nger derfor i h\u00f8j grad af held, om man opn\u00e5r et WHP.<\/p>\n\n<p>V\u00e6r opm\u00e6rksom p\u00e5, at de forskellige rejsedokumenter, der er n\u00e6vnt ovenfor, ikke er indvandringsdokumenter. Hvis dit m\u00e5l er at immigrere og bo i Canada p\u00e5 lang sigt, skal du <a href=\"https:\/\/ave-eta-canada.com\/da\/visum-eller-eta-canada\/\">ans\u00f8ge om et permanent opholdskort<\/a>, hvilket er meget sv\u00e6rere at f\u00e5.<\/p>\n","protected":false},"excerpt":{"rendered":"<p>Er det n\u00f8dvendigt med et visum for at rejse ind i Canada? Uanset om du bes\u00f8ger Canada i forbindelse med turisme, forretning eller endog p\u00e5 gennemrejse, kr\u00e6ver den canadiske regering systematisk en rejsetilladelse for at komme ind i landet. For et ophold p\u00e5 under 6 m\u00e5neder i Canada: Du kan udfylde formaliteterne for indrejse i [&hellip;]<\/p>\n","protected":false},"author":1,"featured_media":0,"parent":0,"menu_order":0,"comment_status":"closed","ping_status":"closed","template":"","meta":{"footnotes":""},"class_list":["post-4145","page","type-page","status-publish","hentry"],"yoast_head":"<!-- This site is optimized with the Yoast SEO plugin v26.9 - https:\/\/yoast.com\/product\/yoast-seo-wordpress\/ -->\n<title>Er det n\u00f8dvendigt med et visum for at rejse til Canada?<\/title>\n<meta name=\"description\" content=\"Nogle gange er det muligt at opn\u00e5 visumfritagelse for rejser til Canada. I denne artikel kan du l\u00e6se om, hvordan du kan opholde dig i ahornlandet uden visum.\" \/>\n<meta name=\"robots\" content=\"index, follow, max-snippet:-1, max-image-preview:large, max-video-preview:-1\" \/>\n<link rel=\"canonical\" href=\"https:\/\/ave-eta-canada.com\/da\/har-du-brug-for-et-visum-for-at-rejse-til-canada\/\" \/>\n<meta property=\"og:locale\" content=\"da_DK\" \/>\n<meta property=\"og:type\" content=\"article\" \/>\n<meta property=\"og:title\" content=\"Er det n\u00f8dvendigt med et visum for at rejse til Canada?\" \/>\n<meta property=\"og:description\" content=\"Nogle gange er det muligt at opn\u00e5 visumfritagelse for rejser til Canada. I denne artikel kan du l\u00e6se om, hvordan du kan opholde dig i ahornlandet uden visum.\" \/>\n<meta property=\"og:url\" content=\"https:\/\/ave-eta-canada.com\/da\/har-du-brug-for-et-visum-for-at-rejse-til-canada\/\" \/>\n<meta property=\"og:site_name\" content=\"VISA CANADA\" \/>\n<meta property=\"article:modified_time\" content=\"2023-04-23T20:37:26+00:00\" \/>\n<meta name=\"twitter:card\" content=\"summary_large_image\" \/>\n<meta name=\"twitter:label1\" content=\"Estimeret l\u00e6setid\" \/>\n\t<meta name=\"twitter:data1\" content=\"6 minutter\" \/>\n<script type=\"application\/ld+json\" class=\"yoast-schema-graph\">{\"@context\":\"https:\/\/schema.org\",\"@graph\":[{\"@type\":\"WebPage\",\"@id\":\"https:\/\/ave-eta-canada.com\/da\/har-du-brug-for-et-visum-for-at-rejse-til-canada\/\",\"url\":\"https:\/\/ave-eta-canada.com\/da\/har-du-brug-for-et-visum-for-at-rejse-til-canada\/\",\"name\":\"Er det n\u00f8dvendigt med et visum for at rejse til Canada?\",\"isPartOf\":{\"@id\":\"https:\/\/ave-eta-canada.com\/da\/#website\"},\"datePublished\":\"2023-04-18T14:41:39+00:00\",\"dateModified\":\"2023-04-23T20:37:26+00:00\",\"description\":\"Nogle gange er det muligt at opn\u00e5 visumfritagelse for rejser til Canada. I denne artikel kan du l\u00e6se om, hvordan du kan opholde dig i ahornlandet uden visum.\",\"breadcrumb\":{\"@id\":\"https:\/\/ave-eta-canada.com\/da\/har-du-brug-for-et-visum-for-at-rejse-til-canada\/#breadcrumb\"},\"inLanguage\":\"da-DK\",\"potentialAction\":[{\"@type\":\"ReadAction\",\"target\":[\"https:\/\/ave-eta-canada.com\/da\/har-du-brug-for-et-visum-for-at-rejse-til-canada\/\"]}]},{\"@type\":\"BreadcrumbList\",\"@id\":\"https:\/\/ave-eta-canada.com\/da\/har-du-brug-for-et-visum-for-at-rejse-til-canada\/#breadcrumb\",\"itemListElement\":[{\"@type\":\"ListItem\",\"position\":1,\"name\":\"Home\",\"item\":\"https:\/\/ave-eta-canada.com\/da\/\"},{\"@type\":\"ListItem\",\"position\":2,\"name\":\"Er det n\u00f8dvendigt med et visum for at rejse til Canada?\"}]},{\"@type\":\"WebSite\",\"@id\":\"https:\/\/ave-eta-canada.com\/da\/#website\",\"url\":\"https:\/\/ave-eta-canada.com\/da\/\",\"name\":\"VISA CANADA\",\"description\":\"Autorisation Voyage Electronique\",\"potentialAction\":[{\"@type\":\"SearchAction\",\"target\":{\"@type\":\"EntryPoint\",\"urlTemplate\":\"https:\/\/ave-eta-canada.com\/da\/?s={search_term_string}\"},\"query-input\":{\"@type\":\"PropertyValueSpecification\",\"valueRequired\":true,\"valueName\":\"search_term_string\"}}],\"inLanguage\":\"da-DK\"}]}<\/script>\n<!-- \/ Yoast SEO plugin. -->","yoast_head_json":{"title":"Er det n\u00f8dvendigt med et visum for at rejse til Canada?","description":"Nogle gange er det muligt at opn\u00e5 visumfritagelse for rejser til Canada. I denne artikel kan du l\u00e6se om, hvordan du kan opholde dig i ahornlandet uden visum.","robots":{"index":"index","follow":"follow","max-snippet":"max-snippet:-1","max-image-preview":"max-image-preview:large","max-video-preview":"max-video-preview:-1"},"canonical":"https:\/\/ave-eta-canada.com\/da\/har-du-brug-for-et-visum-for-at-rejse-til-canada\/","og_locale":"da_DK","og_type":"article","og_title":"Er det n\u00f8dvendigt med et visum for at rejse til Canada?","og_description":"Nogle gange er det muligt at opn\u00e5 visumfritagelse for rejser til Canada. I denne artikel kan du l\u00e6se om, hvordan du kan opholde dig i ahornlandet uden visum.","og_url":"https:\/\/ave-eta-canada.com\/da\/har-du-brug-for-et-visum-for-at-rejse-til-canada\/","og_site_name":"VISA CANADA","article_modified_time":"2023-04-23T20:37:26+00:00","twitter_card":"summary_large_image","twitter_misc":{"Estimeret l\u00e6setid":"6 minutter"},"schema":{"@context":"https:\/\/schema.org","@graph":[{"@type":"WebPage","@id":"https:\/\/ave-eta-canada.com\/da\/har-du-brug-for-et-visum-for-at-rejse-til-canada\/","url":"https:\/\/ave-eta-canada.com\/da\/har-du-brug-for-et-visum-for-at-rejse-til-canada\/","name":"Er det n\u00f8dvendigt med et visum for at rejse til Canada?","isPartOf":{"@id":"https:\/\/ave-eta-canada.com\/da\/#website"},"datePublished":"2023-04-18T14:41:39+00:00","dateModified":"2023-04-23T20:37:26+00:00","description":"Nogle gange er det muligt at opn\u00e5 visumfritagelse for rejser til Canada. I denne artikel kan du l\u00e6se om, hvordan du kan opholde dig i ahornlandet uden visum.","breadcrumb":{"@id":"https:\/\/ave-eta-canada.com\/da\/har-du-brug-for-et-visum-for-at-rejse-til-canada\/#breadcrumb"},"inLanguage":"da-DK","potentialAction":[{"@type":"ReadAction","target":["https:\/\/ave-eta-canada.com\/da\/har-du-brug-for-et-visum-for-at-rejse-til-canada\/"]}]},{"@type":"BreadcrumbList","@id":"https:\/\/ave-eta-canada.com\/da\/har-du-brug-for-et-visum-for-at-rejse-til-canada\/#breadcrumb","itemListElement":[{"@type":"ListItem","position":1,"name":"Home","item":"https:\/\/ave-eta-canada.com\/da\/"},{"@type":"ListItem","position":2,"name":"Er det n\u00f8dvendigt med et visum for at rejse til Canada?"}]},{"@type":"WebSite","@id":"https:\/\/ave-eta-canada.com\/da\/#website","url":"https:\/\/ave-eta-canada.com\/da\/","name":"VISA CANADA","description":"Autorisation Voyage Electronique","potentialAction":[{"@type":"SearchAction","target":{"@type":"EntryPoint","urlTemplate":"https:\/\/ave-eta-canada.com\/da\/?s={search_term_string}"},"query-input":{"@type":"PropertyValueSpecification","valueRequired":true,"valueName":"search_term_string"}}],"inLanguage":"da-DK"}]}},"_links":{"self":[{"href":"https:\/\/ave-eta-canada.com\/da\/wp-json\/wp\/v2\/pages\/4145","targetHints":{"allow":["GET"]}}],"collection":[{"href":"https:\/\/ave-eta-canada.com\/da\/wp-json\/wp\/v2\/pages"}],"about":[{"href":"https:\/\/ave-eta-canada.com\/da\/wp-json\/wp\/v2\/types\/page"}],"author":[{"embeddable":true,"href":"https:\/\/ave-eta-canada.com\/da\/wp-json\/wp\/v2\/users\/1"}],"replies":[{"embeddable":true,"href":"https:\/\/ave-eta-canada.com\/da\/wp-json\/wp\/v2\/comments?post=4145"}],"version-history":[{"count":0,"href":"https:\/\/ave-eta-canada.com\/da\/wp-json\/wp\/v2\/pages\/4145\/revisions"}],"wp:attachment":[{"href":"https:\/\/ave-eta-canada.com\/da\/wp-json\/wp\/v2\/media?parent=4145"}],"curies":[{"name":"wp","href":"https:\/\/api.w.org\/{rel}","templated":true}]}}