{"id":4162,"date":"2023-04-18T14:41:44","date_gmt":"2023-04-18T14:41:44","guid":{"rendered":"https:\/\/ave-eta-canada.com\/privatlivets-fred-og-databeskyttelse\/"},"modified":"2023-04-23T20:39:03","modified_gmt":"2023-04-23T20:39:03","slug":"privatlivets-fred-og-databeskyttelse","status":"publish","type":"page","link":"https:\/\/ave-eta-canada.com\/da\/privatlivets-fred-og-databeskyttelse\/","title":{"rendered":"Privatliv og databeskyttelse"},"content":{"rendered":"\n<h1 class=\"wp-block-heading\">Vores persondatapolitik<\/h1>\n\n<p>Vi er et informationswebsted om de formaliteter, der kr\u00e6ves for at rejse til Canada. Vi tager vores bes\u00f8gendes privatliv meget alvorligt. Nedenst\u00e5ende er vores komplette politik om beskyttelse af personoplysninger.<\/p>\n\n<h2 class=\"wp-block-heading\">Indsamling af oplysninger p\u00e5 webstedet<\/h2>\n\n<p>Her er den udt\u00f8mmende liste over personlige oplysninger, der kan indsamles p\u00e5 vores websted, opbevares og bruges:<\/p>\n\n<ul class=\"wp-block-list\"><li>Om din computer: din IP-adresse, din placering, din browser og dit operativsystem;<\/li><li>Vedr\u00f8rende din navigation p\u00e5 webstedet: varigheden af dit bes\u00f8g, de sider, du har set, din navigationssti;<\/li><\/ul>\n\n<h2 class=\"wp-block-heading\">Brug af indsamlede data<\/h2>\n\n<p>Vi giver under ingen omst\u00e6ndigheder dine personlige oplysninger til tredjeparter. Vi bruger ikke de indsamlede data til direkte markedsf\u00f8ring eller kommercielle form\u00e5l.<\/p>\n\n<h2 class=\"wp-block-heading\">Dataopbevaringsperiode<\/h2>\n\n<p>De indsamlede data slettes regelm\u00e6ssigt, hvilket betyder, at vi ikke opbevarer e-mailindhold, der er blevet sendt til os i mere end en m\u00e5ned. Vi g\u00f8r ikke brug af browserdata til markedsf\u00f8ringsform\u00e5l.<\/p>\n\n<p>Opdatering af opbevarede oplysninger: Fort\u00e6l os venligst, hvis du \u00f8nsker, at de personlige oplysninger, vi har om dig, skal rettes eller opdateres i dens opbevaringsperiode.<\/p>\n\n<h2 class=\"wp-block-heading\">Sikkerhed for dine personlige data<\/h2>\n\n<p>Vi tr\u00e6ffer tekniske forholdsregler for at forhindre tyveri af personlige oplysninger i vores database i l\u00f8bet af opbevaringsperioden, selv om den er begr\u00e6nset. Vi gemmer alle personlige oplysninger, der overf\u00f8res p\u00e5 vores sikre servere.<\/p>\n\n<h2 class=\"wp-block-heading\">Dine rettigheder vedr\u00f8rende persondata<\/h2>\n\n<p>Du har ret til at bede os om at videregive alle personlige oplysninger, som vi har om dig; dette kan ske mod fremvisning af bevis for din identitet (bekr\u00e6ftet fotokopi af pas + faktura med angivelse af din bop\u00e6lsadresse).<\/p>\n\n<h2 class=\"wp-block-heading\">Opdatering af denne privatlivspolitik<\/h2>\n\n<p>Med j\u00e6vne mellemrum opdaterer vi denne politik. Det er n\u00f8dvendigt at tjekke denne side, n\u00e5r du bruger webstedet, for at se om der er sket \u00e6ndringer i fortrolighedspolitikken.<\/p>\n\n<h2 class=\"wp-block-heading\">Kontekstuelle links til tredjepartswebsteder<\/h2>\n\n<p>Vores hjemmeside indeholder mange hypertekstlinks, der f\u00f8rer til tredjepartswebsteder og information om dem. Vi har ingen kontrol over disse websteder og er ikke ansvarlige for deres privatlivspolitikker eller deres forretning eller markedsf\u00f8ringspraksis.<\/p>\n\n<h2 class=\"wp-block-heading\">Cookies<\/h2>\n\n<p>Vores hjemmeside bruger cookies. En cookie er en fil, der indeholder en identifikator (en streng af bogstaver og tal), der sendes af en webserver til en webbrowser og gemmes af browseren. Identifikationen sendes derefter tilbage til serveren, hver gang browseren anmoder om en side fra serveren. Cookies kan v\u00e6re &#8220;vedvarende&#8221; eller &#8220;session&#8221;: en vedvarende cookie gemmes af browseren og forbliver gyldig indtil dens udl\u00f8bsdato, medmindre den slettes af brugeren f\u00f8r denne udl\u00f8bsdato; Hvad ang\u00e5r en sessionscookie, udl\u00f8ber den ved slutningen af brugersessionen, n\u00e5r browseren lukkes. Cookies indeholder generelt ingen information, der personligt identificerer en bruger, men de personlige oplysninger, vi gemmer om dig, kan v\u00e6re knyttet til oplysninger, der er gemt i cookies og opn\u00e5et af cookies. Vi bruger kun session cookies og ingen vedvarende cookies p\u00e5 vores hjemmeside.<\/p>\n","protected":false},"excerpt":{"rendered":"<p>Vores persondatapolitik Vi er et informationswebsted om de formaliteter, der kr\u00e6ves for at rejse til Canada. Vi tager vores bes\u00f8gendes privatliv meget alvorligt. Nedenst\u00e5ende er vores komplette politik om beskyttelse af personoplysninger. Indsamling af oplysninger p\u00e5 webstedet Her er den udt\u00f8mmende liste over personlige oplysninger, der kan indsamles p\u00e5 vores websted, opbevares og bruges: Om [&hellip;]<\/p>\n","protected":false},"author":1,"featured_media":0,"parent":0,"menu_order":0,"comment_status":"closed","ping_status":"closed","template":"","meta":{"footnotes":""},"class_list":["post-4162","page","type-page","status-publish","hentry"],"yoast_head":"<!-- This site is optimized with the Yoast SEO plugin v26.9 - https:\/\/yoast.com\/product\/yoast-seo-wordpress\/ -->\n<title>Privatliv og databeskyttelse<\/title>\n<meta name=\"description\" content=\"Dette charter er en integreret del af de generelle betingelser, og p\u00e5 denne side finder du alle oplysninger om indsamling af data.\" \/>\n<meta name=\"robots\" content=\"index, follow, max-snippet:-1, max-image-preview:large, max-video-preview:-1\" \/>\n<link rel=\"canonical\" href=\"https:\/\/ave-eta-canada.com\/da\/privatlivets-fred-og-databeskyttelse\/\" \/>\n<meta property=\"og:locale\" content=\"da_DK\" \/>\n<meta property=\"og:type\" content=\"article\" \/>\n<meta property=\"og:title\" content=\"Privatliv og databeskyttelse\" \/>\n<meta property=\"og:description\" content=\"Dette charter er en integreret del af de generelle betingelser, og p\u00e5 denne side finder du alle oplysninger om indsamling af data.\" \/>\n<meta property=\"og:url\" content=\"https:\/\/ave-eta-canada.com\/da\/privatlivets-fred-og-databeskyttelse\/\" \/>\n<meta property=\"og:site_name\" content=\"VISA CANADA\" \/>\n<meta property=\"article:modified_time\" content=\"2023-04-23T20:39:03+00:00\" \/>\n<meta name=\"twitter:card\" content=\"summary_large_image\" \/>\n<meta name=\"twitter:label1\" content=\"Estimeret l\u00e6setid\" \/>\n\t<meta name=\"twitter:data1\" content=\"2 minutter\" \/>\n<script type=\"application\/ld+json\" class=\"yoast-schema-graph\">{\"@context\":\"https:\/\/schema.org\",\"@graph\":[{\"@type\":\"WebPage\",\"@id\":\"https:\/\/ave-eta-canada.com\/da\/privatlivets-fred-og-databeskyttelse\/\",\"url\":\"https:\/\/ave-eta-canada.com\/da\/privatlivets-fred-og-databeskyttelse\/\",\"name\":\"Privatliv og databeskyttelse\",\"isPartOf\":{\"@id\":\"https:\/\/ave-eta-canada.com\/da\/#website\"},\"datePublished\":\"2023-04-18T14:41:44+00:00\",\"dateModified\":\"2023-04-23T20:39:03+00:00\",\"description\":\"Dette charter er en integreret del af de generelle betingelser, og p\u00e5 denne side finder du alle oplysninger om indsamling af data.\",\"breadcrumb\":{\"@id\":\"https:\/\/ave-eta-canada.com\/da\/privatlivets-fred-og-databeskyttelse\/#breadcrumb\"},\"inLanguage\":\"da-DK\",\"potentialAction\":[{\"@type\":\"ReadAction\",\"target\":[\"https:\/\/ave-eta-canada.com\/da\/privatlivets-fred-og-databeskyttelse\/\"]}]},{\"@type\":\"BreadcrumbList\",\"@id\":\"https:\/\/ave-eta-canada.com\/da\/privatlivets-fred-og-databeskyttelse\/#breadcrumb\",\"itemListElement\":[{\"@type\":\"ListItem\",\"position\":1,\"name\":\"Home\",\"item\":\"https:\/\/ave-eta-canada.com\/da\/\"},{\"@type\":\"ListItem\",\"position\":2,\"name\":\"Privatliv og databeskyttelse\"}]},{\"@type\":\"WebSite\",\"@id\":\"https:\/\/ave-eta-canada.com\/da\/#website\",\"url\":\"https:\/\/ave-eta-canada.com\/da\/\",\"name\":\"VISA CANADA\",\"description\":\"Autorisation Voyage Electronique\",\"potentialAction\":[{\"@type\":\"SearchAction\",\"target\":{\"@type\":\"EntryPoint\",\"urlTemplate\":\"https:\/\/ave-eta-canada.com\/da\/?s={search_term_string}\"},\"query-input\":{\"@type\":\"PropertyValueSpecification\",\"valueRequired\":true,\"valueName\":\"search_term_string\"}}],\"inLanguage\":\"da-DK\"}]}<\/script>\n<!-- \/ Yoast SEO plugin. -->","yoast_head_json":{"title":"Privatliv og databeskyttelse","description":"Dette charter er en integreret del af de generelle betingelser, og p\u00e5 denne side finder du alle oplysninger om indsamling af data.","robots":{"index":"index","follow":"follow","max-snippet":"max-snippet:-1","max-image-preview":"max-image-preview:large","max-video-preview":"max-video-preview:-1"},"canonical":"https:\/\/ave-eta-canada.com\/da\/privatlivets-fred-og-databeskyttelse\/","og_locale":"da_DK","og_type":"article","og_title":"Privatliv og databeskyttelse","og_description":"Dette charter er en integreret del af de generelle betingelser, og p\u00e5 denne side finder du alle oplysninger om indsamling af data.","og_url":"https:\/\/ave-eta-canada.com\/da\/privatlivets-fred-og-databeskyttelse\/","og_site_name":"VISA CANADA","article_modified_time":"2023-04-23T20:39:03+00:00","twitter_card":"summary_large_image","twitter_misc":{"Estimeret l\u00e6setid":"2 minutter"},"schema":{"@context":"https:\/\/schema.org","@graph":[{"@type":"WebPage","@id":"https:\/\/ave-eta-canada.com\/da\/privatlivets-fred-og-databeskyttelse\/","url":"https:\/\/ave-eta-canada.com\/da\/privatlivets-fred-og-databeskyttelse\/","name":"Privatliv og databeskyttelse","isPartOf":{"@id":"https:\/\/ave-eta-canada.com\/da\/#website"},"datePublished":"2023-04-18T14:41:44+00:00","dateModified":"2023-04-23T20:39:03+00:00","description":"Dette charter er en integreret del af de generelle betingelser, og p\u00e5 denne side finder du alle oplysninger om indsamling af data.","breadcrumb":{"@id":"https:\/\/ave-eta-canada.com\/da\/privatlivets-fred-og-databeskyttelse\/#breadcrumb"},"inLanguage":"da-DK","potentialAction":[{"@type":"ReadAction","target":["https:\/\/ave-eta-canada.com\/da\/privatlivets-fred-og-databeskyttelse\/"]}]},{"@type":"BreadcrumbList","@id":"https:\/\/ave-eta-canada.com\/da\/privatlivets-fred-og-databeskyttelse\/#breadcrumb","itemListElement":[{"@type":"ListItem","position":1,"name":"Home","item":"https:\/\/ave-eta-canada.com\/da\/"},{"@type":"ListItem","position":2,"name":"Privatliv og databeskyttelse"}]},{"@type":"WebSite","@id":"https:\/\/ave-eta-canada.com\/da\/#website","url":"https:\/\/ave-eta-canada.com\/da\/","name":"VISA CANADA","description":"Autorisation Voyage Electronique","potentialAction":[{"@type":"SearchAction","target":{"@type":"EntryPoint","urlTemplate":"https:\/\/ave-eta-canada.com\/da\/?s={search_term_string}"},"query-input":{"@type":"PropertyValueSpecification","valueRequired":true,"valueName":"search_term_string"}}],"inLanguage":"da-DK"}]}},"_links":{"self":[{"href":"https:\/\/ave-eta-canada.com\/da\/wp-json\/wp\/v2\/pages\/4162","targetHints":{"allow":["GET"]}}],"collection":[{"href":"https:\/\/ave-eta-canada.com\/da\/wp-json\/wp\/v2\/pages"}],"about":[{"href":"https:\/\/ave-eta-canada.com\/da\/wp-json\/wp\/v2\/types\/page"}],"author":[{"embeddable":true,"href":"https:\/\/ave-eta-canada.com\/da\/wp-json\/wp\/v2\/users\/1"}],"replies":[{"embeddable":true,"href":"https:\/\/ave-eta-canada.com\/da\/wp-json\/wp\/v2\/comments?post=4162"}],"version-history":[{"count":0,"href":"https:\/\/ave-eta-canada.com\/da\/wp-json\/wp\/v2\/pages\/4162\/revisions"}],"wp:attachment":[{"href":"https:\/\/ave-eta-canada.com\/da\/wp-json\/wp\/v2\/media?parent=4162"}],"curies":[{"name":"wp","href":"https:\/\/api.w.org\/{rel}","templated":true}]}}