{"id":4163,"date":"2023-04-18T14:41:44","date_gmt":"2023-04-18T14:41:44","guid":{"rendered":"https:\/\/ave-eta-canada.com\/den-praktiske-guide-til-rejser-i-canada\/"},"modified":"2023-04-23T17:30:05","modified_gmt":"2023-04-23T17:30:05","slug":"den-praktiske-guide-til-rejseri-canada","status":"publish","type":"page","link":"https:\/\/ave-eta-canada.com\/da\/den-praktiske-guide-til-rejseri-canada\/","title":{"rendered":"Den praktiske guide til rejser i Canada"},"content":{"rendered":"\n<h1 class=\"wp-block-heading\">Rejse til Canada: praktiske oplysninger<\/h1>\n\n<p><strong>For et ophold p\u00e5 under 6 m\u00e5neder i Canada<\/strong>: Du kan udfylde formaliteterne for indrejse i Canada direkte via internettet ved at klikke p\u00e5 <a href=\"https:\/\/ave-eta-canada.com\/da\/eta-canada-formular-online\/\">onlineformularen<\/a>. Det er ikke n\u00f8dvendigt at lave en aftale p\u00e5 den canadiske ambassade eller det canadiske konsulat.<\/p>\n\n<p>Uanset om du er naturelsker eller fan af de nordamerikanske byers gigantisme, er Canada noget for dig! I denne artikel f\u00e5r du alle de oplysninger, du har brug for at vide, f\u00f8r du rejser til Canada, s\u00e5 du kan forberede dig p\u00e5 din rejse over Atlanten. <\/p>\n\n<p>Hvorn\u00e5r skal man tage af sted? Hvad skal jeg g\u00f8re? Hvilke <a href=\"https:\/\/ave-eta-canada.com\/da\/eta-canada-svar-pa-dine-sporgsmal\/\">dokumenter kr\u00e6ves<\/a> der f\u00f8r ombordstigning? Svarene findes nedenfor.<\/p>\n\n<h2 class=\"wp-block-heading\"><br\/>Hvorn\u00e5r er det bedste tidspunkt at rejse til Canada?<\/h2>\n\n<p>P\u00e5 grund af det kontinentale klima oplever Canada betydelige temperatur\u00e6ndringer mellem s\u00e6sonerne. Generelt er vintrene ret h\u00e5rde med temperaturer under nul, og det er ikke ualmindeligt, at termometeret viser -20 \u00b0C midt i januar i nogle regioner. Omvendt er somrene relativt varme, med temperaturer p\u00e5 op til 30 \u00b0C i august.<\/p>\n\n<p>Som vi skal se, er der faktisk ikke noget bedste tidspunkt at <a href=\"https:\/\/ave-eta-canada.com\/da\/den-praktiske-guide-til-rejseri-canada\/\">rejse til Canada<\/a> p\u00e5: det afh\u00e6nger alt sammen af dit projekt.<\/p>\n\n<h3 class=\"wp-block-heading\">Ophold i Canada om vinteren<\/h3>\n\n<p>Hvis du er interesseret i vintersport, er det bedste tidspunkt at rejse til Canada utvivlsomt fra november til februar. I denne periode er der mange ting at lave: skil\u00f8b, snescooterture, hundesl\u00e6dek\u00f8rsel, sneskovandring&#8230; Kort sagt, hvis du er vild med sne og udend\u00f8rs aktiviteter, vil du ikke kede dig.<\/p>\n\n<h3 class=\"wp-block-heading\">Bes\u00f8g i Canada om sommeren<\/h3>\n\n<p>Sommeren er naturligvis ogs\u00e5 oplagt til udend\u00f8rs aktiviteter: vandreture i nationalparkerne, camping, kanosejlads osv. Sidel\u00f8bende hermed afholdes der mange kulturelle arrangementer i denne periode. Dette g\u00e6lder is\u00e6r i Quebec City og Montreal, hvor der afholdes festivaler i hele sommers\u00e6sonen. Jazzelskere b\u00f8r ikke g\u00e5 glip af den internationale jazzfestival, der afholdes i Montreal hvert \u00e5r mellem juni og juli.<\/p>\n\n<p>Hvis du v\u00e6lger at tage til Quebec om sommeren, anbefaler vi, at du bes\u00f8ger Tadoussac, som er den \u00e6ldste landsby i Quebec. Hovedattraktionen p\u00e5 dette sted er observationen af de ber\u00f8mte bl\u00e5hvaler. Hvis du v\u00e6lger et krydstogt til s\u00f8s, kan du beundre den lokale havfauna (delfiner, belugas, s\u00e6ler, marsvin, orcas osv.).<\/p>\n\n<h3 class=\"wp-block-heading\">Rejser til Canada i efter\u00e5ret<\/h3>\n\n<p>At rejse til Canada om efter\u00e5ret er et rigtig godt kompromis. Du kan nyde dage med n\u00e6sten lige s\u00e5 meget sol som om sommeren og relativt milde temperaturer, men ikke over 20 \u00b0C, fra Vancouver til Quebec City. <\/p>\n\n<p>For fotoentusiaster er et ophold i Canada i l\u00f8bet af den indiske sommer ideelt. De skiftende farver p\u00e5 ahornbladene vil v\u00e6re et fortryllende syn. Hvis du \u00f8nsker at drage fuld fordel af dette f\u00e6nomen, anbefaler vi dig at tage til de boreale skove i Quebec, hvor du vil blive overv\u00e6ldet af disse vidunderlige landskaber, der er malet i efter\u00e5rets farver.<\/p>\n\n<p>Denne s\u00e6son er ogs\u00e5 ideel til at se sneg\u00e6s p\u00e5 deres tr\u00e6k fra de arktiske omr\u00e5der langs den ber\u00f8mte Sankt Lawrence-floden til USA. <\/p>\n\n<h2 class=\"wp-block-heading\"><br\/>Rejser i Canada: hvad skal du bes\u00f8ge?<\/h2>\n\n<p>Canadas uendelighed giver utallige muligheder for at bes\u00f8ge landet. Hvis du er p\u00e5 udkig efter et sceneskift, kunne du ikke have valgt en bedre destination! Store \u00e5bne vidder, et us\u00e6dvanligt rigt dyreliv, udend\u00f8rs sport, store og livlige byer &#8211; der er noget for enhver smag! For at du kan tage af sted med hovedet fuld af uforglemmelige minder, har vi udvalgt en liste over de vigtigste steder, du skal bes\u00f8ge.<\/p>\n\n<h3 class=\"wp-block-heading\">Montreal<\/h3>\n\n<p>Som den st\u00f8rste by i Quebec-provinsen kan du ikke tage til Canada uden at stoppe i Montreal. Montreal er en multikulturel og kosmopolitisk by, der byder p\u00e5 en bred vifte af aktiviteter og steder at bes\u00f8ge.<\/p>\n\n<p>Til at begynde med anbefaler vi, at du tager en tur gennem det gamle Montreal-kvarter. Dette kvarter fra det 17. \u00e5rhundrede, som gr\u00e6nser op til Sankt Lawrence-floden, er s\u00e6rligt popul\u00e6rt takket v\u00e6re de mange pladser, som er levende med charmerende caf\u00e9er og butikker. Det vigtigste punkt af interesse i Old Montreal er uden tvivl Notre-Dame-basilikaen, en imponerende bygning i nygotisk stil. Hvis du vil nyde udsigten over hele Sankt Lawrence, skal du ikke t\u00f8ve med at g\u00e5 op til det ber\u00f8mte klokket\u00e5rn, der ligger i den gamle havn i Montreal. F\u00f8r du n\u00e5r toppen af dette monument, skal du klatre 192 trin op, men denne anstrengelse er den enest\u00e5ende udsigt, der tilbydes til sidst, v\u00e6rd! <\/p>\n\n<h3 class=\"wp-block-heading\">Quebec<\/h3>\n\n<p>N\u00e5r man t\u00e6nker p\u00e5 at rejse til Quebec, t\u00e6nker man p\u00e5 Quebec City. Quebec City er den n\u00e6stst\u00f8rste by i Quebec-provinsen og har form\u00e5et at bevare sin autenticitet gennem \u00e5rene, hvilket er grunden til, at den er p\u00e5 UNESCO&#8217;s verdensarvsliste. Byen har en varm atmosf\u00e6re takket v\u00e6re de gamle huse og de mange smalle gader. Dens stil minder om fransk arkitektur.<\/p>\n\n<h3 class=\"wp-block-heading\">Niagara Falls <\/h3>\n\n<p>Niagara Falls, der anses for at v\u00e6re en af Canadas st\u00f8rste attraktioner, er et must, n\u00e5r du bes\u00f8ger Maple Country! Afh\u00e6ngigt af dit hum\u00f8r kan du beundre vandfaldene p\u00e5 flere m\u00e5der: med b\u00e5d, med elevator, p\u00e5 panoramaterrassen eller endda med helikopter!<\/p>\n\n<h3 class=\"wp-block-heading\">Toronto<\/h3>\n\n<p>Byen Toronto ligger i n\u00e6rheden af Niagara Falls. N\u00e5r du har beundret disse, kan du benytte lejligheden til at bes\u00f8ge Canadas st\u00f8rste by. Hvis du nogensinde har v\u00e6ret i New York, vil du blive overrasket over den store lighed mellem de to byer.<\/p>\n\n<p>Torontos st\u00f8rste attraktion er at klatre op i CN Tower. Fra toppen af de 113 etager har dette t\u00e5rn en fantastisk udsigt over byen og dens omgivelser. De mere modige kan endda beundre udsigten fra en panoramaterrasse med et gennemsigtigt glasgulv!<\/p>\n\n<h3 class=\"wp-block-heading\">Banff National Park<\/h3>\n\n<p>Banff National Park ligger i hjertet af de canadiske Rocky Mountains og byder p\u00e5 noget af det smukkeste landskab i Canada. Parken er hjemsted for nogle utroligt smukke gletsjers\u00f8er, herunder Lake Louise og Lake Moraine, som er de to mest fotograferede s\u00f8er i verden. Der er mange vandrestier rundt om s\u00f8erne, hvor man kan beundre dette naturskuespil og det hypnotisk turkisbl\u00e5 vand. Det er op til dig at skabe dit dr\u00f8mmebillede! <\/p>\n\n<h3 class=\"wp-block-heading\">Jasper National Park<\/h3>\n\n<p>Jasper er den st\u00f8rste nationalpark i Rocky Mountains og er verdensber\u00f8mt for Athabasca Falls, som udspringer fra Athabasca-gletsjeren. Hvis du er p\u00e5 udkig efter spektakul\u00e6re udsigter, anbefaler vi en tur til Maligne Canyon eller en vandretur omkring Maligne- og Medicine-s\u00f8erne. <\/p>\n\n<h3 class=\"wp-block-heading\">Gletschervandring<\/h3>\n\n<p>Icefield Parkway, som almindeligvis er kendt som Icefield Parkways, er en af Canadas smukkeste natursk\u00f8nne ruter. Det ville v\u00e6re en skam at g\u00e5 glip af det majest\u00e6tiske landskab, som det byder p\u00e5! Den 230 km lange rute g\u00e5r gennem flere nationalparker og har mange natursk\u00f8nne punkter undervejs. S\u00f8er, floder, gletsjere, kl\u00f8fter, vandfald, du vil ikke kunne modst\u00e5 de mange forskellige landskaber, som denne rute har at byde p\u00e5.<\/p>\n\n<h2 class=\"wp-block-heading\"><br\/>Rejser du til Canada: glem ikke din opholdstilladelse<\/h2>\n\n<p>Ligesom i USA kan du ikke rejse til Canada uden en rejsetilladelse. Der findes mange forskellige rejsedokumenter, men det hyppigst udstedte er eTA-dokumentet.<\/p>\n\n<h3 class=\"wp-block-heading\">eTA Hvad er det?<\/h3>\n\n<p>Hvis din rejse til Canada ikke varer l\u00e6ngere end 6 sammenh\u00e6ngende m\u00e5neder, er du sandsynligvis berettiget til en eTA (Electronic Travel Authorization). eTA Canada, ogs\u00e5 kendt som en eTA p\u00e5 engelsk, er en opholdstilladelse, der giver kvalificerede udenlandske rejsende mulighed for at rejse til Canada uden visum.<\/p>\n\n<p>Dette rejsedokument udstedes ikke til alle statsborgere. For at kunne ans\u00f8ge skal du opfylde visse <a href=\"https:\/\/ave-eta-canada.com\/da\/eta-krav-for-at-rejse-til-canada\/\">krav til berettigelse i Canada<\/a> som fastsat af den canadiske regering:<\/p>\n\n<ul class=\"wp-block-list\"><li>v\u00e6re statsborger i et land, der er medlem af visumfritagelsesprogrammet (dette omfatter bl.a. alle EU-lande); <\/li><li>Ophold i Canada i op til 6 m\u00e5neder;<\/li><li>Rejser som turist, p\u00e5 forretningsrejse eller i transit gennem Canada;<\/li><li>have et gyldigt pas.<\/li><\/ul>\n\n<p>Det er nemt at ans\u00f8ge om dette dokument: Du skal udfylde en online-formular p\u00e5 den <a href=\"https:\/\/www.canada.ca\/\">canadiske regerings<\/a> websted eller p\u00e5 forsiden af dette websted. Selvf\u00f8lgelig vil din sag blive gennemg\u00e5et af de canadiske myndigheder for at sikre, at du ikke udg\u00f8r en trussel mod landets indre sikkerhed. Men bare rolig, de fleste ans\u00f8gninger godkendes inden for f\u00e5 dage efter, at ans\u00f8gningen er sendt! <\/p>\n\n<p>Hvis du planl\u00e6gger at tage til Canada for at tage p\u00e5 praktikophold, studere eller endda arbejde, g\u00e6lder <a href=\"https:\/\/ave-eta-canada.com\/da\/\">eTA<\/a> ikke for dig, og du skal anskaffe dig et andet rejsedokument.<\/p>\n\n<h3 class=\"wp-block-heading\">Jeg er ikke berettiget til eTA: Hvilket dokument kan jeg ans\u00f8ge om for at komme ind i Canada?<\/h3>\n\n<p>Hvis du ikke er berettiget til et eTA, skal du have et canadisk visum. Sidstn\u00e6vnte varierer alt efter arten af opholdet i Canada.<\/p>\n\n<p>Hvis du \u00f8nsker at arbejde, skal du have en arbejdstilladelse. Hvis du er under 36 \u00e5r, kan du s\u00f8ge om <a href=\"https:\/\/ave-eta-canada.com\/da\/pvt-canada-hvordan-man-far-sin-arbejdstilladelse-til-ferie\/\">en Working Holiday Permit<\/a> (WHP). Dette dokument giver dig mulighed for at arbejde lovligt, samtidig med at du kan udforske Canada og tage p\u00e5 ferie, som du \u00f8nsker det.<\/p>\n\n<p>Udenlandske studerende skal ans\u00f8ge om et visum. Hvis det er din plan, anbefaler vi, at du kontakter den canadiske ambassade eller det canadiske konsulat for at f\u00e5 flere oplysninger om de formaliteter, der skal opfyldes, og om du \u00f8nsker at tage et praktikophold i Canada. <\/p>\n","protected":false},"excerpt":{"rendered":"<p>Rejse til Canada: praktiske oplysninger For et ophold p\u00e5 under 6 m\u00e5neder i Canada: Du kan udfylde formaliteterne for indrejse i Canada direkte via internettet ved at klikke p\u00e5 onlineformularen. Det er ikke n\u00f8dvendigt at lave en aftale p\u00e5 den canadiske ambassade eller det canadiske konsulat. Uanset om du er naturelsker eller fan af de [&hellip;]<\/p>\n","protected":false},"author":1,"featured_media":0,"parent":0,"menu_order":0,"comment_status":"closed","ping_status":"closed","template":"","meta":{"footnotes":""},"class_list":["post-4163","page","type-page","status-publish","hentry"],"yoast_head":"<!-- This site is optimized with the Yoast SEO plugin v26.9 - https:\/\/yoast.com\/product\/yoast-seo-wordpress\/ -->\n<title>Den praktiske guide til rejser i Canada<\/title>\n<meta name=\"description\" content=\"Planl\u00e6gger du snart at rejse til Canada? I denne guide finder du alle de praktiske oplysninger, du har brug for til at organisere denne l\u00e6nge ventede rejse.\" \/>\n<meta name=\"robots\" content=\"index, follow, max-snippet:-1, max-image-preview:large, max-video-preview:-1\" \/>\n<link rel=\"canonical\" href=\"https:\/\/ave-eta-canada.com\/da\/den-praktiske-guide-til-rejseri-canada\/\" \/>\n<meta property=\"og:locale\" content=\"da_DK\" \/>\n<meta property=\"og:type\" content=\"article\" \/>\n<meta property=\"og:title\" content=\"Den praktiske guide til rejser i Canada\" \/>\n<meta property=\"og:description\" content=\"Planl\u00e6gger du snart at rejse til Canada? I denne guide finder du alle de praktiske oplysninger, du har brug for til at organisere denne l\u00e6nge ventede rejse.\" \/>\n<meta property=\"og:url\" content=\"https:\/\/ave-eta-canada.com\/da\/den-praktiske-guide-til-rejseri-canada\/\" \/>\n<meta property=\"og:site_name\" content=\"VISA CANADA\" \/>\n<meta property=\"article:modified_time\" content=\"2023-04-23T17:30:05+00:00\" \/>\n<meta name=\"twitter:card\" content=\"summary_large_image\" \/>\n<meta name=\"twitter:label1\" content=\"Estimeret l\u00e6setid\" \/>\n\t<meta name=\"twitter:data1\" content=\"8 minutter\" \/>\n<script type=\"application\/ld+json\" class=\"yoast-schema-graph\">{\"@context\":\"https:\/\/schema.org\",\"@graph\":[{\"@type\":\"WebPage\",\"@id\":\"https:\/\/ave-eta-canada.com\/da\/den-praktiske-guide-til-rejseri-canada\/\",\"url\":\"https:\/\/ave-eta-canada.com\/da\/den-praktiske-guide-til-rejseri-canada\/\",\"name\":\"Den praktiske guide til rejser i Canada\",\"isPartOf\":{\"@id\":\"https:\/\/ave-eta-canada.com\/da\/#website\"},\"datePublished\":\"2023-04-18T14:41:44+00:00\",\"dateModified\":\"2023-04-23T17:30:05+00:00\",\"description\":\"Planl\u00e6gger du snart at rejse til Canada? I denne guide finder du alle de praktiske oplysninger, du har brug for til at organisere denne l\u00e6nge ventede rejse.\",\"breadcrumb\":{\"@id\":\"https:\/\/ave-eta-canada.com\/da\/den-praktiske-guide-til-rejseri-canada\/#breadcrumb\"},\"inLanguage\":\"da-DK\",\"potentialAction\":[{\"@type\":\"ReadAction\",\"target\":[\"https:\/\/ave-eta-canada.com\/da\/den-praktiske-guide-til-rejseri-canada\/\"]}]},{\"@type\":\"BreadcrumbList\",\"@id\":\"https:\/\/ave-eta-canada.com\/da\/den-praktiske-guide-til-rejseri-canada\/#breadcrumb\",\"itemListElement\":[{\"@type\":\"ListItem\",\"position\":1,\"name\":\"Home\",\"item\":\"https:\/\/ave-eta-canada.com\/da\/\"},{\"@type\":\"ListItem\",\"position\":2,\"name\":\"Den praktiske guide til rejser i Canada\"}]},{\"@type\":\"WebSite\",\"@id\":\"https:\/\/ave-eta-canada.com\/da\/#website\",\"url\":\"https:\/\/ave-eta-canada.com\/da\/\",\"name\":\"VISA CANADA\",\"description\":\"Autorisation Voyage Electronique\",\"potentialAction\":[{\"@type\":\"SearchAction\",\"target\":{\"@type\":\"EntryPoint\",\"urlTemplate\":\"https:\/\/ave-eta-canada.com\/da\/?s={search_term_string}\"},\"query-input\":{\"@type\":\"PropertyValueSpecification\",\"valueRequired\":true,\"valueName\":\"search_term_string\"}}],\"inLanguage\":\"da-DK\"}]}<\/script>\n<!-- \/ Yoast SEO plugin. -->","yoast_head_json":{"title":"Den praktiske guide til rejser i Canada","description":"Planl\u00e6gger du snart at rejse til Canada? I denne guide finder du alle de praktiske oplysninger, du har brug for til at organisere denne l\u00e6nge ventede rejse.","robots":{"index":"index","follow":"follow","max-snippet":"max-snippet:-1","max-image-preview":"max-image-preview:large","max-video-preview":"max-video-preview:-1"},"canonical":"https:\/\/ave-eta-canada.com\/da\/den-praktiske-guide-til-rejseri-canada\/","og_locale":"da_DK","og_type":"article","og_title":"Den praktiske guide til rejser i Canada","og_description":"Planl\u00e6gger du snart at rejse til Canada? I denne guide finder du alle de praktiske oplysninger, du har brug for til at organisere denne l\u00e6nge ventede rejse.","og_url":"https:\/\/ave-eta-canada.com\/da\/den-praktiske-guide-til-rejseri-canada\/","og_site_name":"VISA CANADA","article_modified_time":"2023-04-23T17:30:05+00:00","twitter_card":"summary_large_image","twitter_misc":{"Estimeret l\u00e6setid":"8 minutter"},"schema":{"@context":"https:\/\/schema.org","@graph":[{"@type":"WebPage","@id":"https:\/\/ave-eta-canada.com\/da\/den-praktiske-guide-til-rejseri-canada\/","url":"https:\/\/ave-eta-canada.com\/da\/den-praktiske-guide-til-rejseri-canada\/","name":"Den praktiske guide til rejser i Canada","isPartOf":{"@id":"https:\/\/ave-eta-canada.com\/da\/#website"},"datePublished":"2023-04-18T14:41:44+00:00","dateModified":"2023-04-23T17:30:05+00:00","description":"Planl\u00e6gger du snart at rejse til Canada? I denne guide finder du alle de praktiske oplysninger, du har brug for til at organisere denne l\u00e6nge ventede rejse.","breadcrumb":{"@id":"https:\/\/ave-eta-canada.com\/da\/den-praktiske-guide-til-rejseri-canada\/#breadcrumb"},"inLanguage":"da-DK","potentialAction":[{"@type":"ReadAction","target":["https:\/\/ave-eta-canada.com\/da\/den-praktiske-guide-til-rejseri-canada\/"]}]},{"@type":"BreadcrumbList","@id":"https:\/\/ave-eta-canada.com\/da\/den-praktiske-guide-til-rejseri-canada\/#breadcrumb","itemListElement":[{"@type":"ListItem","position":1,"name":"Home","item":"https:\/\/ave-eta-canada.com\/da\/"},{"@type":"ListItem","position":2,"name":"Den praktiske guide til rejser i Canada"}]},{"@type":"WebSite","@id":"https:\/\/ave-eta-canada.com\/da\/#website","url":"https:\/\/ave-eta-canada.com\/da\/","name":"VISA CANADA","description":"Autorisation Voyage Electronique","potentialAction":[{"@type":"SearchAction","target":{"@type":"EntryPoint","urlTemplate":"https:\/\/ave-eta-canada.com\/da\/?s={search_term_string}"},"query-input":{"@type":"PropertyValueSpecification","valueRequired":true,"valueName":"search_term_string"}}],"inLanguage":"da-DK"}]}},"_links":{"self":[{"href":"https:\/\/ave-eta-canada.com\/da\/wp-json\/wp\/v2\/pages\/4163","targetHints":{"allow":["GET"]}}],"collection":[{"href":"https:\/\/ave-eta-canada.com\/da\/wp-json\/wp\/v2\/pages"}],"about":[{"href":"https:\/\/ave-eta-canada.com\/da\/wp-json\/wp\/v2\/types\/page"}],"author":[{"embeddable":true,"href":"https:\/\/ave-eta-canada.com\/da\/wp-json\/wp\/v2\/users\/1"}],"replies":[{"embeddable":true,"href":"https:\/\/ave-eta-canada.com\/da\/wp-json\/wp\/v2\/comments?post=4163"}],"version-history":[{"count":0,"href":"https:\/\/ave-eta-canada.com\/da\/wp-json\/wp\/v2\/pages\/4163\/revisions"}],"wp:attachment":[{"href":"https:\/\/ave-eta-canada.com\/da\/wp-json\/wp\/v2\/media?parent=4163"}],"curies":[{"name":"wp","href":"https:\/\/api.w.org\/{rel}","templated":true}]}}