{"id":4179,"date":"2023-04-18T14:41:45","date_gmt":"2023-04-18T14:41:45","guid":{"rendered":"https:\/\/ave-eta-canada.com\/hvornaar-skal-man-ansoege-om-tilladelse-til-canada\/"},"modified":"2023-04-23T20:03:15","modified_gmt":"2023-04-23T20:03:15","slug":"hvornar-man-skal-ansoge-om-en-eta-canada","status":"publish","type":"page","link":"https:\/\/ave-eta-canada.com\/da\/hvornar-man-skal-ansoge-om-en-eta-canada\/","title":{"rendered":"Hvorn\u00e5r skal du ans\u00f8ge om eTA for Canada?"},"content":{"rendered":"\n<h1 class=\"wp-block-heading\">Hvorn\u00e5r skal du ans\u00f8ge om eTA-rejsetilladelse?<\/h1>\n\n<p>N\u00e5r du planl\u00e6gger en rejse til Canada, er det vigtigt at f\u00e5 en canadisk rejsetilladelse, inden du tager af sted. <strong>For et ophold p\u00e5 under 6 m\u00e5neder i Canada<\/strong>: Du kan udfylde formaliteterne for indrejse i Canada direkte via internettet ved at klikke p\u00e5 <a href=\"https:\/\/ave-eta-canada.com\/da\/eta-canada-formular-online\/\">online-formularen<\/a>. <\/p>\n\n<p>Det er ikke n\u00f8dvendigt at lave en aftale p\u00e5 den canadiske ambassade eller det canadiske konsulat.<\/p>\n\n<p>Den canadiske rejsetilladelse anses for at v\u00e6re ret nem at f\u00e5. Hvilke frister og forholdsregler skal man tage for at undg\u00e5 at blive n\u00e6gtet indrejse i Canada?<\/p>\n\n<p><\/p>\n\n<h2 class=\"wp-block-heading\">Siden hvorn\u00e5r og hvorfor s\u00f8ge om en eTA?<\/h2>\n\n<p>Siden den 10. november 2016 har Canadas regering (n\u00e6rmere bestemt Ministeriet for Indvandring, Flygtninge og Statsborgerskab i Canada) indf\u00f8rt en elektronisk rejsetilladelse kaldet eTA (eller eTA p\u00e5 engelsk) med det form\u00e5l at garantere landets indre sikkerhed og samtidig fremme turismen til Canada.<\/p>\n\n<p>eTA f\u00e5s via en online-formular, som :<\/p>\n\n<ul class=\"wp-block-list\"><li>afg\u00f8r, om rejsende har ret til at rejse ind i Canada uden visum;<\/li><li>mindsker tr\u00e6ngslen p\u00e5 de canadiske ambassader og letter toldbehandlingen.<\/li><\/ul>\n\n<p>De elektroniske systemer, der er indf\u00f8rt, g\u00f8r det muligt at udv\u00e6lge rejsende, allerede inden de ankommer til Canada.<br\/><br\/><\/p>\n\n<h2 class=\"wp-block-heading\">Hvorn\u00e5r er der behov for en eTA?<\/h2>\n\n<p>Der <a href=\"https:\/\/ave-eta-canada.com\/da\/eta-canada-obligatorisk\/\">kr\u00e6ves en eTA-ans\u00f8gning<\/a> for visumfritagne rejsende, der \u00f8nsker at bes\u00f8ge Canada i forbindelse med en turisme- eller forretningsrejse p\u00e5 mindre end 6 m\u00e5neder med fly. Det er ogs\u00e5 p\u00e5kr\u00e6vet ved transit gennem Canada.<\/p>\n\n<p>Visumfritagelsen g\u00e6lder for statsborgere, hvis hjemland har underskrevet en aftale med den canadiske regering. Danske statsborgere er blandt de heldige, men de skal have et gyldigt pas (biometrisk eller elektronisk pas).<\/p>\n\n<p>At have et gyldigt pas og en eTA fritager dig ikke for at skulle have andre rejsedokumenter, f.eks. rejsedokumentet. Du vil sandsynligvis blive bedt om en udrejsebillet (returbillet eller vidererejsebillet) af immigrationsmyndighederne.<\/p>\n\n<p>Bem\u00e6rk venligst, at hvis du er blevet udvalgt til en WHP (Working Holiday Permit), f\u00e5r du normalt automatisk en eTA udstedt. Tjek med den canadiske ambassade.<br\/><br\/><\/p>\n\n<h2 class=\"wp-block-heading\">Hvorn\u00e5r skal du ans\u00f8ge online?<\/h2>\n\n<p>Vi anbefaler, at du <a href=\"https:\/\/ave-eta-canada.com\/da\/udfylde-eta-formular-for-canada\/\">udfylder rejsetilladelsesformularen <\/a>, s\u00e5 snart din rejse til Canada er planlagt. Du m\u00e5 ikke vente til sidste \u00f8jeblik, for hvis din ans\u00f8gning bliver afvist, skal du s\u00f8ge om et canadisk visum. Dette er imidlertid mere tidskr\u00e6vende og dyrere.<\/p>\n\n<p>Ans\u00f8gningsskemaet kan udfyldes p\u00e5 den canadiske regerings officielle websted. Hvis du \u00f8nsker at f\u00e5 hj\u00e6lp og reducere dine risici, anbefaler vi dig at udfylde formularen hos vores partner.<\/p>\n\n<p>For at udfylde eTA-formularen skal du udfylde dine pasoplysninger (pasnummer, udstedelsesdato og udl\u00f8bsdato), dine personlige oplysninger, oplysninger om dit ophold i Canada og endelig din baggrund.<br\/><br\/><\/p>\n\n<h2 class=\"wp-block-heading\">Hvorn\u00e5r f\u00e5r jeg svar p\u00e5 min eTA-ans\u00f8gning?<\/h2>\n\n<p>Det tager normalt et par <a>minutter at f\u00e5 en eTA,<\/a> efter at formularen er indsendt. Du vil modtage en kvittering for modtagelse fra Immigration Canada og derefter en anden e-mail med svaret p\u00e5 din ans\u00f8gning. Der kan dog g\u00e5 flere dage, f\u00f8r du f\u00e5r et svar.<\/p>\n\n<p>Du kan ogs\u00e5 tjekke status for din ans\u00f8gning p\u00e5 regeringens websted ved at indtaste dit ans\u00f8gningsnummer (som du finder i kvitteringen for modtagelse) og dit pasnummer.<\/p>\n\n<p>Hvis du ikke har modtaget en kvittering for modtagelsen inden for 72 timer, skal du kontakte de canadiske myndigheder. Det nytter ikke noget at fors\u00f8ge at rejse til Canada uden tilladelse, for du vil ikke engang kunne komme om bord p\u00e5 flyet.<\/p>\n\n<h3 class=\"wp-block-heading\">Afslag p\u00e5 ans\u00f8gning om eTA-tilladelse<\/h3>\n\n<p>En eTA-ans\u00f8gning afvises, hvis du ikke opfylder et af kriterierne for st\u00f8tteberettigelse. Hvis du ikke er berettiget, skal du ans\u00f8ge om et visum ved den canadiske ambassades eller det canadiske konsulats konsul\u00e6re tjenester, hvis det er relevant. Hvilket visum til Canada du skal ans\u00f8ge om, afh\u00e6nger af arten af din rejse.<\/p>\n\n<p>N\u00e5r din ESTA-ans\u00f8gning er blevet afvist, kan du ogs\u00e5 kontrollere, at du ikke har lavet en fejl i ans\u00f8gningsformularen. Hvis det er tilf\u00e6ldet, har du ret til at indgive en ny ans\u00f8gning.<br\/><br\/><\/p>\n\n<h2 class=\"wp-block-heading\">Hvorn\u00e5r skal jeg forny min eTA-ans\u00f8gning?<\/h2>\n\n<p><a href=\"https:\/\/ave-eta-canada.com\/da\/eta-canada-gyldighedsperiode\/\">Et eTA er gyldigt<\/a> i 5 \u00e5r eller indtil passet udl\u00f8ber, hvis passet er gyldigt i kortere tid end dette. I de \u00e5r, din eTA er gyldig, kan du bes\u00f8ge Canada flere gange uden at skulle ans\u00f8ge om en ny eTA, og forudsat at du overholder det maksimale ophold p\u00e5 6 m\u00e5neder.<\/p>\n\n<p>Da eTA er knyttet til passet, skal der naturligvis indgives en ny ans\u00f8gning om tilladelse i tilf\u00e6lde af et nyt pas. Den nye ans\u00f8gning f\u00f8lger den samme procedure som den f\u00f8rste ans\u00f8gning.<\/p>\n","protected":false},"excerpt":{"rendered":"<p>Hvorn\u00e5r skal du ans\u00f8ge om eTA-rejsetilladelse? N\u00e5r du planl\u00e6gger en rejse til Canada, er det vigtigt at f\u00e5 en canadisk rejsetilladelse, inden du tager af sted. For et ophold p\u00e5 under 6 m\u00e5neder i Canada: Du kan udfylde formaliteterne for indrejse i Canada direkte via internettet ved at klikke p\u00e5 online-formularen. Det er ikke n\u00f8dvendigt [&hellip;]<\/p>\n","protected":false},"author":1,"featured_media":0,"parent":0,"menu_order":0,"comment_status":"closed","ping_status":"closed","template":"","meta":{"footnotes":""},"class_list":["post-4179","page","type-page","status-publish","hentry"],"yoast_head":"<!-- This site is optimized with the Yoast SEO plugin v26.9 - https:\/\/yoast.com\/product\/yoast-seo-wordpress\/ -->\n<title>Hvorn\u00e5r skal du ans\u00f8ge om eTA for Canada?<\/title>\n<meta name=\"description\" content=\"F\u00f8r du rejser til Canada, er det vigtigt at forberede alle de n\u00f8dvendige rejsedokumenter, herunder eTA. Se her, hvorn\u00e5r du skal ans\u00f8ge om en eTA.\" \/>\n<meta name=\"robots\" content=\"index, follow, max-snippet:-1, max-image-preview:large, max-video-preview:-1\" \/>\n<link rel=\"canonical\" href=\"https:\/\/ave-eta-canada.com\/da\/hvornar-man-skal-ansoge-om-en-eta-canada\/\" \/>\n<meta property=\"og:locale\" content=\"da_DK\" \/>\n<meta property=\"og:type\" content=\"article\" \/>\n<meta property=\"og:title\" content=\"Hvorn\u00e5r skal du ans\u00f8ge om eTA for Canada?\" \/>\n<meta property=\"og:description\" content=\"F\u00f8r du rejser til Canada, er det vigtigt at forberede alle de n\u00f8dvendige rejsedokumenter, herunder eTA. Se her, hvorn\u00e5r du skal ans\u00f8ge om en eTA.\" \/>\n<meta property=\"og:url\" content=\"https:\/\/ave-eta-canada.com\/da\/hvornar-man-skal-ansoge-om-en-eta-canada\/\" \/>\n<meta property=\"og:site_name\" content=\"VISA CANADA\" \/>\n<meta property=\"article:modified_time\" content=\"2023-04-23T20:03:15+00:00\" \/>\n<meta name=\"twitter:card\" content=\"summary_large_image\" \/>\n<meta name=\"twitter:label1\" content=\"Estimeret l\u00e6setid\" \/>\n\t<meta name=\"twitter:data1\" content=\"4 minutter\" \/>\n<script type=\"application\/ld+json\" class=\"yoast-schema-graph\">{\"@context\":\"https:\/\/schema.org\",\"@graph\":[{\"@type\":\"WebPage\",\"@id\":\"https:\/\/ave-eta-canada.com\/da\/hvornar-man-skal-ansoge-om-en-eta-canada\/\",\"url\":\"https:\/\/ave-eta-canada.com\/da\/hvornar-man-skal-ansoge-om-en-eta-canada\/\",\"name\":\"Hvorn\u00e5r skal du ans\u00f8ge om eTA for Canada?\",\"isPartOf\":{\"@id\":\"https:\/\/ave-eta-canada.com\/da\/#website\"},\"datePublished\":\"2023-04-18T14:41:45+00:00\",\"dateModified\":\"2023-04-23T20:03:15+00:00\",\"description\":\"F\u00f8r du rejser til Canada, er det vigtigt at forberede alle de n\u00f8dvendige rejsedokumenter, herunder eTA. Se her, hvorn\u00e5r du skal ans\u00f8ge om en eTA.\",\"breadcrumb\":{\"@id\":\"https:\/\/ave-eta-canada.com\/da\/hvornar-man-skal-ansoge-om-en-eta-canada\/#breadcrumb\"},\"inLanguage\":\"da-DK\",\"potentialAction\":[{\"@type\":\"ReadAction\",\"target\":[\"https:\/\/ave-eta-canada.com\/da\/hvornar-man-skal-ansoge-om-en-eta-canada\/\"]}]},{\"@type\":\"BreadcrumbList\",\"@id\":\"https:\/\/ave-eta-canada.com\/da\/hvornar-man-skal-ansoge-om-en-eta-canada\/#breadcrumb\",\"itemListElement\":[{\"@type\":\"ListItem\",\"position\":1,\"name\":\"Home\",\"item\":\"https:\/\/ave-eta-canada.com\/da\/\"},{\"@type\":\"ListItem\",\"position\":2,\"name\":\"Hvorn\u00e5r skal du ans\u00f8ge om eTA for Canada?\"}]},{\"@type\":\"WebSite\",\"@id\":\"https:\/\/ave-eta-canada.com\/da\/#website\",\"url\":\"https:\/\/ave-eta-canada.com\/da\/\",\"name\":\"VISA CANADA\",\"description\":\"Autorisation Voyage Electronique\",\"potentialAction\":[{\"@type\":\"SearchAction\",\"target\":{\"@type\":\"EntryPoint\",\"urlTemplate\":\"https:\/\/ave-eta-canada.com\/da\/?s={search_term_string}\"},\"query-input\":{\"@type\":\"PropertyValueSpecification\",\"valueRequired\":true,\"valueName\":\"search_term_string\"}}],\"inLanguage\":\"da-DK\"}]}<\/script>\n<!-- \/ Yoast SEO plugin. -->","yoast_head_json":{"title":"Hvorn\u00e5r skal du ans\u00f8ge om eTA for Canada?","description":"F\u00f8r du rejser til Canada, er det vigtigt at forberede alle de n\u00f8dvendige rejsedokumenter, herunder eTA. Se her, hvorn\u00e5r du skal ans\u00f8ge om en eTA.","robots":{"index":"index","follow":"follow","max-snippet":"max-snippet:-1","max-image-preview":"max-image-preview:large","max-video-preview":"max-video-preview:-1"},"canonical":"https:\/\/ave-eta-canada.com\/da\/hvornar-man-skal-ansoge-om-en-eta-canada\/","og_locale":"da_DK","og_type":"article","og_title":"Hvorn\u00e5r skal du ans\u00f8ge om eTA for Canada?","og_description":"F\u00f8r du rejser til Canada, er det vigtigt at forberede alle de n\u00f8dvendige rejsedokumenter, herunder eTA. Se her, hvorn\u00e5r du skal ans\u00f8ge om en eTA.","og_url":"https:\/\/ave-eta-canada.com\/da\/hvornar-man-skal-ansoge-om-en-eta-canada\/","og_site_name":"VISA CANADA","article_modified_time":"2023-04-23T20:03:15+00:00","twitter_card":"summary_large_image","twitter_misc":{"Estimeret l\u00e6setid":"4 minutter"},"schema":{"@context":"https:\/\/schema.org","@graph":[{"@type":"WebPage","@id":"https:\/\/ave-eta-canada.com\/da\/hvornar-man-skal-ansoge-om-en-eta-canada\/","url":"https:\/\/ave-eta-canada.com\/da\/hvornar-man-skal-ansoge-om-en-eta-canada\/","name":"Hvorn\u00e5r skal du ans\u00f8ge om eTA for Canada?","isPartOf":{"@id":"https:\/\/ave-eta-canada.com\/da\/#website"},"datePublished":"2023-04-18T14:41:45+00:00","dateModified":"2023-04-23T20:03:15+00:00","description":"F\u00f8r du rejser til Canada, er det vigtigt at forberede alle de n\u00f8dvendige rejsedokumenter, herunder eTA. Se her, hvorn\u00e5r du skal ans\u00f8ge om en eTA.","breadcrumb":{"@id":"https:\/\/ave-eta-canada.com\/da\/hvornar-man-skal-ansoge-om-en-eta-canada\/#breadcrumb"},"inLanguage":"da-DK","potentialAction":[{"@type":"ReadAction","target":["https:\/\/ave-eta-canada.com\/da\/hvornar-man-skal-ansoge-om-en-eta-canada\/"]}]},{"@type":"BreadcrumbList","@id":"https:\/\/ave-eta-canada.com\/da\/hvornar-man-skal-ansoge-om-en-eta-canada\/#breadcrumb","itemListElement":[{"@type":"ListItem","position":1,"name":"Home","item":"https:\/\/ave-eta-canada.com\/da\/"},{"@type":"ListItem","position":2,"name":"Hvorn\u00e5r skal du ans\u00f8ge om eTA for Canada?"}]},{"@type":"WebSite","@id":"https:\/\/ave-eta-canada.com\/da\/#website","url":"https:\/\/ave-eta-canada.com\/da\/","name":"VISA CANADA","description":"Autorisation Voyage Electronique","potentialAction":[{"@type":"SearchAction","target":{"@type":"EntryPoint","urlTemplate":"https:\/\/ave-eta-canada.com\/da\/?s={search_term_string}"},"query-input":{"@type":"PropertyValueSpecification","valueRequired":true,"valueName":"search_term_string"}}],"inLanguage":"da-DK"}]}},"_links":{"self":[{"href":"https:\/\/ave-eta-canada.com\/da\/wp-json\/wp\/v2\/pages\/4179","targetHints":{"allow":["GET"]}}],"collection":[{"href":"https:\/\/ave-eta-canada.com\/da\/wp-json\/wp\/v2\/pages"}],"about":[{"href":"https:\/\/ave-eta-canada.com\/da\/wp-json\/wp\/v2\/types\/page"}],"author":[{"embeddable":true,"href":"https:\/\/ave-eta-canada.com\/da\/wp-json\/wp\/v2\/users\/1"}],"replies":[{"embeddable":true,"href":"https:\/\/ave-eta-canada.com\/da\/wp-json\/wp\/v2\/comments?post=4179"}],"version-history":[{"count":0,"href":"https:\/\/ave-eta-canada.com\/da\/wp-json\/wp\/v2\/pages\/4179\/revisions"}],"wp:attachment":[{"href":"https:\/\/ave-eta-canada.com\/da\/wp-json\/wp\/v2\/media?parent=4179"}],"curies":[{"name":"wp","href":"https:\/\/api.w.org\/{rel}","templated":true}]}}