{"id":4183,"date":"2023-04-18T14:41:46","date_gmt":"2023-04-18T14:41:46","guid":{"rendered":"https:\/\/ave-eta-canada.com\/canada-government-wants-more-students-and-foreigners\/"},"modified":"2023-04-22T17:32:52","modified_gmt":"2023-04-22T17:32:52","slug":"canada-regeringen-onsker-flere-udenlandske-studerende","status":"publish","type":"page","link":"https:\/\/ave-eta-canada.com\/da\/canada-regeringen-onsker-flere-udenlandske-studerende\/","title":{"rendered":"Canada: Regeringen \u00f8nsker flere udenlandske studerende"},"content":{"rendered":"\n<h1 class=\"wp-block-heading\">Den canadiske regering \u00f8nsker at tiltr\u00e6kke flere internationale studerende<\/h1>\n\n<p>Internationale studerende udg\u00f8r en betydelig \u00f8konomisk interesse for den canadiske \u00f8konomi. If\u00f8lge en unders\u00f8gelse foretaget af de f\u00f8derale myndigheder genererede udenlandske studerende 15,5 milliarder dollars i 2016. Derfor \u00f8nsker den canadiske administration at styrke tilstr\u00f8mningen af internationale studerende.<br\/><strong>For et ophold p\u00e5 under 6 m\u00e5neder i Canada<\/strong>: Du kan udfylde formaliteterne for indrejse i Canada direkte via internettet ved at klikke p\u00e5 <a href=\"https:\/\/ave-eta-canada.com\/da\/eta-canada-formular-online\/\">onlineformularen<\/a>. Det er ikke n\u00f8dvendigt at lave en aftale p\u00e5 den canadiske ambassade eller det canadiske konsulat.<br\/><\/p>\n\n<h2 class=\"wp-block-heading\">Fremme af det canadiske uddannelsessystem over for internationale studerende<\/h2>\n\n<p>Det canadiske uddannelsessystem tiltr\u00e6kker fortsat unge fra udlandet. Mens der i 2000 blev udstedt mere end 100.000 studietilladelser, er dette tal i 2018 steget til over 500.000. For at bygge videre p\u00e5 dette momentum har den f\u00f8derale regering afsat et samlet budget p\u00e5 148 millioner dollars over fem \u00e5r til international uddannelse.<\/p>\n\n<p>Med henblik p\u00e5 at fastl\u00e6gge den overordnede strategi for at tiltr\u00e6kke internationale studerende i massevis m\u00f8des regeringen og repr\u00e6sentanter for de <a href=\"https:\/\/ave-eta-canada.com\/da\/eta-krav-for-at-rejse-til-canada\/\">canadiske universiteter<\/a> regelm\u00e6ssigt for at dr\u00f8fte de retningslinjer, der skal f\u00f8lges.<br\/><br\/><\/p>\n\n<h2 class=\"wp-block-heading\">Fremme af mangfoldighed i canadiske uddannelsesinstitutioner<\/h2>\n\n<p>I dag kommer en stor del af de udenlandske studerende fra Indien og Kina. Canada oplever dog et stigende antal studerende fra lande med h\u00f8j v\u00e6kst, som f.eks. Vietnam. Desuden fors\u00f8ger de f\u00f8derale myndigheder at g\u00e5 endnu l\u00e6ngere p\u00e5 omr\u00e5det for mangfoldighed. Der vil blive lagt s\u00e6rlig v\u00e6gt p\u00e5 nye v\u00e6kstlande eller regioner med en st\u00e6rk ungdomstilstedev\u00e6relse, f.eks. Colombia og visse afrikanske lande.<\/p>\n\n<p>Men det handler ikke kun om \u00f8konomien. If\u00f8lge Jim Carr, minister for international handel, bidrager de internationale studerende til Canadas internationale omd\u00f8mme. If\u00f8lge ham &#8220;oplever de gode canadiske institutioner&#8221; og fungerer som &#8220;\u00e6gte ambassad\u00f8rer for Canada&#8221;, n\u00e5r de vender tilbage til deres hjemlande. Desuden bidrager denne ordning ogs\u00e5 til at tiltr\u00e6kke unge talenter til Canada efter en videreg\u00e5ende uddannelse. De bos\u00e6tter sig ofte permanent i Canada og bidrager til udviklingen af den nationale \u00f8konomi. <br\/><br\/><\/p>\n\n<h2 class=\"wp-block-heading\">Studere i Canada: Ans\u00f8gning om en studietilladelse<\/h2>\n\n<p>Hvis du ogs\u00e5 er fristet til at studere i udlandet, er Maple Country m\u00e5ske noget for dig. Men n\u00e5r du skal studere p\u00e5 universitetet, skal du have <a href=\"https:\/\/ave-eta-canada.com\/da\/tid-til-at-fa-eta-canada\/\">en studietilladelse<\/a> p\u00e5 forh\u00e5nd, uanset hvilken institution du studerer p\u00e5 (Laval University, Sherbrooke University, University of Ottawa, Hec Montr\u00e9al osv.). Studietilladelsen er et dokument udstedt af IRCC (Immigration, Refugees and Citizenship Canada).<\/p>\n\n<p>F\u00f8r du ans\u00f8ger om din studietilladelse, skal du sikre dig, at du opfylder kriterierne for at f\u00e5 dette dokument til at <a href=\"https:\/\/ave-eta-canada.com\/da\/pvt-canada-hvordan-man-far-sin-arbejdstilladelse-til-ferie\/\">studere i Canada<\/a>. Som s\u00e5dan skal den kommende studerende :<\/p>\n\n<ul class=\"wp-block-list\"><li>er blevet optaget p\u00e5 en canadisk uddannelsesinstitution og har et optagelsesbrev; <\/li><li>dokumentere, at de har tilstr\u00e6kkelige \u00f8konomiske midler til at d\u00e6kke deres behov i det f\u00f8rste studie\u00e5r (bolig, skolepenge osv.);<\/li><li>have en ren straffeattest;<\/li><li>v\u00e6re sund.<\/li><\/ul>\n\n<p>For at ans\u00f8ge om en studietilladelse skal du blot udfylde <a href=\"https:\/\/ave-eta-canada.com\/da\/udfylde-eta-formular-for-canada\/\">en online-ellerpapirformular<\/a> . I sidstn\u00e6vnte tilf\u00e6lde skal formularen sendes til visumbehandlingskontoret p\u00e5 den canadiske ambassade eller det canadiske generalkonsulat.<\/p>\n","protected":false},"excerpt":{"rendered":"<p>Den canadiske regering \u00f8nsker at tiltr\u00e6kke flere internationale studerende Internationale studerende udg\u00f8r en betydelig \u00f8konomisk interesse for den canadiske \u00f8konomi. If\u00f8lge en unders\u00f8gelse foretaget af de f\u00f8derale myndigheder genererede udenlandske studerende 15,5 milliarder dollars i 2016. Derfor \u00f8nsker den canadiske administration at styrke tilstr\u00f8mningen af internationale studerende.For et ophold p\u00e5 under 6 m\u00e5neder i Canada: [&hellip;]<\/p>\n","protected":false},"author":1,"featured_media":0,"parent":0,"menu_order":0,"comment_status":"closed","ping_status":"closed","template":"","meta":{"footnotes":""},"class_list":["post-4183","page","type-page","status-publish","hentry"],"yoast_head":"<!-- This site is optimized with the Yoast SEO plugin v26.9 - https:\/\/yoast.com\/product\/yoast-seo-wordpress\/ -->\n<title>Canada: Regeringen \u00f8nsker flere udenlandske studerende<\/title>\n<meta name=\"description\" content=\"Den canadiske regering har planer om at tage imod flere internationale studerende i de kommende \u00e5r. Dette vil have en betydelig \u00f8konomisk indvirkning.\" \/>\n<meta name=\"robots\" content=\"index, follow, max-snippet:-1, max-image-preview:large, max-video-preview:-1\" \/>\n<link rel=\"canonical\" href=\"https:\/\/ave-eta-canada.com\/da\/canada-regeringen-onsker-flere-udenlandske-studerende\/\" \/>\n<meta property=\"og:locale\" content=\"da_DK\" \/>\n<meta property=\"og:type\" content=\"article\" \/>\n<meta property=\"og:title\" content=\"Canada: Regeringen \u00f8nsker flere udenlandske studerende\" \/>\n<meta property=\"og:description\" content=\"Den canadiske regering har planer om at tage imod flere internationale studerende i de kommende \u00e5r. Dette vil have en betydelig \u00f8konomisk indvirkning.\" \/>\n<meta property=\"og:url\" content=\"https:\/\/ave-eta-canada.com\/da\/canada-regeringen-onsker-flere-udenlandske-studerende\/\" \/>\n<meta property=\"og:site_name\" content=\"VISA CANADA\" \/>\n<meta property=\"article:modified_time\" content=\"2023-04-22T17:32:52+00:00\" \/>\n<meta name=\"twitter:card\" content=\"summary_large_image\" \/>\n<meta name=\"twitter:label1\" content=\"Estimeret l\u00e6setid\" \/>\n\t<meta name=\"twitter:data1\" content=\"3 minutter\" \/>\n<script type=\"application\/ld+json\" class=\"yoast-schema-graph\">{\"@context\":\"https:\/\/schema.org\",\"@graph\":[{\"@type\":\"WebPage\",\"@id\":\"https:\/\/ave-eta-canada.com\/da\/canada-regeringen-onsker-flere-udenlandske-studerende\/\",\"url\":\"https:\/\/ave-eta-canada.com\/da\/canada-regeringen-onsker-flere-udenlandske-studerende\/\",\"name\":\"Canada: Regeringen \u00f8nsker flere udenlandske studerende\",\"isPartOf\":{\"@id\":\"https:\/\/ave-eta-canada.com\/da\/#website\"},\"datePublished\":\"2023-04-18T14:41:46+00:00\",\"dateModified\":\"2023-04-22T17:32:52+00:00\",\"description\":\"Den canadiske regering har planer om at tage imod flere internationale studerende i de kommende \u00e5r. Dette vil have en betydelig \u00f8konomisk indvirkning.\",\"breadcrumb\":{\"@id\":\"https:\/\/ave-eta-canada.com\/da\/canada-regeringen-onsker-flere-udenlandske-studerende\/#breadcrumb\"},\"inLanguage\":\"da-DK\",\"potentialAction\":[{\"@type\":\"ReadAction\",\"target\":[\"https:\/\/ave-eta-canada.com\/da\/canada-regeringen-onsker-flere-udenlandske-studerende\/\"]}]},{\"@type\":\"BreadcrumbList\",\"@id\":\"https:\/\/ave-eta-canada.com\/da\/canada-regeringen-onsker-flere-udenlandske-studerende\/#breadcrumb\",\"itemListElement\":[{\"@type\":\"ListItem\",\"position\":1,\"name\":\"Home\",\"item\":\"https:\/\/ave-eta-canada.com\/da\/\"},{\"@type\":\"ListItem\",\"position\":2,\"name\":\"Canada: Regeringen \u00f8nsker flere udenlandske studerende\"}]},{\"@type\":\"WebSite\",\"@id\":\"https:\/\/ave-eta-canada.com\/da\/#website\",\"url\":\"https:\/\/ave-eta-canada.com\/da\/\",\"name\":\"VISA CANADA\",\"description\":\"Autorisation Voyage Electronique\",\"potentialAction\":[{\"@type\":\"SearchAction\",\"target\":{\"@type\":\"EntryPoint\",\"urlTemplate\":\"https:\/\/ave-eta-canada.com\/da\/?s={search_term_string}\"},\"query-input\":{\"@type\":\"PropertyValueSpecification\",\"valueRequired\":true,\"valueName\":\"search_term_string\"}}],\"inLanguage\":\"da-DK\"}]}<\/script>\n<!-- \/ Yoast SEO plugin. -->","yoast_head_json":{"title":"Canada: Regeringen \u00f8nsker flere udenlandske studerende","description":"Den canadiske regering har planer om at tage imod flere internationale studerende i de kommende \u00e5r. Dette vil have en betydelig \u00f8konomisk indvirkning.","robots":{"index":"index","follow":"follow","max-snippet":"max-snippet:-1","max-image-preview":"max-image-preview:large","max-video-preview":"max-video-preview:-1"},"canonical":"https:\/\/ave-eta-canada.com\/da\/canada-regeringen-onsker-flere-udenlandske-studerende\/","og_locale":"da_DK","og_type":"article","og_title":"Canada: Regeringen \u00f8nsker flere udenlandske studerende","og_description":"Den canadiske regering har planer om at tage imod flere internationale studerende i de kommende \u00e5r. Dette vil have en betydelig \u00f8konomisk indvirkning.","og_url":"https:\/\/ave-eta-canada.com\/da\/canada-regeringen-onsker-flere-udenlandske-studerende\/","og_site_name":"VISA CANADA","article_modified_time":"2023-04-22T17:32:52+00:00","twitter_card":"summary_large_image","twitter_misc":{"Estimeret l\u00e6setid":"3 minutter"},"schema":{"@context":"https:\/\/schema.org","@graph":[{"@type":"WebPage","@id":"https:\/\/ave-eta-canada.com\/da\/canada-regeringen-onsker-flere-udenlandske-studerende\/","url":"https:\/\/ave-eta-canada.com\/da\/canada-regeringen-onsker-flere-udenlandske-studerende\/","name":"Canada: Regeringen \u00f8nsker flere udenlandske studerende","isPartOf":{"@id":"https:\/\/ave-eta-canada.com\/da\/#website"},"datePublished":"2023-04-18T14:41:46+00:00","dateModified":"2023-04-22T17:32:52+00:00","description":"Den canadiske regering har planer om at tage imod flere internationale studerende i de kommende \u00e5r. Dette vil have en betydelig \u00f8konomisk indvirkning.","breadcrumb":{"@id":"https:\/\/ave-eta-canada.com\/da\/canada-regeringen-onsker-flere-udenlandske-studerende\/#breadcrumb"},"inLanguage":"da-DK","potentialAction":[{"@type":"ReadAction","target":["https:\/\/ave-eta-canada.com\/da\/canada-regeringen-onsker-flere-udenlandske-studerende\/"]}]},{"@type":"BreadcrumbList","@id":"https:\/\/ave-eta-canada.com\/da\/canada-regeringen-onsker-flere-udenlandske-studerende\/#breadcrumb","itemListElement":[{"@type":"ListItem","position":1,"name":"Home","item":"https:\/\/ave-eta-canada.com\/da\/"},{"@type":"ListItem","position":2,"name":"Canada: Regeringen \u00f8nsker flere udenlandske studerende"}]},{"@type":"WebSite","@id":"https:\/\/ave-eta-canada.com\/da\/#website","url":"https:\/\/ave-eta-canada.com\/da\/","name":"VISA CANADA","description":"Autorisation Voyage Electronique","potentialAction":[{"@type":"SearchAction","target":{"@type":"EntryPoint","urlTemplate":"https:\/\/ave-eta-canada.com\/da\/?s={search_term_string}"},"query-input":{"@type":"PropertyValueSpecification","valueRequired":true,"valueName":"search_term_string"}}],"inLanguage":"da-DK"}]}},"_links":{"self":[{"href":"https:\/\/ave-eta-canada.com\/da\/wp-json\/wp\/v2\/pages\/4183","targetHints":{"allow":["GET"]}}],"collection":[{"href":"https:\/\/ave-eta-canada.com\/da\/wp-json\/wp\/v2\/pages"}],"about":[{"href":"https:\/\/ave-eta-canada.com\/da\/wp-json\/wp\/v2\/types\/page"}],"author":[{"embeddable":true,"href":"https:\/\/ave-eta-canada.com\/da\/wp-json\/wp\/v2\/users\/1"}],"replies":[{"embeddable":true,"href":"https:\/\/ave-eta-canada.com\/da\/wp-json\/wp\/v2\/comments?post=4183"}],"version-history":[{"count":0,"href":"https:\/\/ave-eta-canada.com\/da\/wp-json\/wp\/v2\/pages\/4183\/revisions"}],"wp:attachment":[{"href":"https:\/\/ave-eta-canada.com\/da\/wp-json\/wp\/v2\/media?parent=4183"}],"curies":[{"name":"wp","href":"https:\/\/api.w.org\/{rel}","templated":true}]}}