{"id":4187,"date":"2023-04-18T14:41:46","date_gmt":"2023-04-18T14:41:46","guid":{"rendered":"https:\/\/ave-eta-canada.com\/hvordan-man-aendrer-en-tilladelse-til-canada\/"},"modified":"2023-04-23T16:39:39","modified_gmt":"2023-04-23T16:39:39","slug":"hvordan-man-aendrer-en-canada-eta","status":"publish","type":"page","link":"https:\/\/ave-eta-canada.com\/da\/hvordan-man-aendrer-en-canada-eta\/","title":{"rendered":"Hvordan \u00e6ndrer jeg en eTA-tilladelse til Canada?"},"content":{"rendered":"\n<h1 class=\"wp-block-heading\">Hvordan \u00e6ndrer jeg en eTA for rejser til Canada?<\/h1>\n\n<p>eTA er en <a href=\"https:\/\/ave-eta-canada.com\/da\/\">elektronisk rejsetilladelse<\/a>, der er indf\u00f8rt af den canadiske regering, og som har til form\u00e5l at lette de administrative procedurer for rejsende, der \u00f8nsker at bes\u00f8ge Canada. Takket v\u00e6re ESTA&#8217;s digitale format kan den rejsende udfylde ans\u00f8gningen online, og de canadiske myndigheder kan analysere eTA-ans\u00f8gningen ved hj\u00e6lp af elektroniske systemer.<\/p>\n\n<p><strong>For et ophold p\u00e5 under 6 m\u00e5neder i Canada<\/strong>: Du kan udfylde formaliteterne for indrejse i Canada direkte via internettet ved at klikke p\u00e5 <a href=\"https:\/\/ave-eta-canada.com\/da\/eta-canada-formular-online\/\">onlineformularen<\/a>. Det er ikke n\u00f8dvendigt at lave en aftale p\u00e5 den canadiske ambassade eller det canadiske konsulat.<\/p>\n\n<br\/>\n\n<p>N\u00e5r en rejsende f\u00e5r en eTA, er den <a href=\"https:\/\/ave-eta-canada.com\/da\/eta-canada-gyldighedsperiode\/\">gyldigi 5 \u00e5r<\/a>. I l\u00f8bet af \u00e5rene \u00e6ndrer den rejsendes personlige situation sig imidlertid. Det kan v\u00e6re, at nogle af oplysningerne i eTA-dokumentet skal \u00e6ndres, da de simpelthen ikke l\u00e6ngere svarer til virkeligheden. Er det i s\u00e5 fald muligt at \u00e6ndre eTA en? Hvis ikke, hvad er proceduren for at skifte din eTA?<\/p>\n\n<h2 class=\"wp-block-heading\">Kan jeg \u00e6ndre eTA en, hvis mine personlige oplysninger er blevet \u00e6ndret?<\/h2>\n\n<p>Desv\u00e6rre ikke. Hvis dine personlige oplysninger (efternavn, fornavne, land osv.) \u00e6ndres i l\u00f8bet af eTA ens gyldighedsperiode (5 \u00e5r), skal du indsende en ny ans\u00f8gning.<\/p>\n\n<p>Kun visse oplysninger (f.eks. telefonnummer eller pigenavn) kan \u00e6ndres gratis og uden at forny eTA en. Hvis du vil \u00e6ndre dine kontaktoplysninger p\u00e5 eTA, skal du udfylde en online-ans\u00f8gningsformular. Det er dog den canadiske regering, der afg\u00f8r, om ans\u00f8gningen stadig er gyldig eller ej.<\/p>\n\n<p>Det samme g\u00e6lder for \u00e6ndring af pas. Hvis det pasnummer, du tidligere har brugt til at f\u00e5 eTA, ikke l\u00e6ngere passer til dit nuv\u00e6rende pasnummer, skal du \u00e6ndre eTA-nummeret. Hvis du vil g\u00f8re dette, skal du ans\u00f8ge om et eTA p\u00e5 ny ved at udfylde onlineformularen endnu en gang og betale ans\u00f8gningsgebyret igen.<\/p>\n\n<p>De canadiske myndigheder kr\u00e6ver, at pasnummeret p\u00e5 eTA er det samme som det pas, som den rejsende \u00f8nsker at rejse til Canada med. Hvorfor? Fordi din <a href=\"https:\/\/ave-eta-canada.com\/da\/hvornar-man-skal-ansoge-om-en-eta-canada\/\">eTA-tilladelse<\/a> vil v\u00e6re elektronisk knyttet til passet. N\u00e5r du ankommer til Canada, kontrollerer toldv\u00e6senet din eTA ved at scanne chippen i dit e-pas eller biometriske pas.<br\/><br\/><\/p>\n\n<h2 class=\"wp-block-heading\">Kan jeg \u00e6ndre eTA, n\u00e5r jeg har lavet en fejl ved kopiering af mine oplysninger?<\/h2>\n\n<p>Hvis du ikke har betalt for eTA-formularen, kan du stadig \u00e6ndre <a href=\"https:\/\/ave-eta-canada.com\/da\/hvad-skalman-gore-i-tilfaelde-af-fejl-pa-canada-eta\/\">fejlene i eTA-formularen<\/a>.<\/p>\n\n<p>Men hvis betalingen af eTA allerede er blevet foretaget, kan du desv\u00e6rre ikke l\u00e6ngere vende tilbage.<\/p>\n\n<h3 class=\"wp-block-heading\">Hvordan kan jeg undg\u00e5 at skulle skifte eTA?<\/h3>\n\n<p>For det f\u00f8rste er det vigtigt, at du tager dig tid til at udfylde din eTA-ans\u00f8gningsformular. Der sker fejl, og det ville v\u00e6re en skam at skulle betale gebyret for dokumentet igen (7 canadiske dollars) og vente igen p\u00e5 svar fra IRCC (Immigration, Refugees and Citizenship).<\/p>\n\n<p>Vi anbefaler, at du kontrollerer, at du opfylder kravene for at f\u00e5 en eTA (rejse eller transit gennem Canada ad luftvejen i h\u00f8jst 6 m\u00e5neder), og at du har et gyldigt pas.<\/p>\n\n<p>Ved afslutningen af udfyldelsesprocessen giver den canadiske regerings officielle websted dig mulighed for at kontrollere, om de svar, du har givet, er eTA og fuldst\u00e6ndige. G\u00e5 ikke glip af dette vigtige trin, da det kan v\u00e6re det, der g\u00f8r det muligt for dig at opdage kopieringsfejl.<\/p>\n\n<p>Hvis du \u00f8nsker hj\u00e6lp til at udfylde onlineformularen, kan du f\u00e5 personlig hj\u00e6lp til at udfylde og rette din formular, inden du sender den, p\u00e5 vores partners private websted.<br\/><br\/><\/p>\n\n<h2 class=\"wp-block-heading\">Hvordan \u00e6ndrer jeg eTA&#8217;en, efter at den er blevet afvist?<\/h2>\n\n<p>Hvis du har f\u00e5et <a href=\"https:\/\/ave-eta-canada.com\/da\/eta-krav-for-at-rejse-til-canada\/\">afslag p\u00e5 en eTA-ans\u00f8gning<\/a>, er du ikke berettiget til at rejse til Canada og kan derfor ikke \u00e6ndre din eTA.<\/p>\n\n<p>At du ikke kan \u00e6ndre din eTA betyder dog ikke, at du aldrig vil kunne opleve Canada. De fleste rejsende skal have et canadisk visum eller en eTA for at rejse til Canada med fly.<\/p>\n\n<p>For dem, der ikke har adgang til eTA, er det tilstr\u00e6kkeligt at ans\u00f8ge om et canadisk visum p\u00e5 den canadiske ambassades eller konsulats konsul\u00e6re tjenester.<\/p>\n\n<p>For at f\u00e5 et visum skal du sikre dig, at du opfylder disse betingelser:<\/p>\n\n<ul class=\"wp-block-list\"><li>have et gyldigt pas;<\/li><li>ikke v\u00e6re b\u00e6rer af nogen sygdom;<\/li><li>ikke at have gjort sig skyldig i kriminelle aktiviteter eller indvandringsforseelser;<\/li><li>bevise over for den konsul\u00e6re embedsmand, at form\u00e5let med din rejse ikke er at bos\u00e6tte dig ulovligt, og at du vil forlade Canada efter endt ophold.<\/li><\/ul>\n","protected":false},"excerpt":{"rendered":"<p>Hvordan \u00e6ndrer jeg en eTA for rejser til Canada? eTA er en elektronisk rejsetilladelse, der er indf\u00f8rt af den canadiske regering, og som har til form\u00e5l at lette de administrative procedurer for rejsende, der \u00f8nsker at bes\u00f8ge Canada. Takket v\u00e6re ESTA&#8217;s digitale format kan den rejsende udfylde ans\u00f8gningen online, og de canadiske myndigheder kan analysere [&hellip;]<\/p>\n","protected":false},"author":1,"featured_media":0,"parent":0,"menu_order":0,"comment_status":"closed","ping_status":"closed","template":"","meta":{"footnotes":""},"class_list":["post-4187","page","type-page","status-publish","hentry"],"yoast_head":"<!-- This site is optimized with the Yoast SEO plugin v26.9 - https:\/\/yoast.com\/product\/yoast-seo-wordpress\/ -->\n<title>Hvordan \u00e6ndrer jeg en eTA-tilladelse til Canada?<\/title>\n<meta name=\"description\" content=\"Vil du opdatere oplysningerne i din canadiske rejsetilladelse? I denne artikel kan du finde ud af, hvordan du \u00e6ndrer en eTA\" \/>\n<meta name=\"robots\" content=\"index, follow, max-snippet:-1, max-image-preview:large, max-video-preview:-1\" \/>\n<link rel=\"canonical\" href=\"https:\/\/ave-eta-canada.com\/da\/hvordan-man-aendrer-en-canada-eta\/\" \/>\n<meta property=\"og:locale\" content=\"da_DK\" \/>\n<meta property=\"og:type\" content=\"article\" \/>\n<meta property=\"og:title\" content=\"Hvordan \u00e6ndrer jeg en eTA-tilladelse til Canada?\" \/>\n<meta property=\"og:description\" content=\"Vil du opdatere oplysningerne i din canadiske rejsetilladelse? I denne artikel kan du finde ud af, hvordan du \u00e6ndrer en eTA\" \/>\n<meta property=\"og:url\" content=\"https:\/\/ave-eta-canada.com\/da\/hvordan-man-aendrer-en-canada-eta\/\" \/>\n<meta property=\"og:site_name\" content=\"VISA CANADA\" \/>\n<meta property=\"article:modified_time\" content=\"2023-04-23T16:39:39+00:00\" \/>\n<meta name=\"twitter:card\" content=\"summary_large_image\" \/>\n<meta name=\"twitter:label1\" content=\"Estimeret l\u00e6setid\" \/>\n\t<meta name=\"twitter:data1\" content=\"4 minutter\" \/>\n<script type=\"application\/ld+json\" class=\"yoast-schema-graph\">{\"@context\":\"https:\/\/schema.org\",\"@graph\":[{\"@type\":\"WebPage\",\"@id\":\"https:\/\/ave-eta-canada.com\/da\/hvordan-man-aendrer-en-canada-eta\/\",\"url\":\"https:\/\/ave-eta-canada.com\/da\/hvordan-man-aendrer-en-canada-eta\/\",\"name\":\"Hvordan \u00e6ndrer jeg en eTA-tilladelse til Canada?\",\"isPartOf\":{\"@id\":\"https:\/\/ave-eta-canada.com\/da\/#website\"},\"datePublished\":\"2023-04-18T14:41:46+00:00\",\"dateModified\":\"2023-04-23T16:39:39+00:00\",\"description\":\"Vil du opdatere oplysningerne i din canadiske rejsetilladelse? I denne artikel kan du finde ud af, hvordan du \u00e6ndrer en eTA\",\"breadcrumb\":{\"@id\":\"https:\/\/ave-eta-canada.com\/da\/hvordan-man-aendrer-en-canada-eta\/#breadcrumb\"},\"inLanguage\":\"da-DK\",\"potentialAction\":[{\"@type\":\"ReadAction\",\"target\":[\"https:\/\/ave-eta-canada.com\/da\/hvordan-man-aendrer-en-canada-eta\/\"]}]},{\"@type\":\"BreadcrumbList\",\"@id\":\"https:\/\/ave-eta-canada.com\/da\/hvordan-man-aendrer-en-canada-eta\/#breadcrumb\",\"itemListElement\":[{\"@type\":\"ListItem\",\"position\":1,\"name\":\"Home\",\"item\":\"https:\/\/ave-eta-canada.com\/da\/\"},{\"@type\":\"ListItem\",\"position\":2,\"name\":\"Hvordan \u00e6ndrer jeg en eTA-tilladelse til Canada?\"}]},{\"@type\":\"WebSite\",\"@id\":\"https:\/\/ave-eta-canada.com\/da\/#website\",\"url\":\"https:\/\/ave-eta-canada.com\/da\/\",\"name\":\"VISA CANADA\",\"description\":\"Autorisation Voyage Electronique\",\"potentialAction\":[{\"@type\":\"SearchAction\",\"target\":{\"@type\":\"EntryPoint\",\"urlTemplate\":\"https:\/\/ave-eta-canada.com\/da\/?s={search_term_string}\"},\"query-input\":{\"@type\":\"PropertyValueSpecification\",\"valueRequired\":true,\"valueName\":\"search_term_string\"}}],\"inLanguage\":\"da-DK\"}]}<\/script>\n<!-- \/ Yoast SEO plugin. -->","yoast_head_json":{"title":"Hvordan \u00e6ndrer jeg en eTA-tilladelse til Canada?","description":"Vil du opdatere oplysningerne i din canadiske rejsetilladelse? I denne artikel kan du finde ud af, hvordan du \u00e6ndrer en eTA","robots":{"index":"index","follow":"follow","max-snippet":"max-snippet:-1","max-image-preview":"max-image-preview:large","max-video-preview":"max-video-preview:-1"},"canonical":"https:\/\/ave-eta-canada.com\/da\/hvordan-man-aendrer-en-canada-eta\/","og_locale":"da_DK","og_type":"article","og_title":"Hvordan \u00e6ndrer jeg en eTA-tilladelse til Canada?","og_description":"Vil du opdatere oplysningerne i din canadiske rejsetilladelse? I denne artikel kan du finde ud af, hvordan du \u00e6ndrer en eTA","og_url":"https:\/\/ave-eta-canada.com\/da\/hvordan-man-aendrer-en-canada-eta\/","og_site_name":"VISA CANADA","article_modified_time":"2023-04-23T16:39:39+00:00","twitter_card":"summary_large_image","twitter_misc":{"Estimeret l\u00e6setid":"4 minutter"},"schema":{"@context":"https:\/\/schema.org","@graph":[{"@type":"WebPage","@id":"https:\/\/ave-eta-canada.com\/da\/hvordan-man-aendrer-en-canada-eta\/","url":"https:\/\/ave-eta-canada.com\/da\/hvordan-man-aendrer-en-canada-eta\/","name":"Hvordan \u00e6ndrer jeg en eTA-tilladelse til Canada?","isPartOf":{"@id":"https:\/\/ave-eta-canada.com\/da\/#website"},"datePublished":"2023-04-18T14:41:46+00:00","dateModified":"2023-04-23T16:39:39+00:00","description":"Vil du opdatere oplysningerne i din canadiske rejsetilladelse? I denne artikel kan du finde ud af, hvordan du \u00e6ndrer en eTA","breadcrumb":{"@id":"https:\/\/ave-eta-canada.com\/da\/hvordan-man-aendrer-en-canada-eta\/#breadcrumb"},"inLanguage":"da-DK","potentialAction":[{"@type":"ReadAction","target":["https:\/\/ave-eta-canada.com\/da\/hvordan-man-aendrer-en-canada-eta\/"]}]},{"@type":"BreadcrumbList","@id":"https:\/\/ave-eta-canada.com\/da\/hvordan-man-aendrer-en-canada-eta\/#breadcrumb","itemListElement":[{"@type":"ListItem","position":1,"name":"Home","item":"https:\/\/ave-eta-canada.com\/da\/"},{"@type":"ListItem","position":2,"name":"Hvordan \u00e6ndrer jeg en eTA-tilladelse til Canada?"}]},{"@type":"WebSite","@id":"https:\/\/ave-eta-canada.com\/da\/#website","url":"https:\/\/ave-eta-canada.com\/da\/","name":"VISA CANADA","description":"Autorisation Voyage Electronique","potentialAction":[{"@type":"SearchAction","target":{"@type":"EntryPoint","urlTemplate":"https:\/\/ave-eta-canada.com\/da\/?s={search_term_string}"},"query-input":{"@type":"PropertyValueSpecification","valueRequired":true,"valueName":"search_term_string"}}],"inLanguage":"da-DK"}]}},"_links":{"self":[{"href":"https:\/\/ave-eta-canada.com\/da\/wp-json\/wp\/v2\/pages\/4187","targetHints":{"allow":["GET"]}}],"collection":[{"href":"https:\/\/ave-eta-canada.com\/da\/wp-json\/wp\/v2\/pages"}],"about":[{"href":"https:\/\/ave-eta-canada.com\/da\/wp-json\/wp\/v2\/types\/page"}],"author":[{"embeddable":true,"href":"https:\/\/ave-eta-canada.com\/da\/wp-json\/wp\/v2\/users\/1"}],"replies":[{"embeddable":true,"href":"https:\/\/ave-eta-canada.com\/da\/wp-json\/wp\/v2\/comments?post=4187"}],"version-history":[{"count":0,"href":"https:\/\/ave-eta-canada.com\/da\/wp-json\/wp\/v2\/pages\/4187\/revisions"}],"wp:attachment":[{"href":"https:\/\/ave-eta-canada.com\/da\/wp-json\/wp\/v2\/media?parent=4187"}],"curies":[{"name":"wp","href":"https:\/\/api.w.org\/{rel}","templated":true}]}}