{"id":4200,"date":"2023-04-18T14:41:47","date_gmt":"2023-04-18T14:41:47","guid":{"rendered":"https:\/\/ave-eta-canada.com\/pvt-canada-hvordan-man-faar-sin-arbejdstilladelse-til-ferie\/"},"modified":"2023-04-23T18:16:22","modified_gmt":"2023-04-23T18:16:22","slug":"pvt-canada-hvordan-man-far-sin-arbejdstilladelse-til-ferie","status":"publish","type":"page","link":"https:\/\/ave-eta-canada.com\/da\/pvt-canada-hvordan-man-far-sin-arbejdstilladelse-til-ferie\/","title":{"rendered":"WHP Canada: hvordan f\u00e5r man en arbejdsferietilladelse?"},"content":{"rendered":"\n<h1 class=\"wp-block-heading\">WHP Canada: Tilladelse til at rejse til Canada<\/h1>\n\n<p><strong>For et ophold p\u00e5 under 6 m\u00e5neder i Canada<\/strong>: Du kan udfylde formaliteterne for indrejse i Canada direkte via internettet ved at klikke p\u00e5 <a href=\"https:\/\/ave-eta-canada.com\/da\/eta-canada-formular-online\/\">onlineformularen<\/a>. Det er ikke n\u00f8dvendigt at lave en aftale p\u00e5 den canadiske ambassade eller det canadiske konsulat.<\/p>\n\n<p>Dr\u00f8mmer du om at opleve Canada, mens du har mulighed for at udf\u00f8re sm\u00e5jobs for at finansiere din udforskning? Working Holiday Program (WHP Canada) er noget for dig.<\/p>\n\n<p>Dette program, der ogs\u00e5 er kendt som Working Holiday Visa (WHV), giver tusindvis af unge mellem 18 og 35 \u00e5r mulighed for at tage springet og flyve til poutineland for at f\u00e5 en uforglemmelig professionel og menneskelig oplevelse. Vi vil forklare det vigtigste om den canadiske WHP.<\/p>\n\n<h2 class=\"wp-block-heading\">Hvad er WHP Canada?<\/h2>\n\n<p>WHP Canada er et program for unge mellem 18 og 35 \u00e5r, der \u00f8nsker at bo i Canada i en periode p\u00e5 op til 24 m\u00e5neder. Canada er ikke det eneste land, der tilbyder et WHP, men det er helt sikkert et af de mest popul\u00e6re sammen med det australske WHP.<\/p>\n\n<p>Helt konkret kan indehavere af et working holiday-visum opholde sig i et land i op til et \u00e5r, to \u00e5r for Canadas vedkommende (gyldighedsperioden afh\u00e6nger af bilaterale aftaler mellem de enkelte lande) og arbejde i landet for at finansiere deres rejse. At finde et arbejde er ikke et krav i sig selv, men det kan v\u00e6re en k\u00e6rkommen hj\u00e6lp til at finansiere din rejse. <\/p>\n\n<p>Det er heller ikke n\u00f8dvendigt at finde et job inden afrejse, men det er n\u00f8dvendigt at have tilstr\u00e6kkelige \u00f8konomiske ressourcer til at fors\u00f8rge sig selv, i hvert fald i begyndelsen af rejsen (2.500 CAN$). <\/p>\n\n<p>WHP Canada har i nogen tid v\u00e6ret offer for sin egen succes, og antallet af ans\u00f8gninger har overskredet de kvoter, som den canadiske regering har fastsat. Tildelingen sker nu ved lodtr\u00e6kning i en r\u00e6kke indbydelserunder.<\/p>\n\n<p>PVT-deltagerne m\u00e5 derfor v\u00e6re t\u00e5lmodige og h\u00e5be p\u00e5 at blive udvalgt tilf\u00e6ldigt til at kunne rejse til Canada under den canadiske PVT.<\/p>\n\n<h2 class=\"wp-block-heading\">Hvordan f\u00e5r man et canadisk WHP?<\/h2>\n\n<h3 class=\"wp-block-heading\">Krav til st\u00f8tteberettigelse<\/h3>\n\n<p>Det Working Holiday-program, som den canadiske regering tilbyder, er kun \u00e5bent for statsborgere i alderen 18-35 \u00e5r fra et land, der har underskrevet en aftale med Canada under IEC-programmet (International Experience Canada).<\/p>\n\n<p>Et pas, der er gyldigt i hele WHP Canada, er naturligvis p\u00e5kr\u00e6vet.<\/p>\n\n<p>Du skal ogs\u00e5 have tilstr\u00e6kkelige midler til at fors\u00f8rge dig selv i de f\u00f8rste par m\u00e5neder af dit ophold (2.500 CAD$). Du skal have en flybillet til hjemrejse (eller udrejse), medmindre du kan bevise, at du har ekstra midler.<\/p>\n\n<h3 class=\"wp-block-heading\">S\u00e5dan ans\u00f8ger du om en WHP Canada<\/h3>\n\n<p>N\u00e5r du er sikker p\u00e5, at du opfylder adgangskriterierne, skal du oprette en EIC-kandidatprofil ved at udfylde et sp\u00f8rgeskema. De svar, du giver, afg\u00f8r, hvilken af f\u00f8lgende &#8220;puljer&#8221; din ans\u00f8gning placeres i:<\/p>\n\n<ul class=\"wp-block-list\"><li>PVT-puljen ;<\/li><li>den unge erhvervspool ;<\/li><li>Coop-tr\u00e6ningspuljen.<\/li><\/ul>\n\n<p>Profilerne gennemg\u00e5s derefter, og kandidaterne udv\u00e6lges ved tilf\u00e6ldig lodtr\u00e6kning i indkaldelsesrunder. I hver runde tr\u00e6kkes der flere personer, indtil den fastsatte kvote er n\u00e5et, hvilket svarer til 7 150 franske Pvtists for 2019.<\/p>\n\n<p>Hvis du er heldig nok til at blive udvalgt, vil du modtage en invitation til at ans\u00f8ge om arbejdstilladelse. Du har 10 dage til at acceptere denne invitation. N\u00e5r invitationen er blevet accepteret, har du 20 dage til at udfylde din ans\u00f8gning.<\/p>\n\n<p>Der skal vedl\u00e6gges en r\u00e6kke dokumenter til din ans\u00f8gning, bl.a.<\/p>\n\n<ul class=\"wp-block-list\"><li>en kopi af dit pas;<\/li><li>et pasfoto ;<\/li><li>dit CV ;<\/li><li>et uddrag af strafferegistret (i visse tilf\u00e6lde) ;<\/li><li>en l\u00e6geerkl\u00e6ring (i visse tilf\u00e6lde).<\/li><\/ul>\n\n<p>Derefter skal du betale et gebyr for at administrere din sag (150 CAD$) og for at f\u00e5 udstedt din &#8220;\u00e5bne&#8221; arbejdstilladelse (100 CAD$).<\/p>\n\n<p>N\u00e5r du har betalt gebyret, vil du blive bedt om at give dine biometriske data inden for 30 dage. For at g\u00f8re dette skal du henvende dig til et officielt indsamlingssted, der kaldes et visumans\u00f8gningscenter (VAC). Du vil f\u00e5 at vide, hvor din n\u00e6rmeste VAC er placeret.<\/p>\n\n<p>S\u00e5 snart din ans\u00f8gning er godkendt, f\u00e5r du et introduktionsbrev til indrejsehavnen tilsendt. Dette brev skal freml\u00e6gges for den canadiske toldembedsmand ved ankomsten.<\/p>\n\n<h3 class=\"wp-block-heading\">Forpligtelser, der skal overholdes<\/h3>\n\n<p>Der skal freml\u00e6gges et forsikringsbevis, der d\u00e6kker hele opholdet. Det er obligatorisk at tegne en rejseforsikring, da l\u00e6ge- og hjemrejseudgifterne hurtigt kan blive enorme p\u00e5 den anden side af Atlanten. Bem\u00e6rk venligst, at hvis din forsikring ikke d\u00e6kker hele WHP Canada-perioden, vil den blive reduceret tilsvarende.<\/p>\n\n<p>Canada har for nylig indf\u00f8rt en <a href=\"https:\/\/ave-eta-canada.com\/da\/leksikon-definitioner-eta-canada\/\">elektronisk rejsetilladelse eTA<\/a> for rejsende, der rejser til Canada med fly. Denne tilladelse vil v\u00e6re obligatorisk for de p\u00e5g\u00e6ldende rejsende, f.eks. for pvtists. I sidstn\u00e6vnte tilf\u00e6lde er <a href=\"https:\/\/ave-eta-canada.com\/da\/\">eTA<\/a> normalt automatisk knyttet til passet, uden at der er behov for en ans\u00f8gning. Vi anbefaler stadig, at du unders\u00f8ger, om du skal <a href=\"https:\/\/ave-eta-canada.com\/da\/foretag-en-officiel-canada-eta-anmodning\/\">ans\u00f8ge om en eTA<\/a>, inden du rejser.<\/p>\n\n<h2 class=\"wp-block-heading\">At finde arbejde i Canada<\/h2>\n\n<p>N\u00e5r du er i Canada, kan du begynde at s\u00f8ge arbejde inden for alle omr\u00e5der. I mods\u00e6tning til andre lande har WHP Canada n\u00e6sten ingen begr\u00e6nsninger med hensyn til jobtype eller tidsbegr\u00e6nsninger.<\/p>\n\n<p>Du skal sandsynligvis \u00e5bne en bankkonto for at kunne modtage din l\u00f8n i canadiske dollars og skal gennemf\u00f8re nogle formaliteter.<\/p>\n\n<p>Du kan ogs\u00e5 v\u00e6lge internationalt frivilligt arbejde ved at deltage i programmer som Helpx eller Wwoofing, hvor du kan opleve verdenen af \u00f8kologisk landbrug, mens du f\u00e5r mad og husly.<\/p>\n\n<p>Canada opfattes som et eldorado af unge fagfolk. Selv om arbejdsmarkedet i Canada er dynamisk, vil det stadig kr\u00e6ve en vis indsats at finde et job i Canada og tilpasse sig til et nyt milj\u00f8, da konkurrencen er h\u00e5rd blandt pvts. Glem ikke at \u00e6ndre dit cv til canadiske standarder for at v\u00e6re mere effektivt.<\/p>\n\n<p>Vidnesbyrdene fra personer, der har benyttet sig af dette program, er i de fleste tilf\u00e6lde positive. At opdage en ny kultur og tr\u00e6de ud af sin komfortzone kan kun v\u00e6re gavnligt for ens udvikling.<\/p>\n\n<p>En s\u00e5dan oplevelse kan endda f\u00e5 dig til at genoverveje visse valg, og hvorfor ikke blive permanent bosiddende i Canada eller andre steder. Hav en god tur !<\/p>\n","protected":false},"excerpt":{"rendered":"<p>WHP Canada: Tilladelse til at rejse til Canada For et ophold p\u00e5 under 6 m\u00e5neder i Canada: Du kan udfylde formaliteterne for indrejse i Canada direkte via internettet ved at klikke p\u00e5 onlineformularen. Det er ikke n\u00f8dvendigt at lave en aftale p\u00e5 den canadiske ambassade eller det canadiske konsulat. Dr\u00f8mmer du om at opleve Canada, [&hellip;]<\/p>\n","protected":false},"author":1,"featured_media":0,"parent":0,"menu_order":0,"comment_status":"closed","ping_status":"closed","template":"","meta":{"footnotes":""},"class_list":["post-4200","page","type-page","status-publish","hentry"],"yoast_head":"<!-- This site is optimized with the Yoast SEO plugin v26.9 - https:\/\/yoast.com\/product\/yoast-seo-wordpress\/ -->\n<title>WHP Canada: hvordan f\u00e5r man en arbejdsferietilladelse?<\/title>\n<meta name=\"description\" content=\"Tag p\u00e5 en WHP Canada-rejse og udforsk dette smukke land, mens du har mulighed for at finansiere din rejse ved at arbejde.\" \/>\n<meta name=\"robots\" content=\"index, follow, max-snippet:-1, max-image-preview:large, max-video-preview:-1\" \/>\n<link rel=\"canonical\" href=\"https:\/\/ave-eta-canada.com\/da\/pvt-canada-hvordan-man-far-sin-arbejdstilladelse-til-ferie\/\" \/>\n<meta property=\"og:locale\" content=\"da_DK\" \/>\n<meta property=\"og:type\" content=\"article\" \/>\n<meta property=\"og:title\" content=\"WHP Canada: hvordan f\u00e5r man en arbejdsferietilladelse?\" \/>\n<meta property=\"og:description\" content=\"Tag p\u00e5 en WHP Canada-rejse og udforsk dette smukke land, mens du har mulighed for at finansiere din rejse ved at arbejde.\" \/>\n<meta property=\"og:url\" content=\"https:\/\/ave-eta-canada.com\/da\/pvt-canada-hvordan-man-far-sin-arbejdstilladelse-til-ferie\/\" \/>\n<meta property=\"og:site_name\" content=\"VISA CANADA\" \/>\n<meta property=\"article:modified_time\" content=\"2023-04-23T18:16:22+00:00\" \/>\n<meta name=\"twitter:card\" content=\"summary_large_image\" \/>\n<meta name=\"twitter:label1\" content=\"Estimeret l\u00e6setid\" \/>\n\t<meta name=\"twitter:data1\" content=\"5 minutter\" \/>\n<script type=\"application\/ld+json\" class=\"yoast-schema-graph\">{\"@context\":\"https:\/\/schema.org\",\"@graph\":[{\"@type\":\"WebPage\",\"@id\":\"https:\/\/ave-eta-canada.com\/da\/pvt-canada-hvordan-man-far-sin-arbejdstilladelse-til-ferie\/\",\"url\":\"https:\/\/ave-eta-canada.com\/da\/pvt-canada-hvordan-man-far-sin-arbejdstilladelse-til-ferie\/\",\"name\":\"WHP Canada: hvordan f\u00e5r man en arbejdsferietilladelse?\",\"isPartOf\":{\"@id\":\"https:\/\/ave-eta-canada.com\/da\/#website\"},\"datePublished\":\"2023-04-18T14:41:47+00:00\",\"dateModified\":\"2023-04-23T18:16:22+00:00\",\"description\":\"Tag p\u00e5 en WHP Canada-rejse og udforsk dette smukke land, mens du har mulighed for at finansiere din rejse ved at arbejde.\",\"breadcrumb\":{\"@id\":\"https:\/\/ave-eta-canada.com\/da\/pvt-canada-hvordan-man-far-sin-arbejdstilladelse-til-ferie\/#breadcrumb\"},\"inLanguage\":\"da-DK\",\"potentialAction\":[{\"@type\":\"ReadAction\",\"target\":[\"https:\/\/ave-eta-canada.com\/da\/pvt-canada-hvordan-man-far-sin-arbejdstilladelse-til-ferie\/\"]}]},{\"@type\":\"BreadcrumbList\",\"@id\":\"https:\/\/ave-eta-canada.com\/da\/pvt-canada-hvordan-man-far-sin-arbejdstilladelse-til-ferie\/#breadcrumb\",\"itemListElement\":[{\"@type\":\"ListItem\",\"position\":1,\"name\":\"Home\",\"item\":\"https:\/\/ave-eta-canada.com\/da\/\"},{\"@type\":\"ListItem\",\"position\":2,\"name\":\"WHP Canada: hvordan f\u00e5r man en arbejdsferietilladelse?\"}]},{\"@type\":\"WebSite\",\"@id\":\"https:\/\/ave-eta-canada.com\/da\/#website\",\"url\":\"https:\/\/ave-eta-canada.com\/da\/\",\"name\":\"VISA CANADA\",\"description\":\"Autorisation Voyage Electronique\",\"potentialAction\":[{\"@type\":\"SearchAction\",\"target\":{\"@type\":\"EntryPoint\",\"urlTemplate\":\"https:\/\/ave-eta-canada.com\/da\/?s={search_term_string}\"},\"query-input\":{\"@type\":\"PropertyValueSpecification\",\"valueRequired\":true,\"valueName\":\"search_term_string\"}}],\"inLanguage\":\"da-DK\"}]}<\/script>\n<!-- \/ Yoast SEO plugin. -->","yoast_head_json":{"title":"WHP Canada: hvordan f\u00e5r man en arbejdsferietilladelse?","description":"Tag p\u00e5 en WHP Canada-rejse og udforsk dette smukke land, mens du har mulighed for at finansiere din rejse ved at arbejde.","robots":{"index":"index","follow":"follow","max-snippet":"max-snippet:-1","max-image-preview":"max-image-preview:large","max-video-preview":"max-video-preview:-1"},"canonical":"https:\/\/ave-eta-canada.com\/da\/pvt-canada-hvordan-man-far-sin-arbejdstilladelse-til-ferie\/","og_locale":"da_DK","og_type":"article","og_title":"WHP Canada: hvordan f\u00e5r man en arbejdsferietilladelse?","og_description":"Tag p\u00e5 en WHP Canada-rejse og udforsk dette smukke land, mens du har mulighed for at finansiere din rejse ved at arbejde.","og_url":"https:\/\/ave-eta-canada.com\/da\/pvt-canada-hvordan-man-far-sin-arbejdstilladelse-til-ferie\/","og_site_name":"VISA CANADA","article_modified_time":"2023-04-23T18:16:22+00:00","twitter_card":"summary_large_image","twitter_misc":{"Estimeret l\u00e6setid":"5 minutter"},"schema":{"@context":"https:\/\/schema.org","@graph":[{"@type":"WebPage","@id":"https:\/\/ave-eta-canada.com\/da\/pvt-canada-hvordan-man-far-sin-arbejdstilladelse-til-ferie\/","url":"https:\/\/ave-eta-canada.com\/da\/pvt-canada-hvordan-man-far-sin-arbejdstilladelse-til-ferie\/","name":"WHP Canada: hvordan f\u00e5r man en arbejdsferietilladelse?","isPartOf":{"@id":"https:\/\/ave-eta-canada.com\/da\/#website"},"datePublished":"2023-04-18T14:41:47+00:00","dateModified":"2023-04-23T18:16:22+00:00","description":"Tag p\u00e5 en WHP Canada-rejse og udforsk dette smukke land, mens du har mulighed for at finansiere din rejse ved at arbejde.","breadcrumb":{"@id":"https:\/\/ave-eta-canada.com\/da\/pvt-canada-hvordan-man-far-sin-arbejdstilladelse-til-ferie\/#breadcrumb"},"inLanguage":"da-DK","potentialAction":[{"@type":"ReadAction","target":["https:\/\/ave-eta-canada.com\/da\/pvt-canada-hvordan-man-far-sin-arbejdstilladelse-til-ferie\/"]}]},{"@type":"BreadcrumbList","@id":"https:\/\/ave-eta-canada.com\/da\/pvt-canada-hvordan-man-far-sin-arbejdstilladelse-til-ferie\/#breadcrumb","itemListElement":[{"@type":"ListItem","position":1,"name":"Home","item":"https:\/\/ave-eta-canada.com\/da\/"},{"@type":"ListItem","position":2,"name":"WHP Canada: hvordan f\u00e5r man en arbejdsferietilladelse?"}]},{"@type":"WebSite","@id":"https:\/\/ave-eta-canada.com\/da\/#website","url":"https:\/\/ave-eta-canada.com\/da\/","name":"VISA CANADA","description":"Autorisation Voyage Electronique","potentialAction":[{"@type":"SearchAction","target":{"@type":"EntryPoint","urlTemplate":"https:\/\/ave-eta-canada.com\/da\/?s={search_term_string}"},"query-input":{"@type":"PropertyValueSpecification","valueRequired":true,"valueName":"search_term_string"}}],"inLanguage":"da-DK"}]}},"_links":{"self":[{"href":"https:\/\/ave-eta-canada.com\/da\/wp-json\/wp\/v2\/pages\/4200","targetHints":{"allow":["GET"]}}],"collection":[{"href":"https:\/\/ave-eta-canada.com\/da\/wp-json\/wp\/v2\/pages"}],"about":[{"href":"https:\/\/ave-eta-canada.com\/da\/wp-json\/wp\/v2\/types\/page"}],"author":[{"embeddable":true,"href":"https:\/\/ave-eta-canada.com\/da\/wp-json\/wp\/v2\/users\/1"}],"replies":[{"embeddable":true,"href":"https:\/\/ave-eta-canada.com\/da\/wp-json\/wp\/v2\/comments?post=4200"}],"version-history":[{"count":0,"href":"https:\/\/ave-eta-canada.com\/da\/wp-json\/wp\/v2\/pages\/4200\/revisions"}],"wp:attachment":[{"href":"https:\/\/ave-eta-canada.com\/da\/wp-json\/wp\/v2\/media?parent=4200"}],"curies":[{"name":"wp","href":"https:\/\/api.w.org\/{rel}","templated":true}]}}