{"id":4210,"date":"2023-04-18T14:41:47","date_gmt":"2023-04-18T14:41:47","guid":{"rendered":"https:\/\/ave-eta-canada.com\/faq-ave-eta-canada-svar-paa-dine-spoergsmaal\/"},"modified":"2023-04-23T17:12:26","modified_gmt":"2023-04-23T17:12:26","slug":"eta-canada-svar-pa-dine-sporgsmal","status":"publish","type":"page","link":"https:\/\/ave-eta-canada.com\/da\/eta-canada-svar-pa-dine-sporgsmal\/","title":{"rendered":"Ofte stillede sp\u00f8rgsm\u00e5l eTA Canada | Svar p\u00e5 dine sp\u00f8rgsm\u00e5l"},"content":{"rendered":"\n<h1 class=\"wp-block-heading\">Svar p\u00e5 dine sp\u00f8rgsm\u00e5l<\/h1>\n\n<p>Du kan finde alle de vigtigste oplysninger om <a href=\"https:\/\/ave-eta-canada.com\/da\/eta-canada-nyheder\/\">eTA Canada<\/a> i disse ofte stillede sp\u00f8rgsm\u00e5l. Du kan derefter rejse til ahorntr\u00e6ernes land med ro i sindet!<\/p>\n\n<h2 class=\"wp-block-heading\">Hvad er en eTA Canada?<\/h2>\n\n<p>eTA (Electronic Travel Authorisation) er en <a href=\"https:\/\/ave-eta-canada.com\/da\/udfylde-eta-formular-for-canada\/\">officiel formular<\/a>, der udstedes af den canadiske regering, og som giver rejsende tilladelse til at rejse ind i Canada.<\/p>\n\n<h2 class=\"wp-block-heading\">Hvad er forskellen mellem en AVE og en eTA?<\/h2>\n\n<p>Ingen. AVE og eTA beskriver den samme rejsetilladelse. AVE er akronymet p\u00e5 fransk og eTA er akronymet p\u00e5 engelsk.<\/p>\n\n<h2 class=\"wp-block-heading\">Hvem er eTA-rejsetilladelsen til?<\/h2>\n\n<p><a href=\"https:\/\/ave-eta-canada.com\/da\/\">eTA Canada Travel Authorization<\/a> er rettet mod alle statsborgere fra lande, der er omfattet af visumfritagelsesprogrammet, og som \u00f8nsker at opholde sig i Canada i op til 6 m\u00e5neder. eTA-tilladelsen gives desuden kun til turistophold, forretningsrejser eller transit med fly.<\/p>\n\n<p>Bem\u00e6rk venligst, at personer, der rejser gennem USA, inden de rejser tilbage til Canada, skal ans\u00f8ge om ESTA-tilladelse fra den amerikanske regering ud over eTA-ans\u00f8gningen.<\/p>\n\n<h2 class=\"wp-block-heading\">Hvad skal jeg bruge for at ans\u00f8ge online om eTA?<\/h2>\n\n<p>Ved onlineans\u00f8gningen skal du udfylde en formular. Dette er, hvad du har brug for:<\/p>\n\n<ul class=\"wp-block-list\"><li>et gyldigt pas ;<\/li><li>et kredit- eller debetkort (Visa, MasterCard, American Express, JCB, UnionPay);<\/li><li>en gyldig e-mail-adresse.<\/li><\/ul>\n\n<h2 class=\"wp-block-heading\">Skal jeg betale for at ans\u00f8ge om en eTA Canada?<\/h2>\n\n<p><a href=\"https:\/\/ave-eta-canada.com\/da\/eta-canada-dens-pris\/\">Grundgebyret<\/a> for eTA-ans\u00f8gningen er 7 CAD$. Der kan forekomme yderligere gebyrer, hvis du abonnerer p\u00e5 yderligere tjenester (online assistance, verifikation af oplysninger osv.). Bem\u00e6rk, at eTA stadig er langt mere tilg\u00e6ngeligt end visummet, som koster mellem 100 og 200 CAN$.<\/p>\n\n<h2 class=\"wp-block-heading\">Hvad er forskellen mellem et eTA og et visum?<\/h2>\n\n<p>eTA giver dig mulighed for at opholde dig i Canada i op til 6 m\u00e5neder, men det g\u00e6lder kun for turister, forretningsrejsende og personer p\u00e5 gennemrejse. Hvis du \u00f8nsker at blive l\u00e6ngere tid, studere eller arbejde i landet, skal du ans\u00f8ge om et visum hos de konsul\u00e6re myndigheder.<\/p>\n\n<h2 class=\"wp-block-heading\">Hvor l\u00e6nge kan jeg bruge min eTA?<\/h2>\n\n<p>Tilladelsen til at rejse til Canada er gyldig i fem \u00e5r fra udstedelsesdatoen for dokumentet, forudsat at du har et gyldigt pas. I dette tilf\u00e6lde udl\u00f8ber tilladelsen p\u00e5 den dato, hvor passet udl\u00f8ber.<\/p>\n\n<h2 class=\"wp-block-heading\">Hvilke oplysninger bliver jeg bedt om p\u00e5 eTA-formularen?<\/h2>\n\n<p>F\u00f8rst skal den rejsende angive sin civilstand (efternavn, fornavn, f\u00f8dselsdato og -sted osv.) samt oplysninger om sit pas. Derefter stilles der forskellige sp\u00f8rgsm\u00e5l om helbredstilstand eller retshistorie. Endelig skal du udfylde dine bankoplysninger for at kunne betale gebyret for onlineans\u00f8gningen med kreditkort.<\/p>\n\n<h2 class=\"wp-block-heading\">Hvilke svar kan jeg f\u00e5 efter at have indsendt formularen?<\/h2>\n\n<p>Der er tre mulige svar:<\/p>\n\n<ul class=\"wp-block-list\"><li>Hvis du er blevet &#8220;godkendt&#8221;, har du officielt tilladelse til at rejse til Canada;<\/li><li>Hvis der er tale om &#8220;pending authorisation&#8221;, er ans\u00f8gningen under behandling, og der gives normalt et svar inden for f\u00e5 dage;<\/li><li>&#8220;Hvis du har f\u00e5et afslag p\u00e5 tilladelse, kan du ikke rejse til Canada med en eTA. Der er dog intet, der forhindrer dig i at ans\u00f8ge om et visum.<\/li><\/ul>\n\n<h2 class=\"wp-block-heading\">Hvor lang tid g\u00e5r der, f\u00f8r jeg modtager min eTA?<\/h2>\n\n<p>I mange tilf\u00e6lde sendes der et n\u00e6sten \u00f8jeblikkeligt svar, n\u00e5r formularen er indsendt. Hvis ikke, vil du blive kontaktet inden for 72 timer, forudsat at du har en gyldig e-mailadresse.<\/p>\n\n<h2 class=\"wp-block-heading\">Min eTA-ans\u00f8gning er blevet afvist, hvad kan jeg g\u00f8re?<\/h2>\n\n<p>Hvis de canadiske myndigheder n\u00e6gter at give dig rejsetilladelse, kan du stadig ans\u00f8ge om visum p\u00e5 den canadiske ambassade eller det canadiske konsulat.<\/p>\n\n<h2 class=\"wp-block-heading\">Skal jeg ans\u00f8ge om et eTA, hvis jeg allerede har et visum?<\/h2>\n\n<p>Det er ikke n\u00f8dvendigt at ans\u00f8ge om et eTA, hvis du allerede har et gyldigt canadisk visum.<\/p>\n\n<h2 class=\"wp-block-heading\">Skal jeg ans\u00f8ge om en ny eTA, hver gang jeg rejser til Canada?<\/h2>\n\n<p><a href=\"https:\/\/ave-eta-canada.com\/da\/praesentation-af-eta-canada\/\">eTA<\/a> &#8216;en er gyldig i 5 \u00e5r, hvilket betyder, at du kan rejse til Canada lige s\u00e5 mange gange, du vil, i denne periode. V\u00e6r opm\u00e6rksom p\u00e5 at overholde den maksimale lovbestemte varighed p\u00e5 6 m\u00e5neder. S\u00f8rg for, at dit pas stadig er gyldigt.<\/p>\n\n<h2 class=\"wp-block-heading\">Kan jeg lave en gruppeans\u00f8gning om en eTA?<\/h2>\n\n<p>Det er ikke muligt at ans\u00f8ge for en gruppe. Du skal ans\u00f8ge individuelt, udfylde de personlige oplysninger for hver enkelt person og betale behandlingsgebyret for hver enkelt person.<\/p>\n\n<h2 class=\"wp-block-heading\">M\u00e5 jeg rejse ind i Canada igen, hvis jeg har en eTA?<\/h2>\n\n<p>eTA giver dig mulighed for at rejse til Canada med fly. Det er dog kun de canadiske told- og immigrationsmyndigheder, der kan godkende din indrejse i Canada.<\/p>\n\n<h2 class=\"wp-block-heading\">Kan jeg \u00e6ndre mine oplysninger, efter at jeg har indsendt formularen?<\/h2>\n\n<p>Hvis du har bem\u00e6rket en <a href=\"https:\/\/ave-eta-canada.com\/da\/hvordan-man-aendrer-en-canada-eta\/\">fejl i din formular<\/a>, eller hvis der er \u00e6ndret oplysninger i dit pas, skal du v\u00e6re opm\u00e6rksom p\u00e5, at der ikke kan foretages \u00e6ndringer. Det vil s\u00e5 v\u00e6re n\u00f8dvendigt at indgive en ny ans\u00f8gning med de korrekte oplysninger.<\/p>\n\n<h2 class=\"wp-block-heading\">Skal jeg udskrive en papirudskrift af min eTA f\u00f8r jeg g\u00e5r om bord?<\/h2>\n\n<p>eTA er elektronisk knyttet til dit pas. Du beh\u00f8ver ikke at udskrive bekr\u00e6ftelses-e-mailen.<\/p>\n\n<h2 class=\"wp-block-heading\">Jeg har \u00e6ndret mit pas, er min eTA stadig gyldig?<\/h2>\n\n<p>Personoplysningerne i dit pas skal v\u00e6re n\u00f8jagtig de samme som de oplysninger, der er angivet i onlineformularen. Hvis du fornyer dit pas, efter du har f\u00e5et dit eTA, har du intet andet valg end at ans\u00f8ge om et nyt eTA.<\/p>\n\n<p>Kan du stadig ikke finde svaret p\u00e5 et sp\u00f8rgsm\u00e5l? Hvis du vil g\u00e5 videre, kan du l\u00e6se hj\u00e6lpesektionen og <a href=\"https:\/\/ave-eta-canada.com\/da\/leksikon-definitioner-eta-canada\/\">ordlisten<\/a>.<\/p>\n","protected":false},"excerpt":{"rendered":"<p>Svar p\u00e5 dine sp\u00f8rgsm\u00e5l Du kan finde alle de vigtigste oplysninger om eTA Canada i disse ofte stillede sp\u00f8rgsm\u00e5l. Du kan derefter rejse til ahorntr\u00e6ernes land med ro i sindet! Hvad er en eTA Canada? eTA (Electronic Travel Authorisation) er en officiel formular, der udstedes af den canadiske regering, og som giver rejsende tilladelse til [&hellip;]<\/p>\n","protected":false},"author":1,"featured_media":0,"parent":0,"menu_order":0,"comment_status":"closed","ping_status":"closed","template":"","meta":{"footnotes":""},"class_list":["post-4210","page","type-page","status-publish","hentry"],"yoast_head":"<!-- This site is optimized with the Yoast SEO plugin v26.9 - https:\/\/yoast.com\/product\/yoast-seo-wordpress\/ -->\n<title>Ofte stillede sp\u00f8rgsm\u00e5l eTA Canada | Svar p\u00e5 dine sp\u00f8rgsm\u00e5l<\/title>\n<meta name=\"description\" content=\"Alt, hvad du har brug for at vide om eTA-rejsetilladelse for at rejse til Canada. Vi besvarer alle dine sp\u00f8rgsm\u00e5l\" \/>\n<meta name=\"robots\" content=\"index, follow, max-snippet:-1, max-image-preview:large, max-video-preview:-1\" \/>\n<link rel=\"canonical\" href=\"https:\/\/ave-eta-canada.com\/da\/eta-canada-svar-pa-dine-sporgsmal\/\" \/>\n<meta property=\"og:locale\" content=\"da_DK\" \/>\n<meta property=\"og:type\" content=\"article\" \/>\n<meta property=\"og:title\" content=\"Ofte stillede sp\u00f8rgsm\u00e5l eTA Canada | Svar p\u00e5 dine sp\u00f8rgsm\u00e5l\" \/>\n<meta property=\"og:description\" content=\"Alt, hvad du har brug for at vide om eTA-rejsetilladelse for at rejse til Canada. Vi besvarer alle dine sp\u00f8rgsm\u00e5l\" \/>\n<meta property=\"og:url\" content=\"https:\/\/ave-eta-canada.com\/da\/eta-canada-svar-pa-dine-sporgsmal\/\" \/>\n<meta property=\"og:site_name\" content=\"VISA CANADA\" \/>\n<meta property=\"article:modified_time\" content=\"2023-04-23T17:12:26+00:00\" \/>\n<meta name=\"twitter:card\" content=\"summary_large_image\" \/>\n<meta name=\"twitter:label1\" content=\"Estimeret l\u00e6setid\" \/>\n\t<meta name=\"twitter:data1\" content=\"5 minutter\" \/>\n<script type=\"application\/ld+json\" class=\"yoast-schema-graph\">{\"@context\":\"https:\/\/schema.org\",\"@graph\":[{\"@type\":\"WebPage\",\"@id\":\"https:\/\/ave-eta-canada.com\/da\/eta-canada-svar-pa-dine-sporgsmal\/\",\"url\":\"https:\/\/ave-eta-canada.com\/da\/eta-canada-svar-pa-dine-sporgsmal\/\",\"name\":\"Ofte stillede sp\u00f8rgsm\u00e5l eTA Canada | Svar p\u00e5 dine sp\u00f8rgsm\u00e5l\",\"isPartOf\":{\"@id\":\"https:\/\/ave-eta-canada.com\/da\/#website\"},\"datePublished\":\"2023-04-18T14:41:47+00:00\",\"dateModified\":\"2023-04-23T17:12:26+00:00\",\"description\":\"Alt, hvad du har brug for at vide om eTA-rejsetilladelse for at rejse til Canada. Vi besvarer alle dine sp\u00f8rgsm\u00e5l\",\"breadcrumb\":{\"@id\":\"https:\/\/ave-eta-canada.com\/da\/eta-canada-svar-pa-dine-sporgsmal\/#breadcrumb\"},\"inLanguage\":\"da-DK\",\"potentialAction\":[{\"@type\":\"ReadAction\",\"target\":[\"https:\/\/ave-eta-canada.com\/da\/eta-canada-svar-pa-dine-sporgsmal\/\"]}]},{\"@type\":\"BreadcrumbList\",\"@id\":\"https:\/\/ave-eta-canada.com\/da\/eta-canada-svar-pa-dine-sporgsmal\/#breadcrumb\",\"itemListElement\":[{\"@type\":\"ListItem\",\"position\":1,\"name\":\"Home\",\"item\":\"https:\/\/ave-eta-canada.com\/da\/\"},{\"@type\":\"ListItem\",\"position\":2,\"name\":\"Ofte stillede sp\u00f8rgsm\u00e5l eTA Canada | Svar p\u00e5 dine sp\u00f8rgsm\u00e5l\"}]},{\"@type\":\"WebSite\",\"@id\":\"https:\/\/ave-eta-canada.com\/da\/#website\",\"url\":\"https:\/\/ave-eta-canada.com\/da\/\",\"name\":\"VISA CANADA\",\"description\":\"Autorisation Voyage Electronique\",\"potentialAction\":[{\"@type\":\"SearchAction\",\"target\":{\"@type\":\"EntryPoint\",\"urlTemplate\":\"https:\/\/ave-eta-canada.com\/da\/?s={search_term_string}\"},\"query-input\":{\"@type\":\"PropertyValueSpecification\",\"valueRequired\":true,\"valueName\":\"search_term_string\"}}],\"inLanguage\":\"da-DK\"}]}<\/script>\n<!-- \/ Yoast SEO plugin. -->","yoast_head_json":{"title":"Ofte stillede sp\u00f8rgsm\u00e5l eTA Canada | Svar p\u00e5 dine sp\u00f8rgsm\u00e5l","description":"Alt, hvad du har brug for at vide om eTA-rejsetilladelse for at rejse til Canada. Vi besvarer alle dine sp\u00f8rgsm\u00e5l","robots":{"index":"index","follow":"follow","max-snippet":"max-snippet:-1","max-image-preview":"max-image-preview:large","max-video-preview":"max-video-preview:-1"},"canonical":"https:\/\/ave-eta-canada.com\/da\/eta-canada-svar-pa-dine-sporgsmal\/","og_locale":"da_DK","og_type":"article","og_title":"Ofte stillede sp\u00f8rgsm\u00e5l eTA Canada | Svar p\u00e5 dine sp\u00f8rgsm\u00e5l","og_description":"Alt, hvad du har brug for at vide om eTA-rejsetilladelse for at rejse til Canada. Vi besvarer alle dine sp\u00f8rgsm\u00e5l","og_url":"https:\/\/ave-eta-canada.com\/da\/eta-canada-svar-pa-dine-sporgsmal\/","og_site_name":"VISA CANADA","article_modified_time":"2023-04-23T17:12:26+00:00","twitter_card":"summary_large_image","twitter_misc":{"Estimeret l\u00e6setid":"5 minutter"},"schema":{"@context":"https:\/\/schema.org","@graph":[{"@type":"WebPage","@id":"https:\/\/ave-eta-canada.com\/da\/eta-canada-svar-pa-dine-sporgsmal\/","url":"https:\/\/ave-eta-canada.com\/da\/eta-canada-svar-pa-dine-sporgsmal\/","name":"Ofte stillede sp\u00f8rgsm\u00e5l eTA Canada | Svar p\u00e5 dine sp\u00f8rgsm\u00e5l","isPartOf":{"@id":"https:\/\/ave-eta-canada.com\/da\/#website"},"datePublished":"2023-04-18T14:41:47+00:00","dateModified":"2023-04-23T17:12:26+00:00","description":"Alt, hvad du har brug for at vide om eTA-rejsetilladelse for at rejse til Canada. Vi besvarer alle dine sp\u00f8rgsm\u00e5l","breadcrumb":{"@id":"https:\/\/ave-eta-canada.com\/da\/eta-canada-svar-pa-dine-sporgsmal\/#breadcrumb"},"inLanguage":"da-DK","potentialAction":[{"@type":"ReadAction","target":["https:\/\/ave-eta-canada.com\/da\/eta-canada-svar-pa-dine-sporgsmal\/"]}]},{"@type":"BreadcrumbList","@id":"https:\/\/ave-eta-canada.com\/da\/eta-canada-svar-pa-dine-sporgsmal\/#breadcrumb","itemListElement":[{"@type":"ListItem","position":1,"name":"Home","item":"https:\/\/ave-eta-canada.com\/da\/"},{"@type":"ListItem","position":2,"name":"Ofte stillede sp\u00f8rgsm\u00e5l eTA Canada | Svar p\u00e5 dine sp\u00f8rgsm\u00e5l"}]},{"@type":"WebSite","@id":"https:\/\/ave-eta-canada.com\/da\/#website","url":"https:\/\/ave-eta-canada.com\/da\/","name":"VISA CANADA","description":"Autorisation Voyage Electronique","potentialAction":[{"@type":"SearchAction","target":{"@type":"EntryPoint","urlTemplate":"https:\/\/ave-eta-canada.com\/da\/?s={search_term_string}"},"query-input":{"@type":"PropertyValueSpecification","valueRequired":true,"valueName":"search_term_string"}}],"inLanguage":"da-DK"}]}},"_links":{"self":[{"href":"https:\/\/ave-eta-canada.com\/da\/wp-json\/wp\/v2\/pages\/4210","targetHints":{"allow":["GET"]}}],"collection":[{"href":"https:\/\/ave-eta-canada.com\/da\/wp-json\/wp\/v2\/pages"}],"about":[{"href":"https:\/\/ave-eta-canada.com\/da\/wp-json\/wp\/v2\/types\/page"}],"author":[{"embeddable":true,"href":"https:\/\/ave-eta-canada.com\/da\/wp-json\/wp\/v2\/users\/1"}],"replies":[{"embeddable":true,"href":"https:\/\/ave-eta-canada.com\/da\/wp-json\/wp\/v2\/comments?post=4210"}],"version-history":[{"count":0,"href":"https:\/\/ave-eta-canada.com\/da\/wp-json\/wp\/v2\/pages\/4210\/revisions"}],"wp:attachment":[{"href":"https:\/\/ave-eta-canada.com\/da\/wp-json\/wp\/v2\/media?parent=4210"}],"curies":[{"name":"wp","href":"https:\/\/api.w.org\/{rel}","templated":true}]}}