{"id":4228,"date":"2023-04-18T14:41:49","date_gmt":"2023-04-18T14:41:49","guid":{"rendered":"https:\/\/ave-eta-canada.com\/alt-ved-om-betingelser-for-rejser-i-canada\/"},"modified":"2023-04-23T18:04:27","modified_gmt":"2023-04-23T18:04:27","slug":"eta-krav-for-at-rejse-til-canada","status":"publish","type":"page","link":"https:\/\/ave-eta-canada.com\/da\/eta-krav-for-at-rejse-til-canada\/","title":{"rendered":"Kravene i eTA for rejser til Canada"},"content":{"rendered":"\n<h1 class=\"wp-block-heading\">Hvad er eTA-kravene for at rejse til Canada?<\/h1>\n\n<p>For mange rejsende er det ikke l\u00e6ngere n\u00f8dvendigt med en visumans\u00f8gning for at rejse til Canada. Det eneste, du skal g\u00f8re, er at f\u00e5 en elektronisk rejsetilladelse (eTA) via internettet.<\/p>\n\n<p><strong>For et ophold p\u00e5 under 6 m\u00e5neder i Canada<\/strong>: Du kan udfylde formaliteterne for indrejse i Canada direkte via internettet ved at klikke p\u00e5 <a href=\"https:\/\/ave-eta-canada.com\/da\/eta-canada-formular-online\/\">onlineformularen<\/a>. Det er ikke n\u00f8dvendigt at lave en aftale p\u00e5 den canadiske ambassade eller det canadiske konsulat.<\/p>\n\n<p>eTA er meget mere bekvemt og hurtigere at f\u00e5, men du skal v\u00e6re berettiget. Vi forklarer dig alt om eTA-kravene, s\u00e5 du kan rejse til Canada med ro i sindet.<\/p>\n\n<h2 class=\"wp-block-heading\">eTA-betingelserne for ophold i Canada<\/h2>\n\n<p>Du har m\u00e5ske h\u00f8rt udtrykket <a href=\"https:\/\/ave-eta-canada.com\/da\/praesentation-af-eta-canada\/\">eTA-tilladelse <\/a>, mens du har lavet research. Bem\u00e6rk venligst, at AVE og eTA henviser til den samme rejsetilladelse. eTA st\u00e5r for Electronic Travel Authorization (elektronisk rejsetilladelse). <\/p>\n\n<p>Du skal kun have en elektronisk rejsetilladelse (eTA), hvis du rejser til Canada med fly. I mods\u00e6tning til den amerikanske pendant, ESTA, som ogs\u00e5 er p\u00e5kr\u00e6vet ved indrejse ad s\u00f8vejen.<\/p>\n\n<p>En anden betingelse for eTA er, at din rejse skal v\u00e6re en turist- eller forretningsrejse i h\u00f8jst 6 m\u00e5neder.<\/p>\n\n<p>Selv hvis du kun rejser gennem Canada til din endelige destination, er det <a href=\"https:\/\/ave-eta-canada.com\/da\/eta-canada-obligatorisk\/\">n\u00f8dvendigt med en eTA<\/a>.<\/p>\n\n<p>Du skal v\u00e6re statsborger i et land, der er medlem af den canadiske regerings Visa Waiver Program. Dette program er \u00e5bent for rejsende af 61 nationaliteter.<\/p>\n\n<p>En undtagelse i eTA-betingelserne vedr\u00f8rer franske statsborgere, der er bosiddende i St Pierre og Miquelon. De beh\u00f8ver ikke at ans\u00f8ge, hvis de rejser fra deres \u00f8 til Canada. De skal dog ligesom alle indehavere af et fransk pas ans\u00f8ge om visum, hvis de rejser med fly til Canada fra Frankrigs hovedstadsomr\u00e5de eller de franske overs\u00f8iske departementer og territorier.<\/p>\n\n<p>Hvis du allerede har et visum udstedt af den canadiske regering, beh\u00f8ver du ikke at <a href=\"https:\/\/ave-eta-canada.com\/da\/\">ans\u00f8ge om et eTA<\/a>.<\/p>\n\n<p>En eTA er ikke en arbejdstilladelse og giver dig ikke ret til at arbejde, praktikere eller studere i Canada. Hvis du \u00f8nsker at immigrere til Canada, skal du kontakte det canadiske konsulat for at finde ud af, hvad du skal g\u00f8re.<\/p>\n\n<h2 class=\"wp-block-heading\">Biometrisk pas: et krav til eTA<\/h2>\n\n<p>Et andet krav til eTA&#8217;en er, at den skal have et biometrisk eller elektronisk pas.<\/p>\n\n<p>N\u00e5r tilladelsen er godkendt, er den nemlig knyttet til ans\u00f8gerens pas. Det er derfor ikke et dokument, som du skal have med dig. For at eTA kan kobles sammen, skal den rejsende have et pas, der opfylder de n\u00f8dvendige teknologiske standarder.<\/p>\n\n<p>En eTA er gyldig i 5 \u00e5r, men et af kravene til en eTA er, at den skal v\u00e6re knyttet til et gyldigt pas. Det betyder, at hvis dit pas udl\u00f8ber inden denne 5-\u00e5rige periode, skal du ans\u00f8ge om et nyt pas p\u00e5 ny.<\/p>\n\n<p>Bem\u00e6rk venligst, at en eTA <a href=\"https:\/\/ave-eta-canada.com\/da\/gyldigheden-af-eta-canada\/\">er gyldig til flere rejser<\/a>. Du kan vende tilbage flere gange i l\u00f8bet af gyldighedsperioden, hvis form\u00e5let med dit ophold i Canada stadig svarer til ovenst\u00e5ende kriterier.<\/p>\n\n<h2 class=\"wp-block-heading\">Har en e-mail-adresse og et kreditkort<\/h2>\n\n<p>Du beh\u00f8ver ikke at henvende dig til din n\u00e6rmeste canadiske ambassade for at ans\u00f8ge om en eTA. Den eneste mulighed er at ans\u00f8ge online, enten via det offentlige websted eller via en privat tjenesteudbyder, som f.eks. vores partner.<\/p>\n\n<p>Du skal udfylde en online-formular om dine personlige oplysninger samt om dit helbred og din straffeattest. Alle disse sp\u00f8rgsm\u00e5l stilles for bedre at kunne kontrollere indrejsen i Canada.<\/p>\n\n<p>Et af kravene for at afslutte din ans\u00f8gning er, at du skal have en gyldig e-mailadresse og et kreditkort til at betale gebyret. <a href=\"https:\/\/ave-eta-canada.com\/da\/eta-canada-dens-pris\/\">Prisen for eTA<\/a> varierer alt efter hvilken metode der anvendes.<\/p>\n\n<p>Som du kan se, er eTA-kravene ikke de mest restriktive, men du skal v\u00e6re omhyggelig, n\u00e5r du udfylder formularen, og s\u00f8rge for, at du ikke laver nogen fejl.<\/p>\n\n<p>Det er ogs\u00e5 vigtigt at skelne mellem eTA og Working Holiday Programme (WHP). Kravene i eTA og WHP Canada er to helt forskellige ting og henvender sig ikke til den samme m\u00e5lgruppe. S\u00f8rg for at ordne dine arrangementer i god tid, s\u00e5 du ikke bliver overrasket, n\u00e5r du skal af sted.<\/p>\n","protected":false},"excerpt":{"rendered":"<p>Hvad er eTA-kravene for at rejse til Canada? For mange rejsende er det ikke l\u00e6ngere n\u00f8dvendigt med en visumans\u00f8gning for at rejse til Canada. Det eneste, du skal g\u00f8re, er at f\u00e5 en elektronisk rejsetilladelse (eTA) via internettet. For et ophold p\u00e5 under 6 m\u00e5neder i Canada: Du kan udfylde formaliteterne for indrejse i Canada [&hellip;]<\/p>\n","protected":false},"author":1,"featured_media":0,"parent":0,"menu_order":0,"comment_status":"closed","ping_status":"closed","template":"","meta":{"footnotes":""},"class_list":["post-4228","page","type-page","status-publish","hentry"],"yoast_head":"<!-- This site is optimized with the Yoast SEO plugin v26.9 - https:\/\/yoast.com\/product\/yoast-seo-wordpress\/ -->\n<title>Kravene i eTA for rejser til Canada<\/title>\n<meta name=\"description\" content=\"Skal du snart til Canada, men kender ikke kravene til eTA-berettigelse? Vi forklarer alt i detaljer i denne artikel.\" \/>\n<meta name=\"robots\" content=\"index, follow, max-snippet:-1, max-image-preview:large, max-video-preview:-1\" \/>\n<link rel=\"canonical\" href=\"https:\/\/ave-eta-canada.com\/da\/eta-krav-for-at-rejse-til-canada\/\" \/>\n<meta property=\"og:locale\" content=\"da_DK\" \/>\n<meta property=\"og:type\" content=\"article\" \/>\n<meta property=\"og:title\" content=\"Kravene i eTA for rejser til Canada\" \/>\n<meta property=\"og:description\" content=\"Skal du snart til Canada, men kender ikke kravene til eTA-berettigelse? Vi forklarer alt i detaljer i denne artikel.\" \/>\n<meta property=\"og:url\" content=\"https:\/\/ave-eta-canada.com\/da\/eta-krav-for-at-rejse-til-canada\/\" \/>\n<meta property=\"og:site_name\" content=\"VISA CANADA\" \/>\n<meta property=\"article:modified_time\" content=\"2023-04-23T18:04:27+00:00\" \/>\n<meta name=\"twitter:card\" content=\"summary_large_image\" \/>\n<meta name=\"twitter:label1\" content=\"Estimeret l\u00e6setid\" \/>\n\t<meta name=\"twitter:data1\" content=\"4 minutter\" \/>\n<script type=\"application\/ld+json\" class=\"yoast-schema-graph\">{\"@context\":\"https:\/\/schema.org\",\"@graph\":[{\"@type\":\"WebPage\",\"@id\":\"https:\/\/ave-eta-canada.com\/da\/eta-krav-for-at-rejse-til-canada\/\",\"url\":\"https:\/\/ave-eta-canada.com\/da\/eta-krav-for-at-rejse-til-canada\/\",\"name\":\"Kravene i eTA for rejser til Canada\",\"isPartOf\":{\"@id\":\"https:\/\/ave-eta-canada.com\/da\/#website\"},\"datePublished\":\"2023-04-18T14:41:49+00:00\",\"dateModified\":\"2023-04-23T18:04:27+00:00\",\"description\":\"Skal du snart til Canada, men kender ikke kravene til eTA-berettigelse? Vi forklarer alt i detaljer i denne artikel.\",\"breadcrumb\":{\"@id\":\"https:\/\/ave-eta-canada.com\/da\/eta-krav-for-at-rejse-til-canada\/#breadcrumb\"},\"inLanguage\":\"da-DK\",\"potentialAction\":[{\"@type\":\"ReadAction\",\"target\":[\"https:\/\/ave-eta-canada.com\/da\/eta-krav-for-at-rejse-til-canada\/\"]}]},{\"@type\":\"BreadcrumbList\",\"@id\":\"https:\/\/ave-eta-canada.com\/da\/eta-krav-for-at-rejse-til-canada\/#breadcrumb\",\"itemListElement\":[{\"@type\":\"ListItem\",\"position\":1,\"name\":\"Home\",\"item\":\"https:\/\/ave-eta-canada.com\/da\/\"},{\"@type\":\"ListItem\",\"position\":2,\"name\":\"Kravene i eTA for rejser til Canada\"}]},{\"@type\":\"WebSite\",\"@id\":\"https:\/\/ave-eta-canada.com\/da\/#website\",\"url\":\"https:\/\/ave-eta-canada.com\/da\/\",\"name\":\"VISA CANADA\",\"description\":\"Autorisation Voyage Electronique\",\"potentialAction\":[{\"@type\":\"SearchAction\",\"target\":{\"@type\":\"EntryPoint\",\"urlTemplate\":\"https:\/\/ave-eta-canada.com\/da\/?s={search_term_string}\"},\"query-input\":{\"@type\":\"PropertyValueSpecification\",\"valueRequired\":true,\"valueName\":\"search_term_string\"}}],\"inLanguage\":\"da-DK\"}]}<\/script>\n<!-- \/ Yoast SEO plugin. -->","yoast_head_json":{"title":"Kravene i eTA for rejser til Canada","description":"Skal du snart til Canada, men kender ikke kravene til eTA-berettigelse? Vi forklarer alt i detaljer i denne artikel.","robots":{"index":"index","follow":"follow","max-snippet":"max-snippet:-1","max-image-preview":"max-image-preview:large","max-video-preview":"max-video-preview:-1"},"canonical":"https:\/\/ave-eta-canada.com\/da\/eta-krav-for-at-rejse-til-canada\/","og_locale":"da_DK","og_type":"article","og_title":"Kravene i eTA for rejser til Canada","og_description":"Skal du snart til Canada, men kender ikke kravene til eTA-berettigelse? Vi forklarer alt i detaljer i denne artikel.","og_url":"https:\/\/ave-eta-canada.com\/da\/eta-krav-for-at-rejse-til-canada\/","og_site_name":"VISA CANADA","article_modified_time":"2023-04-23T18:04:27+00:00","twitter_card":"summary_large_image","twitter_misc":{"Estimeret l\u00e6setid":"4 minutter"},"schema":{"@context":"https:\/\/schema.org","@graph":[{"@type":"WebPage","@id":"https:\/\/ave-eta-canada.com\/da\/eta-krav-for-at-rejse-til-canada\/","url":"https:\/\/ave-eta-canada.com\/da\/eta-krav-for-at-rejse-til-canada\/","name":"Kravene i eTA for rejser til Canada","isPartOf":{"@id":"https:\/\/ave-eta-canada.com\/da\/#website"},"datePublished":"2023-04-18T14:41:49+00:00","dateModified":"2023-04-23T18:04:27+00:00","description":"Skal du snart til Canada, men kender ikke kravene til eTA-berettigelse? Vi forklarer alt i detaljer i denne artikel.","breadcrumb":{"@id":"https:\/\/ave-eta-canada.com\/da\/eta-krav-for-at-rejse-til-canada\/#breadcrumb"},"inLanguage":"da-DK","potentialAction":[{"@type":"ReadAction","target":["https:\/\/ave-eta-canada.com\/da\/eta-krav-for-at-rejse-til-canada\/"]}]},{"@type":"BreadcrumbList","@id":"https:\/\/ave-eta-canada.com\/da\/eta-krav-for-at-rejse-til-canada\/#breadcrumb","itemListElement":[{"@type":"ListItem","position":1,"name":"Home","item":"https:\/\/ave-eta-canada.com\/da\/"},{"@type":"ListItem","position":2,"name":"Kravene i eTA for rejser til Canada"}]},{"@type":"WebSite","@id":"https:\/\/ave-eta-canada.com\/da\/#website","url":"https:\/\/ave-eta-canada.com\/da\/","name":"VISA CANADA","description":"Autorisation Voyage Electronique","potentialAction":[{"@type":"SearchAction","target":{"@type":"EntryPoint","urlTemplate":"https:\/\/ave-eta-canada.com\/da\/?s={search_term_string}"},"query-input":{"@type":"PropertyValueSpecification","valueRequired":true,"valueName":"search_term_string"}}],"inLanguage":"da-DK"}]}},"_links":{"self":[{"href":"https:\/\/ave-eta-canada.com\/da\/wp-json\/wp\/v2\/pages\/4228","targetHints":{"allow":["GET"]}}],"collection":[{"href":"https:\/\/ave-eta-canada.com\/da\/wp-json\/wp\/v2\/pages"}],"about":[{"href":"https:\/\/ave-eta-canada.com\/da\/wp-json\/wp\/v2\/types\/page"}],"author":[{"embeddable":true,"href":"https:\/\/ave-eta-canada.com\/da\/wp-json\/wp\/v2\/users\/1"}],"replies":[{"embeddable":true,"href":"https:\/\/ave-eta-canada.com\/da\/wp-json\/wp\/v2\/comments?post=4228"}],"version-history":[{"count":0,"href":"https:\/\/ave-eta-canada.com\/da\/wp-json\/wp\/v2\/pages\/4228\/revisions"}],"wp:attachment":[{"href":"https:\/\/ave-eta-canada.com\/da\/wp-json\/wp\/v2\/media?parent=4228"}],"curies":[{"name":"wp","href":"https:\/\/api.w.org\/{rel}","templated":true}]}}