{"id":4232,"date":"2023-04-18T14:41:49","date_gmt":"2023-04-18T14:41:49","guid":{"rendered":"https:\/\/ave-eta-canada.com\/la-langue-francaise-disparait-peu-a-peu-du-canada\/"},"modified":"2023-04-23T17:20:05","modified_gmt":"2023-04-23T17:20:05","slug":"det-franske-sprog-forsvinder-gradvist-fra-canada","status":"publish","type":"page","link":"https:\/\/ave-eta-canada.com\/da\/det-franske-sprog-forsvinder-gradvist-fra-canada\/","title":{"rendered":"Det franske sprog er langsomt ved at forsvinde fra Canada"},"content":{"rendered":"\n<h1 class=\"wp-block-heading\">Franskm\u00e6ndenes forsvinden i det engelske Canada<\/h1>\n\n<p>Canada er et af franskm\u00e6ndenes foretrukne turistm\u00e5l, men ogs\u00e5 et v\u00e6rtsland for mange udl\u00e6ndinge. Flere og flere canadiere er imod at l\u00e6re fransk. Hvorfor er de ikke interesserede i Moli\u00e8res sprog? Og hvad er fremtiden for fransk i Canada?<\/p>\n\n<h2 class=\"wp-block-heading\">Den nuv\u00e6rende situation<\/h2>\n\n<p>Engelsk og fransk er de to officielle sprog i Canada i henhold til den lov, der blev vedtaget i 1969 af Canadas parlament. Tidligere var tosprogethed meget vigtigt. Men p\u00e5 trods af denne sproglovgivning er engelsk-kanadiere mindre og mindre tilb\u00f8jelige til at l\u00e6re eller tale fransk. Der er 10 millioner mennesker i 2018, der siger, at de kan <a href=\"https:\/\/ave-eta-canada.com\/da\/eta-canada-nyheder\/\">tale fransk<\/a>, men dette tal er konstant faldende.<\/p>\n\n<p>De er allerede foruroliget over at skulle l\u00e6re et andet obligatorisk sprog, og flere og flere sp\u00f8rger, hvorfor det skal v\u00e6re fransk. Nogle canadiere mener, at det er uretf\u00e6rdigt at l\u00e6re fransk i stedet for et andet sprog. Selv i Quebec er fransk blevet mindre vigtigt.<\/p>\n\n<p>Der er ved at opst\u00e5 et f\u00e6nomen, nemlig at man n\u00e6gter at leve p\u00e5 fransk. Det er stadig fint at bruge fransk p\u00e5 arbejdet, men n\u00e5r man f\u00f8rst er hjemme, tager det andet officielle sprog over. Fransk som f\u00f8rstesprog er ogs\u00e5 i tilbagegang.<br\/><\/p>\n\n<h2 class=\"wp-block-heading\">Hvilken fremtid for det franske sprog i Canada?<\/h2>\n\n<p>Mange unders\u00f8gelser viser, at der er en dyb kl\u00f8ft mellem Canadas to officielle samfund.<\/p>\n\n<p><a href=\"https:\/\/www.canada.ca\/\">Quebecs regering<\/a> \u00f8nsker at genindf\u00f8re fransk i sm\u00e5 og mellemstore virksomheder for at tilskynde canadierne til at l\u00e6re Moli\u00e8res sprog. Denne handlingsplan vil bidrage til at bevare det franske sprog og samtidig g\u00f8re det lettere for tosprogede at finde arbejde. Engelsktalende og fransktalende ville have lettere ved at f\u00e5 et job.<\/p>\n\n<p>Det er tydeligt, at fransk efterh\u00e5nden er ved at blive et arbejdssprog for canadierne snarere end et hjertesprog.<\/p>\n","protected":false},"excerpt":{"rendered":"<p>Franskm\u00e6ndenes forsvinden i det engelske Canada Canada er et af franskm\u00e6ndenes foretrukne turistm\u00e5l, men ogs\u00e5 et v\u00e6rtsland for mange udl\u00e6ndinge. Flere og flere canadiere er imod at l\u00e6re fransk. Hvorfor er de ikke interesserede i Moli\u00e8res sprog? Og hvad er fremtiden for fransk i Canada? Den nuv\u00e6rende situation Engelsk og fransk er de to officielle [&hellip;]<\/p>\n","protected":false},"author":1,"featured_media":0,"parent":0,"menu_order":0,"comment_status":"closed","ping_status":"closed","template":"","meta":{"footnotes":""},"class_list":["post-4232","page","type-page","status-publish","hentry"],"yoast_head":"<!-- This site is optimized with the Yoast SEO plugin v26.9 - https:\/\/yoast.com\/product\/yoast-seo-wordpress\/ -->\n<title>Det franske sprog er langsomt ved at forsvinde fra Canada<\/title>\n<meta name=\"description\" content=\"Canada er et popul\u00e6rt rejsem\u00e5l for franske rejsende, men fransk er ikke s\u00e5 udbredt. Hvorfor denne mangel p\u00e5 interesse? Svar i denne artikel.\" \/>\n<meta name=\"robots\" content=\"index, follow, max-snippet:-1, max-image-preview:large, max-video-preview:-1\" \/>\n<link rel=\"canonical\" href=\"https:\/\/ave-eta-canada.com\/da\/det-franske-sprog-forsvinder-gradvist-fra-canada\/\" \/>\n<meta property=\"og:locale\" content=\"da_DK\" \/>\n<meta property=\"og:type\" content=\"article\" \/>\n<meta property=\"og:title\" content=\"Det franske sprog er langsomt ved at forsvinde fra Canada\" \/>\n<meta property=\"og:description\" content=\"Canada er et popul\u00e6rt rejsem\u00e5l for franske rejsende, men fransk er ikke s\u00e5 udbredt. Hvorfor denne mangel p\u00e5 interesse? Svar i denne artikel.\" \/>\n<meta property=\"og:url\" content=\"https:\/\/ave-eta-canada.com\/da\/det-franske-sprog-forsvinder-gradvist-fra-canada\/\" \/>\n<meta property=\"og:site_name\" content=\"VISA CANADA\" \/>\n<meta property=\"article:modified_time\" content=\"2023-04-23T17:20:05+00:00\" \/>\n<meta name=\"twitter:card\" content=\"summary_large_image\" \/>\n<meta name=\"twitter:label1\" content=\"Estimeret l\u00e6setid\" \/>\n\t<meta name=\"twitter:data1\" content=\"2 minutter\" \/>\n<script type=\"application\/ld+json\" class=\"yoast-schema-graph\">{\"@context\":\"https:\/\/schema.org\",\"@graph\":[{\"@type\":\"WebPage\",\"@id\":\"https:\/\/ave-eta-canada.com\/da\/det-franske-sprog-forsvinder-gradvist-fra-canada\/\",\"url\":\"https:\/\/ave-eta-canada.com\/da\/det-franske-sprog-forsvinder-gradvist-fra-canada\/\",\"name\":\"Det franske sprog er langsomt ved at forsvinde fra Canada\",\"isPartOf\":{\"@id\":\"https:\/\/ave-eta-canada.com\/da\/#website\"},\"datePublished\":\"2023-04-18T14:41:49+00:00\",\"dateModified\":\"2023-04-23T17:20:05+00:00\",\"description\":\"Canada er et popul\u00e6rt rejsem\u00e5l for franske rejsende, men fransk er ikke s\u00e5 udbredt. Hvorfor denne mangel p\u00e5 interesse? Svar i denne artikel.\",\"breadcrumb\":{\"@id\":\"https:\/\/ave-eta-canada.com\/da\/det-franske-sprog-forsvinder-gradvist-fra-canada\/#breadcrumb\"},\"inLanguage\":\"da-DK\",\"potentialAction\":[{\"@type\":\"ReadAction\",\"target\":[\"https:\/\/ave-eta-canada.com\/da\/det-franske-sprog-forsvinder-gradvist-fra-canada\/\"]}]},{\"@type\":\"BreadcrumbList\",\"@id\":\"https:\/\/ave-eta-canada.com\/da\/det-franske-sprog-forsvinder-gradvist-fra-canada\/#breadcrumb\",\"itemListElement\":[{\"@type\":\"ListItem\",\"position\":1,\"name\":\"Home\",\"item\":\"https:\/\/ave-eta-canada.com\/da\/\"},{\"@type\":\"ListItem\",\"position\":2,\"name\":\"Det franske sprog er langsomt ved at forsvinde fra Canada\"}]},{\"@type\":\"WebSite\",\"@id\":\"https:\/\/ave-eta-canada.com\/da\/#website\",\"url\":\"https:\/\/ave-eta-canada.com\/da\/\",\"name\":\"VISA CANADA\",\"description\":\"Autorisation Voyage Electronique\",\"potentialAction\":[{\"@type\":\"SearchAction\",\"target\":{\"@type\":\"EntryPoint\",\"urlTemplate\":\"https:\/\/ave-eta-canada.com\/da\/?s={search_term_string}\"},\"query-input\":{\"@type\":\"PropertyValueSpecification\",\"valueRequired\":true,\"valueName\":\"search_term_string\"}}],\"inLanguage\":\"da-DK\"}]}<\/script>\n<!-- \/ Yoast SEO plugin. -->","yoast_head_json":{"title":"Det franske sprog er langsomt ved at forsvinde fra Canada","description":"Canada er et popul\u00e6rt rejsem\u00e5l for franske rejsende, men fransk er ikke s\u00e5 udbredt. Hvorfor denne mangel p\u00e5 interesse? Svar i denne artikel.","robots":{"index":"index","follow":"follow","max-snippet":"max-snippet:-1","max-image-preview":"max-image-preview:large","max-video-preview":"max-video-preview:-1"},"canonical":"https:\/\/ave-eta-canada.com\/da\/det-franske-sprog-forsvinder-gradvist-fra-canada\/","og_locale":"da_DK","og_type":"article","og_title":"Det franske sprog er langsomt ved at forsvinde fra Canada","og_description":"Canada er et popul\u00e6rt rejsem\u00e5l for franske rejsende, men fransk er ikke s\u00e5 udbredt. Hvorfor denne mangel p\u00e5 interesse? Svar i denne artikel.","og_url":"https:\/\/ave-eta-canada.com\/da\/det-franske-sprog-forsvinder-gradvist-fra-canada\/","og_site_name":"VISA CANADA","article_modified_time":"2023-04-23T17:20:05+00:00","twitter_card":"summary_large_image","twitter_misc":{"Estimeret l\u00e6setid":"2 minutter"},"schema":{"@context":"https:\/\/schema.org","@graph":[{"@type":"WebPage","@id":"https:\/\/ave-eta-canada.com\/da\/det-franske-sprog-forsvinder-gradvist-fra-canada\/","url":"https:\/\/ave-eta-canada.com\/da\/det-franske-sprog-forsvinder-gradvist-fra-canada\/","name":"Det franske sprog er langsomt ved at forsvinde fra Canada","isPartOf":{"@id":"https:\/\/ave-eta-canada.com\/da\/#website"},"datePublished":"2023-04-18T14:41:49+00:00","dateModified":"2023-04-23T17:20:05+00:00","description":"Canada er et popul\u00e6rt rejsem\u00e5l for franske rejsende, men fransk er ikke s\u00e5 udbredt. Hvorfor denne mangel p\u00e5 interesse? Svar i denne artikel.","breadcrumb":{"@id":"https:\/\/ave-eta-canada.com\/da\/det-franske-sprog-forsvinder-gradvist-fra-canada\/#breadcrumb"},"inLanguage":"da-DK","potentialAction":[{"@type":"ReadAction","target":["https:\/\/ave-eta-canada.com\/da\/det-franske-sprog-forsvinder-gradvist-fra-canada\/"]}]},{"@type":"BreadcrumbList","@id":"https:\/\/ave-eta-canada.com\/da\/det-franske-sprog-forsvinder-gradvist-fra-canada\/#breadcrumb","itemListElement":[{"@type":"ListItem","position":1,"name":"Home","item":"https:\/\/ave-eta-canada.com\/da\/"},{"@type":"ListItem","position":2,"name":"Det franske sprog er langsomt ved at forsvinde fra Canada"}]},{"@type":"WebSite","@id":"https:\/\/ave-eta-canada.com\/da\/#website","url":"https:\/\/ave-eta-canada.com\/da\/","name":"VISA CANADA","description":"Autorisation Voyage Electronique","potentialAction":[{"@type":"SearchAction","target":{"@type":"EntryPoint","urlTemplate":"https:\/\/ave-eta-canada.com\/da\/?s={search_term_string}"},"query-input":{"@type":"PropertyValueSpecification","valueRequired":true,"valueName":"search_term_string"}}],"inLanguage":"da-DK"}]}},"_links":{"self":[{"href":"https:\/\/ave-eta-canada.com\/da\/wp-json\/wp\/v2\/pages\/4232","targetHints":{"allow":["GET"]}}],"collection":[{"href":"https:\/\/ave-eta-canada.com\/da\/wp-json\/wp\/v2\/pages"}],"about":[{"href":"https:\/\/ave-eta-canada.com\/da\/wp-json\/wp\/v2\/types\/page"}],"author":[{"embeddable":true,"href":"https:\/\/ave-eta-canada.com\/da\/wp-json\/wp\/v2\/users\/1"}],"replies":[{"embeddable":true,"href":"https:\/\/ave-eta-canada.com\/da\/wp-json\/wp\/v2\/comments?post=4232"}],"version-history":[{"count":0,"href":"https:\/\/ave-eta-canada.com\/da\/wp-json\/wp\/v2\/pages\/4232\/revisions"}],"wp:attachment":[{"href":"https:\/\/ave-eta-canada.com\/da\/wp-json\/wp\/v2\/media?parent=4232"}],"curies":[{"name":"wp","href":"https:\/\/api.w.org\/{rel}","templated":true}]}}