{"id":4236,"date":"2023-04-18T14:41:50","date_gmt":"2023-04-18T14:41:50","guid":{"rendered":"https:\/\/ave-eta-canada.com\/hvordan-man-udfylder-en-boelge-for-at-rejse-i-canada\/"},"modified":"2023-04-23T16:48:03","modified_gmt":"2023-04-23T16:48:03","slug":"hvordan-man-udfylder-eta-for-at-rejse-i-canada","status":"publish","type":"page","link":"https:\/\/ave-eta-canada.com\/da\/hvordan-man-udfylder-eta-for-at-rejse-i-canada\/","title":{"rendered":"S\u00e5dan udfylder du en eTA for rejser til Canada"},"content":{"rendered":"\n<h1 class=\"wp-block-heading\">S\u00e5dan udfylder du en eTA til Canada<\/h1>\n\n<p>Den <a href=\"https:\/\/ave-eta-canada.com\/da\/\">elektroniske rejsetilladelse eTA<\/a> g\u00f8r det muligt for statsborgere fra lande under det canadiske visumfritagelsesprogram at rejse til Canada med fly uden besv\u00e6rlige procedurer. Da tilladelsen er elektronisk, er den knyttet til den rejsendes pas.<\/p>\n\n<p><strong>For et ophold p\u00e5 under 6 m\u00e5neder i Canada<\/strong>: Du kan udfylde formaliteterne for indrejse i Canada direkte via internettet ved at klikke p\u00e5 <a href=\"https:\/\/ave-eta-canada.com\/da\/eta-canada-formular-online\/\">onlineformularen<\/a>. Det er ikke n\u00f8dvendigt at lave en aftale p\u00e5 den canadiske ambassade eller det canadiske konsulat.<br\/><br\/><\/p>\n\n<h2 class=\"wp-block-heading\">Hvorfor har jeg brug for en eTA til Canada?<\/h2>\n\n<p>Tidligere var det obligatorisk at ans\u00f8ge om et visum til Canada for at rejse dertil. Fra nu af er det muligt at undg\u00e5 disse mange trin ved blot at <a href=\"https:\/\/ave-eta-canada.com\/da\/hvordan-man-udfylder-eta-for-at-rejse-i-canada\/\">udfylde en eTA<\/a> for at f\u00e5 tilladelse til at opholde sig i Canada, ogs\u00e5 kaldet<a href=\"https:\/\/ave-eta-canada.com\/da\/praesentation-af-eta-canada\/\"> eTA (elektronisk rejsetilladelse).<\/a> Hvis du nogensinde har rejst til USA, kender du sikkert ESTA (Electronic System for Travel Authorization), som var inspirationen til indf\u00f8relsen af eTA. F\u00f8r du finder ud af, hvordan du udfylder en eTA for at rejse til Canada, er det vigtigt at finde ud af, om du er berettiget, og hvad den g\u00f8r.<\/p>\n\n<h3 class=\"wp-block-heading\">Er eTA tilg\u00e6ngelig for alle?<\/h3>\n\n<p>Ligesom ESTA til USA skal udl\u00e6ndinge opfylde visse betingelser for at f\u00e5 adgang til eTA for at rejse til Canada.<\/p>\n\n<p>Her er de forskellige kriterier for st\u00f8tteberettigelse:<\/p>\n\n<ul class=\"wp-block-list\"><li>den rejsende skal v\u00e6re statsborger i et af de canadiske lande, der er fritaget for visum;<\/li><li>rejsen foreg\u00e5r med fly;<\/li><li>opholdet i Canada ikke overstiger de seks m\u00e5neder, som den canadiske regering har bevilget;<\/li><li>den rejsende m\u00e5 ikke komme for at arbejde eller studere, tilladelsen g\u00e6lder kun for bes\u00f8g i Canada eller for transit;<\/li><li>den rejsende skal have et biometrisk pas eller et elektronisk pas (gyldigt pas, pas p\u00e5 udl\u00f8bsdatoen).<\/li><\/ul>\n\n<p>Hvis du ikke opfylder alle <a href=\"https:\/\/ave-eta-canada.com\/da\/eta-krav-for-at-rejse-til-canada\/\">kravene til en eTA<\/a>, kan du ikke udfylde formularen. I denne situation skal du ans\u00f8ge om et visum p\u00e5 den n\u00e6rmeste canadiske ambassade.<\/p>\n\n<h3 class=\"wp-block-heading\">Hvad kan den g\u00f8re?<\/h3>\n\n<p>eTA fungerer ikke p\u00e5 samme m\u00e5de som et visum. Tilladelsen giver dig s\u00e5ledes mulighed for at g\u00e5 om bord p\u00e5 flyet til Canada, men kun tolderen har bef\u00f8jelse til at lade dig rejse ind i Canada. Den kontrolfase, som toldembedsmanden foretager, er afg\u00f8rende for din indrejse i Canada. N\u00e5r du er kommet igennem gr\u00e6nsetjenesten, har du lov til at blive i Canada i op til seks m\u00e5neder.<br\/><br\/><\/p>\n\n<h2 class=\"wp-block-heading\">Udfyld eTA online<\/h2>\n\n<p>Nu hvor du ved, hvad tilladelsen er til, og du har fundet ud af, at du er berettiget, skal du blot vide, hvordan du udfylder eTA&#8217;en for at modtage din tilladelse s\u00e5 hurtigt som muligt. eTA-sp\u00f8rgeskemaet er baseret p\u00e5 den samme model som ESTA-formularen. Den rejsende har mulighed for at udfylde en eTA, hvilket er muligt p\u00e5 den canadiske regerings websted, men ogs\u00e5 p\u00e5 et privat websted, der er specialiseret i denne type ans\u00f8gninger. Prisen for onlineans\u00f8gningen varierer afh\u00e6ngigt af valget af bestillingssted.<\/p>\n\n<h3 class=\"wp-block-heading\">Udfyldelse af eTA p\u00e5 et specialiseret websted<\/h3>\n\n<p>Du kan udfylde eTA&#8217;en p\u00e5 et privat websted, f.eks. p\u00e5 vores partners websted, og du skal bruge dit pas og et betalingskort. N\u00e5r du udfylder onlineformularen, bliver du kun bedt om nogle f\u00e5 oplysninger, da vores personale tager sig af resten. Et team er ansvarligt for at kontrollere alle dine personlige oplysninger grundigt, inden de videregives til myndighederne. <a href=\"https:\/\/ave-eta-canada.com\/da\/udfylde-eta-formular-for-canada\/\"> eTA-formularen<\/a> best\u00e5r af f\u00f8lgende felter:<\/p>\n\n<ul class=\"wp-block-list\"><li>antallet af ans\u00f8gninger ;<\/li><li>den anvendte type pas;<\/li><li>pasnummer ;<\/li><li>det land, hvor statsborgerskabet er anf\u00f8rt p\u00e5 identitetsdokumentet;<\/li><li>fornavnet ;<\/li><li>efternavnet ;<\/li><li>og en gyldig e-mailadresse.<\/li><\/ul>\n\n<p>Du skal betale ans\u00f8gningsgebyret for at f\u00e5 din ans\u00f8gning bekr\u00e6ftet. Husk at gennemg\u00e5 dine oplysninger inden dette trin, is\u00e6r pasnummeret.<\/p>\n\n<h3 class=\"wp-block-heading\">Udfyld eTA p\u00e5 den canadiske regerings officielle websted<\/h3>\n\n<p>Du skal bruge et kreditkort, dit pas og din e-mailadresse for at ans\u00f8ge om et eTA p\u00e5 den canadiske regerings websted.<\/p>\n\n<p>G\u00e5 til det officielle websted, eTA-applikationen er opdelt i flere dele. eTA-formularen starter med ans\u00f8gerens personlige oplysninger (efternavn, fornavn, postadresse, telefonnummer, e-mail-adresse osv.), hvorefter du bliver bedt om at angive den anvendte pastype, udstedelseslandet, nationalitet og pasnummer osv. Du bliver ogs\u00e5 bedt om at give yderligere oplysninger om din besk\u00e6ftigelsesstatus, kontaktoplysninger og rejseoplysninger. For at udfylde eTA&#8217;en skal du blot besvare et par sp\u00f8rgsm\u00e5l om din juridiske og medicinske historie, derefter afkrydse feltet med samtykke og bekr\u00e6fte din ans\u00f8gning ved at betale gebyret.<br\/><br\/><\/p>\n\n<h2 class=\"wp-block-heading\">Hvad sker der, n\u00e5r jeg har udfyldt en eTA-ans\u00f8gning?<\/h2>\n\n<p>Du kan meget hurtigt f\u00e5 svar fra de canadiske myndigheder! Nogle rejsende modtager faktisk en retur inden for f\u00e5 minutter, men det kan ogs\u00e5 tage l\u00e6ngere tid, nogle gange et par dage. Du vil modtage en e-mail med eTA-nummeret, som du kan bruge til at <a href=\"https:\/\/ave-eta-canada.com\/da\/kontrollere-status-for-en-canada-eta\/\">kontrollere eTA-status <\/a>.<\/p>\n\n<p>Din eTA er gyldig i fem \u00e5r, hvilket betyder, at du kan rejse til Canada flere gange, uden at du nogensinde m\u00e5 opholde dig mere end seks m\u00e5neder p\u00e5 canadisk territorium. Alle provinser i Canada er \u00e5bne for dig: Quebec, Ontario, Alberta, British Columbia osv.<\/p>\n\n<p>Denne fem\u00e5rsregel g\u00e6lder kun, hvis du stadig har det samme pas, som da du s\u00f8gte om din eTA. Hvis ikke, skal du forny din eTA.<\/p>\n\n<p>Godt at vide: Hvis din eTA-ans\u00f8gning er blevet afvist, er det muligt, at du har lavet en fejl i formularen, og du kan sende en ny ans\u00f8gning. Ellers vil det v\u00e6re uundg\u00e5eligt at f\u00e5 et visum fra konsulatet.<\/p>\n","protected":false},"excerpt":{"rendered":"<p>S\u00e5dan udfylder du en eTA til Canada Den elektroniske rejsetilladelse eTA g\u00f8r det muligt for statsborgere fra lande under det canadiske visumfritagelsesprogram at rejse til Canada med fly uden besv\u00e6rlige procedurer. Da tilladelsen er elektronisk, er den knyttet til den rejsendes pas. For et ophold p\u00e5 under 6 m\u00e5neder i Canada: Du kan udfylde formaliteterne [&hellip;]<\/p>\n","protected":false},"author":1,"featured_media":0,"parent":0,"menu_order":0,"comment_status":"closed","ping_status":"closed","template":"","meta":{"footnotes":""},"class_list":["post-4236","page","type-page","status-publish","hentry"],"yoast_head":"<!-- This site is optimized with the Yoast SEO plugin v26.9 - https:\/\/yoast.com\/product\/yoast-seo-wordpress\/ -->\n<title>S\u00e5dan udfylder du en eTA for rejser til Canada<\/title>\n<meta name=\"description\" content=\"Skal din n\u00e6ste rejse g\u00e5 til Canada? For at kunne g\u00f8re dette skal du udfylde en eTA. Find ud af hvordan i denne artikel.\" \/>\n<meta name=\"robots\" content=\"index, follow, max-snippet:-1, max-image-preview:large, max-video-preview:-1\" \/>\n<link rel=\"canonical\" href=\"https:\/\/ave-eta-canada.com\/da\/hvordan-man-udfylder-eta-for-at-rejse-i-canada\/\" \/>\n<meta property=\"og:locale\" content=\"da_DK\" \/>\n<meta property=\"og:type\" content=\"article\" \/>\n<meta property=\"og:title\" content=\"S\u00e5dan udfylder du en eTA for rejser til Canada\" \/>\n<meta property=\"og:description\" content=\"Skal din n\u00e6ste rejse g\u00e5 til Canada? For at kunne g\u00f8re dette skal du udfylde en eTA. Find ud af hvordan i denne artikel.\" \/>\n<meta property=\"og:url\" content=\"https:\/\/ave-eta-canada.com\/da\/hvordan-man-udfylder-eta-for-at-rejse-i-canada\/\" \/>\n<meta property=\"og:site_name\" content=\"VISA CANADA\" \/>\n<meta property=\"article:modified_time\" content=\"2023-04-23T16:48:03+00:00\" \/>\n<meta name=\"twitter:card\" content=\"summary_large_image\" \/>\n<meta name=\"twitter:label1\" content=\"Estimeret l\u00e6setid\" \/>\n\t<meta name=\"twitter:data1\" content=\"5 minutter\" \/>\n<script type=\"application\/ld+json\" class=\"yoast-schema-graph\">{\"@context\":\"https:\/\/schema.org\",\"@graph\":[{\"@type\":\"WebPage\",\"@id\":\"https:\/\/ave-eta-canada.com\/da\/hvordan-man-udfylder-eta-for-at-rejse-i-canada\/\",\"url\":\"https:\/\/ave-eta-canada.com\/da\/hvordan-man-udfylder-eta-for-at-rejse-i-canada\/\",\"name\":\"S\u00e5dan udfylder du en eTA for rejser til Canada\",\"isPartOf\":{\"@id\":\"https:\/\/ave-eta-canada.com\/da\/#website\"},\"datePublished\":\"2023-04-18T14:41:50+00:00\",\"dateModified\":\"2023-04-23T16:48:03+00:00\",\"description\":\"Skal din n\u00e6ste rejse g\u00e5 til Canada? For at kunne g\u00f8re dette skal du udfylde en eTA. Find ud af hvordan i denne artikel.\",\"breadcrumb\":{\"@id\":\"https:\/\/ave-eta-canada.com\/da\/hvordan-man-udfylder-eta-for-at-rejse-i-canada\/#breadcrumb\"},\"inLanguage\":\"da-DK\",\"potentialAction\":[{\"@type\":\"ReadAction\",\"target\":[\"https:\/\/ave-eta-canada.com\/da\/hvordan-man-udfylder-eta-for-at-rejse-i-canada\/\"]}]},{\"@type\":\"BreadcrumbList\",\"@id\":\"https:\/\/ave-eta-canada.com\/da\/hvordan-man-udfylder-eta-for-at-rejse-i-canada\/#breadcrumb\",\"itemListElement\":[{\"@type\":\"ListItem\",\"position\":1,\"name\":\"Home\",\"item\":\"https:\/\/ave-eta-canada.com\/da\/\"},{\"@type\":\"ListItem\",\"position\":2,\"name\":\"S\u00e5dan udfylder du en eTA for rejser til Canada\"}]},{\"@type\":\"WebSite\",\"@id\":\"https:\/\/ave-eta-canada.com\/da\/#website\",\"url\":\"https:\/\/ave-eta-canada.com\/da\/\",\"name\":\"VISA CANADA\",\"description\":\"Autorisation Voyage Electronique\",\"potentialAction\":[{\"@type\":\"SearchAction\",\"target\":{\"@type\":\"EntryPoint\",\"urlTemplate\":\"https:\/\/ave-eta-canada.com\/da\/?s={search_term_string}\"},\"query-input\":{\"@type\":\"PropertyValueSpecification\",\"valueRequired\":true,\"valueName\":\"search_term_string\"}}],\"inLanguage\":\"da-DK\"}]}<\/script>\n<!-- \/ Yoast SEO plugin. -->","yoast_head_json":{"title":"S\u00e5dan udfylder du en eTA for rejser til Canada","description":"Skal din n\u00e6ste rejse g\u00e5 til Canada? For at kunne g\u00f8re dette skal du udfylde en eTA. Find ud af hvordan i denne artikel.","robots":{"index":"index","follow":"follow","max-snippet":"max-snippet:-1","max-image-preview":"max-image-preview:large","max-video-preview":"max-video-preview:-1"},"canonical":"https:\/\/ave-eta-canada.com\/da\/hvordan-man-udfylder-eta-for-at-rejse-i-canada\/","og_locale":"da_DK","og_type":"article","og_title":"S\u00e5dan udfylder du en eTA for rejser til Canada","og_description":"Skal din n\u00e6ste rejse g\u00e5 til Canada? For at kunne g\u00f8re dette skal du udfylde en eTA. Find ud af hvordan i denne artikel.","og_url":"https:\/\/ave-eta-canada.com\/da\/hvordan-man-udfylder-eta-for-at-rejse-i-canada\/","og_site_name":"VISA CANADA","article_modified_time":"2023-04-23T16:48:03+00:00","twitter_card":"summary_large_image","twitter_misc":{"Estimeret l\u00e6setid":"5 minutter"},"schema":{"@context":"https:\/\/schema.org","@graph":[{"@type":"WebPage","@id":"https:\/\/ave-eta-canada.com\/da\/hvordan-man-udfylder-eta-for-at-rejse-i-canada\/","url":"https:\/\/ave-eta-canada.com\/da\/hvordan-man-udfylder-eta-for-at-rejse-i-canada\/","name":"S\u00e5dan udfylder du en eTA for rejser til Canada","isPartOf":{"@id":"https:\/\/ave-eta-canada.com\/da\/#website"},"datePublished":"2023-04-18T14:41:50+00:00","dateModified":"2023-04-23T16:48:03+00:00","description":"Skal din n\u00e6ste rejse g\u00e5 til Canada? For at kunne g\u00f8re dette skal du udfylde en eTA. Find ud af hvordan i denne artikel.","breadcrumb":{"@id":"https:\/\/ave-eta-canada.com\/da\/hvordan-man-udfylder-eta-for-at-rejse-i-canada\/#breadcrumb"},"inLanguage":"da-DK","potentialAction":[{"@type":"ReadAction","target":["https:\/\/ave-eta-canada.com\/da\/hvordan-man-udfylder-eta-for-at-rejse-i-canada\/"]}]},{"@type":"BreadcrumbList","@id":"https:\/\/ave-eta-canada.com\/da\/hvordan-man-udfylder-eta-for-at-rejse-i-canada\/#breadcrumb","itemListElement":[{"@type":"ListItem","position":1,"name":"Home","item":"https:\/\/ave-eta-canada.com\/da\/"},{"@type":"ListItem","position":2,"name":"S\u00e5dan udfylder du en eTA for rejser til Canada"}]},{"@type":"WebSite","@id":"https:\/\/ave-eta-canada.com\/da\/#website","url":"https:\/\/ave-eta-canada.com\/da\/","name":"VISA CANADA","description":"Autorisation Voyage Electronique","potentialAction":[{"@type":"SearchAction","target":{"@type":"EntryPoint","urlTemplate":"https:\/\/ave-eta-canada.com\/da\/?s={search_term_string}"},"query-input":{"@type":"PropertyValueSpecification","valueRequired":true,"valueName":"search_term_string"}}],"inLanguage":"da-DK"}]}},"_links":{"self":[{"href":"https:\/\/ave-eta-canada.com\/da\/wp-json\/wp\/v2\/pages\/4236","targetHints":{"allow":["GET"]}}],"collection":[{"href":"https:\/\/ave-eta-canada.com\/da\/wp-json\/wp\/v2\/pages"}],"about":[{"href":"https:\/\/ave-eta-canada.com\/da\/wp-json\/wp\/v2\/types\/page"}],"author":[{"embeddable":true,"href":"https:\/\/ave-eta-canada.com\/da\/wp-json\/wp\/v2\/users\/1"}],"replies":[{"embeddable":true,"href":"https:\/\/ave-eta-canada.com\/da\/wp-json\/wp\/v2\/comments?post=4236"}],"version-history":[{"count":0,"href":"https:\/\/ave-eta-canada.com\/da\/wp-json\/wp\/v2\/pages\/4236\/revisions"}],"wp:attachment":[{"href":"https:\/\/ave-eta-canada.com\/da\/wp-json\/wp\/v2\/media?parent=4236"}],"curies":[{"name":"wp","href":"https:\/\/api.w.org\/{rel}","templated":true}]}}