{"id":4250,"date":"2023-04-18T14:41:52","date_gmt":"2023-04-18T14:41:52","guid":{"rendered":"https:\/\/ave-eta-canada.com\/form-ave-canada-online\/"},"modified":"2023-08-01T19:26:03","modified_gmt":"2023-08-01T19:26:03","slug":"eta-canada-formular-online","status":"publish","type":"page","link":"https:\/\/ave-eta-canada.com\/da\/eta-canada-formular-online\/","title":{"rendered":"eta-canada-online-formular"},"content":{"rendered":"\t\t<div data-elementor-type=\"wp-page\" data-elementor-id=\"4250\" class=\"elementor elementor-4250 elementor-1232\" data-elementor-post-type=\"page\">\n\t\t\t\t\t\t<section class=\"elementor-section elementor-top-section elementor-element elementor-element-01b8d7a elementor-section-boxed elementor-section-height-default elementor-section-height-default\" data-id=\"01b8d7a\" data-element_type=\"section\" data-e-type=\"section\">\n\t\t\t\t\t\t<div class=\"elementor-container elementor-column-gap-default\">\n\t\t\t\t\t<div class=\"elementor-column elementor-col-100 elementor-top-column elementor-element elementor-element-857301c\" data-id=\"857301c\" data-element_type=\"column\" data-e-type=\"column\">\n\t\t\t<div class=\"elementor-widget-wrap elementor-element-populated\">\n\t\t\t\t\t\t<div class=\"elementor-element elementor-element-9d0db83 elementor-widget elementor-widget-heading\" data-id=\"9d0db83\" data-element_type=\"widget\" data-e-type=\"widget\" data-widget_type=\"heading.default\">\n\t\t\t\t<div class=\"elementor-widget-container\">\n\t\t\t\t\t<h1 class=\"elementor-heading-title elementor-size-default\">Indrejseformaliteter i Canada<\/h1>\t\t\t\t<\/div>\n\t\t\t\t<\/div>\n\t\t\t\t\t<\/div>\n\t\t<\/div>\n\t\t\t\t\t<\/div>\n\t\t<\/section>\n\t\t\t\t<section class=\"elementor-section elementor-top-section elementor-element elementor-element-705b76d elementor-section-boxed elementor-section-height-default elementor-section-height-default\" data-id=\"705b76d\" data-element_type=\"section\" data-e-type=\"section\">\n\t\t\t\t\t\t<div class=\"elementor-container elementor-column-gap-default\">\n\t\t\t\t\t<div class=\"elementor-column elementor-col-100 elementor-top-column elementor-element elementor-element-ac07ac8\" data-id=\"ac07ac8\" data-element_type=\"column\" data-e-type=\"column\">\n\t\t\t<div class=\"elementor-widget-wrap elementor-element-populated\">\n\t\t\t\t\t\t<div class=\"elementor-element elementor-element-3c0c83c elementor-widget elementor-widget-text-editor\" data-id=\"3c0c83c\" data-element_type=\"widget\" data-e-type=\"widget\" data-widget_type=\"text-editor.default\">\n\t\t\t\t<div class=\"elementor-widget-container\">\n\t\t\t\t\t\t\t\t\t<p>Formaliteterne for indrejse i Canada for et ophold p\u00e5 under 6 m\u00e5neder kan udf\u00f8res direkte via internettet. Det er ikke n\u00f8dvendigt at lave en aftale p\u00e5 den canadiske ambassade eller det canadiske konsulat.<\/p>\n\t\t\t\t\t\t\t\t<\/div>\n\t\t\t\t<\/div>\n\t\t\t\t\t<\/div>\n\t\t<\/div>\n\t\t\t\t\t<\/div>\n\t\t<\/section>\n\t\t\t\t<section class=\"elementor-section elementor-top-section elementor-element elementor-element-d0ede5a elementor-section-boxed elementor-section-height-default elementor-section-height-default\" data-id=\"d0ede5a\" data-element_type=\"section\" data-e-type=\"section\">\n\t\t\t\t\t\t<div class=\"elementor-container elementor-column-gap-default\">\n\t\t\t\t\t<section class=\"elementor-column elementor-col-100 elementor-top-column elementor-element elementor-element-43370bb\" data-id=\"43370bb\" data-element_type=\"column\" data-e-type=\"column\">\n\t\t\t<div class=\"elementor-widget-wrap elementor-element-populated\">\n\t\t\t\t\t\t<div class=\"elementor-element elementor-element-602fc57 elementor-button-danger elementor-widget elementor-widget-button\" data-id=\"602fc57\" data-element_type=\"widget\" data-e-type=\"widget\" data-widget_type=\"button.default\">\n\t\t\t\t<div class=\"elementor-widget-container\">\n\t\t\t\t\t\t\t\t\t<div class=\"elementor-button-wrapper\">\n\t\t\t\t\t<a class=\"elementor-button elementor-button-link elementor-size-sm\" href=\"https:\/\/officiel-canada-eta.dk\/ans%C3%B8g-om-canada-eta\/?aid=1\">\n\t\t\t\t\t\t<span class=\"elementor-button-content-wrapper\">\n\t\t\t\t\t\t\t\t\t<span class=\"elementor-button-text\">Klik her<\/span>\n\t\t\t\t\t<\/span>\n\t\t\t\t\t<\/a>\n\t\t\t\t<\/div>\n\t\t\t\t\t\t\t\t<\/div>\n\t\t\t\t<\/div>\n\t\t\t\t\t<\/div>\n\t\t<\/section>\n\t\t\t\t\t<\/div>\n\t\t<\/section>\n\t\t\t\t<section class=\"elementor-section elementor-top-section elementor-element elementor-element-e3491cc elementor-section-boxed elementor-section-height-default elementor-section-height-default\" data-id=\"e3491cc\" data-element_type=\"section\" data-e-type=\"section\">\n\t\t\t\t\t\t<div class=\"elementor-container elementor-column-gap-default\">\n\t\t\t\t\t<div class=\"elementor-column elementor-col-100 elementor-top-column elementor-element elementor-element-723c9af\" data-id=\"723c9af\" data-element_type=\"column\" data-e-type=\"column\">\n\t\t\t<div class=\"elementor-widget-wrap elementor-element-populated\">\n\t\t\t\t\t\t<div class=\"elementor-element elementor-element-1b3da91 elementor-widget elementor-widget-spacer\" data-id=\"1b3da91\" data-element_type=\"widget\" data-e-type=\"widget\" data-widget_type=\"spacer.default\">\n\t\t\t\t<div class=\"elementor-widget-container\">\n\t\t\t\t\t\t\t<div class=\"elementor-spacer\">\n\t\t\t<div class=\"elementor-spacer-inner\"><\/div>\n\t\t<\/div>\n\t\t\t\t\t\t<\/div>\n\t\t\t\t<\/div>\n\t\t\t\t\t<\/div>\n\t\t<\/div>\n\t\t\t\t\t<\/div>\n\t\t<\/section>\n\t\t\t\t<section class=\"elementor-section elementor-top-section elementor-element elementor-element-483fa27 elementor-section-boxed elementor-section-height-default elementor-section-height-default\" data-id=\"483fa27\" data-element_type=\"section\" data-e-type=\"section\">\n\t\t\t\t\t\t<div class=\"elementor-container elementor-column-gap-default\">\n\t\t\t\t\t<div class=\"elementor-column elementor-col-100 elementor-top-column elementor-element elementor-element-5e76f20\" data-id=\"5e76f20\" data-element_type=\"column\" data-e-type=\"column\">\n\t\t\t<div class=\"elementor-widget-wrap elementor-element-populated\">\n\t\t\t\t\t\t<div class=\"elementor-element elementor-element-4b62d6b elementor-widget elementor-widget-heading\" data-id=\"4b62d6b\" data-element_type=\"widget\" data-e-type=\"widget\" data-widget_type=\"heading.default\">\n\t\t\t\t<div class=\"elementor-widget-container\">\n\t\t\t\t\t<h2 class=\"elementor-heading-title elementor-size-default\">Hvor l\u00e6nge er eTA gyldig?<\/h2>\t\t\t\t<\/div>\n\t\t\t\t<\/div>\n\t\t\t\t\t<\/div>\n\t\t<\/div>\n\t\t\t\t\t<\/div>\n\t\t<\/section>\n\t\t\t\t<section class=\"elementor-section elementor-top-section elementor-element elementor-element-c06cf5a elementor-section-boxed elementor-section-height-default elementor-section-height-default\" data-id=\"c06cf5a\" data-element_type=\"section\" data-e-type=\"section\">\n\t\t\t\t\t\t<div class=\"elementor-container elementor-column-gap-default\">\n\t\t\t\t\t<div class=\"elementor-column elementor-col-100 elementor-top-column elementor-element elementor-element-4b80c78\" data-id=\"4b80c78\" data-element_type=\"column\" data-e-type=\"column\">\n\t\t\t<div class=\"elementor-widget-wrap elementor-element-populated\">\n\t\t\t\t\t\t<div class=\"elementor-element elementor-element-a03ce65 elementor-widget elementor-widget-text-editor\" data-id=\"a03ce65\" data-element_type=\"widget\" data-e-type=\"widget\" data-widget_type=\"text-editor.default\">\n\t\t\t\t<div class=\"elementor-widget-container\">\n\t\t\t\t\t\t\t\t\t<p>N\u00e5r du har f\u00e5et din <span style=\"font-size: 1rem;\">eTA Canada<\/span> (elektronisk rejsetilladelse)<span style=\"font-size: 1rem;\">du kan g\u00e5 ombord til Canada. Din elektroniske rejsetilladelse er <a href=\"https:\/\/ave-eta-canada.com\/da\/eta-canada-gyldighedsperiode\/\">gyldig i fem \u00e5r<\/a>, eller indtil dit pas udl\u00f8ber. Dit ophold i Canada m\u00e5 dog ikke overstige 6 m\u00e5neder. Du kan dog forlade og rejse ind i Canada flere gange, indtil de 6 m\u00e5neder udl\u00f8ber.<\/span><\/p>\n\t\t\t\t\t\t\t\t<\/div>\n\t\t\t\t<\/div>\n\t\t\t\t\t<\/div>\n\t\t<\/div>\n\t\t\t\t\t<\/div>\n\t\t<\/section>\n\t\t\t\t<section class=\"elementor-section elementor-top-section elementor-element elementor-element-7497d3a elementor-section-boxed elementor-section-height-default elementor-section-height-default\" data-id=\"7497d3a\" data-element_type=\"section\" data-e-type=\"section\">\n\t\t\t\t\t\t<div class=\"elementor-container elementor-column-gap-default\">\n\t\t\t\t\t<div class=\"elementor-column elementor-col-100 elementor-top-column elementor-element elementor-element-cb7b812\" data-id=\"cb7b812\" data-element_type=\"column\" data-e-type=\"column\">\n\t\t\t<div class=\"elementor-widget-wrap elementor-element-populated\">\n\t\t\t\t\t\t<div class=\"elementor-element elementor-element-66c5e3b elementor-widget elementor-widget-heading\" data-id=\"66c5e3b\" data-element_type=\"widget\" data-e-type=\"widget\" data-widget_type=\"heading.default\">\n\t\t\t\t<div class=\"elementor-widget-container\">\n\t\t\t\t\t<h2 class=\"elementor-heading-title elementor-size-default\">Ans\u00f8gning om en eTA i stedet for et visum til Canada<\/h2>\t\t\t\t<\/div>\n\t\t\t\t<\/div>\n\t\t\t\t\t<\/div>\n\t\t<\/div>\n\t\t\t\t\t<\/div>\n\t\t<\/section>\n\t\t\t\t<section class=\"elementor-section elementor-top-section elementor-element elementor-element-ebf40e1 elementor-section-boxed elementor-section-height-default elementor-section-height-default\" data-id=\"ebf40e1\" data-element_type=\"section\" data-e-type=\"section\">\n\t\t\t\t\t\t<div class=\"elementor-container elementor-column-gap-default\">\n\t\t\t\t\t<div class=\"elementor-column elementor-col-100 elementor-top-column elementor-element elementor-element-72c7d03\" data-id=\"72c7d03\" data-element_type=\"column\" data-e-type=\"column\">\n\t\t\t<div class=\"elementor-widget-wrap elementor-element-populated\">\n\t\t\t\t\t\t<div class=\"elementor-element elementor-element-e2a976f elementor-widget elementor-widget-text-editor\" data-id=\"e2a976f\" data-element_type=\"widget\" data-e-type=\"widget\" data-widget_type=\"text-editor.default\">\n\t\t\t\t<div class=\"elementor-widget-container\">\n\t\t\t\t\t\t\t\t\t<p>eTA&#8217;en er gyldig til mange forskellige rejseform\u00e5l, lige fra turisme, transit eller forretningsrejser. Hvis du rejser til Canada af en af disse grunde, kan du drage fordel af dette system med rejsetilladelse, som er <a href=\"https:\/\/ave-eta-canada.com\/da\/visum-eller-eta-canada\/\">enklere end at f\u00e5 et visum<\/a>. Processen foreg\u00e5r udelukkende via internettet og er billigere end at f\u00e5 et <a href=\"https:\/\/ave-eta-canada.com\/da\/har-du-brug-for-et-visum-for-at-rejse-til-canada\/\">visum til Canada<\/a>. eTA&#8217;en er l\u00f8sningen til at rejse nemt og billigt til <a href=\"https:\/\/www.canada.ca\/\">Canada<\/a>.<\/p>\n\t\t\t\t\t\t\t\t<\/div>\n\t\t\t\t<\/div>\n\t\t\t\t\t<\/div>\n\t\t<\/div>\n\t\t\t\t\t<\/div>\n\t\t<\/section>\n\t\t\t\t<section class=\"elementor-section elementor-top-section elementor-element elementor-element-e184bc8 elementor-section-boxed elementor-section-height-default elementor-section-height-default\" data-id=\"e184bc8\" data-element_type=\"section\" data-e-type=\"section\">\n\t\t\t\t\t\t<div class=\"elementor-container elementor-column-gap-default\">\n\t\t\t\t\t<div class=\"elementor-column elementor-col-100 elementor-top-column elementor-element elementor-element-8f2ffa9\" data-id=\"8f2ffa9\" data-element_type=\"column\" data-e-type=\"column\">\n\t\t\t<div class=\"elementor-widget-wrap elementor-element-populated\">\n\t\t\t\t\t\t<div class=\"elementor-element elementor-element-fc621f2 elementor-widget elementor-widget-heading\" data-id=\"fc621f2\" data-element_type=\"widget\" data-e-type=\"widget\" data-widget_type=\"heading.default\">\n\t\t\t\t<div class=\"elementor-widget-container\">\n\t\t\t\t\t<h2 class=\"elementor-heading-title elementor-size-default\">Kontrol af din eTA Canada-godkendelse<\/h2>\t\t\t\t<\/div>\n\t\t\t\t<\/div>\n\t\t\t\t\t<\/div>\n\t\t<\/div>\n\t\t\t\t\t<\/div>\n\t\t<\/section>\n\t\t\t\t<section class=\"elementor-section elementor-top-section elementor-element elementor-element-169e1ac elementor-section-boxed elementor-section-height-default elementor-section-height-default\" data-id=\"169e1ac\" data-element_type=\"section\" data-e-type=\"section\">\n\t\t\t\t\t\t<div class=\"elementor-container elementor-column-gap-default\">\n\t\t\t\t\t<div class=\"elementor-column elementor-col-100 elementor-top-column elementor-element elementor-element-e889be0\" data-id=\"e889be0\" data-element_type=\"column\" data-e-type=\"column\">\n\t\t\t<div class=\"elementor-widget-wrap elementor-element-populated\">\n\t\t\t\t\t\t<div class=\"elementor-element elementor-element-0c265be elementor-widget elementor-widget-text-editor\" data-id=\"0c265be\" data-element_type=\"widget\" data-e-type=\"widget\" data-widget_type=\"text-editor.default\">\n\t\t\t\t<div class=\"elementor-widget-container\">\n\t\t\t\t\t\t\t\t\t<p>Oftest er ans\u00f8gningen om en eTA via internettet valideret inden for f\u00e5 minutter. Nogle gange er behandlingstiden l\u00e6ngere. Hvis din elektroniske rejsetilladelse er &#8220;pending&#8221;, vil du modtage et svar pr. e-mail fra den canadiske regering (IRCC) inden for f\u00e5 timer eller dage. Nogle gange kr\u00e6ves der yderligere dokumentation.<\/p>\n<p>For at overv\u00e5ge <a href=\"https:\/\/ave-eta-canada.com\/da\/kontrollere-status-for-en-canada-eta\/\">eTA&#8217;ens status<\/a> via internettet skal du :<\/p>\n<ul>\n<li>eTA ans\u00f8gningsnummeret, der meddeles pr. e-mail;<\/li>\n<li>Den rejsendes pasoplysninger.<\/li>\n<\/ul>\n<p>Du kan ogs\u00e5 <a href=\"https:\/\/ave-eta-canada.com\/da\/hvordan-man-finder-en-eta\/\">hente din eTA<\/a> direkte online og udskrive den.<\/p>\n\t\t\t\t\t\t\t\t<\/div>\n\t\t\t\t<\/div>\n\t\t\t\t\t<\/div>\n\t\t<\/div>\n\t\t\t\t\t<\/div>\n\t\t<\/section>\n\t\t\t\t<\/div>\n\t\t","protected":false},"excerpt":{"rendered":"<p>Indrejseformaliteter i Canada Formaliteterne for indrejse i Canada for et ophold p\u00e5 under 6 m\u00e5neder kan udf\u00f8res direkte via internettet. Det er ikke n\u00f8dvendigt at lave en aftale p\u00e5 den canadiske ambassade eller det canadiske konsulat. Klik her Hvor l\u00e6nge er eTA gyldig? N\u00e5r du har f\u00e5et din eTA Canada (elektronisk rejsetilladelse)du kan g\u00e5 ombord [&hellip;]<\/p>\n","protected":false},"author":1,"featured_media":0,"parent":0,"menu_order":0,"comment_status":"closed","ping_status":"closed","template":"","meta":{"footnotes":""},"class_list":["post-4250","page","type-page","status-publish","hentry"],"yoast_head":"<!-- This site is optimized with the Yoast SEO plugin v26.9 - https:\/\/yoast.com\/product\/yoast-seo-wordpress\/ -->\n<title>eta-canada-online-formular<\/title>\n<meta name=\"description\" content=\"Udfyld online-ans\u00f8gningsformularen for en elektronisk rejsetilladelse til Canada.\" \/>\n<meta name=\"robots\" content=\"index, follow, max-snippet:-1, max-image-preview:large, max-video-preview:-1\" \/>\n<link rel=\"canonical\" href=\"https:\/\/ave-eta-canada.com\/da\/eta-canada-formular-online\/\" \/>\n<meta property=\"og:locale\" content=\"da_DK\" \/>\n<meta property=\"og:type\" content=\"article\" \/>\n<meta property=\"og:title\" content=\"eta-canada-online-formular\" \/>\n<meta property=\"og:description\" content=\"Udfyld online-ans\u00f8gningsformularen for en elektronisk rejsetilladelse til Canada.\" \/>\n<meta property=\"og:url\" content=\"https:\/\/ave-eta-canada.com\/da\/eta-canada-formular-online\/\" \/>\n<meta property=\"og:site_name\" content=\"VISA CANADA\" \/>\n<meta property=\"article:modified_time\" content=\"2023-08-01T19:26:03+00:00\" \/>\n<meta name=\"twitter:card\" content=\"summary_large_image\" \/>\n<meta name=\"twitter:label1\" content=\"Estimeret l\u00e6setid\" \/>\n\t<meta name=\"twitter:data1\" content=\"1 minut\" \/>\n<script type=\"application\/ld+json\" class=\"yoast-schema-graph\">{\"@context\":\"https:\/\/schema.org\",\"@graph\":[{\"@type\":\"WebPage\",\"@id\":\"https:\/\/ave-eta-canada.com\/da\/eta-canada-formular-online\/\",\"url\":\"https:\/\/ave-eta-canada.com\/da\/eta-canada-formular-online\/\",\"name\":\"eta-canada-online-formular\",\"isPartOf\":{\"@id\":\"https:\/\/ave-eta-canada.com\/da\/#website\"},\"datePublished\":\"2023-04-18T14:41:52+00:00\",\"dateModified\":\"2023-08-01T19:26:03+00:00\",\"description\":\"Udfyld online-ans\u00f8gningsformularen for en elektronisk rejsetilladelse til Canada.\",\"breadcrumb\":{\"@id\":\"https:\/\/ave-eta-canada.com\/da\/eta-canada-formular-online\/#breadcrumb\"},\"inLanguage\":\"da-DK\",\"potentialAction\":[{\"@type\":\"ReadAction\",\"target\":[\"https:\/\/ave-eta-canada.com\/da\/eta-canada-formular-online\/\"]}]},{\"@type\":\"BreadcrumbList\",\"@id\":\"https:\/\/ave-eta-canada.com\/da\/eta-canada-formular-online\/#breadcrumb\",\"itemListElement\":[{\"@type\":\"ListItem\",\"position\":1,\"name\":\"Home\",\"item\":\"https:\/\/ave-eta-canada.com\/da\/\"},{\"@type\":\"ListItem\",\"position\":2,\"name\":\"eta-canada-online-formular\"}]},{\"@type\":\"WebSite\",\"@id\":\"https:\/\/ave-eta-canada.com\/da\/#website\",\"url\":\"https:\/\/ave-eta-canada.com\/da\/\",\"name\":\"VISA CANADA\",\"description\":\"Autorisation Voyage Electronique\",\"potentialAction\":[{\"@type\":\"SearchAction\",\"target\":{\"@type\":\"EntryPoint\",\"urlTemplate\":\"https:\/\/ave-eta-canada.com\/da\/?s={search_term_string}\"},\"query-input\":{\"@type\":\"PropertyValueSpecification\",\"valueRequired\":true,\"valueName\":\"search_term_string\"}}],\"inLanguage\":\"da-DK\"}]}<\/script>\n<!-- \/ Yoast SEO plugin. -->","yoast_head_json":{"title":"eta-canada-online-formular","description":"Udfyld online-ans\u00f8gningsformularen for en elektronisk rejsetilladelse til Canada.","robots":{"index":"index","follow":"follow","max-snippet":"max-snippet:-1","max-image-preview":"max-image-preview:large","max-video-preview":"max-video-preview:-1"},"canonical":"https:\/\/ave-eta-canada.com\/da\/eta-canada-formular-online\/","og_locale":"da_DK","og_type":"article","og_title":"eta-canada-online-formular","og_description":"Udfyld online-ans\u00f8gningsformularen for en elektronisk rejsetilladelse til Canada.","og_url":"https:\/\/ave-eta-canada.com\/da\/eta-canada-formular-online\/","og_site_name":"VISA CANADA","article_modified_time":"2023-08-01T19:26:03+00:00","twitter_card":"summary_large_image","twitter_misc":{"Estimeret l\u00e6setid":"1 minut"},"schema":{"@context":"https:\/\/schema.org","@graph":[{"@type":"WebPage","@id":"https:\/\/ave-eta-canada.com\/da\/eta-canada-formular-online\/","url":"https:\/\/ave-eta-canada.com\/da\/eta-canada-formular-online\/","name":"eta-canada-online-formular","isPartOf":{"@id":"https:\/\/ave-eta-canada.com\/da\/#website"},"datePublished":"2023-04-18T14:41:52+00:00","dateModified":"2023-08-01T19:26:03+00:00","description":"Udfyld online-ans\u00f8gningsformularen for en elektronisk rejsetilladelse til Canada.","breadcrumb":{"@id":"https:\/\/ave-eta-canada.com\/da\/eta-canada-formular-online\/#breadcrumb"},"inLanguage":"da-DK","potentialAction":[{"@type":"ReadAction","target":["https:\/\/ave-eta-canada.com\/da\/eta-canada-formular-online\/"]}]},{"@type":"BreadcrumbList","@id":"https:\/\/ave-eta-canada.com\/da\/eta-canada-formular-online\/#breadcrumb","itemListElement":[{"@type":"ListItem","position":1,"name":"Home","item":"https:\/\/ave-eta-canada.com\/da\/"},{"@type":"ListItem","position":2,"name":"eta-canada-online-formular"}]},{"@type":"WebSite","@id":"https:\/\/ave-eta-canada.com\/da\/#website","url":"https:\/\/ave-eta-canada.com\/da\/","name":"VISA CANADA","description":"Autorisation Voyage Electronique","potentialAction":[{"@type":"SearchAction","target":{"@type":"EntryPoint","urlTemplate":"https:\/\/ave-eta-canada.com\/da\/?s={search_term_string}"},"query-input":{"@type":"PropertyValueSpecification","valueRequired":true,"valueName":"search_term_string"}}],"inLanguage":"da-DK"}]}},"_links":{"self":[{"href":"https:\/\/ave-eta-canada.com\/da\/wp-json\/wp\/v2\/pages\/4250","targetHints":{"allow":["GET"]}}],"collection":[{"href":"https:\/\/ave-eta-canada.com\/da\/wp-json\/wp\/v2\/pages"}],"about":[{"href":"https:\/\/ave-eta-canada.com\/da\/wp-json\/wp\/v2\/types\/page"}],"author":[{"embeddable":true,"href":"https:\/\/ave-eta-canada.com\/da\/wp-json\/wp\/v2\/users\/1"}],"replies":[{"embeddable":true,"href":"https:\/\/ave-eta-canada.com\/da\/wp-json\/wp\/v2\/comments?post=4250"}],"version-history":[{"count":0,"href":"https:\/\/ave-eta-canada.com\/da\/wp-json\/wp\/v2\/pages\/4250\/revisions"}],"wp:attachment":[{"href":"https:\/\/ave-eta-canada.com\/da\/wp-json\/wp\/v2\/media?parent=4250"}],"curies":[{"name":"wp","href":"https:\/\/api.w.org\/{rel}","templated":true}]}}