{"id":4261,"date":"2023-04-18T14:41:53","date_gmt":"2023-04-18T14:41:53","guid":{"rendered":"https:\/\/ave-eta-canada.com\/leksikon-alle-definitioner-omkring-vasken-canada\/"},"modified":"2023-04-23T18:13:08","modified_gmt":"2023-04-23T18:13:08","slug":"leksikon-definitioner-eta-canada","status":"publish","type":"page","link":"https:\/\/ave-eta-canada.com\/da\/leksikon-definitioner-eta-canada\/","title":{"rendered":"Leksikon | Alle definitioner af eTA Canada"},"content":{"rendered":"\n<h1 class=\"wp-block-heading\">eTA Canada, nyttige definitioner<\/h1>\n\n<p>Vil du gerne bestille en elektronisk rejsetilladelse (eTA) for at rejse til Canada, men alle de ukendte akronymer eller engelske ord skr\u00e6mmer dig? Du skal ikke g\u00e5 i panik, for at f\u00e5 en bedre forst\u00e5else har vores team udarbejdet og detaljeret en liste over vigtige termer i forbindelse med eTA Canada. Det vil g\u00f8re det meget nemmere for dig at bestille din rejsetilladelse. Vi opfordrer dig ogs\u00e5 til at l\u00e6se vores <a href=\"https:\/\/ave-eta-canada.com\/da\/eta-canada-svar-pa-dine-sporgsmal\/\">FAQ-side<\/a> og vores hj\u00e6lpesektion.<\/p>\n\n<h2 class=\"wp-block-heading\">NAFTA<\/h2>\n\n<p>NAFTA st\u00e5r for Nordamerikansk Frihandelsaftale. Denne pagt, der er underskrevet mellem USA, Mexico og Canada, letter ind- og udstr\u00f8mningen af borgere til og fra disse territorier i forbindelse med erhvervsm\u00e6ssig aktivitet.<\/p>\n\n<p>NAFTA omfatter fire kategorier af personer:<\/p>\n\n<ul class=\"wp-block-list\"><li>forretningsfolk ;<\/li><li>medarbejdere ;<\/li><li>arbejdstagere, der overflyttes inden for en virksomhed ;<\/li><li>investorer og handlende.<\/li><\/ul>\n\n<h2 class=\"wp-block-heading\">Ambassade<\/h2>\n\n<p>Ambassaden er en diplomatisk struktur, der repr\u00e6senterer et land i et fremmed land. Dens m\u00e5l er f\u00f8rst og fremmest at opretholde et godt samarbejde med v\u00e6rtslandet, garantere udstationeredes sikkerhed og g\u00f8re det muligt for landets borgere at gennemf\u00f8re forskellige administrative procedurer i udlandet.<\/p>\n\n<h2 class=\"wp-block-heading\">eTA<\/h2>\n\n<p>Den <a href=\"https:\/\/ave-eta-canada.com\/da\/\">elektroniske rejsetilladelse eTA<\/a> giver statsborgere fra et visumfritaget land mulighed for at rejse til Canada med fly. Form\u00e5let med denne tilladelse er at sikre, at den rejsende ikke udg\u00f8r en risiko for Canadas indre sikkerhed. Det har form af et elektronisk dokument, der er direkte knyttet til passet, og er gyldigt i fem \u00e5r, eller indtil identitetskortet udl\u00f8ber.<\/p>\n\n<h2 class=\"wp-block-heading\">Konsulat<\/h2>\n\n<p>Konsulatet er et regeringskontor i et fremmed land, der har til form\u00e5l at bist\u00e5 og beskytte statsborgere fra den stat, som konsulatet repr\u00e6senterer. Det er navnlig ansvarligt for udstedelse af civilstandsdokumenter (identitetskort, pas osv.).<\/p>\n\n<h2 class=\"wp-block-heading\">ESTA<\/h2>\n\n<p>ESTA st\u00e5r for Electronic System for Travel Authorization og svarer til eTA i USA. ESTA-formularen giver borgere fra et af medlemslandene i Visa Waiver-programmet mulighed for at opholde sig i h\u00f8jst 90 dage p\u00e5 amerikansk jord. Ans\u00f8gningen om ESTA-tilladelse foreg\u00e5r ogs\u00e5 online.<\/p>\n\n<h2 class=\"wp-block-heading\">eTA<\/h2>\n\n<p>eTA er en forkortelse for &#8220;Electronic Travel Authorization&#8221; (elektronisk rejsetilladelse). Det er simpelthen den engelske betegnelse for eTA. <a href=\"https:\/\/ave-eta-canada.com\/da\/praesentation-af-eta-canada\/\">eTA<\/a> &#8216;en udstedes af den canadiske regering og er en tilladelse til at rejse til Canada og opholde sig i h\u00f8jst 6 m\u00e5neder.<\/p>\n\n<h2 class=\"wp-block-heading\">eTA-afgifter<\/h2>\n\n<p>Der er et administrationsgebyr for at ans\u00f8ge om en EV-formular. Der skal betales et gebyr p\u00e5 7,00 CAD for at udfylde online-ans\u00f8gningen. Der kan blive opkr\u00e6vet yderligere gebyrer afh\u00e6ngigt af de leverede tjenester.<\/p>\n\n<h2 class=\"wp-block-heading\">IRCC<\/h2>\n\n<p>Immigration, Refugees and Citizenship Canada er Canadas immigrationsmyndighed. Sidstn\u00e6vntes opgaver er hovedsagelig baseret p\u00e5 :<\/p>\n\n<ul class=\"wp-block-list\"><li>tilrettel\u00e6ggelse og kontrol af str\u00f8mmen af statsborgere, der ankommer til territoriet;<\/li><li>at bevare og styrke borgernes v\u00e6rdier;<\/li><\/ul>\n\n<p>I denne egenskab forvalter IRCC bl.a. udstedelsen af eTA&#8217;er i Canada og kontrollerer, at udenlandske ans\u00f8gere er berettigede i henhold til canadisk lovgivning.<\/p>\n\n<h2 class=\"wp-block-heading\">Biometrisk pas<\/h2>\n\n<p>Det biometriske pas blev officielt lanceret i Frankrig i 2009 og erstatter det elektroniske pas. Det har den s\u00e6rlige egenskab, at det er vanskeligt at forfalske takket v\u00e6re en elektronisk chip i dokumentet. Sidstn\u00e6vnte omfatter identifikationsdata om indehaveren (fingeraftryk, ansigtstr\u00e6k, foto osv.). Desuden kan et biometrisk pas genkendes, n\u00e5r ordet &#8220;pas&#8221; er understreget p\u00e5 omslaget.<\/p>\n\n<h2 class=\"wp-block-heading\">Elektronisk pas<\/h2>\n\n<p>Det elektroniske pas, der blev indf\u00f8rt i 2006, har en elektronisk chip, der indeholder indehaverens identifikationsdata. Det er nu erstattet af det biometriske pas, som er meget sv\u00e6rere at forfalske.<\/p>\n\n<h2 class=\"wp-block-heading\">PST<\/h2>\n\n<p>Den midlertidige opholdstilladelse (TRP) er en opholdstilladelse, der udstedes til personer, som ikke kan indrejse og ikke opfylder kravene i loven om indvandring og beskyttelse af flygtninge. De canadiske myndigheder udsteder kun dette dokument i ekstraordin\u00e6re humanit\u00e6re, sociale eller \u00f8konomiske situationer.<\/p>\n\n<h2 class=\"wp-block-heading\">PVT Canada<\/h2>\n\n<p><a href=\"https:\/\/ave-eta-canada.com\/da\/pvt-canada-hvordan-man-far-sin-arbejdstilladelse-til-ferie\/\">Working Holiday Program<\/a> (WHP) er et midlertidigt arbejdsvisum, der giver kvalificerede statsborgere mulighed for at bo og arbejde i Canada. Afh\u00e6ngigt af nationalitet er gyldighedsperioden 12 eller 24 m\u00e5neder, hvor den rejsende kan v\u00e6re turist, men ogs\u00e5 arbejde p\u00e5 canadisk territorium. <\/p>\n\n<h2 class=\"wp-block-heading\">Permanent bosiddende<\/h2>\n\n<p>Status som fastboende udl\u00e6ndinge f\u00e5r lov til at opholde sig i Canada i en ubegr\u00e6nset periode. Dette giver fastboende personer mulighed for at leve som alle andre canadiske borgere.<\/p>\n\n<h2 class=\"wp-block-heading\">Midlertidigt bosiddende<\/h2>\n\n<p>Udl\u00e6ndinge, der opfylder de kriterier, der er fastsat ved lov for indrejse i landet, f\u00e5r midlertidig status som fastboende udl\u00e6ndinge. Denne opholdstilladelse g\u00e6lder kun for udl\u00e6ndinge, der p\u00e5 et tidspunkt skal forlade Canada (bes\u00f8gende, studerende, arbejdstagere osv.).<\/p>\n\n<h2 class=\"wp-block-heading\">E-vignet (elektronisk m\u00e6rkat)<\/h2>\n\n<p>Den elektroniske m\u00e6rkat udstedes automatisk, n\u00e5r en ans\u00f8gning om midlertidigt ophold godkendes. Denne virtuelle m\u00e6rkat, der er registreret i et edb-baseret forvaltningssystem for eTA-ans\u00f8gninger, fastg\u00f8res direkte til den p\u00e5g\u00e6ldende rejsendes pas. Det giver officiel adgang til gaten, n\u00e5r identitetskontrollen er afsluttet.<\/p>\n\n<h2 class=\"wp-block-heading\">Visa<\/h2>\n\n<p>Et visum er en officiel tilladelse udstedt af udenlandske ambassader til at rejse til et bestemt land. Den har form af et m\u00e6rkat, der inds\u00e6ttes i den p\u00e5g\u00e6ldende statsborgers pas. Denne m\u00e6rkat har en m\u00e6rkat med specifikke oplysninger, der er indf\u00f8rt af det kontor, hvor visummet blev udstedt. Der findes to kategorier af <a href=\"https:\/\/ave-eta-canada.com\/da\/visum-eller-eta-canada\/\">visa i Canada<\/a>:<\/p>\n\n<ul class=\"wp-block-list\"><li>visum til midlertidigt ophold (bes\u00f8gsvisum);<\/li><li>visum til permanent ophold. <\/li><\/ul>\n\n<h2 class=\"wp-block-heading\">Visum til bes\u00f8gende<\/h2>\n\n<p>Visitorvisum, ogs\u00e5 kaldet turistvisum, er et visum til midlertidigt bosiddende personer.<\/p>\n","protected":false},"excerpt":{"rendered":"<p>eTA Canada, nyttige definitioner Vil du gerne bestille en elektronisk rejsetilladelse (eTA) for at rejse til Canada, men alle de ukendte akronymer eller engelske ord skr\u00e6mmer dig? Du skal ikke g\u00e5 i panik, for at f\u00e5 en bedre forst\u00e5else har vores team udarbejdet og detaljeret en liste over vigtige termer i forbindelse med eTA Canada. [&hellip;]<\/p>\n","protected":false},"author":1,"featured_media":0,"parent":0,"menu_order":0,"comment_status":"closed","ping_status":"closed","template":"","meta":{"footnotes":""},"class_list":["post-4261","page","type-page","status-publish","hentry"],"yoast_head":"<!-- This site is optimized with the Yoast SEO plugin v26.9 - https:\/\/yoast.com\/product\/yoast-seo-wordpress\/ -->\n<title>Leksikon | Alle definitioner af eTA Canada<\/title>\n<meta name=\"description\" content=\"I denne ordliste kan du finde definitioner vedr\u00f8rende eTA, den elektroniske rejsetilladelse, der er n\u00f8dvendig for midlertidige ophold i Canada.\" \/>\n<meta name=\"robots\" content=\"index, follow, max-snippet:-1, max-image-preview:large, max-video-preview:-1\" \/>\n<link rel=\"canonical\" href=\"https:\/\/ave-eta-canada.com\/da\/leksikon-definitioner-eta-canada\/\" \/>\n<meta property=\"og:locale\" content=\"da_DK\" \/>\n<meta property=\"og:type\" content=\"article\" \/>\n<meta property=\"og:title\" content=\"Leksikon | Alle definitioner af eTA Canada\" \/>\n<meta property=\"og:description\" content=\"I denne ordliste kan du finde definitioner vedr\u00f8rende eTA, den elektroniske rejsetilladelse, der er n\u00f8dvendig for midlertidige ophold i Canada.\" \/>\n<meta property=\"og:url\" content=\"https:\/\/ave-eta-canada.com\/da\/leksikon-definitioner-eta-canada\/\" \/>\n<meta property=\"og:site_name\" content=\"VISA CANADA\" \/>\n<meta property=\"article:modified_time\" content=\"2023-04-23T18:13:08+00:00\" \/>\n<meta name=\"twitter:card\" content=\"summary_large_image\" \/>\n<meta name=\"twitter:label1\" content=\"Estimeret l\u00e6setid\" \/>\n\t<meta name=\"twitter:data1\" content=\"4 minutter\" \/>\n<script type=\"application\/ld+json\" class=\"yoast-schema-graph\">{\"@context\":\"https:\/\/schema.org\",\"@graph\":[{\"@type\":\"WebPage\",\"@id\":\"https:\/\/ave-eta-canada.com\/da\/leksikon-definitioner-eta-canada\/\",\"url\":\"https:\/\/ave-eta-canada.com\/da\/leksikon-definitioner-eta-canada\/\",\"name\":\"Leksikon | Alle definitioner af eTA Canada\",\"isPartOf\":{\"@id\":\"https:\/\/ave-eta-canada.com\/da\/#website\"},\"datePublished\":\"2023-04-18T14:41:53+00:00\",\"dateModified\":\"2023-04-23T18:13:08+00:00\",\"description\":\"I denne ordliste kan du finde definitioner vedr\u00f8rende eTA, den elektroniske rejsetilladelse, der er n\u00f8dvendig for midlertidige ophold i Canada.\",\"breadcrumb\":{\"@id\":\"https:\/\/ave-eta-canada.com\/da\/leksikon-definitioner-eta-canada\/#breadcrumb\"},\"inLanguage\":\"da-DK\",\"potentialAction\":[{\"@type\":\"ReadAction\",\"target\":[\"https:\/\/ave-eta-canada.com\/da\/leksikon-definitioner-eta-canada\/\"]}]},{\"@type\":\"BreadcrumbList\",\"@id\":\"https:\/\/ave-eta-canada.com\/da\/leksikon-definitioner-eta-canada\/#breadcrumb\",\"itemListElement\":[{\"@type\":\"ListItem\",\"position\":1,\"name\":\"Home\",\"item\":\"https:\/\/ave-eta-canada.com\/da\/\"},{\"@type\":\"ListItem\",\"position\":2,\"name\":\"Leksikon | Alle definitioner af eTA Canada\"}]},{\"@type\":\"WebSite\",\"@id\":\"https:\/\/ave-eta-canada.com\/da\/#website\",\"url\":\"https:\/\/ave-eta-canada.com\/da\/\",\"name\":\"VISA CANADA\",\"description\":\"Autorisation Voyage Electronique\",\"potentialAction\":[{\"@type\":\"SearchAction\",\"target\":{\"@type\":\"EntryPoint\",\"urlTemplate\":\"https:\/\/ave-eta-canada.com\/da\/?s={search_term_string}\"},\"query-input\":{\"@type\":\"PropertyValueSpecification\",\"valueRequired\":true,\"valueName\":\"search_term_string\"}}],\"inLanguage\":\"da-DK\"}]}<\/script>\n<!-- \/ Yoast SEO plugin. -->","yoast_head_json":{"title":"Leksikon | Alle definitioner af eTA Canada","description":"I denne ordliste kan du finde definitioner vedr\u00f8rende eTA, den elektroniske rejsetilladelse, der er n\u00f8dvendig for midlertidige ophold i Canada.","robots":{"index":"index","follow":"follow","max-snippet":"max-snippet:-1","max-image-preview":"max-image-preview:large","max-video-preview":"max-video-preview:-1"},"canonical":"https:\/\/ave-eta-canada.com\/da\/leksikon-definitioner-eta-canada\/","og_locale":"da_DK","og_type":"article","og_title":"Leksikon | Alle definitioner af eTA Canada","og_description":"I denne ordliste kan du finde definitioner vedr\u00f8rende eTA, den elektroniske rejsetilladelse, der er n\u00f8dvendig for midlertidige ophold i Canada.","og_url":"https:\/\/ave-eta-canada.com\/da\/leksikon-definitioner-eta-canada\/","og_site_name":"VISA CANADA","article_modified_time":"2023-04-23T18:13:08+00:00","twitter_card":"summary_large_image","twitter_misc":{"Estimeret l\u00e6setid":"4 minutter"},"schema":{"@context":"https:\/\/schema.org","@graph":[{"@type":"WebPage","@id":"https:\/\/ave-eta-canada.com\/da\/leksikon-definitioner-eta-canada\/","url":"https:\/\/ave-eta-canada.com\/da\/leksikon-definitioner-eta-canada\/","name":"Leksikon | Alle definitioner af eTA Canada","isPartOf":{"@id":"https:\/\/ave-eta-canada.com\/da\/#website"},"datePublished":"2023-04-18T14:41:53+00:00","dateModified":"2023-04-23T18:13:08+00:00","description":"I denne ordliste kan du finde definitioner vedr\u00f8rende eTA, den elektroniske rejsetilladelse, der er n\u00f8dvendig for midlertidige ophold i Canada.","breadcrumb":{"@id":"https:\/\/ave-eta-canada.com\/da\/leksikon-definitioner-eta-canada\/#breadcrumb"},"inLanguage":"da-DK","potentialAction":[{"@type":"ReadAction","target":["https:\/\/ave-eta-canada.com\/da\/leksikon-definitioner-eta-canada\/"]}]},{"@type":"BreadcrumbList","@id":"https:\/\/ave-eta-canada.com\/da\/leksikon-definitioner-eta-canada\/#breadcrumb","itemListElement":[{"@type":"ListItem","position":1,"name":"Home","item":"https:\/\/ave-eta-canada.com\/da\/"},{"@type":"ListItem","position":2,"name":"Leksikon | Alle definitioner af eTA Canada"}]},{"@type":"WebSite","@id":"https:\/\/ave-eta-canada.com\/da\/#website","url":"https:\/\/ave-eta-canada.com\/da\/","name":"VISA CANADA","description":"Autorisation Voyage Electronique","potentialAction":[{"@type":"SearchAction","target":{"@type":"EntryPoint","urlTemplate":"https:\/\/ave-eta-canada.com\/da\/?s={search_term_string}"},"query-input":{"@type":"PropertyValueSpecification","valueRequired":true,"valueName":"search_term_string"}}],"inLanguage":"da-DK"}]}},"_links":{"self":[{"href":"https:\/\/ave-eta-canada.com\/da\/wp-json\/wp\/v2\/pages\/4261","targetHints":{"allow":["GET"]}}],"collection":[{"href":"https:\/\/ave-eta-canada.com\/da\/wp-json\/wp\/v2\/pages"}],"about":[{"href":"https:\/\/ave-eta-canada.com\/da\/wp-json\/wp\/v2\/types\/page"}],"author":[{"embeddable":true,"href":"https:\/\/ave-eta-canada.com\/da\/wp-json\/wp\/v2\/users\/1"}],"replies":[{"embeddable":true,"href":"https:\/\/ave-eta-canada.com\/da\/wp-json\/wp\/v2\/comments?post=4261"}],"version-history":[{"count":0,"href":"https:\/\/ave-eta-canada.com\/da\/wp-json\/wp\/v2\/pages\/4261\/revisions"}],"wp:attachment":[{"href":"https:\/\/ave-eta-canada.com\/da\/wp-json\/wp\/v2\/media?parent=4261"}],"curies":[{"name":"wp","href":"https:\/\/api.w.org\/{rel}","templated":true}]}}