{"id":4264,"date":"2023-04-18T14:41:53","date_gmt":"2023-04-18T14:41:53","guid":{"rendered":"https:\/\/ave-eta-canada.com\/ave-canada-covid-19-travel-restrictions-a-day\/"},"modified":"2025-10-09T08:28:11","modified_gmt":"2025-10-09T08:28:11","slug":"eta-canada-covid-19-rejserestriktioner","status":"publish","type":"page","link":"https:\/\/ave-eta-canada.com\/da\/eta-canada-covid-19-rejserestriktioner\/","title":{"rendered":"ETA Canada &#8211; COVID 19 opdaterede rejserestriktioner"},"content":{"rendered":"\t\t<div data-elementor-type=\"wp-page\" data-elementor-id=\"4264\" class=\"elementor elementor-4264 elementor-1195\" data-elementor-post-type=\"page\">\n\t\t\t\t\t\t<section class=\"elementor-section elementor-top-section elementor-element elementor-element-b820ec9 elementor-section-boxed elementor-section-height-default elementor-section-height-default\" data-id=\"b820ec9\" data-element_type=\"section\" data-e-type=\"section\">\n\t\t\t\t\t\t<div class=\"elementor-container elementor-column-gap-default\">\n\t\t\t\t\t<div class=\"elementor-column elementor-col-100 elementor-top-column elementor-element elementor-element-e20cc56\" data-id=\"e20cc56\" data-element_type=\"column\" data-e-type=\"column\">\n\t\t\t<div class=\"elementor-widget-wrap elementor-element-populated\">\n\t\t\t\t\t\t<div class=\"elementor-element elementor-element-f35a835 elementor-widget elementor-widget-heading\" data-id=\"f35a835\" data-element_type=\"widget\" data-e-type=\"widget\" data-widget_type=\"heading.default\">\n\t\t\t\t<div class=\"elementor-widget-container\">\n\t\t\t\t\t<h1 class=\"elementor-heading-title elementor-size-default\">Oph\u00e6velse af restriktioner i forbindelse med COVID 19-sundhedskrisen<\/h1>\t\t\t\t<\/div>\n\t\t\t\t<\/div>\n\t\t\t\t\t<\/div>\n\t\t<\/div>\n\t\t\t\t\t<\/div>\n\t\t<\/section>\n\t\t\t\t<section class=\"elementor-section elementor-top-section elementor-element elementor-element-7752861 elementor-section-boxed elementor-section-height-default elementor-section-height-default\" data-id=\"7752861\" data-element_type=\"section\" data-e-type=\"section\">\n\t\t\t\t\t\t<div class=\"elementor-container elementor-column-gap-default\">\n\t\t\t\t\t<div class=\"elementor-column elementor-col-100 elementor-top-column elementor-element elementor-element-e662d5f\" data-id=\"e662d5f\" data-element_type=\"column\" data-e-type=\"column\">\n\t\t\t<div class=\"elementor-widget-wrap elementor-element-populated\">\n\t\t\t\t\t\t<div class=\"elementor-element elementor-element-80b7c62 elementor-widget elementor-widget-text-editor\" data-id=\"80b7c62\" data-element_type=\"widget\" data-e-type=\"widget\" data-widget_type=\"text-editor.default\">\n\t\t\t\t<div class=\"elementor-widget-container\">\n\t\t\t\t\t\t\t\t\t<p><strong>Pr\u00e6ambel<\/strong>: Her er den seneste opdatering p\u00e5 udviklingen i sundhedskrisen i forbindelse med COVID-19. Oplysningerne p\u00e5 denne side opdateres s\u00e5 vidt muligt i overensstemmelse med nye beslutninger truffet af den canadiske administration. Siden maj 2023 har de fleste restriktioner v\u00e6ret oph\u00e6vet for rejsende til Canada.  <\/p><p><strong>For et ophold p\u00e5 under 6 m\u00e5neder i Canada<\/strong>: Du kan udfylde formaliteterne for indrejse i Canada direkte via internettet ved at klikke p\u00e5 <a href=\"https:\/\/ave-eta-canada.com\/da\/eta-canada-formular-online\/\">onlineformularen<\/a>. Det er ikke n\u00f8dvendigt at lave en aftale p\u00e5 den canadiske ambassade eller det canadiske konsulat.<\/p><h2>Slut med COVID-restriktioner for rejsende til Canada<\/h2><p>De forebyggende foranstaltninger i forbindelse med COVID-19, der blev indf\u00f8rt i november 2021 med henblik p\u00e5 gen\u00e5bning af Canadas gr\u00e6nser, blev trukket tilbage i maj 2023. <span style=\"background-color: transparent;\"> Rejsende<\/span> bliver ikke l\u00e6ngere<span style=\"background-color: transparent;\"> bedt om at fremvise<\/span> <span style=\"background-color: transparent;\">bevis for vaccination eller<\/span><span style=\"background-color: transparent;\"> screeningstest, n\u00e5r de g\u00e5r om bord p\u00e5 et fly til Canada.<\/span><\/p>\t\t\t\t\t\t\t\t<\/div>\n\t\t\t\t<\/div>\n\t\t\t\t\t<\/div>\n\t\t<\/div>\n\t\t\t\t\t<\/div>\n\t\t<\/section>\n\t\t\t\t<section class=\"elementor-section elementor-top-section elementor-element elementor-element-dca40c8 elementor-section-boxed elementor-section-height-default elementor-section-height-default\" data-id=\"dca40c8\" data-element_type=\"section\" data-e-type=\"section\">\n\t\t\t\t\t\t<div class=\"elementor-container elementor-column-gap-default\">\n\t\t\t\t\t<div class=\"elementor-column elementor-col-100 elementor-top-column elementor-element elementor-element-4aaedc7\" data-id=\"4aaedc7\" data-element_type=\"column\" data-e-type=\"column\">\n\t\t\t<div class=\"elementor-widget-wrap elementor-element-populated\">\n\t\t\t\t\t\t<div class=\"elementor-element elementor-element-8cf9d43 elementor-widget elementor-widget-toggle\" data-id=\"8cf9d43\" data-element_type=\"widget\" data-e-type=\"widget\" data-widget_type=\"toggle.default\">\n\t\t\t\t<div class=\"elementor-widget-container\">\n\t\t\t\t\t\t\t<div class=\"elementor-toggle\">\n\t\t\t\t\t\t\t<div class=\"elementor-toggle-item\">\n\t\t\t\t\t<h2 id=\"elementor-tab-title-1471\" class=\"elementor-tab-title\" data-tab=\"1\" role=\"button\" aria-controls=\"elementor-tab-content-1471\" aria-expanded=\"false\">\n\t\t\t\t\t\t\t\t\t\t\t\t<span class=\"elementor-toggle-icon elementor-toggle-icon-left\" aria-hidden=\"true\">\n\t\t\t\t\t\t\t\t\t\t\t\t\t\t\t<span class=\"elementor-toggle-icon-closed\"><i class=\"fas fa-caret-right\"><\/i><\/span>\n\t\t\t\t\t\t\t\t<span class=\"elementor-toggle-icon-opened\"><i class=\"elementor-toggle-icon-opened fas fa-caret-up\"><\/i><\/span>\n\t\t\t\t\t\t\t\t\t\t\t\t\t<\/span>\n\t\t\t\t\t\t\t\t\t\t\t\t<a class=\"elementor-toggle-title\" tabindex=\"0\">Skal jeg stadig udfylde ArriveCAN, f\u00f8r jeg rejser ind i Canada?<\/a>\n\t\t\t\t\t<\/h2>\n\n\t\t\t\t\t<div id=\"elementor-tab-content-1471\" class=\"elementor-tab-content elementor-clearfix\" data-tab=\"1\" role=\"region\" aria-labelledby=\"elementor-tab-title-1471\"><p><a href=\"https:\/\/ave-eta-canada.com\/da\/arrivecan-canada\/\">ArriveCAN<\/a> er et program fra den canadiske regering. Det blev brugt til at h\u00e5ndtere information til rejsende, der kom til Canada efter COVID-19-pandemien. Det gjorde det lettere at overholde Canadas krav til folkesundhed.<\/p>\n<p><a href=\"https:\/\/ave-eta-canada.com\/da\/arrivecan-canada\/\">ArriveCAN-applikationen<\/a> blev implementeret i november 2020. Fra maj 2023 er <b>rejsende ikke l\u00e6ngere forpligtet til at udfylde ArriveCAN<\/b> inden for 72 timer efter ankomsten til Canada.<\/p>\n<\/div>\n\t\t\t\t<\/div>\n\t\t\t\t\t\t\t<div class=\"elementor-toggle-item\">\n\t\t\t\t\t<h2 id=\"elementor-tab-title-1472\" class=\"elementor-tab-title\" data-tab=\"2\" role=\"button\" aria-controls=\"elementor-tab-content-1472\" aria-expanded=\"false\">\n\t\t\t\t\t\t\t\t\t\t\t\t<span class=\"elementor-toggle-icon elementor-toggle-icon-left\" aria-hidden=\"true\">\n\t\t\t\t\t\t\t\t\t\t\t\t\t\t\t<span class=\"elementor-toggle-icon-closed\"><i class=\"fas fa-caret-right\"><\/i><\/span>\n\t\t\t\t\t\t\t\t<span class=\"elementor-toggle-icon-opened\"><i class=\"elementor-toggle-icon-opened fas fa-caret-up\"><\/i><\/span>\n\t\t\t\t\t\t\t\t\t\t\t\t\t<\/span>\n\t\t\t\t\t\t\t\t\t\t\t\t<a class=\"elementor-toggle-title\" tabindex=\"0\">Skal jeg v\u00e6re vaccineret for at rejse ind i Canada?<\/a>\n\t\t\t\t\t<\/h2>\n\n\t\t\t\t\t<div id=\"elementor-tab-content-1472\" class=\"elementor-tab-content elementor-clearfix\" data-tab=\"2\" role=\"region\" aria-labelledby=\"elementor-tab-title-1472\"><p>Fra maj 2023 er det <b>ikke l\u00e6ngere n\u00f8dvendigt at v\u00e6re vaccineret for at komme ind i Canada<\/b>. Negative tests for COVID-19 er heller ikke l\u00e6ngere p\u00e5kr\u00e6vet for at rejse ind i landet. Flyselskaberne tjekker ikke l\u00e6ngere vaccinationsstatus p\u00e5 alle rejsende, f\u00f8r de g\u00e5r om bord.  <\/p>\n<\/div>\n\t\t\t\t<\/div>\n\t\t\t\t\t\t\t<div class=\"elementor-toggle-item\">\n\t\t\t\t\t<h2 id=\"elementor-tab-title-1473\" class=\"elementor-tab-title\" data-tab=\"3\" role=\"button\" aria-controls=\"elementor-tab-content-1473\" aria-expanded=\"false\">\n\t\t\t\t\t\t\t\t\t\t\t\t<span class=\"elementor-toggle-icon elementor-toggle-icon-left\" aria-hidden=\"true\">\n\t\t\t\t\t\t\t\t\t\t\t\t\t\t\t<span class=\"elementor-toggle-icon-closed\"><i class=\"fas fa-caret-right\"><\/i><\/span>\n\t\t\t\t\t\t\t\t<span class=\"elementor-toggle-icon-opened\"><i class=\"elementor-toggle-icon-opened fas fa-caret-up\"><\/i><\/span>\n\t\t\t\t\t\t\t\t\t\t\t\t\t<\/span>\n\t\t\t\t\t\t\t\t\t\t\t\t<a class=\"elementor-toggle-title\" tabindex=\"0\">Skal jeg have en negativ COVID-test i Canada for at forlade landet i mindre end 72 timer?<\/a>\n\t\t\t\t\t<\/h2>\n\n\t\t\t\t\t<div id=\"elementor-tab-content-1473\" class=\"elementor-tab-content elementor-clearfix\" data-tab=\"3\" role=\"region\" aria-labelledby=\"elementor-tab-title-1473\"><p>Indbyggere i Canada beh\u00f8ver ikke l\u00e6ngere at fremvise en negativ COVID-19-test for at forlade canadisk territorium.<\/p>\n<\/div>\n\t\t\t\t<\/div>\n\t\t\t\t\t\t\t\t\t\t<script type=\"application\/ld+json\">{\"@context\":\"https:\\\/\\\/schema.org\",\"@type\":\"FAQPage\",\"mainEntity\":[{\"@type\":\"Question\",\"name\":\"Skal jeg stadig udfylde ArriveCAN, f\\u00f8r jeg rejser ind i Canada?\",\"acceptedAnswer\":{\"@type\":\"Answer\",\"text\":\"<p><a href=\\\"https:\\\/\\\/ave-eta-canada.com\\\/da\\\/arrivecan-canada\\\/\\\">ArriveCAN<\\\/a> er et program fra den canadiske regering. Det blev brugt til at h\\u00e5ndtere information til rejsende, der kom til Canada efter COVID-19-pandemien. Det gjorde det lettere at overholde Canadas krav til folkesundhed.<\\\/p>\\n<p><a href=\\\"https:\\\/\\\/ave-eta-canada.com\\\/da\\\/arrivecan-canada\\\/\\\">ArriveCAN-applikationen<\\\/a> blev implementeret i november 2020. Fra maj 2023 er <b>rejsende ikke l\\u00e6ngere forpligtet til at udfylde ArriveCAN<\\\/b> inden for 72 timer efter ankomsten til Canada.<\\\/p>\\n\"}},{\"@type\":\"Question\",\"name\":\"Skal jeg v\\u00e6re vaccineret for at rejse ind i Canada?\",\"acceptedAnswer\":{\"@type\":\"Answer\",\"text\":\"<p>Fra maj 2023 er det <b>ikke l\\u00e6ngere n\\u00f8dvendigt at v\\u00e6re vaccineret for at komme ind i Canada<\\\/b>. Negative tests for COVID-19 er heller ikke l\\u00e6ngere p\\u00e5kr\\u00e6vet for at rejse ind i landet. Flyselskaberne tjekker ikke l\\u00e6ngere vaccinationsstatus p\\u00e5 alle rejsende, f\\u00f8r de g\\u00e5r om bord.  <\\\/p>\\n\"}},{\"@type\":\"Question\",\"name\":\"Skal jeg have en negativ COVID-test i Canada for at forlade landet i mindre end 72 timer?\",\"acceptedAnswer\":{\"@type\":\"Answer\",\"text\":\"<p>Indbyggere i Canada beh\\u00f8ver ikke l\\u00e6ngere at fremvise en negativ COVID-19-test for at forlade canadisk territorium.<\\\/p>\\n\"}}]}<\/script>\n\t\t\t\t\t<\/div>\n\t\t\t\t\t\t<\/div>\n\t\t\t\t<\/div>\n\t\t\t\t\t<\/div>\n\t\t<\/div>\n\t\t\t\t\t<\/div>\n\t\t<\/section>\n\t\t\t\t<\/div>\n\t\t","protected":false},"excerpt":{"rendered":"<p>Oph\u00e6velse af restriktioner i forbindelse med COVID 19-sundhedskrisen Pr\u00e6ambel: Her er den seneste opdatering p\u00e5 udviklingen i sundhedskrisen i forbindelse med COVID-19. Oplysningerne p\u00e5 denne side opdateres s\u00e5 vidt muligt i overensstemmelse med nye beslutninger truffet af den canadiske administration. Siden maj 2023 har de fleste restriktioner v\u00e6ret oph\u00e6vet for rejsende til Canada. For et [&hellip;]<\/p>\n","protected":false},"author":1,"featured_media":0,"parent":0,"menu_order":0,"comment_status":"closed","ping_status":"closed","template":"","meta":{"footnotes":""},"class_list":["post-4264","page","type-page","status-publish","hentry"],"yoast_head":"<!-- This site is optimized with the Yoast SEO plugin v26.9 - https:\/\/yoast.com\/product\/yoast-seo-wordpress\/ -->\n<title>ETA Canada - COVID 19 opdaterede rejserestriktioner<\/title>\n<meta name=\"description\" content=\"F\u00e5 mere at vide om COVID-restriktioner for indrejse i Canada med en elektronisk rejsetilladelse (ETA).\" \/>\n<meta name=\"robots\" content=\"index, follow, max-snippet:-1, max-image-preview:large, max-video-preview:-1\" \/>\n<link rel=\"canonical\" href=\"https:\/\/ave-eta-canada.com\/da\/eta-canada-covid-19-rejserestriktioner\/\" \/>\n<meta property=\"og:locale\" content=\"da_DK\" \/>\n<meta property=\"og:type\" content=\"article\" \/>\n<meta property=\"og:title\" content=\"ETA Canada - COVID 19 opdaterede rejserestriktioner\" \/>\n<meta property=\"og:description\" content=\"F\u00e5 mere at vide om COVID-restriktioner for indrejse i Canada med en elektronisk rejsetilladelse (ETA).\" \/>\n<meta property=\"og:url\" content=\"https:\/\/ave-eta-canada.com\/da\/eta-canada-covid-19-rejserestriktioner\/\" \/>\n<meta property=\"og:site_name\" content=\"VISA CANADA\" \/>\n<meta property=\"article:modified_time\" content=\"2025-10-09T08:28:11+00:00\" \/>\n<meta name=\"twitter:card\" content=\"summary_large_image\" \/>\n<meta name=\"twitter:label1\" content=\"Estimeret l\u00e6setid\" \/>\n\t<meta name=\"twitter:data1\" content=\"2 minutter\" \/>\n<script type=\"application\/ld+json\" class=\"yoast-schema-graph\">{\"@context\":\"https:\/\/schema.org\",\"@graph\":[{\"@type\":\"WebPage\",\"@id\":\"https:\/\/ave-eta-canada.com\/da\/eta-canada-covid-19-rejserestriktioner\/\",\"url\":\"https:\/\/ave-eta-canada.com\/da\/eta-canada-covid-19-rejserestriktioner\/\",\"name\":\"ETA Canada - COVID 19 opdaterede rejserestriktioner\",\"isPartOf\":{\"@id\":\"https:\/\/ave-eta-canada.com\/da\/#website\"},\"datePublished\":\"2023-04-18T14:41:53+00:00\",\"dateModified\":\"2025-10-09T08:28:11+00:00\",\"description\":\"F\u00e5 mere at vide om COVID-restriktioner for indrejse i Canada med en elektronisk rejsetilladelse (ETA).\",\"breadcrumb\":{\"@id\":\"https:\/\/ave-eta-canada.com\/da\/eta-canada-covid-19-rejserestriktioner\/#breadcrumb\"},\"inLanguage\":\"da-DK\",\"potentialAction\":[{\"@type\":\"ReadAction\",\"target\":[\"https:\/\/ave-eta-canada.com\/da\/eta-canada-covid-19-rejserestriktioner\/\"]}]},{\"@type\":\"BreadcrumbList\",\"@id\":\"https:\/\/ave-eta-canada.com\/da\/eta-canada-covid-19-rejserestriktioner\/#breadcrumb\",\"itemListElement\":[{\"@type\":\"ListItem\",\"position\":1,\"name\":\"Home\",\"item\":\"https:\/\/ave-eta-canada.com\/da\/\"},{\"@type\":\"ListItem\",\"position\":2,\"name\":\"ETA Canada &#8211; COVID 19 opdaterede rejserestriktioner\"}]},{\"@type\":\"WebSite\",\"@id\":\"https:\/\/ave-eta-canada.com\/da\/#website\",\"url\":\"https:\/\/ave-eta-canada.com\/da\/\",\"name\":\"VISA CANADA\",\"description\":\"Autorisation Voyage Electronique\",\"potentialAction\":[{\"@type\":\"SearchAction\",\"target\":{\"@type\":\"EntryPoint\",\"urlTemplate\":\"https:\/\/ave-eta-canada.com\/da\/?s={search_term_string}\"},\"query-input\":{\"@type\":\"PropertyValueSpecification\",\"valueRequired\":true,\"valueName\":\"search_term_string\"}}],\"inLanguage\":\"da-DK\"}]}<\/script>\n<!-- \/ Yoast SEO plugin. -->","yoast_head_json":{"title":"ETA Canada - COVID 19 opdaterede rejserestriktioner","description":"F\u00e5 mere at vide om COVID-restriktioner for indrejse i Canada med en elektronisk rejsetilladelse (ETA).","robots":{"index":"index","follow":"follow","max-snippet":"max-snippet:-1","max-image-preview":"max-image-preview:large","max-video-preview":"max-video-preview:-1"},"canonical":"https:\/\/ave-eta-canada.com\/da\/eta-canada-covid-19-rejserestriktioner\/","og_locale":"da_DK","og_type":"article","og_title":"ETA Canada - COVID 19 opdaterede rejserestriktioner","og_description":"F\u00e5 mere at vide om COVID-restriktioner for indrejse i Canada med en elektronisk rejsetilladelse (ETA).","og_url":"https:\/\/ave-eta-canada.com\/da\/eta-canada-covid-19-rejserestriktioner\/","og_site_name":"VISA CANADA","article_modified_time":"2025-10-09T08:28:11+00:00","twitter_card":"summary_large_image","twitter_misc":{"Estimeret l\u00e6setid":"2 minutter"},"schema":{"@context":"https:\/\/schema.org","@graph":[{"@type":"WebPage","@id":"https:\/\/ave-eta-canada.com\/da\/eta-canada-covid-19-rejserestriktioner\/","url":"https:\/\/ave-eta-canada.com\/da\/eta-canada-covid-19-rejserestriktioner\/","name":"ETA Canada - COVID 19 opdaterede rejserestriktioner","isPartOf":{"@id":"https:\/\/ave-eta-canada.com\/da\/#website"},"datePublished":"2023-04-18T14:41:53+00:00","dateModified":"2025-10-09T08:28:11+00:00","description":"F\u00e5 mere at vide om COVID-restriktioner for indrejse i Canada med en elektronisk rejsetilladelse (ETA).","breadcrumb":{"@id":"https:\/\/ave-eta-canada.com\/da\/eta-canada-covid-19-rejserestriktioner\/#breadcrumb"},"inLanguage":"da-DK","potentialAction":[{"@type":"ReadAction","target":["https:\/\/ave-eta-canada.com\/da\/eta-canada-covid-19-rejserestriktioner\/"]}]},{"@type":"BreadcrumbList","@id":"https:\/\/ave-eta-canada.com\/da\/eta-canada-covid-19-rejserestriktioner\/#breadcrumb","itemListElement":[{"@type":"ListItem","position":1,"name":"Home","item":"https:\/\/ave-eta-canada.com\/da\/"},{"@type":"ListItem","position":2,"name":"ETA Canada &#8211; COVID 19 opdaterede rejserestriktioner"}]},{"@type":"WebSite","@id":"https:\/\/ave-eta-canada.com\/da\/#website","url":"https:\/\/ave-eta-canada.com\/da\/","name":"VISA CANADA","description":"Autorisation Voyage Electronique","potentialAction":[{"@type":"SearchAction","target":{"@type":"EntryPoint","urlTemplate":"https:\/\/ave-eta-canada.com\/da\/?s={search_term_string}"},"query-input":{"@type":"PropertyValueSpecification","valueRequired":true,"valueName":"search_term_string"}}],"inLanguage":"da-DK"}]}},"_links":{"self":[{"href":"https:\/\/ave-eta-canada.com\/da\/wp-json\/wp\/v2\/pages\/4264","targetHints":{"allow":["GET"]}}],"collection":[{"href":"https:\/\/ave-eta-canada.com\/da\/wp-json\/wp\/v2\/pages"}],"about":[{"href":"https:\/\/ave-eta-canada.com\/da\/wp-json\/wp\/v2\/types\/page"}],"author":[{"embeddable":true,"href":"https:\/\/ave-eta-canada.com\/da\/wp-json\/wp\/v2\/users\/1"}],"replies":[{"embeddable":true,"href":"https:\/\/ave-eta-canada.com\/da\/wp-json\/wp\/v2\/comments?post=4264"}],"version-history":[{"count":2,"href":"https:\/\/ave-eta-canada.com\/da\/wp-json\/wp\/v2\/pages\/4264\/revisions"}],"predecessor-version":[{"id":6260,"href":"https:\/\/ave-eta-canada.com\/da\/wp-json\/wp\/v2\/pages\/4264\/revisions\/6260"}],"wp:attachment":[{"href":"https:\/\/ave-eta-canada.com\/da\/wp-json\/wp\/v2\/media?parent=4264"}],"curies":[{"name":"wp","href":"https:\/\/api.w.org\/{rel}","templated":true}]}}