{"id":4279,"date":"2023-04-18T14:41:56","date_gmt":"2023-04-18T14:41:56","guid":{"rendered":"https:\/\/ave-eta-canada.com\/arrivecan-canada\/"},"modified":"2025-10-09T09:09:34","modified_gmt":"2025-10-09T09:09:34","slug":"arrivecan-canada","status":"publish","type":"page","link":"https:\/\/ave-eta-canada.com\/da\/arrivecan-canada\/","title":{"rendered":"ArriveCAN Canada online-formular"},"content":{"rendered":"\n<h1 class=\"wp-block-heading\">ArriveCAN Canada<\/h1>\n\n<h2 class=\"wp-block-heading\">Hvad er ArriveCAN?<\/h2>\n\n<p>ArriveCAN er en online applikation og service, der er udviklet af den canadiske regering. Det giver rejsende, der rejser ind i Canada, mulighed for at indsende oplysninger vedr\u00f8rende COVID-19: karant\u00e6neplan, vaccinationsstatus og testresultater. <\/p>\n\n<p>Fra maj 2023 <strong>er ArriveCAN ikke l\u00e6ngere en obligatorisk formalitet<\/strong>. Det er fortsat obligatorisk at have en rejsetilladelse til Canada, f.eks. et canadisk visum.   <\/p>\n\n<p><strong>For et ophold p\u00e5 under 6 m\u00e5neder<\/strong> er det ikke n\u00f8dvendigt at have et turistvisum for at rejse ind i Canada. Du kan f\u00e5 en online rejsetilladelse p\u00e5 f\u00e5 minutter ved at klikke p\u00e5 <a href=\"https:\/\/ave-eta-canada.com\/da\/eta-canada-formular-online\/\">onlineformularen<\/a>. <\/p>\n\n<div style=\"height:20px\" aria-hidden=\"true\" class=\"wp-block-spacer\"><\/div>\n\n<h2 class=\"wp-block-heading\">Hvorn\u00e5r skal ArriveCAN udfyldes?  <\/h2>\n\n<p>Rejsende kan udfylde ArriveCAN inden for 72 timer efter ankomsten til Canada. Det er vigtigt at indsende ajourf\u00f8rte og korrekte oplysninger for at lette indrejseprocessen i landet. <\/p>\n\n<h2 class=\"wp-block-heading\">Hvordan udfylder man ArriveCAN?  <\/h2>\n\n<p>Du kan udfylde ArriveCAN ved at downloade applikationen til din smartphone eller f\u00e5 adgang til tjenesten online. Opret en konto, og f\u00f8lg vejledningen for at give de n\u00f8dvendige oplysninger. Du skal indsende oplysninger om f.eks. din rejseplan, vaccinationsstatus og en passende karant\u00e6neplan, hvis det er n\u00f8dvendigt.  <\/p>\n\n<h2 class=\"wp-block-heading\">Hvem skal udfylde ArriveCAN?  <\/h2>\n\n<p>Denne toldproces kan bruges af rejsende, der rejser ind i Canada, uanset om de er canadiere, fastboende eller udl\u00e6ndinge. Dette g\u00e6lder b\u00e5de voksne og mindre\u00e5rige, men for\u00e6ldre eller v\u00e6rger kan udfylde ArriveCAN for b\u00f8rn under 16 \u00e5r. <\/p>\n\n<h2 class=\"wp-block-heading\">Hvad er prisen p\u00e5 ArriveCAN?  <\/h2>\n\n<p>ArriveCAN er en gratis tjeneste, der tilbydes af den canadiske regering. Det koster ikke noget at downloade ans\u00f8gningen eller bruge onlinetjenesten. <\/p>\n\n<h2 class=\"wp-block-heading\">Hvordan downloader man ArriveCAN?  <\/h2>\n\n<p>ArriveCAN er tilg\u00e6ngelig som en applikation til Android- og iOS-smartphones. Du kan downloade den fra Google Play Store til Android-enheder eller App Store til iOS-enheder. Du kan ogs\u00e5 f\u00e5 adgang til ArriveCAN via en webbrowser ved at bes\u00f8ge den <a href=\"https:\/\/www.canada.ca\/fr\/agence-services-frontaliers\/services\/arrivecan.html\">canadiske regerings<\/a> websted.  <\/p>\n\n<h2 class=\"wp-block-heading\">Er ArriveCAN obligatorisk?  <\/h2>\n\n<p>Nej, fra maj 2023 er ArriveCAN ikke l\u00e6ngere obligatorisk for rejsende, der rejser ind i Canada.  <\/p>\n\n<h2 class=\"wp-block-heading\">Skal jeg udfylde ArriveCAN for at rejse gennem Canada?  <\/h2>\n\n<p>Nej, rejsende i transit gennem Canada er ikke l\u00e6ngere forpligtet til at udfylde ArriveCAN. De indsendte oplysninger vil lette transitprocessen og hj\u00e6lpe de canadiske myndigheder med at garantere sikkerheden for rejsende og indbyggere. <\/p>\n\n<h2 class=\"wp-block-heading\">ArriveCAN-applikationslogo i App Store og Google Play<\/h2>\n\n<p>Dette er logoet for ArriveCAN-applikationen. Applikationen kan downloades gratis fra Apple App Store og Google Play Store. <\/p>\n\n<figure class=\"wp-block-image size-full\" id=\"ArriveCAN-app\"><img fetchpriority=\"high\" decoding=\"async\" width=\"668\" height=\"407\" src=\"https:\/\/ave-eta-canada.com\/wp-content\/uploads\/2023\/04\/ArriveCAN-app.webp\" alt=\"ArriveCAN-applikation\" class=\"wp-image-4897\" title=\"ArriveCAN-applikation\" srcset=\"https:\/\/ave-eta-canada.com\/wp-content\/uploads\/2023\/04\/ArriveCAN-app.webp 668w, https:\/\/ave-eta-canada.com\/wp-content\/uploads\/2023\/04\/ArriveCAN-app-300x183.webp 300w\" sizes=\"(max-width: 668px) 100vw, 668px\" \/><\/figure>\n","protected":false},"excerpt":{"rendered":"<p>ArriveCAN Canada Hvad er ArriveCAN? ArriveCAN er en online applikation og service, der er udviklet af den canadiske regering. Det giver rejsende, der rejser ind i Canada, mulighed for at indsende oplysninger vedr\u00f8rende COVID-19: karant\u00e6neplan, vaccinationsstatus og testresultater. Fra maj 2023 er ArriveCAN ikke l\u00e6ngere en obligatorisk formalitet. Det er fortsat obligatorisk at have en [&hellip;]<\/p>\n","protected":false},"author":1,"featured_media":0,"parent":0,"menu_order":0,"comment_status":"closed","ping_status":"closed","template":"","meta":{"footnotes":""},"class_list":["post-4279","page","type-page","status-publish","hentry"],"yoast_head":"<!-- This site is optimized with the Yoast SEO plugin v26.9 - https:\/\/yoast.com\/product\/yoast-seo-wordpress\/ -->\n<title>ArriveCAN Canada online-formular<\/title>\n<meta name=\"description\" content=\"Arrivecan er den canadiske regerings program til rejseinformation. Rejsende, der rejser ind i Canada, skal logge ind\" \/>\n<meta name=\"robots\" content=\"index, follow, max-snippet:-1, max-image-preview:large, max-video-preview:-1\" \/>\n<link rel=\"canonical\" href=\"https:\/\/ave-eta-canada.com\/da\/arrivecan-canada\/\" \/>\n<meta property=\"og:locale\" content=\"da_DK\" \/>\n<meta property=\"og:type\" content=\"article\" \/>\n<meta property=\"og:title\" content=\"ArriveCAN Canada online-formular\" \/>\n<meta property=\"og:description\" content=\"Arrivecan er den canadiske regerings program til rejseinformation. Rejsende, der rejser ind i Canada, skal logge ind\" \/>\n<meta property=\"og:url\" content=\"https:\/\/ave-eta-canada.com\/da\/arrivecan-canada\/\" \/>\n<meta property=\"og:site_name\" content=\"VISA CANADA\" \/>\n<meta property=\"article:modified_time\" content=\"2025-10-09T09:09:34+00:00\" \/>\n<meta property=\"og:image\" content=\"https:\/\/ave-eta-canada.com\/wp-content\/uploads\/2023\/04\/ArriveCAN-app.webp\" \/>\n\t<meta property=\"og:image:width\" content=\"668\" \/>\n\t<meta property=\"og:image:height\" content=\"407\" \/>\n\t<meta property=\"og:image:type\" content=\"image\/webp\" \/>\n<meta name=\"twitter:card\" content=\"summary_large_image\" \/>\n<meta name=\"twitter:label1\" content=\"Estimeret l\u00e6setid\" \/>\n\t<meta name=\"twitter:data1\" content=\"2 minutter\" \/>\n<script type=\"application\/ld+json\" class=\"yoast-schema-graph\">{\"@context\":\"https:\/\/schema.org\",\"@graph\":[{\"@type\":\"WebPage\",\"@id\":\"https:\/\/ave-eta-canada.com\/da\/arrivecan-canada\/\",\"url\":\"https:\/\/ave-eta-canada.com\/da\/arrivecan-canada\/\",\"name\":\"ArriveCAN Canada online-formular\",\"isPartOf\":{\"@id\":\"https:\/\/ave-eta-canada.com\/da\/#website\"},\"primaryImageOfPage\":{\"@id\":\"https:\/\/ave-eta-canada.com\/da\/arrivecan-canada\/#primaryimage\"},\"image\":{\"@id\":\"https:\/\/ave-eta-canada.com\/da\/arrivecan-canada\/#primaryimage\"},\"thumbnailUrl\":\"https:\/\/ave-eta-canada.com\/wp-content\/uploads\/2023\/04\/ArriveCAN-app.webp\",\"datePublished\":\"2023-04-18T14:41:56+00:00\",\"dateModified\":\"2025-10-09T09:09:34+00:00\",\"description\":\"Arrivecan er den canadiske regerings program til rejseinformation. Rejsende, der rejser ind i Canada, skal logge ind\",\"breadcrumb\":{\"@id\":\"https:\/\/ave-eta-canada.com\/da\/arrivecan-canada\/#breadcrumb\"},\"inLanguage\":\"da-DK\",\"potentialAction\":[{\"@type\":\"ReadAction\",\"target\":[\"https:\/\/ave-eta-canada.com\/da\/arrivecan-canada\/\"]}]},{\"@type\":\"ImageObject\",\"inLanguage\":\"da-DK\",\"@id\":\"https:\/\/ave-eta-canada.com\/da\/arrivecan-canada\/#primaryimage\",\"url\":\"https:\/\/ave-eta-canada.com\/wp-content\/uploads\/2023\/04\/ArriveCAN-app.webp\",\"contentUrl\":\"https:\/\/ave-eta-canada.com\/wp-content\/uploads\/2023\/04\/ArriveCAN-app.webp\"},{\"@type\":\"BreadcrumbList\",\"@id\":\"https:\/\/ave-eta-canada.com\/da\/arrivecan-canada\/#breadcrumb\",\"itemListElement\":[{\"@type\":\"ListItem\",\"position\":1,\"name\":\"Home\",\"item\":\"https:\/\/ave-eta-canada.com\/da\/\"},{\"@type\":\"ListItem\",\"position\":2,\"name\":\"ArriveCAN Canada online-formular\"}]},{\"@type\":\"WebSite\",\"@id\":\"https:\/\/ave-eta-canada.com\/da\/#website\",\"url\":\"https:\/\/ave-eta-canada.com\/da\/\",\"name\":\"VISA CANADA\",\"description\":\"Autorisation Voyage Electronique\",\"potentialAction\":[{\"@type\":\"SearchAction\",\"target\":{\"@type\":\"EntryPoint\",\"urlTemplate\":\"https:\/\/ave-eta-canada.com\/da\/?s={search_term_string}\"},\"query-input\":{\"@type\":\"PropertyValueSpecification\",\"valueRequired\":true,\"valueName\":\"search_term_string\"}}],\"inLanguage\":\"da-DK\"}]}<\/script>\n<!-- \/ Yoast SEO plugin. -->","yoast_head_json":{"title":"ArriveCAN Canada online-formular","description":"Arrivecan er den canadiske regerings program til rejseinformation. Rejsende, der rejser ind i Canada, skal logge ind","robots":{"index":"index","follow":"follow","max-snippet":"max-snippet:-1","max-image-preview":"max-image-preview:large","max-video-preview":"max-video-preview:-1"},"canonical":"https:\/\/ave-eta-canada.com\/da\/arrivecan-canada\/","og_locale":"da_DK","og_type":"article","og_title":"ArriveCAN Canada online-formular","og_description":"Arrivecan er den canadiske regerings program til rejseinformation. Rejsende, der rejser ind i Canada, skal logge ind","og_url":"https:\/\/ave-eta-canada.com\/da\/arrivecan-canada\/","og_site_name":"VISA CANADA","article_modified_time":"2025-10-09T09:09:34+00:00","og_image":[{"width":668,"height":407,"url":"https:\/\/ave-eta-canada.com\/wp-content\/uploads\/2023\/04\/ArriveCAN-app.webp","type":"image\/webp"}],"twitter_card":"summary_large_image","twitter_misc":{"Estimeret l\u00e6setid":"2 minutter"},"schema":{"@context":"https:\/\/schema.org","@graph":[{"@type":"WebPage","@id":"https:\/\/ave-eta-canada.com\/da\/arrivecan-canada\/","url":"https:\/\/ave-eta-canada.com\/da\/arrivecan-canada\/","name":"ArriveCAN Canada online-formular","isPartOf":{"@id":"https:\/\/ave-eta-canada.com\/da\/#website"},"primaryImageOfPage":{"@id":"https:\/\/ave-eta-canada.com\/da\/arrivecan-canada\/#primaryimage"},"image":{"@id":"https:\/\/ave-eta-canada.com\/da\/arrivecan-canada\/#primaryimage"},"thumbnailUrl":"https:\/\/ave-eta-canada.com\/wp-content\/uploads\/2023\/04\/ArriveCAN-app.webp","datePublished":"2023-04-18T14:41:56+00:00","dateModified":"2025-10-09T09:09:34+00:00","description":"Arrivecan er den canadiske regerings program til rejseinformation. Rejsende, der rejser ind i Canada, skal logge ind","breadcrumb":{"@id":"https:\/\/ave-eta-canada.com\/da\/arrivecan-canada\/#breadcrumb"},"inLanguage":"da-DK","potentialAction":[{"@type":"ReadAction","target":["https:\/\/ave-eta-canada.com\/da\/arrivecan-canada\/"]}]},{"@type":"ImageObject","inLanguage":"da-DK","@id":"https:\/\/ave-eta-canada.com\/da\/arrivecan-canada\/#primaryimage","url":"https:\/\/ave-eta-canada.com\/wp-content\/uploads\/2023\/04\/ArriveCAN-app.webp","contentUrl":"https:\/\/ave-eta-canada.com\/wp-content\/uploads\/2023\/04\/ArriveCAN-app.webp"},{"@type":"BreadcrumbList","@id":"https:\/\/ave-eta-canada.com\/da\/arrivecan-canada\/#breadcrumb","itemListElement":[{"@type":"ListItem","position":1,"name":"Home","item":"https:\/\/ave-eta-canada.com\/da\/"},{"@type":"ListItem","position":2,"name":"ArriveCAN Canada online-formular"}]},{"@type":"WebSite","@id":"https:\/\/ave-eta-canada.com\/da\/#website","url":"https:\/\/ave-eta-canada.com\/da\/","name":"VISA CANADA","description":"Autorisation Voyage Electronique","potentialAction":[{"@type":"SearchAction","target":{"@type":"EntryPoint","urlTemplate":"https:\/\/ave-eta-canada.com\/da\/?s={search_term_string}"},"query-input":{"@type":"PropertyValueSpecification","valueRequired":true,"valueName":"search_term_string"}}],"inLanguage":"da-DK"}]}},"_links":{"self":[{"href":"https:\/\/ave-eta-canada.com\/da\/wp-json\/wp\/v2\/pages\/4279","targetHints":{"allow":["GET"]}}],"collection":[{"href":"https:\/\/ave-eta-canada.com\/da\/wp-json\/wp\/v2\/pages"}],"about":[{"href":"https:\/\/ave-eta-canada.com\/da\/wp-json\/wp\/v2\/types\/page"}],"author":[{"embeddable":true,"href":"https:\/\/ave-eta-canada.com\/da\/wp-json\/wp\/v2\/users\/1"}],"replies":[{"embeddable":true,"href":"https:\/\/ave-eta-canada.com\/da\/wp-json\/wp\/v2\/comments?post=4279"}],"version-history":[{"count":2,"href":"https:\/\/ave-eta-canada.com\/da\/wp-json\/wp\/v2\/pages\/4279\/revisions"}],"predecessor-version":[{"id":6283,"href":"https:\/\/ave-eta-canada.com\/da\/wp-json\/wp\/v2\/pages\/4279\/revisions\/6283"}],"wp:attachment":[{"href":"https:\/\/ave-eta-canada.com\/da\/wp-json\/wp\/v2\/media?parent=4279"}],"curies":[{"name":"wp","href":"https:\/\/api.w.org\/{rel}","templated":true}]}}