{"id":4289,"date":"2023-04-18T14:41:58","date_gmt":"2023-04-18T14:41:58","guid":{"rendered":"https:\/\/ave-eta-canada.com\/nyheder-om-boelgen\/"},"modified":"2025-10-09T09:11:32","modified_gmt":"2025-10-09T09:11:32","slug":"eta-canada-nyheder","status":"publish","type":"page","link":"https:\/\/ave-eta-canada.com\/da\/eta-canada-nyheder\/","title":{"rendered":"Nyheder om eTA"},"content":{"rendered":"\n<h1 class=\"wp-block-heading\">De seneste nyheder om eTA-tilladelse og rejser til Canada<\/h1>\n\n<p>I dette afsnit kan du finde ud af, hvad der er nyt om det officielle ETA-dokument og nyheder vedr\u00f8rende Canada. Hvis du har brug for flere oplysninger om ETA til din rejse, kan du se p\u00e5 <a>hj\u00e6lpesiden<\/a>, <a>ordlisten<\/a> og <a>ofte stillede sp\u00f8rgsm\u00e5l<\/a>. <\/p>\n\n<p><\/p>\n","protected":false},"excerpt":{"rendered":"<p>De seneste nyheder om eTA-tilladelse og rejser til Canada I dette afsnit kan du finde ud af, hvad der er nyt om det officielle ETA-dokument og nyheder vedr\u00f8rende Canada. Hvis du har brug for flere oplysninger om ETA til din rejse, kan du se p\u00e5 hj\u00e6lpesiden, ordlisten og ofte stillede sp\u00f8rgsm\u00e5l.<\/p>\n","protected":false},"author":1,"featured_media":0,"parent":0,"menu_order":0,"comment_status":"closed","ping_status":"closed","template":"","meta":{"footnotes":""},"class_list":["post-4289","page","type-page","status-publish","hentry"],"yoast_head":"<!-- This site is optimized with the Yoast SEO plugin v26.9 - https:\/\/yoast.com\/product\/yoast-seo-wordpress\/ -->\n<title>Nyheder om eTA<\/title>\n<meta name=\"description\" content=\"Er du klar til at rejse til Canada med din ETA-autorisation? Find alle de seneste nyheder om din rejse i denne nyhedssektion.\" \/>\n<meta name=\"robots\" content=\"index, follow, max-snippet:-1, max-image-preview:large, max-video-preview:-1\" \/>\n<link rel=\"canonical\" href=\"https:\/\/ave-eta-canada.com\/da\/eta-canada-nyheder\/\" \/>\n<meta property=\"og:locale\" content=\"da_DK\" \/>\n<meta property=\"og:type\" content=\"article\" \/>\n<meta property=\"og:title\" content=\"Nyheder om eTA\" \/>\n<meta property=\"og:description\" content=\"Er du klar til at rejse til Canada med din ETA-autorisation? Find alle de seneste nyheder om din rejse i denne nyhedssektion.\" \/>\n<meta property=\"og:url\" content=\"https:\/\/ave-eta-canada.com\/da\/eta-canada-nyheder\/\" \/>\n<meta property=\"og:site_name\" content=\"VISA CANADA\" \/>\n<meta property=\"article:modified_time\" content=\"2025-10-09T09:11:32+00:00\" \/>\n<meta name=\"twitter:card\" content=\"summary_large_image\" \/>\n<script type=\"application\/ld+json\" class=\"yoast-schema-graph\">{\"@context\":\"https:\/\/schema.org\",\"@graph\":[{\"@type\":\"WebPage\",\"@id\":\"https:\/\/ave-eta-canada.com\/da\/eta-canada-nyheder\/\",\"url\":\"https:\/\/ave-eta-canada.com\/da\/eta-canada-nyheder\/\",\"name\":\"Nyheder om eTA\",\"isPartOf\":{\"@id\":\"https:\/\/ave-eta-canada.com\/da\/#website\"},\"datePublished\":\"2023-04-18T14:41:58+00:00\",\"dateModified\":\"2025-10-09T09:11:32+00:00\",\"description\":\"Er du klar til at rejse til Canada med din ETA-autorisation? Find alle de seneste nyheder om din rejse i denne nyhedssektion.\",\"breadcrumb\":{\"@id\":\"https:\/\/ave-eta-canada.com\/da\/eta-canada-nyheder\/#breadcrumb\"},\"inLanguage\":\"da-DK\",\"potentialAction\":[{\"@type\":\"ReadAction\",\"target\":[\"https:\/\/ave-eta-canada.com\/da\/eta-canada-nyheder\/\"]}]},{\"@type\":\"BreadcrumbList\",\"@id\":\"https:\/\/ave-eta-canada.com\/da\/eta-canada-nyheder\/#breadcrumb\",\"itemListElement\":[{\"@type\":\"ListItem\",\"position\":1,\"name\":\"Home\",\"item\":\"https:\/\/ave-eta-canada.com\/da\/\"},{\"@type\":\"ListItem\",\"position\":2,\"name\":\"Nyheder om eTA\"}]},{\"@type\":\"WebSite\",\"@id\":\"https:\/\/ave-eta-canada.com\/da\/#website\",\"url\":\"https:\/\/ave-eta-canada.com\/da\/\",\"name\":\"VISA CANADA\",\"description\":\"Autorisation Voyage Electronique\",\"potentialAction\":[{\"@type\":\"SearchAction\",\"target\":{\"@type\":\"EntryPoint\",\"urlTemplate\":\"https:\/\/ave-eta-canada.com\/da\/?s={search_term_string}\"},\"query-input\":{\"@type\":\"PropertyValueSpecification\",\"valueRequired\":true,\"valueName\":\"search_term_string\"}}],\"inLanguage\":\"da-DK\"}]}<\/script>\n<!-- \/ Yoast SEO plugin. -->","yoast_head_json":{"title":"Nyheder om eTA","description":"Er du klar til at rejse til Canada med din ETA-autorisation? Find alle de seneste nyheder om din rejse i denne nyhedssektion.","robots":{"index":"index","follow":"follow","max-snippet":"max-snippet:-1","max-image-preview":"max-image-preview:large","max-video-preview":"max-video-preview:-1"},"canonical":"https:\/\/ave-eta-canada.com\/da\/eta-canada-nyheder\/","og_locale":"da_DK","og_type":"article","og_title":"Nyheder om eTA","og_description":"Er du klar til at rejse til Canada med din ETA-autorisation? Find alle de seneste nyheder om din rejse i denne nyhedssektion.","og_url":"https:\/\/ave-eta-canada.com\/da\/eta-canada-nyheder\/","og_site_name":"VISA CANADA","article_modified_time":"2025-10-09T09:11:32+00:00","twitter_card":"summary_large_image","schema":{"@context":"https:\/\/schema.org","@graph":[{"@type":"WebPage","@id":"https:\/\/ave-eta-canada.com\/da\/eta-canada-nyheder\/","url":"https:\/\/ave-eta-canada.com\/da\/eta-canada-nyheder\/","name":"Nyheder om eTA","isPartOf":{"@id":"https:\/\/ave-eta-canada.com\/da\/#website"},"datePublished":"2023-04-18T14:41:58+00:00","dateModified":"2025-10-09T09:11:32+00:00","description":"Er du klar til at rejse til Canada med din ETA-autorisation? Find alle de seneste nyheder om din rejse i denne nyhedssektion.","breadcrumb":{"@id":"https:\/\/ave-eta-canada.com\/da\/eta-canada-nyheder\/#breadcrumb"},"inLanguage":"da-DK","potentialAction":[{"@type":"ReadAction","target":["https:\/\/ave-eta-canada.com\/da\/eta-canada-nyheder\/"]}]},{"@type":"BreadcrumbList","@id":"https:\/\/ave-eta-canada.com\/da\/eta-canada-nyheder\/#breadcrumb","itemListElement":[{"@type":"ListItem","position":1,"name":"Home","item":"https:\/\/ave-eta-canada.com\/da\/"},{"@type":"ListItem","position":2,"name":"Nyheder om eTA"}]},{"@type":"WebSite","@id":"https:\/\/ave-eta-canada.com\/da\/#website","url":"https:\/\/ave-eta-canada.com\/da\/","name":"VISA CANADA","description":"Autorisation Voyage Electronique","potentialAction":[{"@type":"SearchAction","target":{"@type":"EntryPoint","urlTemplate":"https:\/\/ave-eta-canada.com\/da\/?s={search_term_string}"},"query-input":{"@type":"PropertyValueSpecification","valueRequired":true,"valueName":"search_term_string"}}],"inLanguage":"da-DK"}]}},"_links":{"self":[{"href":"https:\/\/ave-eta-canada.com\/da\/wp-json\/wp\/v2\/pages\/4289","targetHints":{"allow":["GET"]}}],"collection":[{"href":"https:\/\/ave-eta-canada.com\/da\/wp-json\/wp\/v2\/pages"}],"about":[{"href":"https:\/\/ave-eta-canada.com\/da\/wp-json\/wp\/v2\/types\/page"}],"author":[{"embeddable":true,"href":"https:\/\/ave-eta-canada.com\/da\/wp-json\/wp\/v2\/users\/1"}],"replies":[{"embeddable":true,"href":"https:\/\/ave-eta-canada.com\/da\/wp-json\/wp\/v2\/comments?post=4289"}],"version-history":[{"count":2,"href":"https:\/\/ave-eta-canada.com\/da\/wp-json\/wp\/v2\/pages\/4289\/revisions"}],"predecessor-version":[{"id":6289,"href":"https:\/\/ave-eta-canada.com\/da\/wp-json\/wp\/v2\/pages\/4289\/revisions\/6289"}],"wp:attachment":[{"href":"https:\/\/ave-eta-canada.com\/da\/wp-json\/wp\/v2\/media?parent=4289"}],"curies":[{"name":"wp","href":"https:\/\/api.w.org\/{rel}","templated":true}]}}