{"id":1022,"date":"2020-04-28T14:49:51","date_gmt":"2020-04-28T14:49:51","guid":{"rendered":"https:\/\/ave-eta-canada.com\/eta-kanada-elektronische-reisegenehmigung\/"},"modified":"2025-06-06T09:01:23","modified_gmt":"2025-06-06T09:01:23","slug":"kanada-elektronische-reisegenehmigung","status":"publish","type":"page","link":"https:\/\/ave-eta-canada.com\/de\/","title":{"rendered":"KANADA: Elektronische Reisegenehmigung"},"content":{"rendered":"\n<h1 class=\"wp-block-heading\">Formalit\u00e4ten f\u00fcr die Einreise nach Kanada<\/h1>\n\n<p>Die elektronische Reisegenehmigung Kanada (eTA Kanada) ist ein automatisiertes System zur Erteilung von Reisegenehmigungen f\u00fcr Reisen nach Kanada. Die Implementierung dieses elektronischen Ger\u00e4ts datiert vom September 2016. Diese obligatorische Bescheinigung, die Sie vor Ihrem Aufenthalt in Kanada erwerben m\u00fcssen, ist kostenpflichtig. Es erlaubt Ihnen, nach Kanada einzureisen, ohne ein kanadisches Visum zu beantragen. Die Beantragung einer eTA muss online und vor Ausstellung der Bordkarte f\u00fcr Kanada erfolgen.<\/p>\n\n<p><strong>Bei einem Aufenthalt von weniger als 6 Monaten in Kanada<\/strong> : Sie k\u00f6nnen die Formalit\u00e4ten f\u00fcr die Einreise nach Kanada direkt \u00fcber das Internet erledigen, indem Sie auf das <a href=\"https:\/\/ave-eta-canada.com\/de\/ave-kanada-online-formular\/\">Online-Formular<\/a> klicken. Es ist nicht erforderlich, einen Termin bei der kanadischen Botschaft oder dem kanadischen Konsulat zu vereinbaren.<\/p>\n\n<div style=\"height:30px\" aria-hidden=\"true\" class=\"wp-block-spacer\"><\/div>\n\n<h2 class=\"wp-block-heading\">Wof\u00fcr wird die kanadische eTA verwendet?<\/h2>\n\n<p>Dieses elektronische Reisedokument tr\u00e4gt zur Erh\u00f6hung der inneren Sicherheit bei Fl\u00fcgen und Seetransporten nach Kanada bei. Wenn Sie bei Ihrem <a href=\"https:\/\/ave-eta-canada.com\/de\/was-ist-eta-kanada-2\/\">ETA-Antrag f\u00fcr Kanada<\/a> Ihre Daten vor dem Flug eingeben, kann das System bereits vor Ihrer Ankunft pr\u00fcfen, ob Sie die Kriterien f\u00fcr die Einreise nach Kanada erf\u00fcllen. Fr\u00fcher wurde diese Kontrolle direkt an der Grenzstelle durchgef\u00fchrt.<\/p>\n\n<p>Dies ist ein im Internet auszuf\u00fcllender Fragebogen, dessen Antworten dar\u00fcber entscheiden, ob Sie die eTA akzeptieren oder nicht. Die Fragen sind einfach und manchmal \u00fcberraschend; Sie sollen den kanadischen Beh\u00f6rden versichern, dass Sie keine Verbindung zu einer terroristischen Organisation haben, dass Sie kein Krimineller sind und so weiter. Dieser Fragebogen ersetzt das gr\u00fcne Formular, das Ihnen w\u00e4hrend des Fluges ausgeh\u00e4ndigt wurde.<\/p>\n\n<h2 class=\"wp-block-heading\">eTA einfacher zu bekommen als Visum<\/h2>\n\n<p>Die <a href=\"https:\/\/ave-eta-canada.com\/de\/was-ist-eta-kanada\/\">N\u00fctzlichkeit des eTA wird<\/a> f\u00fcr ganz bestimmte Reisen best\u00e4tigt: Tourismus, Transit oder eine Gesch\u00e4ftsreise. Wenn Sie aus einem dieser Gr\u00fcnde nach Kanada reisen und die Reise auf maximal 6 Monate begrenzt ist, k\u00f6nnen Sie dank des eTA von einem einfacheren System als dem <a href=\"https:\/\/usa-esta.net\/de\/touristenvisum-kanada\/\">kanadischen Touristenvisum<\/a> profitieren. Der Reisegenehmigungsprozess erfordert nicht nur ein paar Klicks im Internet, sondern Sie m\u00fcssen auch nicht Hunderte von Dollar bezahlen, wie es im Allgemeinen bei einem Kanada-Visum der Fall ist. Der eTA ist die L\u00f6sung um einfach und g\u00fcnstig nach Kanada zu reisen.<\/p>\n\n<p>Unten sehen Sie eine Abbildung eines kanadischen Einreisevisums.<\/p>\n\n<figure class=\"wp-block-image size-large\"><img decoding=\"async\" src=\"https:\/\/ave-eta-canada.com\/wp-content\/uploads\/2020\/04\/visa-canada-1-1024x734.png\" alt=\"\" class=\"wp-image-832\"\/><figcaption class=\"wp-element-caption\">Kanada-Visumfoto<\/figcaption><\/figure>\n\n<h2 class=\"wp-block-heading\">Wie komme ich zum Bewerbungsformular?<\/h2>\n\n<p>Der Zugriff auf das Formular ist einfach. Sie f\u00fcllen Ihren <a href=\"https:\/\/ave-eta-canada.com\/de\/stellen-sie-einen-offiziellen-antrag-von-eta-canada\/\">eTA-Antrag<\/a> direkt im Internet aus und die Bearbeitung erfolgt automatisch. Die Antwort (Annahme oder Ablehnung) erfolgt fast sofort, es wird jedoch empfohlen, die Anfrage zu stellen, sobald Ihre Reise geplant ist.<\/p>\n\n<p>Die Registrierungsseite ist auf Deutsch und Sie haben jederzeit Unterst\u00fctzung und Unterst\u00fctzung. Au\u00dferdem werden Ihre Kontaktdaten und Ihre Quittung auf der Seite gespeichert, was sich im Verlustfall als n\u00fctzlich erweisen kann.<\/p>\n\n<h2 class=\"wp-block-heading\">ETA-Zulassung in K\u00fcrze<\/h2>\n\n<p>Die eTA-Genehmigung ist kein greifbares Dokument wie ein Reisepass. Dies ist eine Antwort, die Sie im Internet finden k\u00f6nnen, \u00fcber Ihr Konto, das Sie bei der Bewerbung f\u00fcr eTA erstellt haben. Wenn Sie das Online-Formular absenden, verarbeiten die Computersysteme Ihre Daten sowie die Antworten auf die Fragen, um festzustellen, ob Ihre Datei die Annahmebedingungen validiert. Daher m\u00fcssen Sie dran bleiben und selbst die Initiative ergreifen, die Website zu besuchen, um das Ergebnis Ihrer Anfrage zu sehen. Wenn Sie \u00fcber eine eTA eine Best\u00e4tigung Ihrer Reise nach Kanada erhalten, hindert Sie nichts daran, die Nachricht auszudrucken, aber es ist nicht zwingend erforderlich. Die kanadischen Beh\u00f6rden k\u00f6nnen Ihre Akte direkt in ihren IT-Tools einsehen.<\/p>\n\n<h2 class=\"wp-block-heading\">Gibt es Vorteile f\u00fcr Reisende?<\/h2>\n\n<p>Ja, Reisende profitieren auch, denn wenn sie mit einer <a href=\"https:\/\/ave-eta-canada.com\/de\/visa-oder-eta-kanada\/\">eTA reisen, m\u00fcssen sie kein Visum beantragen<\/a>. Allerdings m\u00fcssen bestimmte Voraussetzungen erf\u00fcllt sein. In der Tat m\u00fcssen Sie Teil eines der L\u00e4nder sein, die die Anerkennung der Visumbefreiung unterzeichnet haben (zu denen Europa geh\u00f6rt). Sie m\u00fcssen sich maximal 6 Monate auf kanadischem Territorium aufhalten; au\u00dferdem ist der Reisegrund eingeschr\u00e4nkt: Durchreise, touristischer oder gesch\u00e4ftlicher Aufenthalt. Dar\u00fcber hinaus verlangt Kanada, wie viele andere L\u00e4nder auch, dass Besucher einen elektronischen oder biometrischen Reisepass besitzen, w\u00e4hrend dieser validiert wird. Wenn Sie all diese Verpflichtungen erf\u00fcllen, sollte Ihre Reise nach Kanada dank der eTA reibungslos verlaufen. Der Preis der eTA sowie das vereinfachte Online-Verfahren sind ein echter Vorteil f\u00fcr Reisende, die auf kanadisches Staatsgebiet reisen m\u00f6chten.<\/p>\n\n<h2 class=\"wp-block-heading\">Wie lange ist diese Anfrage g\u00fcltig?<\/h2>\n\n<p>Nach <a href=\"https:\/\/ave-eta-canada.com\/de\/eta-canada-gueltigkeitsdauer\/\">Antragstellung kann Ihr Aufenthaltstitel f\u00fcnf Jahre<\/a> oder bis zum Ablauf Ihres Reisepasses verwendet werden. andererseits darf Ihre Aufenthaltsdauer auf kanadischem Hoheitsgebiet 6 Monate nicht \u00fcberschreiten. Bis zum Ablauf der 6 Monate k\u00f6nnen Sie mehrmals auf kanadisches Hoheitsgebiet ein- und ausreisen.<\/p>\n\n<h2 class=\"wp-block-heading\">Besteht die Gefahr, dass eine eTA verweigert wird?<\/h2>\n\n<p>Seien Sie versichert, fast jede Anfrage f\u00fchrt zu einer positiven Antwort. Die Verweigerung der eTA-Reisegenehmigung wird durch Eingabefehler und nat\u00fcrlich durch die Nichteinhaltung der Bedingungen der Genehmigung (\u00fcberm\u00e4\u00dfiger Aufenthalt, abgelaufener Reisepass usw.) erkl\u00e4rt. Wenn Sie die wenigen Verpflichtungen des Programms gut erf\u00fcllen, besteht kein Zweifel, dass Ihr Aufenthalt in Kanada \u00fcber eine eTA erfolgen kann. Nehmen Sie sich die Zeit, Ihre Daten zu \u00fcberpr\u00fcfen, bevor Sie das Absenden des Formulars best\u00e4tigen, da kann sich leicht ein Tippfehler einschleichen. Im Falle einer Ablehnung m\u00fcssen Sie 10 Tage warten, bevor Sie einen neuen Antrag stellen k\u00f6nnen.<\/p>\n\n<h2 class=\"wp-block-heading\">So erhalten Sie ein Touristenvisum f\u00fcr Kanada<\/h2>\n\n<p>Die Beantragung eines kanadischen Touristenvisums erfolgt beim kanadischen Konsulat in Ihrem Herkunftsland. Der Prozess zur Erlangung eines Touristenvisums f\u00fcr Kanada erfolgt in mehreren Schritten. Im Gegensatz zum Verfahren zur Erlangung eines <a href=\"https:\/\/usa-esta.net\/de\/visum-fur-die-usa\/\">US-Visums<\/a> wird das kanadische Visum erhalten, ohne dass ein pers\u00f6nliches Interview bei der kanadischen Botschaft gef\u00fchrt werden muss. Die wichtigsten Schritte des kanadischen Touristenvisums sind wie folgt:<\/p>\n\n<ol class=\"wp-block-list\">\n<li>Zun\u00e4chst m\u00fcssen Sie \u00fcberpr\u00fcfen, ob Sie berechtigt sind, ein Touristenvisum f\u00fcr Kanada zu erhalten.<\/li>\n\n\n\n<li>Dann m\u00fcssen Sie einen Besucherzugang auf dem administrativen Internetportal von Kanada erstellen: dem <a href=\"https:\/\/www.canada.ca\/en\/immigration-refugees-citizenship\/services\/visit-canada\/visitor-visa-application-start.html\">IRCC<\/a> ;<\/li>\n\n\n\n<li>Sobald Sie verbunden sind, m\u00fcssen Sie alle f\u00fcr das kanadische Touristenvisum erforderlichen Dokumente ausf\u00fcllen.<\/li>\n\n\n\n<li>Sobald Sie fertig sind, k\u00f6nnen Sie Ihren kanadischen Visumantrag endg\u00fcltig validieren.<\/li>\n\n\n\n<li>Sie m\u00fcssen dann auch alle Dokumente beif\u00fcgen, die von der kanadischen Verwaltung angefordert werden, um Ihren Antrag auf ein Touristenvisum abzuschlie\u00dfen.<\/li>\n\n\n\n<li>Wenn Sie die Antragsunterlagen abgeschickt haben, m\u00fcssen Sie nur noch auf die R\u00fccksendung des Touristenvisum-Bearbeitungsdienstes warten. Die Visaabteilung kann Sie f\u00fcr weitere Informationen kontaktieren.<\/li>\n\n\n\n<li>Sobald Ihr Antrag akzeptiert wurde, m\u00fcssen Sie nur noch Ihren Reisepass einsenden, damit er vom offiziellen kanadischen Visumdienst abgestempelt wird.<\/li>\n<\/ol>\n\n<div style=\"height:20px\" aria-hidden=\"true\" class=\"wp-block-spacer\"><\/div>\n\n<h2 class=\"wp-block-heading\">Kann ein Aufenthalt mit einer eTA-Genehmigung Kanada verl\u00e4ngert werden?<\/h2>\n\n<p>Obwohl eine eTA Kanada einen anf\u00e4nglichen Aufenthalt von bis zu 6 Monaten auf kanadischem Boden erlaubt, ist es manchmal m\u00f6glich, eine Verl\u00e4ngerung zu erhalten. Dazu m\u00fcssen Sie vor Ablauf Ihres urspr\u00fcnglichen Aufenthalts einen speziellen Antrag bei den kanadischen Beh\u00f6rden stellen. Dieser Prozess wird direkt online \u00fcber das <a href=\"https:\/\/www.canada.ca\/en\/immigration-refugees-citizenship\/services\/application\/account.html\">IRCC-Portal<\/a> durchgef\u00fchrt und erfordert die Angabe triftiger Gr\u00fcnde und Nachweise, die Ihren Antrag rechtfertigen (famili\u00e4re, berufliche, medizinische Gr\u00fcnde usw.). Es ist daher wichtig, dass Sie diesen Schritt fr\u00fchzeitig planen.   <\/p>\n\n<h2 class=\"wp-block-heading\">Was tun, wenn Ihr Reisepass vor Ihrer Reisegenehmigung abl\u00e4uft?<\/h2>\n\n<p>Wenn Ihr Reisepass vor dem Ende der G\u00fcltigkeitsdauer Ihrer Reisegenehmigung (5 Jahre) abl\u00e4uft, m\u00fcssen Sie eine neue Genehmigung online beantragen, sobald Sie Ihren neuen Reisepass erhalten haben. Die elektronische Genehmigung ist direkt mit der Nummer des Reisepasses verkn\u00fcpft, der bei der urspr\u00fcnglichen Beantragung verwendet wurde. Jede \u00c4nderung oder jeder Wechsel des Reisepasses erfordert daher eine neue Genehmigung, um eine Verweigerung der Bef\u00f6rderung oder Probleme an den Grenzen zu vermeiden.  <\/p>\n\n<h2 class=\"wp-block-heading\">ETA Kanada f\u00fcr Minderj\u00e4hrige<\/h2>\n\n<p>Wenn Sie mit minderj\u00e4hrigen Kindern reisen, ist es wichtig zu wissen, dass jedes Kind eine eigene Reisegenehmigung f\u00fcr Minderj\u00e4hrige ben\u00f6tigt. F\u00fcr jedes Kind muss eine eigene Genehmigung online ausgef\u00fcllt werden, auch wenn es von beiden Elternteilen oder Erziehungsberechtigten begleitet wird. Dar\u00fcber hinaus empfehlen die kanadischen Beh\u00f6rden dringend, dass Erwachsene, die allein mit einem Minderj\u00e4hrigen reisen, eine von dem anderen Elternteil oder dem abwesenden Erziehungsberechtigten unterzeichnete Einverst\u00e4ndniserkl\u00e4rung der Eltern haben sollten, um Grenzblockaden zu vermeiden.  <\/p>\n\n<h2 class=\"wp-block-heading\">Denken Sie auch an die Formalit\u00e4ten f\u00fcr Ihre Reisen in das Vereinigte K\u00f6nigreich.<\/h2>\n\n<p>Wenn Sie auch planen, <a href=\"https:\/\/uk-gb.net\/de\/\">das Vereinigte K\u00f6nigreich zu besuchen<\/a>, sollten Sie wissen, dass das Land vor kurzem sein eigenes elektronisches Reisegenehmigungssystem eingef\u00fchrt hat. Wie die kanadische elektronische Reisegenehmigung ist auch die britische ETA eine elektronische Vorabgenehmigung f\u00fcr die Reise. Sie wurde eingef\u00fchrt, um die <a href=\"https:\/\/uk-gb.net\/de\/visum-vereinigtes-konigreich\/\">Einreiseformalit\u00e4ten in das Vereinigte K\u00f6nigreich<\/a> zu vereinfachen und die Sicherheitskontrollen zu verst\u00e4rken. Diese Bescheinigung ist f\u00fcr visumfreie Besucher, die einen Kurzaufenthalt im Vereinigten K\u00f6nigreich planen, obligatorisch. Denken Sie also daran, Ihre Einreiseformalit\u00e4ten f\u00fcr das Vereinigte K\u00f6nigreich vor Ihrer Reise online zu erledigen, um unangenehme \u00dcberraschungen bei Ihrer Ankunft im Vereinigten K\u00f6nigreich zu vermeiden.    <\/p>\n","protected":false},"excerpt":{"rendered":"<p>Formalit\u00e4ten f\u00fcr die Einreise nach Kanada Die elektronische Reisegenehmigung Kanada (eTA Kanada) ist ein automatisiertes System zur Erteilung von Reisegenehmigungen f\u00fcr Reisen nach Kanada. Die Implementierung dieses elektronischen Ger\u00e4ts datiert vom September 2016. Diese obligatorische Bescheinigung, die Sie vor Ihrem Aufenthalt in Kanada erwerben m\u00fcssen, ist kostenpflichtig. Es erlaubt Ihnen, nach Kanada einzureisen, ohne ein [&hellip;]<\/p>\n","protected":false},"author":1,"featured_media":0,"parent":0,"menu_order":0,"comment_status":"closed","ping_status":"closed","template":"","meta":{"footnotes":""},"class_list":["post-1022","page","type-page","status-publish","hentry"],"yoast_head":"<!-- This site is optimized with the Yoast SEO plugin v26.9 - https:\/\/yoast.com\/product\/yoast-seo-wordpress\/ -->\n<title>KANADA: Elektronische Reisegenehmigung<\/title>\n<meta name=\"description\" content=\"Alle Informationen zur eTA Canada, der elektronischen Einreisebescheinigung f\u00fcr kanadisches Hoheitsgebiet\" \/>\n<meta name=\"robots\" content=\"index, follow, max-snippet:-1, max-image-preview:large, max-video-preview:-1\" \/>\n<link rel=\"canonical\" href=\"https:\/\/ave-eta-canada.com\/de\/\" \/>\n<meta property=\"og:locale\" content=\"de_DE\" \/>\n<meta property=\"og:type\" content=\"article\" \/>\n<meta property=\"og:title\" content=\"KANADA: Elektronische Reisegenehmigung\" \/>\n<meta property=\"og:description\" content=\"Alle Informationen zur eTA Canada, der elektronischen Einreisebescheinigung f\u00fcr kanadisches Hoheitsgebiet\" \/>\n<meta property=\"og:url\" content=\"https:\/\/ave-eta-canada.com\/de\/\" \/>\n<meta property=\"og:site_name\" content=\"KANADA VISUM\" \/>\n<meta property=\"article:modified_time\" content=\"2025-06-06T09:01:23+00:00\" \/>\n<meta property=\"og:image\" content=\"https:\/\/ave-eta-canada.com\/wp-content\/uploads\/2020\/04\/visa-canada-1.webp\" \/>\n\t<meta property=\"og:image:width\" content=\"1920\" \/>\n\t<meta property=\"og:image:height\" content=\"1376\" \/>\n\t<meta property=\"og:image:type\" content=\"image\/webp\" \/>\n<meta name=\"twitter:card\" content=\"summary_large_image\" \/>\n<meta name=\"twitter:label1\" content=\"Gesch\u00e4tzte Lesezeit\" \/>\n\t<meta name=\"twitter:data1\" content=\"7\u00a0Minuten\" \/>\n<script type=\"application\/ld+json\" class=\"yoast-schema-graph\">{\"@context\":\"https:\/\/schema.org\",\"@graph\":[{\"@type\":\"WebPage\",\"@id\":\"https:\/\/ave-eta-canada.com\/de\/\",\"url\":\"https:\/\/ave-eta-canada.com\/de\/\",\"name\":\"KANADA: Elektronische Reisegenehmigung\",\"isPartOf\":{\"@id\":\"https:\/\/ave-eta-canada.com\/de\/#website\"},\"primaryImageOfPage\":{\"@id\":\"https:\/\/ave-eta-canada.com\/de\/#primaryimage\"},\"image\":{\"@id\":\"https:\/\/ave-eta-canada.com\/de\/#primaryimage\"},\"thumbnailUrl\":\"https:\/\/ave-eta-canada.com\/wp-content\/uploads\/2020\/04\/visa-canada-1-1024x734.png\",\"datePublished\":\"2020-04-28T14:49:51+00:00\",\"dateModified\":\"2025-06-06T09:01:23+00:00\",\"description\":\"Alle Informationen zur eTA Canada, der elektronischen Einreisebescheinigung f\u00fcr kanadisches Hoheitsgebiet\",\"breadcrumb\":{\"@id\":\"https:\/\/ave-eta-canada.com\/de\/#breadcrumb\"},\"inLanguage\":\"de\",\"potentialAction\":[{\"@type\":\"ReadAction\",\"target\":[\"https:\/\/ave-eta-canada.com\/de\/\"]}]},{\"@type\":\"ImageObject\",\"inLanguage\":\"de\",\"@id\":\"https:\/\/ave-eta-canada.com\/de\/#primaryimage\",\"url\":\"https:\/\/ave-eta-canada.com\/wp-content\/uploads\/2020\/04\/visa-canada-1-1024x734.png\",\"contentUrl\":\"https:\/\/ave-eta-canada.com\/wp-content\/uploads\/2020\/04\/visa-canada-1-1024x734.png\"},{\"@type\":\"BreadcrumbList\",\"@id\":\"https:\/\/ave-eta-canada.com\/de\/#breadcrumb\",\"itemListElement\":[{\"@type\":\"ListItem\",\"position\":1,\"name\":\"Home\",\"item\":\"https:\/\/ave-eta-canada.com\/de\/\"},{\"@type\":\"ListItem\",\"position\":2,\"name\":\"KANADA: Elektronische Reisegenehmigung\"}]},{\"@type\":\"WebSite\",\"@id\":\"https:\/\/ave-eta-canada.com\/de\/#website\",\"url\":\"https:\/\/ave-eta-canada.com\/de\/\",\"name\":\"KANADA VISUM\",\"description\":\"Autorisation Voyage Electronique\",\"potentialAction\":[{\"@type\":\"SearchAction\",\"target\":{\"@type\":\"EntryPoint\",\"urlTemplate\":\"https:\/\/ave-eta-canada.com\/de\/?s={search_term_string}\"},\"query-input\":{\"@type\":\"PropertyValueSpecification\",\"valueRequired\":true,\"valueName\":\"search_term_string\"}}],\"inLanguage\":\"de\"}]}<\/script>\n<!-- \/ Yoast SEO plugin. -->","yoast_head_json":{"title":"KANADA: Elektronische Reisegenehmigung","description":"Alle Informationen zur eTA Canada, der elektronischen Einreisebescheinigung f\u00fcr kanadisches Hoheitsgebiet","robots":{"index":"index","follow":"follow","max-snippet":"max-snippet:-1","max-image-preview":"max-image-preview:large","max-video-preview":"max-video-preview:-1"},"canonical":"https:\/\/ave-eta-canada.com\/de\/","og_locale":"de_DE","og_type":"article","og_title":"KANADA: Elektronische Reisegenehmigung","og_description":"Alle Informationen zur eTA Canada, der elektronischen Einreisebescheinigung f\u00fcr kanadisches Hoheitsgebiet","og_url":"https:\/\/ave-eta-canada.com\/de\/","og_site_name":"KANADA VISUM","article_modified_time":"2025-06-06T09:01:23+00:00","og_image":[{"width":1920,"height":1376,"url":"https:\/\/ave-eta-canada.com\/wp-content\/uploads\/2020\/04\/visa-canada-1.webp","type":"image\/webp"}],"twitter_card":"summary_large_image","twitter_misc":{"Gesch\u00e4tzte Lesezeit":"7\u00a0Minuten"},"schema":{"@context":"https:\/\/schema.org","@graph":[{"@type":"WebPage","@id":"https:\/\/ave-eta-canada.com\/de\/","url":"https:\/\/ave-eta-canada.com\/de\/","name":"KANADA: Elektronische Reisegenehmigung","isPartOf":{"@id":"https:\/\/ave-eta-canada.com\/de\/#website"},"primaryImageOfPage":{"@id":"https:\/\/ave-eta-canada.com\/de\/#primaryimage"},"image":{"@id":"https:\/\/ave-eta-canada.com\/de\/#primaryimage"},"thumbnailUrl":"https:\/\/ave-eta-canada.com\/wp-content\/uploads\/2020\/04\/visa-canada-1-1024x734.png","datePublished":"2020-04-28T14:49:51+00:00","dateModified":"2025-06-06T09:01:23+00:00","description":"Alle Informationen zur eTA Canada, der elektronischen Einreisebescheinigung f\u00fcr kanadisches Hoheitsgebiet","breadcrumb":{"@id":"https:\/\/ave-eta-canada.com\/de\/#breadcrumb"},"inLanguage":"de","potentialAction":[{"@type":"ReadAction","target":["https:\/\/ave-eta-canada.com\/de\/"]}]},{"@type":"ImageObject","inLanguage":"de","@id":"https:\/\/ave-eta-canada.com\/de\/#primaryimage","url":"https:\/\/ave-eta-canada.com\/wp-content\/uploads\/2020\/04\/visa-canada-1-1024x734.png","contentUrl":"https:\/\/ave-eta-canada.com\/wp-content\/uploads\/2020\/04\/visa-canada-1-1024x734.png"},{"@type":"BreadcrumbList","@id":"https:\/\/ave-eta-canada.com\/de\/#breadcrumb","itemListElement":[{"@type":"ListItem","position":1,"name":"Home","item":"https:\/\/ave-eta-canada.com\/de\/"},{"@type":"ListItem","position":2,"name":"KANADA: Elektronische Reisegenehmigung"}]},{"@type":"WebSite","@id":"https:\/\/ave-eta-canada.com\/de\/#website","url":"https:\/\/ave-eta-canada.com\/de\/","name":"KANADA VISUM","description":"Autorisation Voyage Electronique","potentialAction":[{"@type":"SearchAction","target":{"@type":"EntryPoint","urlTemplate":"https:\/\/ave-eta-canada.com\/de\/?s={search_term_string}"},"query-input":{"@type":"PropertyValueSpecification","valueRequired":true,"valueName":"search_term_string"}}],"inLanguage":"de"}]}},"_links":{"self":[{"href":"https:\/\/ave-eta-canada.com\/de\/wp-json\/wp\/v2\/pages\/1022","targetHints":{"allow":["GET"]}}],"collection":[{"href":"https:\/\/ave-eta-canada.com\/de\/wp-json\/wp\/v2\/pages"}],"about":[{"href":"https:\/\/ave-eta-canada.com\/de\/wp-json\/wp\/v2\/types\/page"}],"author":[{"embeddable":true,"href":"https:\/\/ave-eta-canada.com\/de\/wp-json\/wp\/v2\/users\/1"}],"replies":[{"embeddable":true,"href":"https:\/\/ave-eta-canada.com\/de\/wp-json\/wp\/v2\/comments?post=1022"}],"version-history":[{"count":7,"href":"https:\/\/ave-eta-canada.com\/de\/wp-json\/wp\/v2\/pages\/1022\/revisions"}],"predecessor-version":[{"id":6130,"href":"https:\/\/ave-eta-canada.com\/de\/wp-json\/wp\/v2\/pages\/1022\/revisions\/6130"}],"wp:attachment":[{"href":"https:\/\/ave-eta-canada.com\/de\/wp-json\/wp\/v2\/media?parent=1022"}],"curies":[{"name":"wp","href":"https:\/\/api.w.org\/{rel}","templated":true}]}}