{"id":1250,"date":"2021-12-03T20:41:11","date_gmt":"2021-12-03T20:41:11","guid":{"rendered":"https:\/\/ave-eta-canada.com\/eta-kanada-covid-19-aktuelle-reisebeschraenkungen\/"},"modified":"2025-10-09T08:34:14","modified_gmt":"2025-10-09T08:34:14","slug":"eta-kanada-covid-19-aktuelle-reisebeschraenkungen","status":"publish","type":"page","link":"https:\/\/ave-eta-canada.com\/de\/eta-kanada-covid-19-aktuelle-reisebeschraenkungen\/","title":{"rendered":"AVE Canada &#8211; COVID 19 Reisebeschr\u00e4nkungen auf dem neuesten Stand"},"content":{"rendered":"\t\t<div data-elementor-type=\"wp-page\" data-elementor-id=\"1250\" class=\"elementor elementor-1250 elementor-1195\" data-elementor-post-type=\"page\">\n\t\t\t\t\t\t<section class=\"elementor-section elementor-top-section elementor-element elementor-element-b820ec9 elementor-section-boxed elementor-section-height-default elementor-section-height-default\" data-id=\"b820ec9\" data-element_type=\"section\" data-e-type=\"section\">\n\t\t\t\t\t\t<div class=\"elementor-container elementor-column-gap-default\">\n\t\t\t\t\t<div class=\"elementor-column elementor-col-100 elementor-top-column elementor-element elementor-element-e20cc56\" data-id=\"e20cc56\" data-element_type=\"column\" data-e-type=\"column\">\n\t\t\t<div class=\"elementor-widget-wrap elementor-element-populated\">\n\t\t\t\t\t\t<div class=\"elementor-element elementor-element-f35a835 elementor-widget elementor-widget-heading\" data-id=\"f35a835\" data-element_type=\"widget\" data-e-type=\"widget\" data-widget_type=\"heading.default\">\n\t\t\t\t<div class=\"elementor-widget-container\">\n\t\t\t\t\t<h1 class=\"elementor-heading-title elementor-size-default\">Ende der Einschr\u00e4nkungen im Zusammenhang mit der Gesundheitskrise COVID 19<\/h1>\t\t\t\t<\/div>\n\t\t\t\t<\/div>\n\t\t\t\t\t<\/div>\n\t\t<\/div>\n\t\t\t\t\t<\/div>\n\t\t<\/section>\n\t\t\t\t<section class=\"elementor-section elementor-top-section elementor-element elementor-element-7752861 elementor-section-boxed elementor-section-height-default elementor-section-height-default\" data-id=\"7752861\" data-element_type=\"section\" data-e-type=\"section\">\n\t\t\t\t\t\t<div class=\"elementor-container elementor-column-gap-default\">\n\t\t\t\t\t<div class=\"elementor-column elementor-col-100 elementor-top-column elementor-element elementor-element-e662d5f\" data-id=\"e662d5f\" data-element_type=\"column\" data-e-type=\"column\">\n\t\t\t<div class=\"elementor-widget-wrap elementor-element-populated\">\n\t\t\t\t\t\t<div class=\"elementor-element elementor-element-80b7c62 elementor-widget elementor-widget-text-editor\" data-id=\"80b7c62\" data-element_type=\"widget\" data-e-type=\"widget\" data-widget_type=\"text-editor.default\">\n\t\t\t\t<div class=\"elementor-widget-container\">\n\t\t\t\t\t\t\t\t\t<p><strong>Pr\u00e4ambel<\/strong>: Dies ist der aktuelle Stand der Entwicklung der Gesundheitskrise im Zusammenhang mit COVID-19. Die Informationen auf dieser Seite werden so weit wie m\u00f6glich gem\u00e4\u00df neuen Entscheidungen der kanadischen Regierung aktualisiert. Seit Mai 2023 wurden die meisten Beschr\u00e4nkungen f\u00fcr Reisende, die nach Kanada reisen m\u00f6chten, aufgehoben.  <\/p><p><strong>Bei einem Aufenthalt von weniger als 6 Monaten in Kanada<\/strong> : Sie k\u00f6nnen die Formalit\u00e4ten f\u00fcr die Einreise nach Kanada direkt \u00fcber das Internet erledigen, indem Sie auf das <a href=\"https:\/\/ave-eta-canada.com\/de\/ave-kanada-online-formular\/\">Online-Formular<\/a> klicken. Es ist nicht erforderlich, einen Termin bei der kanadischen Botschaft oder dem kanadischen Konsulat zu vereinbaren.<\/p><h2>Ende der COVID-bedingten Einschr\u00e4nkungen f\u00fcr Reisende nach Kanada<\/h2><p>Pr\u00e4ventive Ma\u00dfnahmen im Zusammenhang mit COVID-19, die im November 2021 zur Wiederer\u00f6ffnung der kanadischen Grenzen eingef\u00fchrt worden waren, wurden im Mai 2023 aufgehoben. <span style=\"background-color: transparent;\"> Von Reisenden werden bei der Einschiffung nach Kanada keine<\/span> <span style=\"background-color: transparent;\">Impfnachweise oder<\/span><span style=\"background-color: transparent;\"> Tests<\/span> mehr<span style=\"background-color: transparent;\"> verlangt.<\/span><\/p>\t\t\t\t\t\t\t\t<\/div>\n\t\t\t\t<\/div>\n\t\t\t\t\t<\/div>\n\t\t<\/div>\n\t\t\t\t\t<\/div>\n\t\t<\/section>\n\t\t\t\t<section class=\"elementor-section elementor-top-section elementor-element elementor-element-dca40c8 elementor-section-boxed elementor-section-height-default elementor-section-height-default\" data-id=\"dca40c8\" data-element_type=\"section\" data-e-type=\"section\">\n\t\t\t\t\t\t<div class=\"elementor-container elementor-column-gap-default\">\n\t\t\t\t\t<div class=\"elementor-column elementor-col-100 elementor-top-column elementor-element elementor-element-4aaedc7\" data-id=\"4aaedc7\" data-element_type=\"column\" data-e-type=\"column\">\n\t\t\t<div class=\"elementor-widget-wrap elementor-element-populated\">\n\t\t\t\t\t\t<div class=\"elementor-element elementor-element-8cf9d43 elementor-widget elementor-widget-toggle\" data-id=\"8cf9d43\" data-element_type=\"widget\" data-e-type=\"widget\" data-widget_type=\"toggle.default\">\n\t\t\t\t<div class=\"elementor-widget-container\">\n\t\t\t\t\t\t\t<div class=\"elementor-toggle\">\n\t\t\t\t\t\t\t<div class=\"elementor-toggle-item\">\n\t\t\t\t\t<h2 id=\"elementor-tab-title-1471\" class=\"elementor-tab-title\" data-tab=\"1\" role=\"button\" aria-controls=\"elementor-tab-content-1471\" aria-expanded=\"false\">\n\t\t\t\t\t\t\t\t\t\t\t\t<span class=\"elementor-toggle-icon elementor-toggle-icon-left\" aria-hidden=\"true\">\n\t\t\t\t\t\t\t\t\t\t\t\t\t\t\t<span class=\"elementor-toggle-icon-closed\"><i class=\"fas fa-caret-right\"><\/i><\/span>\n\t\t\t\t\t\t\t\t<span class=\"elementor-toggle-icon-opened\"><i class=\"elementor-toggle-icon-opened fas fa-caret-up\"><\/i><\/span>\n\t\t\t\t\t\t\t\t\t\t\t\t\t<\/span>\n\t\t\t\t\t\t\t\t\t\t\t\t<a class=\"elementor-toggle-title\" tabindex=\"0\">Muss man vor der Einreise nach Kanada noch ArriveCAN ausf\u00fcllen?<\/a>\n\t\t\t\t\t<\/h2>\n\n\t\t\t\t\t<div id=\"elementor-tab-content-1471\" class=\"elementor-tab-content elementor-clearfix\" data-tab=\"1\" role=\"region\" aria-labelledby=\"elementor-tab-title-1471\"><p><a href=\"https:\/\/ave-eta-canada.com\/de\/arrivecan-canada\/\">ArriveCAN<\/a> ist eine Anwendung der kanadischen Regierung. Sie verwaltete die Informationen von Reisenden, die nach der COVID-19-Pandemie nach Kanada einreisten. Sie erleichterte die Einhaltung der kanadischen Anforderungen an die \u00f6ffentliche Gesundheit.<\/p>\n<p>Die <a href=\"https:\/\/ave-eta-canada.com\/de\/arrivecan-canada\/\">ArriveCAN-App<\/a> wurde im November 2020 eingef\u00fchrt. Seit Mai 2023 <b>sind Reisende nicht mehr verpflichtet, ArriveCAN<\/b> innerhalb von 72 Stunden vor ihrer Ankunft in Kanada <b>auszuf\u00fcllen<\/b>.<\/p>\n<\/div>\n\t\t\t\t<\/div>\n\t\t\t\t\t\t\t<div class=\"elementor-toggle-item\">\n\t\t\t\t\t<h2 id=\"elementor-tab-title-1472\" class=\"elementor-tab-title\" data-tab=\"2\" role=\"button\" aria-controls=\"elementor-tab-content-1472\" aria-expanded=\"false\">\n\t\t\t\t\t\t\t\t\t\t\t\t<span class=\"elementor-toggle-icon elementor-toggle-icon-left\" aria-hidden=\"true\">\n\t\t\t\t\t\t\t\t\t\t\t\t\t\t\t<span class=\"elementor-toggle-icon-closed\"><i class=\"fas fa-caret-right\"><\/i><\/span>\n\t\t\t\t\t\t\t\t<span class=\"elementor-toggle-icon-opened\"><i class=\"elementor-toggle-icon-opened fas fa-caret-up\"><\/i><\/span>\n\t\t\t\t\t\t\t\t\t\t\t\t\t<\/span>\n\t\t\t\t\t\t\t\t\t\t\t\t<a class=\"elementor-toggle-title\" tabindex=\"0\">Muss ich f\u00fcr die Einreise nach Kanada geimpft sein?<\/a>\n\t\t\t\t\t<\/h2>\n\n\t\t\t\t\t<div id=\"elementor-tab-content-1472\" class=\"elementor-tab-content elementor-clearfix\" data-tab=\"2\" role=\"region\" aria-labelledby=\"elementor-tab-title-1472\"><p>Seit Mai 2023 ist <b>keine Impfung mehr erforderlich, um nach Kanada einzureisen<\/b>. Auch negative Tests auf COVID-19 sind f\u00fcr die Einreise nicht mehr erforderlich. Die Fluggesellschaften \u00fcberpr\u00fcfen nicht mehr den Impfstatus aller Reisenden vor dem Einsteigen in das Flugzeug.  <\/p>\n<\/div>\n\t\t\t\t<\/div>\n\t\t\t\t\t\t\t<div class=\"elementor-toggle-item\">\n\t\t\t\t\t<h2 id=\"elementor-tab-title-1473\" class=\"elementor-tab-title\" data-tab=\"3\" role=\"button\" aria-controls=\"elementor-tab-content-1473\" aria-expanded=\"false\">\n\t\t\t\t\t\t\t\t\t\t\t\t<span class=\"elementor-toggle-icon elementor-toggle-icon-left\" aria-hidden=\"true\">\n\t\t\t\t\t\t\t\t\t\t\t\t\t\t\t<span class=\"elementor-toggle-icon-closed\"><i class=\"fas fa-caret-right\"><\/i><\/span>\n\t\t\t\t\t\t\t\t<span class=\"elementor-toggle-icon-opened\"><i class=\"elementor-toggle-icon-opened fas fa-caret-up\"><\/i><\/span>\n\t\t\t\t\t\t\t\t\t\t\t\t\t<\/span>\n\t\t\t\t\t\t\t\t\t\t\t\t<a class=\"elementor-toggle-title\" tabindex=\"0\">Ben\u00f6tigen wir in Kanada einen negativen COVID-Test, um das Gebiet weniger als 72 Stunden zu verlassen?<\/a>\n\t\t\t\t\t<\/h2>\n\n\t\t\t\t\t<div id=\"elementor-tab-content-1473\" class=\"elementor-tab-content elementor-clearfix\" data-tab=\"3\" role=\"region\" aria-labelledby=\"elementor-tab-title-1473\"><p>In Kanada ans\u00e4ssige Personen m\u00fcssen keinen negativen COVID-19-Test mehr vorlegen, um aus Kanada ausreisen zu k\u00f6nnen.<\/p>\n<\/div>\n\t\t\t\t<\/div>\n\t\t\t\t\t\t\t\t\t\t<script type=\"application\/ld+json\">{\"@context\":\"https:\\\/\\\/schema.org\",\"@type\":\"FAQPage\",\"mainEntity\":[{\"@type\":\"Question\",\"name\":\"Muss man vor der Einreise nach Kanada noch ArriveCAN ausf\\u00fcllen?\",\"acceptedAnswer\":{\"@type\":\"Answer\",\"text\":\"<p><a href=\\\"https:\\\/\\\/ave-eta-canada.com\\\/de\\\/arrivecan-canada\\\/\\\">ArriveCAN<\\\/a> ist eine Anwendung der kanadischen Regierung. Sie verwaltete die Informationen von Reisenden, die nach der COVID-19-Pandemie nach Kanada einreisten. Sie erleichterte die Einhaltung der kanadischen Anforderungen an die \\u00f6ffentliche Gesundheit.<\\\/p>\\n<p>Die <a href=\\\"https:\\\/\\\/ave-eta-canada.com\\\/de\\\/arrivecan-canada\\\/\\\">ArriveCAN-App<\\\/a> wurde im November 2020 eingef\\u00fchrt. Seit Mai 2023 <b>sind Reisende nicht mehr verpflichtet, ArriveCAN<\\\/b> innerhalb von 72 Stunden vor ihrer Ankunft in Kanada <b>auszuf\\u00fcllen<\\\/b>.<\\\/p>\\n\"}},{\"@type\":\"Question\",\"name\":\"Muss ich f\\u00fcr die Einreise nach Kanada geimpft sein?\",\"acceptedAnswer\":{\"@type\":\"Answer\",\"text\":\"<p>Seit Mai 2023 ist <b>keine Impfung mehr erforderlich, um nach Kanada einzureisen<\\\/b>. Auch negative Tests auf COVID-19 sind f\\u00fcr die Einreise nicht mehr erforderlich. Die Fluggesellschaften \\u00fcberpr\\u00fcfen nicht mehr den Impfstatus aller Reisenden vor dem Einsteigen in das Flugzeug.  <\\\/p>\\n\"}},{\"@type\":\"Question\",\"name\":\"Ben\\u00f6tigen wir in Kanada einen negativen COVID-Test, um das Gebiet weniger als 72 Stunden zu verlassen?\",\"acceptedAnswer\":{\"@type\":\"Answer\",\"text\":\"<p>In Kanada ans\\u00e4ssige Personen m\\u00fcssen keinen negativen COVID-19-Test mehr vorlegen, um aus Kanada ausreisen zu k\\u00f6nnen.<\\\/p>\\n\"}}]}<\/script>\n\t\t\t\t\t<\/div>\n\t\t\t\t\t\t<\/div>\n\t\t\t\t<\/div>\n\t\t\t\t\t<\/div>\n\t\t<\/div>\n\t\t\t\t\t<\/div>\n\t\t<\/section>\n\t\t\t\t<\/div>\n\t\t","protected":false},"excerpt":{"rendered":"<p>Ende der Einschr\u00e4nkungen im Zusammenhang mit der Gesundheitskrise COVID 19 Pr\u00e4ambel: Dies ist der aktuelle Stand der Entwicklung der Gesundheitskrise im Zusammenhang mit COVID-19. Die Informationen auf dieser Seite werden so weit wie m\u00f6glich gem\u00e4\u00df neuen Entscheidungen der kanadischen Regierung aktualisiert. Seit Mai 2023 wurden die meisten Beschr\u00e4nkungen f\u00fcr Reisende, die nach Kanada reisen m\u00f6chten, [&hellip;]<\/p>\n","protected":false},"author":1,"featured_media":0,"parent":0,"menu_order":0,"comment_status":"closed","ping_status":"closed","template":"","meta":{"footnotes":""},"class_list":["post-1250","page","type-page","status-publish","hentry"],"yoast_head":"<!-- This site is optimized with the Yoast SEO plugin v26.9 - https:\/\/yoast.com\/product\/yoast-seo-wordpress\/ -->\n<title>AVE Canada - COVID 19 Reisebeschr\u00e4nkungen auf dem neuesten Stand<\/title>\n<meta name=\"description\" content=\"Informieren Sie sich \u00fcber die geltenden COVID-bezogenen Beschr\u00e4nkungen f\u00fcr die Einreise nach Kanada mit einer elektronischen Reisegenehmigung eTA.\" \/>\n<meta name=\"robots\" content=\"index, follow, max-snippet:-1, max-image-preview:large, max-video-preview:-1\" \/>\n<link rel=\"canonical\" href=\"https:\/\/ave-eta-canada.com\/de\/eta-kanada-covid-19-aktuelle-reisebeschraenkungen\/\" \/>\n<meta property=\"og:locale\" content=\"de_DE\" \/>\n<meta property=\"og:type\" content=\"article\" \/>\n<meta property=\"og:title\" content=\"AVE Canada - COVID 19 Reisebeschr\u00e4nkungen auf dem neuesten Stand\" \/>\n<meta property=\"og:description\" content=\"Informieren Sie sich \u00fcber die geltenden COVID-bezogenen Beschr\u00e4nkungen f\u00fcr die Einreise nach Kanada mit einer elektronischen Reisegenehmigung eTA.\" \/>\n<meta property=\"og:url\" content=\"https:\/\/ave-eta-canada.com\/de\/eta-kanada-covid-19-aktuelle-reisebeschraenkungen\/\" \/>\n<meta property=\"og:site_name\" content=\"KANADA VISUM\" \/>\n<meta property=\"article:modified_time\" content=\"2025-10-09T08:34:14+00:00\" \/>\n<meta name=\"twitter:card\" content=\"summary_large_image\" \/>\n<meta name=\"twitter:label1\" content=\"Gesch\u00e4tzte Lesezeit\" \/>\n\t<meta name=\"twitter:data1\" content=\"2\u00a0Minuten\" \/>\n<script type=\"application\/ld+json\" class=\"yoast-schema-graph\">{\"@context\":\"https:\/\/schema.org\",\"@graph\":[{\"@type\":\"WebPage\",\"@id\":\"https:\/\/ave-eta-canada.com\/de\/eta-kanada-covid-19-aktuelle-reisebeschraenkungen\/\",\"url\":\"https:\/\/ave-eta-canada.com\/de\/eta-kanada-covid-19-aktuelle-reisebeschraenkungen\/\",\"name\":\"AVE Canada - COVID 19 Reisebeschr\u00e4nkungen auf dem neuesten Stand\",\"isPartOf\":{\"@id\":\"https:\/\/ave-eta-canada.com\/de\/#website\"},\"datePublished\":\"2021-12-03T20:41:11+00:00\",\"dateModified\":\"2025-10-09T08:34:14+00:00\",\"description\":\"Informieren Sie sich \u00fcber die geltenden COVID-bezogenen Beschr\u00e4nkungen f\u00fcr die Einreise nach Kanada mit einer elektronischen Reisegenehmigung eTA.\",\"breadcrumb\":{\"@id\":\"https:\/\/ave-eta-canada.com\/de\/eta-kanada-covid-19-aktuelle-reisebeschraenkungen\/#breadcrumb\"},\"inLanguage\":\"de\",\"potentialAction\":[{\"@type\":\"ReadAction\",\"target\":[\"https:\/\/ave-eta-canada.com\/de\/eta-kanada-covid-19-aktuelle-reisebeschraenkungen\/\"]}]},{\"@type\":\"BreadcrumbList\",\"@id\":\"https:\/\/ave-eta-canada.com\/de\/eta-kanada-covid-19-aktuelle-reisebeschraenkungen\/#breadcrumb\",\"itemListElement\":[{\"@type\":\"ListItem\",\"position\":1,\"name\":\"Home\",\"item\":\"https:\/\/ave-eta-canada.com\/de\/\"},{\"@type\":\"ListItem\",\"position\":2,\"name\":\"AVE Canada &#8211; COVID 19 Reisebeschr\u00e4nkungen auf dem neuesten Stand\"}]},{\"@type\":\"WebSite\",\"@id\":\"https:\/\/ave-eta-canada.com\/de\/#website\",\"url\":\"https:\/\/ave-eta-canada.com\/de\/\",\"name\":\"KANADA VISUM\",\"description\":\"Autorisation Voyage Electronique\",\"potentialAction\":[{\"@type\":\"SearchAction\",\"target\":{\"@type\":\"EntryPoint\",\"urlTemplate\":\"https:\/\/ave-eta-canada.com\/de\/?s={search_term_string}\"},\"query-input\":{\"@type\":\"PropertyValueSpecification\",\"valueRequired\":true,\"valueName\":\"search_term_string\"}}],\"inLanguage\":\"de\"}]}<\/script>\n<!-- \/ Yoast SEO plugin. -->","yoast_head_json":{"title":"AVE Canada - COVID 19 Reisebeschr\u00e4nkungen auf dem neuesten Stand","description":"Informieren Sie sich \u00fcber die geltenden COVID-bezogenen Beschr\u00e4nkungen f\u00fcr die Einreise nach Kanada mit einer elektronischen Reisegenehmigung eTA.","robots":{"index":"index","follow":"follow","max-snippet":"max-snippet:-1","max-image-preview":"max-image-preview:large","max-video-preview":"max-video-preview:-1"},"canonical":"https:\/\/ave-eta-canada.com\/de\/eta-kanada-covid-19-aktuelle-reisebeschraenkungen\/","og_locale":"de_DE","og_type":"article","og_title":"AVE Canada - COVID 19 Reisebeschr\u00e4nkungen auf dem neuesten Stand","og_description":"Informieren Sie sich \u00fcber die geltenden COVID-bezogenen Beschr\u00e4nkungen f\u00fcr die Einreise nach Kanada mit einer elektronischen Reisegenehmigung eTA.","og_url":"https:\/\/ave-eta-canada.com\/de\/eta-kanada-covid-19-aktuelle-reisebeschraenkungen\/","og_site_name":"KANADA VISUM","article_modified_time":"2025-10-09T08:34:14+00:00","twitter_card":"summary_large_image","twitter_misc":{"Gesch\u00e4tzte Lesezeit":"2\u00a0Minuten"},"schema":{"@context":"https:\/\/schema.org","@graph":[{"@type":"WebPage","@id":"https:\/\/ave-eta-canada.com\/de\/eta-kanada-covid-19-aktuelle-reisebeschraenkungen\/","url":"https:\/\/ave-eta-canada.com\/de\/eta-kanada-covid-19-aktuelle-reisebeschraenkungen\/","name":"AVE Canada - COVID 19 Reisebeschr\u00e4nkungen auf dem neuesten Stand","isPartOf":{"@id":"https:\/\/ave-eta-canada.com\/de\/#website"},"datePublished":"2021-12-03T20:41:11+00:00","dateModified":"2025-10-09T08:34:14+00:00","description":"Informieren Sie sich \u00fcber die geltenden COVID-bezogenen Beschr\u00e4nkungen f\u00fcr die Einreise nach Kanada mit einer elektronischen Reisegenehmigung eTA.","breadcrumb":{"@id":"https:\/\/ave-eta-canada.com\/de\/eta-kanada-covid-19-aktuelle-reisebeschraenkungen\/#breadcrumb"},"inLanguage":"de","potentialAction":[{"@type":"ReadAction","target":["https:\/\/ave-eta-canada.com\/de\/eta-kanada-covid-19-aktuelle-reisebeschraenkungen\/"]}]},{"@type":"BreadcrumbList","@id":"https:\/\/ave-eta-canada.com\/de\/eta-kanada-covid-19-aktuelle-reisebeschraenkungen\/#breadcrumb","itemListElement":[{"@type":"ListItem","position":1,"name":"Home","item":"https:\/\/ave-eta-canada.com\/de\/"},{"@type":"ListItem","position":2,"name":"AVE Canada &#8211; COVID 19 Reisebeschr\u00e4nkungen auf dem neuesten Stand"}]},{"@type":"WebSite","@id":"https:\/\/ave-eta-canada.com\/de\/#website","url":"https:\/\/ave-eta-canada.com\/de\/","name":"KANADA VISUM","description":"Autorisation Voyage Electronique","potentialAction":[{"@type":"SearchAction","target":{"@type":"EntryPoint","urlTemplate":"https:\/\/ave-eta-canada.com\/de\/?s={search_term_string}"},"query-input":{"@type":"PropertyValueSpecification","valueRequired":true,"valueName":"search_term_string"}}],"inLanguage":"de"}]}},"_links":{"self":[{"href":"https:\/\/ave-eta-canada.com\/de\/wp-json\/wp\/v2\/pages\/1250","targetHints":{"allow":["GET"]}}],"collection":[{"href":"https:\/\/ave-eta-canada.com\/de\/wp-json\/wp\/v2\/pages"}],"about":[{"href":"https:\/\/ave-eta-canada.com\/de\/wp-json\/wp\/v2\/types\/page"}],"author":[{"embeddable":true,"href":"https:\/\/ave-eta-canada.com\/de\/wp-json\/wp\/v2\/users\/1"}],"replies":[{"embeddable":true,"href":"https:\/\/ave-eta-canada.com\/de\/wp-json\/wp\/v2\/comments?post=1250"}],"version-history":[{"count":2,"href":"https:\/\/ave-eta-canada.com\/de\/wp-json\/wp\/v2\/pages\/1250\/revisions"}],"predecessor-version":[{"id":6267,"href":"https:\/\/ave-eta-canada.com\/de\/wp-json\/wp\/v2\/pages\/1250\/revisions\/6267"}],"wp:attachment":[{"href":"https:\/\/ave-eta-canada.com\/de\/wp-json\/wp\/v2\/media?parent=1250"}],"curies":[{"name":"wp","href":"https:\/\/api.w.org\/{rel}","templated":true}]}}