{"id":1309,"date":"2021-12-04T10:28:09","date_gmt":"2021-12-04T10:28:09","guid":{"rendered":"https:\/\/ave-eta-canada.com\/ave-kanada-online-formular\/"},"modified":"2023-08-01T19:31:53","modified_gmt":"2023-08-01T19:31:53","slug":"ave-kanada-online-formular","status":"publish","type":"page","link":"https:\/\/ave-eta-canada.com\/de\/ave-kanada-online-formular\/","title":{"rendered":"Kanada eTA-Formular online"},"content":{"rendered":"\t\t<div data-elementor-type=\"wp-page\" data-elementor-id=\"1309\" class=\"elementor elementor-1309 elementor-1232\" data-elementor-post-type=\"page\">\n\t\t\t\t\t\t<section class=\"elementor-section elementor-top-section elementor-element elementor-element-01b8d7a elementor-section-boxed elementor-section-height-default elementor-section-height-default\" data-id=\"01b8d7a\" data-element_type=\"section\" data-e-type=\"section\">\n\t\t\t\t\t\t<div class=\"elementor-container elementor-column-gap-default\">\n\t\t\t\t\t<div class=\"elementor-column elementor-col-100 elementor-top-column elementor-element elementor-element-857301c\" data-id=\"857301c\" data-element_type=\"column\" data-e-type=\"column\">\n\t\t\t<div class=\"elementor-widget-wrap elementor-element-populated\">\n\t\t\t\t\t\t<div class=\"elementor-element elementor-element-9d0db83 elementor-widget elementor-widget-heading\" data-id=\"9d0db83\" data-element_type=\"widget\" data-e-type=\"widget\" data-widget_type=\"heading.default\">\n\t\t\t\t<div class=\"elementor-widget-container\">\n\t\t\t\t\t<h1 class=\"elementor-heading-title elementor-size-default\">Formalit\u00e4ten f\u00fcr die Einreise nach Kanada<\/h1>\t\t\t\t<\/div>\n\t\t\t\t<\/div>\n\t\t\t\t\t<\/div>\n\t\t<\/div>\n\t\t\t\t\t<\/div>\n\t\t<\/section>\n\t\t\t\t<section class=\"elementor-section elementor-top-section elementor-element elementor-element-705b76d elementor-section-boxed elementor-section-height-default elementor-section-height-default\" data-id=\"705b76d\" data-element_type=\"section\" data-e-type=\"section\">\n\t\t\t\t\t\t<div class=\"elementor-container elementor-column-gap-default\">\n\t\t\t\t\t<div class=\"elementor-column elementor-col-100 elementor-top-column elementor-element elementor-element-ac07ac8\" data-id=\"ac07ac8\" data-element_type=\"column\" data-e-type=\"column\">\n\t\t\t<div class=\"elementor-widget-wrap elementor-element-populated\">\n\t\t\t\t\t\t<div class=\"elementor-element elementor-element-3c0c83c elementor-widget elementor-widget-text-editor\" data-id=\"3c0c83c\" data-element_type=\"widget\" data-e-type=\"widget\" data-widget_type=\"text-editor.default\">\n\t\t\t\t<div class=\"elementor-widget-container\">\n\t\t\t\t\t\t\t\t\t<p>Die Formalit\u00e4ten f\u00fcr die Einreise in das kanadische Hoheitsgebiet f\u00fcr einen Aufenthalt von weniger als 6 Monaten k\u00f6nnen direkt \u00fcber das Internet erledigt werden. Es ist nicht erforderlich, einen Termin bei der kanadischen Botschaft oder dem kanadischen Konsulat zu vereinbaren.<\/p>\n\t\t\t\t\t\t\t\t<\/div>\n\t\t\t\t<\/div>\n\t\t\t\t\t<\/div>\n\t\t<\/div>\n\t\t\t\t\t<\/div>\n\t\t<\/section>\n\t\t\t\t<section class=\"elementor-section elementor-top-section elementor-element elementor-element-d0ede5a elementor-section-boxed elementor-section-height-default elementor-section-height-default\" data-id=\"d0ede5a\" data-element_type=\"section\" data-e-type=\"section\">\n\t\t\t\t\t\t<div class=\"elementor-container elementor-column-gap-default\">\n\t\t\t\t\t<section class=\"elementor-column elementor-col-100 elementor-top-column elementor-element elementor-element-43370bb\" data-id=\"43370bb\" data-element_type=\"column\" data-e-type=\"column\">\n\t\t\t<div class=\"elementor-widget-wrap elementor-element-populated\">\n\t\t\t\t\t\t<div class=\"elementor-element elementor-element-602fc57 elementor-button-danger elementor-widget elementor-widget-button\" data-id=\"602fc57\" data-element_type=\"widget\" data-e-type=\"widget\" data-widget_type=\"button.default\">\n\t\t\t\t<div class=\"elementor-widget-container\">\n\t\t\t\t\t\t\t\t\t<div class=\"elementor-button-wrapper\">\n\t\t\t\t\t<a class=\"elementor-button elementor-button-link elementor-size-sm\" href=\"https:\/\/offiziell-kanada-eta.de\/antrag-f%C3%BCr-eta-kanada-stellen\/?aid=1\">\n\t\t\t\t\t\t<span class=\"elementor-button-content-wrapper\">\n\t\t\t\t\t\t\t\t\t<span class=\"elementor-button-text\">Klick hier<\/span>\n\t\t\t\t\t<\/span>\n\t\t\t\t\t<\/a>\n\t\t\t\t<\/div>\n\t\t\t\t\t\t\t\t<\/div>\n\t\t\t\t<\/div>\n\t\t\t\t\t<\/div>\n\t\t<\/section>\n\t\t\t\t\t<\/div>\n\t\t<\/section>\n\t\t\t\t<section class=\"elementor-section elementor-top-section elementor-element elementor-element-e3491cc elementor-section-boxed elementor-section-height-default elementor-section-height-default\" data-id=\"e3491cc\" data-element_type=\"section\" data-e-type=\"section\">\n\t\t\t\t\t\t<div class=\"elementor-container elementor-column-gap-default\">\n\t\t\t\t\t<div class=\"elementor-column elementor-col-100 elementor-top-column elementor-element elementor-element-723c9af\" data-id=\"723c9af\" data-element_type=\"column\" data-e-type=\"column\">\n\t\t\t<div class=\"elementor-widget-wrap elementor-element-populated\">\n\t\t\t\t\t\t<div class=\"elementor-element elementor-element-1b3da91 elementor-widget elementor-widget-spacer\" data-id=\"1b3da91\" data-element_type=\"widget\" data-e-type=\"widget\" data-widget_type=\"spacer.default\">\n\t\t\t\t<div class=\"elementor-widget-container\">\n\t\t\t\t\t\t\t<div class=\"elementor-spacer\">\n\t\t\t<div class=\"elementor-spacer-inner\"><\/div>\n\t\t<\/div>\n\t\t\t\t\t\t<\/div>\n\t\t\t\t<\/div>\n\t\t\t\t\t<\/div>\n\t\t<\/div>\n\t\t\t\t\t<\/div>\n\t\t<\/section>\n\t\t\t\t<section class=\"elementor-section elementor-top-section elementor-element elementor-element-483fa27 elementor-section-boxed elementor-section-height-default elementor-section-height-default\" data-id=\"483fa27\" data-element_type=\"section\" data-e-type=\"section\">\n\t\t\t\t\t\t<div class=\"elementor-container elementor-column-gap-default\">\n\t\t\t\t\t<div class=\"elementor-column elementor-col-100 elementor-top-column elementor-element elementor-element-5e76f20\" data-id=\"5e76f20\" data-element_type=\"column\" data-e-type=\"column\">\n\t\t\t<div class=\"elementor-widget-wrap elementor-element-populated\">\n\t\t\t\t\t\t<div class=\"elementor-element elementor-element-4b62d6b elementor-widget elementor-widget-heading\" data-id=\"4b62d6b\" data-element_type=\"widget\" data-e-type=\"widget\" data-widget_type=\"heading.default\">\n\t\t\t\t<div class=\"elementor-widget-container\">\n\t\t\t\t\t<h2 class=\"elementor-heading-title elementor-size-default\">Wie lange ist die eTA g\u00fcltig?<\/h2>\t\t\t\t<\/div>\n\t\t\t\t<\/div>\n\t\t\t\t\t<\/div>\n\t\t<\/div>\n\t\t\t\t\t<\/div>\n\t\t<\/section>\n\t\t\t\t<section class=\"elementor-section elementor-top-section elementor-element elementor-element-c06cf5a elementor-section-boxed elementor-section-height-default elementor-section-height-default\" data-id=\"c06cf5a\" data-element_type=\"section\" data-e-type=\"section\">\n\t\t\t\t\t\t<div class=\"elementor-container elementor-column-gap-default\">\n\t\t\t\t\t<div class=\"elementor-column elementor-col-100 elementor-top-column elementor-element elementor-element-4b80c78\" data-id=\"4b80c78\" data-element_type=\"column\" data-e-type=\"column\">\n\t\t\t<div class=\"elementor-widget-wrap elementor-element-populated\">\n\t\t\t\t\t\t<div class=\"elementor-element elementor-element-a03ce65 elementor-widget elementor-widget-text-editor\" data-id=\"a03ce65\" data-element_type=\"widget\" data-e-type=\"widget\" data-widget_type=\"text-editor.default\">\n\t\t\t\t<div class=\"elementor-widget-container\">\n\t\t\t\t\t\t\t\t\t<p>Nachdem Sie Ihre eTA <span style=\"font-size: 1rem;\">(elektronische Reisegenehmigung) erhalten haben, die als<\/span><span style=\"font-size: 1rem;\">AVE Canada auf Franz\u00f6sisch, Sie k\u00f6nnen nach Kanada einsteigen. Ihre elektronische Reisegenehmigung ist <a href=\"https:\/\/ave-eta-canada.com\/de\/eta-canada-gueltigkeitsdauer\/\">f\u00fcnf Jahre oder bis zum Ablauf Ihres Reisepasses g\u00fcltig<\/a> . Ihre Aufenthaltsdauer in Kanada darf jedoch 6 Monate nicht \u00fcberschreiten. Sie k\u00f6nnen Kanada jedoch bis zum Ablauf der 6 Monate mehrmals verlassen und wieder einreisen.<\/span><\/p>\n\t\t\t\t\t\t\t\t<\/div>\n\t\t\t\t<\/div>\n\t\t\t\t\t<\/div>\n\t\t<\/div>\n\t\t\t\t\t<\/div>\n\t\t<\/section>\n\t\t\t\t<section class=\"elementor-section elementor-top-section elementor-element elementor-element-7497d3a elementor-section-boxed elementor-section-height-default elementor-section-height-default\" data-id=\"7497d3a\" data-element_type=\"section\" data-e-type=\"section\">\n\t\t\t\t\t\t<div class=\"elementor-container elementor-column-gap-default\">\n\t\t\t\t\t<div class=\"elementor-column elementor-col-100 elementor-top-column elementor-element elementor-element-cb7b812\" data-id=\"cb7b812\" data-element_type=\"column\" data-e-type=\"column\">\n\t\t\t<div class=\"elementor-widget-wrap elementor-element-populated\">\n\t\t\t\t\t\t<div class=\"elementor-element elementor-element-66c5e3b elementor-widget elementor-widget-heading\" data-id=\"66c5e3b\" data-element_type=\"widget\" data-e-type=\"widget\" data-widget_type=\"heading.default\">\n\t\t\t\t<div class=\"elementor-widget-container\">\n\t\t\t\t\t<h2 class=\"elementor-heading-title elementor-size-default\">Beantragen Sie eine eTA anstelle eines kanadischen Visums<\/h2>\t\t\t\t<\/div>\n\t\t\t\t<\/div>\n\t\t\t\t\t<\/div>\n\t\t<\/div>\n\t\t\t\t\t<\/div>\n\t\t<\/section>\n\t\t\t\t<section class=\"elementor-section elementor-top-section elementor-element elementor-element-ebf40e1 elementor-section-boxed elementor-section-height-default elementor-section-height-default\" data-id=\"ebf40e1\" data-element_type=\"section\" data-e-type=\"section\">\n\t\t\t\t\t\t<div class=\"elementor-container elementor-column-gap-default\">\n\t\t\t\t\t<div class=\"elementor-column elementor-col-100 elementor-top-column elementor-element elementor-element-72c7d03\" data-id=\"72c7d03\" data-element_type=\"column\" data-e-type=\"column\">\n\t\t\t<div class=\"elementor-widget-wrap elementor-element-populated\">\n\t\t\t\t\t\t<div class=\"elementor-element elementor-element-e2a976f elementor-widget elementor-widget-text-editor\" data-id=\"e2a976f\" data-element_type=\"widget\" data-e-type=\"widget\" data-widget_type=\"text-editor.default\">\n\t\t\t\t<div class=\"elementor-widget-container\">\n\t\t\t\t\t\t\t\t\t<p>Die eTA ist f\u00fcr viele Reisezwecke g\u00fcltig, vom Tourismus \u00fcber den Transit bis hin zu einer Gesch\u00e4ftsreise. Wenn Sie aus einem dieser Gr\u00fcnde nach Kanada reisen, profitieren Sie von diesem <a href=\"https:\/\/ave-eta-canada.com\/de\/visa-oder-eta-kanada\/\">einfacheren Reisegenehmigungssystem als die Beantragung eines Visums<\/a> . Die Verfahren werden vollst\u00e4ndig \u00fcber das Internet abgewickelt und sind kosteng\u00fcnstiger als die Erlangung eines <a href=\"https:\/\/ave-eta-canada.com\/de\/ist-ein-visum-fuer-eine-reise-nach-kanada-unerlaesslich\/\">Kanada-Visums<\/a> . Die eTA ist die L\u00f6sung, um einfach und g\u00fcnstig nach <a href=\"https:\/\/www.canada.ca\/\">Kanada<\/a> zu reisen.<\/p>\n\t\t\t\t\t\t\t\t<\/div>\n\t\t\t\t<\/div>\n\t\t\t\t\t<\/div>\n\t\t<\/div>\n\t\t\t\t\t<\/div>\n\t\t<\/section>\n\t\t\t\t<section class=\"elementor-section elementor-top-section elementor-element elementor-element-e184bc8 elementor-section-boxed elementor-section-height-default elementor-section-height-default\" data-id=\"e184bc8\" data-element_type=\"section\" data-e-type=\"section\">\n\t\t\t\t\t\t<div class=\"elementor-container elementor-column-gap-default\">\n\t\t\t\t\t<div class=\"elementor-column elementor-col-100 elementor-top-column elementor-element elementor-element-8f2ffa9\" data-id=\"8f2ffa9\" data-element_type=\"column\" data-e-type=\"column\">\n\t\t\t<div class=\"elementor-widget-wrap elementor-element-populated\">\n\t\t\t\t\t\t<div class=\"elementor-element elementor-element-fc621f2 elementor-widget elementor-widget-heading\" data-id=\"fc621f2\" data-element_type=\"widget\" data-e-type=\"widget\" data-widget_type=\"heading.default\">\n\t\t\t\t<div class=\"elementor-widget-container\">\n\t\t\t\t\t<h2 class=\"elementor-heading-title elementor-size-default\">\u00dcberpr\u00fcfen Sie Ihre eTA-Genehmigung f\u00fcr Kanada<\/h2>\t\t\t\t<\/div>\n\t\t\t\t<\/div>\n\t\t\t\t\t<\/div>\n\t\t<\/div>\n\t\t\t\t\t<\/div>\n\t\t<\/section>\n\t\t\t\t<section class=\"elementor-section elementor-top-section elementor-element elementor-element-169e1ac elementor-section-boxed elementor-section-height-default elementor-section-height-default\" data-id=\"169e1ac\" data-element_type=\"section\" data-e-type=\"section\">\n\t\t\t\t\t\t<div class=\"elementor-container elementor-column-gap-default\">\n\t\t\t\t\t<div class=\"elementor-column elementor-col-100 elementor-top-column elementor-element elementor-element-e889be0\" data-id=\"e889be0\" data-element_type=\"column\" data-e-type=\"column\">\n\t\t\t<div class=\"elementor-widget-wrap elementor-element-populated\">\n\t\t\t\t\t\t<div class=\"elementor-element elementor-element-0c265be elementor-widget elementor-widget-text-editor\" data-id=\"0c265be\" data-element_type=\"widget\" data-e-type=\"widget\" data-widget_type=\"text-editor.default\">\n\t\t\t\t<div class=\"elementor-widget-container\">\n\t\t\t\t\t\t\t\t\t<p>Meistens wird der eTA-Antrag \u00fcber das Internet in wenigen Minuten validiert. Manchmal ist die Bearbeitungszeit l\u00e4nger. Wenn Ihre elektronische Reisegenehmigung \u201eausstehend\u201c ist, erhalten Sie die Antwort-E-Mail von der kanadischen Verwaltung (IRCC) innerhalb von Stunden oder Tagen. Manchmal werden zus\u00e4tzliche Belege verlangt.<\/p>\n<p>Um den <a href=\"https:\/\/ave-eta-canada.com\/de\/wie-ueberpruefe-ich-den-status-ihrer-eta-canada-anfrage\/\">Fortschritt des eTA<\/a> per Internet zu verfolgen, ben\u00f6tigen Sie:<\/p>\n<ul>\n<li>Die per E-Mail mitgeteilte eTA-Antragsnummer;<\/li>\n<li>Die Passinformationen des Reisenden.<\/li>\n<\/ul>\n<p>Sie k\u00f6nnen <a href=\"https:\/\/ave-eta-canada.com\/de\/wie-finde-ich-eine-eta\/\">Ihre eTA auch direkt online finden<\/a> und ausdrucken.<\/p>\n\t\t\t\t\t\t\t\t<\/div>\n\t\t\t\t<\/div>\n\t\t\t\t\t<\/div>\n\t\t<\/div>\n\t\t\t\t\t<\/div>\n\t\t<\/section>\n\t\t\t\t<\/div>\n\t\t","protected":false},"excerpt":{"rendered":"<p>Formalit\u00e4ten f\u00fcr die Einreise nach Kanada Die Formalit\u00e4ten f\u00fcr die Einreise in das kanadische Hoheitsgebiet f\u00fcr einen Aufenthalt von weniger als 6 Monaten k\u00f6nnen direkt \u00fcber das Internet erledigt werden. Es ist nicht erforderlich, einen Termin bei der kanadischen Botschaft oder dem kanadischen Konsulat zu vereinbaren. Klick hier Wie lange ist die eTA g\u00fcltig? Nachdem [&hellip;]<\/p>\n","protected":false},"author":1,"featured_media":0,"parent":0,"menu_order":0,"comment_status":"closed","ping_status":"closed","template":"","meta":{"footnotes":""},"class_list":["post-1309","page","type-page","status-publish","hentry"],"yoast_head":"<!-- This site is optimized with the Yoast SEO plugin v26.9 - https:\/\/yoast.com\/product\/yoast-seo-wordpress\/ -->\n<title>Kanada eTA-Formular online<\/title>\n<meta name=\"description\" content=\"F\u00fcllen Sie das Antragsformular f\u00fcr die elektronische Reisegenehmigung f\u00fcr Kanada online aus.\" \/>\n<meta name=\"robots\" content=\"index, follow, max-snippet:-1, max-image-preview:large, max-video-preview:-1\" \/>\n<link rel=\"canonical\" href=\"https:\/\/ave-eta-canada.com\/de\/ave-kanada-online-formular\/\" \/>\n<meta property=\"og:locale\" content=\"de_DE\" \/>\n<meta property=\"og:type\" content=\"article\" \/>\n<meta property=\"og:title\" content=\"Kanada eTA-Formular online\" \/>\n<meta property=\"og:description\" content=\"F\u00fcllen Sie das Antragsformular f\u00fcr die elektronische Reisegenehmigung f\u00fcr Kanada online aus.\" \/>\n<meta property=\"og:url\" content=\"https:\/\/ave-eta-canada.com\/de\/ave-kanada-online-formular\/\" \/>\n<meta property=\"og:site_name\" content=\"KANADA VISUM\" \/>\n<meta property=\"article:modified_time\" content=\"2023-08-01T19:31:53+00:00\" \/>\n<meta name=\"twitter:card\" content=\"summary_large_image\" \/>\n<meta name=\"twitter:label1\" content=\"Gesch\u00e4tzte Lesezeit\" \/>\n\t<meta name=\"twitter:data1\" content=\"1\u00a0Minute\" \/>\n<script type=\"application\/ld+json\" class=\"yoast-schema-graph\">{\"@context\":\"https:\/\/schema.org\",\"@graph\":[{\"@type\":\"WebPage\",\"@id\":\"https:\/\/ave-eta-canada.com\/de\/ave-kanada-online-formular\/\",\"url\":\"https:\/\/ave-eta-canada.com\/de\/ave-kanada-online-formular\/\",\"name\":\"Kanada eTA-Formular online\",\"isPartOf\":{\"@id\":\"https:\/\/ave-eta-canada.com\/de\/#website\"},\"datePublished\":\"2021-12-04T10:28:09+00:00\",\"dateModified\":\"2023-08-01T19:31:53+00:00\",\"description\":\"F\u00fcllen Sie das Antragsformular f\u00fcr die elektronische Reisegenehmigung f\u00fcr Kanada online aus.\",\"breadcrumb\":{\"@id\":\"https:\/\/ave-eta-canada.com\/de\/ave-kanada-online-formular\/#breadcrumb\"},\"inLanguage\":\"de\",\"potentialAction\":[{\"@type\":\"ReadAction\",\"target\":[\"https:\/\/ave-eta-canada.com\/de\/ave-kanada-online-formular\/\"]}]},{\"@type\":\"BreadcrumbList\",\"@id\":\"https:\/\/ave-eta-canada.com\/de\/ave-kanada-online-formular\/#breadcrumb\",\"itemListElement\":[{\"@type\":\"ListItem\",\"position\":1,\"name\":\"Home\",\"item\":\"https:\/\/ave-eta-canada.com\/de\/\"},{\"@type\":\"ListItem\",\"position\":2,\"name\":\"Kanada eTA-Formular online\"}]},{\"@type\":\"WebSite\",\"@id\":\"https:\/\/ave-eta-canada.com\/de\/#website\",\"url\":\"https:\/\/ave-eta-canada.com\/de\/\",\"name\":\"KANADA VISUM\",\"description\":\"Autorisation Voyage Electronique\",\"potentialAction\":[{\"@type\":\"SearchAction\",\"target\":{\"@type\":\"EntryPoint\",\"urlTemplate\":\"https:\/\/ave-eta-canada.com\/de\/?s={search_term_string}\"},\"query-input\":{\"@type\":\"PropertyValueSpecification\",\"valueRequired\":true,\"valueName\":\"search_term_string\"}}],\"inLanguage\":\"de\"}]}<\/script>\n<!-- \/ Yoast SEO plugin. -->","yoast_head_json":{"title":"Kanada eTA-Formular online","description":"F\u00fcllen Sie das Antragsformular f\u00fcr die elektronische Reisegenehmigung f\u00fcr Kanada online aus.","robots":{"index":"index","follow":"follow","max-snippet":"max-snippet:-1","max-image-preview":"max-image-preview:large","max-video-preview":"max-video-preview:-1"},"canonical":"https:\/\/ave-eta-canada.com\/de\/ave-kanada-online-formular\/","og_locale":"de_DE","og_type":"article","og_title":"Kanada eTA-Formular online","og_description":"F\u00fcllen Sie das Antragsformular f\u00fcr die elektronische Reisegenehmigung f\u00fcr Kanada online aus.","og_url":"https:\/\/ave-eta-canada.com\/de\/ave-kanada-online-formular\/","og_site_name":"KANADA VISUM","article_modified_time":"2023-08-01T19:31:53+00:00","twitter_card":"summary_large_image","twitter_misc":{"Gesch\u00e4tzte Lesezeit":"1\u00a0Minute"},"schema":{"@context":"https:\/\/schema.org","@graph":[{"@type":"WebPage","@id":"https:\/\/ave-eta-canada.com\/de\/ave-kanada-online-formular\/","url":"https:\/\/ave-eta-canada.com\/de\/ave-kanada-online-formular\/","name":"Kanada eTA-Formular online","isPartOf":{"@id":"https:\/\/ave-eta-canada.com\/de\/#website"},"datePublished":"2021-12-04T10:28:09+00:00","dateModified":"2023-08-01T19:31:53+00:00","description":"F\u00fcllen Sie das Antragsformular f\u00fcr die elektronische Reisegenehmigung f\u00fcr Kanada online aus.","breadcrumb":{"@id":"https:\/\/ave-eta-canada.com\/de\/ave-kanada-online-formular\/#breadcrumb"},"inLanguage":"de","potentialAction":[{"@type":"ReadAction","target":["https:\/\/ave-eta-canada.com\/de\/ave-kanada-online-formular\/"]}]},{"@type":"BreadcrumbList","@id":"https:\/\/ave-eta-canada.com\/de\/ave-kanada-online-formular\/#breadcrumb","itemListElement":[{"@type":"ListItem","position":1,"name":"Home","item":"https:\/\/ave-eta-canada.com\/de\/"},{"@type":"ListItem","position":2,"name":"Kanada eTA-Formular online"}]},{"@type":"WebSite","@id":"https:\/\/ave-eta-canada.com\/de\/#website","url":"https:\/\/ave-eta-canada.com\/de\/","name":"KANADA VISUM","description":"Autorisation Voyage Electronique","potentialAction":[{"@type":"SearchAction","target":{"@type":"EntryPoint","urlTemplate":"https:\/\/ave-eta-canada.com\/de\/?s={search_term_string}"},"query-input":{"@type":"PropertyValueSpecification","valueRequired":true,"valueName":"search_term_string"}}],"inLanguage":"de"}]}},"_links":{"self":[{"href":"https:\/\/ave-eta-canada.com\/de\/wp-json\/wp\/v2\/pages\/1309","targetHints":{"allow":["GET"]}}],"collection":[{"href":"https:\/\/ave-eta-canada.com\/de\/wp-json\/wp\/v2\/pages"}],"about":[{"href":"https:\/\/ave-eta-canada.com\/de\/wp-json\/wp\/v2\/types\/page"}],"author":[{"embeddable":true,"href":"https:\/\/ave-eta-canada.com\/de\/wp-json\/wp\/v2\/users\/1"}],"replies":[{"embeddable":true,"href":"https:\/\/ave-eta-canada.com\/de\/wp-json\/wp\/v2\/comments?post=1309"}],"version-history":[{"count":0,"href":"https:\/\/ave-eta-canada.com\/de\/wp-json\/wp\/v2\/pages\/1309\/revisions"}],"wp:attachment":[{"href":"https:\/\/ave-eta-canada.com\/de\/wp-json\/wp\/v2\/media?parent=1309"}],"curies":[{"name":"wp","href":"https:\/\/api.w.org\/{rel}","templated":true}]}}