{"id":1497,"date":"2022-05-10T09:27:30","date_gmt":"2022-05-10T09:27:30","guid":{"rendered":"https:\/\/ave-eta-canada.com\/aktuelle-nachrichten-betreffend-eta-visum-kanada\/"},"modified":"2022-05-10T09:27:31","modified_gmt":"2022-05-10T09:27:31","slug":"aktuelle-nachrichten-betreffend-eta-visum-kanada","status":"publish","type":"page","link":"https:\/\/ave-eta-canada.com\/de\/aktuelle-nachrichten-betreffend-eta-visum-kanada\/","title":{"rendered":"Nachrichten | Neuigkeiten rund um die eTA visum Kanada"},"content":{"rendered":"\n<h1 class=\"wp-block-heading\">Neuigkeiten zur eTA-Genehmigung und Reisen nach Kanada<\/h1>\n\n<p>Entdecken Sie in diesem Abschnitt Neuigkeiten \u00fcber das offizielle eTA-Dokument und aktuelle Themen rund um Kanada. Entdecken Sie bei Bedarf f\u00fcr Ihre Reise alle zus\u00e4tzlichen Informationen \u00fcber den eTA, indem Sie konsultieren: die <a>Hilfeseite<\/a> , das <a>Glossar<\/a> und die <a>h\u00e4ufig gestellten Fragen<\/a>.<\/p>\n\n<p><\/p>\n","protected":false},"excerpt":{"rendered":"<p>Neuigkeiten zur eTA-Genehmigung und Reisen nach Kanada Entdecken Sie in diesem Abschnitt Neuigkeiten \u00fcber das offizielle eTA-Dokument und aktuelle Themen rund um Kanada. Entdecken Sie bei Bedarf f\u00fcr Ihre Reise alle zus\u00e4tzlichen Informationen \u00fcber den eTA, indem Sie konsultieren: die Hilfeseite , das Glossar und die h\u00e4ufig gestellten Fragen.<\/p>\n","protected":false},"author":1,"featured_media":0,"parent":0,"menu_order":0,"comment_status":"closed","ping_status":"closed","template":"","meta":{"footnotes":""},"class_list":["post-1497","page","type-page","status-publish","hentry"],"yoast_head":"<!-- This site is optimized with the Yoast SEO plugin v26.9 - https:\/\/yoast.com\/product\/yoast-seo-wordpress\/ -->\n<title>Nachrichten | Neuigkeiten rund um die eTA visum Kanada<\/title>\n<meta name=\"description\" content=\"Sind Sie dabei, mit Ihrer eTA-Genehmigung nach Kanada auszureisen? Entdecken Sie alle Neuigkeiten rund um Ihre Reise in diesem News-Bereich.\" \/>\n<meta name=\"robots\" content=\"index, follow, max-snippet:-1, max-image-preview:large, max-video-preview:-1\" \/>\n<link rel=\"canonical\" href=\"https:\/\/ave-eta-canada.com\/de\/aktuelle-nachrichten-betreffend-eta-visum-kanada\/\" \/>\n<meta property=\"og:locale\" content=\"de_DE\" \/>\n<meta property=\"og:type\" content=\"article\" \/>\n<meta property=\"og:title\" content=\"Nachrichten | Neuigkeiten rund um die eTA visum Kanada\" \/>\n<meta property=\"og:description\" content=\"Sind Sie dabei, mit Ihrer eTA-Genehmigung nach Kanada auszureisen? Entdecken Sie alle Neuigkeiten rund um Ihre Reise in diesem News-Bereich.\" \/>\n<meta property=\"og:url\" content=\"https:\/\/ave-eta-canada.com\/de\/aktuelle-nachrichten-betreffend-eta-visum-kanada\/\" \/>\n<meta property=\"og:site_name\" content=\"KANADA VISUM\" \/>\n<meta property=\"article:modified_time\" content=\"2022-05-10T09:27:31+00:00\" \/>\n<meta name=\"twitter:card\" content=\"summary_large_image\" \/>\n<script type=\"application\/ld+json\" class=\"yoast-schema-graph\">{\"@context\":\"https:\/\/schema.org\",\"@graph\":[{\"@type\":\"WebPage\",\"@id\":\"https:\/\/ave-eta-canada.com\/de\/aktuelle-nachrichten-betreffend-eta-visum-kanada\/\",\"url\":\"https:\/\/ave-eta-canada.com\/de\/aktuelle-nachrichten-betreffend-eta-visum-kanada\/\",\"name\":\"Nachrichten | Neuigkeiten rund um die eTA visum Kanada\",\"isPartOf\":{\"@id\":\"https:\/\/ave-eta-canada.com\/de\/#website\"},\"datePublished\":\"2022-05-10T09:27:30+00:00\",\"dateModified\":\"2022-05-10T09:27:31+00:00\",\"description\":\"Sind Sie dabei, mit Ihrer eTA-Genehmigung nach Kanada auszureisen? Entdecken Sie alle Neuigkeiten rund um Ihre Reise in diesem News-Bereich.\",\"breadcrumb\":{\"@id\":\"https:\/\/ave-eta-canada.com\/de\/aktuelle-nachrichten-betreffend-eta-visum-kanada\/#breadcrumb\"},\"inLanguage\":\"de\",\"potentialAction\":[{\"@type\":\"ReadAction\",\"target\":[\"https:\/\/ave-eta-canada.com\/de\/aktuelle-nachrichten-betreffend-eta-visum-kanada\/\"]}]},{\"@type\":\"BreadcrumbList\",\"@id\":\"https:\/\/ave-eta-canada.com\/de\/aktuelle-nachrichten-betreffend-eta-visum-kanada\/#breadcrumb\",\"itemListElement\":[{\"@type\":\"ListItem\",\"position\":1,\"name\":\"Home\",\"item\":\"https:\/\/ave-eta-canada.com\/de\/\"},{\"@type\":\"ListItem\",\"position\":2,\"name\":\"Nachrichten | Neuigkeiten rund um die eTA visum Kanada\"}]},{\"@type\":\"WebSite\",\"@id\":\"https:\/\/ave-eta-canada.com\/de\/#website\",\"url\":\"https:\/\/ave-eta-canada.com\/de\/\",\"name\":\"KANADA VISUM\",\"description\":\"Autorisation Voyage Electronique\",\"potentialAction\":[{\"@type\":\"SearchAction\",\"target\":{\"@type\":\"EntryPoint\",\"urlTemplate\":\"https:\/\/ave-eta-canada.com\/de\/?s={search_term_string}\"},\"query-input\":{\"@type\":\"PropertyValueSpecification\",\"valueRequired\":true,\"valueName\":\"search_term_string\"}}],\"inLanguage\":\"de\"}]}<\/script>\n<!-- \/ Yoast SEO plugin. -->","yoast_head_json":{"title":"Nachrichten | Neuigkeiten rund um die eTA visum Kanada","description":"Sind Sie dabei, mit Ihrer eTA-Genehmigung nach Kanada auszureisen? Entdecken Sie alle Neuigkeiten rund um Ihre Reise in diesem News-Bereich.","robots":{"index":"index","follow":"follow","max-snippet":"max-snippet:-1","max-image-preview":"max-image-preview:large","max-video-preview":"max-video-preview:-1"},"canonical":"https:\/\/ave-eta-canada.com\/de\/aktuelle-nachrichten-betreffend-eta-visum-kanada\/","og_locale":"de_DE","og_type":"article","og_title":"Nachrichten | Neuigkeiten rund um die eTA visum Kanada","og_description":"Sind Sie dabei, mit Ihrer eTA-Genehmigung nach Kanada auszureisen? Entdecken Sie alle Neuigkeiten rund um Ihre Reise in diesem News-Bereich.","og_url":"https:\/\/ave-eta-canada.com\/de\/aktuelle-nachrichten-betreffend-eta-visum-kanada\/","og_site_name":"KANADA VISUM","article_modified_time":"2022-05-10T09:27:31+00:00","twitter_card":"summary_large_image","schema":{"@context":"https:\/\/schema.org","@graph":[{"@type":"WebPage","@id":"https:\/\/ave-eta-canada.com\/de\/aktuelle-nachrichten-betreffend-eta-visum-kanada\/","url":"https:\/\/ave-eta-canada.com\/de\/aktuelle-nachrichten-betreffend-eta-visum-kanada\/","name":"Nachrichten | Neuigkeiten rund um die eTA visum Kanada","isPartOf":{"@id":"https:\/\/ave-eta-canada.com\/de\/#website"},"datePublished":"2022-05-10T09:27:30+00:00","dateModified":"2022-05-10T09:27:31+00:00","description":"Sind Sie dabei, mit Ihrer eTA-Genehmigung nach Kanada auszureisen? Entdecken Sie alle Neuigkeiten rund um Ihre Reise in diesem News-Bereich.","breadcrumb":{"@id":"https:\/\/ave-eta-canada.com\/de\/aktuelle-nachrichten-betreffend-eta-visum-kanada\/#breadcrumb"},"inLanguage":"de","potentialAction":[{"@type":"ReadAction","target":["https:\/\/ave-eta-canada.com\/de\/aktuelle-nachrichten-betreffend-eta-visum-kanada\/"]}]},{"@type":"BreadcrumbList","@id":"https:\/\/ave-eta-canada.com\/de\/aktuelle-nachrichten-betreffend-eta-visum-kanada\/#breadcrumb","itemListElement":[{"@type":"ListItem","position":1,"name":"Home","item":"https:\/\/ave-eta-canada.com\/de\/"},{"@type":"ListItem","position":2,"name":"Nachrichten | Neuigkeiten rund um die eTA visum Kanada"}]},{"@type":"WebSite","@id":"https:\/\/ave-eta-canada.com\/de\/#website","url":"https:\/\/ave-eta-canada.com\/de\/","name":"KANADA VISUM","description":"Autorisation Voyage Electronique","potentialAction":[{"@type":"SearchAction","target":{"@type":"EntryPoint","urlTemplate":"https:\/\/ave-eta-canada.com\/de\/?s={search_term_string}"},"query-input":{"@type":"PropertyValueSpecification","valueRequired":true,"valueName":"search_term_string"}}],"inLanguage":"de"}]}},"_links":{"self":[{"href":"https:\/\/ave-eta-canada.com\/de\/wp-json\/wp\/v2\/pages\/1497","targetHints":{"allow":["GET"]}}],"collection":[{"href":"https:\/\/ave-eta-canada.com\/de\/wp-json\/wp\/v2\/pages"}],"about":[{"href":"https:\/\/ave-eta-canada.com\/de\/wp-json\/wp\/v2\/types\/page"}],"author":[{"embeddable":true,"href":"https:\/\/ave-eta-canada.com\/de\/wp-json\/wp\/v2\/users\/1"}],"replies":[{"embeddable":true,"href":"https:\/\/ave-eta-canada.com\/de\/wp-json\/wp\/v2\/comments?post=1497"}],"version-history":[{"count":0,"href":"https:\/\/ave-eta-canada.com\/de\/wp-json\/wp\/v2\/pages\/1497\/revisions"}],"wp:attachment":[{"href":"https:\/\/ave-eta-canada.com\/de\/wp-json\/wp\/v2\/media?parent=1497"}],"curies":[{"name":"wp","href":"https:\/\/api.w.org\/{rel}","templated":true}]}}