{"id":1715,"date":"2022-05-13T20:48:35","date_gmt":"2022-05-13T20:48:35","guid":{"rendered":"https:\/\/ave-eta-canada.com\/faq-eta-canada\/"},"modified":"2022-09-09T11:47:03","modified_gmt":"2022-09-09T11:47:03","slug":"faq-eta-canada","status":"publish","type":"page","link":"https:\/\/ave-eta-canada.com\/de\/faq-eta-canada\/","title":{"rendered":"Kanada eTA FAQs | Die Antworten auf Ihre Fragen"},"content":{"rendered":"\n<h1 class=\"wp-block-heading\">Die Antworten auf Ihre Fragen<\/h1>\n\n<p>In diesen FAQ finden Sie alle wesentlichen Informationen \u00fcber <a href=\"https:\/\/ave-eta-canada.com\/de\/aktuelle-nachrichten-betreffend-eta-visum-kanada\/\">eTA Kanada<\/a> . Sie k\u00f6nnen das Land des Ahorns gelassen verlassen!<\/p>\n\n<h2 class=\"wp-block-heading\">Was ist eine eTA f\u00fcr Kanada?<\/h2>\n\n<p>Die von der kanadischen Regierung ausgestellte ETA (Electronic Travel Authorization) ist <a href=\"https:\/\/ave-eta-canada.com\/de\/fuellen-sie-das-eta-formular-fuer-kanada-aus\/\">ein offizielles Formular<\/a>, mit dem Reisende in das kanadische Hoheitsgebiet einreisen k\u00f6nnen.<\/p>\n\n<h2 class=\"wp-block-heading\">Was ist der Unterschied zwischen einer eTA und einer eTA?<\/h2>\n\n<p>Keiner. AVE und eTA beschreiben dieselbe Reisegenehmigung. AVE ist das Akronym auf Franz\u00f6sisch, w\u00e4hrend eTA das Akronym auf Englisch ist.<\/p>\n\n<h2 class=\"wp-block-heading\">F\u00fcr wen ist die eTA-Reisegenehmigung bestimmt?<\/h2>\n\n<p><a href=\"https:\/\/ave-eta-canada.com\/de\/\">Die Reisegenehmigung von eTA Canada richtet sich<\/a> an alle Staatsangeh\u00f6rigen der Mitgliedsl\u00e4nder des Programms f\u00fcr visumfreies Reisen, die sich maximal 6 Monate in Kanada aufhalten m\u00f6chten. Au\u00dferdem wird die eTA-Genehmigung nur f\u00fcr touristische Aufenthalte, Gesch\u00e4ftsreisen oder die Durchreise mit dem Flugzeug erteilt.<\/p>\n\n<p>Bitte beachten Sie, dass Personen, die durch die Vereinigten Staaten reisen, bevor sie auf kanadisches Territorium zur\u00fcckkehren, zus\u00e4tzlich zum eTA-Antrag eine ESTA-Genehmigung von der amerikanischen Regierung beantragen m\u00fcssen.<\/p>\n\n<h2 class=\"wp-block-heading\">Was ben\u00f6tige ich, um eine eTA online zu beantragen?<\/h2>\n\n<p>F\u00fcr die Online-Anfrage muss ein Formular ausgef\u00fcllt werden. Hier ist, was Sie brauchen:<\/p>\n\n<ul class=\"wp-block-list\"><li>einen g\u00fcltigen Reisepass ;<\/li><li>eine Kredit- oder Debitkarte (Visa, MasterCard, American Express, JCB, UnionPay);<\/li><li>eine g\u00fcltige E-Mail-Adresse.<\/li><\/ul>\n\n<h2 class=\"wp-block-heading\">Muss ich f\u00fcr die Beantragung einer eTA f\u00fcr Kanada bezahlen?<\/h2>\n\n<p><a href=\"https:\/\/ave-eta-canada.com\/de\/eta-kanada-sein-preis\/\">Die grundlegende<\/a> eTA-Antragsgeb\u00fchr betr\u00e4gt 7 CAN$. Zus\u00e4tzliche Kosten k\u00f6nnen hinzugef\u00fcgt werden, wenn Sie zus\u00e4tzliche Dienste abonnieren (Online-Hilfe, \u00dcberpr\u00fcfung von Informationen usw.). Beachten Sie, dass die eTA viel leichter zug\u00e4nglich ist als das Visum, dessen Kosten zwischen 100 und 200 CAN$ variieren.<\/p>\n\n<h2 class=\"wp-block-heading\">Was ist der Unterschied zwischen einer eTA und einem Visum?<\/h2>\n\n<p>Das AVE erlaubt Ihnen, sich maximal 6 Monate in Kanada aufzuhalten, gilt jedoch nur f\u00fcr Touristen, Gesch\u00e4ftsreisende und Transitreisende. Wenn Sie dort l\u00e4nger bleiben, studieren oder arbeiten m\u00f6chten, m\u00fcssen Sie bei den Konsularbeh\u00f6rden ein Visum beantragen.<\/p>\n\n<h2 class=\"wp-block-heading\">Wie lange kann ich meine eTA nutzen?<\/h2>\n\n<p>Die Genehmigung zur Einreise nach Kanada ist f\u00fcnf Jahre ab Ausstellungsdatum des Dokuments g\u00fcltig, vorausgesetzt, Sie besitzen einen g\u00fcltigen Reisepass. Gegebenenfalls endet die Berechtigung mit dem Ablaufdatum des Reisepasses.<\/p>\n\n<h2 class=\"wp-block-heading\">Welche Informationen werden von mir auf dem eTA-Formular angefordert?<\/h2>\n\n<p>Zun\u00e4chst muss der Reisende seinen Familienstand (Name, Vorname, Geburtsdatum und -ort etc.) sowie die Passdaten angeben. Anschlie\u00dfend werden verschiedene Fragen zum Gesundheitszustand oder zur gesetzlichen Vergangenheit gestellt. Schlie\u00dflich m\u00fcssen Sie Ihre Bankverbindung angeben, um die Geb\u00fchren f\u00fcr die Online-Anfrage per Zahlungskarte zu bezahlen.<\/p>\n\n<h2 class=\"wp-block-heading\">Welche Antworten kann ich nach dem Absenden des Formulars erhalten?<\/h2>\n\n<p>Es gibt drei Arten von m\u00f6glichen Antworten:<\/p>\n\n<ul class=\"wp-block-list\"><li>\u201eGenehmigung erteilt\u201c: Sie sind offiziell berechtigt, nach Kanada zu reisen;<\/li><li>\u201eAutorisierung ausstehend\u201c, die Anfrage wird bearbeitet, eine Antwort erfolgt in der Regel innerhalb weniger Tage;<\/li><li>\u201eGenehmigung nicht erteilt\u201c ist es Ihnen nicht m\u00f6glich, mit der eTA nach Kanada einzureisen. Nichts hindert Sie jedoch daran, ein Visum zu beantragen.<\/li><\/ul>\n\n<h2 class=\"wp-block-heading\">Wie lange dauert es, bis ich meine eTA erhalte?<\/h2>\n\n<p>Sehr oft wird nach dem Absenden des Formulars eine fast sofortige Antwort gesendet. Ist dies nicht der Fall, werden Sie in jedem Fall innerhalb von 72 Stunden kontaktiert, sofern eine g\u00fcltige E-Mail-Adresse vorliegt.<\/p>\n\n<h2 class=\"wp-block-heading\">Mein eTA-Antrag wurde abgelehnt, was kann ich tun?<\/h2>\n\n<p>Wenn die kanadischen Beh\u00f6rden Ihnen die Reisegenehmigung verweigern, k\u00f6nnen Sie trotzdem ein Visum bei der kanadischen Botschaft oder dem kanadischen Konsulat beantragen.<\/p>\n\n<h2 class=\"wp-block-heading\">Muss ich eine eTA beantragen, wenn ich bereits ein Visum habe?<\/h2>\n\n<p>Es ist nicht notwendig, eine eTA zu beantragen, wenn Sie bereits ein g\u00fcltiges kanadisches Visum haben.<\/p>\n\n<h2 class=\"wp-block-heading\">Muss ich jedes Mal eine neue eTA beantragen, wenn ich nach Kanada reise?<\/h2>\n\n<p><a href=\"https:\/\/ave-eta-canada.com\/de\/was-ist-eta-kanada\/\">Die eTA<\/a> ist 5 Jahre g\u00fcltig, das hei\u00dft, Sie k\u00f6nnen in diesem Zeitraum beliebig oft nach Kanada reisen. Achten Sie darauf, die gesetzliche H\u00f6chstdauer von 6 Monaten einzuhalten. Stellen Sie sicher, dass Ihr Reisepass noch g\u00fcltig ist.<\/p>\n\n<h2 class=\"wp-block-heading\">Kann ich eine Gruppenanfrage f\u00fcr eine eTA stellen?<\/h2>\n\n<p>Eine Gruppenanfrage ist nicht m\u00f6glich. Sie m\u00fcssen sich einzeln bewerben, die pers\u00f6nlichen Daten jeder Person ausf\u00fcllen und die Bearbeitungsgeb\u00fchr f\u00fcr jede Person bezahlen.<\/p>\n\n<h2 class=\"wp-block-heading\">Bin ich berechtigt, in kanadisches Hoheitsgebiet einzureisen, wenn ich eine eTA habe?<\/h2>\n\n<p>Die eTA berechtigt Sie zur Einreise nach Kanada auf dem Luftweg. Allerdings sind nur die kanadischen Zoll- und Einwanderungsbeh\u00f6rden berechtigt, Ihre Einreise in kanadischen Boden zu genehmigen.<\/p>\n\n<h2 class=\"wp-block-heading\">Kann ich meine Daten nach dem Absenden des Formulars \u00e4ndern?<\/h2>\n\n<p>Wenn Sie einen <a href=\"https:\/\/ave-eta-canada.com\/de\/wie-aendere-ich-eine-eta-autorisierung-fuer-kanada\/\">Fehler in Ihrem Formular<\/a> bemerkt haben oder sich Informationen in Ihrem Reisepass ge\u00e4ndert haben, beachten Sie, dass keine \u00c4nderung m\u00f6glich ist. Es ist dann erforderlich, mit einer neuen Anfrage fortzufahren, indem die korrekten Informationen \u00fcbermittelt werden.<\/p>\n\n<h2 class=\"wp-block-heading\">Muss ich vor dem Einsteigen eine Papierversion meiner eTA ausdrucken?<\/h2>\n\n<p>Die eTA ist elektronisch mit Ihrem Reisepass verkn\u00fcpft. Sie m\u00fcssen die Best\u00e4tigungs-E-Mail also nicht ausdrucken.<\/p>\n\n<h2 class=\"wp-block-heading\">Ich habe meinen Reisepass ge\u00e4ndert, ist meine eTA noch g\u00fcltig?<\/h2>\n\n<p>Die in Ihrem Reisepass enthaltenen pers\u00f6nlichen Daten m\u00fcssen mit den Angaben auf dem Online-Formular absolut identisch sein. Im Falle einer Passerneuerung nach Erhalt Ihrer eTA haben Sie keine andere Wahl, als einen neuen eTA-Antrag zu stellen.<\/p>\n\n<p>Sie k\u00f6nnen immer noch keine Antwort auf eine Frage finden? Um noch weiter zu gehen, laden wir Sie ein, den Hilfebereich und die <a href=\"https:\/\/ave-eta-canada.com\/de\/lexikon-alle-definitionen-rund-um-eta-canada\/\">Glossarseite<\/a> zu konsultieren.<\/p>\n","protected":false},"excerpt":{"rendered":"<p>Die Antworten auf Ihre Fragen In diesen FAQ finden Sie alle wesentlichen Informationen \u00fcber eTA Kanada . Sie k\u00f6nnen das Land des Ahorns gelassen verlassen! Was ist eine eTA f\u00fcr Kanada? Die von der kanadischen Regierung ausgestellte ETA (Electronic Travel Authorization) ist ein offizielles Formular, mit dem Reisende in das kanadische Hoheitsgebiet einreisen k\u00f6nnen. Was [&hellip;]<\/p>\n","protected":false},"author":1,"featured_media":0,"parent":0,"menu_order":0,"comment_status":"closed","ping_status":"closed","template":"","meta":{"footnotes":""},"class_list":["post-1715","page","type-page","status-publish","hentry"],"yoast_head":"<!-- This site is optimized with the Yoast SEO plugin v26.9 - https:\/\/yoast.com\/product\/yoast-seo-wordpress\/ -->\n<title>Kanada eTA FAQs | Die Antworten auf Ihre Fragen<\/title>\n<meta name=\"description\" content=\"Alles \u00fcber die AVE-Reisegenehmigung, die f\u00fcr die Einreise nach Kanada unerl\u00e4sslich ist. Wir beantworten alle Ihre Fragen\" \/>\n<meta name=\"robots\" content=\"index, follow, max-snippet:-1, max-image-preview:large, max-video-preview:-1\" \/>\n<link rel=\"canonical\" href=\"https:\/\/ave-eta-canada.com\/de\/faq-eta-canada\/\" \/>\n<meta property=\"og:locale\" content=\"de_DE\" \/>\n<meta property=\"og:type\" content=\"article\" \/>\n<meta property=\"og:title\" content=\"Kanada eTA FAQs | Die Antworten auf Ihre Fragen\" \/>\n<meta property=\"og:description\" content=\"Alles \u00fcber die AVE-Reisegenehmigung, die f\u00fcr die Einreise nach Kanada unerl\u00e4sslich ist. Wir beantworten alle Ihre Fragen\" \/>\n<meta property=\"og:url\" content=\"https:\/\/ave-eta-canada.com\/de\/faq-eta-canada\/\" \/>\n<meta property=\"og:site_name\" content=\"KANADA VISUM\" \/>\n<meta property=\"article:modified_time\" content=\"2022-09-09T11:47:03+00:00\" \/>\n<meta name=\"twitter:card\" content=\"summary_large_image\" \/>\n<meta name=\"twitter:label1\" content=\"Gesch\u00e4tzte Lesezeit\" \/>\n\t<meta name=\"twitter:data1\" content=\"4\u00a0Minuten\" \/>\n<script type=\"application\/ld+json\" class=\"yoast-schema-graph\">{\"@context\":\"https:\/\/schema.org\",\"@graph\":[{\"@type\":\"WebPage\",\"@id\":\"https:\/\/ave-eta-canada.com\/de\/faq-eta-canada\/\",\"url\":\"https:\/\/ave-eta-canada.com\/de\/faq-eta-canada\/\",\"name\":\"Kanada eTA FAQs | Die Antworten auf Ihre Fragen\",\"isPartOf\":{\"@id\":\"https:\/\/ave-eta-canada.com\/de\/#website\"},\"datePublished\":\"2022-05-13T20:48:35+00:00\",\"dateModified\":\"2022-09-09T11:47:03+00:00\",\"description\":\"Alles \u00fcber die AVE-Reisegenehmigung, die f\u00fcr die Einreise nach Kanada unerl\u00e4sslich ist. Wir beantworten alle Ihre Fragen\",\"breadcrumb\":{\"@id\":\"https:\/\/ave-eta-canada.com\/de\/faq-eta-canada\/#breadcrumb\"},\"inLanguage\":\"de\",\"potentialAction\":[{\"@type\":\"ReadAction\",\"target\":[\"https:\/\/ave-eta-canada.com\/de\/faq-eta-canada\/\"]}]},{\"@type\":\"BreadcrumbList\",\"@id\":\"https:\/\/ave-eta-canada.com\/de\/faq-eta-canada\/#breadcrumb\",\"itemListElement\":[{\"@type\":\"ListItem\",\"position\":1,\"name\":\"Home\",\"item\":\"https:\/\/ave-eta-canada.com\/de\/\"},{\"@type\":\"ListItem\",\"position\":2,\"name\":\"Kanada eTA FAQs | Die Antworten auf Ihre Fragen\"}]},{\"@type\":\"WebSite\",\"@id\":\"https:\/\/ave-eta-canada.com\/de\/#website\",\"url\":\"https:\/\/ave-eta-canada.com\/de\/\",\"name\":\"KANADA VISUM\",\"description\":\"Autorisation Voyage Electronique\",\"potentialAction\":[{\"@type\":\"SearchAction\",\"target\":{\"@type\":\"EntryPoint\",\"urlTemplate\":\"https:\/\/ave-eta-canada.com\/de\/?s={search_term_string}\"},\"query-input\":{\"@type\":\"PropertyValueSpecification\",\"valueRequired\":true,\"valueName\":\"search_term_string\"}}],\"inLanguage\":\"de\"}]}<\/script>\n<!-- \/ Yoast SEO plugin. -->","yoast_head_json":{"title":"Kanada eTA FAQs | Die Antworten auf Ihre Fragen","description":"Alles \u00fcber die AVE-Reisegenehmigung, die f\u00fcr die Einreise nach Kanada unerl\u00e4sslich ist. Wir beantworten alle Ihre Fragen","robots":{"index":"index","follow":"follow","max-snippet":"max-snippet:-1","max-image-preview":"max-image-preview:large","max-video-preview":"max-video-preview:-1"},"canonical":"https:\/\/ave-eta-canada.com\/de\/faq-eta-canada\/","og_locale":"de_DE","og_type":"article","og_title":"Kanada eTA FAQs | Die Antworten auf Ihre Fragen","og_description":"Alles \u00fcber die AVE-Reisegenehmigung, die f\u00fcr die Einreise nach Kanada unerl\u00e4sslich ist. Wir beantworten alle Ihre Fragen","og_url":"https:\/\/ave-eta-canada.com\/de\/faq-eta-canada\/","og_site_name":"KANADA VISUM","article_modified_time":"2022-09-09T11:47:03+00:00","twitter_card":"summary_large_image","twitter_misc":{"Gesch\u00e4tzte Lesezeit":"4\u00a0Minuten"},"schema":{"@context":"https:\/\/schema.org","@graph":[{"@type":"WebPage","@id":"https:\/\/ave-eta-canada.com\/de\/faq-eta-canada\/","url":"https:\/\/ave-eta-canada.com\/de\/faq-eta-canada\/","name":"Kanada eTA FAQs | Die Antworten auf Ihre Fragen","isPartOf":{"@id":"https:\/\/ave-eta-canada.com\/de\/#website"},"datePublished":"2022-05-13T20:48:35+00:00","dateModified":"2022-09-09T11:47:03+00:00","description":"Alles \u00fcber die AVE-Reisegenehmigung, die f\u00fcr die Einreise nach Kanada unerl\u00e4sslich ist. Wir beantworten alle Ihre Fragen","breadcrumb":{"@id":"https:\/\/ave-eta-canada.com\/de\/faq-eta-canada\/#breadcrumb"},"inLanguage":"de","potentialAction":[{"@type":"ReadAction","target":["https:\/\/ave-eta-canada.com\/de\/faq-eta-canada\/"]}]},{"@type":"BreadcrumbList","@id":"https:\/\/ave-eta-canada.com\/de\/faq-eta-canada\/#breadcrumb","itemListElement":[{"@type":"ListItem","position":1,"name":"Home","item":"https:\/\/ave-eta-canada.com\/de\/"},{"@type":"ListItem","position":2,"name":"Kanada eTA FAQs | Die Antworten auf Ihre Fragen"}]},{"@type":"WebSite","@id":"https:\/\/ave-eta-canada.com\/de\/#website","url":"https:\/\/ave-eta-canada.com\/de\/","name":"KANADA VISUM","description":"Autorisation Voyage Electronique","potentialAction":[{"@type":"SearchAction","target":{"@type":"EntryPoint","urlTemplate":"https:\/\/ave-eta-canada.com\/de\/?s={search_term_string}"},"query-input":{"@type":"PropertyValueSpecification","valueRequired":true,"valueName":"search_term_string"}}],"inLanguage":"de"}]}},"_links":{"self":[{"href":"https:\/\/ave-eta-canada.com\/de\/wp-json\/wp\/v2\/pages\/1715","targetHints":{"allow":["GET"]}}],"collection":[{"href":"https:\/\/ave-eta-canada.com\/de\/wp-json\/wp\/v2\/pages"}],"about":[{"href":"https:\/\/ave-eta-canada.com\/de\/wp-json\/wp\/v2\/types\/page"}],"author":[{"embeddable":true,"href":"https:\/\/ave-eta-canada.com\/de\/wp-json\/wp\/v2\/users\/1"}],"replies":[{"embeddable":true,"href":"https:\/\/ave-eta-canada.com\/de\/wp-json\/wp\/v2\/comments?post=1715"}],"version-history":[{"count":0,"href":"https:\/\/ave-eta-canada.com\/de\/wp-json\/wp\/v2\/pages\/1715\/revisions"}],"wp:attachment":[{"href":"https:\/\/ave-eta-canada.com\/de\/wp-json\/wp\/v2\/media?parent=1715"}],"curies":[{"name":"wp","href":"https:\/\/api.w.org\/{rel}","templated":true}]}}