{"id":1740,"date":"2022-05-13T21:13:56","date_gmt":"2022-05-13T21:13:56","guid":{"rendered":"https:\/\/ave-eta-canada.com\/gultigkeit-eta-kanada\/"},"modified":"2022-05-13T21:13:56","modified_gmt":"2022-05-13T21:13:56","slug":"gultigkeit-eta-kanada","status":"publish","type":"page","link":"https:\/\/ave-eta-canada.com\/de\/gultigkeit-eta-kanada\/","title":{"rendered":"Die G\u00fcltigkeit der kanadischen eTA"},"content":{"rendered":"\n<h1 class=\"wp-block-heading\">Welche G\u00fcltigkeit hat die kanadische eTA?<\/h1>\n\n<p>Um nach Kanada zu reisen, ist eine elektronische Reisegenehmigung erforderlich. Diese Genehmigung wird wie ein ESTA-Antrag f\u00fcr die USA \u00fcber das Internet ausgestellt.<\/p>\n\n<p><strong>Bei einem Aufenthalt von weniger als 6 Monaten in Kanada<\/strong> : Sie k\u00f6nnen die Formalit\u00e4ten f\u00fcr die Einreise nach Kanada direkt \u00fcber das Internet erledigen, indem Sie auf <a href=\"https:\/\/ave-eta-canada.com\/de\/ave-kanada-online-formular\/\">das Online-Formular<\/a> klicken. Es ist nicht erforderlich, einen Termin bei der kanadischen Botschaft oder dem kanadischen Konsulat zu vereinbaren.<\/p>\n\n<p>Nachfolgend pr\u00e4sentieren wir die Informationselemente zur G\u00fcltigkeitsdauer des eTA.<br\/><\/p>\n\n<h2 class=\"wp-block-heading\">Wie \u00fcberpr\u00fcfe ich die G\u00fcltigkeit einer kanadischen eTA?<\/h2>\n\n<p>Die kanadische eTA, f\u00fcr Electronic Travel Authorization, ist ein offizielles elektronisches Dokument, das nach einer Online-Anfrage auf der Website der kanadischen Regierung erhalten wird. Mit anderen Worten, es ist nicht notwendig, zur kanadischen Botschaft oder gegebenenfalls zum Konsulat zu gehen, um diese Genehmigung zu erhalten. Nur das IRCC (Immigration, Refugees, Canadian Citizenship) ist befugt, Staatsangeh\u00f6rigen von L\u00e4ndern, die von kanadischen Visa befreit sind (einschlie\u00dflich franz\u00f6sischer Staatsb\u00fcrger), eine eTA auszustellen, <a href=\"https:\/\/ave-eta-canada.com\/de\/alles-ueber-die-eta-bedingungen-fuer-reisen-nach-kanada\/\">die die Berechtigungsbedingungen erf\u00fcllen.<\/a><\/p>\n\n<p>Die Tatsache, dass nur die Regierung von Kanada berechtigt ist, eine Reisegenehmigung auszustellen, erlegt der offiziellen Website keine Aufforderung auf. Es ist durchaus m\u00f6glich, sich an eine private Organisation wie unseren Partner zu wenden, um eine eTA zu beantragen. Im Gegensatz zur Website des Ministeriums bietet Ihnen eine private Organisation bei Bedarf pers\u00f6nliche Unterst\u00fctzung. Die G\u00fcltigkeit der Kanada eTA wird \u00fcberhaupt nicht in Frage gestellt, wenn sie \u00fcber eine private Seite bezogen wird.<\/p>\n\n<p>Die G\u00fcltigkeit der kanadischen eTA h\u00e4ngt von dem Reisepass ab, mit dem sie verkn\u00fcpft ist. Anerkannt wird nat\u00fcrlich nur ein g\u00fcltiger Reisepass (Reisehinweis: Es wird eine Restg\u00fcltigkeitsdauer von sechs Monaten empfohlen). Im Falle eines neuen Reisepasses oder einer \u00c4nderung der Daten des letzteren muss ein neuer Antrag an die kanadischen Beh\u00f6rden gestellt werden. Wir erinnern Sie daran, dass Sie zum Ausf\u00fcllen des eTA-Formulars f\u00fcr Kanada die Passnummer, den Nachnamen und die Vornamen des Inhabers, das Geburtsdatum und den Geburtsort, das Geschlecht, das Ausstellungsdatum und das Ablaufdatum eingeben m\u00fcssen. Eine \u00c4nderung dieser Daten macht die eTA ung\u00fcltig.<\/p>\n\n<p>Da der Genehmigungsantrag auch auf 4 Fragen zur Situation des Reisenden basiert, h\u00e4ngt die G\u00fcltigkeit der Kanada eTA von der Entwicklung der Situation ab. So ist beispielsweise im Falle einer neuen unbehandelten Krankheit oder einer neuen Straftat die eTA nicht mehr g\u00fcltig. Diese Angaben sind jedoch schwer zu \u00fcberpr\u00fcfen und h\u00e4ngen daher von der Ehrlichkeit des Reisenden ab.<\/p>\n\n<p>Es ist nicht notwendig, die Vollmacht auszudrucken, da sie elektronisch ist. Auf der anderen Seite ist es obligatorisch, die Genehmigung vor der Abreise einzuholen. Die G\u00fcltigkeit der kanadischen eTA wird durch das Fehlen einer Papierversion nicht beeintr\u00e4chtigt. Der Grenzbeamte bittet nicht um Einsicht in die eTA, aber er wird wahrscheinlich nach dem Ausreiseticket und allen anderen erforderlichen Dokumenten verlangen, die der Situation angemessen sind, insbesondere im Fall eines mitreisenden minderj\u00e4hrigen Kindes (z. B. Geburtsurkunde, Fotokopie der Scheidungsurkunde usw.).<br\/><br\/><\/p>\n\n<h2 class=\"wp-block-heading\">Wie lange ist die Kanada eTA g\u00fcltig?<\/h2>\n\n<p>Das Ausf\u00fcllen des <a href=\"https:\/\/ave-eta-canada.com\/de\/fuellen-sie-das-eta-formular-fuer-kanada-aus\/\">Online-Formulars<\/a> entf\u00e4llt f\u00fcr alle Reisen nach Kanada: Die G\u00fcltigkeitsdauer der Canada eTA betr\u00e4gt 5 Jahre ab Ausstellungsdatum. Die Zustimmung, ebenso wie die Ablehnung, wird sehr schnell per E-Mail mitgeteilt, sobald <a href=\"https:\/\/ave-eta-canada.com\/de\/eta-kanada-sein-preis\/\">die Zahlung der 7 $ CAN erfolgt ist<\/a> . Ein Antrag kann ausnahmsweise von der kanadischen Einwanderungsbeh\u00f6rde ausgesetzt werden, wenn zus\u00e4tzliche Belege erforderlich sind. In jedem Fall kontaktiert die kanadische Einwanderungsbeh\u00f6rde den Antragsteller innerhalb weniger Tage. Die Eingangsbest\u00e4tigung wird Ihnen innerhalb von 72 Stunden zugesandt. Im Falle einer Ablehnung kann der Antragsteller einen neuen Antrag stellen, wenn er der Meinung ist, dass diese negative Antwort auf einen Eingabefehler zur\u00fcckzuf\u00fchren ist. Wenn kein Fehler gemacht wurde, kann ein Visumantrag an die kanadische Botschaft weitergeleitet werden. Nicht f\u00fcr die eTA berechtigt zu sein, ist in der Tat kein Hindernis f\u00fcr die Erlangung eines kanadischen Visums.<\/p>\n\n<p>Beachten Sie, dass die <a href=\"https:\/\/ave-eta-canada.com\/de\/eta-canada-gueltigkeitsdauer\/\">G\u00fcltigkeitsdauer der kanadischen eTA<\/a> von der G\u00fcltigkeit des zum Zeitpunkt der Beantragung verwendeten Reisepasses abh\u00e4ngt. Die kanadische Regierung stellt eine eTA f\u00fcr bis zu 5 Jahre aus, sofern der Reisepass nicht vorher abl\u00e4uft. Wenn beispielsweise ein elektronischer oder biometrischer Reisepass innerhalb von 3 Jahren nach Antragstellung abl\u00e4uft, ist die eTA 3 Jahre g\u00fcltig. Die verbleibenden zwei Jahre k\u00f6nnen nicht auf einen neuen Reisepass \u00fcbertragen werden.<\/p>\n\n<p>Der Reisende kann w\u00e4hrend der 5-j\u00e4hrigen G\u00fcltigkeitsdauer der Kanada-eTA beliebig viele Aufenthalte machen, vorausgesetzt jedoch, dass jeder Aufenthalt 6 Monate nicht \u00fcberschreitet. Es handelt sich hier nicht um einen st\u00e4ndigen Wohnsitz mit einer AVE-Genehmigung, sondern nur um einen touristischen Aufenthalt. Es sollte auch beachtet werden, dass die eTA nur f\u00fcr die Einreise in das kanadische Hoheitsgebiet auf dem Luftweg, einschlie\u00dflich Transits, erforderlich ist.<\/p>\n","protected":false},"excerpt":{"rendered":"<p>Welche G\u00fcltigkeit hat die kanadische eTA? Um nach Kanada zu reisen, ist eine elektronische Reisegenehmigung erforderlich. Diese Genehmigung wird wie ein ESTA-Antrag f\u00fcr die USA \u00fcber das Internet ausgestellt. Bei einem Aufenthalt von weniger als 6 Monaten in Kanada : Sie k\u00f6nnen die Formalit\u00e4ten f\u00fcr die Einreise nach Kanada direkt \u00fcber das Internet erledigen, indem [&hellip;]<\/p>\n","protected":false},"author":1,"featured_media":0,"parent":0,"menu_order":0,"comment_status":"closed","ping_status":"closed","template":"","meta":{"footnotes":""},"class_list":["post-1740","page","type-page","status-publish","hentry"],"yoast_head":"<!-- This site is optimized with the Yoast SEO plugin v26.9 - https:\/\/yoast.com\/product\/yoast-seo-wordpress\/ -->\n<title>Die G\u00fcltigkeit der kanadischen eTA<\/title>\n<meta name=\"description\" content=\"Kanada hat eine elektronische Reisegenehmigung (eTA) eingef\u00fchrt, die vor der Abreise eingeholt werden muss. Wie lange ist diese Genehmigung g\u00fcltig?\" \/>\n<meta name=\"robots\" content=\"index, follow, max-snippet:-1, max-image-preview:large, max-video-preview:-1\" \/>\n<link rel=\"canonical\" href=\"https:\/\/ave-eta-canada.com\/de\/gultigkeit-eta-kanada\/\" \/>\n<meta property=\"og:locale\" content=\"de_DE\" \/>\n<meta property=\"og:type\" content=\"article\" \/>\n<meta property=\"og:title\" content=\"Die G\u00fcltigkeit der kanadischen eTA\" \/>\n<meta property=\"og:description\" content=\"Kanada hat eine elektronische Reisegenehmigung (eTA) eingef\u00fchrt, die vor der Abreise eingeholt werden muss. Wie lange ist diese Genehmigung g\u00fcltig?\" \/>\n<meta property=\"og:url\" content=\"https:\/\/ave-eta-canada.com\/de\/gultigkeit-eta-kanada\/\" \/>\n<meta property=\"og:site_name\" content=\"KANADA VISUM\" \/>\n<meta name=\"twitter:card\" content=\"summary_large_image\" \/>\n<meta name=\"twitter:label1\" content=\"Gesch\u00e4tzte Lesezeit\" \/>\n\t<meta name=\"twitter:data1\" content=\"4\u00a0Minuten\" \/>\n<script type=\"application\/ld+json\" class=\"yoast-schema-graph\">{\"@context\":\"https:\/\/schema.org\",\"@graph\":[{\"@type\":\"WebPage\",\"@id\":\"https:\/\/ave-eta-canada.com\/de\/gultigkeit-eta-kanada\/\",\"url\":\"https:\/\/ave-eta-canada.com\/de\/gultigkeit-eta-kanada\/\",\"name\":\"Die G\u00fcltigkeit der kanadischen eTA\",\"isPartOf\":{\"@id\":\"https:\/\/ave-eta-canada.com\/de\/#website\"},\"datePublished\":\"2022-05-13T21:13:56+00:00\",\"description\":\"Kanada hat eine elektronische Reisegenehmigung (eTA) eingef\u00fchrt, die vor der Abreise eingeholt werden muss. Wie lange ist diese Genehmigung g\u00fcltig?\",\"breadcrumb\":{\"@id\":\"https:\/\/ave-eta-canada.com\/de\/gultigkeit-eta-kanada\/#breadcrumb\"},\"inLanguage\":\"de\",\"potentialAction\":[{\"@type\":\"ReadAction\",\"target\":[\"https:\/\/ave-eta-canada.com\/de\/gultigkeit-eta-kanada\/\"]}]},{\"@type\":\"BreadcrumbList\",\"@id\":\"https:\/\/ave-eta-canada.com\/de\/gultigkeit-eta-kanada\/#breadcrumb\",\"itemListElement\":[{\"@type\":\"ListItem\",\"position\":1,\"name\":\"Home\",\"item\":\"https:\/\/ave-eta-canada.com\/de\/\"},{\"@type\":\"ListItem\",\"position\":2,\"name\":\"Die G\u00fcltigkeit der kanadischen eTA\"}]},{\"@type\":\"WebSite\",\"@id\":\"https:\/\/ave-eta-canada.com\/de\/#website\",\"url\":\"https:\/\/ave-eta-canada.com\/de\/\",\"name\":\"KANADA VISUM\",\"description\":\"Autorisation Voyage Electronique\",\"potentialAction\":[{\"@type\":\"SearchAction\",\"target\":{\"@type\":\"EntryPoint\",\"urlTemplate\":\"https:\/\/ave-eta-canada.com\/de\/?s={search_term_string}\"},\"query-input\":{\"@type\":\"PropertyValueSpecification\",\"valueRequired\":true,\"valueName\":\"search_term_string\"}}],\"inLanguage\":\"de\"}]}<\/script>\n<!-- \/ Yoast SEO plugin. -->","yoast_head_json":{"title":"Die G\u00fcltigkeit der kanadischen eTA","description":"Kanada hat eine elektronische Reisegenehmigung (eTA) eingef\u00fchrt, die vor der Abreise eingeholt werden muss. Wie lange ist diese Genehmigung g\u00fcltig?","robots":{"index":"index","follow":"follow","max-snippet":"max-snippet:-1","max-image-preview":"max-image-preview:large","max-video-preview":"max-video-preview:-1"},"canonical":"https:\/\/ave-eta-canada.com\/de\/gultigkeit-eta-kanada\/","og_locale":"de_DE","og_type":"article","og_title":"Die G\u00fcltigkeit der kanadischen eTA","og_description":"Kanada hat eine elektronische Reisegenehmigung (eTA) eingef\u00fchrt, die vor der Abreise eingeholt werden muss. Wie lange ist diese Genehmigung g\u00fcltig?","og_url":"https:\/\/ave-eta-canada.com\/de\/gultigkeit-eta-kanada\/","og_site_name":"KANADA VISUM","twitter_card":"summary_large_image","twitter_misc":{"Gesch\u00e4tzte Lesezeit":"4\u00a0Minuten"},"schema":{"@context":"https:\/\/schema.org","@graph":[{"@type":"WebPage","@id":"https:\/\/ave-eta-canada.com\/de\/gultigkeit-eta-kanada\/","url":"https:\/\/ave-eta-canada.com\/de\/gultigkeit-eta-kanada\/","name":"Die G\u00fcltigkeit der kanadischen eTA","isPartOf":{"@id":"https:\/\/ave-eta-canada.com\/de\/#website"},"datePublished":"2022-05-13T21:13:56+00:00","description":"Kanada hat eine elektronische Reisegenehmigung (eTA) eingef\u00fchrt, die vor der Abreise eingeholt werden muss. Wie lange ist diese Genehmigung g\u00fcltig?","breadcrumb":{"@id":"https:\/\/ave-eta-canada.com\/de\/gultigkeit-eta-kanada\/#breadcrumb"},"inLanguage":"de","potentialAction":[{"@type":"ReadAction","target":["https:\/\/ave-eta-canada.com\/de\/gultigkeit-eta-kanada\/"]}]},{"@type":"BreadcrumbList","@id":"https:\/\/ave-eta-canada.com\/de\/gultigkeit-eta-kanada\/#breadcrumb","itemListElement":[{"@type":"ListItem","position":1,"name":"Home","item":"https:\/\/ave-eta-canada.com\/de\/"},{"@type":"ListItem","position":2,"name":"Die G\u00fcltigkeit der kanadischen eTA"}]},{"@type":"WebSite","@id":"https:\/\/ave-eta-canada.com\/de\/#website","url":"https:\/\/ave-eta-canada.com\/de\/","name":"KANADA VISUM","description":"Autorisation Voyage Electronique","potentialAction":[{"@type":"SearchAction","target":{"@type":"EntryPoint","urlTemplate":"https:\/\/ave-eta-canada.com\/de\/?s={search_term_string}"},"query-input":{"@type":"PropertyValueSpecification","valueRequired":true,"valueName":"search_term_string"}}],"inLanguage":"de"}]}},"_links":{"self":[{"href":"https:\/\/ave-eta-canada.com\/de\/wp-json\/wp\/v2\/pages\/1740","targetHints":{"allow":["GET"]}}],"collection":[{"href":"https:\/\/ave-eta-canada.com\/de\/wp-json\/wp\/v2\/pages"}],"about":[{"href":"https:\/\/ave-eta-canada.com\/de\/wp-json\/wp\/v2\/types\/page"}],"author":[{"embeddable":true,"href":"https:\/\/ave-eta-canada.com\/de\/wp-json\/wp\/v2\/users\/1"}],"replies":[{"embeddable":true,"href":"https:\/\/ave-eta-canada.com\/de\/wp-json\/wp\/v2\/comments?post=1740"}],"version-history":[{"count":0,"href":"https:\/\/ave-eta-canada.com\/de\/wp-json\/wp\/v2\/pages\/1740\/revisions"}],"wp:attachment":[{"href":"https:\/\/ave-eta-canada.com\/de\/wp-json\/wp\/v2\/media?parent=1740"}],"curies":[{"name":"wp","href":"https:\/\/api.w.org\/{rel}","templated":true}]}}