{"id":2225,"date":"2022-05-27T17:14:09","date_gmt":"2022-05-27T17:14:09","guid":{"rendered":"https:\/\/ave-eta-canada.com\/privatsphaere-und-datenschutz\/"},"modified":"2022-09-09T16:27:40","modified_gmt":"2022-09-09T16:27:40","slug":"privatsphaere-und-datenschutz","status":"publish","type":"page","link":"https:\/\/ave-eta-canada.com\/de\/privatsphaere-und-datenschutz\/","title":{"rendered":"Privatsph\u00e4re und Datenschutz"},"content":{"rendered":"\n<h1 class=\"wp-block-heading\">Unsere Datenschutzrichtlinie f\u00fcr pers\u00f6nliche Daten<\/h1>\n\n<p>Wir sind eine Informationsseite \u00fcber die notwendigen Formalit\u00e4ten f\u00fcr eine Reise nach Kanada. Wir nehmen die Vertraulichkeit der pers\u00f6nlichen Daten unserer Besucher sehr ernst. Im Folgenden stellen wir Ihnen unsere gesamte Politik zum Schutz personenbezogener Daten vor.<\/p>\n\n<h2 class=\"wp-block-heading\">Das Sammeln von Informationen auf der Seite<\/h2>\n\n<p>Im Folgenden finden Sie eine vollst\u00e4ndige Liste der personenbezogenen Daten, die auf unserer Website erfasst, gespeichert und verwendet werden k\u00f6nnen:<\/p>\n\n<ul class=\"wp-block-list\"><li>In Bezug auf Ihren Computer: Ihre IP-Adresse, Ihren Standort, Ihren Browser, Ihr Betriebssystem ;<\/li><li>In Bezug auf Ihre Navigation auf der Website: die Dauer Ihres Besuchs, die aufgerufenen Seiten, Ihr Navigationspfad ;<\/li><\/ul>\n\n<h2 class=\"wp-block-heading\">Verwendung der gesammelten Daten<\/h2>\n\n<p>Wir geben Ihre pers\u00f6nlichen Informationen unter keinen Umst\u00e4nden an Dritte weiter. Wir verwenden die gesammelten Daten nicht f\u00fcr Direktmarketing oder kommerzielle Zwecke.<\/p>\n\n<h2 class=\"wp-block-heading\">Dauer der Speicherung von Daten<\/h2>\n\n<p>Die gesammelten Daten werden regelm\u00e4\u00dfig gel\u00f6scht, das bedeutet, dass wir keine Inhalte von E-Mails, die uns \u00fcbermittelt wurden, l\u00e4nger als einen Monat aufbewahren. Wir verwenden die Browserdaten nicht zu Marketingzwecken.<\/p>\n\n<p>Aktualisierung der gespeicherten Informationen: Bitte teilen Sie uns mit, wenn Sie m\u00f6chten, dass die pers\u00f6nlichen Informationen, die wir \u00fcber Sie gespeichert haben, w\u00e4hrend der Dauer ihrer Speicherung korrigiert oder aktualisiert werden.<\/p>\n\n<h2 class=\"wp-block-heading\">Sicherheit Ihrer pers\u00f6nlichen Daten<\/h2>\n\n<p>Wir treffen technische Vorkehrungen, um den Diebstahl der in unserer Datenbank enthaltenen personenbezogenen Daten w\u00e4hrend ihrer &#8211; wenn auch begrenzten &#8211; Aufbewahrungsfrist zu verhindern. Wir werden alle \u00fcbermittelten pers\u00f6nlichen Informationen auf unseren sicheren Servern speichern.<\/p>\n\n<h2 class=\"wp-block-heading\">Ihre Rechte in Bezug auf personenbezogene Daten<\/h2>\n\n<p>Sie haben das Recht, uns aufzufordern, Ihnen alle pers\u00f6nlichen Daten, die wir \u00fcber Sie haben, zu \u00fcbermitteln; diese \u00dcbermittlung kann gegen Vorlage eines Identit\u00e4tsnachweises (beglaubigte Passkopie + Rechnung, auf der Ihre Privatadresse angegeben ist) erfolgen.<\/p>\n\n<h2 class=\"wp-block-heading\">Aktualisierung dieser Datenschutzrichtlinie<\/h2>\n\n<p>Regelm\u00e4\u00dfig aktualisieren wir diese Richtlinie. Es ist notwendig, diese Seite bei der Nutzung der Website zu \u00fcberpr\u00fcfen, um \u00c4nderungen in Bezug auf den Schutz pers\u00f6nlicher Daten zu erfahren.<\/p>\n\n<h2 class=\"wp-block-heading\">Kontext-Links zu Websites von Drittanbietern<\/h2>\n\n<p>Unsere Website enth\u00e4lt zahlreiche Hyperlinks, die zu Websites Dritter und Informationen \u00fcber diese Websites f\u00fchren. Wir haben keine Kontrolle \u00fcber diese Websites und sind nicht f\u00fcr ihre Datenschutzrichtlinien oder ihre Gesch\u00e4fts- oder Marketingpraktiken verantwortlich.<\/p>\n\n<h2 class=\"wp-block-heading\">Cookies<\/h2>\n\n<p>Unsere Website verwendet Cookies. Ein Cookie ist eine Datei, die eine Kennung (eine Buchstaben- und Zahlenfolge) enth\u00e4lt, die von einem Webserver an einen Webbrowser gesendet und vom Browser gespeichert wird. Die Kennung wird dann jedes Mal an den Server zur\u00fcckgegeben, wenn der Browser eine Seite vom Server anfordert. Cookies k\u00f6nnen &#8222;dauerhaft&#8220; oder &#8222;sitzungsbezogen&#8220; sein: Ein dauerhaftes Cookie wird vom Browser gespeichert und bleibt bis zu seinem Ablaufdatum g\u00fcltig, sofern es nicht vor diesem Ablaufdatum vom Nutzer gel\u00f6scht wird; ein sitzungsbezogenes Cookie hingegen erlischt am Ende der Nutzersitzung, wenn der Browser geschlossen wird. Cookies enthalten in der Regel keine Informationen, mit denen ein Nutzer pers\u00f6nlich identifiziert werden kann, aber die pers\u00f6nlichen Informationen, die wir \u00fcber Sie speichern, k\u00f6nnen mit den in Cookies gespeicherten und durch Cookies erhaltenen Informationen verkn\u00fcpft werden. Wir verwenden auf unserer Website nur Sitzungscookies und keine dauerhaften Cookies.<\/p>\n","protected":false},"excerpt":{"rendered":"<p>Unsere Datenschutzrichtlinie f\u00fcr pers\u00f6nliche Daten Wir sind eine Informationsseite \u00fcber die notwendigen Formalit\u00e4ten f\u00fcr eine Reise nach Kanada. Wir nehmen die Vertraulichkeit der pers\u00f6nlichen Daten unserer Besucher sehr ernst. Im Folgenden stellen wir Ihnen unsere gesamte Politik zum Schutz personenbezogener Daten vor. Das Sammeln von Informationen auf der Seite Im Folgenden finden Sie eine vollst\u00e4ndige [&hellip;]<\/p>\n","protected":false},"author":1,"featured_media":0,"parent":0,"menu_order":0,"comment_status":"closed","ping_status":"closed","template":"","meta":{"footnotes":""},"class_list":["post-2225","page","type-page","status-publish","hentry"],"yoast_head":"<!-- This site is optimized with the Yoast SEO plugin v26.9 - https:\/\/yoast.com\/product\/yoast-seo-wordpress\/ -->\n<title>Privatsph\u00e4re und Datenschutz<\/title>\n<meta name=\"description\" content=\"Diese Charta ist Bestandteil der Allgemeinen Gesch\u00e4ftsbedingungen, auf dieser Seite finden Sie alle Informationen zur Datenerhebung.\" \/>\n<meta name=\"robots\" content=\"index, follow, max-snippet:-1, max-image-preview:large, max-video-preview:-1\" \/>\n<link rel=\"canonical\" href=\"https:\/\/ave-eta-canada.com\/de\/privatsphaere-und-datenschutz\/\" \/>\n<meta property=\"og:locale\" content=\"de_DE\" \/>\n<meta property=\"og:type\" content=\"article\" \/>\n<meta property=\"og:title\" content=\"Privatsph\u00e4re und Datenschutz\" \/>\n<meta property=\"og:description\" content=\"Diese Charta ist Bestandteil der Allgemeinen Gesch\u00e4ftsbedingungen, auf dieser Seite finden Sie alle Informationen zur Datenerhebung.\" \/>\n<meta property=\"og:url\" content=\"https:\/\/ave-eta-canada.com\/de\/privatsphaere-und-datenschutz\/\" \/>\n<meta property=\"og:site_name\" content=\"KANADA VISUM\" \/>\n<meta property=\"article:modified_time\" content=\"2022-09-09T16:27:40+00:00\" \/>\n<meta name=\"twitter:card\" content=\"summary_large_image\" \/>\n<meta name=\"twitter:label1\" content=\"Gesch\u00e4tzte Lesezeit\" \/>\n\t<meta name=\"twitter:data1\" content=\"3\u00a0Minuten\" \/>\n<script type=\"application\/ld+json\" class=\"yoast-schema-graph\">{\"@context\":\"https:\/\/schema.org\",\"@graph\":[{\"@type\":\"WebPage\",\"@id\":\"https:\/\/ave-eta-canada.com\/de\/privatsphaere-und-datenschutz\/\",\"url\":\"https:\/\/ave-eta-canada.com\/de\/privatsphaere-und-datenschutz\/\",\"name\":\"Privatsph\u00e4re und Datenschutz\",\"isPartOf\":{\"@id\":\"https:\/\/ave-eta-canada.com\/de\/#website\"},\"datePublished\":\"2022-05-27T17:14:09+00:00\",\"dateModified\":\"2022-09-09T16:27:40+00:00\",\"description\":\"Diese Charta ist Bestandteil der Allgemeinen Gesch\u00e4ftsbedingungen, auf dieser Seite finden Sie alle Informationen zur Datenerhebung.\",\"breadcrumb\":{\"@id\":\"https:\/\/ave-eta-canada.com\/de\/privatsphaere-und-datenschutz\/#breadcrumb\"},\"inLanguage\":\"de\",\"potentialAction\":[{\"@type\":\"ReadAction\",\"target\":[\"https:\/\/ave-eta-canada.com\/de\/privatsphaere-und-datenschutz\/\"]}]},{\"@type\":\"BreadcrumbList\",\"@id\":\"https:\/\/ave-eta-canada.com\/de\/privatsphaere-und-datenschutz\/#breadcrumb\",\"itemListElement\":[{\"@type\":\"ListItem\",\"position\":1,\"name\":\"Home\",\"item\":\"https:\/\/ave-eta-canada.com\/de\/\"},{\"@type\":\"ListItem\",\"position\":2,\"name\":\"Privatsph\u00e4re und Datenschutz\"}]},{\"@type\":\"WebSite\",\"@id\":\"https:\/\/ave-eta-canada.com\/de\/#website\",\"url\":\"https:\/\/ave-eta-canada.com\/de\/\",\"name\":\"KANADA VISUM\",\"description\":\"Autorisation Voyage Electronique\",\"potentialAction\":[{\"@type\":\"SearchAction\",\"target\":{\"@type\":\"EntryPoint\",\"urlTemplate\":\"https:\/\/ave-eta-canada.com\/de\/?s={search_term_string}\"},\"query-input\":{\"@type\":\"PropertyValueSpecification\",\"valueRequired\":true,\"valueName\":\"search_term_string\"}}],\"inLanguage\":\"de\"}]}<\/script>\n<!-- \/ Yoast SEO plugin. -->","yoast_head_json":{"title":"Privatsph\u00e4re und Datenschutz","description":"Diese Charta ist Bestandteil der Allgemeinen Gesch\u00e4ftsbedingungen, auf dieser Seite finden Sie alle Informationen zur Datenerhebung.","robots":{"index":"index","follow":"follow","max-snippet":"max-snippet:-1","max-image-preview":"max-image-preview:large","max-video-preview":"max-video-preview:-1"},"canonical":"https:\/\/ave-eta-canada.com\/de\/privatsphaere-und-datenschutz\/","og_locale":"de_DE","og_type":"article","og_title":"Privatsph\u00e4re und Datenschutz","og_description":"Diese Charta ist Bestandteil der Allgemeinen Gesch\u00e4ftsbedingungen, auf dieser Seite finden Sie alle Informationen zur Datenerhebung.","og_url":"https:\/\/ave-eta-canada.com\/de\/privatsphaere-und-datenschutz\/","og_site_name":"KANADA VISUM","article_modified_time":"2022-09-09T16:27:40+00:00","twitter_card":"summary_large_image","twitter_misc":{"Gesch\u00e4tzte Lesezeit":"3\u00a0Minuten"},"schema":{"@context":"https:\/\/schema.org","@graph":[{"@type":"WebPage","@id":"https:\/\/ave-eta-canada.com\/de\/privatsphaere-und-datenschutz\/","url":"https:\/\/ave-eta-canada.com\/de\/privatsphaere-und-datenschutz\/","name":"Privatsph\u00e4re und Datenschutz","isPartOf":{"@id":"https:\/\/ave-eta-canada.com\/de\/#website"},"datePublished":"2022-05-27T17:14:09+00:00","dateModified":"2022-09-09T16:27:40+00:00","description":"Diese Charta ist Bestandteil der Allgemeinen Gesch\u00e4ftsbedingungen, auf dieser Seite finden Sie alle Informationen zur Datenerhebung.","breadcrumb":{"@id":"https:\/\/ave-eta-canada.com\/de\/privatsphaere-und-datenschutz\/#breadcrumb"},"inLanguage":"de","potentialAction":[{"@type":"ReadAction","target":["https:\/\/ave-eta-canada.com\/de\/privatsphaere-und-datenschutz\/"]}]},{"@type":"BreadcrumbList","@id":"https:\/\/ave-eta-canada.com\/de\/privatsphaere-und-datenschutz\/#breadcrumb","itemListElement":[{"@type":"ListItem","position":1,"name":"Home","item":"https:\/\/ave-eta-canada.com\/de\/"},{"@type":"ListItem","position":2,"name":"Privatsph\u00e4re und Datenschutz"}]},{"@type":"WebSite","@id":"https:\/\/ave-eta-canada.com\/de\/#website","url":"https:\/\/ave-eta-canada.com\/de\/","name":"KANADA VISUM","description":"Autorisation Voyage Electronique","potentialAction":[{"@type":"SearchAction","target":{"@type":"EntryPoint","urlTemplate":"https:\/\/ave-eta-canada.com\/de\/?s={search_term_string}"},"query-input":{"@type":"PropertyValueSpecification","valueRequired":true,"valueName":"search_term_string"}}],"inLanguage":"de"}]}},"_links":{"self":[{"href":"https:\/\/ave-eta-canada.com\/de\/wp-json\/wp\/v2\/pages\/2225","targetHints":{"allow":["GET"]}}],"collection":[{"href":"https:\/\/ave-eta-canada.com\/de\/wp-json\/wp\/v2\/pages"}],"about":[{"href":"https:\/\/ave-eta-canada.com\/de\/wp-json\/wp\/v2\/types\/page"}],"author":[{"embeddable":true,"href":"https:\/\/ave-eta-canada.com\/de\/wp-json\/wp\/v2\/users\/1"}],"replies":[{"embeddable":true,"href":"https:\/\/ave-eta-canada.com\/de\/wp-json\/wp\/v2\/comments?post=2225"}],"version-history":[{"count":0,"href":"https:\/\/ave-eta-canada.com\/de\/wp-json\/wp\/v2\/pages\/2225\/revisions"}],"wp:attachment":[{"href":"https:\/\/ave-eta-canada.com\/de\/wp-json\/wp\/v2\/media?parent=2225"}],"curies":[{"name":"wp","href":"https:\/\/api.w.org\/{rel}","templated":true}]}}