{"id":3923,"date":"2023-02-09T10:18:36","date_gmt":"2023-02-09T10:18:36","guid":{"rendered":"https:\/\/ave-eta-canada.com\/arrivecan-canada\/"},"modified":"2025-10-09T09:11:01","modified_gmt":"2025-10-09T09:11:01","slug":"arrivecan-canada","status":"publish","type":"page","link":"https:\/\/ave-eta-canada.com\/de\/arrivecan-canada\/","title":{"rendered":"ArriveCAN Kanada Online-Formular"},"content":{"rendered":"\n<h1 class=\"wp-block-heading\">ArriveCAN Kanada<\/h1>\n\n<h2 class=\"wp-block-heading\">Was ist ArriveCAN?<\/h2>\n\n<p>ArriveCAN ist eine Online-Anwendung und ein Online-Dienst, der von der kanadischen Regierung entwickelt wurde. Sie erm\u00f6glicht es Reisenden, die nach Kanada einreisen, ihre COVID-19-bezogenen Informationen einzureichen: Quarant\u00e4neplan, Impfstatus und Testergebnisse. <\/p>\n\n<p>Seit Mai 2023 <strong>ist ArriveCAN keine Pflichtformalit\u00e4t mehr<\/strong>. Die Notwendigkeit, eine Reisegenehmigung f\u00fcr Kanada wie z. B. ein kanadisches Visum zu erhalten, bleibt bestehen.   <\/p>\n\n<p><strong>F\u00fcr einen Aufenthalt von weniger als 6 Monaten<\/strong> ist kein Touristenvisum f\u00fcr die Einreise nach Kanada erforderlich. Beantragen Sie einfach in wenigen Minuten online eine Reisegenehmigung, indem Sie auf <a href=\"https:\/\/ave-eta-canada.com\/de\/ave-kanada-online-formular\/\">Online-Formular<\/a> klicken. <\/p>\n\n<div style=\"height:20px\" aria-hidden=\"true\" class=\"wp-block-spacer\"><\/div>\n\n<h2 class=\"wp-block-heading\">Wann ArriveCAN ausf\u00fcllen?  <\/h2>\n\n<p>Reisende k\u00f6nnen ArriveCAN innerhalb von 72 Stunden vor ihrer Ankunft in Kanada ausf\u00fcllen. Es ist wichtig, aktuelle und genaue Informationen einzureichen, um den Einreiseprozess in das Land zu erleichtern. <\/p>\n\n<h2 class=\"wp-block-heading\">Wie f\u00fcllt man ArriveCAN aus?  <\/h2>\n\n<p>Um ArriveCAN auszuf\u00fcllen, laden Sie die App auf Ihr Smartphone herunter oder greifen Sie auf den Online-Dienst zu. Erstellen Sie ein Konto und folgen Sie den Anweisungen, um die erforderlichen Informationen anzugeben. Sie m\u00fcssen Details wie Ihre Reiseroute, Ihren Impfstatus und ggf. einen geeigneten Quarant\u00e4neplan einreichen.  <\/p>\n\n<h2 class=\"wp-block-heading\">Wer muss ArriveCAN ausf\u00fcllen?  <\/h2>\n\n<p>Dieses Zollverfahren kann von Reisenden genutzt werden, die nach Kanada einreisen, unabh\u00e4ngig davon, ob sie Kanadier, dauerhaft ans\u00e4ssig oder Ausl\u00e4nder sind. Dies schlie\u00dft Erwachsene und Minderj\u00e4hrige ein, obwohl Eltern oder Erziehungsberechtigte ArriveCAN f\u00fcr Kinder unter 16 Jahren ausf\u00fcllen k\u00f6nnen. <\/p>\n\n<h2 class=\"wp-block-heading\">Wie hoch ist der Preis von ArriveCAN?  <\/h2>\n\n<p>ArriveCAN ist ein kostenloser Dienst, der von der Regierung Kanadas angeboten wird. Es fallen keine Geb\u00fchren f\u00fcr das Herunterladen der Anwendung oder die Nutzung des Online-Dienstes an. <\/p>\n\n<h2 class=\"wp-block-heading\">Wie kann man ArriveCAN herunterladen?  <\/h2>\n\n<p>ArriveCAN ist als App f\u00fcr Android- und iOS-Smartphones verf\u00fcgbar. Sie k\u00f6nnen sie aus dem Google Play Store f\u00fcr Android-Ger\u00e4te oder aus dem App Store f\u00fcr iOS-Ger\u00e4te herunterladen. Sie k\u00f6nnen auch \u00fcber einen Webbrowser auf ArriveCAN zugreifen, indem Sie die Website der <a href=\"https:\/\/www.canada.ca\/fr\/agence-services-frontaliers\/services\/arrivecan.html\">kanadischen Regierung<\/a> besuchen.  <\/p>\n\n<h2 class=\"wp-block-heading\">Ist ArriveCAN obligatorisch?  <\/h2>\n\n<p>Nein, ArriveCAN ist seit Mai 2023 nicht mehr verpflichtend f\u00fcr Reisende, die nach Kanada einreisen.  <\/p>\n\n<h2 class=\"wp-block-heading\">Muss ich ArriveCAN ausf\u00fcllen, um einen Transit nach Kanada durchzuf\u00fchren?  <\/h2>\n\n<p>Nein, Transitreisende durch Kanada m\u00fcssen ArriveCAN nicht mehr ausf\u00fcllen. Sie k\u00f6nnen dies jedoch tun, und Die eingereichten Informationen werden den Transitprozess erleichtern und den kanadischen Beh\u00f6rden helfen, die Sicherheit von Reisenden und Einwohnern zu gew\u00e4hrleisten. <\/p>\n\n<h2 class=\"wp-block-heading\">Logo der ArriveCAN-Apps im App Store und bei Google Play<\/h2>\n\n<p>Dies ist das Logo der ArriveCAN-Anwendung. Die App kann kostenlos im App Store von Apple und im Google Play Store heruntergeladen werden. <\/p>\n\n<figure class=\"wp-block-image size-full\" id=\"ArriveCAN-app\"><img fetchpriority=\"high\" decoding=\"async\" width=\"668\" height=\"407\" src=\"https:\/\/ave-eta-canada.com\/wp-content\/uploads\/2023\/04\/ArriveCAN-app.webp\" alt=\"ArriveCAN Anwendung\" class=\"wp-image-4897\" title=\"ArriveCAN Anwendung\" srcset=\"https:\/\/ave-eta-canada.com\/wp-content\/uploads\/2023\/04\/ArriveCAN-app.webp 668w, https:\/\/ave-eta-canada.com\/wp-content\/uploads\/2023\/04\/ArriveCAN-app-300x183.webp 300w\" sizes=\"(max-width: 668px) 100vw, 668px\" \/><\/figure>\n","protected":false},"excerpt":{"rendered":"<p>ArriveCAN Kanada Was ist ArriveCAN? ArriveCAN ist eine Online-Anwendung und ein Online-Dienst, der von der kanadischen Regierung entwickelt wurde. Sie erm\u00f6glicht es Reisenden, die nach Kanada einreisen, ihre COVID-19-bezogenen Informationen einzureichen: Quarant\u00e4neplan, Impfstatus und Testergebnisse. Seit Mai 2023 ist ArriveCAN keine Pflichtformalit\u00e4t mehr. Die Notwendigkeit, eine Reisegenehmigung f\u00fcr Kanada wie z. B. ein kanadisches Visum [&hellip;]<\/p>\n","protected":false},"author":1,"featured_media":0,"parent":0,"menu_order":0,"comment_status":"closed","ping_status":"closed","template":"","meta":{"footnotes":""},"class_list":["post-3923","page","type-page","status-publish","hentry"],"yoast_head":"<!-- This site is optimized with the Yoast SEO plugin v26.9 - https:\/\/yoast.com\/product\/yoast-seo-wordpress\/ -->\n<title>ArriveCAN Kanada Online-Formular<\/title>\n<meta name=\"description\" content=\"Arrivecan ist die Reiseinformationsanwendung der kanadischen Regierung. Reisende, die nach Kanada einreisen, m\u00fcssen sich anmelden\" \/>\n<meta name=\"robots\" content=\"index, follow, max-snippet:-1, max-image-preview:large, max-video-preview:-1\" \/>\n<link rel=\"canonical\" href=\"https:\/\/ave-eta-canada.com\/de\/arrivecan-canada\/\" \/>\n<meta property=\"og:locale\" content=\"de_DE\" \/>\n<meta property=\"og:type\" content=\"article\" \/>\n<meta property=\"og:title\" content=\"ArriveCAN Kanada Online-Formular\" \/>\n<meta property=\"og:description\" content=\"Arrivecan ist die Reiseinformationsanwendung der kanadischen Regierung. Reisende, die nach Kanada einreisen, m\u00fcssen sich anmelden\" \/>\n<meta property=\"og:url\" content=\"https:\/\/ave-eta-canada.com\/de\/arrivecan-canada\/\" \/>\n<meta property=\"og:site_name\" content=\"KANADA VISUM\" \/>\n<meta property=\"article:modified_time\" content=\"2025-10-09T09:11:01+00:00\" \/>\n<meta property=\"og:image\" content=\"https:\/\/ave-eta-canada.com\/wp-content\/uploads\/2023\/04\/ArriveCAN-app.webp\" \/>\n\t<meta property=\"og:image:width\" content=\"668\" \/>\n\t<meta property=\"og:image:height\" content=\"407\" \/>\n\t<meta property=\"og:image:type\" content=\"image\/webp\" \/>\n<meta name=\"twitter:card\" content=\"summary_large_image\" \/>\n<meta name=\"twitter:label1\" content=\"Gesch\u00e4tzte Lesezeit\" \/>\n\t<meta name=\"twitter:data1\" content=\"2\u00a0Minuten\" \/>\n<script type=\"application\/ld+json\" class=\"yoast-schema-graph\">{\"@context\":\"https:\/\/schema.org\",\"@graph\":[{\"@type\":\"WebPage\",\"@id\":\"https:\/\/ave-eta-canada.com\/de\/arrivecan-canada\/\",\"url\":\"https:\/\/ave-eta-canada.com\/de\/arrivecan-canada\/\",\"name\":\"ArriveCAN Kanada Online-Formular\",\"isPartOf\":{\"@id\":\"https:\/\/ave-eta-canada.com\/de\/#website\"},\"primaryImageOfPage\":{\"@id\":\"https:\/\/ave-eta-canada.com\/de\/arrivecan-canada\/#primaryimage\"},\"image\":{\"@id\":\"https:\/\/ave-eta-canada.com\/de\/arrivecan-canada\/#primaryimage\"},\"thumbnailUrl\":\"https:\/\/ave-eta-canada.com\/wp-content\/uploads\/2023\/04\/ArriveCAN-app.webp\",\"datePublished\":\"2023-02-09T10:18:36+00:00\",\"dateModified\":\"2025-10-09T09:11:01+00:00\",\"description\":\"Arrivecan ist die Reiseinformationsanwendung der kanadischen Regierung. Reisende, die nach Kanada einreisen, m\u00fcssen sich anmelden\",\"breadcrumb\":{\"@id\":\"https:\/\/ave-eta-canada.com\/de\/arrivecan-canada\/#breadcrumb\"},\"inLanguage\":\"de\",\"potentialAction\":[{\"@type\":\"ReadAction\",\"target\":[\"https:\/\/ave-eta-canada.com\/de\/arrivecan-canada\/\"]}]},{\"@type\":\"ImageObject\",\"inLanguage\":\"de\",\"@id\":\"https:\/\/ave-eta-canada.com\/de\/arrivecan-canada\/#primaryimage\",\"url\":\"https:\/\/ave-eta-canada.com\/wp-content\/uploads\/2023\/04\/ArriveCAN-app.webp\",\"contentUrl\":\"https:\/\/ave-eta-canada.com\/wp-content\/uploads\/2023\/04\/ArriveCAN-app.webp\"},{\"@type\":\"BreadcrumbList\",\"@id\":\"https:\/\/ave-eta-canada.com\/de\/arrivecan-canada\/#breadcrumb\",\"itemListElement\":[{\"@type\":\"ListItem\",\"position\":1,\"name\":\"Home\",\"item\":\"https:\/\/ave-eta-canada.com\/de\/\"},{\"@type\":\"ListItem\",\"position\":2,\"name\":\"ArriveCAN Kanada Online-Formular\"}]},{\"@type\":\"WebSite\",\"@id\":\"https:\/\/ave-eta-canada.com\/de\/#website\",\"url\":\"https:\/\/ave-eta-canada.com\/de\/\",\"name\":\"KANADA VISUM\",\"description\":\"Autorisation Voyage Electronique\",\"potentialAction\":[{\"@type\":\"SearchAction\",\"target\":{\"@type\":\"EntryPoint\",\"urlTemplate\":\"https:\/\/ave-eta-canada.com\/de\/?s={search_term_string}\"},\"query-input\":{\"@type\":\"PropertyValueSpecification\",\"valueRequired\":true,\"valueName\":\"search_term_string\"}}],\"inLanguage\":\"de\"}]}<\/script>\n<!-- \/ Yoast SEO plugin. -->","yoast_head_json":{"title":"ArriveCAN Kanada Online-Formular","description":"Arrivecan ist die Reiseinformationsanwendung der kanadischen Regierung. Reisende, die nach Kanada einreisen, m\u00fcssen sich anmelden","robots":{"index":"index","follow":"follow","max-snippet":"max-snippet:-1","max-image-preview":"max-image-preview:large","max-video-preview":"max-video-preview:-1"},"canonical":"https:\/\/ave-eta-canada.com\/de\/arrivecan-canada\/","og_locale":"de_DE","og_type":"article","og_title":"ArriveCAN Kanada Online-Formular","og_description":"Arrivecan ist die Reiseinformationsanwendung der kanadischen Regierung. Reisende, die nach Kanada einreisen, m\u00fcssen sich anmelden","og_url":"https:\/\/ave-eta-canada.com\/de\/arrivecan-canada\/","og_site_name":"KANADA VISUM","article_modified_time":"2025-10-09T09:11:01+00:00","og_image":[{"width":668,"height":407,"url":"https:\/\/ave-eta-canada.com\/wp-content\/uploads\/2023\/04\/ArriveCAN-app.webp","type":"image\/webp"}],"twitter_card":"summary_large_image","twitter_misc":{"Gesch\u00e4tzte Lesezeit":"2\u00a0Minuten"},"schema":{"@context":"https:\/\/schema.org","@graph":[{"@type":"WebPage","@id":"https:\/\/ave-eta-canada.com\/de\/arrivecan-canada\/","url":"https:\/\/ave-eta-canada.com\/de\/arrivecan-canada\/","name":"ArriveCAN Kanada Online-Formular","isPartOf":{"@id":"https:\/\/ave-eta-canada.com\/de\/#website"},"primaryImageOfPage":{"@id":"https:\/\/ave-eta-canada.com\/de\/arrivecan-canada\/#primaryimage"},"image":{"@id":"https:\/\/ave-eta-canada.com\/de\/arrivecan-canada\/#primaryimage"},"thumbnailUrl":"https:\/\/ave-eta-canada.com\/wp-content\/uploads\/2023\/04\/ArriveCAN-app.webp","datePublished":"2023-02-09T10:18:36+00:00","dateModified":"2025-10-09T09:11:01+00:00","description":"Arrivecan ist die Reiseinformationsanwendung der kanadischen Regierung. Reisende, die nach Kanada einreisen, m\u00fcssen sich anmelden","breadcrumb":{"@id":"https:\/\/ave-eta-canada.com\/de\/arrivecan-canada\/#breadcrumb"},"inLanguage":"de","potentialAction":[{"@type":"ReadAction","target":["https:\/\/ave-eta-canada.com\/de\/arrivecan-canada\/"]}]},{"@type":"ImageObject","inLanguage":"de","@id":"https:\/\/ave-eta-canada.com\/de\/arrivecan-canada\/#primaryimage","url":"https:\/\/ave-eta-canada.com\/wp-content\/uploads\/2023\/04\/ArriveCAN-app.webp","contentUrl":"https:\/\/ave-eta-canada.com\/wp-content\/uploads\/2023\/04\/ArriveCAN-app.webp"},{"@type":"BreadcrumbList","@id":"https:\/\/ave-eta-canada.com\/de\/arrivecan-canada\/#breadcrumb","itemListElement":[{"@type":"ListItem","position":1,"name":"Home","item":"https:\/\/ave-eta-canada.com\/de\/"},{"@type":"ListItem","position":2,"name":"ArriveCAN Kanada Online-Formular"}]},{"@type":"WebSite","@id":"https:\/\/ave-eta-canada.com\/de\/#website","url":"https:\/\/ave-eta-canada.com\/de\/","name":"KANADA VISUM","description":"Autorisation Voyage Electronique","potentialAction":[{"@type":"SearchAction","target":{"@type":"EntryPoint","urlTemplate":"https:\/\/ave-eta-canada.com\/de\/?s={search_term_string}"},"query-input":{"@type":"PropertyValueSpecification","valueRequired":true,"valueName":"search_term_string"}}],"inLanguage":"de"}]}},"_links":{"self":[{"href":"https:\/\/ave-eta-canada.com\/de\/wp-json\/wp\/v2\/pages\/3923","targetHints":{"allow":["GET"]}}],"collection":[{"href":"https:\/\/ave-eta-canada.com\/de\/wp-json\/wp\/v2\/pages"}],"about":[{"href":"https:\/\/ave-eta-canada.com\/de\/wp-json\/wp\/v2\/types\/page"}],"author":[{"embeddable":true,"href":"https:\/\/ave-eta-canada.com\/de\/wp-json\/wp\/v2\/users\/1"}],"replies":[{"embeddable":true,"href":"https:\/\/ave-eta-canada.com\/de\/wp-json\/wp\/v2\/comments?post=3923"}],"version-history":[{"count":2,"href":"https:\/\/ave-eta-canada.com\/de\/wp-json\/wp\/v2\/pages\/3923\/revisions"}],"predecessor-version":[{"id":6287,"href":"https:\/\/ave-eta-canada.com\/de\/wp-json\/wp\/v2\/pages\/3923\/revisions\/6287"}],"wp:attachment":[{"href":"https:\/\/ave-eta-canada.com\/de\/wp-json\/wp\/v2\/media?parent=3923"}],"curies":[{"name":"wp","href":"https:\/\/api.w.org\/{rel}","templated":true}]}}