{"id":927,"date":"2020-04-25T12:24:35","date_gmt":"2020-04-25T12:24:35","guid":{"rendered":"https:\/\/ave-eta-canada.com\/whp-kanada-kommentar-obtenir-sohn-permis-vakanzen-muehe\/"},"modified":"2022-05-16T12:15:38","modified_gmt":"2022-05-16T12:15:38","slug":"whp-kanada-kommentar-obtenir-sohn-permis-vakanzen-muehe","status":"publish","type":"page","link":"https:\/\/ave-eta-canada.com\/de\/whp-kanada-kommentar-obtenir-sohn-permis-vakanzen-muehe\/","title":{"rendered":"PVT Kanada: Wie erhalten Sie Ihre Working-Holiday-Genehmigung?"},"content":{"rendered":"\n<h1 class=\"wp-block-heading\">WHV Kanada: Genehmigung zur Einreise nach Kanada<\/h1>\n\n<p><strong>Bei einem Aufenthalt von weniger als 6 Monaten in Kanada<\/strong> : Sie k\u00f6nnen die Formalit\u00e4ten f\u00fcr die Einreise nach Kanada direkt \u00fcber das Internet erledigen, indem Sie auf das <a href=\"https:\/\/ave-eta-canada.com\/de\/ave-kanada-online-formular\/\">Online-Formular<\/a> klicken. Es ist nicht erforderlich, einen Termin bei der kanadischen Botschaft oder dem kanadischen Konsulat zu vereinbaren.<\/p>\n\n<p>Tr\u00e4umen Sie davon, Kanada zu entdecken und gleichzeitig die M\u00f6glichkeit zu haben, Gelegenheitsjobs zu erledigen, um Ihre Erkundung zu finanzieren? Das Working Holiday Programm (WHV Canada) ist genau das Richtige f\u00fcr Sie.<\/p>\n\n<p>Dieses Programm, auch Working Holiday Visa (WHV) genannt, erm\u00f6glicht es Tausenden von jungen Menschen zwischen 18 und 35 Jahren, jedes Jahr den Sprung zu wagen und in das Land der Poutine zu fliegen, um eine unvergessliche berufliche und menschliche Erfahrung zu machen. Wir erkl\u00e4ren Ihnen die wichtigsten Informationen zum kanadischen PVT.<\/p>\n\n<h2 class=\"wp-block-heading\">Was ist PVT Kanada?<\/h2>\n\n<p>Das PVT Canada ist ein Programm f\u00fcr junge Menschen im Alter von 18 bis 35 Jahren, die sich f\u00fcr einen Zeitraum von bis zu maximal 24 Monaten in Kanada aufhalten m\u00f6chten. Kanada ist nicht das einzige Land, das ein PVT anbietet, aber es ist mit dem PVT Australien sicherlich eines der gefragtesten.<\/p>\n\n<p>Konkret k\u00f6nnen Inhaber eines Working-Holiday-Visums in der Regel bis zu einem Jahr in einem Land, zwei Jahre in Kanada (G\u00fcltigkeitsdauer abh\u00e4ngig von bilateralen Abkommen zwischen den einzelnen L\u00e4ndern) bleiben und dort arbeiten, um ihre Reise zu finanzieren. Einen Job zu finden ist an sich keine Pflicht, kann aber eine willkommene Hilfe bei der Finanzierung der Reise sein. <\/p>\n\n<p>Es ist auch nicht notwendig, vor der Abreise einen Job zu finden, aber es ist notwendig, zumindest zu Beginn der Reise \u00fcber ausreichende finanzielle Mittel zu verf\u00fcgen, um sich selbst zu ern\u00e4hren ($2.500 CAN). <\/p>\n\n<p>Die PVT Canada ist seit einiger Zeit Opfer ihres eigenen Erfolgs und die Anzahl der Antr\u00e4ge \u00fcbersteigt die von der kanadischen Regierung festgelegten Quoten. Die Vergabe erfolgt nun per Losverfahren in einer Reihe von Einladungsrunden.<\/p>\n\n<p>Die PVTisten m\u00fcssen sich also mit Geduld wappnen und hoffen, per Los ausgelost zu werden, um im Rahmen des kanadischen PVT f\u00fcr einen Aufenthalt in Kanada aufbrechen zu k\u00f6nnen.<\/p>\n\n<h2 class=\"wp-block-heading\">Wie erhalte ich eine kanadische PVT?<\/h2>\n\n<h3 class=\"wp-block-heading\">Teilnahmebedingungen<\/h3>\n\n<p>Das von der kanadischen Regierung angebotene Working-Holiday-Programm richtet sich nur an Staatsangeh\u00f6rige im Alter von 18 bis 35 Jahren aus einem Land, das ein Abkommen mit Kanada im Rahmen des IEC-Programms (International Experience Canada) unterzeichnet hat.<\/p>\n\n<p>Ein f\u00fcr die gesamte Dauer des PVT Canada g\u00fcltiger Reisepass ist nat\u00fcrlich erforderlich.<\/p>\n\n<p>Sie m\u00fcssen auch \u00fcber die notwendigen Mittel verf\u00fcgen, um sich in den ersten Monaten Ihres Aufenthalts selbst zu versorgen (CAN $ 2.500). Ein Hin- und R\u00fcckflugticket (oder ein Flugticket au\u00dferhalb des Hoheitsgebiets) ist obligatorisch, es sei denn, Sie k\u00f6nnen nachweisen, dass Sie \u00fcber zus\u00e4tzliche Mittel verf\u00fcgen.<\/p>\n\n<h3 class=\"wp-block-heading\">Verfahren zur Erlangung eines PVT Canada<\/h3>\n\n<p>Sobald Sie sicher sind, dass Sie die Zulassungskriterien erf\u00fcllen, m\u00fcssen Sie ein IEC-Kandidatenprofil erstellen, indem Sie einen Fragebogen ausf\u00fcllen. Die gegebenen Antworten bestimmen, in welchen \u201ePool\u201c Ihre Bewerbung eingeordnet wird:<\/p>\n\n<ul class=\"wp-block-list\"><li>das PVT-Becken;<\/li><li>der Nachwuchspool;<\/li><li>der Coop Praktikumspool.<\/li><\/ul>\n\n<p>Anschlie\u00dfend werden die Profile studiert und die Kandidaten in Einladungsrunden ausgelost. In jeder Runde werden mehrere Personen ausgelost, bis die festgelegte Quote erreicht ist, die sich auf 7.150 franz\u00f6sische Teilnehmer f\u00fcr das Jahr 2019 bel\u00e4uft.<\/p>\n\n<p>Wenn Sie das Gl\u00fcck haben, ausgew\u00e4hlt zu werden, erhalten Sie eine Einladung zur Beantragung einer Arbeitserlaubnis. Sie haben 10 Tage Zeit, um diese Einladung anzunehmen. Sobald die Einladung angenommen wurde, haben Sie 20 Tage Zeit, um Ihren Vorgang abzuschlie\u00dfen.<\/p>\n\n<p>Ihrer Bewerbung m\u00fcssen mehrere Dokumente beigef\u00fcgt werden, darunter:<\/p>\n\n<ul class=\"wp-block-list\"><li>eine Kopie Ihres Reisepasses;<\/li><li>Ein Identit\u00e4tsfoto;<\/li><li>Ihr Lebenslauf ;<\/li><li>ein Strafregisterauszug (in bestimmten F\u00e4llen);<\/li><li>ein \u00e4rztliches Attest (in bestimmten F\u00e4llen).<\/li><\/ul>\n\n<p>Sie m\u00fcssen dann die Geb\u00fchren f\u00fcr die Verwaltung Ihrer Akte (CAN$150) und f\u00fcr die Ausstellung Ihrer \u201eoffenen\u201c Arbeitserlaubnis (CAN$100) bezahlen.<\/p>\n\n<p>Sobald die Geb\u00fchren bezahlt wurden, werden Sie gebeten, Ihre biometrischen Daten innerhalb von 30 Tagen bereitzustellen. Dazu m\u00fcssen Sie zu einer offiziellen Sammelstelle namens \u201eVisa Application Center (VAC)\u201c gehen. Ihnen wird mitgeteilt, wo sich das n\u00e4chste VAC befindet.<\/p>\n\n<p>Sobald Ihr Antrag genehmigt wurde, wird Ihnen ein Einf\u00fchrungsschreiben am Einreisehafen zugesandt. Dieses Schreiben muss dem kanadischen Zollbeamten bei Ihrer Ankunft vorgelegt werden.<\/p>\n\n<h3 class=\"wp-block-heading\">Verpflichtungen zu respektieren<\/h3>\n\n<p>Eine Versicherungsbescheinigung f\u00fcr den gesamten Aufenthalt muss vorgelegt werden. Der Abschluss einer Reiseversicherung ist Pflicht, denn Arztkosten und R\u00fcckf\u00fchrungskosten k\u00f6nnen \u00fcber den Atlantik schnell pharaonisch werden. Bitte beachten Sie, wenn Ihre Versicherung nicht die gesamte G\u00fcltigkeitsdauer Ihres PVT Canada abdeckt, wird diese entsprechend gek\u00fcrzt.<\/p>\n\n<p>Vor kurzem hat Kanada <a href=\"https:\/\/ave-eta-canada.com\/de\/lexikon-alle-definitionen-rund-um-eta-canada\/\">eine elektronische Reisegenehmigung<\/a> (eTA) f\u00fcr Reisende eingef\u00fchrt, die mit dem Flugzeug nach Kanada reisen. Diese Genehmigung ist f\u00fcr die betroffenen Reisenden, beispielsweise die Pvtistes, obligatorisch. Bei letzterem wird die <a href=\"https:\/\/ave-eta-canada.com\/de\/\">eTA<\/a> in der Regel ohne Antragstellung automatisch mit dem Reisepass verkn\u00fcpft. Wir empfehlen Ihnen dennoch, vor Ihrer Abreise zu pr\u00fcfen, ob Sie <a href=\"https:\/\/ave-eta-canada.com\/de\/stellen-sie-einen-offiziellen-antrag-von-eta-canada\/\">eine eTA beantragen<\/a> m\u00fcssen oder nicht.<\/p>\n\n<h2 class=\"wp-block-heading\">Arbeit finden in Kanada<\/h2>\n\n<p>Sobald Sie in Kanada sind, k\u00f6nnen Sie in jedem Bereich nach Arbeit suchen. Tats\u00e4chlich hat WHP Kanada im Gegensatz zu anderen L\u00e4ndern fast keine Arbeitsplatz- oder Zeitbeschr\u00e4nkungen.<\/p>\n\n<p>Sicherlich m\u00fcssen Sie vor Ort ein Bankkonto er\u00f6ffnen, um Ihr Gehalt in Kanadischen Dollar zu erhalten und einige Formalit\u00e4ten zu erledigen.<\/p>\n\n<p>Du hast auch die M\u00f6glichkeit, dich in Programmen wie Helpx oder Wwoofing der internationalen Freiwilligenarbeit zuzuwenden, um die Welt des \u00f6kologischen Landbaus zu entdecken, w\u00e4hrend du versorgt und untergebracht wirst.<\/p>\n\n<p>Kanada gilt unter Berufseinsteigern als Eldorado. Obwohl der Arbeitsmarkt dort dynamisch ist, m\u00fcssen Sie sich dennoch anstrengen, um in Kanada einen Job zu finden und sich an ein neues Umfeld anzupassen, da der Wettbewerb zwischen den Pvtistes hart ist. Vergessen Sie nicht, Ihren Lebenslauf f\u00fcr mehr Effizienz auf kanadische Standards umzustellen.<\/p>\n\n<p>Die Erfahrungsberichte von Personen, die dieses Programm genutzt haben, sind \u00fcberwiegend positiv. Das Entdecken einer neuen Kultur und das Verlassen der Komfortzone kann f\u00fcr die Entwicklung einer Person nur von Vorteil sein.<\/p>\n\n<p>Eine solche Erfahrung kann Sie sogar dazu bringen, bestimmte Entscheidungen zu \u00fcberdenken und warum nicht ein st\u00e4ndiger Wohnsitz in Kanada oder anderswo zu werden. Gute Reise<\/p>\n","protected":false},"excerpt":{"rendered":"<p>WHV Kanada: Genehmigung zur Einreise nach Kanada Bei einem Aufenthalt von weniger als 6 Monaten in Kanada : Sie k\u00f6nnen die Formalit\u00e4ten f\u00fcr die Einreise nach Kanada direkt \u00fcber das Internet erledigen, indem Sie auf das Online-Formular klicken. Es ist nicht erforderlich, einen Termin bei der kanadischen Botschaft oder dem kanadischen Konsulat zu vereinbaren. Tr\u00e4umen [&hellip;]<\/p>\n","protected":false},"author":1,"featured_media":0,"parent":0,"menu_order":0,"comment_status":"closed","ping_status":"closed","template":"","meta":{"footnotes":""},"class_list":["post-927","page","type-page","status-publish","hentry"],"yoast_head":"<!-- This site is optimized with the Yoast SEO plugin v26.9 - https:\/\/yoast.com\/product\/yoast-seo-wordpress\/ -->\n<title>PVT Kanada: Wie erhalten Sie Ihre Working-Holiday-Genehmigung?<\/title>\n<meta name=\"description\" content=\"Gehen Sie als Teil des PVT Kanada-Programms, um dieses gro\u00dfartige Land zu erkunden und gleichzeitig die M\u00f6glichkeit zu haben, Ihre Reise durch Arbeit zu finanzieren.\" \/>\n<meta name=\"robots\" content=\"index, follow, max-snippet:-1, max-image-preview:large, max-video-preview:-1\" \/>\n<link rel=\"canonical\" href=\"https:\/\/ave-eta-canada.com\/de\/whp-kanada-kommentar-obtenir-sohn-permis-vakanzen-muehe\/\" \/>\n<meta property=\"og:locale\" content=\"de_DE\" \/>\n<meta property=\"og:type\" content=\"article\" \/>\n<meta property=\"og:title\" content=\"PVT Kanada: Wie erhalten Sie Ihre Working-Holiday-Genehmigung?\" \/>\n<meta property=\"og:description\" content=\"Gehen Sie als Teil des PVT Kanada-Programms, um dieses gro\u00dfartige Land zu erkunden und gleichzeitig die M\u00f6glichkeit zu haben, Ihre Reise durch Arbeit zu finanzieren.\" \/>\n<meta property=\"og:url\" content=\"https:\/\/ave-eta-canada.com\/de\/whp-kanada-kommentar-obtenir-sohn-permis-vakanzen-muehe\/\" \/>\n<meta property=\"og:site_name\" content=\"KANADA VISUM\" \/>\n<meta property=\"article:modified_time\" content=\"2022-05-16T12:15:38+00:00\" \/>\n<meta name=\"twitter:card\" content=\"summary_large_image\" \/>\n<meta name=\"twitter:label1\" content=\"Gesch\u00e4tzte Lesezeit\" \/>\n\t<meta name=\"twitter:data1\" content=\"5\u00a0Minuten\" \/>\n<script type=\"application\/ld+json\" class=\"yoast-schema-graph\">{\"@context\":\"https:\/\/schema.org\",\"@graph\":[{\"@type\":\"WebPage\",\"@id\":\"https:\/\/ave-eta-canada.com\/de\/whp-kanada-kommentar-obtenir-sohn-permis-vakanzen-muehe\/\",\"url\":\"https:\/\/ave-eta-canada.com\/de\/whp-kanada-kommentar-obtenir-sohn-permis-vakanzen-muehe\/\",\"name\":\"PVT Kanada: Wie erhalten Sie Ihre Working-Holiday-Genehmigung?\",\"isPartOf\":{\"@id\":\"https:\/\/ave-eta-canada.com\/de\/#website\"},\"datePublished\":\"2020-04-25T12:24:35+00:00\",\"dateModified\":\"2022-05-16T12:15:38+00:00\",\"description\":\"Gehen Sie als Teil des PVT Kanada-Programms, um dieses gro\u00dfartige Land zu erkunden und gleichzeitig die M\u00f6glichkeit zu haben, Ihre Reise durch Arbeit zu finanzieren.\",\"breadcrumb\":{\"@id\":\"https:\/\/ave-eta-canada.com\/de\/whp-kanada-kommentar-obtenir-sohn-permis-vakanzen-muehe\/#breadcrumb\"},\"inLanguage\":\"de\",\"potentialAction\":[{\"@type\":\"ReadAction\",\"target\":[\"https:\/\/ave-eta-canada.com\/de\/whp-kanada-kommentar-obtenir-sohn-permis-vakanzen-muehe\/\"]}]},{\"@type\":\"BreadcrumbList\",\"@id\":\"https:\/\/ave-eta-canada.com\/de\/whp-kanada-kommentar-obtenir-sohn-permis-vakanzen-muehe\/#breadcrumb\",\"itemListElement\":[{\"@type\":\"ListItem\",\"position\":1,\"name\":\"Home\",\"item\":\"https:\/\/ave-eta-canada.com\/de\/\"},{\"@type\":\"ListItem\",\"position\":2,\"name\":\"PVT Kanada: Wie erhalten Sie Ihre Working-Holiday-Genehmigung?\"}]},{\"@type\":\"WebSite\",\"@id\":\"https:\/\/ave-eta-canada.com\/de\/#website\",\"url\":\"https:\/\/ave-eta-canada.com\/de\/\",\"name\":\"KANADA VISUM\",\"description\":\"Autorisation Voyage Electronique\",\"potentialAction\":[{\"@type\":\"SearchAction\",\"target\":{\"@type\":\"EntryPoint\",\"urlTemplate\":\"https:\/\/ave-eta-canada.com\/de\/?s={search_term_string}\"},\"query-input\":{\"@type\":\"PropertyValueSpecification\",\"valueRequired\":true,\"valueName\":\"search_term_string\"}}],\"inLanguage\":\"de\"}]}<\/script>\n<!-- \/ Yoast SEO plugin. -->","yoast_head_json":{"title":"PVT Kanada: Wie erhalten Sie Ihre Working-Holiday-Genehmigung?","description":"Gehen Sie als Teil des PVT Kanada-Programms, um dieses gro\u00dfartige Land zu erkunden und gleichzeitig die M\u00f6glichkeit zu haben, Ihre Reise durch Arbeit zu finanzieren.","robots":{"index":"index","follow":"follow","max-snippet":"max-snippet:-1","max-image-preview":"max-image-preview:large","max-video-preview":"max-video-preview:-1"},"canonical":"https:\/\/ave-eta-canada.com\/de\/whp-kanada-kommentar-obtenir-sohn-permis-vakanzen-muehe\/","og_locale":"de_DE","og_type":"article","og_title":"PVT Kanada: Wie erhalten Sie Ihre Working-Holiday-Genehmigung?","og_description":"Gehen Sie als Teil des PVT Kanada-Programms, um dieses gro\u00dfartige Land zu erkunden und gleichzeitig die M\u00f6glichkeit zu haben, Ihre Reise durch Arbeit zu finanzieren.","og_url":"https:\/\/ave-eta-canada.com\/de\/whp-kanada-kommentar-obtenir-sohn-permis-vakanzen-muehe\/","og_site_name":"KANADA VISUM","article_modified_time":"2022-05-16T12:15:38+00:00","twitter_card":"summary_large_image","twitter_misc":{"Gesch\u00e4tzte Lesezeit":"5\u00a0Minuten"},"schema":{"@context":"https:\/\/schema.org","@graph":[{"@type":"WebPage","@id":"https:\/\/ave-eta-canada.com\/de\/whp-kanada-kommentar-obtenir-sohn-permis-vakanzen-muehe\/","url":"https:\/\/ave-eta-canada.com\/de\/whp-kanada-kommentar-obtenir-sohn-permis-vakanzen-muehe\/","name":"PVT Kanada: Wie erhalten Sie Ihre Working-Holiday-Genehmigung?","isPartOf":{"@id":"https:\/\/ave-eta-canada.com\/de\/#website"},"datePublished":"2020-04-25T12:24:35+00:00","dateModified":"2022-05-16T12:15:38+00:00","description":"Gehen Sie als Teil des PVT Kanada-Programms, um dieses gro\u00dfartige Land zu erkunden und gleichzeitig die M\u00f6glichkeit zu haben, Ihre Reise durch Arbeit zu finanzieren.","breadcrumb":{"@id":"https:\/\/ave-eta-canada.com\/de\/whp-kanada-kommentar-obtenir-sohn-permis-vakanzen-muehe\/#breadcrumb"},"inLanguage":"de","potentialAction":[{"@type":"ReadAction","target":["https:\/\/ave-eta-canada.com\/de\/whp-kanada-kommentar-obtenir-sohn-permis-vakanzen-muehe\/"]}]},{"@type":"BreadcrumbList","@id":"https:\/\/ave-eta-canada.com\/de\/whp-kanada-kommentar-obtenir-sohn-permis-vakanzen-muehe\/#breadcrumb","itemListElement":[{"@type":"ListItem","position":1,"name":"Home","item":"https:\/\/ave-eta-canada.com\/de\/"},{"@type":"ListItem","position":2,"name":"PVT Kanada: Wie erhalten Sie Ihre Working-Holiday-Genehmigung?"}]},{"@type":"WebSite","@id":"https:\/\/ave-eta-canada.com\/de\/#website","url":"https:\/\/ave-eta-canada.com\/de\/","name":"KANADA VISUM","description":"Autorisation Voyage Electronique","potentialAction":[{"@type":"SearchAction","target":{"@type":"EntryPoint","urlTemplate":"https:\/\/ave-eta-canada.com\/de\/?s={search_term_string}"},"query-input":{"@type":"PropertyValueSpecification","valueRequired":true,"valueName":"search_term_string"}}],"inLanguage":"de"}]}},"_links":{"self":[{"href":"https:\/\/ave-eta-canada.com\/de\/wp-json\/wp\/v2\/pages\/927","targetHints":{"allow":["GET"]}}],"collection":[{"href":"https:\/\/ave-eta-canada.com\/de\/wp-json\/wp\/v2\/pages"}],"about":[{"href":"https:\/\/ave-eta-canada.com\/de\/wp-json\/wp\/v2\/types\/page"}],"author":[{"embeddable":true,"href":"https:\/\/ave-eta-canada.com\/de\/wp-json\/wp\/v2\/users\/1"}],"replies":[{"embeddable":true,"href":"https:\/\/ave-eta-canada.com\/de\/wp-json\/wp\/v2\/comments?post=927"}],"version-history":[{"count":0,"href":"https:\/\/ave-eta-canada.com\/de\/wp-json\/wp\/v2\/pages\/927\/revisions"}],"wp:attachment":[{"href":"https:\/\/ave-eta-canada.com\/de\/wp-json\/wp\/v2\/media?parent=927"}],"curies":[{"name":"wp","href":"https:\/\/api.w.org\/{rel}","templated":true}]}}