{"id":931,"date":"2020-04-25T12:43:38","date_gmt":"2020-04-25T12:43:38","guid":{"rendered":"https:\/\/ave-eta-canada.com\/was-ist-eta-kanada\/"},"modified":"2022-05-16T12:20:49","modified_gmt":"2022-05-16T12:20:49","slug":"was-ist-eta-kanada","status":"publish","type":"page","link":"https:\/\/ave-eta-canada.com\/de\/was-ist-eta-kanada\/","title":{"rendered":"Was ist ETA Kanada?"},"content":{"rendered":"\n<h1 class=\"wp-block-heading\">Pr\u00e4sentation von ETA Kanada<\/h1>\n\n<p>Wie die USA hat Kanada eine elektronische Reisegenehmigung eingef\u00fchrt, die auf Englisch als eTA Canada bekannt ist.<\/p>\n\n<p><strong>Bei einem Aufenthalt von weniger als 6 Monaten in Kanada<\/strong> : Sie k\u00f6nnen die Formalit\u00e4ten f\u00fcr die Einreise nach Kanada direkt \u00fcber das Internet erledigen, indem Sie auf das <a href=\"https:\/\/ave-eta-canada.com\/de\/ave-kanada-online-formular\/\">Online-Formular<\/a> klicken. Es ist nicht erforderlich, einen Termin bei der kanadischen Botschaft oder dem kanadischen Konsulat zu vereinbaren.<br\/><\/p>\n\n<h2 class=\"wp-block-heading\">eTA Kanada, obligatorische Reisegenehmigung<\/h2>\n\n<p>Die <a href=\"https:\/\/ave-eta-canada.com\/de\/\">Canada eTA<\/a> ist ein elektronisches Dokument, das es Staatsangeh\u00f6rigen mehrerer L\u00e4nder erm\u00f6glicht, Kanada ohne Visum zu besuchen. Da Deutschland eines der L\u00e4nder ist, die von kanadischen Visa befreit sind, k\u00f6nnen Deutsche Staatsb\u00fcrger nach Kanada reisen, ohne vorher die kanadische Botschaft zu konsultieren.<\/p>\n\n<p>Die Bedingungen f\u00fcr den Erhalt der <a href=\"https:\/\/ave-eta-canada.com\/de\/was-ist-eta-kanada\/\">eTA Kanada<\/a> sind nicht sehr restriktiv, aber der Erhalt ist dennoch obligatorisch. Die f\u00fcr die Einwanderung zust\u00e4ndigen kanadischen Beh\u00f6rden erlauben keine Einreise in das kanadische Hoheitsgebiet ohne eine g\u00fcltige Genehmigung. Um eine eTA-Kanada-Genehmigung zu beantragen, muss der Reisende:<\/p>\n\n<ul class=\"wp-block-list\"><li>Staatsangeh\u00f6riger eines teilnahmeberechtigten Landes sein;<\/li><li>einen g\u00fcltigen Reisepass mit einer Restg\u00fcltigkeit von mindestens 6 Monaten besitzen;<\/li><li>Reisen Sie mit dem Flugzeug nach Kanada;<\/li><li>Aufenthalt in Kanada f\u00fcr maximal 6 Monate;<\/li><li>nicht nach Kanada (oder anderswo) unzul\u00e4ssig gewesen sein;<\/li><li>keine Straftat begangen haben;<\/li><li>nicht an unbehandelten Gesundheitsproblemen leiden, einschlie\u00dflich Alkohol- und Drogenabh\u00e4ngigkeit;<\/li><li>in den letzten zwei Jahren nicht an Tuberkulose erkrankt waren oder Kontakt zu einer an Tuberkulose erkrankten Person hatten. <\/li><\/ul>\n\n<p>Die eTA Canada Travel Authorization ist 5 Jahre ab Ausstellungsdatum g\u00fcltig. Diese Frist kann k\u00fcrzer sein, wenn der Reisepass, mit dem der Antrag gestellt wurde, fr\u00fcher abl\u00e4uft. Da die Vollmacht an den Reisepass gekoppelt ist, ist es wichtig, bei einem neuen Reisepass oder einer \u00c4nderung der enthaltenen Daten einen neuen Antrag zu stellen. Es ist zu beachten, dass die Anzahl der Aufenthalte in Kanada w\u00e4hrend der <a href=\"https:\/\/ave-eta-canada.com\/de\/eta-canada-gueltigkeitsdauer\/\">G\u00fcltigkeitsdauer der Genehmigung<\/a> nicht begrenzt ist, jedoch eine maximale Dauer von 6 Monaten pro Aufenthalt eingehalten werden sollte.<\/p>\n\n<p>Die eTA Kanada ist eine Reisegenehmigung und keine Einreisegenehmigung. Es obliegt dem Grenzbeamten, die Einreise auf kanadischen Boden zu genehmigen. Seine Entscheidung basiert auf dem Vorhandensein der erforderlichen Reisedokumente (g\u00fcltiger Reisepass, eTA, Ausreiseticket usw.) und auf den Antworten auf seine Fragen.<br\/><br\/><\/p>\n\n<h2 class=\"wp-block-heading\">Die Kanada eTA ist vor der Abreise zu erhalten<\/h2>\n\n<p>Die eTA Canada ist eine Reisegenehmigung und muss vor der Abreise nach Kanada eingeholt werden. Ohne sie ist das Einsteigen nicht gestattet. <\/p>\n\n<p>Die Beantragung der eTA Canada erfolgt ausschlie\u00dflich \u00fcber das Internet, d.h. Sie m\u00fcssen nicht zur kanadischen Botschaft gehen. Das Antragsformular wird auf der offiziellen Website der kanadischen Regierung zur Verf\u00fcgung gestellt. F\u00fcr ein vereinfachtes Formular und den Zugang zu personalisierter Unterst\u00fctzung k\u00f6nnen Sie sich auch an eine private Organisation wie unseren Partner wenden.<\/p>\n\n<p>Um <a href=\"https:\/\/ave-eta-canada.com\/de\/fuellen-sie-das-eta-formular-fuer-kanada-aus\/\">das Formular<\/a> auszuf\u00fcllen, m\u00fcssen Sie Ihren Reisepass und eine Bankkarte mitbringen. Die auszuf\u00fcllenden Felder beziehen sich auf Passdaten und pers\u00f6nliche Informationen. Au\u00dferdem werden vier Fragen gestellt, deren Antworten aus einem Dropdown-Men\u00fc auszuw\u00e4hlen sind. Es ist wichtig, eine g\u00fcltige E-Mail-Adresse anzugeben, da \u00fcber diese Adresse die Antwort \u00fcbermittelt wird.<\/p>\n\n<p>Der eTA-Antrag f\u00fcr Kanada wird validiert, sobald die Zustimmung unterzeichnet und die Zahlung erfolgt ist. Es wird automatisch eine Eingangsbest\u00e4tigung mit der Auftragsnummer versendet. Die endg\u00fcltige Antwort folgt fast sofort. In seltenen F\u00e4llen steht eine Anfrage an. Innerhalb weniger Tage wird dann eine E-Mail mit der endg\u00fcltigen Antwort oder einer Liste der zus\u00e4tzlich einzureichenden Dokumente gesendet.<\/p>\n\n<p>Bei einer negativen Antwort ist es ratsam, die Richtigkeit der gemachten Angaben zu \u00fcberpr\u00fcfen. Im Falle von Tippfehlern oder falschen Informationen ist es m\u00f6glich <a href=\"https:\/\/ave-eta-canada.com\/de\/was-tun-bei-einem-fehler-auf-der-eta-canada\/\">, eine neue Anfrage<\/a> zu stellen. Andernfalls muss ein Visum- oder PVT-Antrag an die kanadische Botschaft gesendet werden.<\/p>\n","protected":false},"excerpt":{"rendered":"<p>Pr\u00e4sentation von ETA Kanada Wie die USA hat Kanada eine elektronische Reisegenehmigung eingef\u00fchrt, die auf Englisch als eTA Canada bekannt ist. Bei einem Aufenthalt von weniger als 6 Monaten in Kanada : Sie k\u00f6nnen die Formalit\u00e4ten f\u00fcr die Einreise nach Kanada direkt \u00fcber das Internet erledigen, indem Sie auf das Online-Formular klicken. Es ist nicht [&hellip;]<\/p>\n","protected":false},"author":1,"featured_media":0,"parent":0,"menu_order":0,"comment_status":"closed","ping_status":"closed","template":"","meta":{"footnotes":""},"class_list":["post-931","page","type-page","status-publish","hentry"],"yoast_head":"<!-- This site is optimized with the Yoast SEO plugin v26.9 - https:\/\/yoast.com\/product\/yoast-seo-wordpress\/ -->\n<title>Was ist ETA Kanada?<\/title>\n<meta name=\"description\" content=\"ETA Canada, nicht zu verwechseln mit ESTA, ist eine elektronische Reisegenehmigung f\u00fcr Reisen nach Kanada. Unsere Erl\u00e4uterungen hier.\" \/>\n<meta name=\"robots\" content=\"index, follow, max-snippet:-1, max-image-preview:large, max-video-preview:-1\" \/>\n<link rel=\"canonical\" href=\"https:\/\/ave-eta-canada.com\/de\/was-ist-eta-kanada\/\" \/>\n<meta property=\"og:locale\" content=\"de_DE\" \/>\n<meta property=\"og:type\" content=\"article\" \/>\n<meta property=\"og:title\" content=\"Was ist ETA Kanada?\" \/>\n<meta property=\"og:description\" content=\"ETA Canada, nicht zu verwechseln mit ESTA, ist eine elektronische Reisegenehmigung f\u00fcr Reisen nach Kanada. Unsere Erl\u00e4uterungen hier.\" \/>\n<meta property=\"og:url\" content=\"https:\/\/ave-eta-canada.com\/de\/was-ist-eta-kanada\/\" \/>\n<meta property=\"og:site_name\" content=\"KANADA VISUM\" \/>\n<meta property=\"article:modified_time\" content=\"2022-05-16T12:20:49+00:00\" \/>\n<meta name=\"twitter:card\" content=\"summary_large_image\" \/>\n<meta name=\"twitter:label1\" content=\"Gesch\u00e4tzte Lesezeit\" \/>\n\t<meta name=\"twitter:data1\" content=\"3\u00a0Minuten\" \/>\n<script type=\"application\/ld+json\" class=\"yoast-schema-graph\">{\"@context\":\"https:\/\/schema.org\",\"@graph\":[{\"@type\":\"WebPage\",\"@id\":\"https:\/\/ave-eta-canada.com\/de\/was-ist-eta-kanada\/\",\"url\":\"https:\/\/ave-eta-canada.com\/de\/was-ist-eta-kanada\/\",\"name\":\"Was ist ETA Kanada?\",\"isPartOf\":{\"@id\":\"https:\/\/ave-eta-canada.com\/de\/#website\"},\"datePublished\":\"2020-04-25T12:43:38+00:00\",\"dateModified\":\"2022-05-16T12:20:49+00:00\",\"description\":\"ETA Canada, nicht zu verwechseln mit ESTA, ist eine elektronische Reisegenehmigung f\u00fcr Reisen nach Kanada. Unsere Erl\u00e4uterungen hier.\",\"breadcrumb\":{\"@id\":\"https:\/\/ave-eta-canada.com\/de\/was-ist-eta-kanada\/#breadcrumb\"},\"inLanguage\":\"de\",\"potentialAction\":[{\"@type\":\"ReadAction\",\"target\":[\"https:\/\/ave-eta-canada.com\/de\/was-ist-eta-kanada\/\"]}]},{\"@type\":\"BreadcrumbList\",\"@id\":\"https:\/\/ave-eta-canada.com\/de\/was-ist-eta-kanada\/#breadcrumb\",\"itemListElement\":[{\"@type\":\"ListItem\",\"position\":1,\"name\":\"Home\",\"item\":\"https:\/\/ave-eta-canada.com\/de\/\"},{\"@type\":\"ListItem\",\"position\":2,\"name\":\"Was ist ETA Kanada?\"}]},{\"@type\":\"WebSite\",\"@id\":\"https:\/\/ave-eta-canada.com\/de\/#website\",\"url\":\"https:\/\/ave-eta-canada.com\/de\/\",\"name\":\"KANADA VISUM\",\"description\":\"Autorisation Voyage Electronique\",\"potentialAction\":[{\"@type\":\"SearchAction\",\"target\":{\"@type\":\"EntryPoint\",\"urlTemplate\":\"https:\/\/ave-eta-canada.com\/de\/?s={search_term_string}\"},\"query-input\":{\"@type\":\"PropertyValueSpecification\",\"valueRequired\":true,\"valueName\":\"search_term_string\"}}],\"inLanguage\":\"de\"}]}<\/script>\n<!-- \/ Yoast SEO plugin. -->","yoast_head_json":{"title":"Was ist ETA Kanada?","description":"ETA Canada, nicht zu verwechseln mit ESTA, ist eine elektronische Reisegenehmigung f\u00fcr Reisen nach Kanada. Unsere Erl\u00e4uterungen hier.","robots":{"index":"index","follow":"follow","max-snippet":"max-snippet:-1","max-image-preview":"max-image-preview:large","max-video-preview":"max-video-preview:-1"},"canonical":"https:\/\/ave-eta-canada.com\/de\/was-ist-eta-kanada\/","og_locale":"de_DE","og_type":"article","og_title":"Was ist ETA Kanada?","og_description":"ETA Canada, nicht zu verwechseln mit ESTA, ist eine elektronische Reisegenehmigung f\u00fcr Reisen nach Kanada. Unsere Erl\u00e4uterungen hier.","og_url":"https:\/\/ave-eta-canada.com\/de\/was-ist-eta-kanada\/","og_site_name":"KANADA VISUM","article_modified_time":"2022-05-16T12:20:49+00:00","twitter_card":"summary_large_image","twitter_misc":{"Gesch\u00e4tzte Lesezeit":"3\u00a0Minuten"},"schema":{"@context":"https:\/\/schema.org","@graph":[{"@type":"WebPage","@id":"https:\/\/ave-eta-canada.com\/de\/was-ist-eta-kanada\/","url":"https:\/\/ave-eta-canada.com\/de\/was-ist-eta-kanada\/","name":"Was ist ETA Kanada?","isPartOf":{"@id":"https:\/\/ave-eta-canada.com\/de\/#website"},"datePublished":"2020-04-25T12:43:38+00:00","dateModified":"2022-05-16T12:20:49+00:00","description":"ETA Canada, nicht zu verwechseln mit ESTA, ist eine elektronische Reisegenehmigung f\u00fcr Reisen nach Kanada. Unsere Erl\u00e4uterungen hier.","breadcrumb":{"@id":"https:\/\/ave-eta-canada.com\/de\/was-ist-eta-kanada\/#breadcrumb"},"inLanguage":"de","potentialAction":[{"@type":"ReadAction","target":["https:\/\/ave-eta-canada.com\/de\/was-ist-eta-kanada\/"]}]},{"@type":"BreadcrumbList","@id":"https:\/\/ave-eta-canada.com\/de\/was-ist-eta-kanada\/#breadcrumb","itemListElement":[{"@type":"ListItem","position":1,"name":"Home","item":"https:\/\/ave-eta-canada.com\/de\/"},{"@type":"ListItem","position":2,"name":"Was ist ETA Kanada?"}]},{"@type":"WebSite","@id":"https:\/\/ave-eta-canada.com\/de\/#website","url":"https:\/\/ave-eta-canada.com\/de\/","name":"KANADA VISUM","description":"Autorisation Voyage Electronique","potentialAction":[{"@type":"SearchAction","target":{"@type":"EntryPoint","urlTemplate":"https:\/\/ave-eta-canada.com\/de\/?s={search_term_string}"},"query-input":{"@type":"PropertyValueSpecification","valueRequired":true,"valueName":"search_term_string"}}],"inLanguage":"de"}]}},"_links":{"self":[{"href":"https:\/\/ave-eta-canada.com\/de\/wp-json\/wp\/v2\/pages\/931","targetHints":{"allow":["GET"]}}],"collection":[{"href":"https:\/\/ave-eta-canada.com\/de\/wp-json\/wp\/v2\/pages"}],"about":[{"href":"https:\/\/ave-eta-canada.com\/de\/wp-json\/wp\/v2\/types\/page"}],"author":[{"embeddable":true,"href":"https:\/\/ave-eta-canada.com\/de\/wp-json\/wp\/v2\/users\/1"}],"replies":[{"embeddable":true,"href":"https:\/\/ave-eta-canada.com\/de\/wp-json\/wp\/v2\/comments?post=931"}],"version-history":[{"count":0,"href":"https:\/\/ave-eta-canada.com\/de\/wp-json\/wp\/v2\/pages\/931\/revisions"}],"wp:attachment":[{"href":"https:\/\/ave-eta-canada.com\/de\/wp-json\/wp\/v2\/media?parent=931"}],"curies":[{"name":"wp","href":"https:\/\/api.w.org\/{rel}","templated":true}]}}