{"id":933,"date":"2020-04-25T12:51:06","date_gmt":"2020-04-25T12:51:06","guid":{"rendered":"https:\/\/ave-eta-canada.com\/wann-muss-die-eta-genehmigung-fuer-kanada-beantragt-werden\/"},"modified":"2022-05-16T12:26:18","modified_gmt":"2022-05-16T12:26:18","slug":"wann-muss-die-eta-genehmigung-fuer-kanada-beantragt-werden","status":"publish","type":"page","link":"https:\/\/ave-eta-canada.com\/de\/wann-muss-die-eta-genehmigung-fuer-kanada-beantragt-werden\/","title":{"rendered":"Wann ist eine eTA-Genehmigung f\u00fcr Kanada zu beantragen?"},"content":{"rendered":"\n<h1 class=\"wp-block-heading\">Wann ist eine eTA-Reisegenehmigung zu beantragen?<\/h1>\n\n<p>Als Teil der Vorbereitung auf eine Reise nach Kanada ist es wichtig, vor dem Einsteigen eine kanadische Reisegenehmigung zu erhalten. <strong>Bei einem Aufenthalt von weniger als 6 Monaten in Kanada<\/strong> : Sie k\u00f6nnen die Formalit\u00e4ten f\u00fcr die Einreise nach Kanada direkt \u00fcber das Internet erledigen, indem Sie auf das <a href=\"https:\/\/ave-eta-canada.com\/de\/ave-kanada-online-formular\/\">Online-Formular<\/a> klicken. <\/p>\n\n<p>Es ist nicht erforderlich, einen Termin bei der kanadischen Botschaft oder dem kanadischen Konsulat zu vereinbaren.<\/p>\n\n<p>Die kanadische Reisegenehmigung gilt als relativ einfach zu erhalten. Welche Verz\u00f6gerungen sind zu erwarten und welche Vorkehrungen sind zu treffen, um das Risiko einer Einreiseverweigerung nach Kanada zu vermeiden?<\/p>\n\n<p><\/p>\n\n<h2 class=\"wp-block-heading\">Seit wann und warum eine eTA beantragen?<\/h2>\n\n<p>Seit dem 10. November 2016 hat die kanadische Regierung (genauer gesagt das kanadische Ministerium f\u00fcr Einwanderung, Fl\u00fcchtlinge und Staatsb\u00fcrgerschaft) eine elektronische Reisegenehmigung namens eTA eingef\u00fchrt, um die innere Sicherheit von Kanada zu gew\u00e4hrleisten des Landes und f\u00f6rdert gleichzeitig den Tourismus in Kanada.<\/p>\n\n<p>Der eTA wird \u00fcber ein Online-Formular erhalten, das:<\/p>\n\n<ul class=\"wp-block-list\"><li>bestimmt die Berechtigung von Reisenden, ohne Visum nach Kanada einzureisen;<\/li><li>entlastet die kanadischen Botschaften und erleichtert die Zollabfertigung.<\/li><\/ul>\n\n<p>Die eingesetzten elektronischen Systeme erm\u00f6glichen es, Reisende auszuw\u00e4hlen, noch bevor sie kanadischen Boden betreten.<br\/><br\/><\/p>\n\n<h2 class=\"wp-block-heading\">Wann wird eine eTA ben\u00f6tigt?<\/h2>\n\n<p>Ein <a href=\"https:\/\/ave-eta-canada.com\/de\/ist-eta-canada-obligatorisch\/\">eTA-Antrag ist obligatorisch<\/a> f\u00fcr visabefreite Reisende, die im Rahmen eines touristischen Aufenthalts oder einer Gesch\u00e4ftsreise von weniger als 6 Monaten mit dem Flugzeug nach Kanada reisen m\u00f6chten. Es ist auch f\u00fcr den Transit durch Kanada erforderlich.<\/p>\n\n<p>Die Befreiung von der Visumpflicht gilt f\u00fcr Staatsangeh\u00f6rige, deren Herkunftsland ein Abkommen mit der kanadischen Regierung unterzeichnet hat. Franz\u00f6sische Staatsangeh\u00f6rige geh\u00f6ren zu den Gl\u00fccklichen, aber sie m\u00fcssen einen g\u00fcltigen Reisepass haben (biometrischer oder elektronischer Reisepass).<\/p>\n\n<p>Der Besitz eines g\u00fcltigen Reisepasses und einer eTA befreit Sie nicht von anderen Reisedokumenten wie dem Reisedokument. Ein Ausreiseticket aus dem Hoheitsgebiet (R\u00fcck- oder Weiterreiseticket) wird wahrscheinlich vom Einwanderungsbeamten verlangt.<\/p>\n\n<p>Beachten Sie, dass Ihnen die eTA normalerweise automatisch ausgestellt wird, wenn Sie f\u00fcr eine PVT (Working Holiday Permit) ausgew\u00e4hlt wurden. Erkundigen Sie sich bei der kanadischen Botschaft.<br\/><br\/><\/p>\n\n<h2 class=\"wp-block-heading\">Wann online bewerben?<\/h2>\n\n<p>Wir empfehlen Ihnen, <a href=\"https:\/\/ave-eta-canada.com\/de\/fuellen-sie-das-eta-formular-fuer-kanada-aus\/\">das Reisegenehmigungsformular auszuf\u00fcllen,<\/a> sobald Ihre Reise nach Kanada geplant ist. Warten Sie nicht bis zur letzten Minute, denn wenn Ihr Genehmigungsantrag abgelehnt wird, m\u00fcssen Sie ein kanadisches Visum beantragen. Dieser Prozess ist jedoch l\u00e4nger und teurer.<\/p>\n\n<p>Das Antragsformular kann auf der offiziellen Website der kanadischen Regierung ausgef\u00fcllt werden. Wenn Sie Hilfe erhalten und Risiken reduzieren m\u00f6chten, empfehlen wir Ihnen, das Formular unseres Partners auszuf\u00fcllen.<\/p>\n\n<p>Um das eTA-Formular auszuf\u00fcllen, m\u00fcssen Sie Ihre Passdaten (Passnummer, Ausstellungs- und Ablaufdatum), Ihre pers\u00f6nlichen Daten, Details zu Ihrem Aufenthalt in Kanada und schlie\u00dflich Ihren Hintergrund eingeben.<br\/><br\/><\/p>\n\n<h2 class=\"wp-block-heading\">Wann erhalte ich eine Antwort auf meinen eTA-Antrag?<\/h2>\n\n<p>Im Allgemeinen betr\u00e4gt die <a>Verz\u00f6gerung f\u00fcr den Erhalt einer eTA<\/a> einige Minuten nach dem Absenden des Formulars. Sie erhalten zun\u00e4chst eine Eingangsbest\u00e4tigung von Immigration Canada und anschlie\u00dfend eine zweite E-Mail mit der Antwort auf Ihre Anfrage. Die Antwort kann jedoch mehrere Tage dauern.<\/p>\n\n<p>Sie k\u00f6nnen den Status Ihres Antrags auch auf der Website der Regierung \u00fcberpr\u00fcfen, indem Sie Ihre Antragsnummer (die Sie in der Eingangsbest\u00e4tigung finden) und Ihre Passnummer eingeben.<\/p>\n\n<p>Wenn Sie innerhalb von 72 Stunden keine Best\u00e4tigung erhalten haben, wenden Sie sich an die kanadischen Beh\u00f6rden. Sie m\u00fcssen nicht versuchen, ohne Genehmigung nach Kanada zu reisen, Sie k\u00f6nnen nicht einmal in das Flugzeug einsteigen.<\/p>\n\n<h3 class=\"wp-block-heading\">AVE-Autorisierungsanfrage abgelehnt<\/h3>\n\n<p>Ein eTA-Antrag wird abgelehnt, solange Sie eines der Zulassungskriterien nicht erf\u00fcllen. Wenn Sie nicht berechtigt sind, m\u00fcssen Sie je nach Fall \u00fcber die konsularischen Dienste der Botschaft von Kanada oder des kanadischen Konsulats ein Visum beantragen. Das zu beantragende Kanada-Visum h\u00e4ngt von der Art Ihrer Reise ab.<\/p>\n\n<p>Wenn Ihr ESTA-Antrag abgelehnt wird, k\u00f6nnen Sie auch \u00fcberpr\u00fcfen, ob Sie im Antragsformular keinen Fehler gemacht haben. In diesem Fall sind Sie berechtigt, sich erneut zu bewerben.<br\/><br\/><\/p>\n\n<h2 class=\"wp-block-heading\">Wann sollte ich meinen eTA-Antrag erneuern?<\/h2>\n\n<p>Die <a href=\"https:\/\/ave-eta-canada.com\/de\/eta-canada-gueltigkeitsdauer\/\">G\u00fcltigkeitsdauer einer eTA<\/a> betr\u00e4gt 5 Jahre oder bis zum Ablauf des Reisepasses, wenn die G\u00fcltigkeitsdauer des Reisepasses k\u00fcrzer als diese Zeit ist. W\u00e4hrend der G\u00fcltigkeitsjahre Ihrer eTA k\u00f6nnen Sie Kanada mehrmals besuchen, ohne eine neue eTA beantragen zu m\u00fcssen und sofern Sie die maximale Aufenthaltsdauer von 6 Monaten einhalten.<\/p>\n\n<p>Da die eTA an den Reisepass gekoppelt ist, muss bei einem neuen Reisepass nat\u00fcrlich ein neuer Antrag auf Autorisierung gestellt werden. Die neue Anfrage folgt dem gleichen Beschaffungsprozess wie die erste Anfrage.<\/p>\n","protected":false},"excerpt":{"rendered":"<p>Wann ist eine eTA-Reisegenehmigung zu beantragen? Als Teil der Vorbereitung auf eine Reise nach Kanada ist es wichtig, vor dem Einsteigen eine kanadische Reisegenehmigung zu erhalten. Bei einem Aufenthalt von weniger als 6 Monaten in Kanada : Sie k\u00f6nnen die Formalit\u00e4ten f\u00fcr die Einreise nach Kanada direkt \u00fcber das Internet erledigen, indem Sie auf das [&hellip;]<\/p>\n","protected":false},"author":1,"featured_media":0,"parent":0,"menu_order":0,"comment_status":"closed","ping_status":"closed","template":"","meta":{"footnotes":""},"class_list":["post-933","page","type-page","status-publish","hentry"],"yoast_head":"<!-- This site is optimized with the Yoast SEO plugin v26.9 - https:\/\/yoast.com\/product\/yoast-seo-wordpress\/ -->\n<title>Wann ist eine eTA-Genehmigung f\u00fcr Kanada zu beantragen?<\/title>\n<meta name=\"description\" content=\"Vor der Abreise nach Kanada ist es wichtig, alle notwendigen Reisedokumente, einschlie\u00dflich der eTA, vorzubereiten. Erfahren Sie hier, wann Sie eine eTA beantragen m\u00fcssen.\" \/>\n<meta name=\"robots\" content=\"index, follow, max-snippet:-1, max-image-preview:large, max-video-preview:-1\" \/>\n<link rel=\"canonical\" href=\"https:\/\/ave-eta-canada.com\/de\/wann-muss-die-eta-genehmigung-fuer-kanada-beantragt-werden\/\" \/>\n<meta property=\"og:locale\" content=\"de_DE\" \/>\n<meta property=\"og:type\" content=\"article\" \/>\n<meta property=\"og:title\" content=\"Wann ist eine eTA-Genehmigung f\u00fcr Kanada zu beantragen?\" \/>\n<meta property=\"og:description\" content=\"Vor der Abreise nach Kanada ist es wichtig, alle notwendigen Reisedokumente, einschlie\u00dflich der eTA, vorzubereiten. Erfahren Sie hier, wann Sie eine eTA beantragen m\u00fcssen.\" \/>\n<meta property=\"og:url\" content=\"https:\/\/ave-eta-canada.com\/de\/wann-muss-die-eta-genehmigung-fuer-kanada-beantragt-werden\/\" \/>\n<meta property=\"og:site_name\" content=\"KANADA VISUM\" \/>\n<meta property=\"article:modified_time\" content=\"2022-05-16T12:26:18+00:00\" \/>\n<meta name=\"twitter:card\" content=\"summary_large_image\" \/>\n<meta name=\"twitter:label1\" content=\"Gesch\u00e4tzte Lesezeit\" \/>\n\t<meta name=\"twitter:data1\" content=\"4\u00a0Minuten\" \/>\n<script type=\"application\/ld+json\" class=\"yoast-schema-graph\">{\"@context\":\"https:\/\/schema.org\",\"@graph\":[{\"@type\":\"WebPage\",\"@id\":\"https:\/\/ave-eta-canada.com\/de\/wann-muss-die-eta-genehmigung-fuer-kanada-beantragt-werden\/\",\"url\":\"https:\/\/ave-eta-canada.com\/de\/wann-muss-die-eta-genehmigung-fuer-kanada-beantragt-werden\/\",\"name\":\"Wann ist eine eTA-Genehmigung f\u00fcr Kanada zu beantragen?\",\"isPartOf\":{\"@id\":\"https:\/\/ave-eta-canada.com\/de\/#website\"},\"datePublished\":\"2020-04-25T12:51:06+00:00\",\"dateModified\":\"2022-05-16T12:26:18+00:00\",\"description\":\"Vor der Abreise nach Kanada ist es wichtig, alle notwendigen Reisedokumente, einschlie\u00dflich der eTA, vorzubereiten. Erfahren Sie hier, wann Sie eine eTA beantragen m\u00fcssen.\",\"breadcrumb\":{\"@id\":\"https:\/\/ave-eta-canada.com\/de\/wann-muss-die-eta-genehmigung-fuer-kanada-beantragt-werden\/#breadcrumb\"},\"inLanguage\":\"de\",\"potentialAction\":[{\"@type\":\"ReadAction\",\"target\":[\"https:\/\/ave-eta-canada.com\/de\/wann-muss-die-eta-genehmigung-fuer-kanada-beantragt-werden\/\"]}]},{\"@type\":\"BreadcrumbList\",\"@id\":\"https:\/\/ave-eta-canada.com\/de\/wann-muss-die-eta-genehmigung-fuer-kanada-beantragt-werden\/#breadcrumb\",\"itemListElement\":[{\"@type\":\"ListItem\",\"position\":1,\"name\":\"Home\",\"item\":\"https:\/\/ave-eta-canada.com\/de\/\"},{\"@type\":\"ListItem\",\"position\":2,\"name\":\"Wann ist eine eTA-Genehmigung f\u00fcr Kanada zu beantragen?\"}]},{\"@type\":\"WebSite\",\"@id\":\"https:\/\/ave-eta-canada.com\/de\/#website\",\"url\":\"https:\/\/ave-eta-canada.com\/de\/\",\"name\":\"KANADA VISUM\",\"description\":\"Autorisation Voyage Electronique\",\"potentialAction\":[{\"@type\":\"SearchAction\",\"target\":{\"@type\":\"EntryPoint\",\"urlTemplate\":\"https:\/\/ave-eta-canada.com\/de\/?s={search_term_string}\"},\"query-input\":{\"@type\":\"PropertyValueSpecification\",\"valueRequired\":true,\"valueName\":\"search_term_string\"}}],\"inLanguage\":\"de\"}]}<\/script>\n<!-- \/ Yoast SEO plugin. -->","yoast_head_json":{"title":"Wann ist eine eTA-Genehmigung f\u00fcr Kanada zu beantragen?","description":"Vor der Abreise nach Kanada ist es wichtig, alle notwendigen Reisedokumente, einschlie\u00dflich der eTA, vorzubereiten. Erfahren Sie hier, wann Sie eine eTA beantragen m\u00fcssen.","robots":{"index":"index","follow":"follow","max-snippet":"max-snippet:-1","max-image-preview":"max-image-preview:large","max-video-preview":"max-video-preview:-1"},"canonical":"https:\/\/ave-eta-canada.com\/de\/wann-muss-die-eta-genehmigung-fuer-kanada-beantragt-werden\/","og_locale":"de_DE","og_type":"article","og_title":"Wann ist eine eTA-Genehmigung f\u00fcr Kanada zu beantragen?","og_description":"Vor der Abreise nach Kanada ist es wichtig, alle notwendigen Reisedokumente, einschlie\u00dflich der eTA, vorzubereiten. Erfahren Sie hier, wann Sie eine eTA beantragen m\u00fcssen.","og_url":"https:\/\/ave-eta-canada.com\/de\/wann-muss-die-eta-genehmigung-fuer-kanada-beantragt-werden\/","og_site_name":"KANADA VISUM","article_modified_time":"2022-05-16T12:26:18+00:00","twitter_card":"summary_large_image","twitter_misc":{"Gesch\u00e4tzte Lesezeit":"4\u00a0Minuten"},"schema":{"@context":"https:\/\/schema.org","@graph":[{"@type":"WebPage","@id":"https:\/\/ave-eta-canada.com\/de\/wann-muss-die-eta-genehmigung-fuer-kanada-beantragt-werden\/","url":"https:\/\/ave-eta-canada.com\/de\/wann-muss-die-eta-genehmigung-fuer-kanada-beantragt-werden\/","name":"Wann ist eine eTA-Genehmigung f\u00fcr Kanada zu beantragen?","isPartOf":{"@id":"https:\/\/ave-eta-canada.com\/de\/#website"},"datePublished":"2020-04-25T12:51:06+00:00","dateModified":"2022-05-16T12:26:18+00:00","description":"Vor der Abreise nach Kanada ist es wichtig, alle notwendigen Reisedokumente, einschlie\u00dflich der eTA, vorzubereiten. Erfahren Sie hier, wann Sie eine eTA beantragen m\u00fcssen.","breadcrumb":{"@id":"https:\/\/ave-eta-canada.com\/de\/wann-muss-die-eta-genehmigung-fuer-kanada-beantragt-werden\/#breadcrumb"},"inLanguage":"de","potentialAction":[{"@type":"ReadAction","target":["https:\/\/ave-eta-canada.com\/de\/wann-muss-die-eta-genehmigung-fuer-kanada-beantragt-werden\/"]}]},{"@type":"BreadcrumbList","@id":"https:\/\/ave-eta-canada.com\/de\/wann-muss-die-eta-genehmigung-fuer-kanada-beantragt-werden\/#breadcrumb","itemListElement":[{"@type":"ListItem","position":1,"name":"Home","item":"https:\/\/ave-eta-canada.com\/de\/"},{"@type":"ListItem","position":2,"name":"Wann ist eine eTA-Genehmigung f\u00fcr Kanada zu beantragen?"}]},{"@type":"WebSite","@id":"https:\/\/ave-eta-canada.com\/de\/#website","url":"https:\/\/ave-eta-canada.com\/de\/","name":"KANADA VISUM","description":"Autorisation Voyage Electronique","potentialAction":[{"@type":"SearchAction","target":{"@type":"EntryPoint","urlTemplate":"https:\/\/ave-eta-canada.com\/de\/?s={search_term_string}"},"query-input":{"@type":"PropertyValueSpecification","valueRequired":true,"valueName":"search_term_string"}}],"inLanguage":"de"}]}},"_links":{"self":[{"href":"https:\/\/ave-eta-canada.com\/de\/wp-json\/wp\/v2\/pages\/933","targetHints":{"allow":["GET"]}}],"collection":[{"href":"https:\/\/ave-eta-canada.com\/de\/wp-json\/wp\/v2\/pages"}],"about":[{"href":"https:\/\/ave-eta-canada.com\/de\/wp-json\/wp\/v2\/types\/page"}],"author":[{"embeddable":true,"href":"https:\/\/ave-eta-canada.com\/de\/wp-json\/wp\/v2\/users\/1"}],"replies":[{"embeddable":true,"href":"https:\/\/ave-eta-canada.com\/de\/wp-json\/wp\/v2\/comments?post=933"}],"version-history":[{"count":0,"href":"https:\/\/ave-eta-canada.com\/de\/wp-json\/wp\/v2\/pages\/933\/revisions"}],"wp:attachment":[{"href":"https:\/\/ave-eta-canada.com\/de\/wp-json\/wp\/v2\/media?parent=933"}],"curies":[{"name":"wp","href":"https:\/\/api.w.org\/{rel}","templated":true}]}}