{"id":935,"date":"2020-04-25T13:10:54","date_gmt":"2020-04-25T13:10:54","guid":{"rendered":"https:\/\/ave-eta-canada.com\/was-tun-bei-einem-fehler-auf-der-eta-canada\/"},"modified":"2022-05-16T12:31:30","modified_gmt":"2022-05-16T12:31:30","slug":"was-tun-bei-einem-fehler-auf-der-eta-canada","status":"publish","type":"page","link":"https:\/\/ave-eta-canada.com\/de\/was-tun-bei-einem-fehler-auf-der-eta-canada\/","title":{"rendered":"Was ist im Falle eines Fehlers bei der Kanada eTA zu tun?"},"content":{"rendered":"\n<h1 class=\"wp-block-heading\">Fehler bei Kanada eTA: was tun?<\/h1>\n\n<p>Um nach Kanada zu reisen, verlangt die kanadische Regierung von Ausl\u00e4ndern, dass sie eine eTA (Electronic Travel Authorization). Um diese Genehmigung f\u00fcr den Aufenthalt in Kanada zu erhalten, f\u00fcllen Sie einfach das <a href=\"https:\/\/ave-eta-canada.com\/de\/ave-kanada-online-formular\/\">Online-Formular aus<\/a> . <\/p>\n\n<p>Es ist nicht notwendig, zur kanadischen Botschaft zu gehen, um ein kanadisches Visum zu beantragen. Auch wenn die Formalit\u00e4ten des eTA viel einfacher sind, erfordert der Prozess eine gewisse Strenge. Wenn Sie einen Fehler machen, kann Ihre eTA f\u00fcr Kanada tats\u00e4chlich abgelehnt werden.<\/p>\n\n<p>Das <a href=\"https:\/\/ave-eta-canada.com\/de\/\">eTA-Formular<\/a> folgt dem gleichen Prinzip wie das von den amerikanischen Beh\u00f6rden erstellte ESTA-Formular f\u00fcr Reisen in die Vereinigten Staaten. Es handelt sich um einen Online-Fragebogen, in dem Sie gebeten werden, verschiedene Arten von Informationen anzugeben, darunter Identit\u00e4ts- und Passinformationen. Die eingegebenen Daten m\u00fcssen exakt mit denen auf dem Reisepass \u00fcbereinstimmen. Ein einziger Fehler in der kanadischen eTA reicht aus, um Ihren Antrag zu stornieren.<\/p>\n\n<p>Lassen Sie uns gemeinsam sehen, wie vorzugehen ist, wenn Sie bei der Beantragung einer Aufenthaltsgenehmigung in Kanada einen Fehler gemacht haben.<br\/><br\/><\/p>\n\n<h2 class=\"wp-block-heading\">Fehler bei der kanadischen eTA: vor oder nach dem Absenden der Anfrage?<\/h2>\n\n<p>Zur Erinnerung: Die kanadische eTA ist f\u00fcr B\u00fcrger der Mitgliedsl\u00e4nder des kanadischen Visa-Waiver-Programms bestimmt. Es wird im Rahmen eines touristischen Aufenthalts, einer Durchreise oder einer Gesch\u00e4ftsreise von weniger als sechs Monaten auf dem Luftweg ausgestellt. Im Gegensatz zum Visum erfolgt die Erlangung der eTA aus der Ferne und erfordert lediglich einen g\u00fcltigen Reisepass.<\/p>\n\n<p>Die Organisation, die die Ausstellung der eTA Canada verwaltet, IRCC (Immigration, Refugees and Citizenship Canada), pr\u00fcft sorgf\u00e4ltig die w\u00e4hrend der Online-Bewerbung bereitgestellten Informationen. Wenn also die Computersysteme feststellen, dass der Antragsteller bei der Eingabe des <a href=\"https:\/\/ave-eta-canada.com\/de\/fuellen-sie-das-eta-formular-fuer-kanada-aus\/\">eTA-Formulars<\/a> falsche Informationen oder einen Fehler in seiner kanadischen eTA gemacht hat, wird der Antrag h\u00f6chstwahrscheinlich storniert.<\/p>\n\n<h3 class=\"wp-block-heading\">Fehler vor Online-Zahlung<\/h3>\n\n<p>Unabh\u00e4ngig davon, ob Sie eine befristete Aufenthaltserlaubnis auf der Website der kanadischen Regierung oder auf einer privaten Website beantragen, haben Sie immer die M\u00f6glichkeit, Ihre Informationen zu \u00e4ndern und Fehler in der kanadischen eTA zu korrigieren, bevor Sie die Zahlung vornehmen und den Antrag validieren.<\/p>\n\n<p>Wenn Sie hingegen einen Fehler feststellen, nachdem Sie Ihre Anfrage bezahlt haben, sind die Formalit\u00e4ten anders.<\/p>\n\n<h3 class=\"wp-block-heading\">Fehler nach dem Senden der eTA-Anfrage<\/h3>\n\n<p>Wenn Sie nach dem Absenden Ihrer Datei einen Fehler in Ihrer kanadischen eTA bemerkt haben, ist es leider zu sp\u00e4t. Wenn der Unachtsamkeitsfehler beispielsweise Ihre Passnummer oder Ihren Namen betrifft, haben Sie keine M\u00f6glichkeit, <a href=\"https:\/\/ave-eta-canada.com\/de\/wie-aendere-ich-eine-eta-autorisierung-fuer-kanada\/\">die eTA<\/a> nach der Zahlung und dem Absenden der Anfrage zu \u00e4ndern.<\/p>\n\n<p>Die einzig m\u00f6gliche L\u00f6sung besteht darin, entweder auf der offiziellen Website der kanadischen Regierung oder auf der Website unseres Partners eine neue Reisegenehmigung f\u00fcr Kanada zu beantragen.<\/p>\n\n<p>Die Erneuerung einer Anfrage ist geb\u00fchrenpflichtig. Nachdem Sie den neuen Antrag gesendet haben, m\u00fcssen Sie erneut die Verwaltungskosten zahlen, die f\u00fcr die Erlangung des AVE erforderlich sind.<\/p>\n\n<p>Beachten Sie jedoch, dass Sie auch nach dem Absenden die M\u00f6glichkeit haben, bestimmte Informationen auf Ihrer Reisegenehmigung (E-Mail-Adresse und Telefonnummer) zu \u00e4ndern. Um <a href=\"https:\/\/ave-eta-canada.com\/de\/wie-finde-ich-eine-verlorene-canada-eta\/\">Ihre eTA<\/a> zu finden und zu \u00e4ndern, m\u00fcssen Sie lediglich das bei der Online-Registrierung zugewiesene Aktenzeichen mitbringen.<br\/><br\/><\/p>\n\n<h2 class=\"wp-block-heading\">Vermeidung von Fehlern in Ihrem eTA-Antrag f\u00fcr Kanada<\/h2>\n\n<p>Beim Ausf\u00fcllen des eTA-Online-Formulars ist es ratsam, die bereitgestellten Informationen gewissenhaft zu \u00fcberpr\u00fcfen. Beachten Sie, dass die meisten Fehler im eTA-Antrag f\u00fcr Kanada mit der biometrischen oder elektronischen Passnummer zusammenh\u00e4ngen. Um diese Nummer korrekt einzugeben, hier einige Tipps:<\/p>\n\n<ul class=\"wp-block-list\"><li>Die meisten Passnummern bestehen aus 9 Zeichen. Stellen Sie also sicher, dass die von Ihnen eingegebene Zahl weder l\u00e4nger noch k\u00fcrzer ist;<\/li><li>die Passnummer ist eine alphanumerische Folge, also achten Sie darauf, die Zahl 0 nicht mit dem Buchstaben O und die Zahl 1 mit dem Buchstaben I zu verwechseln;<\/li><li>Stellen Sie sicher, dass Sie keine anderen Zeichen wie Bindestriche oder Satzzeichen eingeben.<\/li><\/ul>\n\n<p>Dar\u00fcber hinaus sind einige Fehler im eTA-Antrag f\u00fcr Kanada auf eine falsche Wahl des L\u00e4ndercodes f\u00fcr die Ausstellung des Reisepasses zur\u00fcckzuf\u00fchren. Tats\u00e4chlich hat jeder Staat einen Identifikationscode. Wenn Sie Deutsch Staatsb\u00fcrger sind, achten Sie darauf, den Code \u201eGER\u201c zu w\u00e4hlen.<\/p>\n\n<p>Wenn Sie Ihre Chancen maximieren m\u00f6chten, es zu erhalten, kann es sinnvoll sein, Ihre eTA \u00fcber eine private Website, wie die unseres Partners, zu beantragen. Tats\u00e4chlich bestehen diese Plattformen aus Experten, die sich darum k\u00fcmmern, Ihre Datei zu \u00fcberpr\u00fcfen und gegebenenfalls Fehler zu korrigieren.<\/p>\n\n<h3 class=\"wp-block-heading\">Ablehnung nach Korrektur von Fehlern bei der eTA f\u00fcr Kanada<\/h3>\n\n<p>Wenn die Regierung Ihnen auch nach Korrektur Ihrer Fehler im eTA-Antrag f\u00fcr Kanada die Genehmigung zur Einreise nach Kanada verweigert, bedeutet dies, dass Sie wahrscheinlich eine der <a href=\"https:\/\/ave-eta-canada.com\/de\/alles-ueber-die-eta-bedingungen-fuer-reisen-nach-kanada\/\">Voraussetzungen f\u00fcr die Berechtigung f\u00fcr die eTA<\/a> nicht erf\u00fcllen.<\/p>\n\n<p>\u00dcberpr\u00fcfen Sie zun\u00e4chst, ob Sie im Besitz eines g\u00fcltigen Reisepasses sind. Gegebenenfalls m\u00fcssen Sie zwingend einen neuen Reisepass beantragen.<\/p>\n\n<p>Wenn Sie ein Praktikum, ein Studium oder eine Arbeit in Kanada planen, beachten Sie, dass die eTA f\u00fcr diese F\u00e4lle nicht gilt. Dazu m\u00fcssen Sie zur kanadischen Botschaft (oder zum Konsulat) gehen und ein Visum beantragen.<\/p>\n\n<p>Beachten Sie, dass das eTA-Dokument f\u00fcr Sie nicht n\u00fctzlich ist, wenn Sie bereits ein kanadisches Visum oder eine Daueraufenthaltskarte haben.<\/p>\n","protected":false},"excerpt":{"rendered":"<p>Fehler bei Kanada eTA: was tun? Um nach Kanada zu reisen, verlangt die kanadische Regierung von Ausl\u00e4ndern, dass sie eine eTA (Electronic Travel Authorization). Um diese Genehmigung f\u00fcr den Aufenthalt in Kanada zu erhalten, f\u00fcllen Sie einfach das Online-Formular aus . Es ist nicht notwendig, zur kanadischen Botschaft zu gehen, um ein kanadisches Visum zu [&hellip;]<\/p>\n","protected":false},"author":1,"featured_media":0,"parent":0,"menu_order":0,"comment_status":"closed","ping_status":"closed","template":"","meta":{"footnotes":""},"class_list":["post-935","page","type-page","status-publish","hentry"],"yoast_head":"<!-- This site is optimized with the Yoast SEO plugin v26.9 - https:\/\/yoast.com\/product\/yoast-seo-wordpress\/ -->\n<title>Was ist im Falle eines Fehlers bei der Kanada eTA zu tun?<\/title>\n<meta name=\"description\" content=\"Die Canada eTA ist ein unverzichtbares Dokument f\u00fcr Reisen nach Kanada. Beim kleinsten Fehler bei der Online-Bewerbung kann die Vollmacht ung\u00fcltig werden.\" \/>\n<meta name=\"robots\" content=\"index, follow, max-snippet:-1, max-image-preview:large, max-video-preview:-1\" \/>\n<link rel=\"canonical\" href=\"https:\/\/ave-eta-canada.com\/de\/was-tun-bei-einem-fehler-auf-der-eta-canada\/\" \/>\n<meta property=\"og:locale\" content=\"de_DE\" \/>\n<meta property=\"og:type\" content=\"article\" \/>\n<meta property=\"og:title\" content=\"Was ist im Falle eines Fehlers bei der Kanada eTA zu tun?\" \/>\n<meta property=\"og:description\" content=\"Die Canada eTA ist ein unverzichtbares Dokument f\u00fcr Reisen nach Kanada. Beim kleinsten Fehler bei der Online-Bewerbung kann die Vollmacht ung\u00fcltig werden.\" \/>\n<meta property=\"og:url\" content=\"https:\/\/ave-eta-canada.com\/de\/was-tun-bei-einem-fehler-auf-der-eta-canada\/\" \/>\n<meta property=\"og:site_name\" content=\"KANADA VISUM\" \/>\n<meta property=\"article:modified_time\" content=\"2022-05-16T12:31:30+00:00\" \/>\n<meta name=\"twitter:card\" content=\"summary_large_image\" \/>\n<meta name=\"twitter:label1\" content=\"Gesch\u00e4tzte Lesezeit\" \/>\n\t<meta name=\"twitter:data1\" content=\"4\u00a0Minuten\" \/>\n<script type=\"application\/ld+json\" class=\"yoast-schema-graph\">{\"@context\":\"https:\/\/schema.org\",\"@graph\":[{\"@type\":\"WebPage\",\"@id\":\"https:\/\/ave-eta-canada.com\/de\/was-tun-bei-einem-fehler-auf-der-eta-canada\/\",\"url\":\"https:\/\/ave-eta-canada.com\/de\/was-tun-bei-einem-fehler-auf-der-eta-canada\/\",\"name\":\"Was ist im Falle eines Fehlers bei der Kanada eTA zu tun?\",\"isPartOf\":{\"@id\":\"https:\/\/ave-eta-canada.com\/de\/#website\"},\"datePublished\":\"2020-04-25T13:10:54+00:00\",\"dateModified\":\"2022-05-16T12:31:30+00:00\",\"description\":\"Die Canada eTA ist ein unverzichtbares Dokument f\u00fcr Reisen nach Kanada. Beim kleinsten Fehler bei der Online-Bewerbung kann die Vollmacht ung\u00fcltig werden.\",\"breadcrumb\":{\"@id\":\"https:\/\/ave-eta-canada.com\/de\/was-tun-bei-einem-fehler-auf-der-eta-canada\/#breadcrumb\"},\"inLanguage\":\"de\",\"potentialAction\":[{\"@type\":\"ReadAction\",\"target\":[\"https:\/\/ave-eta-canada.com\/de\/was-tun-bei-einem-fehler-auf-der-eta-canada\/\"]}]},{\"@type\":\"BreadcrumbList\",\"@id\":\"https:\/\/ave-eta-canada.com\/de\/was-tun-bei-einem-fehler-auf-der-eta-canada\/#breadcrumb\",\"itemListElement\":[{\"@type\":\"ListItem\",\"position\":1,\"name\":\"Home\",\"item\":\"https:\/\/ave-eta-canada.com\/de\/\"},{\"@type\":\"ListItem\",\"position\":2,\"name\":\"Was ist im Falle eines Fehlers bei der Kanada eTA zu tun?\"}]},{\"@type\":\"WebSite\",\"@id\":\"https:\/\/ave-eta-canada.com\/de\/#website\",\"url\":\"https:\/\/ave-eta-canada.com\/de\/\",\"name\":\"KANADA VISUM\",\"description\":\"Autorisation Voyage Electronique\",\"potentialAction\":[{\"@type\":\"SearchAction\",\"target\":{\"@type\":\"EntryPoint\",\"urlTemplate\":\"https:\/\/ave-eta-canada.com\/de\/?s={search_term_string}\"},\"query-input\":{\"@type\":\"PropertyValueSpecification\",\"valueRequired\":true,\"valueName\":\"search_term_string\"}}],\"inLanguage\":\"de\"}]}<\/script>\n<!-- \/ Yoast SEO plugin. -->","yoast_head_json":{"title":"Was ist im Falle eines Fehlers bei der Kanada eTA zu tun?","description":"Die Canada eTA ist ein unverzichtbares Dokument f\u00fcr Reisen nach Kanada. Beim kleinsten Fehler bei der Online-Bewerbung kann die Vollmacht ung\u00fcltig werden.","robots":{"index":"index","follow":"follow","max-snippet":"max-snippet:-1","max-image-preview":"max-image-preview:large","max-video-preview":"max-video-preview:-1"},"canonical":"https:\/\/ave-eta-canada.com\/de\/was-tun-bei-einem-fehler-auf-der-eta-canada\/","og_locale":"de_DE","og_type":"article","og_title":"Was ist im Falle eines Fehlers bei der Kanada eTA zu tun?","og_description":"Die Canada eTA ist ein unverzichtbares Dokument f\u00fcr Reisen nach Kanada. Beim kleinsten Fehler bei der Online-Bewerbung kann die Vollmacht ung\u00fcltig werden.","og_url":"https:\/\/ave-eta-canada.com\/de\/was-tun-bei-einem-fehler-auf-der-eta-canada\/","og_site_name":"KANADA VISUM","article_modified_time":"2022-05-16T12:31:30+00:00","twitter_card":"summary_large_image","twitter_misc":{"Gesch\u00e4tzte Lesezeit":"4\u00a0Minuten"},"schema":{"@context":"https:\/\/schema.org","@graph":[{"@type":"WebPage","@id":"https:\/\/ave-eta-canada.com\/de\/was-tun-bei-einem-fehler-auf-der-eta-canada\/","url":"https:\/\/ave-eta-canada.com\/de\/was-tun-bei-einem-fehler-auf-der-eta-canada\/","name":"Was ist im Falle eines Fehlers bei der Kanada eTA zu tun?","isPartOf":{"@id":"https:\/\/ave-eta-canada.com\/de\/#website"},"datePublished":"2020-04-25T13:10:54+00:00","dateModified":"2022-05-16T12:31:30+00:00","description":"Die Canada eTA ist ein unverzichtbares Dokument f\u00fcr Reisen nach Kanada. Beim kleinsten Fehler bei der Online-Bewerbung kann die Vollmacht ung\u00fcltig werden.","breadcrumb":{"@id":"https:\/\/ave-eta-canada.com\/de\/was-tun-bei-einem-fehler-auf-der-eta-canada\/#breadcrumb"},"inLanguage":"de","potentialAction":[{"@type":"ReadAction","target":["https:\/\/ave-eta-canada.com\/de\/was-tun-bei-einem-fehler-auf-der-eta-canada\/"]}]},{"@type":"BreadcrumbList","@id":"https:\/\/ave-eta-canada.com\/de\/was-tun-bei-einem-fehler-auf-der-eta-canada\/#breadcrumb","itemListElement":[{"@type":"ListItem","position":1,"name":"Home","item":"https:\/\/ave-eta-canada.com\/de\/"},{"@type":"ListItem","position":2,"name":"Was ist im Falle eines Fehlers bei der Kanada eTA zu tun?"}]},{"@type":"WebSite","@id":"https:\/\/ave-eta-canada.com\/de\/#website","url":"https:\/\/ave-eta-canada.com\/de\/","name":"KANADA VISUM","description":"Autorisation Voyage Electronique","potentialAction":[{"@type":"SearchAction","target":{"@type":"EntryPoint","urlTemplate":"https:\/\/ave-eta-canada.com\/de\/?s={search_term_string}"},"query-input":{"@type":"PropertyValueSpecification","valueRequired":true,"valueName":"search_term_string"}}],"inLanguage":"de"}]}},"_links":{"self":[{"href":"https:\/\/ave-eta-canada.com\/de\/wp-json\/wp\/v2\/pages\/935","targetHints":{"allow":["GET"]}}],"collection":[{"href":"https:\/\/ave-eta-canada.com\/de\/wp-json\/wp\/v2\/pages"}],"about":[{"href":"https:\/\/ave-eta-canada.com\/de\/wp-json\/wp\/v2\/types\/page"}],"author":[{"embeddable":true,"href":"https:\/\/ave-eta-canada.com\/de\/wp-json\/wp\/v2\/users\/1"}],"replies":[{"embeddable":true,"href":"https:\/\/ave-eta-canada.com\/de\/wp-json\/wp\/v2\/comments?post=935"}],"version-history":[{"count":0,"href":"https:\/\/ave-eta-canada.com\/de\/wp-json\/wp\/v2\/pages\/935\/revisions"}],"wp:attachment":[{"href":"https:\/\/ave-eta-canada.com\/de\/wp-json\/wp\/v2\/media?parent=935"}],"curies":[{"name":"wp","href":"https:\/\/api.w.org\/{rel}","templated":true}]}}