{"id":937,"date":"2020-04-25T13:57:33","date_gmt":"2020-04-25T13:57:33","guid":{"rendered":"https:\/\/ave-eta-canada.com\/was-tun-bei-verlust-der-eta-canada-nummer\/"},"modified":"2022-05-16T12:39:31","modified_gmt":"2022-05-16T12:39:31","slug":"was-tun-bei-verlust-der-eta-canada-nummer","status":"publish","type":"page","link":"https:\/\/ave-eta-canada.com\/de\/was-tun-bei-verlust-der-eta-canada-nummer\/","title":{"rendered":"Was tun bei Verlust der kanadischen eTA-Nummer?"},"content":{"rendered":"\n<h1 class=\"wp-block-heading\">eTA-Nummer verloren: Wie geht das?<\/h1>\n\n<p>Die Electronic Travel Authorization (eTA) ist ein Dokument, mit dem Sie im Rahmen einer Touristen- oder Gesch\u00e4ftsreise f\u00fcr maximal 6 Monate nach Kanada reisen k\u00f6nnen. <strong>Um diese Reisegenehmigung zu erhalten, m\u00fcssen Sie das<\/strong> <a href=\"https:\/\/ave-eta-canada.com\/de\/ave-kanada-online-formular\/\">Online-Formular ausf\u00fcllen<\/a> . Diese wird dann an die kanadischen Beh\u00f6rden gesendet, um die Zul\u00e4ssigkeit Ihrer Akte zu beurteilen. Wenn Ihr eTA-Antrag genehmigt wird, erhalten Sie eine eTA-Nummer per E-Mail. Aber wof\u00fcr ist diese Nummer dann und was tun, wenn Sie sie nicht mehr in die H\u00e4nde bekommen? Wir beantworten alle Ihre Fragen in diesem Artikel.<br\/><\/p>\n\n<h2 class=\"wp-block-heading\">Wann wird die eTA-Nummer \u00fcbermittelt?<\/h2>\n\n<p>Jeder Antrag auf eine eTA f\u00fcr Reisen nach Kanada erfordert eine Online-Anfrage. Dieses Reisedokument ist nicht f\u00fcr jedermann zug\u00e4nglich. Um sicherzustellen, dass Sie die <a href=\"https:\/\/ave-eta-canada.com\/de\/alles-ueber-die-eta-bedingungen-fuer-reisen-nach-kanada\/\">Zulassungsvoraussetzungen<\/a> des Programms f\u00fcr visumfreies Reisen erf\u00fcllen, verlangt die kanadische Regierung, dass Sie einen Online-Fragebogen ausf\u00fcllen.<\/p>\n\n<p>Die Antworten auf die im Formular gestellten Fragen bestimmen daher den <a href=\"https:\/\/ave-eta-canada.com\/de\/wie-ueberpruefe-ich-den-status-ihrer-eta-canada-anfrage\/\">Status Ihres eTA-Antrags<\/a> . Wenn die kanadische Regierung Ihren Antrag auf Aufenthaltserlaubnis bef\u00fcrwortet, erhalten Sie eine zusammenfassende E-Mail mit der eTA-Nummer. Diese Identifikationsnummer ist einzigartig und wird direkt dem Reisepass zugeordnet, mit dem der Antrag gestellt wurde.<\/p>\n\n<p>Mit der eTA-Nummer k\u00f6nnen Sie Ihre Akte einsehen, um zu \u00fcberpr\u00fcfen, ob Ihre Aufenthaltsbescheinigung in Kanada noch g\u00fcltig ist. Um sicherzustellen, dass eine <a href=\"https:\/\/ave-eta-canada.com\/de\/gultigkeit-eta-kanada\/\">eTA noch g\u00fcltig<\/a> ist, stellt die kanadische Regierung Ausl\u00e4ndern ein Tool zur Verf\u00fcgung, mit dem sie den Status der eTA \u00fcberpr\u00fcfen k\u00f6nnen. Um es zu verwenden, ben\u00f6tigen Sie lediglich Folgendes:<\/p>\n\n<ul class=\"wp-block-list\"><li>eTA-Antragsnummer;<\/li><li>Ausweisnummer ;<\/li><li>Ausstellungsland des Ausweises;<\/li><li>Ausstellungsdatum und Ablaufdatum des Reisepasses.<\/li><\/ul>\n\n<p>Beachten Sie, dass Sie kein eTA beantragen m\u00fcssen, wenn Sie bereits ein <a href=\"https:\/\/ave-eta-canada.com\/de\/whp-kanada-kommentar-obtenir-sohn-permis-vakanzen-muehe\/\">PVT Canada<\/a> (Working Holiday Program) haben. Dies gilt auch, wenn Sie im Besitz einer Daueraufenthaltskarte sind.<br\/><br\/><\/p>\n\n<h2 class=\"wp-block-heading\">Wie finden Sie Ihre eTA-Nummer?<\/h2>\n\n<p>Wie bereits erw\u00e4hnt, f\u00fchrt die eTA-Zulassung zwangsl\u00e4ufig zur Generierung einer eTA-Nummer. Beachten Sie, dass diese Kennung \u00fcber die E-Mail-Adresse \u00fcbermittelt wird, die beim Ausf\u00fcllen des Fragebogens angegeben wurde. Wenn Sie mehrere E-Mail-Adressen haben, suchen Sie unbedingt nach derjenigen, die Ihrem eTA-Antrag entspricht. Au\u00dferdem kommt es vor, dass die E-Mail mit der eTA-Nummer im Spam landet, daher ist es ratsam, auch diesen Teil zu \u00fcberpr\u00fcfen.<\/p>\n\n<p>Wenn Sie innerhalb von 72 Stunden nach Ihrer Anfrage keine Empfangsbest\u00e4tigung erhalten haben, m\u00fcssen Sie ein Formular auf der offiziellen Website der kanadischen Regierung ausf\u00fcllen. Ihre Anfrage wird innerhalb weniger Tage bearbeitet. Dazu m\u00fcssen Sie selbstverst\u00e4ndlich sicherstellen, dass Sie die richtige Adresse angegeben und Ihren Spam \u00fcberpr\u00fcft haben.<br\/><br\/><\/p>\n\n<h2 class=\"wp-block-heading\">Verlust der kanadischen eTA-Nummer: Ist das ernst?<\/h2>\n\n<p>Wenn Sie nach eingehender Suche die E-Mail der IRCC (Immigration, Refugees and Citizenship Canada) immer noch nicht in die H\u00e4nde bekommen, k\u00f6nnen wir Sie beruhigen, dies gef\u00e4hrdet nicht unbedingt Ihre Reise nach Kanada. Tats\u00e4chlich ist die eTA eine elektronische Genehmigung, es gibt keine offizielle Papierversion. Wenn Sie die Genehmigung f\u00fcr Ihren Antrag erhalten, wird die eTA-Nummer per Computer mit Ihrem elektronischen oder biometrischen Reisepass verkn\u00fcpft. Infolgedessen k\u00f6nnen das Personal der Fluggesellschaft und die Canada Border Services Agency elektronisch auf Ihre eTA zugreifen, indem Sie einfach Ihren Reisepass scannen. Sie m\u00fcssen ihnen Ihre kanadische eTA-Nummer nicht mitteilen. <\/p>\n\n<p>Die G\u00fcltigkeitsdauer einer eTA betr\u00e4gt 5 Jahre, wenn Sie sich k\u00fcrzlich beworben haben, aber <a href=\"https:\/\/ave-eta-canada.com\/de\/wie-finde-ich-eine-verlorene-canada-eta\/\">Ihre kanadische eTA-Nummer verloren<\/a> haben, ist dies daher kein Problem. Achten Sie jedoch darauf, dass Ihr Reisepass f\u00fcr den gesamten Aufenthalt g\u00fcltig ist. Gegebenenfalls endet Ihre eTA an dem Tag, an dem Ihr Ausweis abl\u00e4uft. Das folgende Verfahren besteht darin, einen neuen biometrischen Pass bei Ihrem Rathaus zu bestellen und ihn dann online erneut zu beantragen.<\/p>\n\n<h3 class=\"wp-block-heading\">Reichen Sie einen neuen Antrag ein, um eine andere eTA-Nummer zu erhalten<\/h3>\n\n<p>Wenn Ihr Antrag hingegen mehrere Jahre zur\u00fcckliegt, wir uns aber nicht mehr genau an das Ausstellungsdatum erinnern k\u00f6nnen, raten wir Ihnen einfach, eine eTA erneut zu beantragen. Es w\u00e4re in der Tat eine Schande, Ihre Reise bis ins kleinste Detail zu organisieren, nur um am Ende wegen einer abgelaufenen eTA den Zugang zum Flughafen zu verweigern.<\/p>\n\n<p>Um einen neuen Antrag zu stellen, k\u00f6nnen Sie auf die offizielle Website der kanadischen Regierung oder auf unsere Partnerseite gehen. Wenn Sie sich f\u00fcr diese zweite Option entscheiden, profitieren Sie von einer pers\u00f6nlichen Unterst\u00fctzung bei Ihrem Prozess zur Erlangung des eTA. Sollten Sie jemals Ihre kanadische eTA-Nummer verlieren, nachdem Sie Ihre Autorisierung \u00fcber unsere Partnerseite bestellt haben, wird die Best\u00e4tigungs-E-Mail in Ihrem Kundenbereich gespeichert. Bei Bedarf steht Ihnen auch der Kundendienst zur Verf\u00fcgung.<\/p>\n\n<p>Obwohl eine neue Anfrage eTA-Kosten verursacht, ist das Verfahren immer noch vorteilhaft im Vergleich zum Erwerb eines Kanada-Visums oder eines <a href=\"https:\/\/ave-eta-canada.com\/de\/whp-kanada-kommentar-obtenir-sohn-permis-vakanzen-muehe\/\">PVT-Working-Holiday-Programms<\/a> , dessen Preis bei etwa 100 Dollar liegt.<\/p>\n\n<p>Seien Sie vorsichtig, wenn Sie am Ende Ihres Aufenthalts auf kanadischem Boden in die Vereinigten Staaten reisen m\u00f6chten, ben\u00f6tigen Sie wahrscheinlich eine ESTA-Genehmigung, die genau nach dem gleichen Prinzip wie die eTA funktioniert.<\/p>\n","protected":false},"excerpt":{"rendered":"<p>eTA-Nummer verloren: Wie geht das? Die Electronic Travel Authorization (eTA) ist ein Dokument, mit dem Sie im Rahmen einer Touristen- oder Gesch\u00e4ftsreise f\u00fcr maximal 6 Monate nach Kanada reisen k\u00f6nnen. Um diese Reisegenehmigung zu erhalten, m\u00fcssen Sie das Online-Formular ausf\u00fcllen . Diese wird dann an die kanadischen Beh\u00f6rden gesendet, um die Zul\u00e4ssigkeit Ihrer Akte zu [&hellip;]<\/p>\n","protected":false},"author":1,"featured_media":0,"parent":0,"menu_order":0,"comment_status":"closed","ping_status":"closed","template":"","meta":{"footnotes":""},"class_list":["post-937","page","type-page","status-publish","hentry"],"yoast_head":"<!-- This site is optimized with the Yoast SEO plugin v26.9 - https:\/\/yoast.com\/product\/yoast-seo-wordpress\/ -->\n<title>Was tun bei Verlust der kanadischen eTA-Nummer?<\/title>\n<meta name=\"description\" content=\"Jede vor\u00fcbergehende Reisegenehmigung nach Kanada ist mit einer eTA-Nummer verbunden. Erfahren Sie, wie Sie eine verlorene eTA-Antragsnummer wiederherstellen k\u00f6nnen.\" \/>\n<meta name=\"robots\" content=\"index, follow, max-snippet:-1, max-image-preview:large, max-video-preview:-1\" \/>\n<link rel=\"canonical\" href=\"https:\/\/ave-eta-canada.com\/de\/was-tun-bei-verlust-der-eta-canada-nummer\/\" \/>\n<meta property=\"og:locale\" content=\"de_DE\" \/>\n<meta property=\"og:type\" content=\"article\" \/>\n<meta property=\"og:title\" content=\"Was tun bei Verlust der kanadischen eTA-Nummer?\" \/>\n<meta property=\"og:description\" content=\"Jede vor\u00fcbergehende Reisegenehmigung nach Kanada ist mit einer eTA-Nummer verbunden. Erfahren Sie, wie Sie eine verlorene eTA-Antragsnummer wiederherstellen k\u00f6nnen.\" \/>\n<meta property=\"og:url\" content=\"https:\/\/ave-eta-canada.com\/de\/was-tun-bei-verlust-der-eta-canada-nummer\/\" \/>\n<meta property=\"og:site_name\" content=\"KANADA VISUM\" \/>\n<meta property=\"article:modified_time\" content=\"2022-05-16T12:39:31+00:00\" \/>\n<meta name=\"twitter:card\" content=\"summary_large_image\" \/>\n<meta name=\"twitter:label1\" content=\"Gesch\u00e4tzte Lesezeit\" \/>\n\t<meta name=\"twitter:data1\" content=\"4\u00a0Minuten\" \/>\n<script type=\"application\/ld+json\" class=\"yoast-schema-graph\">{\"@context\":\"https:\/\/schema.org\",\"@graph\":[{\"@type\":\"WebPage\",\"@id\":\"https:\/\/ave-eta-canada.com\/de\/was-tun-bei-verlust-der-eta-canada-nummer\/\",\"url\":\"https:\/\/ave-eta-canada.com\/de\/was-tun-bei-verlust-der-eta-canada-nummer\/\",\"name\":\"Was tun bei Verlust der kanadischen eTA-Nummer?\",\"isPartOf\":{\"@id\":\"https:\/\/ave-eta-canada.com\/de\/#website\"},\"datePublished\":\"2020-04-25T13:57:33+00:00\",\"dateModified\":\"2022-05-16T12:39:31+00:00\",\"description\":\"Jede vor\u00fcbergehende Reisegenehmigung nach Kanada ist mit einer eTA-Nummer verbunden. Erfahren Sie, wie Sie eine verlorene eTA-Antragsnummer wiederherstellen k\u00f6nnen.\",\"breadcrumb\":{\"@id\":\"https:\/\/ave-eta-canada.com\/de\/was-tun-bei-verlust-der-eta-canada-nummer\/#breadcrumb\"},\"inLanguage\":\"de\",\"potentialAction\":[{\"@type\":\"ReadAction\",\"target\":[\"https:\/\/ave-eta-canada.com\/de\/was-tun-bei-verlust-der-eta-canada-nummer\/\"]}]},{\"@type\":\"BreadcrumbList\",\"@id\":\"https:\/\/ave-eta-canada.com\/de\/was-tun-bei-verlust-der-eta-canada-nummer\/#breadcrumb\",\"itemListElement\":[{\"@type\":\"ListItem\",\"position\":1,\"name\":\"Home\",\"item\":\"https:\/\/ave-eta-canada.com\/de\/\"},{\"@type\":\"ListItem\",\"position\":2,\"name\":\"Was tun bei Verlust der kanadischen eTA-Nummer?\"}]},{\"@type\":\"WebSite\",\"@id\":\"https:\/\/ave-eta-canada.com\/de\/#website\",\"url\":\"https:\/\/ave-eta-canada.com\/de\/\",\"name\":\"KANADA VISUM\",\"description\":\"Autorisation Voyage Electronique\",\"potentialAction\":[{\"@type\":\"SearchAction\",\"target\":{\"@type\":\"EntryPoint\",\"urlTemplate\":\"https:\/\/ave-eta-canada.com\/de\/?s={search_term_string}\"},\"query-input\":{\"@type\":\"PropertyValueSpecification\",\"valueRequired\":true,\"valueName\":\"search_term_string\"}}],\"inLanguage\":\"de\"}]}<\/script>\n<!-- \/ Yoast SEO plugin. -->","yoast_head_json":{"title":"Was tun bei Verlust der kanadischen eTA-Nummer?","description":"Jede vor\u00fcbergehende Reisegenehmigung nach Kanada ist mit einer eTA-Nummer verbunden. Erfahren Sie, wie Sie eine verlorene eTA-Antragsnummer wiederherstellen k\u00f6nnen.","robots":{"index":"index","follow":"follow","max-snippet":"max-snippet:-1","max-image-preview":"max-image-preview:large","max-video-preview":"max-video-preview:-1"},"canonical":"https:\/\/ave-eta-canada.com\/de\/was-tun-bei-verlust-der-eta-canada-nummer\/","og_locale":"de_DE","og_type":"article","og_title":"Was tun bei Verlust der kanadischen eTA-Nummer?","og_description":"Jede vor\u00fcbergehende Reisegenehmigung nach Kanada ist mit einer eTA-Nummer verbunden. Erfahren Sie, wie Sie eine verlorene eTA-Antragsnummer wiederherstellen k\u00f6nnen.","og_url":"https:\/\/ave-eta-canada.com\/de\/was-tun-bei-verlust-der-eta-canada-nummer\/","og_site_name":"KANADA VISUM","article_modified_time":"2022-05-16T12:39:31+00:00","twitter_card":"summary_large_image","twitter_misc":{"Gesch\u00e4tzte Lesezeit":"4\u00a0Minuten"},"schema":{"@context":"https:\/\/schema.org","@graph":[{"@type":"WebPage","@id":"https:\/\/ave-eta-canada.com\/de\/was-tun-bei-verlust-der-eta-canada-nummer\/","url":"https:\/\/ave-eta-canada.com\/de\/was-tun-bei-verlust-der-eta-canada-nummer\/","name":"Was tun bei Verlust der kanadischen eTA-Nummer?","isPartOf":{"@id":"https:\/\/ave-eta-canada.com\/de\/#website"},"datePublished":"2020-04-25T13:57:33+00:00","dateModified":"2022-05-16T12:39:31+00:00","description":"Jede vor\u00fcbergehende Reisegenehmigung nach Kanada ist mit einer eTA-Nummer verbunden. Erfahren Sie, wie Sie eine verlorene eTA-Antragsnummer wiederherstellen k\u00f6nnen.","breadcrumb":{"@id":"https:\/\/ave-eta-canada.com\/de\/was-tun-bei-verlust-der-eta-canada-nummer\/#breadcrumb"},"inLanguage":"de","potentialAction":[{"@type":"ReadAction","target":["https:\/\/ave-eta-canada.com\/de\/was-tun-bei-verlust-der-eta-canada-nummer\/"]}]},{"@type":"BreadcrumbList","@id":"https:\/\/ave-eta-canada.com\/de\/was-tun-bei-verlust-der-eta-canada-nummer\/#breadcrumb","itemListElement":[{"@type":"ListItem","position":1,"name":"Home","item":"https:\/\/ave-eta-canada.com\/de\/"},{"@type":"ListItem","position":2,"name":"Was tun bei Verlust der kanadischen eTA-Nummer?"}]},{"@type":"WebSite","@id":"https:\/\/ave-eta-canada.com\/de\/#website","url":"https:\/\/ave-eta-canada.com\/de\/","name":"KANADA VISUM","description":"Autorisation Voyage Electronique","potentialAction":[{"@type":"SearchAction","target":{"@type":"EntryPoint","urlTemplate":"https:\/\/ave-eta-canada.com\/de\/?s={search_term_string}"},"query-input":{"@type":"PropertyValueSpecification","valueRequired":true,"valueName":"search_term_string"}}],"inLanguage":"de"}]}},"_links":{"self":[{"href":"https:\/\/ave-eta-canada.com\/de\/wp-json\/wp\/v2\/pages\/937","targetHints":{"allow":["GET"]}}],"collection":[{"href":"https:\/\/ave-eta-canada.com\/de\/wp-json\/wp\/v2\/pages"}],"about":[{"href":"https:\/\/ave-eta-canada.com\/de\/wp-json\/wp\/v2\/types\/page"}],"author":[{"embeddable":true,"href":"https:\/\/ave-eta-canada.com\/de\/wp-json\/wp\/v2\/users\/1"}],"replies":[{"embeddable":true,"href":"https:\/\/ave-eta-canada.com\/de\/wp-json\/wp\/v2\/comments?post=937"}],"version-history":[{"count":0,"href":"https:\/\/ave-eta-canada.com\/de\/wp-json\/wp\/v2\/pages\/937\/revisions"}],"wp:attachment":[{"href":"https:\/\/ave-eta-canada.com\/de\/wp-json\/wp\/v2\/media?parent=937"}],"curies":[{"name":"wp","href":"https:\/\/api.w.org\/{rel}","templated":true}]}}